{"id":907,"date":"2015-01-26T15:57:05","date_gmt":"2015-01-26T15:57:05","guid":{"rendered":"http:\/\/newsite.gardenhotel.it\/servizi\/internet-point-e-wifi\/"},"modified":"2016-06-29T12:47:21","modified_gmt":"2016-06-29T12:47:21","slug":"internet-point-e-wifi","status":"publish","type":"page","link":"https:\/\/www.hotelitalia-siena.it\/pt-br\/servicos\/internet-point-e-wifi\/","title":{"rendered":"Internet Point e WiFi"},"content":{"rendered":"<p>[et_pb_section admin_label=&#8221;section&#8221; fullwidth=&#8221;on&#8221; specialty=&#8221;off&#8221; transparent_background=&#8221;off&#8221; background_color=&#8221;#ffffff&#8221; inner_shadow=&#8221;off&#8221; parallax=&#8221;off&#8221; parallax_method=&#8221;off&#8221; module_class=&#8221;home_header_slide&#8221;][et_pb_fullwidth_slider admin_label=&#8221;Fullwidth Slider&#8221; show_arrows=&#8221;off&#8221; show_pagination=&#8221;off&#8221; auto=&#8221;off&#8221; parallax=&#8221;off&#8221; parallax_method=&#8221;off&#8221;]<\/p>\n<p>[et_pb_slide background_image=&#8221;https:\/\/www.hotelitalia-siena.it\/wp-content\/uploads\/2015\/01\/A3A0169.jpg&#8221; background_color=&#8221;#ffffff&#8221; alignment=&#8221;center&#8221; background_layout=&#8221;dark&#8221; \/]<\/p>\n<p>[\/et_pb_fullwidth_slider][\/et_pb_section][et_pb_section admin_label=&#8221;section&#8221; fullwidth=&#8221;off&#8221; specialty=&#8221;off&#8221; transparent_background=&#8221;off&#8221; background_color=&#8221;#ffffff&#8221; inner_shadow=&#8221;off&#8221; parallax=&#8221;off&#8221; parallax_method=&#8221;off&#8221; module_id=&#8221;h-booking_container&#8221;][et_pb_row admin_label=&#8221;row&#8221;][et_pb_column type=&#8221;4_4&#8243;][et_pb_sidebar admin_label=&#8221;Sidebar&#8221; orientation=&#8221;left&#8221; area=&#8221;et_pb_widget_area_1&#8243; background_layout=&#8221;light&#8221;]<\/p>\n<p>[\/et_pb_sidebar][\/et_pb_column][\/et_pb_row][\/et_pb_section][et_pb_section admin_label=&#8221;section&#8221; fullwidth=&#8221;off&#8221; specialty=&#8221;off&#8221; transparent_background=&#8221;off&#8221; background_color=&#8221;#ffffff&#8221; inner_shadow=&#8221;off&#8221; parallax=&#8221;off&#8221; parallax_method=&#8221;off&#8221; module_class=&#8221;room_block&#8221;][et_pb_row admin_label=&#8221;row&#8221;][et_pb_column type=&#8221;4_4&#8243;][et_pb_text admin_label=&#8221;Text&#8221; background_layout=&#8221;light&#8221; text_orientation=&#8221;left&#8221; use_border_color=&#8221;off&#8221; border_color=&#8221;#ffffff&#8221; border_style=&#8221;solid&#8221;]<\/p>\n<h1>Internet Point e Wi-Fi<\/h1>\n<p>Rede IRTP: internet r\u00e1pida por toda parte! A nossa rede Wi-Fi n\u00e3o \u00e9 brincadeira. \u00c9 uma conex\u00e3o de alta fidelidade que permite que voc\u00ea nave-gue rapidamente com banda larga garantida e fa\u00e7a o melhor uso de seus dispositivos m\u00f3veis. Voc\u00ea tamb\u00e9m pode usar o internet point com impressora,localizado no sagu\u00e3o.<br \/>Ambos os servi\u00e7os s\u00e3o totalmente\u00a0<strong>GR\u00c1TIS!<\/strong><\/p>\n<p>[\/et_pb_text][\/et_pb_column][\/et_pb_row][et_pb_row admin_label=&#8221;row&#8221;][et_pb_column type=&#8221;4_4&#8243;][et_pb_gallery admin_label=&#8221;Gallery&#8221; gallery_ids=&#8221;5538,5544&#8243; fullwidth=&#8221;off&#8221; posts_number=&#8221;2&#8243; show_title_and_caption=&#8221;on&#8221; show_pagination=&#8221;off&#8221; background_layout=&#8221;light&#8221; auto=&#8221;off&#8221; hover_overlay_color=&#8221;rgba(255,255,255,0.9)&#8221; caption_all_caps=&#8221;off&#8221; use_border_color=&#8221;off&#8221; border_color=&#8221;#ffffff&#8221; border_style=&#8221;solid&#8221;]<\/p>\n<p>[\/et_pb_gallery][\/et_pb_column][\/et_pb_row][et_pb_row admin_label=&#8221;row&#8221;][et_pb_column type=&#8221;4_4&#8243;][et_pb_text admin_label=&#8221;Text&#8221; background_layout=&#8221;light&#8221; text_orientation=&#8221;left&#8221;]<\/p>\n<p>[\/et_pb_text][\/et_pb_column][\/et_pb_row][\/et_pb_section]<\/p>\n","protected":false},"excerpt":{"rendered":"<p>Internet Point e Wi-FiRede IRTP: internet r\u00e1pida por toda parte! A nossa rede Wi-Fi n\u00e3o \u00e9 brincadeira. \u00c9 uma conex\u00e3o de alta fidelidade que permite que voc\u00ea nave-gue rapidamente com banda larga garantida e fa\u00e7a o melhor uso de seus dispositivos m\u00f3veis. Voc\u00ea tamb\u00e9m pode usar o internet point com impressora,localizado no sagu\u00e3o.Ambos os servi\u00e7os [&hellip;]<\/p>\n","protected":false},"author":1,"featured_media":0,"parent":867,"menu_order":0,"comment_status":"closed","ping_status":"closed","template":"","meta":{"_acf_changed":false,"_et_pb_use_builder":"on","_et_pb_old_content":"","_et_gb_content_width":"","footnotes":""},"acf":[],"yoast_head":"<!-- This site is optimized with the Yoast SEO plugin v23.0 - https:\/\/yoast.com\/wordpress\/plugins\/seo\/ -->\n<title>Hotel Siena com Wifi - Hotel Italia<\/title>\n<meta name=\"description\" content=\"Est\u00e1 \u00e0 procura de um hotel em Siena com Wi-Fi para navegar na Internet em alta velocidade, trabalhar e se divertir? Venha nos visitar no Hotel Italia!\" \/>\n<meta name=\"robots\" content=\"index, follow, max-snippet:-1, max-image-preview:large, max-video-preview:-1\" \/>\n<link rel=\"canonical\" href=\"https:\/\/www.hotelitalia-siena.it\/pt-br\/servicos\/internet-point-e-wifi\/\" \/>\n<meta property=\"og:locale\" content=\"pt_BR\" \/>\n<meta property=\"og:type\" content=\"article\" \/>\n<meta property=\"og:title\" content=\"Hotel Siena com Wifi - Hotel Italia\" \/>\n<meta property=\"og:description\" content=\"Est\u00e1 \u00e0 procura de um hotel em Siena com Wi-Fi para navegar na Internet em alta velocidade, trabalhar e se divertir? Venha nos visitar no Hotel Italia!\" \/>\n<meta property=\"og:url\" content=\"https:\/\/www.hotelitalia-siena.it\/pt-br\/servicos\/internet-point-e-wifi\/\" \/>\n<meta property=\"og:site_name\" content=\"Hotel Italia Siena\" \/>\n<meta property=\"article:publisher\" content=\"https:\/\/www.facebook.com\/hotelitaliasiena\/\" \/>\n<meta property=\"article:modified_time\" content=\"2016-06-29T12:47:21+00:00\" \/>\n<meta property=\"og:image\" content=\"https:\/\/www.hotelitalia-siena.it\/wp-content\/uploads\/2015\/01\/header-privacy-policy.jpg\" \/>\n\t<meta property=\"og:image:width\" content=\"2000\" \/>\n\t<meta property=\"og:image:height\" content=\"705\" \/>\n\t<meta property=\"og:image:type\" content=\"image\/jpeg\" \/>\n<meta name=\"twitter:label1\" content=\"Est. tempo de leitura\" \/>\n\t<meta name=\"twitter:data1\" content=\"2 minutos\" \/>\n<script type=\"application\/ld+json\" class=\"yoast-schema-graph\">{\"@context\":\"https:\/\/schema.org\",\"@graph\":[{\"@type\":\"WebPage\",\"@id\":\"https:\/\/www.hotelitalia-siena.it\/pt-br\/servicos\/internet-point-e-wifi\/\",\"url\":\"https:\/\/www.hotelitalia-siena.it\/pt-br\/servicos\/internet-point-e-wifi\/\",\"name\":\"Hotel Siena com Wifi - Hotel Italia\",\"isPartOf\":{\"@id\":\"https:\/\/www.hotelitalia-siena.it\/#website\"},\"datePublished\":\"2015-01-26T15:57:05+00:00\",\"dateModified\":\"2016-06-29T12:47:21+00:00\",\"description\":\"Est\u00e1 \u00e0 procura de um hotel em Siena com Wi-Fi para navegar na Internet em alta velocidade, trabalhar e se divertir? Venha nos visitar no Hotel Italia!\",\"breadcrumb\":{\"@id\":\"https:\/\/www.hotelitalia-siena.it\/pt-br\/servicos\/internet-point-e-wifi\/#breadcrumb\"},\"inLanguage\":\"pt-BR\",\"potentialAction\":[{\"@type\":\"ReadAction\",\"target\":[\"https:\/\/www.hotelitalia-siena.it\/pt-br\/servicos\/internet-point-e-wifi\/\"]}]},{\"@type\":\"BreadcrumbList\",\"@id\":\"https:\/\/www.hotelitalia-siena.it\/pt-br\/servicos\/internet-point-e-wifi\/#breadcrumb\",\"itemListElement\":[{\"@type\":\"ListItem\",\"position\":1,\"name\":\"Hotel Italia\",\"item\":\"https:\/\/www.hotelitalia-siena.it\/pt-br\/\"},{\"@type\":\"ListItem\",\"position\":2,\"name\":\"Servi\u00e7os\",\"item\":\"https:\/\/www.hotelitalia-siena.it\/pt-br\/servicos\/\"},{\"@type\":\"ListItem\",\"position\":3,\"name\":\"Internet Point e WiFi\"}]},{\"@type\":\"WebSite\",\"@id\":\"https:\/\/www.hotelitalia-siena.it\/#website\",\"url\":\"https:\/\/www.hotelitalia-siena.it\/\",\"name\":\"Hotel Italia Siena\",\"description\":\"Just another WordPress site\",\"publisher\":{\"@id\":\"https:\/\/www.hotelitalia-siena.it\/#organization\"},\"potentialAction\":[{\"@type\":\"SearchAction\",\"target\":{\"@type\":\"EntryPoint\",\"urlTemplate\":\"https:\/\/www.hotelitalia-siena.it\/?s={search_term_string}\"},\"query-input\":\"required name=search_term_string\"}],\"inLanguage\":\"pt-BR\"},{\"@type\":\"Organization\",\"@id\":\"https:\/\/www.hotelitalia-siena.it\/#organization\",\"name\":\"Hotel Italia SpA\",\"url\":\"https:\/\/www.hotelitalia-siena.it\/\",\"logo\":{\"@type\":\"ImageObject\",\"inLanguage\":\"pt-BR\",\"@id\":\"https:\/\/www.hotelitalia-siena.it\/#\/schema\/logo\/image\/\",\"url\":\"https:\/\/www.hotelitalia-siena.it\/wp-content\/uploads\/2018\/04\/hotel-italia-siena-logo.png\",\"contentUrl\":\"https:\/\/www.hotelitalia-siena.it\/wp-content\/uploads\/2018\/04\/hotel-italia-siena-logo.png\",\"width\":147,\"height\":102,\"caption\":\"Hotel Italia SpA\"},\"image\":{\"@id\":\"https:\/\/www.hotelitalia-siena.it\/#\/schema\/logo\/image\/\"},\"sameAs\":[\"https:\/\/www.facebook.com\/hotelitaliasiena\/\"]}]}<\/script>\n<!-- \/ Yoast SEO plugin. -->","yoast_head_json":{"title":"Hotel Siena com Wifi - Hotel Italia","description":"Est\u00e1 \u00e0 procura de um hotel em Siena com Wi-Fi para navegar na Internet em alta velocidade, trabalhar e se divertir? Venha nos visitar no Hotel Italia!","robots":{"index":"index","follow":"follow","max-snippet":"max-snippet:-1","max-image-preview":"max-image-preview:large","max-video-preview":"max-video-preview:-1"},"canonical":"https:\/\/www.hotelitalia-siena.it\/pt-br\/servicos\/internet-point-e-wifi\/","og_locale":"pt_BR","og_type":"article","og_title":"Hotel Siena com Wifi - Hotel Italia","og_description":"Est\u00e1 \u00e0 procura de um hotel em Siena com Wi-Fi para navegar na Internet em alta velocidade, trabalhar e se divertir? Venha nos visitar no Hotel Italia!","og_url":"https:\/\/www.hotelitalia-siena.it\/pt-br\/servicos\/internet-point-e-wifi\/","og_site_name":"Hotel Italia Siena","article_publisher":"https:\/\/www.facebook.com\/hotelitaliasiena\/","article_modified_time":"2016-06-29T12:47:21+00:00","og_image":[{"width":2000,"height":705,"url":"https:\/\/www.hotelitalia-siena.it\/wp-content\/uploads\/2015\/01\/header-privacy-policy.jpg","type":"image\/jpeg"}],"twitter_misc":{"Est. tempo de leitura":"2 minutos"},"schema":{"@context":"https:\/\/schema.org","@graph":[{"@type":"WebPage","@id":"https:\/\/www.hotelitalia-siena.it\/pt-br\/servicos\/internet-point-e-wifi\/","url":"https:\/\/www.hotelitalia-siena.it\/pt-br\/servicos\/internet-point-e-wifi\/","name":"Hotel Siena com Wifi - Hotel Italia","isPartOf":{"@id":"https:\/\/www.hotelitalia-siena.it\/#website"},"datePublished":"2015-01-26T15:57:05+00:00","dateModified":"2016-06-29T12:47:21+00:00","description":"Est\u00e1 \u00e0 procura de um hotel em Siena com Wi-Fi para navegar na Internet em alta velocidade, trabalhar e se divertir? Venha nos visitar no Hotel Italia!","breadcrumb":{"@id":"https:\/\/www.hotelitalia-siena.it\/pt-br\/servicos\/internet-point-e-wifi\/#breadcrumb"},"inLanguage":"pt-BR","potentialAction":[{"@type":"ReadAction","target":["https:\/\/www.hotelitalia-siena.it\/pt-br\/servicos\/internet-point-e-wifi\/"]}]},{"@type":"BreadcrumbList","@id":"https:\/\/www.hotelitalia-siena.it\/pt-br\/servicos\/internet-point-e-wifi\/#breadcrumb","itemListElement":[{"@type":"ListItem","position":1,"name":"Hotel Italia","item":"https:\/\/www.hotelitalia-siena.it\/pt-br\/"},{"@type":"ListItem","position":2,"name":"Servi\u00e7os","item":"https:\/\/www.hotelitalia-siena.it\/pt-br\/servicos\/"},{"@type":"ListItem","position":3,"name":"Internet Point e WiFi"}]},{"@type":"WebSite","@id":"https:\/\/www.hotelitalia-siena.it\/#website","url":"https:\/\/www.hotelitalia-siena.it\/","name":"Hotel Italia Siena","description":"Just another WordPress site","publisher":{"@id":"https:\/\/www.hotelitalia-siena.it\/#organization"},"potentialAction":[{"@type":"SearchAction","target":{"@type":"EntryPoint","urlTemplate":"https:\/\/www.hotelitalia-siena.it\/?s={search_term_string}"},"query-input":"required name=search_term_string"}],"inLanguage":"pt-BR"},{"@type":"Organization","@id":"https:\/\/www.hotelitalia-siena.it\/#organization","name":"Hotel Italia SpA","url":"https:\/\/www.hotelitalia-siena.it\/","logo":{"@type":"ImageObject","inLanguage":"pt-BR","@id":"https:\/\/www.hotelitalia-siena.it\/#\/schema\/logo\/image\/","url":"https:\/\/www.hotelitalia-siena.it\/wp-content\/uploads\/2018\/04\/hotel-italia-siena-logo.png","contentUrl":"https:\/\/www.hotelitalia-siena.it\/wp-content\/uploads\/2018\/04\/hotel-italia-siena-logo.png","width":147,"height":102,"caption":"Hotel Italia SpA"},"image":{"@id":"https:\/\/www.hotelitalia-siena.it\/#\/schema\/logo\/image\/"},"sameAs":["https:\/\/www.facebook.com\/hotelitaliasiena\/"]}]}},"_links":{"self":[{"href":"https:\/\/www.hotelitalia-siena.it\/pt-br\/wp-json\/wp\/v2\/pages\/907"}],"collection":[{"href":"https:\/\/www.hotelitalia-siena.it\/pt-br\/wp-json\/wp\/v2\/pages"}],"about":[{"href":"https:\/\/www.hotelitalia-siena.it\/pt-br\/wp-json\/wp\/v2\/types\/page"}],"author":[{"embeddable":true,"href":"https:\/\/www.hotelitalia-siena.it\/pt-br\/wp-json\/wp\/v2\/users\/1"}],"replies":[{"embeddable":true,"href":"https:\/\/www.hotelitalia-siena.it\/pt-br\/wp-json\/wp\/v2\/comments?post=907"}],"version-history":[{"count":0,"href":"https:\/\/www.hotelitalia-siena.it\/pt-br\/wp-json\/wp\/v2\/pages\/907\/revisions"}],"up":[{"embeddable":true,"href":"https:\/\/www.hotelitalia-siena.it\/pt-br\/wp-json\/wp\/v2\/pages\/867"}],"wp:attachment":[{"href":"https:\/\/www.hotelitalia-siena.it\/pt-br\/wp-json\/wp\/v2\/media?parent=907"}],"curies":[{"name":"wp","href":"https:\/\/api.w.org\/{rel}","templated":true}]}}