{"id":8472,"date":"2015-11-19T13:44:04","date_gmt":"2015-11-19T13:44:04","guid":{"rendered":"http:\/\/www.hotelitalia-siena.it\/mappa-del-sito-2\/"},"modified":"2018-06-13T16:56:10","modified_gmt":"2018-06-13T16:56:10","slug":"mapa-do-site","status":"publish","type":"page","link":"https:\/\/www.hotelitalia-siena.it\/pt-br\/mapa-do-site\/","title":{"rendered":"Mapa do site"},"content":{"rendered":"<p>[et_pb_section admin_label=&#8221;section&#8221; fullwidth=&#8221;on&#8221; specialty=&#8221;off&#8221; transparent_background=&#8221;off&#8221; background_color=&#8221;#ffffff&#8221; inner_shadow=&#8221;off&#8221; parallax=&#8221;off&#8221; parallax_method=&#8221;off&#8221; module_class=&#8221;home_header_slide&#8221;][et_pb_fullwidth_slider admin_label=&#8221;Fullwidth Slider&#8221; show_arrows=&#8221;off&#8221; show_pagination=&#8221;off&#8221; auto=&#8221;off&#8221; parallax=&#8221;off&#8221; parallax_method=&#8221;off&#8221;]<\/p>\n<p>[et_pb_slide background_image=&#8221;https:\/\/www.hotelitalia-siena.it\/wp-content\/uploads\/2015\/01\/header-privacy-policy.jpg&#8221; background_color=&#8221;#ffffff&#8221; alignment=&#8221;center&#8221; background_layout=&#8221;dark&#8221; \/]<\/p>\n<p>[\/et_pb_fullwidth_slider][\/et_pb_section][et_pb_section admin_label=&#8221;section&#8221; fullwidth=&#8221;off&#8221; specialty=&#8221;off&#8221; transparent_background=&#8221;off&#8221; background_color=&#8221;#ffffff&#8221; inner_shadow=&#8221;off&#8221; parallax=&#8221;off&#8221; parallax_method=&#8221;off&#8221; module_id=&#8221;h-booking_container&#8221;][et_pb_row admin_label=&#8221;row&#8221;][et_pb_column type=&#8221;4_4&#8243;][et_pb_sidebar admin_label=&#8221;Sidebar&#8221; orientation=&#8221;left&#8221; area=&#8221;et_pb_widget_area_1&#8243; background_layout=&#8221;light&#8221;]<\/p>\n<p>[\/et_pb_sidebar][\/et_pb_column][\/et_pb_row][\/et_pb_section][et_pb_section admin_label=&#8221;section&#8221; fullwidth=&#8221;off&#8221; specialty=&#8221;off&#8221; transparent_background=&#8221;off&#8221; background_color=&#8221;#ffffff&#8221; inner_shadow=&#8221;off&#8221; parallax=&#8221;off&#8221; parallax_method=&#8221;off&#8221; module_class=&#8221;room_block&#8221;][et_pb_row admin_label=&#8221;row&#8221;][et_pb_column type=&#8221;4_4&#8243;][et_pb_text admin_label=&#8221;Text&#8221; background_layout=&#8221;light&#8221; text_orientation=&#8221;left&#8221; use_border_color=&#8221;off&#8221; border_color=&#8221;#ffffff&#8221; border_style=&#8221;solid&#8221;]<\/p>\n<h2>P\u00e1ginas<\/h2><ul id=\"htmlmap_pages\"><li ><a href=\"https:\/\/www.hotelitalia-siena.it\/pt-br\/como-chegar\/\" title=\"Como chegar\"><strong>Como chegar<\/strong><\/a><\/li><li ><a href=\"https:\/\/www.hotelitalia-siena.it\/pt-br\/contatos\/\" title=\"Contatos\"><strong>Contatos<\/strong><\/a><\/li><li ><a href=\"https:\/\/www.hotelitalia-siena.it\/pt-br\/cookie-policy\/\" title=\"Cookie Policy\"><strong>Cookie Policy<\/strong><\/a><\/li><li ><a href=\"https:\/\/www.hotelitalia-siena.it\/pt-br\/cookies-policy\/\" title=\"Cookies policy\"><strong>Cookies policy<\/strong><\/a><\/li><li ><a href=\"https:\/\/www.hotelitalia-siena.it\/pt-br\/galeria\/\" title=\"Galeria\"><strong>Galeria<\/strong><\/a><\/li><li ><a href=\"https:\/\/www.hotelitalia-siena.it\/pt-br\/hotel\/\" title=\"Hotel\"><strong>Hotel<\/strong><\/a><\/li><li style='margin-left:20px;'><a href=\"https:\/\/www.hotelitalia-siena.it\/pt-br\/hotel\/equipe\/\" title=\"Equipe\">Equipe<\/a><\/li><li style='margin-left:20px;'><a href=\"https:\/\/www.hotelitalia-siena.it\/pt-br\/hotel\/por-que-nos-escolher\/\" title=\"Por que nos escolher\">Por que nos escolher<\/a><\/li><li ><a href=\"https:\/\/www.hotelitalia-siena.it\/pt-br\/localizacao\/\" title=\"Localiza\u00e7\u00e3o\"><strong>Localiza\u00e7\u00e3o<\/strong><\/a><\/li><li ><a href=\"https:\/\/www.hotelitalia-siena.it\/pt-br\/mapa-do-site\/\" title=\"Mapa do site\"><strong>Mapa do site<\/strong><\/a><\/li><li ><a href=\"https:\/\/www.hotelitalia-siena.it\/pt-br\/newsletter\/\" title=\"Newsletter\"><strong>Newsletter<\/strong><\/a><\/li><li ><a href=\"https:\/\/www.hotelitalia-siena.it\/pt-br\/\" title=\"P\u00e1gina inicial\"><strong>P\u00e1gina inicial<\/strong><\/a><\/li><li ><a href=\"https:\/\/www.hotelitalia-siena.it\/pt-br\/politicas-de-privacidade\/\" title=\"Pol\u00edtica de Privacidade\"><strong>Pol\u00edtica de Privacidade<\/strong><\/a><\/li><li ><a href=\"https:\/\/www.hotelitalia-siena.it\/pt-br\/prezzi\/\" title=\"Pre\u00e7os\"><strong>Pre\u00e7os<\/strong><\/a><\/li><li ><a href=\"https:\/\/www.hotelitalia-siena.it\/pt-br\/quartos\/\" title=\"Quartos\"><strong>Quartos<\/strong><\/a><\/li><li style='margin-left:20px;'><a href=\"https:\/\/www.hotelitalia-siena.it\/pt-br\/quartos\/executivo\/\" title=\"Executivo\">Executivo<\/a><\/li><li style='margin-left:20px;'><a href=\"https:\/\/www.hotelitalia-siena.it\/pt-br\/quartos\/love-room\/\" title=\"Love Room\">Love Room<\/a><\/li><li style='margin-left:20px;'><a href=\"https:\/\/www.hotelitalia-siena.it\/pt-br\/quartos\/standard\/\" title=\"Standard\">Standard<\/a><\/li><li style='margin-left:20px;'><a href=\"https:\/\/www.hotelitalia-siena.it\/pt-br\/quartos\/junior-suite\/\" title=\"Su\u00edte J\u00fanior\">Su\u00edte J\u00fanior<\/a><\/li><li style='margin-left:20px;'><a href=\"https:\/\/www.hotelitalia-siena.it\/pt-br\/quartos\/superior\/\" title=\"Superior\">Superior<\/a><\/li><li ><a href=\"https:\/\/www.hotelitalia-siena.it\/pt-br\/servicos\/\" title=\"Servi\u00e7os\"><strong>Servi\u00e7os<\/strong><\/a><\/li><li style='margin-left:20px;'><a href=\"https:\/\/www.hotelitalia-siena.it\/pt-br\/servicos\/animais-de-estimacao-sao-permitidos\/\" title=\"Animais de estima\u00e7\u00e3o s\u00e3o permitidos\">Animais de estima\u00e7\u00e3o s\u00e3o permitidos<\/a><\/li><li style='margin-left:20px;'><a href=\"https:\/\/www.hotelitalia-siena.it\/pt-br\/servicos\/atividades-esportivas\/\" title=\"Atividades esportivas\">Atividades esportivas<\/a><\/li><li style='margin-left:20px;'><a href=\"https:\/\/www.hotelitalia-siena.it\/pt-br\/servicos\/bagagem\/\" title=\"Bagagem\">Bagagem<\/a><\/li><li style='margin-left:20px;'><a href=\"https:\/\/www.hotelitalia-siena.it\/pt-br\/servicos\/cafe-da-manha\/\" title=\"Caf\u00e9 da manh\u00e3\">Caf\u00e9 da manh\u00e3<\/a><\/li><li style='margin-left:20px;'><a href=\"https:\/\/www.hotelitalia-siena.it\/pt-br\/servicos\/coffee-corner\/\" title=\"Cantinho de leitura\">Cantinho de leitura<\/a><\/li><li style='margin-left:20px;'><a href=\"https:\/\/www.hotelitalia-siena.it\/pt-br\/servicos\/cantinho-do-cafe-e-macas-de-boas-vindas\/\" title=\"Cantinho do caf\u00e9 e ma\u00e7\u00e3s de boas-vindas\">Cantinho do caf\u00e9 e ma\u00e7\u00e3s de boas-vindas<\/a><\/li><li style='margin-left:20px;'><a href=\"https:\/\/www.hotelitalia-siena.it\/pt-br\/servicos\/estacionamento-privativo\/\" title=\"Estacionamento privativo\">Estacionamento privativo<\/a><\/li><li style='margin-left:20px;'><a href=\"https:\/\/www.hotelitalia-siena.it\/pt-br\/servicos\/internet-point-e-wifi\/\" title=\"Internet Point e WiFi\">Internet Point e WiFi<\/a><\/li><li style='margin-left:20px;'><a href=\"https:\/\/www.hotelitalia-siena.it\/pt-br\/servicos\/produtos-veganos-e-sem-gluten\/\" title=\"Produtos veganos e sem gl\u00faten\">Produtos veganos e sem gl\u00faten<\/a><\/li><li style='margin-left:20px;'><a href=\"https:\/\/www.hotelitalia-siena.it\/pt-br\/servicos\/refeicoes\/\" title=\"Refei\u00e7\u00f5es\">Refei\u00e7\u00f5es<\/a><\/li><li style='margin-left:20px;'><a href=\"https:\/\/www.hotelitalia-siena.it\/pt-br\/servicos\/porteiro\/\" title=\"Servi\u00e7o de concierge\">Servi\u00e7o de concierge<\/a><\/li><li style='margin-left:20px;'><a href=\"https:\/\/www.hotelitalia-siena.it\/pt-br\/servicos\/sky-vision\/\" title=\"SKY Vision\">SKY Vision<\/a><\/li><li ><a href=\"https:\/\/www.hotelitalia-siena.it\/pt-br\/tempo-libero\/\" title=\"Tempo livre\"><strong>Tempo livre<\/strong><\/a><\/li><\/ul><div id=\"htmlmap_posts\">\n<\/div>\n<h2><a href=\"https:\/\/www.hotelitalia-siena.it\/pt-br\/depoimentos\/\">Depoimentos<\/a><\/h2>\n<p>[\/et_pb_text][\/et_pb_column][\/et_pb_row][et_pb_row admin_label=&#8221;row&#8221;][et_pb_column type=&#8221;4_4&#8243;][et_pb_text admin_label=&#8221;Text&#8221; background_layout=&#8221;light&#8221; text_orientation=&#8221;left&#8221;]<\/p>\n<p>[\/et_pb_text][\/et_pb_column][\/et_pb_row][\/et_pb_section]<\/p>\n","protected":false},"excerpt":{"rendered":"<p><h2>P\u00e1ginas<\/h2><ul id=\"htmlmap_pages\"><li ><a href=\"https:\/\/www.hotelitalia-siena.it\/pt-br\/como-chegar\/\" title=\"Como chegar\"><strong>Como chegar<\/strong><\/a><\/li><li ><a href=\"https:\/\/www.hotelitalia-siena.it\/pt-br\/contatos\/\" title=\"Contatos\"><strong>Contatos<\/strong><\/a><\/li><li ><a href=\"https:\/\/www.hotelitalia-siena.it\/pt-br\/cookie-policy\/\" title=\"Cookie Policy\"><strong>Cookie Policy<\/strong><\/a><\/li><li ><a href=\"https:\/\/www.hotelitalia-siena.it\/pt-br\/cookies-policy\/\" title=\"Cookies policy\"><strong>Cookies policy<\/strong><\/a><\/li><li ><a href=\"https:\/\/www.hotelitalia-siena.it\/pt-br\/galeria\/\" title=\"Galeria\"><strong>Galeria<\/strong><\/a><\/li><li ><a href=\"https:\/\/www.hotelitalia-siena.it\/pt-br\/hotel\/\" title=\"Hotel\"><strong>Hotel<\/strong><\/a><\/li><li style='margin-left:20px;'><a href=\"https:\/\/www.hotelitalia-siena.it\/pt-br\/hotel\/equipe\/\" title=\"Equipe\">Equipe<\/a><\/li><li style='margin-left:20px;'><a href=\"https:\/\/www.hotelitalia-siena.it\/pt-br\/hotel\/por-que-nos-escolher\/\" title=\"Por que nos escolher\">Por que nos escolher<\/a><\/li><li ><a href=\"https:\/\/www.hotelitalia-siena.it\/pt-br\/localizacao\/\" title=\"Localiza\u00e7\u00e3o\"><strong>Localiza\u00e7\u00e3o<\/strong><\/a><\/li><li ><a href=\"https:\/\/www.hotelitalia-siena.it\/pt-br\/mapa-do-site\/\" title=\"Mapa do site\"><strong>Mapa do site<\/strong><\/a><\/li><li ><a href=\"https:\/\/www.hotelitalia-siena.it\/pt-br\/newsletter\/\" title=\"Newsletter\"><strong>Newsletter<\/strong><\/a><\/li><li ><a href=\"https:\/\/www.hotelitalia-siena.it\/pt-br\/\" title=\"P\u00e1gina inicial\"><strong>P\u00e1gina inicial<\/strong><\/a><\/li><li ><a href=\"https:\/\/www.hotelitalia-siena.it\/pt-br\/politicas-de-privacidade\/\" title=\"Pol\u00edtica de Privacidade\"><strong>Pol\u00edtica de Privacidade<\/strong><\/a><\/li><li ><a href=\"https:\/\/www.hotelitalia-siena.it\/pt-br\/prezzi\/\" title=\"Pre\u00e7os\"><strong>Pre\u00e7os<\/strong><\/a><\/li><li ><a href=\"https:\/\/www.hotelitalia-siena.it\/pt-br\/quartos\/\" title=\"Quartos\"><strong>Quartos<\/strong><\/a><\/li><li style='margin-left:20px;'><a href=\"https:\/\/www.hotelitalia-siena.it\/pt-br\/quartos\/executivo\/\" title=\"Executivo\">Executivo<\/a><\/li><li style='margin-left:20px;'><a href=\"https:\/\/www.hotelitalia-siena.it\/pt-br\/quartos\/love-room\/\" title=\"Love Room\">Love Room<\/a><\/li><li style='margin-left:20px;'><a href=\"https:\/\/www.hotelitalia-siena.it\/pt-br\/quartos\/standard\/\" title=\"Standard\">Standard<\/a><\/li><li style='margin-left:20px;'><a href=\"https:\/\/www.hotelitalia-siena.it\/pt-br\/quartos\/junior-suite\/\" title=\"Su\u00edte J\u00fanior\">Su\u00edte J\u00fanior<\/a><\/li><li style='margin-left:20px;'><a href=\"https:\/\/www.hotelitalia-siena.it\/pt-br\/quartos\/superior\/\" title=\"Superior\">Superior<\/a><\/li><li ><a href=\"https:\/\/www.hotelitalia-siena.it\/pt-br\/servicos\/\" title=\"Servi\u00e7os\"><strong>Servi\u00e7os<\/strong><\/a><\/li><li style='margin-left:20px;'><a href=\"https:\/\/www.hotelitalia-siena.it\/pt-br\/servicos\/animais-de-estimacao-sao-permitidos\/\" title=\"Animais de estima\u00e7\u00e3o s\u00e3o permitidos\">Animais de estima\u00e7\u00e3o s\u00e3o permitidos<\/a><\/li><li style='margin-left:20px;'><a href=\"https:\/\/www.hotelitalia-siena.it\/pt-br\/servicos\/atividades-esportivas\/\" title=\"Atividades esportivas\">Atividades esportivas<\/a><\/li><li style='margin-left:20px;'><a href=\"https:\/\/www.hotelitalia-siena.it\/pt-br\/servicos\/bagagem\/\" title=\"Bagagem\">Bagagem<\/a><\/li><li style='margin-left:20px;'><a href=\"https:\/\/www.hotelitalia-siena.it\/pt-br\/servicos\/cafe-da-manha\/\" title=\"Caf\u00e9 da manh\u00e3\">Caf\u00e9 da manh\u00e3<\/a><\/li><li style='margin-left:20px;'><a href=\"https:\/\/www.hotelitalia-siena.it\/pt-br\/servicos\/coffee-corner\/\" title=\"Cantinho de leitura\">Cantinho de leitura<\/a><\/li><li style='margin-left:20px;'><a href=\"https:\/\/www.hotelitalia-siena.it\/pt-br\/servicos\/cantinho-do-cafe-e-macas-de-boas-vindas\/\" title=\"Cantinho do caf\u00e9 e ma\u00e7\u00e3s de boas-vindas\">Cantinho do caf\u00e9 e ma\u00e7\u00e3s de boas-vindas<\/a><\/li><li style='margin-left:20px;'><a href=\"https:\/\/www.hotelitalia-siena.it\/pt-br\/servicos\/estacionamento-privativo\/\" title=\"Estacionamento privativo\">Estacionamento privativo<\/a><\/li><li style='margin-left:20px;'><a href=\"https:\/\/www.hotelitalia-siena.it\/pt-br\/servicos\/internet-point-e-wifi\/\" title=\"Internet Point e WiFi\">Internet Point e WiFi<\/a><\/li><li style='margin-left:20px;'><a href=\"https:\/\/www.hotelitalia-siena.it\/pt-br\/servicos\/produtos-veganos-e-sem-gluten\/\" title=\"Produtos veganos e sem gl\u00faten\">Produtos veganos e sem gl\u00faten<\/a><\/li><li style='margin-left:20px;'><a href=\"https:\/\/www.hotelitalia-siena.it\/pt-br\/servicos\/refeicoes\/\" title=\"Refei\u00e7\u00f5es\">Refei\u00e7\u00f5es<\/a><\/li><li style='margin-left:20px;'><a href=\"https:\/\/www.hotelitalia-siena.it\/pt-br\/servicos\/porteiro\/\" title=\"Servi\u00e7o de concierge\">Servi\u00e7o de concierge<\/a><\/li><li style='margin-left:20px;'><a href=\"https:\/\/www.hotelitalia-siena.it\/pt-br\/servicos\/sky-vision\/\" title=\"SKY Vision\">SKY Vision<\/a><\/li><li ><a href=\"https:\/\/www.hotelitalia-siena.it\/pt-br\/tempo-libero\/\" title=\"Tempo livre\"><strong>Tempo livre<\/strong><\/a><\/li><\/ul><div id=\"htmlmap_posts\">\n<\/div> Depoimentos<\/p>\n","protected":false},"author":1,"featured_media":0,"parent":0,"menu_order":0,"comment_status":"closed","ping_status":"closed","template":"","meta":{"_acf_changed":false,"_et_pb_use_builder":"on","_et_pb_old_content":"","_et_gb_content_width":"","footnotes":""},"acf":[],"yoast_head":"<!-- This site is optimized with the Yoast SEO plugin v23.0 - https:\/\/yoast.com\/wordpress\/plugins\/seo\/ -->\n<title>Mapa do Site - Hotel Italia<\/title>\n<meta name=\"description\" content=\"Consulte o mapa do site Hotel Italia in Siena para acessar de forma r\u00e1pida e f\u00e1cil o conte\u00fado de seu interesse.\" \/>\n<meta name=\"robots\" content=\"index, follow, max-snippet:-1, max-image-preview:large, max-video-preview:-1\" \/>\n<link rel=\"canonical\" href=\"https:\/\/www.hotelitalia-siena.it\/pt-br\/mapa-do-site\/\" \/>\n<meta property=\"og:locale\" content=\"pt_BR\" \/>\n<meta property=\"og:type\" content=\"article\" \/>\n<meta property=\"og:title\" content=\"Mapa do Site - Hotel Italia\" \/>\n<meta property=\"og:description\" content=\"Consulte o mapa do site Hotel Italia in Siena para acessar de forma r\u00e1pida e f\u00e1cil o conte\u00fado de seu interesse.\" \/>\n<meta property=\"og:url\" content=\"https:\/\/www.hotelitalia-siena.it\/pt-br\/mapa-do-site\/\" \/>\n<meta property=\"og:site_name\" content=\"Hotel Italia Siena\" \/>\n<meta property=\"article:publisher\" content=\"https:\/\/www.facebook.com\/hotelitaliasiena\/\" \/>\n<meta property=\"article:modified_time\" content=\"2018-06-13T16:56:10+00:00\" \/>\n<meta property=\"og:image\" content=\"https:\/\/www.hotelitalia-siena.it\/wp-content\/uploads\/2015\/01\/header-privacy-policy.jpg\" \/>\n\t<meta property=\"og:image:width\" content=\"2000\" \/>\n\t<meta property=\"og:image:height\" content=\"705\" \/>\n\t<meta property=\"og:image:type\" content=\"image\/jpeg\" \/>\n<meta name=\"twitter:label1\" content=\"Est. tempo de leitura\" \/>\n\t<meta name=\"twitter:data1\" content=\"1 minuto\" \/>\n<script type=\"application\/ld+json\" class=\"yoast-schema-graph\">{\"@context\":\"https:\/\/schema.org\",\"@graph\":[{\"@type\":\"WebPage\",\"@id\":\"https:\/\/www.hotelitalia-siena.it\/pt-br\/mapa-do-site\/\",\"url\":\"https:\/\/www.hotelitalia-siena.it\/pt-br\/mapa-do-site\/\",\"name\":\"Mapa do Site - Hotel Italia\",\"isPartOf\":{\"@id\":\"https:\/\/www.hotelitalia-siena.it\/#website\"},\"datePublished\":\"2015-11-19T13:44:04+00:00\",\"dateModified\":\"2018-06-13T16:56:10+00:00\",\"description\":\"Consulte o mapa do site Hotel Italia in Siena para acessar de forma r\u00e1pida e f\u00e1cil o conte\u00fado de seu interesse.\",\"breadcrumb\":{\"@id\":\"https:\/\/www.hotelitalia-siena.it\/pt-br\/mapa-do-site\/#breadcrumb\"},\"inLanguage\":\"pt-BR\",\"potentialAction\":[{\"@type\":\"ReadAction\",\"target\":[\"https:\/\/www.hotelitalia-siena.it\/pt-br\/mapa-do-site\/\"]}]},{\"@type\":\"BreadcrumbList\",\"@id\":\"https:\/\/www.hotelitalia-siena.it\/pt-br\/mapa-do-site\/#breadcrumb\",\"itemListElement\":[{\"@type\":\"ListItem\",\"position\":1,\"name\":\"Hotel Italia\",\"item\":\"https:\/\/www.hotelitalia-siena.it\/pt-br\/\"},{\"@type\":\"ListItem\",\"position\":2,\"name\":\"Mapa do site\"}]},{\"@type\":\"WebSite\",\"@id\":\"https:\/\/www.hotelitalia-siena.it\/#website\",\"url\":\"https:\/\/www.hotelitalia-siena.it\/\",\"name\":\"Hotel Italia Siena\",\"description\":\"Just another WordPress site\",\"publisher\":{\"@id\":\"https:\/\/www.hotelitalia-siena.it\/#organization\"},\"potentialAction\":[{\"@type\":\"SearchAction\",\"target\":{\"@type\":\"EntryPoint\",\"urlTemplate\":\"https:\/\/www.hotelitalia-siena.it\/?s={search_term_string}\"},\"query-input\":\"required name=search_term_string\"}],\"inLanguage\":\"pt-BR\"},{\"@type\":\"Organization\",\"@id\":\"https:\/\/www.hotelitalia-siena.it\/#organization\",\"name\":\"Hotel Italia SpA\",\"url\":\"https:\/\/www.hotelitalia-siena.it\/\",\"logo\":{\"@type\":\"ImageObject\",\"inLanguage\":\"pt-BR\",\"@id\":\"https:\/\/www.hotelitalia-siena.it\/#\/schema\/logo\/image\/\",\"url\":\"https:\/\/www.hotelitalia-siena.it\/wp-content\/uploads\/2018\/04\/hotel-italia-siena-logo.png\",\"contentUrl\":\"https:\/\/www.hotelitalia-siena.it\/wp-content\/uploads\/2018\/04\/hotel-italia-siena-logo.png\",\"width\":147,\"height\":102,\"caption\":\"Hotel Italia SpA\"},\"image\":{\"@id\":\"https:\/\/www.hotelitalia-siena.it\/#\/schema\/logo\/image\/\"},\"sameAs\":[\"https:\/\/www.facebook.com\/hotelitaliasiena\/\"]}]}<\/script>\n<!-- \/ Yoast SEO plugin. -->","yoast_head_json":{"title":"Mapa do Site - Hotel Italia","description":"Consulte o mapa do site Hotel Italia in Siena para acessar de forma r\u00e1pida e f\u00e1cil o conte\u00fado de seu interesse.","robots":{"index":"index","follow":"follow","max-snippet":"max-snippet:-1","max-image-preview":"max-image-preview:large","max-video-preview":"max-video-preview:-1"},"canonical":"https:\/\/www.hotelitalia-siena.it\/pt-br\/mapa-do-site\/","og_locale":"pt_BR","og_type":"article","og_title":"Mapa do Site - Hotel Italia","og_description":"Consulte o mapa do site Hotel Italia in Siena para acessar de forma r\u00e1pida e f\u00e1cil o conte\u00fado de seu interesse.","og_url":"https:\/\/www.hotelitalia-siena.it\/pt-br\/mapa-do-site\/","og_site_name":"Hotel Italia Siena","article_publisher":"https:\/\/www.facebook.com\/hotelitaliasiena\/","article_modified_time":"2018-06-13T16:56:10+00:00","og_image":[{"width":2000,"height":705,"url":"https:\/\/www.hotelitalia-siena.it\/wp-content\/uploads\/2015\/01\/header-privacy-policy.jpg","type":"image\/jpeg"}],"twitter_misc":{"Est. tempo de leitura":"1 minuto"},"schema":{"@context":"https:\/\/schema.org","@graph":[{"@type":"WebPage","@id":"https:\/\/www.hotelitalia-siena.it\/pt-br\/mapa-do-site\/","url":"https:\/\/www.hotelitalia-siena.it\/pt-br\/mapa-do-site\/","name":"Mapa do Site - Hotel Italia","isPartOf":{"@id":"https:\/\/www.hotelitalia-siena.it\/#website"},"datePublished":"2015-11-19T13:44:04+00:00","dateModified":"2018-06-13T16:56:10+00:00","description":"Consulte o mapa do site Hotel Italia in Siena para acessar de forma r\u00e1pida e f\u00e1cil o conte\u00fado de seu interesse.","breadcrumb":{"@id":"https:\/\/www.hotelitalia-siena.it\/pt-br\/mapa-do-site\/#breadcrumb"},"inLanguage":"pt-BR","potentialAction":[{"@type":"ReadAction","target":["https:\/\/www.hotelitalia-siena.it\/pt-br\/mapa-do-site\/"]}]},{"@type":"BreadcrumbList","@id":"https:\/\/www.hotelitalia-siena.it\/pt-br\/mapa-do-site\/#breadcrumb","itemListElement":[{"@type":"ListItem","position":1,"name":"Hotel Italia","item":"https:\/\/www.hotelitalia-siena.it\/pt-br\/"},{"@type":"ListItem","position":2,"name":"Mapa do site"}]},{"@type":"WebSite","@id":"https:\/\/www.hotelitalia-siena.it\/#website","url":"https:\/\/www.hotelitalia-siena.it\/","name":"Hotel Italia Siena","description":"Just another WordPress site","publisher":{"@id":"https:\/\/www.hotelitalia-siena.it\/#organization"},"potentialAction":[{"@type":"SearchAction","target":{"@type":"EntryPoint","urlTemplate":"https:\/\/www.hotelitalia-siena.it\/?s={search_term_string}"},"query-input":"required name=search_term_string"}],"inLanguage":"pt-BR"},{"@type":"Organization","@id":"https:\/\/www.hotelitalia-siena.it\/#organization","name":"Hotel Italia SpA","url":"https:\/\/www.hotelitalia-siena.it\/","logo":{"@type":"ImageObject","inLanguage":"pt-BR","@id":"https:\/\/www.hotelitalia-siena.it\/#\/schema\/logo\/image\/","url":"https:\/\/www.hotelitalia-siena.it\/wp-content\/uploads\/2018\/04\/hotel-italia-siena-logo.png","contentUrl":"https:\/\/www.hotelitalia-siena.it\/wp-content\/uploads\/2018\/04\/hotel-italia-siena-logo.png","width":147,"height":102,"caption":"Hotel Italia SpA"},"image":{"@id":"https:\/\/www.hotelitalia-siena.it\/#\/schema\/logo\/image\/"},"sameAs":["https:\/\/www.facebook.com\/hotelitaliasiena\/"]}]}},"_links":{"self":[{"href":"https:\/\/www.hotelitalia-siena.it\/pt-br\/wp-json\/wp\/v2\/pages\/8472"}],"collection":[{"href":"https:\/\/www.hotelitalia-siena.it\/pt-br\/wp-json\/wp\/v2\/pages"}],"about":[{"href":"https:\/\/www.hotelitalia-siena.it\/pt-br\/wp-json\/wp\/v2\/types\/page"}],"author":[{"embeddable":true,"href":"https:\/\/www.hotelitalia-siena.it\/pt-br\/wp-json\/wp\/v2\/users\/1"}],"replies":[{"embeddable":true,"href":"https:\/\/www.hotelitalia-siena.it\/pt-br\/wp-json\/wp\/v2\/comments?post=8472"}],"version-history":[{"count":1,"href":"https:\/\/www.hotelitalia-siena.it\/pt-br\/wp-json\/wp\/v2\/pages\/8472\/revisions"}],"predecessor-version":[{"id":11107,"href":"https:\/\/www.hotelitalia-siena.it\/pt-br\/wp-json\/wp\/v2\/pages\/8472\/revisions\/11107"}],"wp:attachment":[{"href":"https:\/\/www.hotelitalia-siena.it\/pt-br\/wp-json\/wp\/v2\/media?parent=8472"}],"curies":[{"name":"wp","href":"https:\/\/api.w.org\/{rel}","templated":true}]}}