{"id":787,"date":"2015-01-26T16:10:56","date_gmt":"2015-01-26T16:10:56","guid":{"rendered":"http:\/\/newsite.gardenhotel.it\/contatti-2\/"},"modified":"2019-05-29T16:22:26","modified_gmt":"2019-05-29T16:22:26","slug":"contatos","status":"publish","type":"page","link":"https:\/\/www.hotelitalia-siena.it\/pt-br\/contatos\/","title":{"rendered":"Contatos"},"content":{"rendered":"<p>[et_pb_section fb_built=&#8221;1&#8243; fullwidth=&#8221;on&#8221; module_class=&#8221;home_header_slide&#8221; _builder_version=&#8221;3.22.3&#8243; background_color=&#8221;#ffffff&#8221; transparent_background=&#8221;off&#8221;][et_pb_fullwidth_slider show_arrows=&#8221;off&#8221; show_pagination=&#8221;off&#8221; _builder_version=&#8221;3.16&#8243; box_shadow_style=&#8221;preset6&#8243; box_shadow_blur=&#8221;10px&#8221; box_shadow_color=&#8221;rgba(0,0,0,0.1)&#8221; custom_padding=&#8221;|||&#8221; custom_padding_tablet=&#8221;|||&#8221; custom_padding_phone=&#8221;|||&#8221; show_inner_shadow=&#8221;on&#8221; button_text_size__hover_enabled=&#8221;off&#8221; button_one_text_size__hover_enabled=&#8221;off&#8221; button_two_text_size__hover_enabled=&#8221;off&#8221; button_text_color__hover_enabled=&#8221;off&#8221; button_one_text_color__hover_enabled=&#8221;off&#8221; button_two_text_color__hover_enabled=&#8221;off&#8221; button_border_width__hover_enabled=&#8221;off&#8221; button_one_border_width__hover_enabled=&#8221;off&#8221; button_two_border_width__hover_enabled=&#8221;off&#8221; button_border_color__hover_enabled=&#8221;off&#8221; button_one_border_color__hover_enabled=&#8221;off&#8221; button_two_border_color__hover_enabled=&#8221;off&#8221; button_border_radius__hover_enabled=&#8221;off&#8221; button_one_border_radius__hover_enabled=&#8221;off&#8221; button_two_border_radius__hover_enabled=&#8221;off&#8221; button_letter_spacing__hover_enabled=&#8221;off&#8221; button_one_letter_spacing__hover_enabled=&#8221;off&#8221; button_two_letter_spacing__hover_enabled=&#8221;off&#8221; button_bg_color__hover_enabled=&#8221;off&#8221; button_one_bg_color__hover_enabled=&#8221;off&#8221; button_two_bg_color__hover_enabled=&#8221;off&#8221;][et_pb_slide _builder_version=&#8221;3.16&#8243; background_color=&#8221;#ffffff&#8221; background_image=&#8221;https:\/\/www.hotelitalia-siena.it\/wp-content\/uploads\/2015\/01\/MG_6101.jpg&#8221; button_text_size__hover_enabled=&#8221;off&#8221; button_one_text_size__hover_enabled=&#8221;off&#8221; button_two_text_size__hover_enabled=&#8221;off&#8221; button_text_color__hover_enabled=&#8221;off&#8221; button_one_text_color__hover_enabled=&#8221;off&#8221; button_two_text_color__hover_enabled=&#8221;off&#8221; button_border_width__hover_enabled=&#8221;off&#8221; button_one_border_width__hover_enabled=&#8221;off&#8221; button_two_border_width__hover_enabled=&#8221;off&#8221; button_border_color__hover_enabled=&#8221;off&#8221; button_one_border_color__hover_enabled=&#8221;off&#8221; button_two_border_color__hover_enabled=&#8221;off&#8221; button_border_radius__hover_enabled=&#8221;off&#8221; button_one_border_radius__hover_enabled=&#8221;off&#8221; button_two_border_radius__hover_enabled=&#8221;off&#8221; button_letter_spacing__hover_enabled=&#8221;off&#8221; button_one_letter_spacing__hover_enabled=&#8221;off&#8221; button_two_letter_spacing__hover_enabled=&#8221;off&#8221; button_bg_color__hover_enabled=&#8221;off&#8221; button_one_bg_color__hover_enabled=&#8221;off&#8221; button_two_bg_color__hover_enabled=&#8221;off&#8221;][\/et_pb_slide][\/et_pb_fullwidth_slider][\/et_pb_section][et_pb_section fb_built=&#8221;1&#8243; module_id=&#8221;h-booking_container&#8221; _builder_version=&#8221;3.22.3&#8243; background_color=&#8221;#ffffff&#8221; transparent_background=&#8221;off&#8221;][et_pb_row _builder_version=&#8221;3.22.3&#8243; background_size=&#8221;initial&#8221; background_position=&#8221;top_left&#8221; background_repeat=&#8221;repeat&#8221;][et_pb_column type=&#8221;4_4&#8243; _builder_version=&#8221;3.0.47&#8243;][et_pb_sidebar area=&#8221;et_pb_widget_area_1&#8243; _builder_version=&#8221;3.0.74&#8243;][\/et_pb_sidebar][\/et_pb_column][\/et_pb_row][\/et_pb_section][et_pb_section fb_built=&#8221;1&#8243; module_class=&#8221;room_block&#8221; _builder_version=&#8221;3.22.3&#8243; background_color=&#8221;#ffffff&#8221; transparent_background=&#8221;off&#8221;][et_pb_row _builder_version=&#8221;3.22.3&#8243; background_size=&#8221;initial&#8221; background_position=&#8221;top_left&#8221; background_repeat=&#8221;repeat&#8221;][et_pb_column type=&#8221;1_2&#8243; _builder_version=&#8221;3.0.47&#8243;][et_pb_text _builder_version=&#8221;3.23.3&#8243; background_size=&#8221;initial&#8221; background_position=&#8221;top_left&#8221; background_repeat=&#8221;repeat&#8221;]<\/p>\n<h1>Contatos<\/h1>\n<p><strong>Hotel Italia ***<\/strong><br \/>\nViale Camillo Benso Conte di Cavour, 67<br \/>\n53100 Siena<br \/>\nP.IVA E CF 00522880525<br \/>\nTelefone +39 0577 44248<br \/>\nFax +39 0577 44554<br \/>\n<a id=\"whatsapp-api-contact\" target=\"_blank\" rel=\"noopener noreferrer\"><\/a><br \/>\n<br \/>\nDire\u00e7\u00e3o<br \/>\nFlaminia Masoni<br \/>\n<a href=\"mailto:direzione@hotelitalia-siena.it\">direzione@hotelitalia-siena.it<\/a><br \/>\nReservas e Informa\u00e7\u00f5es<br \/>\n<a onclick=\"ga('send', 'event', 'Mail', 'Mail-FromContatti', 'Mail-FromContatti-PT-BR', 1);\" href=\"mailto:info@hotelitalia-siena.it\">info@hotelitalia-siena.it<\/a><br \/>\nAdministra\u00e7\u00e3o<br \/>\n<a href=\"mailto:ufficio@hotelitalia-siena.it\">ufficio@hotelitalia-siena.it<\/a><br \/>\n[\/et_pb_text][\/et_pb_column][et_pb_column type=&#8221;1_2&#8243; _builder_version=&#8221;3.0.47&#8243;][et_pb_text _builder_version=&#8221;3.0.74&#8243; background_size=&#8221;initial&#8221; background_position=&#8221;top_left&#8221; background_repeat=&#8221;repeat&#8221;]\n<div class=\"wpcf7 no-js\" id=\"wpcf7-f2941-o1\" lang=\"en-US\" dir=\"ltr\">\n<div class=\"screen-reader-response\"><p role=\"status\" aria-live=\"polite\" aria-atomic=\"true\"><\/p> <ul><\/ul><\/div>\n<form action=\"\/pt-br\/wp-json\/wp\/v2\/pages\/787\" method=\"post\" class=\"wpcf7-form init\" id=\"form-richiesta-informazioni\" aria-label=\"Contact form\" novalidate=\"novalidate\" data-status=\"init\">\n<div style=\"display: none;\">\n<input type=\"hidden\" name=\"_wpcf7\" value=\"2941\" \/>\n<input type=\"hidden\" name=\"_wpcf7_version\" value=\"5.9.6\" \/>\n<input type=\"hidden\" name=\"_wpcf7_locale\" value=\"en_US\" \/>\n<input type=\"hidden\" name=\"_wpcf7_unit_tag\" value=\"wpcf7-f2941-o1\" \/>\n<input type=\"hidden\" name=\"_wpcf7_container_post\" value=\"0\" \/>\n<input type=\"hidden\" name=\"_wpcf7_posted_data_hash\" value=\"\" \/>\n<input type=\"hidden\" name=\"_wpcf7_recaptcha_response\" value=\"\" \/>\n<\/div>\n<h4 style='text-align:center;'>Solicite informa\u00e7\u00f5es\n<\/h4>\n<p>Seu nome (obrigat\u00f3rio)\n<\/p>\n<p><span class=\"wpcf7-form-control-wrap\" data-name=\"your-name\"><input size=\"40\" maxlength=\"80\" class=\"wpcf7-form-control wpcf7-text wpcf7-validates-as-required\" aria-required=\"true\" aria-invalid=\"false\" value=\"\" type=\"text\" name=\"your-name\" \/><\/span>\n<\/p>\n<p>Seu e-mail (obrigat\u00f3rio)\n<\/p>\n<p><span class=\"wpcf7-form-control-wrap\" data-name=\"your-email\"><input size=\"40\" maxlength=\"80\" class=\"wpcf7-form-control wpcf7-email wpcf7-validates-as-required wpcf7-text wpcf7-validates-as-email\" aria-required=\"true\" aria-invalid=\"false\" value=\"\" type=\"email\" name=\"your-email\" \/><\/span>\n<\/p>\n<p>Mensagem\n<\/p>\n<p><span class=\"wpcf7-form-control-wrap\" data-name=\"textarea-247\"><textarea cols=\"34\" rows=\"3\" maxlength=\"400\" class=\"wpcf7-form-control wpcf7-textarea\" aria-invalid=\"false\" name=\"textarea-247\"><\/textarea><\/span>\n<\/p>\n<p><span class=\"wpcf7-form-control-wrap\" data-name=\"acceptance-680\"><span class=\"wpcf7-form-control wpcf7-acceptance\"><span class=\"wpcf7-list-item\"><label><input type=\"checkbox\" name=\"acceptance-680\" value=\"1\" aria-invalid=\"false\" \/><span class=\"wpcf7-list-item-label\">Confirmo que li a <a href=\"https:\/\/www.hotelitalia-siena.it\/pt-br\/politicas-de-privacidade\/\" target=\"_blank\">pol\u00edtica de privacidade<\/a> e autorizo o tratamento de dados pessoais de acordo com o Artigo 13 do Decreto Legislativo 196\/2003 e o Artigo 13 do Regulamento da UE 679\/2016.<\/span><\/label><\/span><\/span><\/span>\n<\/p>\n<p><input class=\"wpcf7-form-control wpcf7-submit has-spinner\" type=\"submit\" value=\"Enviar\" \/>\n<\/p>\n<p style=\"font-size:10px; text-align:justify; line-height:normal\"><br \/>\nThis site is protected by reCAPTCHA and the Google <a href=\"https:\/\/policies.google.com\/privacy\">Privacy Policy<\/a> and <a href=\"https:\/\/policies.google.com\/terms\">Terms of Service<\/a> apply.\n<\/p><div class=\"wpcf7-response-output\" aria-hidden=\"true\"><\/div>\n<\/form>\n<\/div>\n<br \/>\n[\/et_pb_text][\/et_pb_column][\/et_pb_row][et_pb_row _builder_version=&#8221;3.22.3&#8243; background_size=&#8221;initial&#8221; background_position=&#8221;top_left&#8221; background_repeat=&#8221;repeat&#8221;][et_pb_column type=&#8221;4_4&#8243; _builder_version=&#8221;3.0.47&#8243;][et_pb_gallery gallery_ids=&#8221;527,469,465,463&#8243; show_pagination=&#8221;off&#8221; _builder_version=&#8221;3.0.47&#8243;][\/et_pb_gallery][\/et_pb_column][\/et_pb_row][et_pb_row _builder_version=&#8221;3.22.3&#8243; background_size=&#8221;initial&#8221; background_position=&#8221;top_left&#8221; background_repeat=&#8221;repeat&#8221;][et_pb_column type=&#8221;4_4&#8243; _builder_version=&#8221;3.0.47&#8243;][et_pb_text _builder_version=&#8221;3.0.74&#8243; background_size=&#8221;initial&#8221; background_position=&#8221;top_left&#8221; background_repeat=&#8221;repeat&#8221;][\/et_pb_text][\/et_pb_column][\/et_pb_row][\/et_pb_section]<\/p>\n","protected":false},"excerpt":{"rendered":"<p>Contatos Hotel Italia *** Viale Camillo Benso Conte di Cavour, 67 53100 Siena P.IVA E CF 00522880525 Telefone +39 0577 44248 Fax +39 0577 44554 Dire\u00e7\u00e3o Flaminia Masoni direzione@hotelitalia-siena.it Reservas e Informa\u00e7\u00f5es %CODE2% Administra\u00e7\u00e3o ufficio@hotelitalia-siena.it \n<div class=\"wpcf7 no-js\" id=\"wpcf7-f2941-o2\" lang=\"en-US\" dir=\"ltr\">\n<div class=\"screen-reader-response\"><p role=\"status\" aria-live=\"polite\" aria-atomic=\"true\"><\/p> <ul><\/ul><\/div>\n<form action=\"\/pt-br\/wp-json\/wp\/v2\/pages\/787\" method=\"post\" class=\"wpcf7-form init\" id=\"form-richiesta-informazioni\" aria-label=\"Contact form\" novalidate=\"novalidate\" data-status=\"init\">\n<div style=\"display: none;\">\n<input type=\"hidden\" name=\"_wpcf7\" value=\"2941\" \/>\n<input type=\"hidden\" name=\"_wpcf7_version\" value=\"5.9.6\" \/>\n<input type=\"hidden\" name=\"_wpcf7_locale\" value=\"en_US\" \/>\n<input type=\"hidden\" name=\"_wpcf7_unit_tag\" value=\"wpcf7-f2941-o2\" \/>\n<input type=\"hidden\" name=\"_wpcf7_container_post\" value=\"0\" \/>\n<input type=\"hidden\" name=\"_wpcf7_posted_data_hash\" value=\"\" \/>\n<input type=\"hidden\" name=\"_wpcf7_recaptcha_response\" value=\"\" \/>\n<\/div>\n<h4 style='text-align:center;'>Solicite informa\u00e7\u00f5es\n<\/h4>\n<p>Seu nome (obrigat\u00f3rio)\n<\/p>\n<p><span class=\"wpcf7-form-control-wrap\" data-name=\"your-name\"><input size=\"40\" maxlength=\"80\" class=\"wpcf7-form-control wpcf7-text wpcf7-validates-as-required\" aria-required=\"true\" aria-invalid=\"false\" value=\"\" type=\"text\" name=\"your-name\" \/><\/span>\n<\/p>\n<p>Seu e-mail (obrigat\u00f3rio)\n<\/p>\n<p><span class=\"wpcf7-form-control-wrap\" data-name=\"your-email\"><input size=\"40\" maxlength=\"80\" class=\"wpcf7-form-control wpcf7-email wpcf7-validates-as-required wpcf7-text wpcf7-validates-as-email\" aria-required=\"true\" aria-invalid=\"false\" value=\"\" type=\"email\" name=\"your-email\" \/><\/span>\n<\/p>\n<p>Mensagem\n<\/p>\n<p><span class=\"wpcf7-form-control-wrap\" data-name=\"textarea-247\"><textarea cols=\"34\" rows=\"3\" maxlength=\"400\" class=\"wpcf7-form-control wpcf7-textarea\" aria-invalid=\"false\" name=\"textarea-247\"><\/textarea><\/span>\n<\/p>\n<p><span class=\"wpcf7-form-control-wrap\" data-name=\"acceptance-680\"><span class=\"wpcf7-form-control wpcf7-acceptance\"><span class=\"wpcf7-list-item\"><label><input type=\"checkbox\" name=\"acceptance-680\" value=\"1\" aria-invalid=\"false\" \/><span class=\"wpcf7-list-item-label\">Confirmo que li a <a href=\"https:\/\/www.hotelitalia-siena.it\/pt-br\/politicas-de-privacidade\/\" target=\"_blank\">pol\u00edtica de privacidade<\/a> e autorizo o tratamento de dados pessoais de acordo com o Artigo 13 do Decreto Legislativo 196\/2003 e o Artigo 13 do Regulamento da UE 679\/2016.<\/span><\/label><\/span><\/span><\/span>\n<\/p>\n<p><input class=\"wpcf7-form-control wpcf7-submit has-spinner\" type=\"submit\" value=\"Enviar\" \/>\n<\/p>\n<p style=\"font-size:10px; text-align:justify; line-height:normal\"><br \/>\nThis site is protected by reCAPTCHA and the Google <a href=\"https:\/\/policies.google.com\/privacy\">Privacy Policy<\/a> and <a href=\"https:\/\/policies.google.com\/terms\">Terms of Service<\/a> apply.\n<\/p><div class=\"wpcf7-response-output\" aria-hidden=\"true\"><\/div>\n<\/form>\n<\/div>\n<\/p>\n","protected":false},"author":1,"featured_media":0,"parent":0,"menu_order":0,"comment_status":"closed","ping_status":"closed","template":"","meta":{"_acf_changed":false,"_et_pb_use_builder":"on","_et_pb_old_content":"","_et_gb_content_width":"","footnotes":""},"acf":[],"yoast_head":"<!-- This site is optimized with the Yoast SEO plugin v23.0 - https:\/\/yoast.com\/wordpress\/plugins\/seo\/ -->\n<title>Contatos. Solicite mais informa\u00e7\u00f5es - Hotel Italia<\/title>\n<meta name=\"description\" content=\"P\u00e1gina de contato do Hotel Italia em Siena. Pergunte-nos sem compromisso qualquer tipo de informa\u00e7\u00e3o, n\u00f3s responderemos brevemente.\" \/>\n<meta name=\"robots\" content=\"index, follow, max-snippet:-1, max-image-preview:large, max-video-preview:-1\" \/>\n<link rel=\"canonical\" href=\"https:\/\/www.hotelitalia-siena.it\/pt-br\/contatos\/\" \/>\n<meta property=\"og:locale\" content=\"pt_BR\" \/>\n<meta property=\"og:type\" content=\"article\" \/>\n<meta property=\"og:title\" content=\"Contatos. Solicite mais informa\u00e7\u00f5es - Hotel Italia\" \/>\n<meta property=\"og:description\" content=\"P\u00e1gina de contato do Hotel Italia em Siena. Pergunte-nos sem compromisso qualquer tipo de informa\u00e7\u00e3o, n\u00f3s responderemos brevemente.\" \/>\n<meta property=\"og:url\" content=\"https:\/\/www.hotelitalia-siena.it\/pt-br\/contatos\/\" \/>\n<meta property=\"og:site_name\" content=\"Hotel Italia Siena\" \/>\n<meta property=\"article:publisher\" content=\"https:\/\/www.facebook.com\/hotelitaliasiena\/\" \/>\n<meta property=\"article:modified_time\" content=\"2019-05-29T16:22:26+00:00\" \/>\n<meta property=\"og:image\" content=\"https:\/\/www.hotelitalia-siena.it\/wp-content\/uploads\/2015\/01\/header-privacy-policy.jpg\" \/>\n\t<meta property=\"og:image:width\" content=\"2000\" \/>\n\t<meta property=\"og:image:height\" content=\"705\" \/>\n\t<meta property=\"og:image:type\" content=\"image\/jpeg\" \/>\n<meta name=\"twitter:label1\" content=\"Est. tempo de leitura\" \/>\n\t<meta name=\"twitter:data1\" content=\"3 minutos\" \/>\n<script type=\"application\/ld+json\" class=\"yoast-schema-graph\">{\"@context\":\"https:\/\/schema.org\",\"@graph\":[{\"@type\":\"WebPage\",\"@id\":\"https:\/\/www.hotelitalia-siena.it\/pt-br\/contatos\/\",\"url\":\"https:\/\/www.hotelitalia-siena.it\/pt-br\/contatos\/\",\"name\":\"Contatos. Solicite mais informa\u00e7\u00f5es - Hotel Italia\",\"isPartOf\":{\"@id\":\"https:\/\/www.hotelitalia-siena.it\/#website\"},\"datePublished\":\"2015-01-26T16:10:56+00:00\",\"dateModified\":\"2019-05-29T16:22:26+00:00\",\"description\":\"P\u00e1gina de contato do Hotel Italia em Siena. Pergunte-nos sem compromisso qualquer tipo de informa\u00e7\u00e3o, n\u00f3s responderemos brevemente.\",\"breadcrumb\":{\"@id\":\"https:\/\/www.hotelitalia-siena.it\/pt-br\/contatos\/#breadcrumb\"},\"inLanguage\":\"pt-BR\",\"potentialAction\":[{\"@type\":\"ReadAction\",\"target\":[\"https:\/\/www.hotelitalia-siena.it\/pt-br\/contatos\/\"]}]},{\"@type\":\"BreadcrumbList\",\"@id\":\"https:\/\/www.hotelitalia-siena.it\/pt-br\/contatos\/#breadcrumb\",\"itemListElement\":[{\"@type\":\"ListItem\",\"position\":1,\"name\":\"Hotel Italia\",\"item\":\"https:\/\/www.hotelitalia-siena.it\/pt-br\/\"},{\"@type\":\"ListItem\",\"position\":2,\"name\":\"Contatos\"}]},{\"@type\":\"WebSite\",\"@id\":\"https:\/\/www.hotelitalia-siena.it\/#website\",\"url\":\"https:\/\/www.hotelitalia-siena.it\/\",\"name\":\"Hotel Italia Siena\",\"description\":\"Just another WordPress site\",\"publisher\":{\"@id\":\"https:\/\/www.hotelitalia-siena.it\/#organization\"},\"potentialAction\":[{\"@type\":\"SearchAction\",\"target\":{\"@type\":\"EntryPoint\",\"urlTemplate\":\"https:\/\/www.hotelitalia-siena.it\/?s={search_term_string}\"},\"query-input\":\"required name=search_term_string\"}],\"inLanguage\":\"pt-BR\"},{\"@type\":\"Organization\",\"@id\":\"https:\/\/www.hotelitalia-siena.it\/#organization\",\"name\":\"Hotel Italia SpA\",\"url\":\"https:\/\/www.hotelitalia-siena.it\/\",\"logo\":{\"@type\":\"ImageObject\",\"inLanguage\":\"pt-BR\",\"@id\":\"https:\/\/www.hotelitalia-siena.it\/#\/schema\/logo\/image\/\",\"url\":\"https:\/\/www.hotelitalia-siena.it\/wp-content\/uploads\/2018\/04\/hotel-italia-siena-logo.png\",\"contentUrl\":\"https:\/\/www.hotelitalia-siena.it\/wp-content\/uploads\/2018\/04\/hotel-italia-siena-logo.png\",\"width\":147,\"height\":102,\"caption\":\"Hotel Italia SpA\"},\"image\":{\"@id\":\"https:\/\/www.hotelitalia-siena.it\/#\/schema\/logo\/image\/\"},\"sameAs\":[\"https:\/\/www.facebook.com\/hotelitaliasiena\/\"]}]}<\/script>\n<!-- \/ Yoast SEO plugin. -->","yoast_head_json":{"title":"Contatos. Solicite mais informa\u00e7\u00f5es - Hotel Italia","description":"P\u00e1gina de contato do Hotel Italia em Siena. Pergunte-nos sem compromisso qualquer tipo de informa\u00e7\u00e3o, n\u00f3s responderemos brevemente.","robots":{"index":"index","follow":"follow","max-snippet":"max-snippet:-1","max-image-preview":"max-image-preview:large","max-video-preview":"max-video-preview:-1"},"canonical":"https:\/\/www.hotelitalia-siena.it\/pt-br\/contatos\/","og_locale":"pt_BR","og_type":"article","og_title":"Contatos. Solicite mais informa\u00e7\u00f5es - Hotel Italia","og_description":"P\u00e1gina de contato do Hotel Italia em Siena. Pergunte-nos sem compromisso qualquer tipo de informa\u00e7\u00e3o, n\u00f3s responderemos brevemente.","og_url":"https:\/\/www.hotelitalia-siena.it\/pt-br\/contatos\/","og_site_name":"Hotel Italia Siena","article_publisher":"https:\/\/www.facebook.com\/hotelitaliasiena\/","article_modified_time":"2019-05-29T16:22:26+00:00","og_image":[{"width":2000,"height":705,"url":"https:\/\/www.hotelitalia-siena.it\/wp-content\/uploads\/2015\/01\/header-privacy-policy.jpg","type":"image\/jpeg"}],"twitter_misc":{"Est. tempo de leitura":"3 minutos"},"schema":{"@context":"https:\/\/schema.org","@graph":[{"@type":"WebPage","@id":"https:\/\/www.hotelitalia-siena.it\/pt-br\/contatos\/","url":"https:\/\/www.hotelitalia-siena.it\/pt-br\/contatos\/","name":"Contatos. Solicite mais informa\u00e7\u00f5es - Hotel Italia","isPartOf":{"@id":"https:\/\/www.hotelitalia-siena.it\/#website"},"datePublished":"2015-01-26T16:10:56+00:00","dateModified":"2019-05-29T16:22:26+00:00","description":"P\u00e1gina de contato do Hotel Italia em Siena. Pergunte-nos sem compromisso qualquer tipo de informa\u00e7\u00e3o, n\u00f3s responderemos brevemente.","breadcrumb":{"@id":"https:\/\/www.hotelitalia-siena.it\/pt-br\/contatos\/#breadcrumb"},"inLanguage":"pt-BR","potentialAction":[{"@type":"ReadAction","target":["https:\/\/www.hotelitalia-siena.it\/pt-br\/contatos\/"]}]},{"@type":"BreadcrumbList","@id":"https:\/\/www.hotelitalia-siena.it\/pt-br\/contatos\/#breadcrumb","itemListElement":[{"@type":"ListItem","position":1,"name":"Hotel Italia","item":"https:\/\/www.hotelitalia-siena.it\/pt-br\/"},{"@type":"ListItem","position":2,"name":"Contatos"}]},{"@type":"WebSite","@id":"https:\/\/www.hotelitalia-siena.it\/#website","url":"https:\/\/www.hotelitalia-siena.it\/","name":"Hotel Italia Siena","description":"Just another WordPress site","publisher":{"@id":"https:\/\/www.hotelitalia-siena.it\/#organization"},"potentialAction":[{"@type":"SearchAction","target":{"@type":"EntryPoint","urlTemplate":"https:\/\/www.hotelitalia-siena.it\/?s={search_term_string}"},"query-input":"required name=search_term_string"}],"inLanguage":"pt-BR"},{"@type":"Organization","@id":"https:\/\/www.hotelitalia-siena.it\/#organization","name":"Hotel Italia SpA","url":"https:\/\/www.hotelitalia-siena.it\/","logo":{"@type":"ImageObject","inLanguage":"pt-BR","@id":"https:\/\/www.hotelitalia-siena.it\/#\/schema\/logo\/image\/","url":"https:\/\/www.hotelitalia-siena.it\/wp-content\/uploads\/2018\/04\/hotel-italia-siena-logo.png","contentUrl":"https:\/\/www.hotelitalia-siena.it\/wp-content\/uploads\/2018\/04\/hotel-italia-siena-logo.png","width":147,"height":102,"caption":"Hotel Italia SpA"},"image":{"@id":"https:\/\/www.hotelitalia-siena.it\/#\/schema\/logo\/image\/"},"sameAs":["https:\/\/www.facebook.com\/hotelitaliasiena\/"]}]}},"_links":{"self":[{"href":"https:\/\/www.hotelitalia-siena.it\/pt-br\/wp-json\/wp\/v2\/pages\/787"}],"collection":[{"href":"https:\/\/www.hotelitalia-siena.it\/pt-br\/wp-json\/wp\/v2\/pages"}],"about":[{"href":"https:\/\/www.hotelitalia-siena.it\/pt-br\/wp-json\/wp\/v2\/types\/page"}],"author":[{"embeddable":true,"href":"https:\/\/www.hotelitalia-siena.it\/pt-br\/wp-json\/wp\/v2\/users\/1"}],"replies":[{"embeddable":true,"href":"https:\/\/www.hotelitalia-siena.it\/pt-br\/wp-json\/wp\/v2\/comments?post=787"}],"version-history":[{"count":3,"href":"https:\/\/www.hotelitalia-siena.it\/pt-br\/wp-json\/wp\/v2\/pages\/787\/revisions"}],"predecessor-version":[{"id":11463,"href":"https:\/\/www.hotelitalia-siena.it\/pt-br\/wp-json\/wp\/v2\/pages\/787\/revisions\/11463"}],"wp:attachment":[{"href":"https:\/\/www.hotelitalia-siena.it\/pt-br\/wp-json\/wp\/v2\/media?parent=787"}],"curies":[{"name":"wp","href":"https:\/\/api.w.org\/{rel}","templated":true}]}}