{"id":779,"date":"2015-01-26T13:53:59","date_gmt":"2015-01-26T13:53:59","guid":{"rendered":"http:\/\/newsite.gardenhotel.it\/camere\/poggiarello\/"},"modified":"2020-10-26T08:58:34","modified_gmt":"2020-10-26T08:58:34","slug":"love-room","status":"publish","type":"page","link":"https:\/\/www.hotelitalia-siena.it\/pt-br\/quartos\/love-room\/","title":{"rendered":"Love Room"},"content":{"rendered":"<p>[et_pb_section fb_built=&#8221;1&#8243; fullwidth=&#8221;on&#8221; admin_label=&#8221;section&#8221; module_class=&#8221;home_header_slide&#8221; _builder_version=&#8221;3.22&#8243; background_color=&#8221;#ffffff&#8221; transparent_background=&#8221;off&#8221;][et_pb_fullwidth_slider show_arrows=&#8221;off&#8221; show_pagination=&#8221;off&#8221; admin_label=&#8221;Fullwidth Slider&#8221; _builder_version=&#8221;3.16&#8243; custom_padding=&#8221;|||&#8221; custom_padding_tablet=&#8221;|||&#8221; custom_padding_phone=&#8221;|||&#8221; box_shadow_style=&#8221;preset6&#8243; box_shadow_blur=&#8221;10px&#8221; box_shadow_color=&#8221;rgba(0,0,0,0.1)&#8221; show_inner_shadow=&#8221;on&#8221; button_text_size__hover_enabled=&#8221;off&#8221; button_one_text_size__hover_enabled=&#8221;off&#8221; button_two_text_size__hover_enabled=&#8221;off&#8221; button_text_color__hover_enabled=&#8221;off&#8221; button_one_text_color__hover_enabled=&#8221;off&#8221; button_two_text_color__hover_enabled=&#8221;off&#8221; button_border_width__hover_enabled=&#8221;off&#8221; button_one_border_width__hover_enabled=&#8221;off&#8221; button_two_border_width__hover_enabled=&#8221;off&#8221; button_border_color__hover_enabled=&#8221;off&#8221; button_one_border_color__hover_enabled=&#8221;off&#8221; button_two_border_color__hover_enabled=&#8221;off&#8221; button_border_radius__hover_enabled=&#8221;off&#8221; button_one_border_radius__hover_enabled=&#8221;off&#8221; button_two_border_radius__hover_enabled=&#8221;off&#8221; button_letter_spacing__hover_enabled=&#8221;off&#8221; button_one_letter_spacing__hover_enabled=&#8221;off&#8221; button_two_letter_spacing__hover_enabled=&#8221;off&#8221; button_bg_color__hover_enabled=&#8221;off&#8221; button_one_bg_color__hover_enabled=&#8221;off&#8221; button_two_bg_color__hover_enabled=&#8221;off&#8221;][et_pb_slide _builder_version=&#8221;3.16&#8243; background_color=&#8221;#ffffff&#8221; background_image=&#8221;https:\/\/www.hotelitalia-siena.it\/wp-content\/uploads\/2015\/01\/HOTEL-ITALIA-SIENA-LOVE-ROOM-2.jpg&#8221; button_text_size__hover_enabled=&#8221;off&#8221; button_one_text_size__hover_enabled=&#8221;off&#8221; button_two_text_size__hover_enabled=&#8221;off&#8221; button_text_color__hover_enabled=&#8221;off&#8221; button_one_text_color__hover_enabled=&#8221;off&#8221; button_two_text_color__hover_enabled=&#8221;off&#8221; button_border_width__hover_enabled=&#8221;off&#8221; button_one_border_width__hover_enabled=&#8221;off&#8221; button_two_border_width__hover_enabled=&#8221;off&#8221; button_border_color__hover_enabled=&#8221;off&#8221; button_one_border_color__hover_enabled=&#8221;off&#8221; button_two_border_color__hover_enabled=&#8221;off&#8221; button_border_radius__hover_enabled=&#8221;off&#8221; button_one_border_radius__hover_enabled=&#8221;off&#8221; button_two_border_radius__hover_enabled=&#8221;off&#8221; button_letter_spacing__hover_enabled=&#8221;off&#8221; button_one_letter_spacing__hover_enabled=&#8221;off&#8221; button_two_letter_spacing__hover_enabled=&#8221;off&#8221; button_bg_color__hover_enabled=&#8221;off&#8221; button_one_bg_color__hover_enabled=&#8221;off&#8221; button_two_bg_color__hover_enabled=&#8221;off&#8221; sticky_transition=&#8221;on&#8221;][\/et_pb_slide][\/et_pb_fullwidth_slider][\/et_pb_section][et_pb_section fb_built=&#8221;1&#8243; admin_label=&#8221;section&#8221; module_id=&#8221;h-booking_container&#8221; _builder_version=&#8221;3.22&#8243; background_color=&#8221;#ffffff&#8221; transparent_background=&#8221;off&#8221;][et_pb_row admin_label=&#8221;row&#8221; _builder_version=&#8221;3.25&#8243; background_size=&#8221;initial&#8221; background_position=&#8221;top_left&#8221; background_repeat=&#8221;repeat&#8221;][et_pb_column type=&#8221;4_4&#8243; _builder_version=&#8221;3.25&#8243; custom_padding=&#8221;|||&#8221; custom_padding__hover=&#8221;|||&#8221;][et_pb_sidebar area=&#8221;et_pb_widget_area_1&#8243; admin_label=&#8221;Sidebar&#8221; _builder_version=&#8221;3.0.74&#8243;][\/et_pb_sidebar][\/et_pb_column][\/et_pb_row][\/et_pb_section][et_pb_section fb_built=&#8221;1&#8243; admin_label=&#8221;section&#8221; module_class=&#8221;room_block&#8221; _builder_version=&#8221;3.22&#8243; background_color=&#8221;#ffffff&#8221; transparent_background=&#8221;off&#8221;][et_pb_row admin_label=&#8221;row&#8221; _builder_version=&#8221;3.25&#8243; background_size=&#8221;initial&#8221; background_position=&#8221;top_left&#8221; background_repeat=&#8221;repeat&#8221;][et_pb_column type=&#8221;4_4&#8243; _builder_version=&#8221;3.25&#8243; custom_padding=&#8221;|||&#8221; custom_padding__hover=&#8221;|||&#8221;][et_pb_text admin_label=&#8221;Text&#8221; _builder_version=&#8221;3.27.4&#8243; background_size=&#8221;initial&#8221; background_position=&#8221;top_left&#8221; background_repeat=&#8221;repeat&#8221; use_border_color=&#8221;off&#8221; border_color=&#8221;#ffffff&#8221; border_style=&#8221;solid&#8221;]<\/p>\n<h2 style=\"text-align: justify;\">Love Room&#8230;Momentos\u00a0<strong>rom\u00e2nticos e sexy<\/strong><\/h2>\n<p>&nbsp;<\/p>\n<p>Este \u00e9 um quarto muito especial, uma forma \u00fanica e original para passar um fim de semana rom\u00e2ntico em Siena ou qualquer outro dia que voc\u00ea queira comemorar com a pessoa que voc\u00ea ama.<br \/> Imagine entrar em outra dimens\u00e3o. Quando voc\u00ea abrir a porta do Love Room, o CD j\u00e1 estar\u00e1 tocando uma m\u00fasica ambiente e luzes suaves o receber\u00e3o em uma atmosfera m\u00e1gica e colorida. A cama, coberta de p\u00e9talas vermelhas e grandes almofadas em forma de cora\u00e7\u00e3o, ser\u00e1 irresist\u00edvel.<br \/> Abra o Prosecco e deleite-se com biscoitos do amor feitos por nosso confeiteiro\u2026esque\u00e7a o tabu em casa e deixe a sua imagina\u00e7\u00e3o voar com o simp\u00e1tico \u201cLove Kit\u201d\u2026e lembre-se: \u201cNada \u00e9 desperdi\u00e7ado, se feito com amor\u2019\u2019, de \u00c9douard-L\u00e9on.<\/p>\n<p>&nbsp;<\/p>\n<p><strong>Para uma estadia rom\u00e2ntica em Siena voc\u00ea deve escolher o Love Room se:<\/strong><\/p>\n<p>&nbsp;<\/p>\n<ul>\n<li>Quer impressionar a pessoa que est\u00e1 com voc\u00ea.<\/li>\n<li>Quer dar um presente inesquec\u00edvel para algu\u00e9m que voc\u00ea ama.<\/li>\n<li>Voc\u00ea n\u00e3o quer renunciar \u00e0 tecnologia e ao conforto de uma TV de tela plana de 42\u2019\u2019, ao leitor de iPod com Dolby Surround e \u00e0 linha Wi-Fi TOP de banda larga exclusiva de alt\u00edssima fidelidade.<\/li>\n<li>Gosta de ter a chaleira para fazer caf\u00e9\/ch\u00e1 no quarto.<\/li>\n<li>Gosta de vestir um roup\u00e3o ap\u00f3s uma ducha.<\/li>\n<li>Est\u00e1 apaixonado(a)!<\/li>\n<\/ul>\n<p>&nbsp;<\/p>\n<p><strong class=\"services_title\">CARACTER\u00cdSTICAS E EQUIPAMENTOS DO QUARTO:<\/strong><\/p>\n<p>&nbsp;<\/p>\n<div class=\"room_logo_services\"><img decoding=\"async\" style=\"margin-top: -10px; position: absolute; left: 0;\" class=\"aligncenter wp-image-262 size-full\" src=\"https:\/\/www.hotelitalia-siena.it\/wp-content\/uploads\/2016\/09\/sky.png\" alt=\"Camere con Sky\" width=\"70px\" height=\"\" \/><img decoding=\"async\" style=\"margin-top: -5px; position: absolute; right: 0;\" class=\"aligncenter wp-image-262 size-full\" src=\"https:\/\/www.hotelitalia-siena.it\/wp-content\/uploads\/2016\/09\/free-wifi.png\" alt=\"Free Wi-fi\" width=\"70px\" height=\"\" \/><\/div>\n<p>&nbsp;<\/p>\n<p>&nbsp;<\/p>\n<p>&nbsp;<\/p>\n<ul>\n<li>N\u00c3O \u00c9 PERMITIDO FUMAR<\/li>\n<li>Garrafa de Prosecco<\/li>\n<li>Biscoitos do amor<\/li>\n<li>\u201cLove Kit\u201d\u2026<\/li>\n<li>CD de m\u00fasicas rom\u00e2nticas<\/li>\n<li>Roup\u00e3o e pantufas<\/li>\n<li>Almofadas \u201cApaixonados\u2019\u2019<\/li>\n<li>Dimens\u00f5es: 21 m<sup>2<\/sup><\/li>\n<li>Cama de casal king size<\/li>\n<li>Ar condicionado<\/li>\n<li>Wi-Fi gratuita de alta fidelidade<\/li>\n<li>TV de tela plana de 42\u2019\u2019<\/li>\n<li>Canais por sat\u00e9lite em l\u00edngua estrangeira<\/li>\n<li>Canais Sky gratuitos<\/li>\n<li>Unidade de leitura para iPod<\/li>\n<li>Mini Hi-fi com r\u00e1dio<\/li>\n<li>Leitor de CD\/mp3 e DVD com Dolby Digital<\/li>\n<li>Chaleira el\u00e9trica para ch\u00e1 e caf\u00e9<\/li>\n<li>Cofre<\/li>\n<li>Telefone<\/li>\n<li>Banheiro privativo com chuveiro<\/li>\n<li>Secador de cabelo<\/li>\n<li>Toalhas<\/li>\n<li>Linha banho cortesia, com cosm\u00e9ticos de alta qualidade, feitos apenas com extratos naturais e completamente desenvolvidos sem testes em animais.<\/li>\n<\/ul>\n<p>[\/et_pb_text][\/et_pb_column][\/et_pb_row][et_pb_row admin_label=&#8221;row&#8221; _builder_version=&#8221;3.25&#8243; background_size=&#8221;initial&#8221; background_position=&#8221;top_left&#8221; background_repeat=&#8221;repeat&#8221;][et_pb_column type=&#8221;4_4&#8243; _builder_version=&#8221;3.25&#8243; custom_padding=&#8221;|||&#8221; custom_padding__hover=&#8221;|||&#8221;][et_pb_gallery gallery_ids=&#8221;4629,4635,4641,4647,4653,4665,4677,4623&#8243; posts_number=&#8221;8&#8243; show_pagination=&#8221;off&#8221; admin_label=&#8221;Gallery&#8221; _builder_version=&#8221;3.0.47&#8243;][\/et_pb_gallery][\/et_pb_column][\/et_pb_row][et_pb_row admin_label=&#8221;row&#8221; _builder_version=&#8221;3.25&#8243; background_size=&#8221;initial&#8221; background_position=&#8221;top_left&#8221; background_repeat=&#8221;repeat&#8221;][et_pb_column type=&#8221;4_4&#8243; _builder_version=&#8221;3.25&#8243; custom_padding=&#8221;|||&#8221; custom_padding__hover=&#8221;|||&#8221;][et_pb_text admin_label=&#8221;Text&#8221; _builder_version=&#8221;3.27.4&#8243; background_size=&#8221;initial&#8221; background_position=&#8221;top_left&#8221; background_repeat=&#8221;repeat&#8221;][\/et_pb_text][\/et_pb_column][\/et_pb_row][\/et_pb_section]<\/p>\n","protected":false},"excerpt":{"rendered":"<p>Love Room&#8230;Momentos\u00a0rom\u00e2nticos e sexy &nbsp; Este \u00e9 um quarto muito especial, uma forma \u00fanica e original para passar um fim de semana rom\u00e2ntico em Siena ou qualquer outro dia que voc\u00ea queira comemorar com a pessoa que voc\u00ea ama. Imagine entrar em outra dimens\u00e3o. Quando voc\u00ea abrir a porta do Love Room, o CD j\u00e1 [&hellip;]<\/p>\n","protected":false},"author":1,"featured_media":0,"parent":754,"menu_order":0,"comment_status":"closed","ping_status":"closed","template":"","meta":{"_acf_changed":false,"_et_pb_use_builder":"on","_et_pb_old_content":"<p>Lorem ipsum dolor sit amet, consectetur adipiscing elit, sed do eiusmod tempor incididunt ut labore et dolore magna aliqua. Ut enim ad minim veniam, quis nostrud exercitation ullamco laboris nisi ut aliquip ex ea commodo consequat. Duis aute irure dolor in reprehenderit in voluptate velit esse cillum dolore eu fugiat nulla pariatur. Excepteur sint occaecat cupidatat non proident, sunt in culpa qui officia deserunt mollit anim id est laborum.<\/p>","_et_gb_content_width":"","footnotes":""},"acf":[],"yoast_head":"<!-- This site is optimized with the Yoast SEO plugin v23.0 - https:\/\/yoast.com\/wordpress\/plugins\/seo\/ -->\n<title>Alojamento rom\u00e2ntico em Siena: Love Room - Hotel Italia<\/title>\n<meta name=\"description\" content=\"Viva uma estadia rom\u00e2ntica memor\u00e1vel em Siena no exclusivo Love Room do Hotel Italia, uma hospedagem agrad\u00e1vel e exclusiva para casais apaixonados...\" \/>\n<meta name=\"robots\" content=\"index, follow, max-snippet:-1, max-image-preview:large, max-video-preview:-1\" \/>\n<link rel=\"canonical\" href=\"https:\/\/www.hotelitalia-siena.it\/pt-br\/quartos\/love-room\/\" \/>\n<meta property=\"og:locale\" content=\"pt_BR\" \/>\n<meta property=\"og:type\" content=\"article\" \/>\n<meta property=\"og:title\" content=\"Alojamento rom\u00e2ntico em Siena: Love Room - Hotel Italia\" \/>\n<meta property=\"og:description\" content=\"Viva uma estadia rom\u00e2ntica memor\u00e1vel em Siena no exclusivo Love Room do Hotel Italia, uma hospedagem agrad\u00e1vel e exclusiva para casais apaixonados...\" \/>\n<meta property=\"og:url\" content=\"https:\/\/www.hotelitalia-siena.it\/pt-br\/quartos\/love-room\/\" \/>\n<meta property=\"og:site_name\" content=\"Hotel Italia Siena\" \/>\n<meta property=\"article:publisher\" content=\"https:\/\/www.facebook.com\/hotelitaliasiena\/\" \/>\n<meta property=\"article:modified_time\" content=\"2020-10-26T08:58:34+00:00\" \/>\n<meta property=\"og:image\" content=\"https:\/\/www.hotelitalia-siena.it\/wp-content\/uploads\/2016\/09\/sky.png\" \/>\n<meta name=\"twitter:label1\" content=\"Est. tempo de leitura\" \/>\n\t<meta name=\"twitter:data1\" content=\"5 minutos\" \/>\n<script type=\"application\/ld+json\" class=\"yoast-schema-graph\">{\"@context\":\"https:\/\/schema.org\",\"@graph\":[{\"@type\":\"WebPage\",\"@id\":\"https:\/\/www.hotelitalia-siena.it\/pt-br\/quartos\/love-room\/\",\"url\":\"https:\/\/www.hotelitalia-siena.it\/pt-br\/quartos\/love-room\/\",\"name\":\"Alojamento rom\u00e2ntico em Siena: Love Room - Hotel Italia\",\"isPartOf\":{\"@id\":\"https:\/\/www.hotelitalia-siena.it\/#website\"},\"primaryImageOfPage\":{\"@id\":\"https:\/\/www.hotelitalia-siena.it\/pt-br\/quartos\/love-room\/#primaryimage\"},\"image\":{\"@id\":\"https:\/\/www.hotelitalia-siena.it\/pt-br\/quartos\/love-room\/#primaryimage\"},\"thumbnailUrl\":\"https:\/\/www.hotelitalia-siena.it\/wp-content\/uploads\/2016\/09\/sky.png\",\"datePublished\":\"2015-01-26T13:53:59+00:00\",\"dateModified\":\"2020-10-26T08:58:34+00:00\",\"description\":\"Viva uma estadia rom\u00e2ntica memor\u00e1vel em Siena no exclusivo Love Room do Hotel Italia, uma hospedagem agrad\u00e1vel e exclusiva para casais apaixonados...\",\"breadcrumb\":{\"@id\":\"https:\/\/www.hotelitalia-siena.it\/pt-br\/quartos\/love-room\/#breadcrumb\"},\"inLanguage\":\"pt-BR\",\"potentialAction\":[{\"@type\":\"ReadAction\",\"target\":[\"https:\/\/www.hotelitalia-siena.it\/pt-br\/quartos\/love-room\/\"]}]},{\"@type\":\"ImageObject\",\"inLanguage\":\"pt-BR\",\"@id\":\"https:\/\/www.hotelitalia-siena.it\/pt-br\/quartos\/love-room\/#primaryimage\",\"url\":\"https:\/\/www.hotelitalia-siena.it\/wp-content\/uploads\/2016\/09\/sky.png\",\"contentUrl\":\"https:\/\/www.hotelitalia-siena.it\/wp-content\/uploads\/2016\/09\/sky.png\"},{\"@type\":\"BreadcrumbList\",\"@id\":\"https:\/\/www.hotelitalia-siena.it\/pt-br\/quartos\/love-room\/#breadcrumb\",\"itemListElement\":[{\"@type\":\"ListItem\",\"position\":1,\"name\":\"Hotel Italia\",\"item\":\"https:\/\/www.hotelitalia-siena.it\/pt-br\/\"},{\"@type\":\"ListItem\",\"position\":2,\"name\":\"Quartos\",\"item\":\"https:\/\/www.hotelitalia-siena.it\/pt-br\/quartos\/\"},{\"@type\":\"ListItem\",\"position\":3,\"name\":\"Love Room\"}]},{\"@type\":\"WebSite\",\"@id\":\"https:\/\/www.hotelitalia-siena.it\/#website\",\"url\":\"https:\/\/www.hotelitalia-siena.it\/\",\"name\":\"Hotel Italia Siena\",\"description\":\"Just another WordPress site\",\"publisher\":{\"@id\":\"https:\/\/www.hotelitalia-siena.it\/#organization\"},\"potentialAction\":[{\"@type\":\"SearchAction\",\"target\":{\"@type\":\"EntryPoint\",\"urlTemplate\":\"https:\/\/www.hotelitalia-siena.it\/?s={search_term_string}\"},\"query-input\":\"required name=search_term_string\"}],\"inLanguage\":\"pt-BR\"},{\"@type\":\"Organization\",\"@id\":\"https:\/\/www.hotelitalia-siena.it\/#organization\",\"name\":\"Hotel Italia SpA\",\"url\":\"https:\/\/www.hotelitalia-siena.it\/\",\"logo\":{\"@type\":\"ImageObject\",\"inLanguage\":\"pt-BR\",\"@id\":\"https:\/\/www.hotelitalia-siena.it\/#\/schema\/logo\/image\/\",\"url\":\"https:\/\/www.hotelitalia-siena.it\/wp-content\/uploads\/2018\/04\/hotel-italia-siena-logo.png\",\"contentUrl\":\"https:\/\/www.hotelitalia-siena.it\/wp-content\/uploads\/2018\/04\/hotel-italia-siena-logo.png\",\"width\":147,\"height\":102,\"caption\":\"Hotel Italia SpA\"},\"image\":{\"@id\":\"https:\/\/www.hotelitalia-siena.it\/#\/schema\/logo\/image\/\"},\"sameAs\":[\"https:\/\/www.facebook.com\/hotelitaliasiena\/\"]}]}<\/script>\n<!-- \/ Yoast SEO plugin. -->","yoast_head_json":{"title":"Alojamento rom\u00e2ntico em Siena: Love Room - Hotel Italia","description":"Viva uma estadia rom\u00e2ntica memor\u00e1vel em Siena no exclusivo Love Room do Hotel Italia, uma hospedagem agrad\u00e1vel e exclusiva para casais apaixonados...","robots":{"index":"index","follow":"follow","max-snippet":"max-snippet:-1","max-image-preview":"max-image-preview:large","max-video-preview":"max-video-preview:-1"},"canonical":"https:\/\/www.hotelitalia-siena.it\/pt-br\/quartos\/love-room\/","og_locale":"pt_BR","og_type":"article","og_title":"Alojamento rom\u00e2ntico em Siena: Love Room - Hotel Italia","og_description":"Viva uma estadia rom\u00e2ntica memor\u00e1vel em Siena no exclusivo Love Room do Hotel Italia, uma hospedagem agrad\u00e1vel e exclusiva para casais apaixonados...","og_url":"https:\/\/www.hotelitalia-siena.it\/pt-br\/quartos\/love-room\/","og_site_name":"Hotel Italia Siena","article_publisher":"https:\/\/www.facebook.com\/hotelitaliasiena\/","article_modified_time":"2020-10-26T08:58:34+00:00","og_image":[{"url":"https:\/\/www.hotelitalia-siena.it\/wp-content\/uploads\/2016\/09\/sky.png"}],"twitter_misc":{"Est. tempo de leitura":"5 minutos"},"schema":{"@context":"https:\/\/schema.org","@graph":[{"@type":"WebPage","@id":"https:\/\/www.hotelitalia-siena.it\/pt-br\/quartos\/love-room\/","url":"https:\/\/www.hotelitalia-siena.it\/pt-br\/quartos\/love-room\/","name":"Alojamento rom\u00e2ntico em Siena: Love Room - Hotel Italia","isPartOf":{"@id":"https:\/\/www.hotelitalia-siena.it\/#website"},"primaryImageOfPage":{"@id":"https:\/\/www.hotelitalia-siena.it\/pt-br\/quartos\/love-room\/#primaryimage"},"image":{"@id":"https:\/\/www.hotelitalia-siena.it\/pt-br\/quartos\/love-room\/#primaryimage"},"thumbnailUrl":"https:\/\/www.hotelitalia-siena.it\/wp-content\/uploads\/2016\/09\/sky.png","datePublished":"2015-01-26T13:53:59+00:00","dateModified":"2020-10-26T08:58:34+00:00","description":"Viva uma estadia rom\u00e2ntica memor\u00e1vel em Siena no exclusivo Love Room do Hotel Italia, uma hospedagem agrad\u00e1vel e exclusiva para casais apaixonados...","breadcrumb":{"@id":"https:\/\/www.hotelitalia-siena.it\/pt-br\/quartos\/love-room\/#breadcrumb"},"inLanguage":"pt-BR","potentialAction":[{"@type":"ReadAction","target":["https:\/\/www.hotelitalia-siena.it\/pt-br\/quartos\/love-room\/"]}]},{"@type":"ImageObject","inLanguage":"pt-BR","@id":"https:\/\/www.hotelitalia-siena.it\/pt-br\/quartos\/love-room\/#primaryimage","url":"https:\/\/www.hotelitalia-siena.it\/wp-content\/uploads\/2016\/09\/sky.png","contentUrl":"https:\/\/www.hotelitalia-siena.it\/wp-content\/uploads\/2016\/09\/sky.png"},{"@type":"BreadcrumbList","@id":"https:\/\/www.hotelitalia-siena.it\/pt-br\/quartos\/love-room\/#breadcrumb","itemListElement":[{"@type":"ListItem","position":1,"name":"Hotel Italia","item":"https:\/\/www.hotelitalia-siena.it\/pt-br\/"},{"@type":"ListItem","position":2,"name":"Quartos","item":"https:\/\/www.hotelitalia-siena.it\/pt-br\/quartos\/"},{"@type":"ListItem","position":3,"name":"Love Room"}]},{"@type":"WebSite","@id":"https:\/\/www.hotelitalia-siena.it\/#website","url":"https:\/\/www.hotelitalia-siena.it\/","name":"Hotel Italia Siena","description":"Just another WordPress site","publisher":{"@id":"https:\/\/www.hotelitalia-siena.it\/#organization"},"potentialAction":[{"@type":"SearchAction","target":{"@type":"EntryPoint","urlTemplate":"https:\/\/www.hotelitalia-siena.it\/?s={search_term_string}"},"query-input":"required name=search_term_string"}],"inLanguage":"pt-BR"},{"@type":"Organization","@id":"https:\/\/www.hotelitalia-siena.it\/#organization","name":"Hotel Italia SpA","url":"https:\/\/www.hotelitalia-siena.it\/","logo":{"@type":"ImageObject","inLanguage":"pt-BR","@id":"https:\/\/www.hotelitalia-siena.it\/#\/schema\/logo\/image\/","url":"https:\/\/www.hotelitalia-siena.it\/wp-content\/uploads\/2018\/04\/hotel-italia-siena-logo.png","contentUrl":"https:\/\/www.hotelitalia-siena.it\/wp-content\/uploads\/2018\/04\/hotel-italia-siena-logo.png","width":147,"height":102,"caption":"Hotel Italia SpA"},"image":{"@id":"https:\/\/www.hotelitalia-siena.it\/#\/schema\/logo\/image\/"},"sameAs":["https:\/\/www.facebook.com\/hotelitaliasiena\/"]}]}},"_links":{"self":[{"href":"https:\/\/www.hotelitalia-siena.it\/pt-br\/wp-json\/wp\/v2\/pages\/779"}],"collection":[{"href":"https:\/\/www.hotelitalia-siena.it\/pt-br\/wp-json\/wp\/v2\/pages"}],"about":[{"href":"https:\/\/www.hotelitalia-siena.it\/pt-br\/wp-json\/wp\/v2\/types\/page"}],"author":[{"embeddable":true,"href":"https:\/\/www.hotelitalia-siena.it\/pt-br\/wp-json\/wp\/v2\/users\/1"}],"replies":[{"embeddable":true,"href":"https:\/\/www.hotelitalia-siena.it\/pt-br\/wp-json\/wp\/v2\/comments?post=779"}],"version-history":[{"count":2,"href":"https:\/\/www.hotelitalia-siena.it\/pt-br\/wp-json\/wp\/v2\/pages\/779\/revisions"}],"predecessor-version":[{"id":11797,"href":"https:\/\/www.hotelitalia-siena.it\/pt-br\/wp-json\/wp\/v2\/pages\/779\/revisions\/11797"}],"up":[{"embeddable":true,"href":"https:\/\/www.hotelitalia-siena.it\/pt-br\/wp-json\/wp\/v2\/pages\/754"}],"wp:attachment":[{"href":"https:\/\/www.hotelitalia-siena.it\/pt-br\/wp-json\/wp\/v2\/media?parent=779"}],"curies":[{"name":"wp","href":"https:\/\/api.w.org\/{rel}","templated":true}]}}