{"id":773,"date":"2015-01-19T08:34:03","date_gmt":"2015-01-19T08:34:03","guid":{"rendered":"http:\/\/newsite.gardenhotel.it\/camere\/la-villa\/"},"modified":"2018-08-21T14:29:14","modified_gmt":"2018-08-21T14:29:14","slug":"junior-suite","status":"publish","type":"page","link":"https:\/\/www.hotelitalia-siena.it\/pt-br\/quartos\/junior-suite\/","title":{"rendered":"Su\u00edte J\u00fanior"},"content":{"rendered":"<p>[et_pb_section bb_built=&#8221;1&#8243; admin_label=&#8221;section&#8221; fullwidth=&#8221;on&#8221; specialty=&#8221;off&#8221; transparent_background=&#8221;off&#8221; background_color=&#8221;#ffffff&#8221; inner_shadow=&#8221;off&#8221; parallax=&#8221;off&#8221; parallax_method=&#8221;off&#8221; module_class=&#8221;home_header_slide&#8221; next_background_color=&#8221;#000000&#8243;][et_pb_fullwidth_slider show_arrows=&#8221;off&#8221; show_pagination=&#8221;off&#8221; auto=&#8221;off&#8221; parallax=&#8221;off&#8221; parallax_method=&#8221;off&#8221; custom_padding=&#8221;|||&#8221; custom_padding_tablet=&#8221;|||&#8221; custom_padding_phone=&#8221;|||&#8221; show_inner_shadow=&#8221;on&#8221; show_content_on_mobile=&#8221;on&#8221; show_cta_on_mobile=&#8221;on&#8221; box_shadow_horizontal=&#8221;0px&#8221; box_shadow_vertical=&#8221;0px&#8221; box_shadow_blur=&#8221;10px&#8221; box_shadow_spread=&#8221;0px&#8221; box_shadow_position=&#8221;inner&#8221; box_shadow_color=&#8221;rgba(0,0,0,0.1)&#8221; box_shadow_style=&#8221;preset6&#8243;][et_pb_slide background_image=&#8221;https:\/\/www.hotelitalia-siena.it\/wp-content\/uploads\/2015\/01\/header-junior-suite.jpg&#8221; background_color=&#8221;#ffffff&#8221; alignment=&#8221;center&#8221; background_layout=&#8221;dark&#8221; \/][\/et_pb_fullwidth_slider][\/et_pb_section][et_pb_section bb_built=&#8221;1&#8243; admin_label=&#8221;section&#8221; fullwidth=&#8221;off&#8221; specialty=&#8221;off&#8221; transparent_background=&#8221;off&#8221; background_color=&#8221;#ffffff&#8221; inner_shadow=&#8221;off&#8221; parallax=&#8221;off&#8221; parallax_method=&#8221;off&#8221; module_id=&#8221;h-booking_container&#8221; prev_background_color=&#8221;#000000&#8243; next_background_color=&#8221;#000000&#8243;][et_pb_row admin_label=&#8221;row&#8221; background_position=&#8221;top_left&#8221; background_repeat=&#8221;repeat&#8221; background_size=&#8221;initial&#8221;][et_pb_column type=&#8221;4_4&#8243;][et_pb_sidebar orientation=&#8221;left&#8221; area=&#8221;et_pb_widget_area_1&#8243; background_layout=&#8221;light&#8221; show_border=&#8221;on&#8221;]<br \/>\n[\/et_pb_sidebar][\/et_pb_column][\/et_pb_row][\/et_pb_section][et_pb_section bb_built=&#8221;1&#8243; admin_label=&#8221;section&#8221; fullwidth=&#8221;off&#8221; specialty=&#8221;off&#8221; transparent_background=&#8221;off&#8221; background_color=&#8221;#ffffff&#8221; inner_shadow=&#8221;off&#8221; parallax=&#8221;off&#8221; parallax_method=&#8221;off&#8221; module_class=&#8221;room_block&#8221; prev_background_color=&#8221;#000000&#8243;][et_pb_row admin_label=&#8221;row&#8221; background_position=&#8221;top_left&#8221; background_repeat=&#8221;repeat&#8221; background_size=&#8221;initial&#8221;][et_pb_column type=&#8221;4_4&#8243;][et_pb_text use_border_color=&#8221;off&#8221; background_position=&#8221;top_left&#8221; background_repeat=&#8221;repeat&#8221; background_size=&#8221;initial&#8221; _builder_version=&#8221;3.11.1&#8243;]<\/p>\n<h2 style=\"text-align: justify;\">Suite\u00a0<strong>Su\u00edte J\u00fanior\u2026espa\u00e7os amplos e conforto<\/strong><\/h2>\n<p>Possu\u00edmos duas su\u00edtes J\u00fanior no hotel, diferentes em estilo, mas unidas pelo fator \u201cmagnitude\u2019\u2019, que definitivamente oferece conforto para fam\u00edlias com crian\u00e7as, grupos de amigos ou aqueles que querem muito espa\u00e7o no quarto.<\/p>\n<p>Ambas localizam-se no edif\u00edcio principal.<\/p>\n<p>A Su\u00edte J\u00fanior 250 \u00e9 dividida em dois ambientes, al\u00e9m do banheiro com chuveiro. De uma lado localiza-se a cama de casal, e no outro duas camas de solteiro com outra extra\u00edvel, que podem acomodar at\u00e9 quatro crian\u00e7as ou dois adultos. Este segundo ambiente tamb\u00e9m pode ser usado como uma sala de estar privada. A tape\u00e7aria de cor verde elegante, o pavimento em parquet claro juntamente com um pequeno balc\u00e3o banhado pelo sol, conferem uma luminosidade especial a este belo quarto.<br \/>\nA Su\u00edte J\u00fanior 358 \u00e9 composta por um \u00fanico ambiente muito grande, al\u00e9m do banheiro. \u00c9 uma constru\u00e7\u00e3o recente, com tapetes claros e linhas simples. O banheiro de m\u00e1rmore \u00e9 especialmente amplo, com um chuveiro grande e moderno. O quarto tem uma cama king size e um sof\u00e1-cama vermelho muito confort\u00e1vel, que pode acomodar duas crian\u00e7as ou um adulto e uma crian\u00e7a.<br \/>\nVamos reservar para voc\u00ea a Su\u00edte J\u00fanior dispon\u00edvel no momento da sua reserva. Voc\u00ea pode indicar sua prefer\u00eancia nos coment\u00e1rios.<\/p>\n<p><strong>Voc\u00ea deve escolher uma su\u00edte Junior se&#8230;<\/strong><\/p>\n<ul>\n<li>Voc\u00ea est\u00e1 em f\u00e9rias com sua fam\u00edlia.<\/li>\n<li>Voc\u00ea precisa de um quarto espa\u00e7oso.<\/li>\n<li>Voc\u00ea est\u00e1 com seus amigos e quer dividir as despesas.<\/li>\n<li>Se, mesmo sozinho ou acompanhado(a), voc\u00ea gostaria de ter muito espa\u00e7o e servi\u00e7o de qualidade superior.<\/li>\n<li>Voc\u00ea gosta de desfrutar de um bom filme transmitido pelos canais Sky em uma tela plana de 42\u201d.<\/li>\n<li>Quer relaxar ouvindo a sua m\u00fasica preferida, colocando seu iPod na unidade de leitura.<\/li>\n<li>Ao regressar, quer fazer um ch\u00e1 quente de ervas com a chaleira dispon\u00edvel..<\/li>\n<li>Quer navegar na internet com a linha Wi-Fi TOP com banda larga exclusiva de alta fidelidade.<\/li>\n<li>Para voc\u00ea, o que conta \u00e9 a comodidade, o espa\u00e7o e o conforto m\u00e1ximos.<\/li>\n<\/ul>\n<p><strong class=\"services_title\">CARACTER\u00cdSTICAS E EQUIPAMENTOS DO QUARTO:<\/strong><\/p>\n<div class=\"room_logo_services\"><img decoding=\"async\" class=\"aligncenter wp-image-262 size-full\" style=\"margin-top: -10px; position: absolute; left: 0;\" src=\"https:\/\/www.hotelitalia-siena.it\/wp-content\/uploads\/2016\/09\/sky.png\" alt=\"Camere con Sky\" width=\"70px\" height=\"\" \/><img decoding=\"async\" class=\"aligncenter wp-image-262 size-full\" style=\"margin-top: -5px; position: absolute; right: 0;\" src=\"https:\/\/www.hotelitalia-siena.it\/wp-content\/uploads\/2016\/09\/free-wifi.png\" alt=\"Free Wi-fi\" width=\"70px\" height=\"\" \/><\/div>\n<p>&nbsp;<\/p>\n<ul>\n<li>N\u00c3O \u00c9 PERMITIDO FUMAR<\/li>\n<li>Dimens\u00f5es: 28 m<sup>2<\/sup><\/li>\n<li>Cama de casal + sof\u00e1-cama ou cama de casal + 2 duas camas de solteiro<\/li>\n<li>Ar condicionado<\/li>\n<li>Wi-Fi gratuita de alta fidelidade<\/li>\n<li>TV de tela plana de 42\u2019\u2019<\/li>\n<li>Canais por sat\u00e9lite em l\u00edngua estrangeira<\/li>\n<li>Canais Sky gratuitos<\/li>\n<li>Esta\u00e7\u00e3o de acoplamento para iPod<\/li>\n<li>Mini Hi-fi com r\u00e1dio<\/li>\n<li>Leitor de CD\/mp3 e DVD com Dolby Digital<\/li>\n<li>Chaleira el\u00e9trica para ch\u00e1 e caf\u00e9<\/li>\n<li>Cofre<\/li>\n<li>Telefone<\/li>\n<li>Banheiro privativo com chuveiro<\/li>\n<li>Secador de cabelo<\/li>\n<li>Toalhas<\/li>\n<li>Pantufas<\/li>\n<li>Linha banho cortesia, com cosm\u00e9ticos de alta qualidade, feitos apenas com extratos naturais e completamente desenvolvidos sem testes em animais.<\/li>\n<\/ul>\n<p>[\/et_pb_text][\/et_pb_column][\/et_pb_row][et_pb_row admin_label=&#8221;row&#8221; background_position=&#8221;top_left&#8221; background_repeat=&#8221;repeat&#8221; background_size=&#8221;initial&#8221;][et_pb_column type=&#8221;4_4&#8243;][et_pb_gallery gallery_ids=&#8221;4587,4593,4569,4581,4563,4599,6660,4575&#8243; fullwidth=&#8221;off&#8221; posts_number=&#8221;8&#8243; show_title_and_caption=&#8221;on&#8221; show_pagination=&#8221;off&#8221; background_layout=&#8221;light&#8221;]<br \/>\n[\/et_pb_gallery][\/et_pb_column][\/et_pb_row][et_pb_row admin_label=&#8221;row&#8221; background_position=&#8221;top_left&#8221; background_repeat=&#8221;repeat&#8221; background_size=&#8221;initial&#8221;][et_pb_column type=&#8221;4_4&#8243;][et_pb_text background_layout=&#8221;light&#8221; text_orientation=&#8221;left&#8221; background_position=&#8221;top_left&#8221; background_repeat=&#8221;repeat&#8221; background_size=&#8221;initial&#8221;]<br \/>\n[\/et_pb_text][\/et_pb_column][\/et_pb_row][\/et_pb_section]<\/p>\n","protected":false},"excerpt":{"rendered":"<p>Suite\u00a0Su\u00edte J\u00fanior\u2026espa\u00e7os amplos e conforto Possu\u00edmos duas su\u00edtes J\u00fanior no hotel, diferentes em estilo, mas unidas pelo fator \u201cmagnitude\u2019\u2019, que definitivamente oferece conforto para fam\u00edlias com crian\u00e7as, grupos de amigos ou aqueles que querem muito espa\u00e7o no quarto. Ambas localizam-se no edif\u00edcio principal. A Su\u00edte J\u00fanior 250 \u00e9 dividida em dois ambientes, al\u00e9m do banheiro [&hellip;]<\/p>\n","protected":false},"author":1,"featured_media":0,"parent":754,"menu_order":0,"comment_status":"closed","ping_status":"closed","template":"","meta":{"_acf_changed":false,"_et_pb_use_builder":"on","_et_pb_old_content":"","_et_gb_content_width":"","footnotes":""},"acf":[],"yoast_head":"<!-- This site is optimized with the Yoast SEO plugin v23.0 - https:\/\/yoast.com\/wordpress\/plugins\/seo\/ -->\n<title>Alojamento encantador em Siena: Su\u00edte J\u00fanior - Hotel Italia<\/title>\n<meta name=\"description\" content=\"Est\u00e1 procurando um alojamento em Siena? Descubra o conforto e requinte de uma estadia em uma su\u00edte J\u00fanior do Hotel Italia, em quartos com estilo e conforto.\" \/>\n<meta name=\"robots\" content=\"index, follow, max-snippet:-1, max-image-preview:large, max-video-preview:-1\" \/>\n<link rel=\"canonical\" href=\"https:\/\/www.hotelitalia-siena.it\/pt-br\/quartos\/junior-suite\/\" \/>\n<meta property=\"og:locale\" content=\"pt_BR\" \/>\n<meta property=\"og:type\" content=\"article\" \/>\n<meta property=\"og:title\" content=\"Alojamento encantador em Siena: Su\u00edte J\u00fanior - Hotel Italia\" \/>\n<meta property=\"og:description\" content=\"Est\u00e1 procurando um alojamento em Siena? Descubra o conforto e requinte de uma estadia em uma su\u00edte J\u00fanior do Hotel Italia, em quartos com estilo e conforto.\" \/>\n<meta property=\"og:url\" content=\"https:\/\/www.hotelitalia-siena.it\/pt-br\/quartos\/junior-suite\/\" \/>\n<meta property=\"og:site_name\" content=\"Hotel Italia Siena\" \/>\n<meta property=\"article:publisher\" content=\"https:\/\/www.facebook.com\/hotelitaliasiena\/\" \/>\n<meta property=\"article:modified_time\" content=\"2018-08-21T14:29:14+00:00\" \/>\n<meta property=\"og:image\" content=\"https:\/\/www.hotelitalia-siena.it\/wp-content\/uploads\/2016\/09\/sky.png\" \/>\n<meta name=\"twitter:label1\" content=\"Est. tempo de leitura\" \/>\n\t<meta name=\"twitter:data1\" content=\"4 minutos\" \/>\n<script type=\"application\/ld+json\" class=\"yoast-schema-graph\">{\"@context\":\"https:\/\/schema.org\",\"@graph\":[{\"@type\":\"WebPage\",\"@id\":\"https:\/\/www.hotelitalia-siena.it\/pt-br\/quartos\/junior-suite\/\",\"url\":\"https:\/\/www.hotelitalia-siena.it\/pt-br\/quartos\/junior-suite\/\",\"name\":\"Alojamento encantador em Siena: Su\u00edte J\u00fanior - Hotel Italia\",\"isPartOf\":{\"@id\":\"https:\/\/www.hotelitalia-siena.it\/#website\"},\"primaryImageOfPage\":{\"@id\":\"https:\/\/www.hotelitalia-siena.it\/pt-br\/quartos\/junior-suite\/#primaryimage\"},\"image\":{\"@id\":\"https:\/\/www.hotelitalia-siena.it\/pt-br\/quartos\/junior-suite\/#primaryimage\"},\"thumbnailUrl\":\"https:\/\/www.hotelitalia-siena.it\/wp-content\/uploads\/2016\/09\/sky.png\",\"datePublished\":\"2015-01-19T08:34:03+00:00\",\"dateModified\":\"2018-08-21T14:29:14+00:00\",\"description\":\"Est\u00e1 procurando um alojamento em Siena? Descubra o conforto e requinte de uma estadia em uma su\u00edte J\u00fanior do Hotel Italia, em quartos com estilo e conforto.\",\"breadcrumb\":{\"@id\":\"https:\/\/www.hotelitalia-siena.it\/pt-br\/quartos\/junior-suite\/#breadcrumb\"},\"inLanguage\":\"pt-BR\",\"potentialAction\":[{\"@type\":\"ReadAction\",\"target\":[\"https:\/\/www.hotelitalia-siena.it\/pt-br\/quartos\/junior-suite\/\"]}]},{\"@type\":\"ImageObject\",\"inLanguage\":\"pt-BR\",\"@id\":\"https:\/\/www.hotelitalia-siena.it\/pt-br\/quartos\/junior-suite\/#primaryimage\",\"url\":\"https:\/\/www.hotelitalia-siena.it\/wp-content\/uploads\/2016\/09\/sky.png\",\"contentUrl\":\"https:\/\/www.hotelitalia-siena.it\/wp-content\/uploads\/2016\/09\/sky.png\"},{\"@type\":\"BreadcrumbList\",\"@id\":\"https:\/\/www.hotelitalia-siena.it\/pt-br\/quartos\/junior-suite\/#breadcrumb\",\"itemListElement\":[{\"@type\":\"ListItem\",\"position\":1,\"name\":\"Hotel Italia\",\"item\":\"https:\/\/www.hotelitalia-siena.it\/pt-br\/\"},{\"@type\":\"ListItem\",\"position\":2,\"name\":\"Quartos\",\"item\":\"https:\/\/www.hotelitalia-siena.it\/pt-br\/quartos\/\"},{\"@type\":\"ListItem\",\"position\":3,\"name\":\"Su\u00edte J\u00fanior\"}]},{\"@type\":\"WebSite\",\"@id\":\"https:\/\/www.hotelitalia-siena.it\/#website\",\"url\":\"https:\/\/www.hotelitalia-siena.it\/\",\"name\":\"Hotel Italia Siena\",\"description\":\"Just another WordPress site\",\"publisher\":{\"@id\":\"https:\/\/www.hotelitalia-siena.it\/#organization\"},\"potentialAction\":[{\"@type\":\"SearchAction\",\"target\":{\"@type\":\"EntryPoint\",\"urlTemplate\":\"https:\/\/www.hotelitalia-siena.it\/?s={search_term_string}\"},\"query-input\":\"required name=search_term_string\"}],\"inLanguage\":\"pt-BR\"},{\"@type\":\"Organization\",\"@id\":\"https:\/\/www.hotelitalia-siena.it\/#organization\",\"name\":\"Hotel Italia SpA\",\"url\":\"https:\/\/www.hotelitalia-siena.it\/\",\"logo\":{\"@type\":\"ImageObject\",\"inLanguage\":\"pt-BR\",\"@id\":\"https:\/\/www.hotelitalia-siena.it\/#\/schema\/logo\/image\/\",\"url\":\"https:\/\/www.hotelitalia-siena.it\/wp-content\/uploads\/2018\/04\/hotel-italia-siena-logo.png\",\"contentUrl\":\"https:\/\/www.hotelitalia-siena.it\/wp-content\/uploads\/2018\/04\/hotel-italia-siena-logo.png\",\"width\":147,\"height\":102,\"caption\":\"Hotel Italia SpA\"},\"image\":{\"@id\":\"https:\/\/www.hotelitalia-siena.it\/#\/schema\/logo\/image\/\"},\"sameAs\":[\"https:\/\/www.facebook.com\/hotelitaliasiena\/\"]}]}<\/script>\n<!-- \/ Yoast SEO plugin. -->","yoast_head_json":{"title":"Alojamento encantador em Siena: Su\u00edte J\u00fanior - Hotel Italia","description":"Est\u00e1 procurando um alojamento em Siena? Descubra o conforto e requinte de uma estadia em uma su\u00edte J\u00fanior do Hotel Italia, em quartos com estilo e conforto.","robots":{"index":"index","follow":"follow","max-snippet":"max-snippet:-1","max-image-preview":"max-image-preview:large","max-video-preview":"max-video-preview:-1"},"canonical":"https:\/\/www.hotelitalia-siena.it\/pt-br\/quartos\/junior-suite\/","og_locale":"pt_BR","og_type":"article","og_title":"Alojamento encantador em Siena: Su\u00edte J\u00fanior - Hotel Italia","og_description":"Est\u00e1 procurando um alojamento em Siena? Descubra o conforto e requinte de uma estadia em uma su\u00edte J\u00fanior do Hotel Italia, em quartos com estilo e conforto.","og_url":"https:\/\/www.hotelitalia-siena.it\/pt-br\/quartos\/junior-suite\/","og_site_name":"Hotel Italia Siena","article_publisher":"https:\/\/www.facebook.com\/hotelitaliasiena\/","article_modified_time":"2018-08-21T14:29:14+00:00","og_image":[{"url":"https:\/\/www.hotelitalia-siena.it\/wp-content\/uploads\/2016\/09\/sky.png"}],"twitter_misc":{"Est. tempo de leitura":"4 minutos"},"schema":{"@context":"https:\/\/schema.org","@graph":[{"@type":"WebPage","@id":"https:\/\/www.hotelitalia-siena.it\/pt-br\/quartos\/junior-suite\/","url":"https:\/\/www.hotelitalia-siena.it\/pt-br\/quartos\/junior-suite\/","name":"Alojamento encantador em Siena: Su\u00edte J\u00fanior - Hotel Italia","isPartOf":{"@id":"https:\/\/www.hotelitalia-siena.it\/#website"},"primaryImageOfPage":{"@id":"https:\/\/www.hotelitalia-siena.it\/pt-br\/quartos\/junior-suite\/#primaryimage"},"image":{"@id":"https:\/\/www.hotelitalia-siena.it\/pt-br\/quartos\/junior-suite\/#primaryimage"},"thumbnailUrl":"https:\/\/www.hotelitalia-siena.it\/wp-content\/uploads\/2016\/09\/sky.png","datePublished":"2015-01-19T08:34:03+00:00","dateModified":"2018-08-21T14:29:14+00:00","description":"Est\u00e1 procurando um alojamento em Siena? Descubra o conforto e requinte de uma estadia em uma su\u00edte J\u00fanior do Hotel Italia, em quartos com estilo e conforto.","breadcrumb":{"@id":"https:\/\/www.hotelitalia-siena.it\/pt-br\/quartos\/junior-suite\/#breadcrumb"},"inLanguage":"pt-BR","potentialAction":[{"@type":"ReadAction","target":["https:\/\/www.hotelitalia-siena.it\/pt-br\/quartos\/junior-suite\/"]}]},{"@type":"ImageObject","inLanguage":"pt-BR","@id":"https:\/\/www.hotelitalia-siena.it\/pt-br\/quartos\/junior-suite\/#primaryimage","url":"https:\/\/www.hotelitalia-siena.it\/wp-content\/uploads\/2016\/09\/sky.png","contentUrl":"https:\/\/www.hotelitalia-siena.it\/wp-content\/uploads\/2016\/09\/sky.png"},{"@type":"BreadcrumbList","@id":"https:\/\/www.hotelitalia-siena.it\/pt-br\/quartos\/junior-suite\/#breadcrumb","itemListElement":[{"@type":"ListItem","position":1,"name":"Hotel Italia","item":"https:\/\/www.hotelitalia-siena.it\/pt-br\/"},{"@type":"ListItem","position":2,"name":"Quartos","item":"https:\/\/www.hotelitalia-siena.it\/pt-br\/quartos\/"},{"@type":"ListItem","position":3,"name":"Su\u00edte J\u00fanior"}]},{"@type":"WebSite","@id":"https:\/\/www.hotelitalia-siena.it\/#website","url":"https:\/\/www.hotelitalia-siena.it\/","name":"Hotel Italia Siena","description":"Just another WordPress site","publisher":{"@id":"https:\/\/www.hotelitalia-siena.it\/#organization"},"potentialAction":[{"@type":"SearchAction","target":{"@type":"EntryPoint","urlTemplate":"https:\/\/www.hotelitalia-siena.it\/?s={search_term_string}"},"query-input":"required name=search_term_string"}],"inLanguage":"pt-BR"},{"@type":"Organization","@id":"https:\/\/www.hotelitalia-siena.it\/#organization","name":"Hotel Italia SpA","url":"https:\/\/www.hotelitalia-siena.it\/","logo":{"@type":"ImageObject","inLanguage":"pt-BR","@id":"https:\/\/www.hotelitalia-siena.it\/#\/schema\/logo\/image\/","url":"https:\/\/www.hotelitalia-siena.it\/wp-content\/uploads\/2018\/04\/hotel-italia-siena-logo.png","contentUrl":"https:\/\/www.hotelitalia-siena.it\/wp-content\/uploads\/2018\/04\/hotel-italia-siena-logo.png","width":147,"height":102,"caption":"Hotel Italia SpA"},"image":{"@id":"https:\/\/www.hotelitalia-siena.it\/#\/schema\/logo\/image\/"},"sameAs":["https:\/\/www.facebook.com\/hotelitaliasiena\/"]}]}},"_links":{"self":[{"href":"https:\/\/www.hotelitalia-siena.it\/pt-br\/wp-json\/wp\/v2\/pages\/773"}],"collection":[{"href":"https:\/\/www.hotelitalia-siena.it\/pt-br\/wp-json\/wp\/v2\/pages"}],"about":[{"href":"https:\/\/www.hotelitalia-siena.it\/pt-br\/wp-json\/wp\/v2\/types\/page"}],"author":[{"embeddable":true,"href":"https:\/\/www.hotelitalia-siena.it\/pt-br\/wp-json\/wp\/v2\/users\/1"}],"replies":[{"embeddable":true,"href":"https:\/\/www.hotelitalia-siena.it\/pt-br\/wp-json\/wp\/v2\/comments?post=773"}],"version-history":[{"count":1,"href":"https:\/\/www.hotelitalia-siena.it\/pt-br\/wp-json\/wp\/v2\/pages\/773\/revisions"}],"predecessor-version":[{"id":11204,"href":"https:\/\/www.hotelitalia-siena.it\/pt-br\/wp-json\/wp\/v2\/pages\/773\/revisions\/11204"}],"up":[{"embeddable":true,"href":"https:\/\/www.hotelitalia-siena.it\/pt-br\/wp-json\/wp\/v2\/pages\/754"}],"wp:attachment":[{"href":"https:\/\/www.hotelitalia-siena.it\/pt-br\/wp-json\/wp\/v2\/media?parent=773"}],"curies":[{"name":"wp","href":"https:\/\/api.w.org\/{rel}","templated":true}]}}