{"id":759,"date":"2015-01-26T14:01:56","date_gmt":"2015-01-26T14:01:56","guid":{"rendered":"http:\/\/newsite.gardenhotel.it\/camere\/belvedere\/"},"modified":"2017-09-18T11:36:45","modified_gmt":"2017-09-18T11:36:45","slug":"executivo","status":"publish","type":"page","link":"https:\/\/www.hotelitalia-siena.it\/pt-br\/quartos\/executivo\/","title":{"rendered":"Executivo"},"content":{"rendered":"<p>[et_pb_section bb_built=&#8221;1&#8243; admin_label=&#8221;section&#8221; fullwidth=&#8221;on&#8221; specialty=&#8221;off&#8221; transparent_background=&#8221;off&#8221; background_color=&#8221;#ffffff&#8221; inner_shadow=&#8221;off&#8221; parallax=&#8221;off&#8221; parallax_method=&#8221;off&#8221; module_class=&#8221;home_header_slide&#8221;][et_pb_fullwidth_slider show_arrows=&#8221;off&#8221; show_pagination=&#8221;off&#8221; auto=&#8221;off&#8221; parallax=&#8221;off&#8221; parallax_method=&#8221;off&#8221;] [et_pb_slide background_image=&#8221;https:\/\/www.hotelitalia-siena.it\/wp-content\/uploads\/2015\/01\/header-executive.jpg&#8221; background_color=&#8221;#ffffff&#8221; alignment=&#8221;center&#8221; background_layout=&#8221;dark&#8221; \/] [\/et_pb_fullwidth_slider][\/et_pb_section][et_pb_section bb_built=&#8221;1&#8243; admin_label=&#8221;section&#8221; fullwidth=&#8221;off&#8221; specialty=&#8221;off&#8221; transparent_background=&#8221;off&#8221; background_color=&#8221;#ffffff&#8221; inner_shadow=&#8221;off&#8221; parallax=&#8221;off&#8221; parallax_method=&#8221;off&#8221; module_id=&#8221;h-booking_container&#8221;][et_pb_row admin_label=&#8221;row&#8221; background_position=&#8221;top_left&#8221; background_repeat=&#8221;repeat&#8221; background_size=&#8221;initial&#8221;][et_pb_column type=&#8221;4_4&#8243;][et_pb_sidebar orientation=&#8221;left&#8221; area=&#8221;et_pb_widget_area_1&#8243; background_layout=&#8221;light&#8221; \/][\/et_pb_column][\/et_pb_row][\/et_pb_section][et_pb_section bb_built=&#8221;1&#8243; admin_label=&#8221;section&#8221; fullwidth=&#8221;off&#8221; specialty=&#8221;off&#8221; transparent_background=&#8221;off&#8221; background_color=&#8221;#ffffff&#8221; inner_shadow=&#8221;off&#8221; parallax=&#8221;off&#8221; parallax_method=&#8221;off&#8221; module_class=&#8221;room_block&#8221;][et_pb_row admin_label=&#8221;row&#8221; background_position=&#8221;top_left&#8221; background_repeat=&#8221;repeat&#8221; background_size=&#8221;initial&#8221;][et_pb_column type=&#8221;4_4&#8243;][et_pb_text background_layout=&#8221;light&#8221; text_orientation=&#8221;left&#8221; border_style=&#8221;solid&#8221; background_position=&#8221;top_left&#8221; background_repeat=&#8221;repeat&#8221; background_size=&#8221;initial&#8221; _builder_version=&#8221;3.0.71&#8243;]<\/p>\n<h2 style=\"text-align: justify;\"><\/h2>\n<h2 style=\"text-align: justify;\">Os quartos Executivo\u2026a tecnologia no quarto<\/h2>\n<p>Os quartos Executivos, recentemente constru\u00eddos, localizam-se no terceiro andar do edif\u00edcio principal.<br \/>\nA cama de casal \u00e9 king-size e s\u00e3o todos muito bem iluminados e insonorizados.<br \/>\nAs linhas simples e os tapetes brancos dominam o estilo moderno destes quartos e os banheiros de m\u00e1rmore, todos com chuveiro espa\u00e7oso, proporcionam um toque extra de estilo para esse ambiente funcional.<br \/>\nDois quartos t\u00eam um grande terra\u00e7o com vigas expostas e pisos de terracota, que podem ser reservados mediante o acr\u00e9scimo de uma pequena taxa di\u00e1ria.<br \/>\nEste \u00e9 nosso produto mais exclusivo, o nosso &#8220;top de linha&#8221;.<br \/>\nTodos os quartos com vista para a rua t\u00eam janelas de vidros duplos com isolamento ac\u00fastico e insonoriza\u00e7\u00e3o de \u00faltima gera\u00e7\u00e3o.<\/p>\n<p><strong>Para a sua estadia em Siena, perto do centro da cidade, voc\u00ea deve escolher um Executivo se\u2026<\/strong><\/p>\n<ul>\n<li>O pre\u00e7o n\u00e3o for um fator determinante.<\/li>\n<li>Ama as clores claras e um ambiente moderno.<\/li>\n<li>Voc\u00ea gosta de desfrutar de um bom filme transmitido pelos canais Sky em uma tela plana de 42\u201d.<\/li>\n<li>Quer relaxar ouvindo a sua m\u00fasica preferida, colocando seu iPod no respectivo leitor.<\/li>\n<li>Ao regressar, quer fazer um ch\u00e1 quente de ervas com a chaleira dispon\u00edvel.<\/li>\n<li>Quer navegar na internet com a linha Wi-Fi TOP com banda larga exclusiva de alta fidelidade.<\/li>\n<li>Voc\u00ea simplesmente quer sempre o melhor!<\/li>\n<\/ul>\n<p><strong class=\"services_title\">CARACTER\u00cdSTICAS E EQUIPAMENTOS DO QUARTO:<\/strong><\/p>\n<div class=\"room_logo_services\"><img decoding=\"async\" class=\"aligncenter wp-image-262 size-full\" style=\"margin-top: -10px; position: absolute; left: 0;\" src=\"https:\/\/www.hotelitalia-siena.it\/wp-content\/uploads\/2016\/09\/sky.png\" alt=\"Camere con Sky\" width=\"70px\" height=\"\" \/><img decoding=\"async\" class=\"aligncenter wp-image-262 size-full\" style=\"margin-top: -5px; position: absolute; right: 0;\" src=\"https:\/\/www.hotelitalia-siena.it\/wp-content\/uploads\/2016\/09\/free-wifi.png\" alt=\"Free Wi-fi\" width=\"70px\" height=\"\" \/><\/div>\n<p>&nbsp;<\/p>\n<ul>\n<li>N\u00c3O \u00c9 PERMITIDO FUMAR<\/li>\n<li>Dimens\u00f5es: 21 m<sup>2<\/sup><\/li>\n<li>Cama de casal king size<\/li>\n<li>Ar condicionado<\/li>\n<li>Wi-fi gratuita de alta fidelidade<\/li>\n<li>TV de tela plana de 42\u2019\u2019<\/li>\n<li>Canais por sat\u00e9lite em l\u00edngua estrangeira<\/li>\n<li>Canais Sky gratuitos<\/li>\n<li>Esta\u00e7\u00e3o de acoplamento para iPod<\/li>\n<li>Mini Hi-fi com r\u00e1dio<\/li>\n<li>Leitor de CD\/mp3 e DVD com Dolby Digital<\/li>\n<li>Chaleira el\u00e9trica para ch\u00e1 e caf\u00e9<\/li>\n<li>Cofre<\/li>\n<li>Telefone<\/li>\n<li>Banheiro privativo com chuveiro<\/li>\n<li>Secador de cabelo<\/li>\n<li>Toalhas<\/li>\n<li>Pantufas<\/li>\n<li>Linha banho cortesia, com cosm\u00e9ticos de alta qualidade, feitos apenas com extratos naturais e completamente desenvolvidos sem testes em animais.<\/li>\n<\/ul>\n<p>[\/et_pb_text][\/et_pb_column][\/et_pb_row][et_pb_row admin_label=&#8221;row&#8221; background_position=&#8221;top_left&#8221; background_repeat=&#8221;repeat&#8221; background_size=&#8221;initial&#8221;][et_pb_column type=&#8221;4_4&#8243;][et_pb_gallery gallery_ids=&#8221;4515,4503,4509,4521,8933,4527,4533,4539,4792,4545,5604,5544&#8243; fullwidth=&#8221;off&#8221; posts_number=&#8221;12&#8243; show_title_and_caption=&#8221;on&#8221; show_pagination=&#8221;off&#8221; background_layout=&#8221;light&#8221; \/][\/et_pb_column][\/et_pb_row][et_pb_row admin_label=&#8221;row&#8221; background_position=&#8221;top_left&#8221; background_repeat=&#8221;repeat&#8221; background_size=&#8221;initial&#8221;][et_pb_column type=&#8221;4_4&#8243;][et_pb_text background_layout=&#8221;light&#8221; text_orientation=&#8221;left&#8221; background_position=&#8221;top_left&#8221; background_repeat=&#8221;repeat&#8221; background_size=&#8221;initial&#8221;]  [\/et_pb_text][\/et_pb_column][\/et_pb_row][\/et_pb_section]<\/p>\n","protected":false},"excerpt":{"rendered":"<p>Os quartos Executivo\u2026a tecnologia no quarto Os quartos Executivos, recentemente constru\u00eddos, localizam-se no terceiro andar do edif\u00edcio principal. A cama de casal \u00e9 king-size e s\u00e3o todos muito bem iluminados e insonorizados. As linhas simples e os tapetes brancos dominam o estilo moderno destes quartos e os banheiros de m\u00e1rmore, todos com chuveiro espa\u00e7oso, proporcionam [&hellip;]<\/p>\n","protected":false},"author":1,"featured_media":0,"parent":754,"menu_order":0,"comment_status":"closed","ping_status":"closed","template":"","meta":{"_acf_changed":false,"_et_pb_use_builder":"on","_et_pb_old_content":"","_et_gb_content_width":"","footnotes":""},"acf":[],"yoast_head":"<!-- This site is optimized with the Yoast SEO plugin v23.0 - https:\/\/yoast.com\/wordpress\/plugins\/seo\/ -->\n<title>Quarto executivo pr\u00f3ximo ao centro de Siena - Hotel Ita<\/title>\n<meta name=\"description\" content=\"Garanta uma estadia confort\u00e1vel e elegante em Siena, perto do centro da cidade, reservando um dos quartos executivos fornecidos pelo Hotel Italia.\" \/>\n<meta name=\"robots\" content=\"index, follow, max-snippet:-1, max-image-preview:large, max-video-preview:-1\" \/>\n<link rel=\"canonical\" href=\"https:\/\/www.hotelitalia-siena.it\/pt-br\/quartos\/executivo\/\" \/>\n<meta property=\"og:locale\" content=\"pt_BR\" \/>\n<meta property=\"og:type\" content=\"article\" \/>\n<meta property=\"og:title\" content=\"Quarto executivo pr\u00f3ximo ao centro de Siena - Hotel Ita\" \/>\n<meta property=\"og:description\" content=\"Garanta uma estadia confort\u00e1vel e elegante em Siena, perto do centro da cidade, reservando um dos quartos executivos fornecidos pelo Hotel Italia.\" \/>\n<meta property=\"og:url\" content=\"https:\/\/www.hotelitalia-siena.it\/pt-br\/quartos\/executivo\/\" \/>\n<meta property=\"og:site_name\" content=\"Hotel Italia Siena\" \/>\n<meta property=\"article:publisher\" content=\"https:\/\/www.facebook.com\/hotelitaliasiena\/\" \/>\n<meta property=\"article:modified_time\" content=\"2017-09-18T11:36:45+00:00\" \/>\n<meta property=\"og:image\" content=\"https:\/\/www.hotelitalia-siena.it\/wp-content\/uploads\/2016\/09\/sky.png\" \/>\n<meta name=\"twitter:label1\" content=\"Est. tempo de leitura\" \/>\n\t<meta name=\"twitter:data1\" content=\"3 minutos\" \/>\n<script type=\"application\/ld+json\" class=\"yoast-schema-graph\">{\"@context\":\"https:\/\/schema.org\",\"@graph\":[{\"@type\":\"WebPage\",\"@id\":\"https:\/\/www.hotelitalia-siena.it\/pt-br\/quartos\/executivo\/\",\"url\":\"https:\/\/www.hotelitalia-siena.it\/pt-br\/quartos\/executivo\/\",\"name\":\"Quarto executivo pr\u00f3ximo ao centro de Siena - Hotel Ita\",\"isPartOf\":{\"@id\":\"https:\/\/www.hotelitalia-siena.it\/#website\"},\"primaryImageOfPage\":{\"@id\":\"https:\/\/www.hotelitalia-siena.it\/pt-br\/quartos\/executivo\/#primaryimage\"},\"image\":{\"@id\":\"https:\/\/www.hotelitalia-siena.it\/pt-br\/quartos\/executivo\/#primaryimage\"},\"thumbnailUrl\":\"https:\/\/www.hotelitalia-siena.it\/wp-content\/uploads\/2016\/09\/sky.png\",\"datePublished\":\"2015-01-26T14:01:56+00:00\",\"dateModified\":\"2017-09-18T11:36:45+00:00\",\"description\":\"Garanta uma estadia confort\u00e1vel e elegante em Siena, perto do centro da cidade, reservando um dos quartos executivos fornecidos pelo Hotel Italia.\",\"breadcrumb\":{\"@id\":\"https:\/\/www.hotelitalia-siena.it\/pt-br\/quartos\/executivo\/#breadcrumb\"},\"inLanguage\":\"pt-BR\",\"potentialAction\":[{\"@type\":\"ReadAction\",\"target\":[\"https:\/\/www.hotelitalia-siena.it\/pt-br\/quartos\/executivo\/\"]}]},{\"@type\":\"ImageObject\",\"inLanguage\":\"pt-BR\",\"@id\":\"https:\/\/www.hotelitalia-siena.it\/pt-br\/quartos\/executivo\/#primaryimage\",\"url\":\"https:\/\/www.hotelitalia-siena.it\/wp-content\/uploads\/2016\/09\/sky.png\",\"contentUrl\":\"https:\/\/www.hotelitalia-siena.it\/wp-content\/uploads\/2016\/09\/sky.png\"},{\"@type\":\"BreadcrumbList\",\"@id\":\"https:\/\/www.hotelitalia-siena.it\/pt-br\/quartos\/executivo\/#breadcrumb\",\"itemListElement\":[{\"@type\":\"ListItem\",\"position\":1,\"name\":\"Hotel Italia\",\"item\":\"https:\/\/www.hotelitalia-siena.it\/pt-br\/\"},{\"@type\":\"ListItem\",\"position\":2,\"name\":\"Quartos\",\"item\":\"https:\/\/www.hotelitalia-siena.it\/pt-br\/quartos\/\"},{\"@type\":\"ListItem\",\"position\":3,\"name\":\"Executivo\"}]},{\"@type\":\"WebSite\",\"@id\":\"https:\/\/www.hotelitalia-siena.it\/#website\",\"url\":\"https:\/\/www.hotelitalia-siena.it\/\",\"name\":\"Hotel Italia Siena\",\"description\":\"Just another WordPress site\",\"publisher\":{\"@id\":\"https:\/\/www.hotelitalia-siena.it\/#organization\"},\"potentialAction\":[{\"@type\":\"SearchAction\",\"target\":{\"@type\":\"EntryPoint\",\"urlTemplate\":\"https:\/\/www.hotelitalia-siena.it\/?s={search_term_string}\"},\"query-input\":\"required name=search_term_string\"}],\"inLanguage\":\"pt-BR\"},{\"@type\":\"Organization\",\"@id\":\"https:\/\/www.hotelitalia-siena.it\/#organization\",\"name\":\"Hotel Italia SpA\",\"url\":\"https:\/\/www.hotelitalia-siena.it\/\",\"logo\":{\"@type\":\"ImageObject\",\"inLanguage\":\"pt-BR\",\"@id\":\"https:\/\/www.hotelitalia-siena.it\/#\/schema\/logo\/image\/\",\"url\":\"https:\/\/www.hotelitalia-siena.it\/wp-content\/uploads\/2018\/04\/hotel-italia-siena-logo.png\",\"contentUrl\":\"https:\/\/www.hotelitalia-siena.it\/wp-content\/uploads\/2018\/04\/hotel-italia-siena-logo.png\",\"width\":147,\"height\":102,\"caption\":\"Hotel Italia SpA\"},\"image\":{\"@id\":\"https:\/\/www.hotelitalia-siena.it\/#\/schema\/logo\/image\/\"},\"sameAs\":[\"https:\/\/www.facebook.com\/hotelitaliasiena\/\"]}]}<\/script>\n<!-- \/ Yoast SEO plugin. -->","yoast_head_json":{"title":"Quarto executivo pr\u00f3ximo ao centro de Siena - Hotel Ita","description":"Garanta uma estadia confort\u00e1vel e elegante em Siena, perto do centro da cidade, reservando um dos quartos executivos fornecidos pelo Hotel Italia.","robots":{"index":"index","follow":"follow","max-snippet":"max-snippet:-1","max-image-preview":"max-image-preview:large","max-video-preview":"max-video-preview:-1"},"canonical":"https:\/\/www.hotelitalia-siena.it\/pt-br\/quartos\/executivo\/","og_locale":"pt_BR","og_type":"article","og_title":"Quarto executivo pr\u00f3ximo ao centro de Siena - Hotel Ita","og_description":"Garanta uma estadia confort\u00e1vel e elegante em Siena, perto do centro da cidade, reservando um dos quartos executivos fornecidos pelo Hotel Italia.","og_url":"https:\/\/www.hotelitalia-siena.it\/pt-br\/quartos\/executivo\/","og_site_name":"Hotel Italia Siena","article_publisher":"https:\/\/www.facebook.com\/hotelitaliasiena\/","article_modified_time":"2017-09-18T11:36:45+00:00","og_image":[{"url":"https:\/\/www.hotelitalia-siena.it\/wp-content\/uploads\/2016\/09\/sky.png"}],"twitter_misc":{"Est. tempo de leitura":"3 minutos"},"schema":{"@context":"https:\/\/schema.org","@graph":[{"@type":"WebPage","@id":"https:\/\/www.hotelitalia-siena.it\/pt-br\/quartos\/executivo\/","url":"https:\/\/www.hotelitalia-siena.it\/pt-br\/quartos\/executivo\/","name":"Quarto executivo pr\u00f3ximo ao centro de Siena - Hotel Ita","isPartOf":{"@id":"https:\/\/www.hotelitalia-siena.it\/#website"},"primaryImageOfPage":{"@id":"https:\/\/www.hotelitalia-siena.it\/pt-br\/quartos\/executivo\/#primaryimage"},"image":{"@id":"https:\/\/www.hotelitalia-siena.it\/pt-br\/quartos\/executivo\/#primaryimage"},"thumbnailUrl":"https:\/\/www.hotelitalia-siena.it\/wp-content\/uploads\/2016\/09\/sky.png","datePublished":"2015-01-26T14:01:56+00:00","dateModified":"2017-09-18T11:36:45+00:00","description":"Garanta uma estadia confort\u00e1vel e elegante em Siena, perto do centro da cidade, reservando um dos quartos executivos fornecidos pelo Hotel Italia.","breadcrumb":{"@id":"https:\/\/www.hotelitalia-siena.it\/pt-br\/quartos\/executivo\/#breadcrumb"},"inLanguage":"pt-BR","potentialAction":[{"@type":"ReadAction","target":["https:\/\/www.hotelitalia-siena.it\/pt-br\/quartos\/executivo\/"]}]},{"@type":"ImageObject","inLanguage":"pt-BR","@id":"https:\/\/www.hotelitalia-siena.it\/pt-br\/quartos\/executivo\/#primaryimage","url":"https:\/\/www.hotelitalia-siena.it\/wp-content\/uploads\/2016\/09\/sky.png","contentUrl":"https:\/\/www.hotelitalia-siena.it\/wp-content\/uploads\/2016\/09\/sky.png"},{"@type":"BreadcrumbList","@id":"https:\/\/www.hotelitalia-siena.it\/pt-br\/quartos\/executivo\/#breadcrumb","itemListElement":[{"@type":"ListItem","position":1,"name":"Hotel Italia","item":"https:\/\/www.hotelitalia-siena.it\/pt-br\/"},{"@type":"ListItem","position":2,"name":"Quartos","item":"https:\/\/www.hotelitalia-siena.it\/pt-br\/quartos\/"},{"@type":"ListItem","position":3,"name":"Executivo"}]},{"@type":"WebSite","@id":"https:\/\/www.hotelitalia-siena.it\/#website","url":"https:\/\/www.hotelitalia-siena.it\/","name":"Hotel Italia Siena","description":"Just another WordPress site","publisher":{"@id":"https:\/\/www.hotelitalia-siena.it\/#organization"},"potentialAction":[{"@type":"SearchAction","target":{"@type":"EntryPoint","urlTemplate":"https:\/\/www.hotelitalia-siena.it\/?s={search_term_string}"},"query-input":"required name=search_term_string"}],"inLanguage":"pt-BR"},{"@type":"Organization","@id":"https:\/\/www.hotelitalia-siena.it\/#organization","name":"Hotel Italia SpA","url":"https:\/\/www.hotelitalia-siena.it\/","logo":{"@type":"ImageObject","inLanguage":"pt-BR","@id":"https:\/\/www.hotelitalia-siena.it\/#\/schema\/logo\/image\/","url":"https:\/\/www.hotelitalia-siena.it\/wp-content\/uploads\/2018\/04\/hotel-italia-siena-logo.png","contentUrl":"https:\/\/www.hotelitalia-siena.it\/wp-content\/uploads\/2018\/04\/hotel-italia-siena-logo.png","width":147,"height":102,"caption":"Hotel Italia SpA"},"image":{"@id":"https:\/\/www.hotelitalia-siena.it\/#\/schema\/logo\/image\/"},"sameAs":["https:\/\/www.facebook.com\/hotelitaliasiena\/"]}]}},"_links":{"self":[{"href":"https:\/\/www.hotelitalia-siena.it\/pt-br\/wp-json\/wp\/v2\/pages\/759"}],"collection":[{"href":"https:\/\/www.hotelitalia-siena.it\/pt-br\/wp-json\/wp\/v2\/pages"}],"about":[{"href":"https:\/\/www.hotelitalia-siena.it\/pt-br\/wp-json\/wp\/v2\/types\/page"}],"author":[{"embeddable":true,"href":"https:\/\/www.hotelitalia-siena.it\/pt-br\/wp-json\/wp\/v2\/users\/1"}],"replies":[{"embeddable":true,"href":"https:\/\/www.hotelitalia-siena.it\/pt-br\/wp-json\/wp\/v2\/comments?post=759"}],"version-history":[{"count":0,"href":"https:\/\/www.hotelitalia-siena.it\/pt-br\/wp-json\/wp\/v2\/pages\/759\/revisions"}],"up":[{"embeddable":true,"href":"https:\/\/www.hotelitalia-siena.it\/pt-br\/wp-json\/wp\/v2\/pages\/754"}],"wp:attachment":[{"href":"https:\/\/www.hotelitalia-siena.it\/pt-br\/wp-json\/wp\/v2\/media?parent=759"}],"curies":[{"name":"wp","href":"https:\/\/api.w.org\/{rel}","templated":true}]}}