{"id":754,"date":"2015-01-16T13:24:33","date_gmt":"2015-01-16T13:24:33","guid":{"rendered":"http:\/\/newsite.gardenhotel.it\/camere-2\/"},"modified":"2016-09-14T16:21:11","modified_gmt":"2016-09-14T16:21:11","slug":"quartos","status":"publish","type":"page","link":"https:\/\/www.hotelitalia-siena.it\/pt-br\/quartos\/","title":{"rendered":"Quartos"},"content":{"rendered":"<p>[et_pb_section admin_label=&#8221;section&#8221; fullwidth=&#8221;on&#8221; specialty=&#8221;off&#8221; transparent_background=&#8221;off&#8221; background_color=&#8221;#ffffff&#8221; inner_shadow=&#8221;off&#8221; parallax=&#8221;off&#8221; parallax_method=&#8221;off&#8221; module_class=&#8221;home_header_slide&#8221;][et_pb_fullwidth_slider admin_label=&#8221;Fullwidth Slider&#8221; show_arrows=&#8221;off&#8221; show_pagination=&#8221;off&#8221; auto=&#8221;off&#8221; parallax=&#8221;off&#8221; parallax_method=&#8221;off&#8221;]<\/p>\n<p>[et_pb_slide background_color=&#8221;#ffffff&#8221; alignment=&#8221;center&#8221; background_layout=&#8221;dark&#8221; background_image=&#8221;https:\/\/www.hotelitalia-siena.it\/wp-content\/uploads\/2015\/01\/header-camere.jpg&#8221; \/]<\/p>\n<p>[\/et_pb_fullwidth_slider][\/et_pb_section][et_pb_section admin_label=&#8221;section&#8221; fullwidth=&#8221;off&#8221; specialty=&#8221;off&#8221; transparent_background=&#8221;off&#8221; background_color=&#8221;#ffffff&#8221; inner_shadow=&#8221;off&#8221; parallax=&#8221;off&#8221; parallax_method=&#8221;off&#8221; module_id=&#8221;h-booking_container&#8221;][et_pb_row admin_label=&#8221;row&#8221;][et_pb_column type=&#8221;4_4&#8243;][et_pb_sidebar admin_label=&#8221;Sidebar&#8221; orientation=&#8221;left&#8221; area=&#8221;et_pb_widget_area_1&#8243; background_layout=&#8221;light&#8221;]<\/p>\n<p>[\/et_pb_sidebar][\/et_pb_column][\/et_pb_row][\/et_pb_section][et_pb_section admin_label=&#8221;section&#8221; fullwidth=&#8221;off&#8221; specialty=&#8221;off&#8221; transparent_background=&#8221;off&#8221; allow_player_pause=&#8221;off&#8221; inner_shadow=&#8221;off&#8221; parallax=&#8221;off&#8221; parallax_method=&#8221;off&#8221; custom_padding=&#8221;||0px|&#8221; padding_mobile=&#8221;on&#8221; make_fullwidth=&#8221;off&#8221; use_custom_width=&#8221;off&#8221; width_unit=&#8221;on&#8221; make_equal=&#8221;off&#8221; use_custom_gutter=&#8221;off&#8221;][et_pb_row admin_label=&#8221;row&#8221;][et_pb_column type=&#8221;4_4&#8243;][et_pb_text admin_label=&#8221;Text&#8221; background_layout=&#8221;light&#8221; text_orientation=&#8221;left&#8221; use_border_color=&#8221;off&#8221; border_color=&#8221;#ffffff&#8221; border_style=&#8221;solid&#8221;]<\/p>\n<h2 style=\"text-align: justify;width:130px;float:left;\">Quartos<\/h2>\n<div style=\"left: 135px; width: 150px; position: relative;\"><img decoding=\"async\" class=\"aligncenter wp-image-262 size-full\" style=\"margin-top: -10px; position: absolute; left: 0;\" src=\"https:\/\/www.hotelitalia-siena.it\/wp-content\/uploads\/2016\/09\/sky.png\" alt=\"Camere con Sky\" height=\"\" width=\"70px\"><img decoding=\"async\" class=\"aligncenter wp-image-262 size-full\" style=\"margin-top: -5px; position: absolute; right: 0;\" src=\"https:\/\/www.hotelitalia-siena.it\/wp-content\/uploads\/2016\/09\/free-wifi.png\" alt=\"Free Wi-fi\" height=\"\" width=\"70px\"><\/div>\n<p><br style=\"clear:both;\"><br \/>\n<strong>Descubra qual \u00e9 o quarto mais adaptado \u00e0s suas necessidades.<\/strong><\/p>\n<p>O hotel Italia possui 65 quartos de diferentes tipologias e estilos, e voc\u00ea certamente vai encontrar um que combina com voc\u00ea!<br \/>\nTodos eles t\u00eam banheiros privativos, ar condicionado, minibar, cofre, Wi-Fi gratuita, canais por sat\u00e9lite em ingl\u00eas, espanhol, portugu\u00eas, franc\u00eas e alem\u00e3o e canais Sky gratuitos.<\/p>\n<p>51 est\u00e3o localizados no pr\u00e9dio central e 14 no anexo lateral e s\u00e3o todos para <strong>n\u00e3o Fumantes<\/strong>.<\/p>\n<p>A acomoda\u00e7\u00e3o no anexo lateral, de acordo com muitos h\u00f3spedes, oferece mais privacidade e liberdade. \u00c9 tudo muito subjetivo, depende de voc\u00ea. A entrada fica ao lado da entrada principal.<\/p>\n<p>Alguns quartos t\u00eam um balc\u00e3o ou terra\u00e7o que podem ser reservados mediante o acr\u00e9scimo de uma pequena taxa di\u00e1ria. Esta op\u00e7\u00e3o encontra-se dispon\u00edvel para os seguintes tipos de quartos: Duplo Standard, Duplo Superior, Duplo Executivo e Love Room.<\/p>\n<p>[\/et_pb_text][\/et_pb_column][\/et_pb_row][\/et_pb_section][et_pb_section admin_label=&#8221;section&#8221; fullwidth=&#8221;off&#8221; specialty=&#8221;off&#8221; transparent_background=&#8221;off&#8221; allow_player_pause=&#8221;off&#8221; inner_shadow=&#8221;off&#8221; parallax=&#8221;off&#8221; parallax_method=&#8221;off&#8221; custom_padding=&#8221;0px|||&#8221; padding_mobile=&#8221;on&#8221; make_fullwidth=&#8221;off&#8221; use_custom_width=&#8221;off&#8221; width_unit=&#8221;on&#8221; make_equal=&#8221;off&#8221; use_custom_gutter=&#8221;off&#8221;][et_pb_row admin_label=&#8221;row&#8221;][et_pb_column type=&#8221;1_3&#8243;][et_pb_blurb admin_label=&#8221;Blurb&#8221; title=&#8221;Os quartos standard&#8230;&#8221; url_new_window=&#8221;off&#8221; use_icon=&#8221;off&#8221; icon_color=&#8221;#f1c300&#8243; use_circle=&#8221;off&#8221; circle_color=&#8221;#f1c300&#8243; use_circle_border=&#8221;off&#8221; circle_border_color=&#8221;#f1c300&#8243; image=&#8221;https:\/\/www.hotelitalia-siena.it\/wp-content\/uploads\/2015\/01\/blurb_standard.jpg&#8221; icon_placement=&#8221;top&#8221; animation=&#8221;off&#8221; background_layout=&#8221;light&#8221; text_orientation=&#8221;center&#8221; module_class=&#8221;room_blurb_row1&#8243; url=&#8221;https:\/\/www.hotelitalia-siena.it\/pt-br\/quartos\/standard\/&#8221;]<\/p>\n<p><a class=\"room_blurb_more_row1\" title=\"Standard\" href=\"https:\/\/www.hotelitalia-siena.it\/pt-br\/quartos\/standard\/\"> Continua +<\/a><\/p>\n<p class=\"sub_room\">conforto com baixo custo<\/p>\n<p>[\/et_pb_blurb][\/et_pb_column][et_pb_column type=&#8221;1_3&#8243;][et_pb_blurb admin_label=&#8221;Blurb&#8221; title=&#8221;Os Quartos Superiores&#8230;&#8221; url_new_window=&#8221;off&#8221; use_icon=&#8221;off&#8221; icon_color=&#8221;#f1c300&#8243; use_circle=&#8221;off&#8221; circle_color=&#8221;#f1c300&#8243; use_circle_border=&#8221;off&#8221; circle_border_color=&#8221;#f1c300&#8243; image=&#8221;https:\/\/www.hotelitalia-siena.it\/wp-content\/uploads\/2015\/01\/blurb_superior.jpg&#8221; icon_placement=&#8221;top&#8221; animation=&#8221;off&#8221; background_layout=&#8221;light&#8221; text_orientation=&#8221;center&#8221; module_class=&#8221;room_blurb_row1&#8243; url=&#8221;https:\/\/www.hotelitalia-siena.it\/pt-br\/quartos\/superior\/&#8221;]<\/p>\n<p><a class=\"room_blurb_more_row1\" title=\"Superior\" href=\"https:\/\/www.hotelitalia-siena.it\/pt-br\/quartos\/superior\/\"> Continua +<\/a><\/p>\n<p class=\"sub_room\">eleg\u00e2ncia intemporal<\/p>\n<p>[\/et_pb_blurb][\/et_pb_column][et_pb_column type=&#8221;1_3&#8243;][et_pb_blurb admin_label=&#8221;Blurb&#8221; title=&#8221;Quarto executivo&#8230;&#8221; url_new_window=&#8221;off&#8221; use_icon=&#8221;off&#8221; icon_color=&#8221;#f1c300&#8243; use_circle=&#8221;off&#8221; circle_color=&#8221;#f1c300&#8243; use_circle_border=&#8221;off&#8221; circle_border_color=&#8221;#f1c300&#8243; image=&#8221;https:\/\/www.hotelitalia-siena.it\/wp-content\/uploads\/2015\/01\/blurb_executive.jpg&#8221; icon_placement=&#8221;top&#8221; animation=&#8221;off&#8221; background_layout=&#8221;light&#8221; text_orientation=&#8221;center&#8221; module_class=&#8221;room_blurb_row1&#8243; url=&#8221;https:\/\/www.hotelitalia-siena.it\/pt-br\/quartos\/executivo\/&#8221;]<\/p>\n<p><a class=\"room_blurb_more_row1\" title=\"Executivo\" href=\"https:\/\/www.hotelitalia-siena.it\/pt-br\/quartos\/executivo\/\"> Continua +<\/a><\/p>\n<p class=\"sub_room\">a tecnologia no quarto<\/p>\n<p>[\/et_pb_blurb][\/et_pb_column][\/et_pb_row][et_pb_row admin_label=&#8221;row&#8221;][et_pb_column type=&#8221;1_2&#8243;][et_pb_blurb admin_label=&#8221;Blurb&#8221; title=&#8221;Love Room\u2026&#8221; url_new_window=&#8221;off&#8221; use_icon=&#8221;off&#8221; icon_color=&#8221;#f1c300&#8243; use_circle=&#8221;off&#8221; circle_color=&#8221;#f1c300&#8243; use_circle_border=&#8221;off&#8221; circle_border_color=&#8221;#f1c300&#8243; image=&#8221;https:\/\/www.hotelitalia-siena.it\/wp-content\/uploads\/2015\/01\/blurb_love_room.jpg&#8221; icon_placement=&#8221;top&#8221; animation=&#8221;off&#8221; background_layout=&#8221;light&#8221; text_orientation=&#8221;center&#8221; module_class=&#8221;room_blurb&#8221; url=&#8221;https:\/\/www.hotelitalia-siena.it\/pt-br\/quartos\/love-room\/&#8221;]<\/p>\n<p><a class=\"room_blurb_more\" title=\"Love Room\" href=\"https:\/\/www.hotelitalia-siena.it\/pt-br\/quartos\/love-room\/\"> Continua +<\/a><\/p>\n<p class=\"sub_room\">momentos rom\u00e2nticos e sexy<\/p>\n<p>[\/et_pb_blurb][\/et_pb_column][et_pb_column type=&#8221;1_2&#8243;][et_pb_blurb admin_label=&#8221;Blurb&#8221; title=&#8221;Suite J\u00fanior&#8230;&#8221; url_new_window=&#8221;off&#8221; use_icon=&#8221;off&#8221; icon_color=&#8221;#f1c300&#8243; use_circle=&#8221;off&#8221; circle_color=&#8221;#f1c300&#8243; use_circle_border=&#8221;off&#8221; circle_border_color=&#8221;#f1c300&#8243; image=&#8221;https:\/\/www.hotelitalia-siena.it\/wp-content\/uploads\/2015\/01\/blurb_junior_suite.jpg&#8221; icon_placement=&#8221;top&#8221; animation=&#8221;off&#8221; background_layout=&#8221;light&#8221; text_orientation=&#8221;center&#8221; module_class=&#8221;room_blurb&#8221; url=&#8221; https:\/\/www.hotelitalia-siena.it\/pt-br\/quartos\/junior-suite\/&#8221;]<\/p>\n<p><a class=\"room_blurb_more\" title=\"Su\u00edte J\u00fanior\" href=\"https:\/\/www.hotelitalia-siena.it\/pt-br\/quartos\/junior-suite\/\"> Continua +<\/a><\/p>\n<p class=\"sub_room\">espa\u00e7os amplos e conforto<\/p>\n<p>[\/et_pb_blurb][\/et_pb_column][\/et_pb_row][\/et_pb_section]<\/p>\n","protected":false},"excerpt":{"rendered":"<p>Quartos Descubra qual \u00e9 o quarto mais adaptado \u00e0s suas necessidades. O hotel Italia possui 65 quartos de diferentes tipologias e estilos, e voc\u00ea certamente vai encontrar um que combina com voc\u00ea! Todos eles t\u00eam banheiros privativos, ar condicionado, minibar, cofre, Wi-Fi gratuita, canais por sat\u00e9lite em ingl\u00eas, espanhol, portugu\u00eas, franc\u00eas e alem\u00e3o e canais [&hellip;]<\/p>\n","protected":false},"author":1,"featured_media":0,"parent":0,"menu_order":0,"comment_status":"closed","ping_status":"closed","template":"","meta":{"_acf_changed":false,"_et_pb_use_builder":"on","_et_pb_old_content":"","_et_gb_content_width":"","footnotes":""},"acf":[],"yoast_head":"<!-- This site is optimized with the Yoast SEO plugin v23.0 - https:\/\/yoast.com\/wordpress\/plugins\/seo\/ -->\n<title>Quartos em Hotel 3 estrelas em Siena - Hotel Italia<\/title>\n<meta name=\"description\" content=\"Quartos no hotel Italia em Siena, hotel tr\u00eas estrelas pr\u00f3ximo ao centro de Siena.\" \/>\n<meta name=\"robots\" content=\"index, follow, max-snippet:-1, max-image-preview:large, max-video-preview:-1\" \/>\n<link rel=\"canonical\" href=\"https:\/\/www.hotelitalia-siena.it\/pt-br\/quartos\/\" \/>\n<meta property=\"og:locale\" content=\"pt_BR\" \/>\n<meta property=\"og:type\" content=\"article\" \/>\n<meta property=\"og:title\" content=\"Quartos em Hotel 3 estrelas em Siena - Hotel Italia\" \/>\n<meta property=\"og:description\" content=\"Quartos no hotel Italia em Siena, hotel tr\u00eas estrelas pr\u00f3ximo ao centro de Siena.\" \/>\n<meta property=\"og:url\" content=\"https:\/\/www.hotelitalia-siena.it\/pt-br\/quartos\/\" \/>\n<meta property=\"og:site_name\" content=\"Hotel Italia Siena\" \/>\n<meta property=\"article:publisher\" content=\"https:\/\/www.facebook.com\/hotelitaliasiena\/\" \/>\n<meta property=\"article:modified_time\" content=\"2016-09-14T16:21:11+00:00\" \/>\n<meta property=\"og:image\" content=\"https:\/\/www.hotelitalia-siena.it\/wp-content\/uploads\/2016\/09\/sky.png\" \/>\n<meta name=\"twitter:label1\" content=\"Est. tempo de leitura\" \/>\n\t<meta name=\"twitter:data1\" content=\"4 minutos\" \/>\n<script type=\"application\/ld+json\" class=\"yoast-schema-graph\">{\"@context\":\"https:\/\/schema.org\",\"@graph\":[{\"@type\":\"WebPage\",\"@id\":\"https:\/\/www.hotelitalia-siena.it\/pt-br\/quartos\/\",\"url\":\"https:\/\/www.hotelitalia-siena.it\/pt-br\/quartos\/\",\"name\":\"Quartos em Hotel 3 estrelas em Siena - Hotel Italia\",\"isPartOf\":{\"@id\":\"https:\/\/www.hotelitalia-siena.it\/#website\"},\"primaryImageOfPage\":{\"@id\":\"https:\/\/www.hotelitalia-siena.it\/pt-br\/quartos\/#primaryimage\"},\"image\":{\"@id\":\"https:\/\/www.hotelitalia-siena.it\/pt-br\/quartos\/#primaryimage\"},\"thumbnailUrl\":\"https:\/\/www.hotelitalia-siena.it\/wp-content\/uploads\/2016\/09\/sky.png\",\"datePublished\":\"2015-01-16T13:24:33+00:00\",\"dateModified\":\"2016-09-14T16:21:11+00:00\",\"description\":\"Quartos no hotel Italia em Siena, hotel tr\u00eas estrelas pr\u00f3ximo ao centro de Siena.\",\"breadcrumb\":{\"@id\":\"https:\/\/www.hotelitalia-siena.it\/pt-br\/quartos\/#breadcrumb\"},\"inLanguage\":\"pt-BR\",\"potentialAction\":[{\"@type\":\"ReadAction\",\"target\":[\"https:\/\/www.hotelitalia-siena.it\/pt-br\/quartos\/\"]}]},{\"@type\":\"ImageObject\",\"inLanguage\":\"pt-BR\",\"@id\":\"https:\/\/www.hotelitalia-siena.it\/pt-br\/quartos\/#primaryimage\",\"url\":\"https:\/\/www.hotelitalia-siena.it\/wp-content\/uploads\/2016\/09\/sky.png\",\"contentUrl\":\"https:\/\/www.hotelitalia-siena.it\/wp-content\/uploads\/2016\/09\/sky.png\"},{\"@type\":\"BreadcrumbList\",\"@id\":\"https:\/\/www.hotelitalia-siena.it\/pt-br\/quartos\/#breadcrumb\",\"itemListElement\":[{\"@type\":\"ListItem\",\"position\":1,\"name\":\"Hotel Italia\",\"item\":\"https:\/\/www.hotelitalia-siena.it\/pt-br\/\"},{\"@type\":\"ListItem\",\"position\":2,\"name\":\"Quartos\"}]},{\"@type\":\"WebSite\",\"@id\":\"https:\/\/www.hotelitalia-siena.it\/#website\",\"url\":\"https:\/\/www.hotelitalia-siena.it\/\",\"name\":\"Hotel Italia Siena\",\"description\":\"Just another WordPress site\",\"publisher\":{\"@id\":\"https:\/\/www.hotelitalia-siena.it\/#organization\"},\"potentialAction\":[{\"@type\":\"SearchAction\",\"target\":{\"@type\":\"EntryPoint\",\"urlTemplate\":\"https:\/\/www.hotelitalia-siena.it\/?s={search_term_string}\"},\"query-input\":\"required name=search_term_string\"}],\"inLanguage\":\"pt-BR\"},{\"@type\":\"Organization\",\"@id\":\"https:\/\/www.hotelitalia-siena.it\/#organization\",\"name\":\"Hotel Italia SpA\",\"url\":\"https:\/\/www.hotelitalia-siena.it\/\",\"logo\":{\"@type\":\"ImageObject\",\"inLanguage\":\"pt-BR\",\"@id\":\"https:\/\/www.hotelitalia-siena.it\/#\/schema\/logo\/image\/\",\"url\":\"https:\/\/www.hotelitalia-siena.it\/wp-content\/uploads\/2018\/04\/hotel-italia-siena-logo.png\",\"contentUrl\":\"https:\/\/www.hotelitalia-siena.it\/wp-content\/uploads\/2018\/04\/hotel-italia-siena-logo.png\",\"width\":147,\"height\":102,\"caption\":\"Hotel Italia SpA\"},\"image\":{\"@id\":\"https:\/\/www.hotelitalia-siena.it\/#\/schema\/logo\/image\/\"},\"sameAs\":[\"https:\/\/www.facebook.com\/hotelitaliasiena\/\"]}]}<\/script>\n<!-- \/ Yoast SEO plugin. -->","yoast_head_json":{"title":"Quartos em Hotel 3 estrelas em Siena - Hotel Italia","description":"Quartos no hotel Italia em Siena, hotel tr\u00eas estrelas pr\u00f3ximo ao centro de Siena.","robots":{"index":"index","follow":"follow","max-snippet":"max-snippet:-1","max-image-preview":"max-image-preview:large","max-video-preview":"max-video-preview:-1"},"canonical":"https:\/\/www.hotelitalia-siena.it\/pt-br\/quartos\/","og_locale":"pt_BR","og_type":"article","og_title":"Quartos em Hotel 3 estrelas em Siena - Hotel Italia","og_description":"Quartos no hotel Italia em Siena, hotel tr\u00eas estrelas pr\u00f3ximo ao centro de Siena.","og_url":"https:\/\/www.hotelitalia-siena.it\/pt-br\/quartos\/","og_site_name":"Hotel Italia Siena","article_publisher":"https:\/\/www.facebook.com\/hotelitaliasiena\/","article_modified_time":"2016-09-14T16:21:11+00:00","og_image":[{"url":"https:\/\/www.hotelitalia-siena.it\/wp-content\/uploads\/2016\/09\/sky.png"}],"twitter_misc":{"Est. tempo de leitura":"4 minutos"},"schema":{"@context":"https:\/\/schema.org","@graph":[{"@type":"WebPage","@id":"https:\/\/www.hotelitalia-siena.it\/pt-br\/quartos\/","url":"https:\/\/www.hotelitalia-siena.it\/pt-br\/quartos\/","name":"Quartos em Hotel 3 estrelas em Siena - Hotel Italia","isPartOf":{"@id":"https:\/\/www.hotelitalia-siena.it\/#website"},"primaryImageOfPage":{"@id":"https:\/\/www.hotelitalia-siena.it\/pt-br\/quartos\/#primaryimage"},"image":{"@id":"https:\/\/www.hotelitalia-siena.it\/pt-br\/quartos\/#primaryimage"},"thumbnailUrl":"https:\/\/www.hotelitalia-siena.it\/wp-content\/uploads\/2016\/09\/sky.png","datePublished":"2015-01-16T13:24:33+00:00","dateModified":"2016-09-14T16:21:11+00:00","description":"Quartos no hotel Italia em Siena, hotel tr\u00eas estrelas pr\u00f3ximo ao centro de Siena.","breadcrumb":{"@id":"https:\/\/www.hotelitalia-siena.it\/pt-br\/quartos\/#breadcrumb"},"inLanguage":"pt-BR","potentialAction":[{"@type":"ReadAction","target":["https:\/\/www.hotelitalia-siena.it\/pt-br\/quartos\/"]}]},{"@type":"ImageObject","inLanguage":"pt-BR","@id":"https:\/\/www.hotelitalia-siena.it\/pt-br\/quartos\/#primaryimage","url":"https:\/\/www.hotelitalia-siena.it\/wp-content\/uploads\/2016\/09\/sky.png","contentUrl":"https:\/\/www.hotelitalia-siena.it\/wp-content\/uploads\/2016\/09\/sky.png"},{"@type":"BreadcrumbList","@id":"https:\/\/www.hotelitalia-siena.it\/pt-br\/quartos\/#breadcrumb","itemListElement":[{"@type":"ListItem","position":1,"name":"Hotel Italia","item":"https:\/\/www.hotelitalia-siena.it\/pt-br\/"},{"@type":"ListItem","position":2,"name":"Quartos"}]},{"@type":"WebSite","@id":"https:\/\/www.hotelitalia-siena.it\/#website","url":"https:\/\/www.hotelitalia-siena.it\/","name":"Hotel Italia Siena","description":"Just another WordPress site","publisher":{"@id":"https:\/\/www.hotelitalia-siena.it\/#organization"},"potentialAction":[{"@type":"SearchAction","target":{"@type":"EntryPoint","urlTemplate":"https:\/\/www.hotelitalia-siena.it\/?s={search_term_string}"},"query-input":"required name=search_term_string"}],"inLanguage":"pt-BR"},{"@type":"Organization","@id":"https:\/\/www.hotelitalia-siena.it\/#organization","name":"Hotel Italia SpA","url":"https:\/\/www.hotelitalia-siena.it\/","logo":{"@type":"ImageObject","inLanguage":"pt-BR","@id":"https:\/\/www.hotelitalia-siena.it\/#\/schema\/logo\/image\/","url":"https:\/\/www.hotelitalia-siena.it\/wp-content\/uploads\/2018\/04\/hotel-italia-siena-logo.png","contentUrl":"https:\/\/www.hotelitalia-siena.it\/wp-content\/uploads\/2018\/04\/hotel-italia-siena-logo.png","width":147,"height":102,"caption":"Hotel Italia SpA"},"image":{"@id":"https:\/\/www.hotelitalia-siena.it\/#\/schema\/logo\/image\/"},"sameAs":["https:\/\/www.facebook.com\/hotelitaliasiena\/"]}]}},"_links":{"self":[{"href":"https:\/\/www.hotelitalia-siena.it\/pt-br\/wp-json\/wp\/v2\/pages\/754"}],"collection":[{"href":"https:\/\/www.hotelitalia-siena.it\/pt-br\/wp-json\/wp\/v2\/pages"}],"about":[{"href":"https:\/\/www.hotelitalia-siena.it\/pt-br\/wp-json\/wp\/v2\/types\/page"}],"author":[{"embeddable":true,"href":"https:\/\/www.hotelitalia-siena.it\/pt-br\/wp-json\/wp\/v2\/users\/1"}],"replies":[{"embeddable":true,"href":"https:\/\/www.hotelitalia-siena.it\/pt-br\/wp-json\/wp\/v2\/comments?post=754"}],"version-history":[{"count":0,"href":"https:\/\/www.hotelitalia-siena.it\/pt-br\/wp-json\/wp\/v2\/pages\/754\/revisions"}],"wp:attachment":[{"href":"https:\/\/www.hotelitalia-siena.it\/pt-br\/wp-json\/wp\/v2\/media?parent=754"}],"curies":[{"name":"wp","href":"https:\/\/api.w.org\/{rel}","templated":true}]}}