{"id":4437,"date":"2015-07-03T09:13:26","date_gmt":"2015-07-03T09:13:26","guid":{"rendered":"http:\/\/local.hotelitalia-siena.it\/informazioni\/prezzi\/"},"modified":"2015-12-29T09:13:26","modified_gmt":"2015-12-29T09:13:26","slug":"prezzi","status":"publish","type":"page","link":"https:\/\/www.hotelitalia-siena.it\/pt-br\/prezzi\/","title":{"rendered":"Pre\u00e7os"},"content":{"rendered":"<p>[et_pb_section fullwidth=&#8221;on&#8221; specialty=&#8221;off&#8221; transparent_background=&#8221;off&#8221; background_color=&#8221;#ffffff&#8221; inner_shadow=&#8221;off&#8221; parallax=&#8221;off&#8221; parallax_method=&#8221;off&#8221; module_class=&#8221;home_header_slide&#8221;][et_pb_fullwidth_slider admin_label=&#8221;Fullwidth Slider&#8221; show_arrows=&#8221;off&#8221; show_pagination=&#8221;off&#8221; auto=&#8221;off&#8221; parallax=&#8221;off&#8221; parallax_method=&#8221;off&#8221;][et_pb_slide background_image=&#8221;https:\/\/www.hotelitalia-siena.it\/wp-content\/uploads\/2015\/07\/MG_6308-bis.jpg&#8221; background_color=&#8221;#ffffff&#8221; alignment=&#8221;center&#8221; background_layout=&#8221;dark&#8221; \/][\/et_pb_fullwidth_slider][\/et_pb_section][et_pb_section fullwidth=&#8221;off&#8221; specialty=&#8221;off&#8221; transparent_background=&#8221;off&#8221; background_color=&#8221;#ffffff&#8221; inner_shadow=&#8221;off&#8221; parallax=&#8221;off&#8221; parallax_method=&#8221;off&#8221; module_id=&#8221;h-booking_container&#8221;][et_pb_row][et_pb_column type=&#8221;4_4&#8243;][et_pb_sidebar admin_label=&#8221;Sidebar&#8221; orientation=&#8221;left&#8221; area=&#8221;et_pb_widget_area_1&#8243; background_layout=&#8221;light&#8221; \/][\/et_pb_column][\/et_pb_row][\/et_pb_section][et_pb_section fullwidth=&#8221;off&#8221; specialty=&#8221;off&#8221; transparent_background=&#8221;off&#8221; background_color=&#8221;#ffffff&#8221; inner_shadow=&#8221;off&#8221; parallax=&#8221;off&#8221; parallax_method=&#8221;off&#8221; module_class=&#8221;room_block&#8221;][et_pb_row][et_pb_column type=&#8221;4_4&#8243;][et_pb_text admin_label=&#8221;Text&#8221; background_layout=&#8221;light&#8221; text_orientation=&#8221;left&#8221;]<\/p>\n<h1>Pre\u00e7os<\/h1>\n<p><table id=\"table_65413427\" width=\"100%\" class=\"hover\"><thead><tr><th>TIPO DE QUARTO<\/th><th>PRE\u00c7O (a partir de ...)<\/th><\/tr>\n    <\/thead>\n    <tbody>\n\t\n\t<script type=\"text\/javascript\" charset=\"utf-8\">\n jQuery(document).ready(function() {\n    jQuery('#table_65413427').DataTable( {\"destroy\": true,\"bPaginate\": false,\"bLengthChange\": false,\"bFilter\": false,\"bSort\": false,\"bInfo\": false,\"bStateSave\": true,\"bAutoWidth\": true,\"sPaginationType\": \"full_numbers\",\"oLanguage\": {\r\n\t\t\t\"sLengthMenu\": \"Display _MENU_ records per page\",\r\n\t\t\t\"sZeroRecords\": \"Nothing found - sorry\",\r\n\t\t\t\"sInfo\": \"Showing _START_ to _END_ of _TOTAL_ records\",\r\n\t\t\t\"sInfoEmpty\": \"Showing 0 to 0 of 0 records\",\r\n                        \"sSearch\": \"Search: \",\r\n\t\t\t\"sInfoFiltered\": \"(filtered from _MAX_ total records)\"\r\n\t\t}} );\n});\n <\/script><tr><td>Quarto mais barato<\/td><td>A partir de Euro 49,00<\/td><\/tr><tr><td>Duplo Standard<\/td><td>A partir de Euro 59,00<\/td><\/tr><tr><td>Duplo Superior<\/td><td>A partir de Euro 69,00<\/td><\/tr><tr><td>Duplo Executive<\/td><td>A partir de Euro 89,00<\/td><\/tr><tr><td>Junior Suite<\/td><td>A partir de Euro 115,00<\/td><\/tr><tr><td>Love Room<\/td><td>A partir de Euro 109,00<\/td><\/tr><tr><td>Triple Standard<\/td><td>A partir de Euro 85,00<\/td><\/tr><tr><td>Triple Superior<\/td><td>A partir de Euro 95,00<\/td><\/tr><tr><td>Qu\u00e1druplo Superior<\/td><td>A partir de Euro 109,00<\/td><\/tr>\n    <\/tbody>\n<\/table><\/p>\n<p>Os pre\u00e7os s\u00e3o por quarto e por noite e incluem o caf\u00e9 da manh\u00e3 Grand Buffet. Est\u00e3o exclu\u00eddos da cota\u00e7\u00e3o o imposto de turismo da cidade (\u20ac 2,50 a partir de mar\u00e7o a outubro, de novembro a fevereiro \u20ac 1,50) por pessoa por noite. Crian\u00e7as at\u00e9 12 ano est\u00e3o isentas.<\/p>\n<p>Se voc\u00ea encontrar, para o mesmo produto e mesmas condi\u00e7\u00f5es, uma<strong>\u00a0<\/strong><strong>taxa mais baixa <\/strong>em outro lugar, entre em contato conosco.<br \/>\nAo verificarmos que a taxa mais baixa est\u00e1 realmente dispon\u00edvel e pode ser reservada no outro local,\u00a0<strong>vamos aplicar a mesma taxa e um desconto adicional de 5%.<\/strong><\/p>\n<p>As exce\u00e7\u00f5es s\u00e3o as ofertas especiais e tarifas n\u00e3o reembols\u00e1veis, com as quais voc\u00ea pode gastar ainda menos. Veja agora as promo\u00e7\u00f5es atuais diretamente do nosso sistema de reservas.<\/p>\n<p><a href=\"https:\/\/www.hotelitalia-siena.it\/pt-br\/oferta-especiais\/\">OFERTAS ESPECIAIS<\/a><\/p>\n<p>Lembre-se, por\u00e9m, que os nossos pre\u00e7os sempre variam de acordo com a \u00e9poca e ocupa\u00e7\u00e3o. Digite o formul\u00e1rio dispon\u00edvel neste site e descubra a tarifa mais barata reservado para voc\u00ea, na data de sua estadia!<\/p>\n<p>[\/et_pb_text][\/et_pb_column][\/et_pb_row][et_pb_row][et_pb_column type=&#8221;4_4&#8243;][et_pb_gallery admin_label=&#8221;Gallery&#8221; gallery_ids=&#8221;527,469,465,463&#8243; fullwidth=&#8221;off&#8221; posts_number=&#8221;4&#8243; show_title_and_caption=&#8221;on&#8221; show_pagination=&#8221;off&#8221; background_layout=&#8221;light&#8221; \/][\/et_pb_column][\/et_pb_row][et_pb_row][et_pb_column type=&#8221;4_4&#8243;][et_pb_text admin_label=&#8221;Text&#8221; background_layout=&#8221;light&#8221; text_orientation=&#8221;left&#8221;][\/et_pb_text][\/et_pb_column][\/et_pb_row][\/et_pb_section]<\/p>\n","protected":false},"excerpt":{"rendered":"<p><div class=\"et_pb_row et_pb_row_0 et_pb_row_empty\">\n\t\t\t\t\n\t\t\t\t\n\t\t\t\t\n\t\t\t\t\n\t\t\t\t\n\t\t\t<\/div><div class=\"et_pb_row et_pb_row_1 et_pb_row_empty\">\n\t\t\t\t\n\t\t\t\t\n\t\t\t\t\n\t\t\t\t\n\t\t\t\t\n\t\t\t<\/div> Pre\u00e7os [ultimatetables 6 \/] Os pre\u00e7os s\u00e3o por quarto e por noite e incluem o caf\u00e9 da manh\u00e3 Grand Buffet. Est\u00e3o exclu\u00eddos da cota\u00e7\u00e3o o imposto de turismo da cidade (\u20ac 2,50 a partir de mar\u00e7o a outubro, de novembro a fevereiro \u20ac 1,50) por pessoa por noite. Crian\u00e7as at\u00e9 12 ano est\u00e3o isentas. [&hellip;]<\/p>\n","protected":false},"author":1,"featured_media":0,"parent":0,"menu_order":0,"comment_status":"closed","ping_status":"closed","template":"","meta":{"_acf_changed":false,"_et_pb_use_builder":"on","_et_pb_old_content":"","_et_gb_content_width":"","footnotes":""},"acf":[],"yoast_head":"<!-- This site is optimized with the Yoast SEO plugin v23.0 - https:\/\/yoast.com\/wordpress\/plugins\/seo\/ -->\n<title>Pre\u00e7os dos hot\u00e9is Siena - Hotel Italia<\/title>\n<meta name=\"description\" content=\"Quer obter o pre\u00e7o para estadia no Hotel Italia? Confira os pre\u00e7os de nosso hotel para um pernoite perto do centro hist\u00f3rico de Siena.\" \/>\n<meta name=\"robots\" content=\"index, follow, max-snippet:-1, max-image-preview:large, max-video-preview:-1\" \/>\n<link rel=\"canonical\" href=\"https:\/\/www.hotelitalia-siena.it\/pt-br\/prezzi\/\" \/>\n<meta property=\"og:locale\" content=\"pt_BR\" \/>\n<meta property=\"og:type\" content=\"article\" \/>\n<meta property=\"og:title\" content=\"Pre\u00e7os dos hot\u00e9is Siena - Hotel Italia\" \/>\n<meta property=\"og:description\" content=\"Quer obter o pre\u00e7o para estadia no Hotel Italia? Confira os pre\u00e7os de nosso hotel para um pernoite perto do centro hist\u00f3rico de Siena.\" \/>\n<meta property=\"og:url\" content=\"https:\/\/www.hotelitalia-siena.it\/pt-br\/prezzi\/\" \/>\n<meta property=\"og:site_name\" content=\"Hotel Italia Siena\" \/>\n<meta property=\"article:publisher\" content=\"https:\/\/www.facebook.com\/hotelitaliasiena\/\" \/>\n<meta property=\"article:modified_time\" content=\"2015-12-29T09:13:26+00:00\" \/>\n<meta property=\"og:image\" content=\"https:\/\/www.hotelitalia-siena.it\/wp-content\/uploads\/2015\/01\/header-privacy-policy.jpg\" \/>\n\t<meta property=\"og:image:width\" content=\"2000\" \/>\n\t<meta property=\"og:image:height\" content=\"705\" \/>\n\t<meta property=\"og:image:type\" content=\"image\/jpeg\" \/>\n<meta name=\"twitter:label1\" content=\"Est. tempo de leitura\" \/>\n\t<meta name=\"twitter:data1\" content=\"2 minutos\" \/>\n<script type=\"application\/ld+json\" class=\"yoast-schema-graph\">{\"@context\":\"https:\/\/schema.org\",\"@graph\":[{\"@type\":\"WebPage\",\"@id\":\"https:\/\/www.hotelitalia-siena.it\/pt-br\/prezzi\/\",\"url\":\"https:\/\/www.hotelitalia-siena.it\/pt-br\/prezzi\/\",\"name\":\"Pre\u00e7os dos hot\u00e9is Siena - Hotel Italia\",\"isPartOf\":{\"@id\":\"https:\/\/www.hotelitalia-siena.it\/#website\"},\"datePublished\":\"2015-07-03T09:13:26+00:00\",\"dateModified\":\"2015-12-29T09:13:26+00:00\",\"description\":\"Quer obter o pre\u00e7o para estadia no Hotel Italia? Confira os pre\u00e7os de nosso hotel para um pernoite perto do centro hist\u00f3rico de Siena.\",\"breadcrumb\":{\"@id\":\"https:\/\/www.hotelitalia-siena.it\/pt-br\/prezzi\/#breadcrumb\"},\"inLanguage\":\"pt-BR\",\"potentialAction\":[{\"@type\":\"ReadAction\",\"target\":[\"https:\/\/www.hotelitalia-siena.it\/pt-br\/prezzi\/\"]}]},{\"@type\":\"BreadcrumbList\",\"@id\":\"https:\/\/www.hotelitalia-siena.it\/pt-br\/prezzi\/#breadcrumb\",\"itemListElement\":[{\"@type\":\"ListItem\",\"position\":1,\"name\":\"Hotel Italia\",\"item\":\"https:\/\/www.hotelitalia-siena.it\/pt-br\/\"},{\"@type\":\"ListItem\",\"position\":2,\"name\":\"Pre\u00e7os\"}]},{\"@type\":\"WebSite\",\"@id\":\"https:\/\/www.hotelitalia-siena.it\/#website\",\"url\":\"https:\/\/www.hotelitalia-siena.it\/\",\"name\":\"Hotel Italia Siena\",\"description\":\"Just another WordPress site\",\"publisher\":{\"@id\":\"https:\/\/www.hotelitalia-siena.it\/#organization\"},\"potentialAction\":[{\"@type\":\"SearchAction\",\"target\":{\"@type\":\"EntryPoint\",\"urlTemplate\":\"https:\/\/www.hotelitalia-siena.it\/?s={search_term_string}\"},\"query-input\":\"required name=search_term_string\"}],\"inLanguage\":\"pt-BR\"},{\"@type\":\"Organization\",\"@id\":\"https:\/\/www.hotelitalia-siena.it\/#organization\",\"name\":\"Hotel Italia SpA\",\"url\":\"https:\/\/www.hotelitalia-siena.it\/\",\"logo\":{\"@type\":\"ImageObject\",\"inLanguage\":\"pt-BR\",\"@id\":\"https:\/\/www.hotelitalia-siena.it\/#\/schema\/logo\/image\/\",\"url\":\"https:\/\/www.hotelitalia-siena.it\/wp-content\/uploads\/2018\/04\/hotel-italia-siena-logo.png\",\"contentUrl\":\"https:\/\/www.hotelitalia-siena.it\/wp-content\/uploads\/2018\/04\/hotel-italia-siena-logo.png\",\"width\":147,\"height\":102,\"caption\":\"Hotel Italia SpA\"},\"image\":{\"@id\":\"https:\/\/www.hotelitalia-siena.it\/#\/schema\/logo\/image\/\"},\"sameAs\":[\"https:\/\/www.facebook.com\/hotelitaliasiena\/\"]}]}<\/script>\n<!-- \/ Yoast SEO plugin. -->","yoast_head_json":{"title":"Pre\u00e7os dos hot\u00e9is Siena - Hotel Italia","description":"Quer obter o pre\u00e7o para estadia no Hotel Italia? Confira os pre\u00e7os de nosso hotel para um pernoite perto do centro hist\u00f3rico de Siena.","robots":{"index":"index","follow":"follow","max-snippet":"max-snippet:-1","max-image-preview":"max-image-preview:large","max-video-preview":"max-video-preview:-1"},"canonical":"https:\/\/www.hotelitalia-siena.it\/pt-br\/prezzi\/","og_locale":"pt_BR","og_type":"article","og_title":"Pre\u00e7os dos hot\u00e9is Siena - Hotel Italia","og_description":"Quer obter o pre\u00e7o para estadia no Hotel Italia? Confira os pre\u00e7os de nosso hotel para um pernoite perto do centro hist\u00f3rico de Siena.","og_url":"https:\/\/www.hotelitalia-siena.it\/pt-br\/prezzi\/","og_site_name":"Hotel Italia Siena","article_publisher":"https:\/\/www.facebook.com\/hotelitaliasiena\/","article_modified_time":"2015-12-29T09:13:26+00:00","og_image":[{"width":2000,"height":705,"url":"https:\/\/www.hotelitalia-siena.it\/wp-content\/uploads\/2015\/01\/header-privacy-policy.jpg","type":"image\/jpeg"}],"twitter_misc":{"Est. tempo de leitura":"2 minutos"},"schema":{"@context":"https:\/\/schema.org","@graph":[{"@type":"WebPage","@id":"https:\/\/www.hotelitalia-siena.it\/pt-br\/prezzi\/","url":"https:\/\/www.hotelitalia-siena.it\/pt-br\/prezzi\/","name":"Pre\u00e7os dos hot\u00e9is Siena - Hotel Italia","isPartOf":{"@id":"https:\/\/www.hotelitalia-siena.it\/#website"},"datePublished":"2015-07-03T09:13:26+00:00","dateModified":"2015-12-29T09:13:26+00:00","description":"Quer obter o pre\u00e7o para estadia no Hotel Italia? Confira os pre\u00e7os de nosso hotel para um pernoite perto do centro hist\u00f3rico de Siena.","breadcrumb":{"@id":"https:\/\/www.hotelitalia-siena.it\/pt-br\/prezzi\/#breadcrumb"},"inLanguage":"pt-BR","potentialAction":[{"@type":"ReadAction","target":["https:\/\/www.hotelitalia-siena.it\/pt-br\/prezzi\/"]}]},{"@type":"BreadcrumbList","@id":"https:\/\/www.hotelitalia-siena.it\/pt-br\/prezzi\/#breadcrumb","itemListElement":[{"@type":"ListItem","position":1,"name":"Hotel Italia","item":"https:\/\/www.hotelitalia-siena.it\/pt-br\/"},{"@type":"ListItem","position":2,"name":"Pre\u00e7os"}]},{"@type":"WebSite","@id":"https:\/\/www.hotelitalia-siena.it\/#website","url":"https:\/\/www.hotelitalia-siena.it\/","name":"Hotel Italia Siena","description":"Just another WordPress site","publisher":{"@id":"https:\/\/www.hotelitalia-siena.it\/#organization"},"potentialAction":[{"@type":"SearchAction","target":{"@type":"EntryPoint","urlTemplate":"https:\/\/www.hotelitalia-siena.it\/?s={search_term_string}"},"query-input":"required name=search_term_string"}],"inLanguage":"pt-BR"},{"@type":"Organization","@id":"https:\/\/www.hotelitalia-siena.it\/#organization","name":"Hotel Italia SpA","url":"https:\/\/www.hotelitalia-siena.it\/","logo":{"@type":"ImageObject","inLanguage":"pt-BR","@id":"https:\/\/www.hotelitalia-siena.it\/#\/schema\/logo\/image\/","url":"https:\/\/www.hotelitalia-siena.it\/wp-content\/uploads\/2018\/04\/hotel-italia-siena-logo.png","contentUrl":"https:\/\/www.hotelitalia-siena.it\/wp-content\/uploads\/2018\/04\/hotel-italia-siena-logo.png","width":147,"height":102,"caption":"Hotel Italia SpA"},"image":{"@id":"https:\/\/www.hotelitalia-siena.it\/#\/schema\/logo\/image\/"},"sameAs":["https:\/\/www.facebook.com\/hotelitaliasiena\/"]}]}},"_links":{"self":[{"href":"https:\/\/www.hotelitalia-siena.it\/pt-br\/wp-json\/wp\/v2\/pages\/4437"}],"collection":[{"href":"https:\/\/www.hotelitalia-siena.it\/pt-br\/wp-json\/wp\/v2\/pages"}],"about":[{"href":"https:\/\/www.hotelitalia-siena.it\/pt-br\/wp-json\/wp\/v2\/types\/page"}],"author":[{"embeddable":true,"href":"https:\/\/www.hotelitalia-siena.it\/pt-br\/wp-json\/wp\/v2\/users\/1"}],"replies":[{"embeddable":true,"href":"https:\/\/www.hotelitalia-siena.it\/pt-br\/wp-json\/wp\/v2\/comments?post=4437"}],"version-history":[{"count":0,"href":"https:\/\/www.hotelitalia-siena.it\/pt-br\/wp-json\/wp\/v2\/pages\/4437\/revisions"}],"wp:attachment":[{"href":"https:\/\/www.hotelitalia-siena.it\/pt-br\/wp-json\/wp\/v2\/media?parent=4437"}],"curies":[{"name":"wp","href":"https:\/\/api.w.org\/{rel}","templated":true}]}}