{"id":4425,"date":"2015-07-03T09:12:42","date_gmt":"2015-07-03T09:12:42","guid":{"rendered":"http:\/\/local.hotelitalia-siena.it\/?page_id=4425"},"modified":"2017-06-22T14:36:07","modified_gmt":"2017-06-22T14:36:07","slug":"como-chegar","status":"publish","type":"page","link":"https:\/\/www.hotelitalia-siena.it\/pt-br\/como-chegar\/","title":{"rendered":"Como chegar"},"content":{"rendered":"<p>[et_pb_section bb_built=&#8221;1&#8243; admin_label=&#8221;section&#8221; fullwidth=&#8221;on&#8221; specialty=&#8221;off&#8221; transparent_background=&#8221;off&#8221; background_color=&#8221;#ffffff&#8221; inner_shadow=&#8221;off&#8221; parallax=&#8221;off&#8221; parallax_method=&#8221;off&#8221; module_class=&#8221;home_header_slide&#8221;][et_pb_fullwidth_slider admin_label=&#8221;Fullwidth Slider&#8221; show_arrows=&#8221;off&#8221; show_pagination=&#8221;off&#8221; auto=&#8221;off&#8221; parallax=&#8221;off&#8221; parallax_method=&#8221;off&#8221;]<\/p>\n<p>[et_pb_slide background_image=&#8221;https:\/\/www.hotelitalia-siena.it\/wp-content\/uploads\/2015\/07\/MG_6299.jpg&#8221; background_color=&#8221;#ffffff&#8221; alignment=&#8221;center&#8221; background_layout=&#8221;dark&#8221; \/]<\/p>\n<p>[\/et_pb_fullwidth_slider][\/et_pb_section][et_pb_section bb_built=&#8221;1&#8243; admin_label=&#8221;section&#8221; fullwidth=&#8221;off&#8221; specialty=&#8221;off&#8221; transparent_background=&#8221;off&#8221; background_color=&#8221;#ffffff&#8221; inner_shadow=&#8221;off&#8221; parallax=&#8221;off&#8221; parallax_method=&#8221;off&#8221; module_id=&#8221;h-booking_container&#8221;][et_pb_row admin_label=&#8221;row&#8221; background_position=&#8221;top_left&#8221; background_repeat=&#8221;repeat&#8221; background_size=&#8221;initial&#8221;][et_pb_column type=&#8221;4_4&#8243;][et_pb_sidebar admin_label=&#8221;Sidebar&#8221; orientation=&#8221;left&#8221; area=&#8221;et_pb_widget_area_1&#8243; background_layout=&#8221;light&#8221; \/][\/et_pb_column][\/et_pb_row][\/et_pb_section][et_pb_section bb_built=&#8221;1&#8243; admin_label=&#8221;section&#8221; fullwidth=&#8221;off&#8221; specialty=&#8221;off&#8221; transparent_background=&#8221;off&#8221; background_color=&#8221;#ffffff&#8221; inner_shadow=&#8221;off&#8221; parallax=&#8221;off&#8221; parallax_method=&#8221;off&#8221; module_class=&#8221;room_block&#8221;][et_pb_row admin_label=&#8221;row&#8221; background_position=&#8221;top_left&#8221; background_repeat=&#8221;repeat&#8221; background_size=&#8221;initial&#8221;][et_pb_column type=&#8221;4_4&#8243;][et_pb_map admin_label=&#8221;Mappa&#8221; address=&#8221;Viale Camillo Benso Cavour, 63, 53100 Siena SI, Italia&#8221; address_lat=&#8221;43.329558195436874&#8243; address_lng=&#8221;11.321661728519405&#8243; mouse_wheel=&#8221;on&#8221; use_grayscale_filter=&#8221;off&#8221; zoom_level=&#8221;13&#8243; mobile_dragging=&#8221;on&#8221; grayscale_filter_amount=&#8221;0&#8243;]<\/p>\n<p>[et_pb_map_pin title=&#8221;Hotel italia&#8221; pin_address=&#8221;Viale Camillo Benso di Cavour, 67, 53100 Siena SI, Italia&#8221; pin_address_lat=&#8221;43.32966039979489&#8243; pin_address_lng=&#8221;11.319688293236709&#8243;]<\/p>\n<p>[\/et_pb_map_pin]<\/p>\n<p>[\/et_pb_map][et_pb_text admin_label=&#8221;indicazioni&#8221; background_layout=&#8221;light&#8221; text_orientation=&#8221;left&#8221; border_style=&#8221;solid&#8221; _builder_version=&#8221;3.0.51&#8243; module_class=&#8221;ind_str_wrap&#8221;]<\/p>\n<p><a class=\"ind_str\" href=\"https:\/\/www.google.it\/maps\/dir\/\/Viale+Camillo+Benso+di+Cavour,+63,+53100+Siena+SI\/@43.3297321,11.3175875,17z\/data=!4m16!1m7!3m6!1s0x132a2ce9e54eb32b:0xd2e90fab20b4a2a7!2sViale+Camillo+Benso+di+Cavour,+63,+53100+Siena+SI!3b1!8m2!3d43.3297282!4d11.3197815!4m7!1m0!1m5!1m1!1s0x132a2ce9e54eb32b:0xd2e90fab20b4a2a7!2m2!1d11.3197815!2d43.3297282\" target=\"_blank\" data-icon=\"9\">direc\u00e7\u00f5es de condu\u00e7\u00e3o <span>&gt;&gt;<\/span><\/a><\/p>\n<p>[\/et_pb_text][et_pb_text admin_label=&#8221;Text&#8221; background_layout=&#8221;light&#8221; text_orientation=&#8221;left&#8221; use_border_color=&#8221;off&#8221; border_color=&#8221;#ffffff&#8221; border_style=&#8221;solid&#8221; background_position=&#8221;top_left&#8221; background_repeat=&#8221;repeat&#8221; background_size=&#8221;initial&#8221;]<\/p>\n<h2>Como chegar<\/h2>\n<p>Coordenadas GPS<br \/>\nLat\u00a043.33011018947045<br \/>\nLng\u00a011.31965160369873<\/p>\n<p><strong>De carro<\/strong><\/p>\n<p>Do norte da It\u00e1lia: vindo pela auto-estrada A1, pegue a sa\u00edda em Firenze Impruneta e siga as indica\u00e7\u00f5es para Siena (jun\u00e7\u00e3o de quatro pistas Firenze-Siena, 50 km). Pegue a sa\u00edda \u201cSiena Nord\u201d e siga as indica\u00e7\u00f5es \u00e0 direita para o Centro, Stadio, Fortezza, passando por Via Fiorentina. Estamos localizados no terceiro sem\u00e1foro \u00e0 direita<\/p>\n<p>Do sul da It\u00e1lia: vindo pela auto-estrada A1, pegue a sa\u00edda em Valdichiana e siga as indica\u00e7\u00f5es para Siena (jun\u00e7\u00e3o de quatro pistas Betolle-Siena, aproximadamente 50 km). Chegando a Siena, pegue a \u201cTangenziale\u201d em dire\u00e7\u00e3o a Firenze (Floren\u00e7a) e depois a sa\u00edda \u201cSiena Nord\u201d. Seguir as indica\u00e7\u00f5es \u00e0 direita para o Centro, Stadio, Fortezza, passando por Via Fiorentina. Estamos localizados no terceiro sem\u00e1foro \u00e0 direita<\/p>\n<p><strong>De trem<\/strong><\/p>\n<p>Do Norte: atrav\u00e9s da linha Floren\u00e7a &#8211; Siena ou Pisa &#8211; Floren\u00e7a &#8211; Siena<\/p>\n<p>Do sul: atrav\u00e9s da linha de Roma &#8211; Chiusi Chianciano Terme &#8211; Siena<\/p>\n<p>Ao descer do trem, v\u00e1 para o shopping Porta Siena e pegue as longas escadas rolantes que levam at\u00e9 ao Antiporto Porta Camollia.<br \/>\nNa sa\u00edda, vire \u00e0 direita e ap\u00f3s cerca de 100 metros, voc\u00ea encontrar\u00e1 o Hotel do lado esquerdo.<\/p>\n<p>Alternativamente, voc\u00ea pode pegar um t\u00e1xi (custo aproximado de 7 euros), ou os \u00f4nibus de n\u00fameros 9 e 10<\/p>\n<p><strong>De avi\u00e3o<\/strong><\/p>\n<p>Siena \u00e9 acess\u00edvel atrav\u00e9s dos aeroportos internacionais de:<\/p>\n<p>Roma Fiumicino a 230 km (www.adr.it)<\/p>\n<p>Do aeroporto, \u00e9 poss\u00edvel pegar um trem r\u00e1pido que chega \u00e0 esta\u00e7\u00e3o ferrovi\u00e1ria e rodovi\u00e1ria \u201cRoma Tiburtina\u201d. De l\u00e1, \u00e9 poss\u00edvel escolher chegar a Siena de trem ou com os \u00f4nibus da empresa Sena (www.sena.it)<\/p>\n<p>Pisa Galileo Galilei a 150 km (www.pisa-airport.com)<\/p>\n<p>Do aeroporto de Pisa, \u00e9 poss\u00edvel chegar a Siena com os \u00f4nibus da empresa TIEMME Spa (www.trainspa.it) ou de trem<\/p>\n<p>Aeroporto di Firenze a 70 km (www.aeroporto.firenze.it)<\/p>\n<p>Do aeroporto de Firenze, \u00e9 poss\u00edvel pegar um micro-\u00f4nibus r\u00e1pido que vai at\u00e9 a esta\u00e7\u00e3o rodovi\u00e1ria da Sita no centro de Firenze, atrav\u00e9s das linhas de \u00f4nibus da Sita (www.sitabus.it) ou da Ataf (www.ataf.net)<\/p>\n<p>De l\u00e1, \u00e9 poss\u00edvel pegar um \u00f4nibus at\u00e9 o centro de Siena (www.sitabus.it) ou trem (www.trenitalia.it)<\/p>\n<p>[\/et_pb_text][\/et_pb_column][\/et_pb_row][et_pb_row admin_label=&#8221;row&#8221; background_position=&#8221;top_left&#8221; background_repeat=&#8221;repeat&#8221; background_size=&#8221;initial&#8221;][et_pb_column type=&#8221;4_4&#8243;][et_pb_gallery admin_label=&#8221;Gallery&#8221; gallery_ids=&#8221;527,469,465,463&#8243; fullwidth=&#8221;off&#8221; posts_number=&#8221;4&#8243; show_title_and_caption=&#8221;on&#8221; show_pagination=&#8221;off&#8221; background_layout=&#8221;light&#8221; \/][\/et_pb_column][\/et_pb_row][et_pb_row admin_label=&#8221;row&#8221; background_position=&#8221;top_left&#8221; background_repeat=&#8221;repeat&#8221; background_size=&#8221;initial&#8221;][et_pb_column type=&#8221;4_4&#8243;][et_pb_text admin_label=&#8221;Text&#8221; background_layout=&#8221;light&#8221; text_orientation=&#8221;left&#8221; background_position=&#8221;top_left&#8221; background_repeat=&#8221;repeat&#8221; background_size=&#8221;initial&#8221;]<\/p>\n<p>[\/et_pb_text][\/et_pb_column][\/et_pb_row][\/et_pb_section]<\/p>\n","protected":false},"excerpt":{"rendered":"<p>direc\u00e7\u00f5es de condu\u00e7\u00e3o &gt;&gt; Como chegar Coordenadas GPS Lat\u00a043.33011018947045 Lng\u00a011.31965160369873 De carro Do norte da It\u00e1lia: vindo pela auto-estrada A1, pegue a sa\u00edda em Firenze Impruneta e siga as indica\u00e7\u00f5es para Siena (jun\u00e7\u00e3o de quatro pistas Firenze-Siena, 50 km). Pegue a sa\u00edda \u201cSiena Nord\u201d e siga as indica\u00e7\u00f5es \u00e0 direita para o Centro, Stadio, Fortezza, [&hellip;]<\/p>\n","protected":false},"author":1,"featured_media":0,"parent":0,"menu_order":0,"comment_status":"closed","ping_status":"closed","template":"","meta":{"_acf_changed":false,"_et_pb_use_builder":"on","_et_pb_old_content":"","_et_gb_content_width":"","footnotes":""},"acf":[],"yoast_head":"<!-- This site is optimized with the Yoast SEO plugin v23.0 - https:\/\/yoast.com\/wordpress\/plugins\/seo\/ -->\n<title>Como chegar - Hotel Italia<\/title>\n<meta name=\"description\" content=\"Como chegar ao Hotel Italia. Veja como chegar ao nosso hotel de 3 estrelas, perto do centro hist\u00f3rico de Siena, de carro, de trem e por outros meios.\" \/>\n<meta name=\"robots\" content=\"index, follow, max-snippet:-1, max-image-preview:large, max-video-preview:-1\" \/>\n<link rel=\"canonical\" href=\"https:\/\/www.hotelitalia-siena.it\/pt-br\/como-chegar\/\" \/>\n<meta property=\"og:locale\" content=\"pt_BR\" \/>\n<meta property=\"og:type\" content=\"article\" \/>\n<meta property=\"og:title\" content=\"Como chegar - Hotel Italia\" \/>\n<meta property=\"og:description\" content=\"Como chegar ao Hotel Italia. Veja como chegar ao nosso hotel de 3 estrelas, perto do centro hist\u00f3rico de Siena, de carro, de trem e por outros meios.\" \/>\n<meta property=\"og:url\" content=\"https:\/\/www.hotelitalia-siena.it\/pt-br\/como-chegar\/\" \/>\n<meta property=\"og:site_name\" content=\"Hotel Italia Siena\" \/>\n<meta property=\"article:publisher\" content=\"https:\/\/www.facebook.com\/hotelitaliasiena\/\" \/>\n<meta property=\"article:modified_time\" content=\"2017-06-22T14:36:07+00:00\" \/>\n<meta property=\"og:image\" content=\"https:\/\/www.hotelitalia-siena.it\/wp-content\/uploads\/2015\/01\/header-privacy-policy.jpg\" \/>\n\t<meta property=\"og:image:width\" content=\"2000\" \/>\n\t<meta property=\"og:image:height\" content=\"705\" \/>\n\t<meta property=\"og:image:type\" content=\"image\/jpeg\" \/>\n<meta name=\"twitter:label1\" content=\"Est. tempo de leitura\" \/>\n\t<meta name=\"twitter:data1\" content=\"4 minutos\" \/>\n<script type=\"application\/ld+json\" class=\"yoast-schema-graph\">{\"@context\":\"https:\/\/schema.org\",\"@graph\":[{\"@type\":\"WebPage\",\"@id\":\"https:\/\/www.hotelitalia-siena.it\/pt-br\/como-chegar\/\",\"url\":\"https:\/\/www.hotelitalia-siena.it\/pt-br\/como-chegar\/\",\"name\":\"Como chegar - Hotel Italia\",\"isPartOf\":{\"@id\":\"https:\/\/www.hotelitalia-siena.it\/#website\"},\"datePublished\":\"2015-07-03T09:12:42+00:00\",\"dateModified\":\"2017-06-22T14:36:07+00:00\",\"description\":\"Como chegar ao Hotel Italia. Veja como chegar ao nosso hotel de 3 estrelas, perto do centro hist\u00f3rico de Siena, de carro, de trem e por outros meios.\",\"breadcrumb\":{\"@id\":\"https:\/\/www.hotelitalia-siena.it\/pt-br\/como-chegar\/#breadcrumb\"},\"inLanguage\":\"pt-BR\",\"potentialAction\":[{\"@type\":\"ReadAction\",\"target\":[\"https:\/\/www.hotelitalia-siena.it\/pt-br\/como-chegar\/\"]}]},{\"@type\":\"BreadcrumbList\",\"@id\":\"https:\/\/www.hotelitalia-siena.it\/pt-br\/como-chegar\/#breadcrumb\",\"itemListElement\":[{\"@type\":\"ListItem\",\"position\":1,\"name\":\"Hotel Italia\",\"item\":\"https:\/\/www.hotelitalia-siena.it\/pt-br\/\"},{\"@type\":\"ListItem\",\"position\":2,\"name\":\"Como chegar\"}]},{\"@type\":\"WebSite\",\"@id\":\"https:\/\/www.hotelitalia-siena.it\/#website\",\"url\":\"https:\/\/www.hotelitalia-siena.it\/\",\"name\":\"Hotel Italia Siena\",\"description\":\"Just another WordPress site\",\"publisher\":{\"@id\":\"https:\/\/www.hotelitalia-siena.it\/#organization\"},\"potentialAction\":[{\"@type\":\"SearchAction\",\"target\":{\"@type\":\"EntryPoint\",\"urlTemplate\":\"https:\/\/www.hotelitalia-siena.it\/?s={search_term_string}\"},\"query-input\":\"required name=search_term_string\"}],\"inLanguage\":\"pt-BR\"},{\"@type\":\"Organization\",\"@id\":\"https:\/\/www.hotelitalia-siena.it\/#organization\",\"name\":\"Hotel Italia SpA\",\"url\":\"https:\/\/www.hotelitalia-siena.it\/\",\"logo\":{\"@type\":\"ImageObject\",\"inLanguage\":\"pt-BR\",\"@id\":\"https:\/\/www.hotelitalia-siena.it\/#\/schema\/logo\/image\/\",\"url\":\"https:\/\/www.hotelitalia-siena.it\/wp-content\/uploads\/2018\/04\/hotel-italia-siena-logo.png\",\"contentUrl\":\"https:\/\/www.hotelitalia-siena.it\/wp-content\/uploads\/2018\/04\/hotel-italia-siena-logo.png\",\"width\":147,\"height\":102,\"caption\":\"Hotel Italia SpA\"},\"image\":{\"@id\":\"https:\/\/www.hotelitalia-siena.it\/#\/schema\/logo\/image\/\"},\"sameAs\":[\"https:\/\/www.facebook.com\/hotelitaliasiena\/\"]}]}<\/script>\n<!-- \/ Yoast SEO plugin. -->","yoast_head_json":{"title":"Como chegar - Hotel Italia","description":"Como chegar ao Hotel Italia. Veja como chegar ao nosso hotel de 3 estrelas, perto do centro hist\u00f3rico de Siena, de carro, de trem e por outros meios.","robots":{"index":"index","follow":"follow","max-snippet":"max-snippet:-1","max-image-preview":"max-image-preview:large","max-video-preview":"max-video-preview:-1"},"canonical":"https:\/\/www.hotelitalia-siena.it\/pt-br\/como-chegar\/","og_locale":"pt_BR","og_type":"article","og_title":"Como chegar - Hotel Italia","og_description":"Como chegar ao Hotel Italia. Veja como chegar ao nosso hotel de 3 estrelas, perto do centro hist\u00f3rico de Siena, de carro, de trem e por outros meios.","og_url":"https:\/\/www.hotelitalia-siena.it\/pt-br\/como-chegar\/","og_site_name":"Hotel Italia Siena","article_publisher":"https:\/\/www.facebook.com\/hotelitaliasiena\/","article_modified_time":"2017-06-22T14:36:07+00:00","og_image":[{"width":2000,"height":705,"url":"https:\/\/www.hotelitalia-siena.it\/wp-content\/uploads\/2015\/01\/header-privacy-policy.jpg","type":"image\/jpeg"}],"twitter_misc":{"Est. tempo de leitura":"4 minutos"},"schema":{"@context":"https:\/\/schema.org","@graph":[{"@type":"WebPage","@id":"https:\/\/www.hotelitalia-siena.it\/pt-br\/como-chegar\/","url":"https:\/\/www.hotelitalia-siena.it\/pt-br\/como-chegar\/","name":"Como chegar - Hotel Italia","isPartOf":{"@id":"https:\/\/www.hotelitalia-siena.it\/#website"},"datePublished":"2015-07-03T09:12:42+00:00","dateModified":"2017-06-22T14:36:07+00:00","description":"Como chegar ao Hotel Italia. Veja como chegar ao nosso hotel de 3 estrelas, perto do centro hist\u00f3rico de Siena, de carro, de trem e por outros meios.","breadcrumb":{"@id":"https:\/\/www.hotelitalia-siena.it\/pt-br\/como-chegar\/#breadcrumb"},"inLanguage":"pt-BR","potentialAction":[{"@type":"ReadAction","target":["https:\/\/www.hotelitalia-siena.it\/pt-br\/como-chegar\/"]}]},{"@type":"BreadcrumbList","@id":"https:\/\/www.hotelitalia-siena.it\/pt-br\/como-chegar\/#breadcrumb","itemListElement":[{"@type":"ListItem","position":1,"name":"Hotel Italia","item":"https:\/\/www.hotelitalia-siena.it\/pt-br\/"},{"@type":"ListItem","position":2,"name":"Como chegar"}]},{"@type":"WebSite","@id":"https:\/\/www.hotelitalia-siena.it\/#website","url":"https:\/\/www.hotelitalia-siena.it\/","name":"Hotel Italia Siena","description":"Just another WordPress site","publisher":{"@id":"https:\/\/www.hotelitalia-siena.it\/#organization"},"potentialAction":[{"@type":"SearchAction","target":{"@type":"EntryPoint","urlTemplate":"https:\/\/www.hotelitalia-siena.it\/?s={search_term_string}"},"query-input":"required name=search_term_string"}],"inLanguage":"pt-BR"},{"@type":"Organization","@id":"https:\/\/www.hotelitalia-siena.it\/#organization","name":"Hotel Italia SpA","url":"https:\/\/www.hotelitalia-siena.it\/","logo":{"@type":"ImageObject","inLanguage":"pt-BR","@id":"https:\/\/www.hotelitalia-siena.it\/#\/schema\/logo\/image\/","url":"https:\/\/www.hotelitalia-siena.it\/wp-content\/uploads\/2018\/04\/hotel-italia-siena-logo.png","contentUrl":"https:\/\/www.hotelitalia-siena.it\/wp-content\/uploads\/2018\/04\/hotel-italia-siena-logo.png","width":147,"height":102,"caption":"Hotel Italia SpA"},"image":{"@id":"https:\/\/www.hotelitalia-siena.it\/#\/schema\/logo\/image\/"},"sameAs":["https:\/\/www.facebook.com\/hotelitaliasiena\/"]}]}},"_links":{"self":[{"href":"https:\/\/www.hotelitalia-siena.it\/pt-br\/wp-json\/wp\/v2\/pages\/4425"}],"collection":[{"href":"https:\/\/www.hotelitalia-siena.it\/pt-br\/wp-json\/wp\/v2\/pages"}],"about":[{"href":"https:\/\/www.hotelitalia-siena.it\/pt-br\/wp-json\/wp\/v2\/types\/page"}],"author":[{"embeddable":true,"href":"https:\/\/www.hotelitalia-siena.it\/pt-br\/wp-json\/wp\/v2\/users\/1"}],"replies":[{"embeddable":true,"href":"https:\/\/www.hotelitalia-siena.it\/pt-br\/wp-json\/wp\/v2\/comments?post=4425"}],"version-history":[{"count":0,"href":"https:\/\/www.hotelitalia-siena.it\/pt-br\/wp-json\/wp\/v2\/pages\/4425\/revisions"}],"wp:attachment":[{"href":"https:\/\/www.hotelitalia-siena.it\/pt-br\/wp-json\/wp\/v2\/media?parent=4425"}],"curies":[{"name":"wp","href":"https:\/\/api.w.org\/{rel}","templated":true}]}}