{"id":4394,"date":"2015-07-03T09:04:07","date_gmt":"2015-07-03T09:04:07","guid":{"rendered":"http:\/\/local.hotelitalia-siena.it\/?page_id=4394"},"modified":"2016-03-21T19:35:46","modified_gmt":"2016-03-21T19:35:46","slug":"coffee-corner","status":"publish","type":"page","link":"https:\/\/www.hotelitalia-siena.it\/pt-br\/servicos\/coffee-corner\/","title":{"rendered":"Cantinho de leitura"},"content":{"rendered":"<p>[et_pb_section fullwidth=&#8221;on&#8221; specialty=&#8221;off&#8221; transparent_background=&#8221;off&#8221; background_color=&#8221;#ffffff&#8221; inner_shadow=&#8221;off&#8221; parallax=&#8221;off&#8221; parallax_method=&#8221;off&#8221; module_class=&#8221;home_header_slide&#8221;][et_pb_fullwidth_slider admin_label=&#8221;Fullwidth Slider&#8221; show_arrows=&#8221;off&#8221; show_pagination=&#8221;off&#8221; auto=&#8221;off&#8221; parallax=&#8221;off&#8221; parallax_method=&#8221;off&#8221;][et_pb_slide background_image=&#8221;https:\/\/www.hotelitalia-siena.it\/wp-content\/uploads\/2014\/10\/hotel.jpg&#8221; background_color=&#8221;#ffffff&#8221; alignment=&#8221;center&#8221; background_layout=&#8221;dark&#8221; \/][\/et_pb_fullwidth_slider][\/et_pb_section][et_pb_section fullwidth=&#8221;off&#8221; specialty=&#8221;off&#8221; transparent_background=&#8221;off&#8221; background_color=&#8221;#ffffff&#8221; inner_shadow=&#8221;off&#8221; parallax=&#8221;off&#8221; parallax_method=&#8221;off&#8221; module_id=&#8221;h-booking_container&#8221;][et_pb_row][et_pb_column type=&#8221;4_4&#8243;][et_pb_sidebar admin_label=&#8221;Sidebar&#8221; orientation=&#8221;left&#8221; area=&#8221;et_pb_widget_area_1&#8243; background_layout=&#8221;light&#8221; \/][\/et_pb_column][\/et_pb_row][\/et_pb_section][et_pb_section fullwidth=&#8221;off&#8221; specialty=&#8221;off&#8221; transparent_background=&#8221;off&#8221; background_color=&#8221;#ffffff&#8221; inner_shadow=&#8221;off&#8221; parallax=&#8221;off&#8221; parallax_method=&#8221;off&#8221; module_class=&#8221;room_block&#8221;][et_pb_row][et_pb_column type=&#8221;4_4&#8243;][et_pb_text admin_label=&#8221;Text&#8221; background_layout=&#8221;light&#8221; text_orientation=&#8221;left&#8221;]<\/p>\n<h1>Cantinho de leitura<\/h1>\n<p>No sagu\u00e3o ao lado do bar h\u00e1 uma biblioteca pequena e agrad\u00e1vel, o \u00c2ngulo do Livro. Deixe o livro que voc\u00ea j\u00e1 leu e escolha um que outro h\u00f3spede deixou para voc\u00ea.<br \/>\nSe voc\u00ea gosta de ler \u00e9 uma boa solu\u00e7\u00e3o para evitar carregar muito peso e apreciar este mundo maravilhoso e fascinante\u2026a leitura!!!<\/p>\n<p>\u00c0s vezes acho que o para\u00edso \u00e9 ler de forma cont\u00ednua, infinitamente.<br \/>\n(Virginia Woolf)<\/p>\n<p>[\/et_pb_text][\/et_pb_column][\/et_pb_row][et_pb_row][et_pb_column type=&#8221;4_4&#8243;][et_pb_gallery admin_label=&#8221;Gallery&#8221; gallery_ids=&#8221;5380&#8243; fullwidth=&#8221;off&#8221; posts_number=&#8221;1&#8243; show_title_and_caption=&#8221;on&#8221; show_pagination=&#8221;off&#8221; background_layout=&#8221;light&#8221; \/][\/et_pb_column][\/et_pb_row][et_pb_row][et_pb_column type=&#8221;4_4&#8243;][et_pb_text admin_label=&#8221;Text&#8221; background_layout=&#8221;light&#8221; text_orientation=&#8221;left&#8221;][\/et_pb_text][\/et_pb_column][\/et_pb_row][\/et_pb_section]<\/p>\n","protected":false},"excerpt":{"rendered":"<p><div class=\"et_pb_row et_pb_row_0 et_pb_row_empty\">\n\t\t\t\t\n\t\t\t\t\n\t\t\t\t\n\t\t\t\t\n\t\t\t\t\n\t\t\t<\/div><div class=\"et_pb_row et_pb_row_1 et_pb_row_empty\">\n\t\t\t\t\n\t\t\t\t\n\t\t\t\t\n\t\t\t\t\n\t\t\t\t\n\t\t\t<\/div> Cantinho de leitura No sagu\u00e3o ao lado do bar h\u00e1 uma biblioteca pequena e agrad\u00e1vel, o \u00c2ngulo do Livro. Deixe o livro que voc\u00ea j\u00e1 leu e escolha um que outro h\u00f3spede deixou para voc\u00ea. Se voc\u00ea gosta de ler \u00e9 uma boa solu\u00e7\u00e3o para evitar carregar muito peso e apreciar este mundo maravilhoso [&hellip;]<\/p>\n","protected":false},"author":1,"featured_media":0,"parent":867,"menu_order":0,"comment_status":"closed","ping_status":"closed","template":"","meta":{"_acf_changed":false,"_et_pb_use_builder":"on","_et_pb_old_content":"","_et_gb_content_width":"","footnotes":""},"acf":[],"yoast_head":"<!-- This site is optimized with the Yoast SEO plugin v23.0 - https:\/\/yoast.com\/wordpress\/plugins\/seo\/ -->\n<title>Cantinho de leitura. BookCrossing - Hotel Italia<\/title>\n<meta name=\"description\" content=\"O Coffee corner no Hotel Italia \u00e9 uma \u00e1rea de BookCrossing em que voc\u00ea pode pegar um livro gr\u00e1tis, desde que voc\u00ea deixe o outro.\" \/>\n<meta name=\"robots\" content=\"index, follow, max-snippet:-1, max-image-preview:large, max-video-preview:-1\" \/>\n<link rel=\"canonical\" href=\"https:\/\/www.hotelitalia-siena.it\/pt-br\/servicos\/coffee-corner\/\" \/>\n<meta property=\"og:locale\" content=\"pt_BR\" \/>\n<meta property=\"og:type\" content=\"article\" \/>\n<meta property=\"og:title\" content=\"Cantinho de leitura. BookCrossing - Hotel Italia\" \/>\n<meta property=\"og:description\" content=\"O Coffee corner no Hotel Italia \u00e9 uma \u00e1rea de BookCrossing em que voc\u00ea pode pegar um livro gr\u00e1tis, desde que voc\u00ea deixe o outro.\" \/>\n<meta property=\"og:url\" content=\"https:\/\/www.hotelitalia-siena.it\/pt-br\/servicos\/coffee-corner\/\" \/>\n<meta property=\"og:site_name\" content=\"Hotel Italia Siena\" \/>\n<meta property=\"article:publisher\" content=\"https:\/\/www.facebook.com\/hotelitaliasiena\/\" \/>\n<meta property=\"article:modified_time\" content=\"2016-03-21T19:35:46+00:00\" \/>\n<meta property=\"og:image\" content=\"https:\/\/www.hotelitalia-siena.it\/wp-content\/uploads\/2015\/01\/header-privacy-policy.jpg\" \/>\n\t<meta property=\"og:image:width\" content=\"2000\" \/>\n\t<meta property=\"og:image:height\" content=\"705\" \/>\n\t<meta property=\"og:image:type\" content=\"image\/jpeg\" \/>\n<meta name=\"twitter:label1\" content=\"Est. tempo de leitura\" \/>\n\t<meta name=\"twitter:data1\" content=\"2 minutos\" \/>\n<script type=\"application\/ld+json\" class=\"yoast-schema-graph\">{\"@context\":\"https:\/\/schema.org\",\"@graph\":[{\"@type\":\"WebPage\",\"@id\":\"https:\/\/www.hotelitalia-siena.it\/pt-br\/servicos\/coffee-corner\/\",\"url\":\"https:\/\/www.hotelitalia-siena.it\/pt-br\/servicos\/coffee-corner\/\",\"name\":\"Cantinho de leitura. BookCrossing - Hotel Italia\",\"isPartOf\":{\"@id\":\"https:\/\/www.hotelitalia-siena.it\/#website\"},\"datePublished\":\"2015-07-03T09:04:07+00:00\",\"dateModified\":\"2016-03-21T19:35:46+00:00\",\"description\":\"O Coffee corner no Hotel Italia \u00e9 uma \u00e1rea de BookCrossing em que voc\u00ea pode pegar um livro gr\u00e1tis, desde que voc\u00ea deixe o outro.\",\"breadcrumb\":{\"@id\":\"https:\/\/www.hotelitalia-siena.it\/pt-br\/servicos\/coffee-corner\/#breadcrumb\"},\"inLanguage\":\"pt-BR\",\"potentialAction\":[{\"@type\":\"ReadAction\",\"target\":[\"https:\/\/www.hotelitalia-siena.it\/pt-br\/servicos\/coffee-corner\/\"]}]},{\"@type\":\"BreadcrumbList\",\"@id\":\"https:\/\/www.hotelitalia-siena.it\/pt-br\/servicos\/coffee-corner\/#breadcrumb\",\"itemListElement\":[{\"@type\":\"ListItem\",\"position\":1,\"name\":\"Hotel Italia\",\"item\":\"https:\/\/www.hotelitalia-siena.it\/pt-br\/\"},{\"@type\":\"ListItem\",\"position\":2,\"name\":\"Servi\u00e7os\",\"item\":\"https:\/\/www.hotelitalia-siena.it\/pt-br\/servicos\/\"},{\"@type\":\"ListItem\",\"position\":3,\"name\":\"Cantinho de leitura\"}]},{\"@type\":\"WebSite\",\"@id\":\"https:\/\/www.hotelitalia-siena.it\/#website\",\"url\":\"https:\/\/www.hotelitalia-siena.it\/\",\"name\":\"Hotel Italia Siena\",\"description\":\"Just another WordPress site\",\"publisher\":{\"@id\":\"https:\/\/www.hotelitalia-siena.it\/#organization\"},\"potentialAction\":[{\"@type\":\"SearchAction\",\"target\":{\"@type\":\"EntryPoint\",\"urlTemplate\":\"https:\/\/www.hotelitalia-siena.it\/?s={search_term_string}\"},\"query-input\":\"required name=search_term_string\"}],\"inLanguage\":\"pt-BR\"},{\"@type\":\"Organization\",\"@id\":\"https:\/\/www.hotelitalia-siena.it\/#organization\",\"name\":\"Hotel Italia SpA\",\"url\":\"https:\/\/www.hotelitalia-siena.it\/\",\"logo\":{\"@type\":\"ImageObject\",\"inLanguage\":\"pt-BR\",\"@id\":\"https:\/\/www.hotelitalia-siena.it\/#\/schema\/logo\/image\/\",\"url\":\"https:\/\/www.hotelitalia-siena.it\/wp-content\/uploads\/2018\/04\/hotel-italia-siena-logo.png\",\"contentUrl\":\"https:\/\/www.hotelitalia-siena.it\/wp-content\/uploads\/2018\/04\/hotel-italia-siena-logo.png\",\"width\":147,\"height\":102,\"caption\":\"Hotel Italia SpA\"},\"image\":{\"@id\":\"https:\/\/www.hotelitalia-siena.it\/#\/schema\/logo\/image\/\"},\"sameAs\":[\"https:\/\/www.facebook.com\/hotelitaliasiena\/\"]}]}<\/script>\n<!-- \/ Yoast SEO plugin. -->","yoast_head_json":{"title":"Cantinho de leitura. BookCrossing - Hotel Italia","description":"O Coffee corner no Hotel Italia \u00e9 uma \u00e1rea de BookCrossing em que voc\u00ea pode pegar um livro gr\u00e1tis, desde que voc\u00ea deixe o outro.","robots":{"index":"index","follow":"follow","max-snippet":"max-snippet:-1","max-image-preview":"max-image-preview:large","max-video-preview":"max-video-preview:-1"},"canonical":"https:\/\/www.hotelitalia-siena.it\/pt-br\/servicos\/coffee-corner\/","og_locale":"pt_BR","og_type":"article","og_title":"Cantinho de leitura. BookCrossing - Hotel Italia","og_description":"O Coffee corner no Hotel Italia \u00e9 uma \u00e1rea de BookCrossing em que voc\u00ea pode pegar um livro gr\u00e1tis, desde que voc\u00ea deixe o outro.","og_url":"https:\/\/www.hotelitalia-siena.it\/pt-br\/servicos\/coffee-corner\/","og_site_name":"Hotel Italia Siena","article_publisher":"https:\/\/www.facebook.com\/hotelitaliasiena\/","article_modified_time":"2016-03-21T19:35:46+00:00","og_image":[{"width":2000,"height":705,"url":"https:\/\/www.hotelitalia-siena.it\/wp-content\/uploads\/2015\/01\/header-privacy-policy.jpg","type":"image\/jpeg"}],"twitter_misc":{"Est. tempo de leitura":"2 minutos"},"schema":{"@context":"https:\/\/schema.org","@graph":[{"@type":"WebPage","@id":"https:\/\/www.hotelitalia-siena.it\/pt-br\/servicos\/coffee-corner\/","url":"https:\/\/www.hotelitalia-siena.it\/pt-br\/servicos\/coffee-corner\/","name":"Cantinho de leitura. BookCrossing - Hotel Italia","isPartOf":{"@id":"https:\/\/www.hotelitalia-siena.it\/#website"},"datePublished":"2015-07-03T09:04:07+00:00","dateModified":"2016-03-21T19:35:46+00:00","description":"O Coffee corner no Hotel Italia \u00e9 uma \u00e1rea de BookCrossing em que voc\u00ea pode pegar um livro gr\u00e1tis, desde que voc\u00ea deixe o outro.","breadcrumb":{"@id":"https:\/\/www.hotelitalia-siena.it\/pt-br\/servicos\/coffee-corner\/#breadcrumb"},"inLanguage":"pt-BR","potentialAction":[{"@type":"ReadAction","target":["https:\/\/www.hotelitalia-siena.it\/pt-br\/servicos\/coffee-corner\/"]}]},{"@type":"BreadcrumbList","@id":"https:\/\/www.hotelitalia-siena.it\/pt-br\/servicos\/coffee-corner\/#breadcrumb","itemListElement":[{"@type":"ListItem","position":1,"name":"Hotel Italia","item":"https:\/\/www.hotelitalia-siena.it\/pt-br\/"},{"@type":"ListItem","position":2,"name":"Servi\u00e7os","item":"https:\/\/www.hotelitalia-siena.it\/pt-br\/servicos\/"},{"@type":"ListItem","position":3,"name":"Cantinho de leitura"}]},{"@type":"WebSite","@id":"https:\/\/www.hotelitalia-siena.it\/#website","url":"https:\/\/www.hotelitalia-siena.it\/","name":"Hotel Italia Siena","description":"Just another WordPress site","publisher":{"@id":"https:\/\/www.hotelitalia-siena.it\/#organization"},"potentialAction":[{"@type":"SearchAction","target":{"@type":"EntryPoint","urlTemplate":"https:\/\/www.hotelitalia-siena.it\/?s={search_term_string}"},"query-input":"required name=search_term_string"}],"inLanguage":"pt-BR"},{"@type":"Organization","@id":"https:\/\/www.hotelitalia-siena.it\/#organization","name":"Hotel Italia SpA","url":"https:\/\/www.hotelitalia-siena.it\/","logo":{"@type":"ImageObject","inLanguage":"pt-BR","@id":"https:\/\/www.hotelitalia-siena.it\/#\/schema\/logo\/image\/","url":"https:\/\/www.hotelitalia-siena.it\/wp-content\/uploads\/2018\/04\/hotel-italia-siena-logo.png","contentUrl":"https:\/\/www.hotelitalia-siena.it\/wp-content\/uploads\/2018\/04\/hotel-italia-siena-logo.png","width":147,"height":102,"caption":"Hotel Italia SpA"},"image":{"@id":"https:\/\/www.hotelitalia-siena.it\/#\/schema\/logo\/image\/"},"sameAs":["https:\/\/www.facebook.com\/hotelitaliasiena\/"]}]}},"_links":{"self":[{"href":"https:\/\/www.hotelitalia-siena.it\/pt-br\/wp-json\/wp\/v2\/pages\/4394"}],"collection":[{"href":"https:\/\/www.hotelitalia-siena.it\/pt-br\/wp-json\/wp\/v2\/pages"}],"about":[{"href":"https:\/\/www.hotelitalia-siena.it\/pt-br\/wp-json\/wp\/v2\/types\/page"}],"author":[{"embeddable":true,"href":"https:\/\/www.hotelitalia-siena.it\/pt-br\/wp-json\/wp\/v2\/users\/1"}],"replies":[{"embeddable":true,"href":"https:\/\/www.hotelitalia-siena.it\/pt-br\/wp-json\/wp\/v2\/comments?post=4394"}],"version-history":[{"count":0,"href":"https:\/\/www.hotelitalia-siena.it\/pt-br\/wp-json\/wp\/v2\/pages\/4394\/revisions"}],"up":[{"embeddable":true,"href":"https:\/\/www.hotelitalia-siena.it\/pt-br\/wp-json\/wp\/v2\/pages\/867"}],"wp:attachment":[{"href":"https:\/\/www.hotelitalia-siena.it\/pt-br\/wp-json\/wp\/v2\/media?parent=4394"}],"curies":[{"name":"wp","href":"https:\/\/api.w.org\/{rel}","templated":true}]}}