{"id":4340,"date":"2015-07-03T08:32:24","date_gmt":"2015-07-03T08:32:24","guid":{"rendered":"http:\/\/local.hotelitalia-siena.it\/camere\/superior\/"},"modified":"2016-09-19T15:20:31","modified_gmt":"2016-09-19T15:20:31","slug":"superior","status":"publish","type":"page","link":"https:\/\/www.hotelitalia-siena.it\/pt-br\/quartos\/superior\/","title":{"rendered":"Superior"},"content":{"rendered":"<p>[et_pb_section admin_label=&#8221;section&#8221; fullwidth=&#8221;on&#8221; specialty=&#8221;off&#8221; transparent_background=&#8221;off&#8221; background_color=&#8221;#ffffff&#8221; inner_shadow=&#8221;off&#8221; parallax=&#8221;off&#8221; parallax_method=&#8221;off&#8221; module_class=&#8221;home_header_slide&#8221;][et_pb_fullwidth_slider admin_label=&#8221;Fullwidth Slider&#8221; show_arrows=&#8221;off&#8221; show_pagination=&#8221;off&#8221; auto=&#8221;off&#8221; parallax=&#8221;off&#8221; parallax_method=&#8221;off&#8221;]<\/p>\n<p>[et_pb_slide background_image=&#8221;https:\/\/www.hotelitalia-siena.it\/wp-content\/uploads\/2015\/07\/HOTEL-ITALIA-SIENA-CAMERA-DOPPIA-SUPERIOR-2.jpg&#8221; background_color=&#8221;#ffffff&#8221; alignment=&#8221;center&#8221; background_layout=&#8221;dark&#8221; \/]<\/p>\n<p>[\/et_pb_fullwidth_slider][\/et_pb_section][et_pb_section admin_label=&#8221;section&#8221; fullwidth=&#8221;off&#8221; specialty=&#8221;off&#8221; transparent_background=&#8221;off&#8221; background_color=&#8221;#ffffff&#8221; inner_shadow=&#8221;off&#8221; parallax=&#8221;off&#8221; parallax_method=&#8221;off&#8221; module_id=&#8221;h-booking_container&#8221;][et_pb_row admin_label=&#8221;row&#8221;][et_pb_column type=&#8221;4_4&#8243;][et_pb_sidebar admin_label=&#8221;Sidebar&#8221; orientation=&#8221;left&#8221; area=&#8221;et_pb_widget_area_1&#8243; background_layout=&#8221;light&#8221;]<\/p>\n<p>[\/et_pb_sidebar][\/et_pb_column][\/et_pb_row][\/et_pb_section][et_pb_section admin_label=&#8221;section&#8221; fullwidth=&#8221;off&#8221; specialty=&#8221;off&#8221; transparent_background=&#8221;off&#8221; background_color=&#8221;#ffffff&#8221; inner_shadow=&#8221;off&#8221; parallax=&#8221;off&#8221; parallax_method=&#8221;off&#8221; module_class=&#8221;room_block&#8221;][et_pb_row admin_label=&#8221;row&#8221;][et_pb_column type=&#8221;4_4&#8243;][et_pb_text admin_label=&#8221;Text&#8221; background_layout=&#8221;light&#8221; text_orientation=&#8221;left&#8221; use_border_color=&#8221;off&#8221; border_color=&#8221;#ffffff&#8221; border_style=&#8221;solid&#8221;]<\/p>\n<h2 style=\"text-align: justify;\"><strong>Os quartos Superiores\u2026eleg\u00e2ncia intemporal<\/strong><\/h2>\n<p>Para um pernoite confort\u00e1vel em Siena, nossos quartos superiores foram renovados em 2010 em um estilo harmonioso que combina tradi\u00e7\u00e3o e modernidade, e s\u00e3o localizados tanto no edif\u00edcio principal quanto no anexo lateral.<\/p>\n<p>Eles est\u00e3o dispon\u00edveis com camas de casal, de solteiro, triplos e qu\u00e1druplos. Os banheiros podem ter banheira ou chuveiro.<br \/>\nEstes quartos s\u00e3o uma mistura entre o Standard e o Executivo, e certamente podem atender \u00e0s necessidades de todos. O estilo dos tapetes \u00e9 alegre e colorido e combina bem com os pisos de terracota ou de parquet.<\/p>\n<p>Alguns quartos t\u00eam um balc\u00e3o ou terra\u00e7o que podem ser reservados mediante o acr\u00e9scimo de uma pequena taxa di\u00e1ria.<br \/>\nTodos os quartos com vista para a rua t\u00eam janelas de vidros duplos com isolamento ac\u00fastico e insonoriza\u00e7\u00e3o.<\/p>\n<p><strong>Voc\u00ea deve escolher um quarto Superior, se\u2026<\/strong><\/p>\n<ul>\n<li>Voc\u00ea quer o equil\u00edbrio justo entre pre\u00e7o e qualidade<\/li>\n<li>Adora as cores quentes e brilhantes, em estilo toscano.<\/li>\n<li>Voc\u00ea prefere os pisos r\u00fasticos, como terracota ou parquet.<\/li>\n<li>Quer navegar na internet com Wi-Fi SUPER de \u00f3tima qualidade, com banda larga garantida.<\/li>\n<li>A TV \u00e9 importante e voc\u00ea gosta de assistir um bom filme em uma tela de 37\u201d.<\/li>\n<li>Voc\u00ea s\u00f3 quer se sentir bem durante seu pernoite em Siena!<\/li>\n<\/ul>\n<p><strong class=\"services_title\">CARACTER\u00cdSTICAS E EQUIPAMENTOS DO QUARTO:<\/strong><\/p>\n<div class=\"room_logo_services\"><img decoding=\"async\" style=\"margin-top: -10px; position:absolute;left:0;\" class=\"aligncenter wp-image-262 size-full\" src=\"https:\/\/www.hotelitalia-siena.it\/wp-content\/uploads\/2016\/09\/sky.png\" alt=\"Camere con Sky\" height=\"\" width=\"70px\"><img decoding=\"async\" style=\"margin-top:-5px; position:absolute;right:0; \" class=\"aligncenter wp-image-262 size-full\" src=\"https:\/\/www.hotelitalia-siena.it\/wp-content\/uploads\/2016\/09\/free-wifi.png\" alt=\"Free Wi-fi\" height=\"\" width=\"70px\"><\/div>\n<p><br style=\"clear:both;\"><\/p>\n<ul>\n<li>N\u00c3O \u00c9 PERMITIDO FUMAR<\/li>\n<li>Dimens\u00f5es: de 21 a 26 m<sup>2<\/sup><\/li>\n<li>Quartos duplos (camas de casal ou duas camas individuais), triplos (tr\u00eas camas de solteiro ou uma cama de casal + 1 cama de solteiro) e qu\u00e1druplos (cama de casal + sof\u00e1-cama e outra cama extra\u00edvel)<\/li>\n<li>Ar condicionado<\/li>\n<li>Wi-Fi SUPER gratuita com banda larga garantida<\/li>\n<li>TV de tela plana de 37\u2019\u2019<\/li>\n<li>Canais por sat\u00e9lite em l\u00edngua estrangeira<\/li>\n<li>Canais Sky gratuitos<\/li>\n<li>Minibar<\/li>\n<li>Cofre<\/li>\n<li>Telefone<\/li>\n<li>Banheiro privativo com chuveiro ou banheira<\/li>\n<li>Secador de cabelo<\/li>\n<li>Toalhas<\/li>\n<li>Linha banho cortesia, com cosm\u00e9ticos de alta qualidade, feitos apenas com extratos naturais e completamente desenvolvidos sem testes em animais.<\/li>\n<\/ul>\n<p>[\/et_pb_text][\/et_pb_column][\/et_pb_row][et_pb_row admin_label=&#8221;row&#8221;][et_pb_column type=&#8221;4_4&#8243;][et_pb_gallery admin_label=&#8221;Gallery&#8221; gallery_ids=&#8221;8968,4738,4756,4786,4804,4774,4575,4792,4581,4810,8910,4780,4822,4798,5544,5604&#8243; fullwidth=&#8221;off&#8221; posts_number=&#8221;16&#8243; show_title_and_caption=&#8221;on&#8221; show_pagination=&#8221;off&#8221; background_layout=&#8221;light&#8221;]<\/p>\n<p>[\/et_pb_gallery][\/et_pb_column][\/et_pb_row][et_pb_row admin_label=&#8221;row&#8221;][et_pb_column type=&#8221;4_4&#8243;][et_pb_text admin_label=&#8221;Text&#8221; background_layout=&#8221;light&#8221; text_orientation=&#8221;left&#8221;]<\/p>\n<p>[\/et_pb_text][\/et_pb_column][\/et_pb_row][\/et_pb_section]<\/p>\n","protected":false},"excerpt":{"rendered":"<p>Os quartos Superiores\u2026eleg\u00e2ncia intemporal Para um pernoite confort\u00e1vel em Siena, nossos quartos superiores foram renovados em 2010 em um estilo harmonioso que combina tradi\u00e7\u00e3o e modernidade, e s\u00e3o localizados tanto no edif\u00edcio principal quanto no anexo lateral. Eles est\u00e3o dispon\u00edveis com camas de casal, de solteiro, triplos e qu\u00e1druplos. Os banheiros podem ter banheira ou [&hellip;]<\/p>\n","protected":false},"author":1,"featured_media":0,"parent":754,"menu_order":0,"comment_status":"closed","ping_status":"closed","template":"","meta":{"_acf_changed":false,"_et_pb_use_builder":"on","_et_pb_old_content":"<p>Lorem ipsum dolor sit amet, consectetur adipiscing elit, sed do eiusmod tempor incididunt ut labore et dolore magna aliqua. Ut enim ad minim veniam, quis nostrud exercitation ullamco laboris nisi ut aliquip ex ea commodo consequat. Duis aute irure dolor in reprehenderit in voluptate velit esse cillum dolore eu fugiat nulla pariatur. Excepteur sint occaecat cupidatat non proident, sunt in culpa qui officia deserunt mollit anim id est laborum.<\/p>","_et_gb_content_width":"","footnotes":""},"acf":[],"yoast_head":"<!-- This site is optimized with the Yoast SEO plugin v23.0 - https:\/\/yoast.com\/wordpress\/plugins\/seo\/ -->\n<title>Pernoite em Siena: Quarto Superior - Hotel Italia<\/title>\n<meta name=\"description\" content=\"Quer reservar um pernoite em Siena, mas n\u00e3o sabe onde ir? Descubra imediatamente o elegante e confort\u00e1vel quarto Superior do Hotel Italia!\" \/>\n<meta name=\"robots\" content=\"index, follow, max-snippet:-1, max-image-preview:large, max-video-preview:-1\" \/>\n<link rel=\"canonical\" href=\"https:\/\/www.hotelitalia-siena.it\/pt-br\/quartos\/superior\/\" \/>\n<meta property=\"og:locale\" content=\"pt_BR\" \/>\n<meta property=\"og:type\" content=\"article\" \/>\n<meta property=\"og:title\" content=\"Pernoite em Siena: Quarto Superior - Hotel Italia\" \/>\n<meta property=\"og:description\" content=\"Quer reservar um pernoite em Siena, mas n\u00e3o sabe onde ir? Descubra imediatamente o elegante e confort\u00e1vel quarto Superior do Hotel Italia!\" \/>\n<meta property=\"og:url\" content=\"https:\/\/www.hotelitalia-siena.it\/pt-br\/quartos\/superior\/\" \/>\n<meta property=\"og:site_name\" content=\"Hotel Italia Siena\" \/>\n<meta property=\"article:publisher\" content=\"https:\/\/www.facebook.com\/hotelitaliasiena\/\" \/>\n<meta property=\"article:modified_time\" content=\"2016-09-19T15:20:31+00:00\" \/>\n<meta property=\"og:image\" content=\"https:\/\/www.hotelitalia-siena.it\/wp-content\/uploads\/2016\/09\/sky.png\" \/>\n<meta name=\"twitter:label1\" content=\"Est. tempo de leitura\" \/>\n\t<meta name=\"twitter:data1\" content=\"3 minutos\" \/>\n<script type=\"application\/ld+json\" class=\"yoast-schema-graph\">{\"@context\":\"https:\/\/schema.org\",\"@graph\":[{\"@type\":\"WebPage\",\"@id\":\"https:\/\/www.hotelitalia-siena.it\/pt-br\/quartos\/superior\/\",\"url\":\"https:\/\/www.hotelitalia-siena.it\/pt-br\/quartos\/superior\/\",\"name\":\"Pernoite em Siena: Quarto Superior - Hotel Italia\",\"isPartOf\":{\"@id\":\"https:\/\/www.hotelitalia-siena.it\/#website\"},\"primaryImageOfPage\":{\"@id\":\"https:\/\/www.hotelitalia-siena.it\/pt-br\/quartos\/superior\/#primaryimage\"},\"image\":{\"@id\":\"https:\/\/www.hotelitalia-siena.it\/pt-br\/quartos\/superior\/#primaryimage\"},\"thumbnailUrl\":\"https:\/\/www.hotelitalia-siena.it\/wp-content\/uploads\/2016\/09\/sky.png\",\"datePublished\":\"2015-07-03T08:32:24+00:00\",\"dateModified\":\"2016-09-19T15:20:31+00:00\",\"description\":\"Quer reservar um pernoite em Siena, mas n\u00e3o sabe onde ir? Descubra imediatamente o elegante e confort\u00e1vel quarto Superior do Hotel Italia!\",\"breadcrumb\":{\"@id\":\"https:\/\/www.hotelitalia-siena.it\/pt-br\/quartos\/superior\/#breadcrumb\"},\"inLanguage\":\"pt-BR\",\"potentialAction\":[{\"@type\":\"ReadAction\",\"target\":[\"https:\/\/www.hotelitalia-siena.it\/pt-br\/quartos\/superior\/\"]}]},{\"@type\":\"ImageObject\",\"inLanguage\":\"pt-BR\",\"@id\":\"https:\/\/www.hotelitalia-siena.it\/pt-br\/quartos\/superior\/#primaryimage\",\"url\":\"https:\/\/www.hotelitalia-siena.it\/wp-content\/uploads\/2016\/09\/sky.png\",\"contentUrl\":\"https:\/\/www.hotelitalia-siena.it\/wp-content\/uploads\/2016\/09\/sky.png\"},{\"@type\":\"BreadcrumbList\",\"@id\":\"https:\/\/www.hotelitalia-siena.it\/pt-br\/quartos\/superior\/#breadcrumb\",\"itemListElement\":[{\"@type\":\"ListItem\",\"position\":1,\"name\":\"Hotel Italia\",\"item\":\"https:\/\/www.hotelitalia-siena.it\/pt-br\/\"},{\"@type\":\"ListItem\",\"position\":2,\"name\":\"Quartos\",\"item\":\"https:\/\/www.hotelitalia-siena.it\/pt-br\/quartos\/\"},{\"@type\":\"ListItem\",\"position\":3,\"name\":\"Superior\"}]},{\"@type\":\"WebSite\",\"@id\":\"https:\/\/www.hotelitalia-siena.it\/#website\",\"url\":\"https:\/\/www.hotelitalia-siena.it\/\",\"name\":\"Hotel Italia Siena\",\"description\":\"Just another WordPress site\",\"publisher\":{\"@id\":\"https:\/\/www.hotelitalia-siena.it\/#organization\"},\"potentialAction\":[{\"@type\":\"SearchAction\",\"target\":{\"@type\":\"EntryPoint\",\"urlTemplate\":\"https:\/\/www.hotelitalia-siena.it\/?s={search_term_string}\"},\"query-input\":\"required name=search_term_string\"}],\"inLanguage\":\"pt-BR\"},{\"@type\":\"Organization\",\"@id\":\"https:\/\/www.hotelitalia-siena.it\/#organization\",\"name\":\"Hotel Italia SpA\",\"url\":\"https:\/\/www.hotelitalia-siena.it\/\",\"logo\":{\"@type\":\"ImageObject\",\"inLanguage\":\"pt-BR\",\"@id\":\"https:\/\/www.hotelitalia-siena.it\/#\/schema\/logo\/image\/\",\"url\":\"https:\/\/www.hotelitalia-siena.it\/wp-content\/uploads\/2018\/04\/hotel-italia-siena-logo.png\",\"contentUrl\":\"https:\/\/www.hotelitalia-siena.it\/wp-content\/uploads\/2018\/04\/hotel-italia-siena-logo.png\",\"width\":147,\"height\":102,\"caption\":\"Hotel Italia SpA\"},\"image\":{\"@id\":\"https:\/\/www.hotelitalia-siena.it\/#\/schema\/logo\/image\/\"},\"sameAs\":[\"https:\/\/www.facebook.com\/hotelitaliasiena\/\"]}]}<\/script>\n<!-- \/ Yoast SEO plugin. -->","yoast_head_json":{"title":"Pernoite em Siena: Quarto Superior - Hotel Italia","description":"Quer reservar um pernoite em Siena, mas n\u00e3o sabe onde ir? Descubra imediatamente o elegante e confort\u00e1vel quarto Superior do Hotel Italia!","robots":{"index":"index","follow":"follow","max-snippet":"max-snippet:-1","max-image-preview":"max-image-preview:large","max-video-preview":"max-video-preview:-1"},"canonical":"https:\/\/www.hotelitalia-siena.it\/pt-br\/quartos\/superior\/","og_locale":"pt_BR","og_type":"article","og_title":"Pernoite em Siena: Quarto Superior - Hotel Italia","og_description":"Quer reservar um pernoite em Siena, mas n\u00e3o sabe onde ir? Descubra imediatamente o elegante e confort\u00e1vel quarto Superior do Hotel Italia!","og_url":"https:\/\/www.hotelitalia-siena.it\/pt-br\/quartos\/superior\/","og_site_name":"Hotel Italia Siena","article_publisher":"https:\/\/www.facebook.com\/hotelitaliasiena\/","article_modified_time":"2016-09-19T15:20:31+00:00","og_image":[{"url":"https:\/\/www.hotelitalia-siena.it\/wp-content\/uploads\/2016\/09\/sky.png"}],"twitter_misc":{"Est. tempo de leitura":"3 minutos"},"schema":{"@context":"https:\/\/schema.org","@graph":[{"@type":"WebPage","@id":"https:\/\/www.hotelitalia-siena.it\/pt-br\/quartos\/superior\/","url":"https:\/\/www.hotelitalia-siena.it\/pt-br\/quartos\/superior\/","name":"Pernoite em Siena: Quarto Superior - Hotel Italia","isPartOf":{"@id":"https:\/\/www.hotelitalia-siena.it\/#website"},"primaryImageOfPage":{"@id":"https:\/\/www.hotelitalia-siena.it\/pt-br\/quartos\/superior\/#primaryimage"},"image":{"@id":"https:\/\/www.hotelitalia-siena.it\/pt-br\/quartos\/superior\/#primaryimage"},"thumbnailUrl":"https:\/\/www.hotelitalia-siena.it\/wp-content\/uploads\/2016\/09\/sky.png","datePublished":"2015-07-03T08:32:24+00:00","dateModified":"2016-09-19T15:20:31+00:00","description":"Quer reservar um pernoite em Siena, mas n\u00e3o sabe onde ir? Descubra imediatamente o elegante e confort\u00e1vel quarto Superior do Hotel Italia!","breadcrumb":{"@id":"https:\/\/www.hotelitalia-siena.it\/pt-br\/quartos\/superior\/#breadcrumb"},"inLanguage":"pt-BR","potentialAction":[{"@type":"ReadAction","target":["https:\/\/www.hotelitalia-siena.it\/pt-br\/quartos\/superior\/"]}]},{"@type":"ImageObject","inLanguage":"pt-BR","@id":"https:\/\/www.hotelitalia-siena.it\/pt-br\/quartos\/superior\/#primaryimage","url":"https:\/\/www.hotelitalia-siena.it\/wp-content\/uploads\/2016\/09\/sky.png","contentUrl":"https:\/\/www.hotelitalia-siena.it\/wp-content\/uploads\/2016\/09\/sky.png"},{"@type":"BreadcrumbList","@id":"https:\/\/www.hotelitalia-siena.it\/pt-br\/quartos\/superior\/#breadcrumb","itemListElement":[{"@type":"ListItem","position":1,"name":"Hotel Italia","item":"https:\/\/www.hotelitalia-siena.it\/pt-br\/"},{"@type":"ListItem","position":2,"name":"Quartos","item":"https:\/\/www.hotelitalia-siena.it\/pt-br\/quartos\/"},{"@type":"ListItem","position":3,"name":"Superior"}]},{"@type":"WebSite","@id":"https:\/\/www.hotelitalia-siena.it\/#website","url":"https:\/\/www.hotelitalia-siena.it\/","name":"Hotel Italia Siena","description":"Just another WordPress site","publisher":{"@id":"https:\/\/www.hotelitalia-siena.it\/#organization"},"potentialAction":[{"@type":"SearchAction","target":{"@type":"EntryPoint","urlTemplate":"https:\/\/www.hotelitalia-siena.it\/?s={search_term_string}"},"query-input":"required name=search_term_string"}],"inLanguage":"pt-BR"},{"@type":"Organization","@id":"https:\/\/www.hotelitalia-siena.it\/#organization","name":"Hotel Italia SpA","url":"https:\/\/www.hotelitalia-siena.it\/","logo":{"@type":"ImageObject","inLanguage":"pt-BR","@id":"https:\/\/www.hotelitalia-siena.it\/#\/schema\/logo\/image\/","url":"https:\/\/www.hotelitalia-siena.it\/wp-content\/uploads\/2018\/04\/hotel-italia-siena-logo.png","contentUrl":"https:\/\/www.hotelitalia-siena.it\/wp-content\/uploads\/2018\/04\/hotel-italia-siena-logo.png","width":147,"height":102,"caption":"Hotel Italia SpA"},"image":{"@id":"https:\/\/www.hotelitalia-siena.it\/#\/schema\/logo\/image\/"},"sameAs":["https:\/\/www.facebook.com\/hotelitaliasiena\/"]}]}},"_links":{"self":[{"href":"https:\/\/www.hotelitalia-siena.it\/pt-br\/wp-json\/wp\/v2\/pages\/4340"}],"collection":[{"href":"https:\/\/www.hotelitalia-siena.it\/pt-br\/wp-json\/wp\/v2\/pages"}],"about":[{"href":"https:\/\/www.hotelitalia-siena.it\/pt-br\/wp-json\/wp\/v2\/types\/page"}],"author":[{"embeddable":true,"href":"https:\/\/www.hotelitalia-siena.it\/pt-br\/wp-json\/wp\/v2\/users\/1"}],"replies":[{"embeddable":true,"href":"https:\/\/www.hotelitalia-siena.it\/pt-br\/wp-json\/wp\/v2\/comments?post=4340"}],"version-history":[{"count":0,"href":"https:\/\/www.hotelitalia-siena.it\/pt-br\/wp-json\/wp\/v2\/pages\/4340\/revisions"}],"up":[{"embeddable":true,"href":"https:\/\/www.hotelitalia-siena.it\/pt-br\/wp-json\/wp\/v2\/pages\/754"}],"wp:attachment":[{"href":"https:\/\/www.hotelitalia-siena.it\/pt-br\/wp-json\/wp\/v2\/media?parent=4340"}],"curies":[{"name":"wp","href":"https:\/\/api.w.org\/{rel}","templated":true}]}}