{"id":1869,"date":"2015-04-10T12:30:48","date_gmt":"2015-04-10T12:30:48","guid":{"rendered":"http:\/\/newsite.gardenhotel.it\/dove-siamo-2-2\/"},"modified":"2020-10-25T16:48:05","modified_gmt":"2020-10-25T16:48:05","slug":"localizacao","status":"publish","type":"page","link":"https:\/\/www.hotelitalia-siena.it\/pt-br\/localizacao\/","title":{"rendered":"Localiza\u00e7\u00e3o"},"content":{"rendered":"<p>[et_pb_section fb_built=&#8221;1&#8243; fullwidth=&#8221;on&#8221; admin_label=&#8221;section&#8221; module_class=&#8221;home_header_slide&#8221; _builder_version=&#8221;3.22&#8243; background_color=&#8221;#ffffff&#8221; transparent_background=&#8221;off&#8221;][et_pb_fullwidth_slider admin_label=&#8221;Fullwidth Slider&#8221; _builder_version=&#8221;3.16&#8243; custom_padding=&#8221;|||&#8221; custom_padding_tablet=&#8221;|||&#8221; custom_padding_phone=&#8221;|||&#8221; box_shadow_style=&#8221;preset6&#8243; box_shadow_blur=&#8221;10px&#8221; box_shadow_color=&#8221;rgba(0,0,0,0.1)&#8221; show_inner_shadow=&#8221;on&#8221; button_text_size__hover_enabled=&#8221;off&#8221; button_one_text_size__hover_enabled=&#8221;off&#8221; button_two_text_size__hover_enabled=&#8221;off&#8221; button_text_color__hover_enabled=&#8221;off&#8221; button_one_text_color__hover_enabled=&#8221;off&#8221; button_two_text_color__hover_enabled=&#8221;off&#8221; button_border_width__hover_enabled=&#8221;off&#8221; button_one_border_width__hover_enabled=&#8221;off&#8221; button_two_border_width__hover_enabled=&#8221;off&#8221; button_border_color__hover_enabled=&#8221;off&#8221; button_one_border_color__hover_enabled=&#8221;off&#8221; button_two_border_color__hover_enabled=&#8221;off&#8221; button_border_radius__hover_enabled=&#8221;off&#8221; button_one_border_radius__hover_enabled=&#8221;off&#8221; button_two_border_radius__hover_enabled=&#8221;off&#8221; button_letter_spacing__hover_enabled=&#8221;off&#8221; button_one_letter_spacing__hover_enabled=&#8221;off&#8221; button_two_letter_spacing__hover_enabled=&#8221;off&#8221; button_bg_color__hover_enabled=&#8221;off&#8221; button_one_bg_color__hover_enabled=&#8221;off&#8221; button_two_bg_color__hover_enabled=&#8221;off&#8221;][et_pb_slide _builder_version=&#8221;3.16&#8243; background_color=&#8221;#ffffff&#8221; background_image=&#8221;https:\/\/www.hotelitalia-siena.it\/wp-content\/uploads\/2014\/10\/panorama_slide_home.jpg&#8221; sticky_transition=&#8221;on&#8221; button_text_size__hover_enabled=&#8221;off&#8221; button_one_text_size__hover_enabled=&#8221;off&#8221; button_two_text_size__hover_enabled=&#8221;off&#8221; button_text_color__hover_enabled=&#8221;off&#8221; button_one_text_color__hover_enabled=&#8221;off&#8221; button_two_text_color__hover_enabled=&#8221;off&#8221; button_border_width__hover_enabled=&#8221;off&#8221; button_one_border_width__hover_enabled=&#8221;off&#8221; button_two_border_width__hover_enabled=&#8221;off&#8221; button_border_color__hover_enabled=&#8221;off&#8221; button_one_border_color__hover_enabled=&#8221;off&#8221; button_two_border_color__hover_enabled=&#8221;off&#8221; button_border_radius__hover_enabled=&#8221;off&#8221; button_one_border_radius__hover_enabled=&#8221;off&#8221; button_two_border_radius__hover_enabled=&#8221;off&#8221; button_letter_spacing__hover_enabled=&#8221;off&#8221; button_one_letter_spacing__hover_enabled=&#8221;off&#8221; button_two_letter_spacing__hover_enabled=&#8221;off&#8221; button_bg_color__hover_enabled=&#8221;off&#8221; button_one_bg_color__hover_enabled=&#8221;off&#8221; button_two_bg_color__hover_enabled=&#8221;off&#8221;][\/et_pb_slide][\/et_pb_fullwidth_slider][\/et_pb_section][et_pb_section fb_built=&#8221;1&#8243; admin_label=&#8221;section&#8221; module_id=&#8221;h-booking_container&#8221; _builder_version=&#8221;3.22&#8243; background_color=&#8221;#ffffff&#8221; transparent_background=&#8221;off&#8221;][et_pb_row admin_label=&#8221;row&#8221; _builder_version=&#8221;3.25&#8243; background_size=&#8221;initial&#8221; background_position=&#8221;top_left&#8221; background_repeat=&#8221;repeat&#8221;][et_pb_column type=&#8221;4_4&#8243; _builder_version=&#8221;3.25&#8243; custom_padding=&#8221;|||&#8221; custom_padding__hover=&#8221;|||&#8221;][et_pb_sidebar area=&#8221;et_pb_widget_area_1&#8243; admin_label=&#8221;Sidebar&#8221; _builder_version=&#8221;3.0.74&#8243;]<br \/>\n[\/et_pb_sidebar][\/et_pb_column][\/et_pb_row][\/et_pb_section][et_pb_section fb_built=&#8221;1&#8243; admin_label=&#8221;section&#8221; module_class=&#8221;room_block&#8221; _builder_version=&#8221;3.22&#8243; background_color=&#8221;#ffffff&#8221; transparent_background=&#8221;off&#8221;][et_pb_row admin_label=&#8221;row&#8221; _builder_version=&#8221;3.25&#8243; background_size=&#8221;initial&#8221; background_position=&#8221;top_left&#8221; background_repeat=&#8221;repeat&#8221;][et_pb_column type=&#8221;4_4&#8243; _builder_version=&#8221;3.25&#8243; custom_padding=&#8221;|||&#8221; custom_padding__hover=&#8221;|||&#8221;][et_pb_code _builder_version=&#8221;4.6.6&#8243; _module_preset=&#8221;default&#8221; hover_enabled=&#8221;0&#8243; sticky_enabled=&#8221;0&#8243;]<iframe loading=\"lazy\" src=\"https:\/\/www.google.com\/maps\/embed?pb=!1m18!1m12!1m3!1d2902.260881984317!2d11.317511515821074!3d43.32972968130448!2m3!1f0!2f0!3f0!3m2!1i1024!2i768!4f13.1!3m3!1m2!1s0x132be046ad6eda45%3A0x5b3c53bf4f2571e4!2sHotel%20Italia%20Siena!5e0!3m2!1sit!2sit!4v1603644189214!5m2!1sit!2sit\" width=\"1200\" height=\"600\" frameborder=\"0\" style=\"border:0;\" allowfullscreen=\"\" aria-hidden=\"false\" tabindex=\"0\"><\/iframe>[\/et_pb_code][et_pb_text admin_label=&#8221;indicazioni stradali&#8221; module_class=&#8221;ind_str_wrap&#8221; _builder_version=&#8221;3.27.4&#8243; border_style=&#8221;solid&#8221;]<a class=\"ind_str\" href=\"https:\/\/www.google.it\/maps\/dir\/\/Viale+Camillo+Benso+di+Cavour,+63,+53100+Siena+SI\/@43.3297321,11.3175875,17z\/data=!4m16!1m7!3m6!1s0x132a2ce9e54eb32b:0xd2e90fab20b4a2a7!2sViale+Camillo+Benso+di+Cavour,+63,+53100+Siena+SI!3b1!8m2!3d43.3297282!4d11.3197815!4m7!1m0!1m5!1m1!1s0x132a2ce9e54eb32b:0xd2e90fab20b4a2a7!2m2!1d11.3197815!2d43.3297282\" target=\"_blank\" data-icon=\"9\" rel=\"noopener noreferrer\">direc\u00e7\u00f5es de condu\u00e7\u00e3o <span>&gt;&gt;<\/span><\/a><br \/>\n[\/et_pb_text][et_pb_text admin_label=&#8221;Text&#8221; _builder_version=&#8221;3.27.4&#8243; background_size=&#8221;initial&#8221; background_position=&#8221;top_left&#8221; background_repeat=&#8221;repeat&#8221; use_border_color=&#8221;off&#8221; border_color=&#8221;#ffffff&#8221; border_style=&#8221;solid&#8221;]<\/p>\n<h2>Localiza\u00e7\u00e3o<\/h2>\n<p>A localiza\u00e7\u00e3o do Hotel Italia \u00e9 verdadeiramente privilegiada.<\/p>\n<p>Estamos a apenas 300 metros da Porta Camollia, a passagem norte para acessar o centro hist\u00f3rico de Siena e a \u00e1rea de pedestres.<br \/>\nFa\u00e7a um passeio agrad\u00e1vel de pouco mais de vinte minutos entre as ruelas medievais e voc\u00ea chegar\u00e1 at\u00e9 a bela Piazza del Campo, no cora\u00e7\u00e3o da cidade, onde duas vezes por ano, ocorre a famosa corrida de cavalos, o Palio.<\/p>\n<p>A proximidade com o centro hist\u00f3rico \u00e9 certamente o nosso ponto forte, mas n\u00e3o menos importante \u00e9 estar fora da \u00e1rea ZTL (zona de tr\u00e1fego limitado), pois isso ir\u00e1 permitir que voc\u00ea chegue a n\u00f3s at\u00e9 mesmo de carro.<\/p>\n<p>E para aqueles que viajam de trem, o Hotel Italia \u00e9, sem d\u00favida, a solu\u00e7\u00e3o mais confort\u00e1vel.<br \/>\nGra\u00e7as \u00e0s escadas rolantes que ligam a esta\u00e7\u00e3o de trem ao Antiporto de Camollia, voc\u00ea chega ao hotel em poucos minutos.<\/p>\n<p>As paradas dos \u00f4nibus dos servi\u00e7os urbanos e suburbanos localizam-se a uma curta dist\u00e2ncia da nossa entrada principal. Al\u00e9m de caminhar, voc\u00ea pode ir para o centro de \u00f4nibus, que durante o dia passa a cada quinze minutos e faz do Hotel Italia a base ideal para explorar os maravilhosos arredores de Siena, como San Gimignano, Montalcino, Chianti, Val d\u2019Orcia e Floren\u00e7a.<\/p>\n<p>A \u00e1rea \u00e9 farta em v\u00e1rios tipos de lojas: lavanderia self-service, supermercados, restaurantes, trattorias t\u00edpicas, um shopping center, farm\u00e1cia, tabacaria, banca de jornal\u2026bem, e isso n\u00e3o \u00e9 tudo!<\/p>\n<p>N\u00e3o temos motivos para nos considerarmos privilegiados? Ent\u00e3o, o que voc\u00ea est\u00e1 esperando? N\u00e3o tenha d\u00favidas, reserve seu hotel em Siena\u2026reserve o Hotel Italia!<\/p>\n<p>Para instru\u00e7\u00f5es detalhadas sobre como chegar at\u00e9 n\u00f3s, consulte a se\u00e7\u00e3o de informa\u00e7\u00f5es <a href=\"https:\/\/www.hotelitalia-siena.it\/pt-br\/como-chegar\/\">&#8220;como chegar&#8221;<\/a>.<\/p>\n<p>[\/et_pb_text][\/et_pb_column][\/et_pb_row][et_pb_row admin_label=&#8221;row&#8221; _builder_version=&#8221;3.25&#8243; background_size=&#8221;initial&#8221; background_position=&#8221;top_left&#8221; background_repeat=&#8221;repeat&#8221;][et_pb_column type=&#8221;4_4&#8243; _builder_version=&#8221;3.25&#8243; custom_padding=&#8221;|||&#8221; custom_padding__hover=&#8221;|||&#8221;][et_pb_gallery gallery_ids=&#8221;527,469,465,463&#8243; show_pagination=&#8221;off&#8221; admin_label=&#8221;Gallery&#8221; _builder_version=&#8221;3.0.47&#8243;]<br \/>\n[\/et_pb_gallery][\/et_pb_column][\/et_pb_row][et_pb_row admin_label=&#8221;row&#8221; _builder_version=&#8221;3.25&#8243; background_size=&#8221;initial&#8221; background_position=&#8221;top_left&#8221; background_repeat=&#8221;repeat&#8221;][et_pb_column type=&#8221;4_4&#8243; _builder_version=&#8221;3.25&#8243; custom_padding=&#8221;|||&#8221; custom_padding__hover=&#8221;|||&#8221;][et_pb_text admin_label=&#8221;Text&#8221; _builder_version=&#8221;3.27.4&#8243; background_size=&#8221;initial&#8221; background_position=&#8221;top_left&#8221; background_repeat=&#8221;repeat&#8221;][\/et_pb_text][\/et_pb_column][\/et_pb_row][\/et_pb_section]<\/p>\n","protected":false},"excerpt":{"rendered":"<p>direc\u00e7\u00f5es de condu\u00e7\u00e3o &gt;&gt; Localiza\u00e7\u00e3o A localiza\u00e7\u00e3o do Hotel Italia \u00e9 verdadeiramente privilegiada. Estamos a apenas 300 metros da Porta Camollia, a passagem norte para acessar o centro hist\u00f3rico de Siena e a \u00e1rea de pedestres. Fa\u00e7a um passeio agrad\u00e1vel de pouco mais de vinte minutos entre as ruelas medievais e voc\u00ea chegar\u00e1 at\u00e9 a [&hellip;]<\/p>\n","protected":false},"author":1,"featured_media":0,"parent":0,"menu_order":0,"comment_status":"closed","ping_status":"closed","template":"","meta":{"_acf_changed":false,"_et_pb_use_builder":"on","_et_pb_old_content":"","_et_gb_content_width":"","footnotes":""},"acf":[],"yoast_head":"<!-- This site is optimized with the Yoast SEO plugin v23.0 - https:\/\/yoast.com\/wordpress\/plugins\/seo\/ -->\n<title>Onde estamos - Hotel Italia<\/title>\n<meta name=\"description\" content=\"O Hotel Italia em Siena est\u00e1 localizado na Via Cavour, em uma posi\u00e7\u00e3o estrat\u00e9gica fora das muralhas do centro hist\u00f3rico da cidade e da ZTL, perto da Porta Camollia.\" \/>\n<meta name=\"robots\" content=\"index, follow, max-snippet:-1, max-image-preview:large, max-video-preview:-1\" \/>\n<link rel=\"canonical\" href=\"https:\/\/www.hotelitalia-siena.it\/pt-br\/localizacao\/\" \/>\n<meta property=\"og:locale\" content=\"pt_BR\" \/>\n<meta property=\"og:type\" content=\"article\" \/>\n<meta property=\"og:title\" content=\"Onde estamos - Hotel Italia\" \/>\n<meta property=\"og:description\" content=\"O Hotel Italia em Siena est\u00e1 localizado na Via Cavour, em uma posi\u00e7\u00e3o estrat\u00e9gica fora das muralhas do centro hist\u00f3rico da cidade e da ZTL, perto da Porta Camollia.\" \/>\n<meta property=\"og:url\" content=\"https:\/\/www.hotelitalia-siena.it\/pt-br\/localizacao\/\" \/>\n<meta property=\"og:site_name\" content=\"Hotel Italia Siena\" \/>\n<meta property=\"article:publisher\" content=\"https:\/\/www.facebook.com\/hotelitaliasiena\/\" \/>\n<meta property=\"article:modified_time\" content=\"2020-10-25T16:48:05+00:00\" \/>\n<meta property=\"og:image\" content=\"https:\/\/www.hotelitalia-siena.it\/wp-content\/uploads\/2015\/01\/header-privacy-policy.jpg\" \/>\n\t<meta property=\"og:image:width\" content=\"2000\" \/>\n\t<meta property=\"og:image:height\" content=\"705\" \/>\n\t<meta property=\"og:image:type\" content=\"image\/jpeg\" \/>\n<meta name=\"twitter:label1\" content=\"Est. tempo de leitura\" \/>\n\t<meta name=\"twitter:data1\" content=\"5 minutos\" \/>\n<script type=\"application\/ld+json\" class=\"yoast-schema-graph\">{\"@context\":\"https:\/\/schema.org\",\"@graph\":[{\"@type\":\"WebPage\",\"@id\":\"https:\/\/www.hotelitalia-siena.it\/pt-br\/localizacao\/\",\"url\":\"https:\/\/www.hotelitalia-siena.it\/pt-br\/localizacao\/\",\"name\":\"Onde estamos - Hotel Italia\",\"isPartOf\":{\"@id\":\"https:\/\/www.hotelitalia-siena.it\/#website\"},\"datePublished\":\"2015-04-10T12:30:48+00:00\",\"dateModified\":\"2020-10-25T16:48:05+00:00\",\"description\":\"O Hotel Italia em Siena est\u00e1 localizado na Via Cavour, em uma posi\u00e7\u00e3o estrat\u00e9gica fora das muralhas do centro hist\u00f3rico da cidade e da ZTL, perto da Porta Camollia.\",\"breadcrumb\":{\"@id\":\"https:\/\/www.hotelitalia-siena.it\/pt-br\/localizacao\/#breadcrumb\"},\"inLanguage\":\"pt-BR\",\"potentialAction\":[{\"@type\":\"ReadAction\",\"target\":[\"https:\/\/www.hotelitalia-siena.it\/pt-br\/localizacao\/\"]}]},{\"@type\":\"BreadcrumbList\",\"@id\":\"https:\/\/www.hotelitalia-siena.it\/pt-br\/localizacao\/#breadcrumb\",\"itemListElement\":[{\"@type\":\"ListItem\",\"position\":1,\"name\":\"Hotel Italia\",\"item\":\"https:\/\/www.hotelitalia-siena.it\/pt-br\/\"},{\"@type\":\"ListItem\",\"position\":2,\"name\":\"Localiza\u00e7\u00e3o\"}]},{\"@type\":\"WebSite\",\"@id\":\"https:\/\/www.hotelitalia-siena.it\/#website\",\"url\":\"https:\/\/www.hotelitalia-siena.it\/\",\"name\":\"Hotel Italia Siena\",\"description\":\"Just another WordPress site\",\"publisher\":{\"@id\":\"https:\/\/www.hotelitalia-siena.it\/#organization\"},\"potentialAction\":[{\"@type\":\"SearchAction\",\"target\":{\"@type\":\"EntryPoint\",\"urlTemplate\":\"https:\/\/www.hotelitalia-siena.it\/?s={search_term_string}\"},\"query-input\":\"required name=search_term_string\"}],\"inLanguage\":\"pt-BR\"},{\"@type\":\"Organization\",\"@id\":\"https:\/\/www.hotelitalia-siena.it\/#organization\",\"name\":\"Hotel Italia SpA\",\"url\":\"https:\/\/www.hotelitalia-siena.it\/\",\"logo\":{\"@type\":\"ImageObject\",\"inLanguage\":\"pt-BR\",\"@id\":\"https:\/\/www.hotelitalia-siena.it\/#\/schema\/logo\/image\/\",\"url\":\"https:\/\/www.hotelitalia-siena.it\/wp-content\/uploads\/2018\/04\/hotel-italia-siena-logo.png\",\"contentUrl\":\"https:\/\/www.hotelitalia-siena.it\/wp-content\/uploads\/2018\/04\/hotel-italia-siena-logo.png\",\"width\":147,\"height\":102,\"caption\":\"Hotel Italia SpA\"},\"image\":{\"@id\":\"https:\/\/www.hotelitalia-siena.it\/#\/schema\/logo\/image\/\"},\"sameAs\":[\"https:\/\/www.facebook.com\/hotelitaliasiena\/\"]}]}<\/script>\n<!-- \/ Yoast SEO plugin. -->","yoast_head_json":{"title":"Onde estamos - Hotel Italia","description":"O Hotel Italia em Siena est\u00e1 localizado na Via Cavour, em uma posi\u00e7\u00e3o estrat\u00e9gica fora das muralhas do centro hist\u00f3rico da cidade e da ZTL, perto da Porta Camollia.","robots":{"index":"index","follow":"follow","max-snippet":"max-snippet:-1","max-image-preview":"max-image-preview:large","max-video-preview":"max-video-preview:-1"},"canonical":"https:\/\/www.hotelitalia-siena.it\/pt-br\/localizacao\/","og_locale":"pt_BR","og_type":"article","og_title":"Onde estamos - Hotel Italia","og_description":"O Hotel Italia em Siena est\u00e1 localizado na Via Cavour, em uma posi\u00e7\u00e3o estrat\u00e9gica fora das muralhas do centro hist\u00f3rico da cidade e da ZTL, perto da Porta Camollia.","og_url":"https:\/\/www.hotelitalia-siena.it\/pt-br\/localizacao\/","og_site_name":"Hotel Italia Siena","article_publisher":"https:\/\/www.facebook.com\/hotelitaliasiena\/","article_modified_time":"2020-10-25T16:48:05+00:00","og_image":[{"width":2000,"height":705,"url":"https:\/\/www.hotelitalia-siena.it\/wp-content\/uploads\/2015\/01\/header-privacy-policy.jpg","type":"image\/jpeg"}],"twitter_misc":{"Est. tempo de leitura":"5 minutos"},"schema":{"@context":"https:\/\/schema.org","@graph":[{"@type":"WebPage","@id":"https:\/\/www.hotelitalia-siena.it\/pt-br\/localizacao\/","url":"https:\/\/www.hotelitalia-siena.it\/pt-br\/localizacao\/","name":"Onde estamos - Hotel Italia","isPartOf":{"@id":"https:\/\/www.hotelitalia-siena.it\/#website"},"datePublished":"2015-04-10T12:30:48+00:00","dateModified":"2020-10-25T16:48:05+00:00","description":"O Hotel Italia em Siena est\u00e1 localizado na Via Cavour, em uma posi\u00e7\u00e3o estrat\u00e9gica fora das muralhas do centro hist\u00f3rico da cidade e da ZTL, perto da Porta Camollia.","breadcrumb":{"@id":"https:\/\/www.hotelitalia-siena.it\/pt-br\/localizacao\/#breadcrumb"},"inLanguage":"pt-BR","potentialAction":[{"@type":"ReadAction","target":["https:\/\/www.hotelitalia-siena.it\/pt-br\/localizacao\/"]}]},{"@type":"BreadcrumbList","@id":"https:\/\/www.hotelitalia-siena.it\/pt-br\/localizacao\/#breadcrumb","itemListElement":[{"@type":"ListItem","position":1,"name":"Hotel Italia","item":"https:\/\/www.hotelitalia-siena.it\/pt-br\/"},{"@type":"ListItem","position":2,"name":"Localiza\u00e7\u00e3o"}]},{"@type":"WebSite","@id":"https:\/\/www.hotelitalia-siena.it\/#website","url":"https:\/\/www.hotelitalia-siena.it\/","name":"Hotel Italia Siena","description":"Just another WordPress site","publisher":{"@id":"https:\/\/www.hotelitalia-siena.it\/#organization"},"potentialAction":[{"@type":"SearchAction","target":{"@type":"EntryPoint","urlTemplate":"https:\/\/www.hotelitalia-siena.it\/?s={search_term_string}"},"query-input":"required name=search_term_string"}],"inLanguage":"pt-BR"},{"@type":"Organization","@id":"https:\/\/www.hotelitalia-siena.it\/#organization","name":"Hotel Italia SpA","url":"https:\/\/www.hotelitalia-siena.it\/","logo":{"@type":"ImageObject","inLanguage":"pt-BR","@id":"https:\/\/www.hotelitalia-siena.it\/#\/schema\/logo\/image\/","url":"https:\/\/www.hotelitalia-siena.it\/wp-content\/uploads\/2018\/04\/hotel-italia-siena-logo.png","contentUrl":"https:\/\/www.hotelitalia-siena.it\/wp-content\/uploads\/2018\/04\/hotel-italia-siena-logo.png","width":147,"height":102,"caption":"Hotel Italia SpA"},"image":{"@id":"https:\/\/www.hotelitalia-siena.it\/#\/schema\/logo\/image\/"},"sameAs":["https:\/\/www.facebook.com\/hotelitaliasiena\/"]}]}},"_links":{"self":[{"href":"https:\/\/www.hotelitalia-siena.it\/pt-br\/wp-json\/wp\/v2\/pages\/1869"}],"collection":[{"href":"https:\/\/www.hotelitalia-siena.it\/pt-br\/wp-json\/wp\/v2\/pages"}],"about":[{"href":"https:\/\/www.hotelitalia-siena.it\/pt-br\/wp-json\/wp\/v2\/types\/page"}],"author":[{"embeddable":true,"href":"https:\/\/www.hotelitalia-siena.it\/pt-br\/wp-json\/wp\/v2\/users\/1"}],"replies":[{"embeddable":true,"href":"https:\/\/www.hotelitalia-siena.it\/pt-br\/wp-json\/wp\/v2\/comments?post=1869"}],"version-history":[{"count":2,"href":"https:\/\/www.hotelitalia-siena.it\/pt-br\/wp-json\/wp\/v2\/pages\/1869\/revisions"}],"predecessor-version":[{"id":11745,"href":"https:\/\/www.hotelitalia-siena.it\/pt-br\/wp-json\/wp\/v2\/pages\/1869\/revisions\/11745"}],"wp:attachment":[{"href":"https:\/\/www.hotelitalia-siena.it\/pt-br\/wp-json\/wp\/v2\/media?parent=1869"}],"curies":[{"name":"wp","href":"https:\/\/api.w.org\/{rel}","templated":true}]}}