{"id":940,"date":"2015-01-26T15:37:32","date_gmt":"2015-01-26T15:37:32","guid":{"rendered":"http:\/\/newsite.gardenhotel.it\/servizi\/trattamenti\/bed-breakfast\/"},"modified":"2018-06-13T15:00:02","modified_gmt":"2018-06-13T15:00:02","slug":"petit-dejeuner","status":"publish","type":"page","link":"https:\/\/www.hotelitalia-siena.it\/fr\/services\/petit-dejeuner\/","title":{"rendered":"Petit-d\u00e9jeuner"},"content":{"rendered":"<p>[et_pb_section fullwidth=&#8221;on&#8221; specialty=&#8221;off&#8221; transparent_background=&#8221;off&#8221; background_color=&#8221;#ffffff&#8221; inner_shadow=&#8221;off&#8221; parallax=&#8221;off&#8221; parallax_method=&#8221;off&#8221; module_class=&#8221;home_header_slide&#8221;][et_pb_fullwidth_slider admin_label=&#8221;Fullwidth Slider&#8221; show_arrows=&#8221;off&#8221; show_pagination=&#8221;off&#8221; auto=&#8221;off&#8221; parallax=&#8221;off&#8221; parallax_method=&#8221;off&#8221;][et_pb_slide background_image=&#8221;https:\/\/www.hotelitalia-siena.it\/wp-content\/uploads\/2015\/01\/header-2.jpg&#8221; background_color=&#8221;#ffffff&#8221; alignment=&#8221;center&#8221; background_layout=&#8221;dark&#8221; \/][\/et_pb_fullwidth_slider][\/et_pb_section][et_pb_section fullwidth=&#8221;off&#8221; specialty=&#8221;off&#8221; transparent_background=&#8221;off&#8221; background_color=&#8221;#ffffff&#8221; inner_shadow=&#8221;off&#8221; parallax=&#8221;off&#8221; parallax_method=&#8221;off&#8221; module_id=&#8221;h-booking_container&#8221;][et_pb_row][et_pb_column type=&#8221;4_4&#8243;][et_pb_sidebar admin_label=&#8221;Sidebar&#8221; orientation=&#8221;left&#8221; area=&#8221;et_pb_widget_area_1&#8243; background_layout=&#8221;light&#8221; \/][\/et_pb_column][\/et_pb_row][\/et_pb_section][et_pb_section fullwidth=&#8221;off&#8221; specialty=&#8221;off&#8221; transparent_background=&#8221;off&#8221; background_color=&#8221;#ffffff&#8221; inner_shadow=&#8221;off&#8221; parallax=&#8221;off&#8221; parallax_method=&#8221;off&#8221; module_class=&#8221;room_block&#8221;][et_pb_row][et_pb_column type=&#8221;4_4&#8243;][et_pb_text admin_label=&#8221;Text&#8221; background_layout=&#8221;light&#8221; text_orientation=&#8221;left&#8221;]<\/p>\n<h1>Petit-d\u00e9jeuner<\/h1>\n<p>Quand on propose une formule Bed &amp; Breakfast, le petit-d\u00e9jeuner ne peut \u00eatre que super !<\/p>\n<p>Le parfum des viennoiseries chaudes vous envelopperont t\u00f4t le matin \u2026vous vous perdrez entre les gourmandises sucr\u00e9es et sal\u00e9es de notre copieux Buffet&#8230; entre les oeufs brouill\u00e9s, le bacon, la charcuterie, les g\u00e2teaux, les tartes aux pommes et les biscuits artisanaux faits maison par notre p\u00e2tissier.<br \/>\nSi vous \u00eates vraiment gourmand, vous ne pourrez absolument pas manquer l\u2019app\u00e9tissante fondue au chocolat ainsi que les pancakes\u2026 Vous pourrez m\u00eame les voir cuire devant vous, les sortir chaud du plat et les garnir selon vos envies, \u00e0 la cr\u00e8me, au chocolat, au miel ou au sirop d\u2019\u00e9rable : une explosion de saveurs qui rechargeront vos batteries pour une journ\u00e9e \u00e0 Sienne!<\/p>\n<p>Il n\u2019y a pas de choix plus sains que des fruits frais, une salade de fruits, les yaourts, les confitures bio et le pain complet en plus des produits adapt\u00e9s \u00e0 nos amis Vegan et les personnes intol\u00e9rantes au gluten.<br \/>\n\u00c7a se voit quand on dort \u00e0 l\u2019Hotel Italia !<\/p>\n<p>Le sourire que vous arborerez en sortant de l\u2019h\u00f4tel apr\u00e8s notre petit-d\u00e9jeuner sera ce qui vous distinguera des autres.<\/p>\n<p><strong>PETIT-D\u00c9JEUNER DE GROUPES ET AGENCES<\/strong><\/p>\n<p>Afin de proposer des tarifs comp\u00e9titifs, le petit-d\u00e9jeuner de groupes est l\u00e9g\u00e8rement r\u00e9duit par rapport au grand buffet et est servi dans une pi\u00e8ce utilis\u00e9e \u00e0 cet effet. Il comprend un choix de boissons chaudes et froides, des jus de fruits, des croissants, des p\u00e2tisseries vari\u00e9es, des yaourts, des c\u00e9r\u00e9ales, du muesli, du riz souffl\u00e9, du pain frais et grill\u00e9, de la confiture, du beurre, du nutella, des fromages et de la charcuterie. Des produits Vegan et sans gluten sont \u00e9galement disponibles.<br \/>\nMoyennant un petit suppl\u00e9ment, vous pouvez cependant demander le petit-d\u00e9jeuner complet.<\/p>\n<p>[\/et_pb_text][\/et_pb_column][\/et_pb_row][et_pb_row][et_pb_column type=&#8221;4_4&#8243;][et_pb_gallery admin_label=&#8221;Gallery&#8221; gallery_ids=&#8221;5498,6890,5504,6878,6884,6896,5029,5035&#8243; fullwidth=&#8221;off&#8221; posts_number=&#8221;8&#8243; show_title_and_caption=&#8221;on&#8221; show_pagination=&#8221;off&#8221; background_layout=&#8221;light&#8221; \/][\/et_pb_column][\/et_pb_row][et_pb_row][et_pb_column type=&#8221;4_4&#8243;][et_pb_text admin_label=&#8221;Text&#8221; background_layout=&#8221;light&#8221; text_orientation=&#8221;left&#8221;][\/et_pb_text][\/et_pb_column][\/et_pb_row][\/et_pb_section]<\/p>\n","protected":false},"excerpt":{"rendered":"<p><div class=\"et_pb_row et_pb_row_0 et_pb_row_empty\">\n\t\t\t\t\n\t\t\t\t\n\t\t\t\t\n\t\t\t\t\n\t\t\t\t\n\t\t\t<\/div><div class=\"et_pb_row et_pb_row_1 et_pb_row_empty\">\n\t\t\t\t\n\t\t\t\t\n\t\t\t\t\n\t\t\t\t\n\t\t\t\t\n\t\t\t<\/div> Petit-d\u00e9jeuner Quand on propose une formule Bed &amp; Breakfast, le petit-d\u00e9jeuner ne peut \u00eatre que super ! Le parfum des viennoiseries chaudes vous envelopperont t\u00f4t le matin \u2026vous vous perdrez entre les gourmandises sucr\u00e9es et sal\u00e9es de notre copieux Buffet&#8230; entre les oeufs brouill\u00e9s, le bacon, la charcuterie, les g\u00e2teaux, les tartes aux pommes [&hellip;]<\/p>\n","protected":false},"author":1,"featured_media":0,"parent":864,"menu_order":0,"comment_status":"closed","ping_status":"closed","template":"","meta":{"_acf_changed":false,"_et_pb_use_builder":"on","_et_pb_old_content":"","_et_gb_content_width":"","footnotes":""},"acf":[],"yoast_head":"<!-- This site is optimized with the Yoast SEO plugin v23.0 - https:\/\/yoast.com\/wordpress\/plugins\/seo\/ -->\n<title>H\u00f4tel \u00e0 Sienne avec petit d\u00e9jeuner inclus - Hotel Italia<\/title>\n<meta name=\"description\" content=\"L&#039;H\u00f4tel Italia \u00e0 Sienne propose dans toutes ses propositions le petit-d\u00e9jeuner inclus. Le buffet du petit-d\u00e9jeuner comprend toujours un large choix de produits sucr\u00e9s, sal\u00e9s, v\u00e9g\u00e9taliens et c\u0153liaques.\" \/>\n<meta name=\"robots\" content=\"index, follow, max-snippet:-1, max-image-preview:large, max-video-preview:-1\" \/>\n<link rel=\"canonical\" href=\"https:\/\/www.hotelitalia-siena.it\/fr\/services\/petit-dejeuner\/\" \/>\n<meta property=\"og:locale\" content=\"fr_FR\" \/>\n<meta property=\"og:type\" content=\"article\" \/>\n<meta property=\"og:title\" content=\"H\u00f4tel \u00e0 Sienne avec petit d\u00e9jeuner inclus - Hotel Italia\" \/>\n<meta property=\"og:description\" content=\"L&#039;H\u00f4tel Italia \u00e0 Sienne propose dans toutes ses propositions le petit-d\u00e9jeuner inclus. Le buffet du petit-d\u00e9jeuner comprend toujours un large choix de produits sucr\u00e9s, sal\u00e9s, v\u00e9g\u00e9taliens et c\u0153liaques.\" \/>\n<meta property=\"og:url\" content=\"https:\/\/www.hotelitalia-siena.it\/fr\/services\/petit-dejeuner\/\" \/>\n<meta property=\"og:site_name\" content=\"Hotel Italia Siena\" \/>\n<meta property=\"article:publisher\" content=\"https:\/\/www.facebook.com\/hotelitaliasiena\/\" \/>\n<meta property=\"article:modified_time\" content=\"2018-06-13T15:00:02+00:00\" \/>\n<meta property=\"og:image\" content=\"https:\/\/www.hotelitalia-siena.it\/wp-content\/uploads\/2015\/01\/header-privacy-policy.jpg\" \/>\n\t<meta property=\"og:image:width\" content=\"2000\" \/>\n\t<meta property=\"og:image:height\" content=\"705\" \/>\n\t<meta property=\"og:image:type\" content=\"image\/jpeg\" \/>\n<meta name=\"twitter:label1\" content=\"Dur\u00e9e de lecture estim\u00e9e\" \/>\n\t<meta name=\"twitter:data1\" content=\"3 minutes\" \/>\n<script type=\"application\/ld+json\" class=\"yoast-schema-graph\">{\"@context\":\"https:\/\/schema.org\",\"@graph\":[{\"@type\":\"WebPage\",\"@id\":\"https:\/\/www.hotelitalia-siena.it\/fr\/services\/petit-dejeuner\/\",\"url\":\"https:\/\/www.hotelitalia-siena.it\/fr\/services\/petit-dejeuner\/\",\"name\":\"H\u00f4tel \u00e0 Sienne avec petit d\u00e9jeuner inclus - Hotel Italia\",\"isPartOf\":{\"@id\":\"https:\/\/www.hotelitalia-siena.it\/#website\"},\"datePublished\":\"2015-01-26T15:37:32+00:00\",\"dateModified\":\"2018-06-13T15:00:02+00:00\",\"description\":\"L'H\u00f4tel Italia \u00e0 Sienne propose dans toutes ses propositions le petit-d\u00e9jeuner inclus. Le buffet du petit-d\u00e9jeuner comprend toujours un large choix de produits sucr\u00e9s, sal\u00e9s, v\u00e9g\u00e9taliens et c\u0153liaques.\",\"breadcrumb\":{\"@id\":\"https:\/\/www.hotelitalia-siena.it\/fr\/services\/petit-dejeuner\/#breadcrumb\"},\"inLanguage\":\"fr-FR\",\"potentialAction\":[{\"@type\":\"ReadAction\",\"target\":[\"https:\/\/www.hotelitalia-siena.it\/fr\/services\/petit-dejeuner\/\"]}]},{\"@type\":\"BreadcrumbList\",\"@id\":\"https:\/\/www.hotelitalia-siena.it\/fr\/services\/petit-dejeuner\/#breadcrumb\",\"itemListElement\":[{\"@type\":\"ListItem\",\"position\":1,\"name\":\"Hotel Italia\",\"item\":\"https:\/\/www.hotelitalia-siena.it\/fr\/\"},{\"@type\":\"ListItem\",\"position\":2,\"name\":\"Services\",\"item\":\"https:\/\/www.hotelitalia-siena.it\/fr\/services\/\"},{\"@type\":\"ListItem\",\"position\":3,\"name\":\"Petit-d\u00e9jeuner\"}]},{\"@type\":\"WebSite\",\"@id\":\"https:\/\/www.hotelitalia-siena.it\/#website\",\"url\":\"https:\/\/www.hotelitalia-siena.it\/\",\"name\":\"Hotel Italia Siena\",\"description\":\"Un site utilisant WordPress\",\"publisher\":{\"@id\":\"https:\/\/www.hotelitalia-siena.it\/#organization\"},\"potentialAction\":[{\"@type\":\"SearchAction\",\"target\":{\"@type\":\"EntryPoint\",\"urlTemplate\":\"https:\/\/www.hotelitalia-siena.it\/?s={search_term_string}\"},\"query-input\":\"required name=search_term_string\"}],\"inLanguage\":\"fr-FR\"},{\"@type\":\"Organization\",\"@id\":\"https:\/\/www.hotelitalia-siena.it\/#organization\",\"name\":\"Hotel Italia SpA\",\"url\":\"https:\/\/www.hotelitalia-siena.it\/\",\"logo\":{\"@type\":\"ImageObject\",\"inLanguage\":\"fr-FR\",\"@id\":\"https:\/\/www.hotelitalia-siena.it\/#\/schema\/logo\/image\/\",\"url\":\"https:\/\/www.hotelitalia-siena.it\/wp-content\/uploads\/2018\/04\/hotel-italia-siena-logo.png\",\"contentUrl\":\"https:\/\/www.hotelitalia-siena.it\/wp-content\/uploads\/2018\/04\/hotel-italia-siena-logo.png\",\"width\":147,\"height\":102,\"caption\":\"Hotel Italia SpA\"},\"image\":{\"@id\":\"https:\/\/www.hotelitalia-siena.it\/#\/schema\/logo\/image\/\"},\"sameAs\":[\"https:\/\/www.facebook.com\/hotelitaliasiena\/\"]}]}<\/script>\n<!-- \/ Yoast SEO plugin. -->","yoast_head_json":{"title":"H\u00f4tel \u00e0 Sienne avec petit d\u00e9jeuner inclus - Hotel Italia","description":"L'H\u00f4tel Italia \u00e0 Sienne propose dans toutes ses propositions le petit-d\u00e9jeuner inclus. Le buffet du petit-d\u00e9jeuner comprend toujours un large choix de produits sucr\u00e9s, sal\u00e9s, v\u00e9g\u00e9taliens et c\u0153liaques.","robots":{"index":"index","follow":"follow","max-snippet":"max-snippet:-1","max-image-preview":"max-image-preview:large","max-video-preview":"max-video-preview:-1"},"canonical":"https:\/\/www.hotelitalia-siena.it\/fr\/services\/petit-dejeuner\/","og_locale":"fr_FR","og_type":"article","og_title":"H\u00f4tel \u00e0 Sienne avec petit d\u00e9jeuner inclus - Hotel Italia","og_description":"L'H\u00f4tel Italia \u00e0 Sienne propose dans toutes ses propositions le petit-d\u00e9jeuner inclus. Le buffet du petit-d\u00e9jeuner comprend toujours un large choix de produits sucr\u00e9s, sal\u00e9s, v\u00e9g\u00e9taliens et c\u0153liaques.","og_url":"https:\/\/www.hotelitalia-siena.it\/fr\/services\/petit-dejeuner\/","og_site_name":"Hotel Italia Siena","article_publisher":"https:\/\/www.facebook.com\/hotelitaliasiena\/","article_modified_time":"2018-06-13T15:00:02+00:00","og_image":[{"width":2000,"height":705,"url":"https:\/\/www.hotelitalia-siena.it\/wp-content\/uploads\/2015\/01\/header-privacy-policy.jpg","type":"image\/jpeg"}],"twitter_misc":{"Dur\u00e9e de lecture estim\u00e9e":"3 minutes"},"schema":{"@context":"https:\/\/schema.org","@graph":[{"@type":"WebPage","@id":"https:\/\/www.hotelitalia-siena.it\/fr\/services\/petit-dejeuner\/","url":"https:\/\/www.hotelitalia-siena.it\/fr\/services\/petit-dejeuner\/","name":"H\u00f4tel \u00e0 Sienne avec petit d\u00e9jeuner inclus - Hotel Italia","isPartOf":{"@id":"https:\/\/www.hotelitalia-siena.it\/#website"},"datePublished":"2015-01-26T15:37:32+00:00","dateModified":"2018-06-13T15:00:02+00:00","description":"L'H\u00f4tel Italia \u00e0 Sienne propose dans toutes ses propositions le petit-d\u00e9jeuner inclus. Le buffet du petit-d\u00e9jeuner comprend toujours un large choix de produits sucr\u00e9s, sal\u00e9s, v\u00e9g\u00e9taliens et c\u0153liaques.","breadcrumb":{"@id":"https:\/\/www.hotelitalia-siena.it\/fr\/services\/petit-dejeuner\/#breadcrumb"},"inLanguage":"fr-FR","potentialAction":[{"@type":"ReadAction","target":["https:\/\/www.hotelitalia-siena.it\/fr\/services\/petit-dejeuner\/"]}]},{"@type":"BreadcrumbList","@id":"https:\/\/www.hotelitalia-siena.it\/fr\/services\/petit-dejeuner\/#breadcrumb","itemListElement":[{"@type":"ListItem","position":1,"name":"Hotel Italia","item":"https:\/\/www.hotelitalia-siena.it\/fr\/"},{"@type":"ListItem","position":2,"name":"Services","item":"https:\/\/www.hotelitalia-siena.it\/fr\/services\/"},{"@type":"ListItem","position":3,"name":"Petit-d\u00e9jeuner"}]},{"@type":"WebSite","@id":"https:\/\/www.hotelitalia-siena.it\/#website","url":"https:\/\/www.hotelitalia-siena.it\/","name":"Hotel Italia Siena","description":"Un site utilisant WordPress","publisher":{"@id":"https:\/\/www.hotelitalia-siena.it\/#organization"},"potentialAction":[{"@type":"SearchAction","target":{"@type":"EntryPoint","urlTemplate":"https:\/\/www.hotelitalia-siena.it\/?s={search_term_string}"},"query-input":"required name=search_term_string"}],"inLanguage":"fr-FR"},{"@type":"Organization","@id":"https:\/\/www.hotelitalia-siena.it\/#organization","name":"Hotel Italia SpA","url":"https:\/\/www.hotelitalia-siena.it\/","logo":{"@type":"ImageObject","inLanguage":"fr-FR","@id":"https:\/\/www.hotelitalia-siena.it\/#\/schema\/logo\/image\/","url":"https:\/\/www.hotelitalia-siena.it\/wp-content\/uploads\/2018\/04\/hotel-italia-siena-logo.png","contentUrl":"https:\/\/www.hotelitalia-siena.it\/wp-content\/uploads\/2018\/04\/hotel-italia-siena-logo.png","width":147,"height":102,"caption":"Hotel Italia SpA"},"image":{"@id":"https:\/\/www.hotelitalia-siena.it\/#\/schema\/logo\/image\/"},"sameAs":["https:\/\/www.facebook.com\/hotelitaliasiena\/"]}]}},"_links":{"self":[{"href":"https:\/\/www.hotelitalia-siena.it\/fr\/wp-json\/wp\/v2\/pages\/940"}],"collection":[{"href":"https:\/\/www.hotelitalia-siena.it\/fr\/wp-json\/wp\/v2\/pages"}],"about":[{"href":"https:\/\/www.hotelitalia-siena.it\/fr\/wp-json\/wp\/v2\/types\/page"}],"author":[{"embeddable":true,"href":"https:\/\/www.hotelitalia-siena.it\/fr\/wp-json\/wp\/v2\/users\/1"}],"replies":[{"embeddable":true,"href":"https:\/\/www.hotelitalia-siena.it\/fr\/wp-json\/wp\/v2\/comments?post=940"}],"version-history":[{"count":1,"href":"https:\/\/www.hotelitalia-siena.it\/fr\/wp-json\/wp\/v2\/pages\/940\/revisions"}],"predecessor-version":[{"id":11076,"href":"https:\/\/www.hotelitalia-siena.it\/fr\/wp-json\/wp\/v2\/pages\/940\/revisions\/11076"}],"up":[{"embeddable":true,"href":"https:\/\/www.hotelitalia-siena.it\/fr\/wp-json\/wp\/v2\/pages\/864"}],"wp:attachment":[{"href":"https:\/\/www.hotelitalia-siena.it\/fr\/wp-json\/wp\/v2\/media?parent=940"}],"curies":[{"name":"wp","href":"https:\/\/api.w.org\/{rel}","templated":true}]}}