{"id":936,"date":"2015-01-26T16:08:03","date_gmt":"2015-01-26T16:08:03","guid":{"rendered":"http:\/\/newsite.gardenhotel.it\/tempo-libero-2\/"},"modified":"2016-04-12T19:18:13","modified_gmt":"2016-04-12T19:18:13","slug":"loisirs","status":"publish","type":"page","link":"https:\/\/www.hotelitalia-siena.it\/fr\/loisirs\/","title":{"rendered":"Loisirs"},"content":{"rendered":"<p>[et_pb_section admin_label=&#8221;section&#8221; fullwidth=&#8221;on&#8221; specialty=&#8221;off&#8221; transparent_background=&#8221;off&#8221; background_color=&#8221;#ffffff&#8221; inner_shadow=&#8221;off&#8221; parallax=&#8221;off&#8221; parallax_method=&#8221;off&#8221; module_class=&#8221;home_header_slide&#8221;][et_pb_fullwidth_slider admin_label=&#8221;Fullwidth Slider&#8221; show_arrows=&#8221;off&#8221; show_pagination=&#8221;off&#8221; auto=&#8221;off&#8221; parallax=&#8221;off&#8221; parallax_method=&#8221;off&#8221;]<\/p>\n<p>[et_pb_slide background_image=&#8221;https:\/\/www.hotelitalia-siena.it\/wp-content\/uploads\/2015\/01\/HEADER1.jpg&#8221; background_color=&#8221;#ffffff&#8221; alignment=&#8221;center&#8221; background_layout=&#8221;dark&#8221; \/]<\/p>\n<p>[\/et_pb_fullwidth_slider][\/et_pb_section][et_pb_section admin_label=&#8221;section&#8221; fullwidth=&#8221;off&#8221; specialty=&#8221;off&#8221; transparent_background=&#8221;off&#8221; background_color=&#8221;#ffffff&#8221; inner_shadow=&#8221;off&#8221; parallax=&#8221;off&#8221; parallax_method=&#8221;off&#8221; module_id=&#8221;h-booking_container&#8221;][et_pb_row admin_label=&#8221;row&#8221;][et_pb_column type=&#8221;4_4&#8243;][et_pb_sidebar admin_label=&#8221;Sidebar&#8221; orientation=&#8221;left&#8221; area=&#8221;et_pb_widget_area_1&#8243; background_layout=&#8221;light&#8221;]<\/p>\n<p>[\/et_pb_sidebar][\/et_pb_column][\/et_pb_row][\/et_pb_section][et_pb_section admin_label=&#8221;section&#8221; fullwidth=&#8221;off&#8221; specialty=&#8221;off&#8221; transparent_background=&#8221;off&#8221; background_color=&#8221;#ffffff&#8221; inner_shadow=&#8221;off&#8221; parallax=&#8221;off&#8221; parallax_method=&#8221;off&#8221; module_class=&#8221;room_block&#8221;][et_pb_row admin_label=&#8221;row&#8221;][et_pb_column type=&#8221;4_4&#8243;][et_pb_text admin_label=&#8221;Text&#8221; background_layout=&#8221;light&#8221; text_orientation=&#8221;left&#8221; use_border_color=&#8221;off&#8221; border_color=&#8221;#ffffff&#8221; border_style=&#8221;solid&#8221;]<\/p>\n<h1>Loisirs<\/h1>\n<p><strong>Sienne<\/strong>&nbsp;est une ville que l\u2019on peut visiter facilement, les lieux les plus importants et les plus remarquables pouvant \u00eatre visiter en une seule journ\u00e9e.<br \/> Elle est pourtant tellement riche d\u2019art et de culture que cela serait vraiment dommage de partir sans avoir visit\u00e9 les mus\u00e9es, les \u201ccontrades\u201d ou simplement sans avoir d\u00e9couvert un des nombreux panoramas fascinants apparaissant par surprise au d\u00e9tour des ruelles m\u00e9di\u00e9vales.<\/p>\n<p><strong>March\u00e9<\/strong><\/p>\n<p>Tous les mercredis de 07h30 \u00e0 14h00, aux pieds de la Forteresse Medicea, se tient le march\u00e9 hebdomadaire o\u00f9 vous pouvez trouver toutes sortes d\u2019objets, de v\u00eatements, d\u2019\u00e9tals oeno-gastronomiques avec des produits r\u00e9gionaux. C\u2019est un march\u00e9 traditionnel et vous pourrez y faire d\u2019excellentes affaires.<\/p>\n<p><strong>Suggestions pour passer une journ\u00e9e \u00e0 Sienne<\/strong><\/p>\n<p>En marchant tranquillement depuis l\u2019H\u00f4tel, rejoignez la Porta Camollia en seulement cinq minutes et entrez dans le centre historique par l\u00e0 m\u00eame o\u00f9 les Pellegrini passaient au Moyen \u00c2ge, pour aller de Sienne \u00e0 Rome. De l\u00e0, toujours en vous promenant, en quelques minutes, vous arrivez sur la Piazza del Campo, San Domenico et au Duomo (cherchez le carr\u00e9 magique du Sator, on dit qu\u2019il est li\u00e9 aux chevaliers de l\u2019Ordre du Temple), o\u00f9 vous pourrez visiter \u00e9galement le superbe Mus\u00e9e de l\u2019Op\u00e9ra, la Crypte et le Baptist\u00e8re.<br \/> Ne ratez pas l\u2019occasion de vivre une exp\u00e9rience oeno-gastronomique avec des produits r\u00e9gionaux et offrez-vous un bon repas dans l\u2019une des trattorias ou osterias (sorte de tavernes typiques) de la ville o\u00f9 vous pourrez commander des plats typiques comme les \u201cpici\u201d, un genre particulier de p\u00e2tes faites avec de l\u2019eau et de la farine, excellentes avec une sauce \u201call\u2019aglione\u201d et si cela se trouve \u00eatre la bonne p\u00e9riode (Novembre-D\u00e9cembre), ajouter une bruschetta rustique avec de \u201cl\u2019huile primeur\u201d et arrosez le tout avec un verre de Chianti ou de Brunello ! Le tout servi de mani\u00e8re informelle sur une nappe de papier jaune avec en fond, le duomo illumin\u00e9 par la lune. Nous vous conseillons au retour de faire un saut au \u201cCamporegio\u201d, sous la Basilique de San Domenico, pour jeter un oeil au panorama caract\u00e9ristique des toits de Sienne perch\u00e9s l\u2019un sur l\u2019autre et domin\u00e9s par le profil du Duomo et de la Torre del Mangia. Vraiment fascinant !<\/p>\n<p><strong>San Gimignano<\/strong>&nbsp;fameux bourg m\u00e9di\u00e9val avec ses belles tours, au coeur de la campagne toscane. Il a \u00e9t\u00e9 reconnu par l\u2019UNESCO comme faisant partie du patrimoine de l\u2019humanit\u00e9, pour l\u2019architecture caract\u00e9ristique datant du Moyen Age de son centre historique.<\/p>\n<p><strong>Volterra, <\/strong><strong>ville<\/strong> c\u00e9l\u00e8bre pour l\u2019extraction et l\u2019\u00e9laboration de l\u2019alb\u00e2tre, elle a gard\u00e9 un remarquable centre historique d\u2019origine \u00e9trusque.<\/p>\n<p><strong>Montalcino, <\/strong><strong>aux pieds du<\/strong><strong>&nbsp;<\/strong>Val d\u2019Orcia, o\u00f9 se trouve la terre m\u00e8re du Brunello&#8230;pour les amateurs de vin c\u2019est une \u00e9tape obligatoire. Le paysage des cr\u00eates tout autour est impressionnant.<\/p>\n<p><strong>Pienza<\/strong>&nbsp;la ville de la renaissance utopique, avec son am\u00e9nagement urbain d\u00e9fini comme \u2018id\u00e9al\u2019, r\u00e9put\u00e9e pour son fromage, le \u201cpecorino di fossa\u201d et pour ses c\u00e9ramiques\u2026un ensemble de plaisirs \u00e0 ne pas rater.<\/p>\n<p><strong>Zone du Chianti, <\/strong><strong>d\u00e9cor<\/strong>&nbsp;choisi par de nombreux cin\u00e9astes de notori\u00e9t\u00e9 internationale pour sa splendeur unique, elle permet de voyager entre saveurs typiques, bourgs et ch\u00e2teaux \u00e0 d\u00e9couvrir. C&#8217;est un paysage dans lequel il est bon de se perdre.<\/p>\n<p><strong>Les Thermes <\/strong>: Immerg\u00e9es dans les \u201ccrete\u201d, terres d\u2019argile craquel\u00e9es, dures et fascinantes qui changent d\u2019aspect \u00e0 chaque saison, les Thermes vous attendent pour vous r\u00e9g\u00e9n\u00e9rer et vous envelopper pour une journ\u00e9e de d\u00e9tente maximale.<\/p>\n<p><strong>Parco Avventura Saltalbero :&nbsp;<\/strong>\u00c0 quelques pas des Thermes de Rapolano, il existe un parc merveilleux dans l\u2019\u00e9crin d\u2019une for\u00eat de ch\u00eanes s\u00e9culaires, parfait pour passer une journ\u00e9e au grand air avec toute la famille, id\u00e9al pour les enfants et les adolescents de tous \u00e2ges pour s\u2019aventurer parmi les arbres avec des parcours en toute s\u00e9curit\u00e9 ou en jouant au sol avec les amusants jeux populaires et le mini golf.&nbsp;<a href=\"http:\/\/www.saltalbero.it\/\">www.saltalbero.it<\/a>.<\/p>\n<p>&nbsp;<\/p>\n<p>[\/et_pb_text][\/et_pb_column][\/et_pb_row][et_pb_row admin_label=&#8221;row&#8221;][et_pb_column type=&#8221;4_4&#8243;][et_pb_gallery admin_label=&#8221;Gallery&#8221; gallery_ids=&#8221;527,469,465,463&#8243; fullwidth=&#8221;off&#8221; posts_number=&#8221;4&#8243; show_title_and_caption=&#8221;on&#8221; show_pagination=&#8221;off&#8221; background_layout=&#8221;light&#8221;]<\/p>\n<p>[\/et_pb_gallery][\/et_pb_column][\/et_pb_row][et_pb_row admin_label=&#8221;row&#8221;][et_pb_column type=&#8221;4_4&#8243;][et_pb_text admin_label=&#8221;Text&#8221; background_layout=&#8221;light&#8221; text_orientation=&#8221;left&#8221;]<\/p>\n<p>[\/et_pb_text][\/et_pb_column][\/et_pb_row][\/et_pb_section]<\/p>\n","protected":false},"excerpt":{"rendered":"<p>Loisirs Sienne&nbsp;est une ville que l\u2019on peut visiter facilement, les lieux les plus importants et les plus remarquables pouvant \u00eatre visiter en une seule journ\u00e9e. Elle est pourtant tellement riche d\u2019art et de culture que cela serait vraiment dommage de partir sans avoir visit\u00e9 les mus\u00e9es, les \u201ccontrades\u201d ou simplement sans avoir d\u00e9couvert un des [&hellip;]<\/p>\n","protected":false},"author":1,"featured_media":0,"parent":0,"menu_order":0,"comment_status":"closed","ping_status":"closed","template":"","meta":{"_acf_changed":false,"_et_pb_use_builder":"on","_et_pb_old_content":"","_et_gb_content_width":"","footnotes":""},"acf":[],"yoast_head":"<!-- This site is optimized with the Yoast SEO plugin v23.0 - https:\/\/yoast.com\/wordpress\/plugins\/seo\/ -->\n<title>Que faire \u00e0 Sienne et ses alentours - Hotel Italia<\/title>\n<meta name=\"description\" content=\"D\u00e9couvrez quoi faire \u00e0 Sienne et ses alentours. Voir les activit\u00e9s, les \u00e9v\u00e8nements, les march\u00e9s et conna\u00eetre les lieux importants de la province de Sienne.\" \/>\n<meta name=\"robots\" content=\"index, follow, max-snippet:-1, max-image-preview:large, max-video-preview:-1\" \/>\n<link rel=\"canonical\" href=\"https:\/\/www.hotelitalia-siena.it\/fr\/loisirs\/\" \/>\n<meta property=\"og:locale\" content=\"fr_FR\" \/>\n<meta property=\"og:type\" content=\"article\" \/>\n<meta property=\"og:title\" content=\"Que faire \u00e0 Sienne et ses alentours - Hotel Italia\" \/>\n<meta property=\"og:description\" content=\"D\u00e9couvrez quoi faire \u00e0 Sienne et ses alentours. Voir les activit\u00e9s, les \u00e9v\u00e8nements, les march\u00e9s et conna\u00eetre les lieux importants de la province de Sienne.\" \/>\n<meta property=\"og:url\" content=\"https:\/\/www.hotelitalia-siena.it\/fr\/loisirs\/\" \/>\n<meta property=\"og:site_name\" content=\"Hotel Italia Siena\" \/>\n<meta property=\"article:publisher\" content=\"https:\/\/www.facebook.com\/hotelitaliasiena\/\" \/>\n<meta property=\"article:modified_time\" content=\"2016-04-12T19:18:13+00:00\" \/>\n<meta property=\"og:image\" content=\"https:\/\/www.hotelitalia-siena.it\/wp-content\/uploads\/2015\/01\/header-privacy-policy.jpg\" \/>\n\t<meta property=\"og:image:width\" content=\"2000\" \/>\n\t<meta property=\"og:image:height\" content=\"705\" \/>\n\t<meta property=\"og:image:type\" content=\"image\/jpeg\" \/>\n<meta name=\"twitter:label1\" content=\"Dur\u00e9e de lecture estim\u00e9e\" \/>\n\t<meta name=\"twitter:data1\" content=\"5 minutes\" \/>\n<script type=\"application\/ld+json\" class=\"yoast-schema-graph\">{\"@context\":\"https:\/\/schema.org\",\"@graph\":[{\"@type\":\"WebPage\",\"@id\":\"https:\/\/www.hotelitalia-siena.it\/fr\/loisirs\/\",\"url\":\"https:\/\/www.hotelitalia-siena.it\/fr\/loisirs\/\",\"name\":\"Que faire \u00e0 Sienne et ses alentours - Hotel Italia\",\"isPartOf\":{\"@id\":\"https:\/\/www.hotelitalia-siena.it\/#website\"},\"datePublished\":\"2015-01-26T16:08:03+00:00\",\"dateModified\":\"2016-04-12T19:18:13+00:00\",\"description\":\"D\u00e9couvrez quoi faire \u00e0 Sienne et ses alentours. Voir les activit\u00e9s, les \u00e9v\u00e8nements, les march\u00e9s et conna\u00eetre les lieux importants de la province de Sienne.\",\"breadcrumb\":{\"@id\":\"https:\/\/www.hotelitalia-siena.it\/fr\/loisirs\/#breadcrumb\"},\"inLanguage\":\"fr-FR\",\"potentialAction\":[{\"@type\":\"ReadAction\",\"target\":[\"https:\/\/www.hotelitalia-siena.it\/fr\/loisirs\/\"]}]},{\"@type\":\"BreadcrumbList\",\"@id\":\"https:\/\/www.hotelitalia-siena.it\/fr\/loisirs\/#breadcrumb\",\"itemListElement\":[{\"@type\":\"ListItem\",\"position\":1,\"name\":\"Hotel Italia\",\"item\":\"https:\/\/www.hotelitalia-siena.it\/fr\/\"},{\"@type\":\"ListItem\",\"position\":2,\"name\":\"Loisirs\"}]},{\"@type\":\"WebSite\",\"@id\":\"https:\/\/www.hotelitalia-siena.it\/#website\",\"url\":\"https:\/\/www.hotelitalia-siena.it\/\",\"name\":\"Hotel Italia Siena\",\"description\":\"Un site utilisant WordPress\",\"publisher\":{\"@id\":\"https:\/\/www.hotelitalia-siena.it\/#organization\"},\"potentialAction\":[{\"@type\":\"SearchAction\",\"target\":{\"@type\":\"EntryPoint\",\"urlTemplate\":\"https:\/\/www.hotelitalia-siena.it\/?s={search_term_string}\"},\"query-input\":\"required name=search_term_string\"}],\"inLanguage\":\"fr-FR\"},{\"@type\":\"Organization\",\"@id\":\"https:\/\/www.hotelitalia-siena.it\/#organization\",\"name\":\"Hotel Italia SpA\",\"url\":\"https:\/\/www.hotelitalia-siena.it\/\",\"logo\":{\"@type\":\"ImageObject\",\"inLanguage\":\"fr-FR\",\"@id\":\"https:\/\/www.hotelitalia-siena.it\/#\/schema\/logo\/image\/\",\"url\":\"https:\/\/www.hotelitalia-siena.it\/wp-content\/uploads\/2018\/04\/hotel-italia-siena-logo.png\",\"contentUrl\":\"https:\/\/www.hotelitalia-siena.it\/wp-content\/uploads\/2018\/04\/hotel-italia-siena-logo.png\",\"width\":147,\"height\":102,\"caption\":\"Hotel Italia SpA\"},\"image\":{\"@id\":\"https:\/\/www.hotelitalia-siena.it\/#\/schema\/logo\/image\/\"},\"sameAs\":[\"https:\/\/www.facebook.com\/hotelitaliasiena\/\"]}]}<\/script>\n<!-- \/ Yoast SEO plugin. -->","yoast_head_json":{"title":"Que faire \u00e0 Sienne et ses alentours - Hotel Italia","description":"D\u00e9couvrez quoi faire \u00e0 Sienne et ses alentours. Voir les activit\u00e9s, les \u00e9v\u00e8nements, les march\u00e9s et conna\u00eetre les lieux importants de la province de Sienne.","robots":{"index":"index","follow":"follow","max-snippet":"max-snippet:-1","max-image-preview":"max-image-preview:large","max-video-preview":"max-video-preview:-1"},"canonical":"https:\/\/www.hotelitalia-siena.it\/fr\/loisirs\/","og_locale":"fr_FR","og_type":"article","og_title":"Que faire \u00e0 Sienne et ses alentours - Hotel Italia","og_description":"D\u00e9couvrez quoi faire \u00e0 Sienne et ses alentours. Voir les activit\u00e9s, les \u00e9v\u00e8nements, les march\u00e9s et conna\u00eetre les lieux importants de la province de Sienne.","og_url":"https:\/\/www.hotelitalia-siena.it\/fr\/loisirs\/","og_site_name":"Hotel Italia Siena","article_publisher":"https:\/\/www.facebook.com\/hotelitaliasiena\/","article_modified_time":"2016-04-12T19:18:13+00:00","og_image":[{"width":2000,"height":705,"url":"https:\/\/www.hotelitalia-siena.it\/wp-content\/uploads\/2015\/01\/header-privacy-policy.jpg","type":"image\/jpeg"}],"twitter_misc":{"Dur\u00e9e de lecture estim\u00e9e":"5 minutes"},"schema":{"@context":"https:\/\/schema.org","@graph":[{"@type":"WebPage","@id":"https:\/\/www.hotelitalia-siena.it\/fr\/loisirs\/","url":"https:\/\/www.hotelitalia-siena.it\/fr\/loisirs\/","name":"Que faire \u00e0 Sienne et ses alentours - Hotel Italia","isPartOf":{"@id":"https:\/\/www.hotelitalia-siena.it\/#website"},"datePublished":"2015-01-26T16:08:03+00:00","dateModified":"2016-04-12T19:18:13+00:00","description":"D\u00e9couvrez quoi faire \u00e0 Sienne et ses alentours. Voir les activit\u00e9s, les \u00e9v\u00e8nements, les march\u00e9s et conna\u00eetre les lieux importants de la province de Sienne.","breadcrumb":{"@id":"https:\/\/www.hotelitalia-siena.it\/fr\/loisirs\/#breadcrumb"},"inLanguage":"fr-FR","potentialAction":[{"@type":"ReadAction","target":["https:\/\/www.hotelitalia-siena.it\/fr\/loisirs\/"]}]},{"@type":"BreadcrumbList","@id":"https:\/\/www.hotelitalia-siena.it\/fr\/loisirs\/#breadcrumb","itemListElement":[{"@type":"ListItem","position":1,"name":"Hotel Italia","item":"https:\/\/www.hotelitalia-siena.it\/fr\/"},{"@type":"ListItem","position":2,"name":"Loisirs"}]},{"@type":"WebSite","@id":"https:\/\/www.hotelitalia-siena.it\/#website","url":"https:\/\/www.hotelitalia-siena.it\/","name":"Hotel Italia Siena","description":"Un site utilisant WordPress","publisher":{"@id":"https:\/\/www.hotelitalia-siena.it\/#organization"},"potentialAction":[{"@type":"SearchAction","target":{"@type":"EntryPoint","urlTemplate":"https:\/\/www.hotelitalia-siena.it\/?s={search_term_string}"},"query-input":"required name=search_term_string"}],"inLanguage":"fr-FR"},{"@type":"Organization","@id":"https:\/\/www.hotelitalia-siena.it\/#organization","name":"Hotel Italia SpA","url":"https:\/\/www.hotelitalia-siena.it\/","logo":{"@type":"ImageObject","inLanguage":"fr-FR","@id":"https:\/\/www.hotelitalia-siena.it\/#\/schema\/logo\/image\/","url":"https:\/\/www.hotelitalia-siena.it\/wp-content\/uploads\/2018\/04\/hotel-italia-siena-logo.png","contentUrl":"https:\/\/www.hotelitalia-siena.it\/wp-content\/uploads\/2018\/04\/hotel-italia-siena-logo.png","width":147,"height":102,"caption":"Hotel Italia SpA"},"image":{"@id":"https:\/\/www.hotelitalia-siena.it\/#\/schema\/logo\/image\/"},"sameAs":["https:\/\/www.facebook.com\/hotelitaliasiena\/"]}]}},"_links":{"self":[{"href":"https:\/\/www.hotelitalia-siena.it\/fr\/wp-json\/wp\/v2\/pages\/936"}],"collection":[{"href":"https:\/\/www.hotelitalia-siena.it\/fr\/wp-json\/wp\/v2\/pages"}],"about":[{"href":"https:\/\/www.hotelitalia-siena.it\/fr\/wp-json\/wp\/v2\/types\/page"}],"author":[{"embeddable":true,"href":"https:\/\/www.hotelitalia-siena.it\/fr\/wp-json\/wp\/v2\/users\/1"}],"replies":[{"embeddable":true,"href":"https:\/\/www.hotelitalia-siena.it\/fr\/wp-json\/wp\/v2\/comments?post=936"}],"version-history":[{"count":0,"href":"https:\/\/www.hotelitalia-siena.it\/fr\/wp-json\/wp\/v2\/pages\/936\/revisions"}],"wp:attachment":[{"href":"https:\/\/www.hotelitalia-siena.it\/fr\/wp-json\/wp\/v2\/media?parent=936"}],"curies":[{"name":"wp","href":"https:\/\/api.w.org\/{rel}","templated":true}]}}