{"id":8469,"date":"2015-11-19T13:44:04","date_gmt":"2015-11-19T13:44:04","guid":{"rendered":"http:\/\/www.hotelitalia-siena.it\/mappa-del-sito-2\/"},"modified":"2018-06-13T16:51:10","modified_gmt":"2018-06-13T16:51:10","slug":"carte-du-site","status":"publish","type":"page","link":"https:\/\/www.hotelitalia-siena.it\/fr\/carte-du-site\/","title":{"rendered":"Carte du site"},"content":{"rendered":"<p>[et_pb_section admin_label=&#8221;section&#8221; fullwidth=&#8221;on&#8221; specialty=&#8221;off&#8221; transparent_background=&#8221;off&#8221; background_color=&#8221;#ffffff&#8221; inner_shadow=&#8221;off&#8221; parallax=&#8221;off&#8221; parallax_method=&#8221;off&#8221; module_class=&#8221;home_header_slide&#8221;][et_pb_fullwidth_slider admin_label=&#8221;Fullwidth Slider&#8221; show_arrows=&#8221;off&#8221; show_pagination=&#8221;off&#8221; auto=&#8221;off&#8221; parallax=&#8221;off&#8221; parallax_method=&#8221;off&#8221;]<\/p>\n<p>[et_pb_slide background_image=&#8221;https:\/\/www.hotelitalia-siena.it\/wp-content\/uploads\/2015\/01\/header-privacy-policy.jpg&#8221; background_color=&#8221;#ffffff&#8221; alignment=&#8221;center&#8221; background_layout=&#8221;dark&#8221; \/]<\/p>\n<p>[\/et_pb_fullwidth_slider][\/et_pb_section][et_pb_section admin_label=&#8221;section&#8221; fullwidth=&#8221;off&#8221; specialty=&#8221;off&#8221; transparent_background=&#8221;off&#8221; background_color=&#8221;#ffffff&#8221; inner_shadow=&#8221;off&#8221; parallax=&#8221;off&#8221; parallax_method=&#8221;off&#8221; module_id=&#8221;h-booking_container&#8221;][et_pb_row admin_label=&#8221;row&#8221;][et_pb_column type=&#8221;4_4&#8243;][et_pb_sidebar admin_label=&#8221;Sidebar&#8221; orientation=&#8221;left&#8221; area=&#8221;et_pb_widget_area_1&#8243; background_layout=&#8221;light&#8221;]<\/p>\n<p>[\/et_pb_sidebar][\/et_pb_column][\/et_pb_row][\/et_pb_section][et_pb_section admin_label=&#8221;section&#8221; fullwidth=&#8221;off&#8221; specialty=&#8221;off&#8221; transparent_background=&#8221;off&#8221; background_color=&#8221;#ffffff&#8221; inner_shadow=&#8221;off&#8221; parallax=&#8221;off&#8221; parallax_method=&#8221;off&#8221; module_class=&#8221;room_block&#8221;][et_pb_row admin_label=&#8221;row&#8221;][et_pb_column type=&#8221;4_4&#8243;][et_pb_text admin_label=&#8221;Text&#8221; background_layout=&#8221;light&#8221; text_orientation=&#8221;left&#8221; use_border_color=&#8221;off&#8221; border_color=&#8221;#ffffff&#8221; border_style=&#8221;solid&#8221;]<\/p>\n<h2>Pages<\/h2><ul id=\"htmlmap_pages\"><li ><a href=\"https:\/\/www.hotelitalia-siena.it\/fr\/acces\/\" title=\"Acc\u00e8s\"><strong>Acc\u00e8s<\/strong><\/a><\/li><li ><a href=\"https:\/\/www.hotelitalia-siena.it\/fr\/carte-du-site\/\" title=\"Carte du site\"><strong>Carte du site<\/strong><\/a><\/li><li ><a href=\"https:\/\/www.hotelitalia-siena.it\/fr\/chambres\/\" title=\"Chambres\"><strong>Chambres<\/strong><\/a><\/li><li style='margin-left:20px;'><a href=\"https:\/\/www.hotelitalia-siena.it\/fr\/chambres\/executive\/\" title=\"Executive\">Executive<\/a><\/li><li style='margin-left:20px;'><a href=\"https:\/\/www.hotelitalia-siena.it\/fr\/chambres\/junior-suite\/\" title=\"Junior Suite\">Junior Suite<\/a><\/li><li style='margin-left:20px;'><a href=\"https:\/\/www.hotelitalia-siena.it\/fr\/chambres\/love-room\/\" title=\"Love Room\">Love Room<\/a><\/li><li style='margin-left:20px;'><a href=\"https:\/\/www.hotelitalia-siena.it\/fr\/chambres\/standard\/\" title=\"Standard\">Standard<\/a><\/li><li style='margin-left:20px;'><a href=\"https:\/\/www.hotelitalia-siena.it\/fr\/chambres\/superior\/\" title=\"Superior\">Superior<\/a><\/li><li ><a href=\"https:\/\/www.hotelitalia-siena.it\/fr\/contacts\/\" title=\"Contacts\"><strong>Contacts<\/strong><\/a><\/li><li ><a href=\"https:\/\/www.hotelitalia-siena.it\/fr\/cookie-policy\/\" title=\"Cookie Policy\"><strong>Cookie Policy<\/strong><\/a><\/li><li ><a href=\"https:\/\/www.hotelitalia-siena.it\/fr\/cookies-policy\/\" title=\"Cookies policy\"><strong>Cookies policy<\/strong><\/a><\/li><li ><a href=\"https:\/\/www.hotelitalia-siena.it\/fr\/galerie-photos\/\" title=\"Galerie Photos\"><strong>Galerie Photos<\/strong><\/a><\/li><li ><a href=\"https:\/\/www.hotelitalia-siena.it\/fr\/hotel\/\" title=\"H\u00f4tel\"><strong>H\u00f4tel<\/strong><\/a><\/li><li style='margin-left:20px;'><a href=\"https:\/\/www.hotelitalia-siena.it\/fr\/hotel\/equipe\/\" title=\"L\u2019\u00c9quipe\">L\u2019\u00c9quipe<\/a><\/li><li style='margin-left:20px;'><a href=\"https:\/\/www.hotelitalia-siena.it\/fr\/hotel\/pourquoi-nous-choisir\/\" title=\"Pourquoi nous choisir\">Pourquoi nous choisir<\/a><\/li><li ><a href=\"https:\/\/www.hotelitalia-siena.it\/fr\/loisirs\/\" title=\"Loisirs\"><strong>Loisirs<\/strong><\/a><\/li><li ><a href=\"https:\/\/www.hotelitalia-siena.it\/fr\/newsletter\/\" title=\"Newsletter\"><strong>Newsletter<\/strong><\/a><\/li><li ><a href=\"https:\/\/www.hotelitalia-siena.it\/fr\/\" title=\"Page d\u2019accueil\"><strong>Page d\u2019accueil<\/strong><\/a><\/li><li ><a href=\"https:\/\/www.hotelitalia-siena.it\/fr\/politique-de-confidentialite\/\" title=\"Politique de Confidentialit\u00e9\"><strong>Politique de Confidentialit\u00e9<\/strong><\/a><\/li><li ><a href=\"https:\/\/www.hotelitalia-siena.it\/fr\/services\/\" title=\"Services\"><strong>Services<\/strong><\/a><\/li><li style='margin-left:20px;'><a href=\"https:\/\/www.hotelitalia-siena.it\/fr\/services\/animaux-acceptes\/\" title=\"Animaux accept\u00e9s \">Animaux accept\u00e9s <\/a><\/li><li style='margin-left:20px;'><a href=\"https:\/\/www.hotelitalia-siena.it\/fr\/services\/bagagerie\/\" title=\"Bagagerie \">Bagagerie <\/a><\/li><li style='margin-left:20px;'><a href=\"https:\/\/www.hotelitalia-siena.it\/fr\/services\/coin-cafe-et-pommes-de-bienvenue\/\" title=\"Coin caf\u00e9 et pommes de bienvenue\">Coin caf\u00e9 et pommes de bienvenue<\/a><\/li><li style='margin-left:20px;'><a href=\"https:\/\/www.hotelitalia-siena.it\/fr\/services\/coin-lecture\/\" title=\"Coin lecture\">Coin lecture<\/a><\/li><li style='margin-left:20px;'><a href=\"https:\/\/www.hotelitalia-siena.it\/fr\/services\/concierge\/\" title=\"Concierge\">Concierge<\/a><\/li><li style='margin-left:20px;'><a href=\"https:\/\/www.hotelitalia-siena.it\/fr\/services\/espace-internet-et-connexion-wifi\/\" title=\"Espace Internet et connexion WiFi\">Espace Internet et connexion WiFi<\/a><\/li><li style='margin-left:20px;'><a href=\"https:\/\/www.hotelitalia-siena.it\/fr\/services\/parking-prive\/\" title=\"Parking Priv\u00e9\">Parking Priv\u00e9<\/a><\/li><li style='margin-left:20px;'><a href=\"https:\/\/www.hotelitalia-siena.it\/fr\/services\/petit-dejeuner\/\" title=\"Petit-d\u00e9jeuner\">Petit-d\u00e9jeuner<\/a><\/li><li style='margin-left:20px;'><a href=\"https:\/\/www.hotelitalia-siena.it\/fr\/services\/produits-vegan-et-sans-gluten\/\" title=\"Produits Vegan et sans Gluten \">Produits Vegan et sans Gluten <\/a><\/li><li style='margin-left:20px;'><a href=\"https:\/\/www.hotelitalia-siena.it\/fr\/services\/repas\/\" title=\"Repas\">Repas<\/a><\/li><li style='margin-left:20px;'><a href=\"https:\/\/www.hotelitalia-siena.it\/fr\/services\/sky-vision\/\" title=\"SKY Vision\">SKY Vision<\/a><\/li><li style='margin-left:20px;'><a href=\"https:\/\/www.hotelitalia-siena.it\/fr\/services\/sportifs\/\" title=\"Sportifs \">Sportifs <\/a><\/li><li ><a href=\"https:\/\/www.hotelitalia-siena.it\/fr\/situation\/\" title=\"Situation\"><strong>Situation<\/strong><\/a><\/li><li ><a href=\"https:\/\/www.hotelitalia-siena.it\/fr\/tarifs\/\" title=\"Tarifs\"><strong>Tarifs<\/strong><\/a><\/li><\/ul><div id=\"htmlmap_posts\">\n<\/div>\n<h2><a href=\"https:\/\/www.hotelitalia-siena.it\/fr\/temoignages\/\">Temoignages<\/a><\/h2>\n<p>[\/et_pb_text][\/et_pb_column][\/et_pb_row][et_pb_row admin_label=&#8221;row&#8221;][et_pb_column type=&#8221;4_4&#8243;][et_pb_text admin_label=&#8221;Text&#8221; background_layout=&#8221;light&#8221; text_orientation=&#8221;left&#8221;]<\/p>\n<p>[\/et_pb_text][\/et_pb_column][\/et_pb_row][\/et_pb_section]<\/p>\n","protected":false},"excerpt":{"rendered":"<p><h2>Pages<\/h2><ul id=\"htmlmap_pages\"><li ><a href=\"https:\/\/www.hotelitalia-siena.it\/fr\/acces\/\" title=\"Acc\u00e8s\"><strong>Acc\u00e8s<\/strong><\/a><\/li><li ><a href=\"https:\/\/www.hotelitalia-siena.it\/fr\/carte-du-site\/\" title=\"Carte du site\"><strong>Carte du site<\/strong><\/a><\/li><li ><a href=\"https:\/\/www.hotelitalia-siena.it\/fr\/chambres\/\" title=\"Chambres\"><strong>Chambres<\/strong><\/a><\/li><li style='margin-left:20px;'><a href=\"https:\/\/www.hotelitalia-siena.it\/fr\/chambres\/executive\/\" title=\"Executive\">Executive<\/a><\/li><li style='margin-left:20px;'><a href=\"https:\/\/www.hotelitalia-siena.it\/fr\/chambres\/junior-suite\/\" title=\"Junior Suite\">Junior Suite<\/a><\/li><li style='margin-left:20px;'><a href=\"https:\/\/www.hotelitalia-siena.it\/fr\/chambres\/love-room\/\" title=\"Love Room\">Love Room<\/a><\/li><li style='margin-left:20px;'><a href=\"https:\/\/www.hotelitalia-siena.it\/fr\/chambres\/standard\/\" title=\"Standard\">Standard<\/a><\/li><li style='margin-left:20px;'><a href=\"https:\/\/www.hotelitalia-siena.it\/fr\/chambres\/superior\/\" title=\"Superior\">Superior<\/a><\/li><li ><a href=\"https:\/\/www.hotelitalia-siena.it\/fr\/contacts\/\" title=\"Contacts\"><strong>Contacts<\/strong><\/a><\/li><li ><a href=\"https:\/\/www.hotelitalia-siena.it\/fr\/cookie-policy\/\" title=\"Cookie Policy\"><strong>Cookie Policy<\/strong><\/a><\/li><li ><a href=\"https:\/\/www.hotelitalia-siena.it\/fr\/cookies-policy\/\" title=\"Cookies policy\"><strong>Cookies policy<\/strong><\/a><\/li><li ><a href=\"https:\/\/www.hotelitalia-siena.it\/fr\/galerie-photos\/\" title=\"Galerie Photos\"><strong>Galerie Photos<\/strong><\/a><\/li><li ><a href=\"https:\/\/www.hotelitalia-siena.it\/fr\/hotel\/\" title=\"H\u00f4tel\"><strong>H\u00f4tel<\/strong><\/a><\/li><li style='margin-left:20px;'><a href=\"https:\/\/www.hotelitalia-siena.it\/fr\/hotel\/equipe\/\" title=\"L\u2019\u00c9quipe\">L\u2019\u00c9quipe<\/a><\/li><li style='margin-left:20px;'><a href=\"https:\/\/www.hotelitalia-siena.it\/fr\/hotel\/pourquoi-nous-choisir\/\" title=\"Pourquoi nous choisir\">Pourquoi nous choisir<\/a><\/li><li ><a href=\"https:\/\/www.hotelitalia-siena.it\/fr\/loisirs\/\" title=\"Loisirs\"><strong>Loisirs<\/strong><\/a><\/li><li ><a href=\"https:\/\/www.hotelitalia-siena.it\/fr\/newsletter\/\" title=\"Newsletter\"><strong>Newsletter<\/strong><\/a><\/li><li ><a href=\"https:\/\/www.hotelitalia-siena.it\/fr\/\" title=\"Page d\u2019accueil\"><strong>Page d\u2019accueil<\/strong><\/a><\/li><li ><a href=\"https:\/\/www.hotelitalia-siena.it\/fr\/politique-de-confidentialite\/\" title=\"Politique de Confidentialit\u00e9\"><strong>Politique de Confidentialit\u00e9<\/strong><\/a><\/li><li ><a href=\"https:\/\/www.hotelitalia-siena.it\/fr\/services\/\" title=\"Services\"><strong>Services<\/strong><\/a><\/li><li style='margin-left:20px;'><a href=\"https:\/\/www.hotelitalia-siena.it\/fr\/services\/animaux-acceptes\/\" title=\"Animaux accept\u00e9s \">Animaux accept\u00e9s <\/a><\/li><li style='margin-left:20px;'><a href=\"https:\/\/www.hotelitalia-siena.it\/fr\/services\/bagagerie\/\" title=\"Bagagerie \">Bagagerie <\/a><\/li><li style='margin-left:20px;'><a href=\"https:\/\/www.hotelitalia-siena.it\/fr\/services\/coin-cafe-et-pommes-de-bienvenue\/\" title=\"Coin caf\u00e9 et pommes de bienvenue\">Coin caf\u00e9 et pommes de bienvenue<\/a><\/li><li style='margin-left:20px;'><a href=\"https:\/\/www.hotelitalia-siena.it\/fr\/services\/coin-lecture\/\" title=\"Coin lecture\">Coin lecture<\/a><\/li><li style='margin-left:20px;'><a href=\"https:\/\/www.hotelitalia-siena.it\/fr\/services\/concierge\/\" title=\"Concierge\">Concierge<\/a><\/li><li style='margin-left:20px;'><a href=\"https:\/\/www.hotelitalia-siena.it\/fr\/services\/espace-internet-et-connexion-wifi\/\" title=\"Espace Internet et connexion WiFi\">Espace Internet et connexion WiFi<\/a><\/li><li style='margin-left:20px;'><a href=\"https:\/\/www.hotelitalia-siena.it\/fr\/services\/parking-prive\/\" title=\"Parking Priv\u00e9\">Parking Priv\u00e9<\/a><\/li><li style='margin-left:20px;'><a href=\"https:\/\/www.hotelitalia-siena.it\/fr\/services\/petit-dejeuner\/\" title=\"Petit-d\u00e9jeuner\">Petit-d\u00e9jeuner<\/a><\/li><li style='margin-left:20px;'><a href=\"https:\/\/www.hotelitalia-siena.it\/fr\/services\/produits-vegan-et-sans-gluten\/\" title=\"Produits Vegan et sans Gluten \">Produits Vegan et sans Gluten <\/a><\/li><li style='margin-left:20px;'><a href=\"https:\/\/www.hotelitalia-siena.it\/fr\/services\/repas\/\" title=\"Repas\">Repas<\/a><\/li><li style='margin-left:20px;'><a href=\"https:\/\/www.hotelitalia-siena.it\/fr\/services\/sky-vision\/\" title=\"SKY Vision\">SKY Vision<\/a><\/li><li style='margin-left:20px;'><a href=\"https:\/\/www.hotelitalia-siena.it\/fr\/services\/sportifs\/\" title=\"Sportifs \">Sportifs <\/a><\/li><li ><a href=\"https:\/\/www.hotelitalia-siena.it\/fr\/situation\/\" title=\"Situation\"><strong>Situation<\/strong><\/a><\/li><li ><a href=\"https:\/\/www.hotelitalia-siena.it\/fr\/tarifs\/\" title=\"Tarifs\"><strong>Tarifs<\/strong><\/a><\/li><\/ul><div id=\"htmlmap_posts\">\n<\/div> Temoignages<\/p>\n","protected":false},"author":1,"featured_media":0,"parent":0,"menu_order":0,"comment_status":"closed","ping_status":"closed","template":"","meta":{"_acf_changed":false,"_et_pb_use_builder":"on","_et_pb_old_content":"","_et_gb_content_width":"","footnotes":""},"acf":[],"yoast_head":"<!-- This site is optimized with the Yoast SEO plugin v23.0 - https:\/\/yoast.com\/wordpress\/plugins\/seo\/ -->\n<title>Carte du site - H\u00f4tel Italia<\/title>\n<meta name=\"description\" content=\"Consultez la carte du site de l&#039;H\u00f4tel Italia \u00e0 Sienne pour acc\u00e9der rapidement et facilement au contenu de votre int\u00e9r\u00eat.\" \/>\n<meta name=\"robots\" content=\"index, follow, max-snippet:-1, max-image-preview:large, max-video-preview:-1\" \/>\n<link rel=\"canonical\" href=\"https:\/\/www.hotelitalia-siena.it\/fr\/carte-du-site\/\" \/>\n<meta property=\"og:locale\" content=\"fr_FR\" \/>\n<meta property=\"og:type\" content=\"article\" \/>\n<meta property=\"og:title\" content=\"Carte du site - H\u00f4tel Italia\" \/>\n<meta property=\"og:description\" content=\"Consultez la carte du site de l&#039;H\u00f4tel Italia \u00e0 Sienne pour acc\u00e9der rapidement et facilement au contenu de votre int\u00e9r\u00eat.\" \/>\n<meta property=\"og:url\" content=\"https:\/\/www.hotelitalia-siena.it\/fr\/carte-du-site\/\" \/>\n<meta property=\"og:site_name\" content=\"Hotel Italia Siena\" \/>\n<meta property=\"article:publisher\" content=\"https:\/\/www.facebook.com\/hotelitaliasiena\/\" \/>\n<meta property=\"article:modified_time\" content=\"2018-06-13T16:51:10+00:00\" \/>\n<meta property=\"og:image\" content=\"https:\/\/www.hotelitalia-siena.it\/wp-content\/uploads\/2015\/01\/header-privacy-policy.jpg\" \/>\n\t<meta property=\"og:image:width\" content=\"2000\" \/>\n\t<meta property=\"og:image:height\" content=\"705\" \/>\n\t<meta property=\"og:image:type\" content=\"image\/jpeg\" \/>\n<meta name=\"twitter:label1\" content=\"Dur\u00e9e de lecture estim\u00e9e\" \/>\n\t<meta name=\"twitter:data1\" content=\"1 minute\" \/>\n<script type=\"application\/ld+json\" class=\"yoast-schema-graph\">{\"@context\":\"https:\/\/schema.org\",\"@graph\":[{\"@type\":\"WebPage\",\"@id\":\"https:\/\/www.hotelitalia-siena.it\/fr\/carte-du-site\/\",\"url\":\"https:\/\/www.hotelitalia-siena.it\/fr\/carte-du-site\/\",\"name\":\"Carte du site - H\u00f4tel Italia\",\"isPartOf\":{\"@id\":\"https:\/\/www.hotelitalia-siena.it\/#website\"},\"datePublished\":\"2015-11-19T13:44:04+00:00\",\"dateModified\":\"2018-06-13T16:51:10+00:00\",\"description\":\"Consultez la carte du site de l'H\u00f4tel Italia \u00e0 Sienne pour acc\u00e9der rapidement et facilement au contenu de votre int\u00e9r\u00eat.\",\"breadcrumb\":{\"@id\":\"https:\/\/www.hotelitalia-siena.it\/fr\/carte-du-site\/#breadcrumb\"},\"inLanguage\":\"fr-FR\",\"potentialAction\":[{\"@type\":\"ReadAction\",\"target\":[\"https:\/\/www.hotelitalia-siena.it\/fr\/carte-du-site\/\"]}]},{\"@type\":\"BreadcrumbList\",\"@id\":\"https:\/\/www.hotelitalia-siena.it\/fr\/carte-du-site\/#breadcrumb\",\"itemListElement\":[{\"@type\":\"ListItem\",\"position\":1,\"name\":\"Hotel Italia\",\"item\":\"https:\/\/www.hotelitalia-siena.it\/fr\/\"},{\"@type\":\"ListItem\",\"position\":2,\"name\":\"Carte du site\"}]},{\"@type\":\"WebSite\",\"@id\":\"https:\/\/www.hotelitalia-siena.it\/#website\",\"url\":\"https:\/\/www.hotelitalia-siena.it\/\",\"name\":\"Hotel Italia Siena\",\"description\":\"Un site utilisant WordPress\",\"publisher\":{\"@id\":\"https:\/\/www.hotelitalia-siena.it\/#organization\"},\"potentialAction\":[{\"@type\":\"SearchAction\",\"target\":{\"@type\":\"EntryPoint\",\"urlTemplate\":\"https:\/\/www.hotelitalia-siena.it\/?s={search_term_string}\"},\"query-input\":\"required name=search_term_string\"}],\"inLanguage\":\"fr-FR\"},{\"@type\":\"Organization\",\"@id\":\"https:\/\/www.hotelitalia-siena.it\/#organization\",\"name\":\"Hotel Italia SpA\",\"url\":\"https:\/\/www.hotelitalia-siena.it\/\",\"logo\":{\"@type\":\"ImageObject\",\"inLanguage\":\"fr-FR\",\"@id\":\"https:\/\/www.hotelitalia-siena.it\/#\/schema\/logo\/image\/\",\"url\":\"https:\/\/www.hotelitalia-siena.it\/wp-content\/uploads\/2018\/04\/hotel-italia-siena-logo.png\",\"contentUrl\":\"https:\/\/www.hotelitalia-siena.it\/wp-content\/uploads\/2018\/04\/hotel-italia-siena-logo.png\",\"width\":147,\"height\":102,\"caption\":\"Hotel Italia SpA\"},\"image\":{\"@id\":\"https:\/\/www.hotelitalia-siena.it\/#\/schema\/logo\/image\/\"},\"sameAs\":[\"https:\/\/www.facebook.com\/hotelitaliasiena\/\"]}]}<\/script>\n<!-- \/ Yoast SEO plugin. -->","yoast_head_json":{"title":"Carte du site - H\u00f4tel Italia","description":"Consultez la carte du site de l'H\u00f4tel Italia \u00e0 Sienne pour acc\u00e9der rapidement et facilement au contenu de votre int\u00e9r\u00eat.","robots":{"index":"index","follow":"follow","max-snippet":"max-snippet:-1","max-image-preview":"max-image-preview:large","max-video-preview":"max-video-preview:-1"},"canonical":"https:\/\/www.hotelitalia-siena.it\/fr\/carte-du-site\/","og_locale":"fr_FR","og_type":"article","og_title":"Carte du site - H\u00f4tel Italia","og_description":"Consultez la carte du site de l'H\u00f4tel Italia \u00e0 Sienne pour acc\u00e9der rapidement et facilement au contenu de votre int\u00e9r\u00eat.","og_url":"https:\/\/www.hotelitalia-siena.it\/fr\/carte-du-site\/","og_site_name":"Hotel Italia Siena","article_publisher":"https:\/\/www.facebook.com\/hotelitaliasiena\/","article_modified_time":"2018-06-13T16:51:10+00:00","og_image":[{"width":2000,"height":705,"url":"https:\/\/www.hotelitalia-siena.it\/wp-content\/uploads\/2015\/01\/header-privacy-policy.jpg","type":"image\/jpeg"}],"twitter_misc":{"Dur\u00e9e de lecture estim\u00e9e":"1 minute"},"schema":{"@context":"https:\/\/schema.org","@graph":[{"@type":"WebPage","@id":"https:\/\/www.hotelitalia-siena.it\/fr\/carte-du-site\/","url":"https:\/\/www.hotelitalia-siena.it\/fr\/carte-du-site\/","name":"Carte du site - H\u00f4tel Italia","isPartOf":{"@id":"https:\/\/www.hotelitalia-siena.it\/#website"},"datePublished":"2015-11-19T13:44:04+00:00","dateModified":"2018-06-13T16:51:10+00:00","description":"Consultez la carte du site de l'H\u00f4tel Italia \u00e0 Sienne pour acc\u00e9der rapidement et facilement au contenu de votre int\u00e9r\u00eat.","breadcrumb":{"@id":"https:\/\/www.hotelitalia-siena.it\/fr\/carte-du-site\/#breadcrumb"},"inLanguage":"fr-FR","potentialAction":[{"@type":"ReadAction","target":["https:\/\/www.hotelitalia-siena.it\/fr\/carte-du-site\/"]}]},{"@type":"BreadcrumbList","@id":"https:\/\/www.hotelitalia-siena.it\/fr\/carte-du-site\/#breadcrumb","itemListElement":[{"@type":"ListItem","position":1,"name":"Hotel Italia","item":"https:\/\/www.hotelitalia-siena.it\/fr\/"},{"@type":"ListItem","position":2,"name":"Carte du site"}]},{"@type":"WebSite","@id":"https:\/\/www.hotelitalia-siena.it\/#website","url":"https:\/\/www.hotelitalia-siena.it\/","name":"Hotel Italia Siena","description":"Un site utilisant WordPress","publisher":{"@id":"https:\/\/www.hotelitalia-siena.it\/#organization"},"potentialAction":[{"@type":"SearchAction","target":{"@type":"EntryPoint","urlTemplate":"https:\/\/www.hotelitalia-siena.it\/?s={search_term_string}"},"query-input":"required name=search_term_string"}],"inLanguage":"fr-FR"},{"@type":"Organization","@id":"https:\/\/www.hotelitalia-siena.it\/#organization","name":"Hotel Italia SpA","url":"https:\/\/www.hotelitalia-siena.it\/","logo":{"@type":"ImageObject","inLanguage":"fr-FR","@id":"https:\/\/www.hotelitalia-siena.it\/#\/schema\/logo\/image\/","url":"https:\/\/www.hotelitalia-siena.it\/wp-content\/uploads\/2018\/04\/hotel-italia-siena-logo.png","contentUrl":"https:\/\/www.hotelitalia-siena.it\/wp-content\/uploads\/2018\/04\/hotel-italia-siena-logo.png","width":147,"height":102,"caption":"Hotel Italia SpA"},"image":{"@id":"https:\/\/www.hotelitalia-siena.it\/#\/schema\/logo\/image\/"},"sameAs":["https:\/\/www.facebook.com\/hotelitaliasiena\/"]}]}},"_links":{"self":[{"href":"https:\/\/www.hotelitalia-siena.it\/fr\/wp-json\/wp\/v2\/pages\/8469"}],"collection":[{"href":"https:\/\/www.hotelitalia-siena.it\/fr\/wp-json\/wp\/v2\/pages"}],"about":[{"href":"https:\/\/www.hotelitalia-siena.it\/fr\/wp-json\/wp\/v2\/types\/page"}],"author":[{"embeddable":true,"href":"https:\/\/www.hotelitalia-siena.it\/fr\/wp-json\/wp\/v2\/users\/1"}],"replies":[{"embeddable":true,"href":"https:\/\/www.hotelitalia-siena.it\/fr\/wp-json\/wp\/v2\/comments?post=8469"}],"version-history":[{"count":1,"href":"https:\/\/www.hotelitalia-siena.it\/fr\/wp-json\/wp\/v2\/pages\/8469\/revisions"}],"predecessor-version":[{"id":11104,"href":"https:\/\/www.hotelitalia-siena.it\/fr\/wp-json\/wp\/v2\/pages\/8469\/revisions\/11104"}],"wp:attachment":[{"href":"https:\/\/www.hotelitalia-siena.it\/fr\/wp-json\/wp\/v2\/media?parent=8469"}],"curies":[{"name":"wp","href":"https:\/\/api.w.org\/{rel}","templated":true}]}}