{"id":756,"date":"2015-01-26T14:01:56","date_gmt":"2015-01-26T14:01:56","guid":{"rendered":"http:\/\/newsite.gardenhotel.it\/camere\/belvedere\/"},"modified":"2017-09-18T11:32:24","modified_gmt":"2017-09-18T11:32:24","slug":"executive","status":"publish","type":"page","link":"https:\/\/www.hotelitalia-siena.it\/fr\/chambres\/executive\/","title":{"rendered":"Executive"},"content":{"rendered":"<p>[et_pb_section bb_built=&#8221;1&#8243; admin_label=&#8221;section&#8221; fullwidth=&#8221;on&#8221; specialty=&#8221;off&#8221; transparent_background=&#8221;off&#8221; background_color=&#8221;#ffffff&#8221; inner_shadow=&#8221;off&#8221; parallax=&#8221;off&#8221; parallax_method=&#8221;off&#8221; module_class=&#8221;home_header_slide&#8221;][et_pb_fullwidth_slider show_arrows=&#8221;off&#8221; show_pagination=&#8221;off&#8221; auto=&#8221;off&#8221; parallax=&#8221;off&#8221; parallax_method=&#8221;off&#8221;] [et_pb_slide background_image=&#8221;https:\/\/www.hotelitalia-siena.it\/wp-content\/uploads\/2015\/01\/header-executive.jpg&#8221; background_color=&#8221;#ffffff&#8221; alignment=&#8221;center&#8221; background_layout=&#8221;dark&#8221; \/] [\/et_pb_fullwidth_slider][\/et_pb_section][et_pb_section bb_built=&#8221;1&#8243; admin_label=&#8221;section&#8221; fullwidth=&#8221;off&#8221; specialty=&#8221;off&#8221; transparent_background=&#8221;off&#8221; background_color=&#8221;#ffffff&#8221; inner_shadow=&#8221;off&#8221; parallax=&#8221;off&#8221; parallax_method=&#8221;off&#8221; module_id=&#8221;h-booking_container&#8221;][et_pb_row admin_label=&#8221;row&#8221; background_position=&#8221;top_left&#8221; background_repeat=&#8221;repeat&#8221; background_size=&#8221;initial&#8221;][et_pb_column type=&#8221;4_4&#8243;][et_pb_sidebar orientation=&#8221;left&#8221; area=&#8221;et_pb_widget_area_1&#8243; background_layout=&#8221;light&#8221; \/][\/et_pb_column][\/et_pb_row][\/et_pb_section][et_pb_section bb_built=&#8221;1&#8243; admin_label=&#8221;section&#8221; fullwidth=&#8221;off&#8221; specialty=&#8221;off&#8221; transparent_background=&#8221;off&#8221; background_color=&#8221;#ffffff&#8221; inner_shadow=&#8221;off&#8221; parallax=&#8221;off&#8221; parallax_method=&#8221;off&#8221; module_class=&#8221;room_block&#8221;][et_pb_row admin_label=&#8221;row&#8221; background_position=&#8221;top_left&#8221; background_repeat=&#8221;repeat&#8221; background_size=&#8221;initial&#8221;][et_pb_column type=&#8221;4_4&#8243;][et_pb_text background_layout=&#8221;light&#8221; text_orientation=&#8221;left&#8221; border_style=&#8221;solid&#8221; background_position=&#8221;top_left&#8221; background_repeat=&#8221;repeat&#8221; background_size=&#8221;initial&#8221; _builder_version=&#8221;3.0.71&#8243;]<\/p>\n<h2 style=\"text-align: justify;\">Chambres Executive&#8230; La technologie dans votre chambre<\/h2>\n<p>Les chambres Executive, de construction r\u00e9cente, se situent au troisi\u00e8me \u00e9tage de l\u2019\u00e9difice principal de l\u2019h\u00f4tel.<br \/>\nLes chambres sont toutes dot\u00e9es d\u2019un lit kingsize ; elles sont tr\u00e8s lumineuses et bien insonoris\u00e9es.<br \/>\nLes lignes \u00e9pur\u00e9es et la couleur blanche marquent le style moderne de ces chambres. Les salles de bains en marbre, toutes dot\u00e9es d\u2019une douche spacieuse, donnent une note suppl\u00e9mentaire \u00e0 cette d\u00e9coration raffin\u00e9e.<br \/>\nDeux chambres disposent d\u2019une grande terrasse avec poutres apparentes et sol en terre cuite, option disponible moyennant un petit suppl\u00e9ment journalier.<br \/>\nCeci est notre produit le plus exclusif, \u201cle haut de gamme\u201d.<br \/>\nToutes les chambres donnant sur la rue sont \u00e9quip\u00e9es de fen\u00eatres \u00e0 double vitrage phonoabsorbant et \u00e0 cadres insonoris\u00e9s de derni\u00e8re g\u00e9n\u00e9ration.<\/p>\n<p><strong>Pour votre s\u00e9jour \u00e0 Sienne pr\u00e8s du centre ville, choisissez une chambre Executive si\u2026<\/strong><\/p>\n<ul>\n<li>Le prix n\u2019est pas un facteur d\u00e9terminant.<\/li>\n<li>Vous aimez les couleurs claires et le style moderne.<\/li>\n<li>Vous appr\u00e9ciez regarder un beau film diffus\u00e9 sur les cha\u00eenes Sky gratuites sur un \u00e9cran plat \u00e0 42\u201d.<\/li>\n<li>Vous d\u00e9sirez vous d\u00e9tendre tout en \u00e9coutant votre musique pr\u00e9f\u00e9r\u00e9e en ins\u00e9rant votre Ipod dans le lecteur appropri\u00e9.<\/li>\n<li>Vous souhaitez avoir la possibilit\u00e9 de vous pr\u00e9parer une tisane chaude gr\u00e2ce \u00e0 la bouilloire fournie.<\/li>\n<li>Vous d\u00e9sirez vous connecter \u00e0 Internet gr\u00e2ce \u00e0 la connexion TOP WiFi haut d\u00e9bit de tr\u00e8s grande fiabilit\u00e9.<\/li>\n<li>Vous d\u00e9sirez tout simplement le meilleur !<\/li>\n<\/ul>\n<p><strong class=\"services_title\">\u00c9QUIPEMENT ET CARACT\u00c9RISTIQUES DE LA CHAMBRE :<\/strong><\/p>\n<div class=\"room_logo_services\"><img decoding=\"async\" class=\"aligncenter wp-image-262 size-full\" style=\"margin-top: -10px; position: absolute; left: 0;\" src=\"https:\/\/www.hotelitalia-siena.it\/wp-content\/uploads\/2016\/09\/sky.png\" alt=\"Camere con Sky\" width=\"70px\" height=\"\" \/><img decoding=\"async\" class=\"aligncenter wp-image-262 size-full\" style=\"margin-top: -5px; position: absolute; right: 0;\" src=\"https:\/\/www.hotelitalia-siena.it\/wp-content\/uploads\/2016\/09\/free-wifi.png\" alt=\"Free Wi-fi\" width=\"70px\" height=\"\" \/><\/div>\n<p>&nbsp;<\/p>\n<ul>\n<li>NON FUMEURS<\/li>\n<li>Surface : 21 m\u00b2<\/li>\n<li>Lit double king size<\/li>\n<li>Air conditionn\u00e9<\/li>\n<li>WiFi gratuit de tr\u00e8s grande fiabilit\u00e9<\/li>\n<li>TV 42\u2019\u2019 \u00e0 \u00e9cran plat<\/li>\n<li>Cha\u00eenes du satellite en plusieurs langues \u00e9trang\u00e8res<\/li>\n<li>Cha\u00eenes Sky gratuites<\/li>\n<li>Station d\u2019accueil pour I-POD<\/li>\n<li>Mini cha\u00eene HI-FI radio<\/li>\n<li>Lecteur CD\/mp3 et Dvd Dolby Digital<\/li>\n<li>Plateau de courtoisie avec Bouilloire pour tisane\/th\u00e9\/caf\u00e9<\/li>\n<li>Coffre-fort<\/li>\n<li>T\u00e9l\u00e9phone<\/li>\n<li>Salle de bain individuelle avec douche<\/li>\n<li>S\u00e8che-cheveux<\/li>\n<li>Serviettes de bain<\/li>\n<li>Chaussons<\/li>\n<li>Produits d\u2019accueil compos\u00e9s de cosm\u00e9tiques de grande qualit\u00e9 uniquement \u00e0 base d\u2019extraits naturels de plante et disposant du label \u00ab\u00a0cruelty-free\u00a0\u00bb (non test\u00e9s sur les animaux).<\/li>\n<\/ul>\n<p>[\/et_pb_text][\/et_pb_column][\/et_pb_row][et_pb_row admin_label=&#8221;row&#8221; background_position=&#8221;top_left&#8221; background_repeat=&#8221;repeat&#8221; background_size=&#8221;initial&#8221;][et_pb_column type=&#8221;4_4&#8243;][et_pb_gallery gallery_ids=&#8221;4512,4500,4506,4518,8930,4524,4530,4536,4789,4542,5601,5541&#8243; fullwidth=&#8221;off&#8221; posts_number=&#8221;12&#8243; show_title_and_caption=&#8221;on&#8221; show_pagination=&#8221;off&#8221; background_layout=&#8221;light&#8221; \/][\/et_pb_column][\/et_pb_row][et_pb_row admin_label=&#8221;row&#8221; background_position=&#8221;top_left&#8221; background_repeat=&#8221;repeat&#8221; background_size=&#8221;initial&#8221;][et_pb_column type=&#8221;4_4&#8243;][et_pb_text background_layout=&#8221;light&#8221; text_orientation=&#8221;left&#8221; background_position=&#8221;top_left&#8221; background_repeat=&#8221;repeat&#8221; background_size=&#8221;initial&#8221; _builder_version=&#8221;3.0.71&#8243;]  [\/et_pb_text][\/et_pb_column][\/et_pb_row][\/et_pb_section]<\/p>\n","protected":false},"excerpt":{"rendered":"<p>Chambres Executive&#8230; La technologie dans votre chambre Les chambres Executive, de construction r\u00e9cente, se situent au troisi\u00e8me \u00e9tage de l\u2019\u00e9difice principal de l\u2019h\u00f4tel. Les chambres sont toutes dot\u00e9es d\u2019un lit kingsize ; elles sont tr\u00e8s lumineuses et bien insonoris\u00e9es. Les lignes \u00e9pur\u00e9es et la couleur blanche marquent le style moderne de ces chambres. Les salles [&hellip;]<\/p>\n","protected":false},"author":1,"featured_media":0,"parent":748,"menu_order":0,"comment_status":"closed","ping_status":"closed","template":"","meta":{"_acf_changed":false,"_et_pb_use_builder":"on","_et_pb_old_content":"","_et_gb_content_width":"","footnotes":""},"acf":[],"yoast_head":"<!-- This site is optimized with the Yoast SEO plugin v23.0 - https:\/\/yoast.com\/wordpress\/plugins\/seo\/ -->\n<title>S\u00e9jour \u00e0 Sienne : Chambres Executive - Hotel Italia<\/title>\n<meta name=\"description\" content=\"Assurez-vous d\u2019un confortable et \u00e9l\u00e9gant s\u00e9jour pr\u00e8s du centre de Sienne en r\u00e9servant une chambre Executive, \u00e9quip\u00e9e et haut de gamme, de l&#039;Hotel Italia\" \/>\n<meta name=\"robots\" content=\"index, follow, max-snippet:-1, max-image-preview:large, max-video-preview:-1\" \/>\n<link rel=\"canonical\" href=\"https:\/\/www.hotelitalia-siena.it\/fr\/chambres\/executive\/\" \/>\n<meta property=\"og:locale\" content=\"fr_FR\" \/>\n<meta property=\"og:type\" content=\"article\" \/>\n<meta property=\"og:title\" content=\"S\u00e9jour \u00e0 Sienne : Chambres Executive - Hotel Italia\" \/>\n<meta property=\"og:description\" content=\"Assurez-vous d\u2019un confortable et \u00e9l\u00e9gant s\u00e9jour pr\u00e8s du centre de Sienne en r\u00e9servant une chambre Executive, \u00e9quip\u00e9e et haut de gamme, de l&#039;Hotel Italia\" \/>\n<meta property=\"og:url\" content=\"https:\/\/www.hotelitalia-siena.it\/fr\/chambres\/executive\/\" \/>\n<meta property=\"og:site_name\" content=\"Hotel Italia Siena\" \/>\n<meta property=\"article:publisher\" content=\"https:\/\/www.facebook.com\/hotelitaliasiena\/\" \/>\n<meta property=\"article:modified_time\" content=\"2017-09-18T11:32:24+00:00\" \/>\n<meta property=\"og:image\" content=\"https:\/\/www.hotelitalia-siena.it\/wp-content\/uploads\/2016\/09\/sky.png\" \/>\n<meta name=\"twitter:label1\" content=\"Dur\u00e9e de lecture estim\u00e9e\" \/>\n\t<meta name=\"twitter:data1\" content=\"4 minutes\" \/>\n<script type=\"application\/ld+json\" class=\"yoast-schema-graph\">{\"@context\":\"https:\/\/schema.org\",\"@graph\":[{\"@type\":\"WebPage\",\"@id\":\"https:\/\/www.hotelitalia-siena.it\/fr\/chambres\/executive\/\",\"url\":\"https:\/\/www.hotelitalia-siena.it\/fr\/chambres\/executive\/\",\"name\":\"S\u00e9jour \u00e0 Sienne : Chambres Executive - Hotel Italia\",\"isPartOf\":{\"@id\":\"https:\/\/www.hotelitalia-siena.it\/#website\"},\"primaryImageOfPage\":{\"@id\":\"https:\/\/www.hotelitalia-siena.it\/fr\/chambres\/executive\/#primaryimage\"},\"image\":{\"@id\":\"https:\/\/www.hotelitalia-siena.it\/fr\/chambres\/executive\/#primaryimage\"},\"thumbnailUrl\":\"https:\/\/www.hotelitalia-siena.it\/wp-content\/uploads\/2016\/09\/sky.png\",\"datePublished\":\"2015-01-26T14:01:56+00:00\",\"dateModified\":\"2017-09-18T11:32:24+00:00\",\"description\":\"Assurez-vous d\u2019un confortable et \u00e9l\u00e9gant s\u00e9jour pr\u00e8s du centre de Sienne en r\u00e9servant une chambre Executive, \u00e9quip\u00e9e et haut de gamme, de l'Hotel Italia\",\"breadcrumb\":{\"@id\":\"https:\/\/www.hotelitalia-siena.it\/fr\/chambres\/executive\/#breadcrumb\"},\"inLanguage\":\"fr-FR\",\"potentialAction\":[{\"@type\":\"ReadAction\",\"target\":[\"https:\/\/www.hotelitalia-siena.it\/fr\/chambres\/executive\/\"]}]},{\"@type\":\"ImageObject\",\"inLanguage\":\"fr-FR\",\"@id\":\"https:\/\/www.hotelitalia-siena.it\/fr\/chambres\/executive\/#primaryimage\",\"url\":\"https:\/\/www.hotelitalia-siena.it\/wp-content\/uploads\/2016\/09\/sky.png\",\"contentUrl\":\"https:\/\/www.hotelitalia-siena.it\/wp-content\/uploads\/2016\/09\/sky.png\"},{\"@type\":\"BreadcrumbList\",\"@id\":\"https:\/\/www.hotelitalia-siena.it\/fr\/chambres\/executive\/#breadcrumb\",\"itemListElement\":[{\"@type\":\"ListItem\",\"position\":1,\"name\":\"Hotel Italia\",\"item\":\"https:\/\/www.hotelitalia-siena.it\/fr\/\"},{\"@type\":\"ListItem\",\"position\":2,\"name\":\"Chambres\",\"item\":\"https:\/\/www.hotelitalia-siena.it\/fr\/chambres\/\"},{\"@type\":\"ListItem\",\"position\":3,\"name\":\"Executive\"}]},{\"@type\":\"WebSite\",\"@id\":\"https:\/\/www.hotelitalia-siena.it\/#website\",\"url\":\"https:\/\/www.hotelitalia-siena.it\/\",\"name\":\"Hotel Italia Siena\",\"description\":\"Un site utilisant WordPress\",\"publisher\":{\"@id\":\"https:\/\/www.hotelitalia-siena.it\/#organization\"},\"potentialAction\":[{\"@type\":\"SearchAction\",\"target\":{\"@type\":\"EntryPoint\",\"urlTemplate\":\"https:\/\/www.hotelitalia-siena.it\/?s={search_term_string}\"},\"query-input\":\"required name=search_term_string\"}],\"inLanguage\":\"fr-FR\"},{\"@type\":\"Organization\",\"@id\":\"https:\/\/www.hotelitalia-siena.it\/#organization\",\"name\":\"Hotel Italia SpA\",\"url\":\"https:\/\/www.hotelitalia-siena.it\/\",\"logo\":{\"@type\":\"ImageObject\",\"inLanguage\":\"fr-FR\",\"@id\":\"https:\/\/www.hotelitalia-siena.it\/#\/schema\/logo\/image\/\",\"url\":\"https:\/\/www.hotelitalia-siena.it\/wp-content\/uploads\/2018\/04\/hotel-italia-siena-logo.png\",\"contentUrl\":\"https:\/\/www.hotelitalia-siena.it\/wp-content\/uploads\/2018\/04\/hotel-italia-siena-logo.png\",\"width\":147,\"height\":102,\"caption\":\"Hotel Italia SpA\"},\"image\":{\"@id\":\"https:\/\/www.hotelitalia-siena.it\/#\/schema\/logo\/image\/\"},\"sameAs\":[\"https:\/\/www.facebook.com\/hotelitaliasiena\/\"]}]}<\/script>\n<!-- \/ Yoast SEO plugin. -->","yoast_head_json":{"title":"S\u00e9jour \u00e0 Sienne : Chambres Executive - Hotel Italia","description":"Assurez-vous d\u2019un confortable et \u00e9l\u00e9gant s\u00e9jour pr\u00e8s du centre de Sienne en r\u00e9servant une chambre Executive, \u00e9quip\u00e9e et haut de gamme, de l'Hotel Italia","robots":{"index":"index","follow":"follow","max-snippet":"max-snippet:-1","max-image-preview":"max-image-preview:large","max-video-preview":"max-video-preview:-1"},"canonical":"https:\/\/www.hotelitalia-siena.it\/fr\/chambres\/executive\/","og_locale":"fr_FR","og_type":"article","og_title":"S\u00e9jour \u00e0 Sienne : Chambres Executive - Hotel Italia","og_description":"Assurez-vous d\u2019un confortable et \u00e9l\u00e9gant s\u00e9jour pr\u00e8s du centre de Sienne en r\u00e9servant une chambre Executive, \u00e9quip\u00e9e et haut de gamme, de l'Hotel Italia","og_url":"https:\/\/www.hotelitalia-siena.it\/fr\/chambres\/executive\/","og_site_name":"Hotel Italia Siena","article_publisher":"https:\/\/www.facebook.com\/hotelitaliasiena\/","article_modified_time":"2017-09-18T11:32:24+00:00","og_image":[{"url":"https:\/\/www.hotelitalia-siena.it\/wp-content\/uploads\/2016\/09\/sky.png"}],"twitter_misc":{"Dur\u00e9e de lecture estim\u00e9e":"4 minutes"},"schema":{"@context":"https:\/\/schema.org","@graph":[{"@type":"WebPage","@id":"https:\/\/www.hotelitalia-siena.it\/fr\/chambres\/executive\/","url":"https:\/\/www.hotelitalia-siena.it\/fr\/chambres\/executive\/","name":"S\u00e9jour \u00e0 Sienne : Chambres Executive - Hotel Italia","isPartOf":{"@id":"https:\/\/www.hotelitalia-siena.it\/#website"},"primaryImageOfPage":{"@id":"https:\/\/www.hotelitalia-siena.it\/fr\/chambres\/executive\/#primaryimage"},"image":{"@id":"https:\/\/www.hotelitalia-siena.it\/fr\/chambres\/executive\/#primaryimage"},"thumbnailUrl":"https:\/\/www.hotelitalia-siena.it\/wp-content\/uploads\/2016\/09\/sky.png","datePublished":"2015-01-26T14:01:56+00:00","dateModified":"2017-09-18T11:32:24+00:00","description":"Assurez-vous d\u2019un confortable et \u00e9l\u00e9gant s\u00e9jour pr\u00e8s du centre de Sienne en r\u00e9servant une chambre Executive, \u00e9quip\u00e9e et haut de gamme, de l'Hotel Italia","breadcrumb":{"@id":"https:\/\/www.hotelitalia-siena.it\/fr\/chambres\/executive\/#breadcrumb"},"inLanguage":"fr-FR","potentialAction":[{"@type":"ReadAction","target":["https:\/\/www.hotelitalia-siena.it\/fr\/chambres\/executive\/"]}]},{"@type":"ImageObject","inLanguage":"fr-FR","@id":"https:\/\/www.hotelitalia-siena.it\/fr\/chambres\/executive\/#primaryimage","url":"https:\/\/www.hotelitalia-siena.it\/wp-content\/uploads\/2016\/09\/sky.png","contentUrl":"https:\/\/www.hotelitalia-siena.it\/wp-content\/uploads\/2016\/09\/sky.png"},{"@type":"BreadcrumbList","@id":"https:\/\/www.hotelitalia-siena.it\/fr\/chambres\/executive\/#breadcrumb","itemListElement":[{"@type":"ListItem","position":1,"name":"Hotel Italia","item":"https:\/\/www.hotelitalia-siena.it\/fr\/"},{"@type":"ListItem","position":2,"name":"Chambres","item":"https:\/\/www.hotelitalia-siena.it\/fr\/chambres\/"},{"@type":"ListItem","position":3,"name":"Executive"}]},{"@type":"WebSite","@id":"https:\/\/www.hotelitalia-siena.it\/#website","url":"https:\/\/www.hotelitalia-siena.it\/","name":"Hotel Italia Siena","description":"Un site utilisant WordPress","publisher":{"@id":"https:\/\/www.hotelitalia-siena.it\/#organization"},"potentialAction":[{"@type":"SearchAction","target":{"@type":"EntryPoint","urlTemplate":"https:\/\/www.hotelitalia-siena.it\/?s={search_term_string}"},"query-input":"required name=search_term_string"}],"inLanguage":"fr-FR"},{"@type":"Organization","@id":"https:\/\/www.hotelitalia-siena.it\/#organization","name":"Hotel Italia SpA","url":"https:\/\/www.hotelitalia-siena.it\/","logo":{"@type":"ImageObject","inLanguage":"fr-FR","@id":"https:\/\/www.hotelitalia-siena.it\/#\/schema\/logo\/image\/","url":"https:\/\/www.hotelitalia-siena.it\/wp-content\/uploads\/2018\/04\/hotel-italia-siena-logo.png","contentUrl":"https:\/\/www.hotelitalia-siena.it\/wp-content\/uploads\/2018\/04\/hotel-italia-siena-logo.png","width":147,"height":102,"caption":"Hotel Italia SpA"},"image":{"@id":"https:\/\/www.hotelitalia-siena.it\/#\/schema\/logo\/image\/"},"sameAs":["https:\/\/www.facebook.com\/hotelitaliasiena\/"]}]}},"_links":{"self":[{"href":"https:\/\/www.hotelitalia-siena.it\/fr\/wp-json\/wp\/v2\/pages\/756"}],"collection":[{"href":"https:\/\/www.hotelitalia-siena.it\/fr\/wp-json\/wp\/v2\/pages"}],"about":[{"href":"https:\/\/www.hotelitalia-siena.it\/fr\/wp-json\/wp\/v2\/types\/page"}],"author":[{"embeddable":true,"href":"https:\/\/www.hotelitalia-siena.it\/fr\/wp-json\/wp\/v2\/users\/1"}],"replies":[{"embeddable":true,"href":"https:\/\/www.hotelitalia-siena.it\/fr\/wp-json\/wp\/v2\/comments?post=756"}],"version-history":[{"count":0,"href":"https:\/\/www.hotelitalia-siena.it\/fr\/wp-json\/wp\/v2\/pages\/756\/revisions"}],"up":[{"embeddable":true,"href":"https:\/\/www.hotelitalia-siena.it\/fr\/wp-json\/wp\/v2\/pages\/748"}],"wp:attachment":[{"href":"https:\/\/www.hotelitalia-siena.it\/fr\/wp-json\/wp\/v2\/media?parent=756"}],"curies":[{"name":"wp","href":"https:\/\/api.w.org\/{rel}","templated":true}]}}