{"id":6053,"date":"2015-08-05T09:33:27","date_gmt":"2015-08-05T09:33:27","guid":{"rendered":"http:\/\/www.hotelitalia-siena.it\/hotel\/perche-noi\/"},"modified":"2024-12-09T13:25:24","modified_gmt":"2024-12-09T13:25:24","slug":"pourquoi-nous-choisir","status":"publish","type":"page","link":"https:\/\/www.hotelitalia-siena.it\/fr\/hotel\/pourquoi-nous-choisir\/","title":{"rendered":"Pourquoi nous choisir"},"content":{"rendered":"<p>[et_pb_section fb_built=&#8221;1&#8243; fullwidth=&#8221;on&#8221; admin_label=&#8221;section&#8221; module_class=&#8221;home_header_slide&#8221; _builder_version=&#8221;4.16&#8243; background_color=&#8221;#ffffff&#8221; transparent_background=&#8221;off&#8221; global_colors_info=&#8221;{}&#8221;][et_pb_fullwidth_slider show_arrows=&#8221;off&#8221; show_pagination=&#8221;off&#8221; admin_label=&#8221;Fullwidth Slider&#8221; _builder_version=&#8221;4.16&#8243; custom_padding=&#8221;|||&#8221; custom_padding_tablet=&#8221;|||&#8221; custom_padding_phone=&#8221;|||&#8221; box_shadow_style=&#8221;preset6&#8243; box_shadow_blur=&#8221;10px&#8221; box_shadow_color=&#8221;rgba(0,0,0,0.1)&#8221; show_inner_shadow=&#8221;on&#8221; global_colors_info=&#8221;{}&#8221; button_text_size__hover_enabled=&#8221;off&#8221; button_one_text_size__hover_enabled=&#8221;off&#8221; button_two_text_size__hover_enabled=&#8221;off&#8221; button_text_color__hover_enabled=&#8221;off&#8221; button_one_text_color__hover_enabled=&#8221;off&#8221; button_two_text_color__hover_enabled=&#8221;off&#8221; button_border_width__hover_enabled=&#8221;off&#8221; button_one_border_width__hover_enabled=&#8221;off&#8221; button_two_border_width__hover_enabled=&#8221;off&#8221; button_border_color__hover_enabled=&#8221;off&#8221; button_one_border_color__hover_enabled=&#8221;off&#8221; button_two_border_color__hover_enabled=&#8221;off&#8221; button_border_radius__hover_enabled=&#8221;off&#8221; button_one_border_radius__hover_enabled=&#8221;off&#8221; button_two_border_radius__hover_enabled=&#8221;off&#8221; button_letter_spacing__hover_enabled=&#8221;off&#8221; button_one_letter_spacing__hover_enabled=&#8221;off&#8221; button_two_letter_spacing__hover_enabled=&#8221;off&#8221; button_bg_color__hover_enabled=&#8221;off&#8221; button_one_bg_color__hover_enabled=&#8221;off&#8221; button_two_bg_color__hover_enabled=&#8221;off&#8221;][et_pb_slide _builder_version=&#8221;4.16&#8243; background_color=&#8221;#ffffff&#8221; background_image=&#8221;https:\/\/www.hotelitalia-siena.it\/wp-content\/uploads\/2015\/01\/header-privacy-policy.jpg&#8221; global_colors_info=&#8221;{}&#8221; sticky_transition=&#8221;on&#8221; button_text_size__hover_enabled=&#8221;off&#8221; button_one_text_size__hover_enabled=&#8221;off&#8221; button_two_text_size__hover_enabled=&#8221;off&#8221; button_text_color__hover_enabled=&#8221;off&#8221; button_one_text_color__hover_enabled=&#8221;off&#8221; button_two_text_color__hover_enabled=&#8221;off&#8221; button_border_width__hover_enabled=&#8221;off&#8221; button_one_border_width__hover_enabled=&#8221;off&#8221; button_two_border_width__hover_enabled=&#8221;off&#8221; button_border_color__hover_enabled=&#8221;off&#8221; button_one_border_color__hover_enabled=&#8221;off&#8221; button_two_border_color__hover_enabled=&#8221;off&#8221; button_border_radius__hover_enabled=&#8221;off&#8221; button_one_border_radius__hover_enabled=&#8221;off&#8221; button_two_border_radius__hover_enabled=&#8221;off&#8221; button_letter_spacing__hover_enabled=&#8221;off&#8221; button_one_letter_spacing__hover_enabled=&#8221;off&#8221; button_two_letter_spacing__hover_enabled=&#8221;off&#8221; button_bg_color__hover_enabled=&#8221;off&#8221; button_one_bg_color__hover_enabled=&#8221;off&#8221; button_two_bg_color__hover_enabled=&#8221;off&#8221;][\/et_pb_slide][\/et_pb_fullwidth_slider][\/et_pb_section][et_pb_section fb_built=&#8221;1&#8243; admin_label=&#8221;section&#8221; module_id=&#8221;h-booking_container&#8221; _builder_version=&#8221;4.16&#8243; background_color=&#8221;#ffffff&#8221; transparent_background=&#8221;off&#8221; global_colors_info=&#8221;{}&#8221;][et_pb_row admin_label=&#8221;row&#8221; _builder_version=&#8221;4.16&#8243; background_size=&#8221;initial&#8221; background_position=&#8221;top_left&#8221; background_repeat=&#8221;repeat&#8221; global_colors_info=&#8221;{}&#8221;][et_pb_column type=&#8221;4_4&#8243; _builder_version=&#8221;4.16&#8243; custom_padding=&#8221;|||&#8221; global_colors_info=&#8221;{}&#8221; custom_padding__hover=&#8221;|||&#8221;][et_pb_sidebar area=&#8221;et_pb_widget_area_1&#8243; admin_label=&#8221;Sidebar&#8221; _builder_version=&#8221;4.16&#8243; global_colors_info=&#8221;{}&#8221;][\/et_pb_sidebar][\/et_pb_column][\/et_pb_row][\/et_pb_section][et_pb_section fb_built=&#8221;1&#8243; admin_label=&#8221;section&#8221; module_class=&#8221;room_block&#8221; _builder_version=&#8221;4.16&#8243; background_color=&#8221;#ffffff&#8221; transparent_background=&#8221;off&#8221; global_colors_info=&#8221;{}&#8221;][et_pb_row admin_label=&#8221;row&#8221; _builder_version=&#8221;4.16&#8243; background_size=&#8221;initial&#8221; background_position=&#8221;top_left&#8221; background_repeat=&#8221;repeat&#8221; global_colors_info=&#8221;{}&#8221;][et_pb_column type=&#8221;4_4&#8243; _builder_version=&#8221;4.16&#8243; custom_padding=&#8221;|||&#8221; global_colors_info=&#8221;{}&#8221; custom_padding__hover=&#8221;|||&#8221;][et_pb_text admin_label=&#8221;Text&#8221; _builder_version=&#8221;4.23.4&#8243; background_size=&#8221;initial&#8221; background_position=&#8221;top_left&#8221; background_repeat=&#8221;repeat&#8221; hover_enabled=&#8221;0&#8243; use_border_color=&#8221;off&#8221; border_color=&#8221;#ffffff&#8221; border_style=&#8221;solid&#8221; global_colors_info=&#8221;{}&#8221; sticky_enabled=&#8221;0&#8243;]<\/p>\n<h2 style=\"text-align: justify;\">Pourquoi nous choisir<\/h2>\n<p>Pour la position strat\u00e9gique !<br \/>\nPour la diversit\u00e9 de chambres offerte !<br \/>\nPour le super petit-d\u00e9jeuner !<br \/>\nPour les p\u00e2tisseries faites maison !<br \/>\nPour la qualit\u00e9 du Service !<br \/>\nPour l\u2019\u00e9quipe de professionnels !<br \/>\nPour le WIFI de tr\u00e8s grande fiabilit\u00e9 !<br \/>\nPour les cha\u00eenes Sky gratuites et les cha\u00eenes par satellite en plusieurs langues \u00e9trang\u00e8res !<br \/>\nPour le coin caf\u00e9 gratuit ![\/et_pb_text][\/et_pb_column][\/et_pb_row][et_pb_row admin_label=&#8221;row&#8221; _builder_version=&#8221;4.16&#8243; background_size=&#8221;initial&#8221; background_position=&#8221;top_left&#8221; background_repeat=&#8221;repeat&#8221; global_colors_info=&#8221;{}&#8221;][et_pb_column type=&#8221;4_4&#8243; _builder_version=&#8221;4.16&#8243; custom_padding=&#8221;|||&#8221; global_colors_info=&#8221;{}&#8221; custom_padding__hover=&#8221;|||&#8221;][et_pb_text admin_label=&#8221;Text&#8221; _builder_version=&#8221;4.16&#8243; background_size=&#8221;initial&#8221; background_position=&#8221;top_left&#8221; background_repeat=&#8221;repeat&#8221; global_colors_info=&#8221;{}&#8221;][\/et_pb_text][\/et_pb_column][\/et_pb_row][\/et_pb_section]<\/p>\n","protected":false},"excerpt":{"rendered":"<p>Pourquoi nous choisir Pour la position strat\u00e9gique ! Pour la diversit\u00e9 de chambres offerte ! Pour le super petit-d\u00e9jeuner ! Pour les p\u00e2tisseries faites maison ! Pour la qualit\u00e9 du Service ! Pour l\u2019\u00e9quipe de professionnels ! Pour le WIFI de tr\u00e8s grande fiabilit\u00e9 ! Pour les cha\u00eenes Sky gratuites et les cha\u00eenes par satellite [&hellip;]<\/p>\n","protected":false},"author":1,"featured_media":0,"parent":1408,"menu_order":0,"comment_status":"closed","ping_status":"closed","template":"","meta":{"_acf_changed":false,"_et_pb_use_builder":"on","_et_pb_old_content":"","_et_gb_content_width":"","footnotes":""},"acf":[],"yoast_head":"<!-- This site is optimized with the Yoast SEO plugin v23.0 - https:\/\/yoast.com\/wordpress\/plugins\/seo\/ -->\n<title>Pourquoi nous choisir pour un s\u00e9jour \u00e0 Sienne - Hotel Italia<\/title>\n<meta name=\"description\" content=\"Pourquoi r\u00e9server \u00e0 l&#039;Hotel Italia \u00e0 Sienne ? D\u00e9couvrez tout de suite une liste des 10 bonnes raisons pour choisir notre h\u00f4tel pr\u00e8s du centre ville !\" \/>\n<meta name=\"robots\" content=\"index, follow, max-snippet:-1, max-image-preview:large, max-video-preview:-1\" \/>\n<link rel=\"canonical\" href=\"https:\/\/www.hotelitalia-siena.it\/fr\/hotel\/pourquoi-nous-choisir\/\" \/>\n<meta property=\"og:locale\" content=\"fr_FR\" \/>\n<meta property=\"og:type\" content=\"article\" \/>\n<meta property=\"og:title\" content=\"Pourquoi nous choisir pour un s\u00e9jour \u00e0 Sienne - Hotel Italia\" \/>\n<meta property=\"og:description\" content=\"Pourquoi r\u00e9server \u00e0 l&#039;Hotel Italia \u00e0 Sienne ? D\u00e9couvrez tout de suite une liste des 10 bonnes raisons pour choisir notre h\u00f4tel pr\u00e8s du centre ville !\" \/>\n<meta property=\"og:url\" content=\"https:\/\/www.hotelitalia-siena.it\/fr\/hotel\/pourquoi-nous-choisir\/\" \/>\n<meta property=\"og:site_name\" content=\"Hotel Italia Siena\" \/>\n<meta property=\"article:publisher\" content=\"https:\/\/www.facebook.com\/hotelitaliasiena\/\" \/>\n<meta property=\"article:modified_time\" content=\"2024-12-09T13:25:24+00:00\" \/>\n<meta property=\"og:image\" content=\"https:\/\/www.hotelitalia-siena.it\/wp-content\/uploads\/2015\/01\/header-privacy-policy.jpg\" \/>\n\t<meta property=\"og:image:width\" content=\"2000\" \/>\n\t<meta property=\"og:image:height\" content=\"705\" \/>\n\t<meta property=\"og:image:type\" content=\"image\/jpeg\" \/>\n<meta name=\"twitter:label1\" content=\"Dur\u00e9e de lecture estim\u00e9e\" \/>\n\t<meta name=\"twitter:data1\" content=\"4 minutes\" \/>\n<script type=\"application\/ld+json\" class=\"yoast-schema-graph\">{\"@context\":\"https:\/\/schema.org\",\"@graph\":[{\"@type\":\"WebPage\",\"@id\":\"https:\/\/www.hotelitalia-siena.it\/fr\/hotel\/pourquoi-nous-choisir\/\",\"url\":\"https:\/\/www.hotelitalia-siena.it\/fr\/hotel\/pourquoi-nous-choisir\/\",\"name\":\"Pourquoi nous choisir pour un s\u00e9jour \u00e0 Sienne - Hotel Italia\",\"isPartOf\":{\"@id\":\"https:\/\/www.hotelitalia-siena.it\/#website\"},\"datePublished\":\"2015-08-05T09:33:27+00:00\",\"dateModified\":\"2024-12-09T13:25:24+00:00\",\"description\":\"Pourquoi r\u00e9server \u00e0 l'Hotel Italia \u00e0 Sienne ? D\u00e9couvrez tout de suite une liste des 10 bonnes raisons pour choisir notre h\u00f4tel pr\u00e8s du centre ville !\",\"breadcrumb\":{\"@id\":\"https:\/\/www.hotelitalia-siena.it\/fr\/hotel\/pourquoi-nous-choisir\/#breadcrumb\"},\"inLanguage\":\"fr-FR\",\"potentialAction\":[{\"@type\":\"ReadAction\",\"target\":[\"https:\/\/www.hotelitalia-siena.it\/fr\/hotel\/pourquoi-nous-choisir\/\"]}]},{\"@type\":\"BreadcrumbList\",\"@id\":\"https:\/\/www.hotelitalia-siena.it\/fr\/hotel\/pourquoi-nous-choisir\/#breadcrumb\",\"itemListElement\":[{\"@type\":\"ListItem\",\"position\":1,\"name\":\"Hotel Italia\",\"item\":\"https:\/\/www.hotelitalia-siena.it\/fr\/\"},{\"@type\":\"ListItem\",\"position\":2,\"name\":\"H\u00f4tel\",\"item\":\"https:\/\/www.hotelitalia-siena.it\/fr\/hotel\/\"},{\"@type\":\"ListItem\",\"position\":3,\"name\":\"Pourquoi nous choisir\"}]},{\"@type\":\"WebSite\",\"@id\":\"https:\/\/www.hotelitalia-siena.it\/#website\",\"url\":\"https:\/\/www.hotelitalia-siena.it\/\",\"name\":\"Hotel Italia Siena\",\"description\":\"Un site utilisant WordPress\",\"publisher\":{\"@id\":\"https:\/\/www.hotelitalia-siena.it\/#organization\"},\"potentialAction\":[{\"@type\":\"SearchAction\",\"target\":{\"@type\":\"EntryPoint\",\"urlTemplate\":\"https:\/\/www.hotelitalia-siena.it\/?s={search_term_string}\"},\"query-input\":\"required name=search_term_string\"}],\"inLanguage\":\"fr-FR\"},{\"@type\":\"Organization\",\"@id\":\"https:\/\/www.hotelitalia-siena.it\/#organization\",\"name\":\"Hotel Italia SpA\",\"url\":\"https:\/\/www.hotelitalia-siena.it\/\",\"logo\":{\"@type\":\"ImageObject\",\"inLanguage\":\"fr-FR\",\"@id\":\"https:\/\/www.hotelitalia-siena.it\/#\/schema\/logo\/image\/\",\"url\":\"https:\/\/www.hotelitalia-siena.it\/wp-content\/uploads\/2018\/04\/hotel-italia-siena-logo.png\",\"contentUrl\":\"https:\/\/www.hotelitalia-siena.it\/wp-content\/uploads\/2018\/04\/hotel-italia-siena-logo.png\",\"width\":147,\"height\":102,\"caption\":\"Hotel Italia SpA\"},\"image\":{\"@id\":\"https:\/\/www.hotelitalia-siena.it\/#\/schema\/logo\/image\/\"},\"sameAs\":[\"https:\/\/www.facebook.com\/hotelitaliasiena\/\"]}]}<\/script>\n<!-- \/ Yoast SEO plugin. -->","yoast_head_json":{"title":"Pourquoi nous choisir pour un s\u00e9jour \u00e0 Sienne - Hotel Italia","description":"Pourquoi r\u00e9server \u00e0 l'Hotel Italia \u00e0 Sienne ? D\u00e9couvrez tout de suite une liste des 10 bonnes raisons pour choisir notre h\u00f4tel pr\u00e8s du centre ville !","robots":{"index":"index","follow":"follow","max-snippet":"max-snippet:-1","max-image-preview":"max-image-preview:large","max-video-preview":"max-video-preview:-1"},"canonical":"https:\/\/www.hotelitalia-siena.it\/fr\/hotel\/pourquoi-nous-choisir\/","og_locale":"fr_FR","og_type":"article","og_title":"Pourquoi nous choisir pour un s\u00e9jour \u00e0 Sienne - Hotel Italia","og_description":"Pourquoi r\u00e9server \u00e0 l'Hotel Italia \u00e0 Sienne ? D\u00e9couvrez tout de suite une liste des 10 bonnes raisons pour choisir notre h\u00f4tel pr\u00e8s du centre ville !","og_url":"https:\/\/www.hotelitalia-siena.it\/fr\/hotel\/pourquoi-nous-choisir\/","og_site_name":"Hotel Italia Siena","article_publisher":"https:\/\/www.facebook.com\/hotelitaliasiena\/","article_modified_time":"2024-12-09T13:25:24+00:00","og_image":[{"width":2000,"height":705,"url":"https:\/\/www.hotelitalia-siena.it\/wp-content\/uploads\/2015\/01\/header-privacy-policy.jpg","type":"image\/jpeg"}],"twitter_misc":{"Dur\u00e9e de lecture estim\u00e9e":"4 minutes"},"schema":{"@context":"https:\/\/schema.org","@graph":[{"@type":"WebPage","@id":"https:\/\/www.hotelitalia-siena.it\/fr\/hotel\/pourquoi-nous-choisir\/","url":"https:\/\/www.hotelitalia-siena.it\/fr\/hotel\/pourquoi-nous-choisir\/","name":"Pourquoi nous choisir pour un s\u00e9jour \u00e0 Sienne - Hotel Italia","isPartOf":{"@id":"https:\/\/www.hotelitalia-siena.it\/#website"},"datePublished":"2015-08-05T09:33:27+00:00","dateModified":"2024-12-09T13:25:24+00:00","description":"Pourquoi r\u00e9server \u00e0 l'Hotel Italia \u00e0 Sienne ? D\u00e9couvrez tout de suite une liste des 10 bonnes raisons pour choisir notre h\u00f4tel pr\u00e8s du centre ville !","breadcrumb":{"@id":"https:\/\/www.hotelitalia-siena.it\/fr\/hotel\/pourquoi-nous-choisir\/#breadcrumb"},"inLanguage":"fr-FR","potentialAction":[{"@type":"ReadAction","target":["https:\/\/www.hotelitalia-siena.it\/fr\/hotel\/pourquoi-nous-choisir\/"]}]},{"@type":"BreadcrumbList","@id":"https:\/\/www.hotelitalia-siena.it\/fr\/hotel\/pourquoi-nous-choisir\/#breadcrumb","itemListElement":[{"@type":"ListItem","position":1,"name":"Hotel Italia","item":"https:\/\/www.hotelitalia-siena.it\/fr\/"},{"@type":"ListItem","position":2,"name":"H\u00f4tel","item":"https:\/\/www.hotelitalia-siena.it\/fr\/hotel\/"},{"@type":"ListItem","position":3,"name":"Pourquoi nous choisir"}]},{"@type":"WebSite","@id":"https:\/\/www.hotelitalia-siena.it\/#website","url":"https:\/\/www.hotelitalia-siena.it\/","name":"Hotel Italia Siena","description":"Un site utilisant WordPress","publisher":{"@id":"https:\/\/www.hotelitalia-siena.it\/#organization"},"potentialAction":[{"@type":"SearchAction","target":{"@type":"EntryPoint","urlTemplate":"https:\/\/www.hotelitalia-siena.it\/?s={search_term_string}"},"query-input":"required name=search_term_string"}],"inLanguage":"fr-FR"},{"@type":"Organization","@id":"https:\/\/www.hotelitalia-siena.it\/#organization","name":"Hotel Italia SpA","url":"https:\/\/www.hotelitalia-siena.it\/","logo":{"@type":"ImageObject","inLanguage":"fr-FR","@id":"https:\/\/www.hotelitalia-siena.it\/#\/schema\/logo\/image\/","url":"https:\/\/www.hotelitalia-siena.it\/wp-content\/uploads\/2018\/04\/hotel-italia-siena-logo.png","contentUrl":"https:\/\/www.hotelitalia-siena.it\/wp-content\/uploads\/2018\/04\/hotel-italia-siena-logo.png","width":147,"height":102,"caption":"Hotel Italia SpA"},"image":{"@id":"https:\/\/www.hotelitalia-siena.it\/#\/schema\/logo\/image\/"},"sameAs":["https:\/\/www.facebook.com\/hotelitaliasiena\/"]}]}},"_links":{"self":[{"href":"https:\/\/www.hotelitalia-siena.it\/fr\/wp-json\/wp\/v2\/pages\/6053"}],"collection":[{"href":"https:\/\/www.hotelitalia-siena.it\/fr\/wp-json\/wp\/v2\/pages"}],"about":[{"href":"https:\/\/www.hotelitalia-siena.it\/fr\/wp-json\/wp\/v2\/types\/page"}],"author":[{"embeddable":true,"href":"https:\/\/www.hotelitalia-siena.it\/fr\/wp-json\/wp\/v2\/users\/1"}],"replies":[{"embeddable":true,"href":"https:\/\/www.hotelitalia-siena.it\/fr\/wp-json\/wp\/v2\/comments?post=6053"}],"version-history":[{"count":1,"href":"https:\/\/www.hotelitalia-siena.it\/fr\/wp-json\/wp\/v2\/pages\/6053\/revisions"}],"predecessor-version":[{"id":12262,"href":"https:\/\/www.hotelitalia-siena.it\/fr\/wp-json\/wp\/v2\/pages\/6053\/revisions\/12262"}],"up":[{"embeddable":true,"href":"https:\/\/www.hotelitalia-siena.it\/fr\/wp-json\/wp\/v2\/pages\/1408"}],"wp:attachment":[{"href":"https:\/\/www.hotelitalia-siena.it\/fr\/wp-json\/wp\/v2\/media?parent=6053"}],"curies":[{"name":"wp","href":"https:\/\/api.w.org\/{rel}","templated":true}]}}