{"id":4434,"date":"2015-07-03T09:13:26","date_gmt":"2015-07-03T09:13:26","guid":{"rendered":"http:\/\/local.hotelitalia-siena.it\/informazioni\/prezzi\/"},"modified":"2016-04-12T19:19:39","modified_gmt":"2016-04-12T19:19:39","slug":"tarifs","status":"publish","type":"page","link":"https:\/\/www.hotelitalia-siena.it\/fr\/tarifs\/","title":{"rendered":"Tarifs"},"content":{"rendered":"<p>[et_pb_section admin_label=&#8221;section&#8221; fullwidth=&#8221;on&#8221; specialty=&#8221;off&#8221; transparent_background=&#8221;off&#8221; background_color=&#8221;#ffffff&#8221; inner_shadow=&#8221;off&#8221; parallax=&#8221;off&#8221; parallax_method=&#8221;off&#8221; module_class=&#8221;home_header_slide&#8221;][et_pb_fullwidth_slider admin_label=&#8221;Fullwidth Slider&#8221; show_arrows=&#8221;off&#8221; show_pagination=&#8221;off&#8221; auto=&#8221;off&#8221; parallax=&#8221;off&#8221; parallax_method=&#8221;off&#8221;]<\/p>\n<p>[et_pb_slide background_image=&#8221;https:\/\/www.hotelitalia-siena.it\/wp-content\/uploads\/2015\/07\/MG_6308-bis.jpg&#8221; background_color=&#8221;#ffffff&#8221; alignment=&#8221;center&#8221; background_layout=&#8221;dark&#8221; \/]<\/p>\n<p>[\/et_pb_fullwidth_slider][\/et_pb_section][et_pb_section admin_label=&#8221;section&#8221; fullwidth=&#8221;off&#8221; specialty=&#8221;off&#8221; transparent_background=&#8221;off&#8221; background_color=&#8221;#ffffff&#8221; inner_shadow=&#8221;off&#8221; parallax=&#8221;off&#8221; parallax_method=&#8221;off&#8221; module_id=&#8221;h-booking_container&#8221;][et_pb_row admin_label=&#8221;row&#8221;][et_pb_column type=&#8221;4_4&#8243;][et_pb_sidebar admin_label=&#8221;Sidebar&#8221; orientation=&#8221;left&#8221; area=&#8221;et_pb_widget_area_1&#8243; background_layout=&#8221;light&#8221;]<\/p>\n<p>[\/et_pb_sidebar][\/et_pb_column][\/et_pb_row][\/et_pb_section][et_pb_section admin_label=&#8221;section&#8221; fullwidth=&#8221;off&#8221; specialty=&#8221;off&#8221; transparent_background=&#8221;off&#8221; background_color=&#8221;#ffffff&#8221; inner_shadow=&#8221;off&#8221; parallax=&#8221;off&#8221; parallax_method=&#8221;off&#8221; module_class=&#8221;room_block&#8221;][et_pb_row admin_label=&#8221;row&#8221;][et_pb_column type=&#8221;4_4&#8243;][et_pb_text admin_label=&#8221;Text&#8221; background_layout=&#8221;light&#8221; text_orientation=&#8221;left&#8221; use_border_color=&#8221;off&#8221; border_color=&#8221;#ffffff&#8221; border_style=&#8221;solid&#8221;]<\/p>\n<h1>Tarifs<\/h1>\n<p><table id=\"table_35669746\" width=\"100%\" class=\"hover\"><thead><tr><th>TYPE DE CHAMBRE<\/th><th>PRIX (\u00e0 partir de...)<\/th><\/tr>\n    <\/thead>\n    <tbody>\n\t\n\t<script type=\"text\/javascript\" charset=\"utf-8\">\n jQuery(document).ready(function() {\n    jQuery('#table_35669746').DataTable( {\"destroy\": true,\"bPaginate\": false,\"bLengthChange\": false,\"bFilter\": false,\"bSort\": false,\"bInfo\": false,\"bStateSave\": true,\"bAutoWidth\": true,\"sPaginationType\": \"full_numbers\",\"oLanguage\": {\r\n\t\t\t\"sLengthMenu\": \"Display _MENU_ records per page\",\r\n\t\t\t\"sZeroRecords\": \"Nothing found - sorry\",\r\n\t\t\t\"sInfo\": \"Showing _START_ to _END_ of _TOTAL_ records\",\r\n\t\t\t\"sInfoEmpty\": \"Showing 0 to 0 of 0 records\",\r\n                        \"sSearch\": \"Search: \",\r\n\t\t\t\"sInfoFiltered\": \"(filtered from _MAX_ total records)\"\r\n\t\t}} );\n});\n <\/script><tr><td>Chambre la moins ch\u00e8re<\/td><td>Partir de Euro 49,00 <\/td><\/tr><tr><td>Double Standard <\/td><td>Partir de Euro 59,00 <\/td><\/tr><tr><td>Double Superior<\/td><td>Partir de Euro 69,00 <\/td><\/tr><tr><td>Double Executive<\/td><td>Partir de Euro 89,00 <\/td><\/tr><tr><td>Junior Suite <\/td><td>Partir de Euro 115,00 <\/td><\/tr><tr><td>Love Room<\/td><td>Partir de Euro 109,00 <\/td><\/tr><tr><td>Triple Standard<\/td><td>Partir de Euro 85,00 <\/td><\/tr><tr><td>Triple Superior<\/td><td>Partir de Euro 95,00 <\/td><\/tr><tr><td>Quadruple Superior<\/td><td>Partir de Euro 109,00 <\/td><\/tr>\n    <\/tbody>\n<\/table><\/p>\n<p>Les prix indiqu\u00e9s correspondent au prix par chambre et par nuit\u00e9e, incluant le Grand Buffet Petit-d\u00e9jeuner. La taxe de s\u00e9jour journali\u00e8re est exclue (2,50 \u20ac de mars \u00e0 octobre ; 1,50 \u20ac de novembre \u00e0 f\u00e9vrier) par personne et par nuit\u00e9e sauf pour les enfants jusqu\u2019\u00e0 12 ans.<\/p>\n<p>Si vous trouvez ailleurs le m\u00eame produit avec les m\u00eames conditions, \u00e0 un <strong>tarif plus bas<\/strong>, n\u2019h\u00e9sitez pas \u00e0 nous contacter.<br \/>\nApr\u00e8s avoir v\u00e9rifi\u00e9 que le tarif plus bas est disponible et qu\u2019il peut \u00eatre r\u00e9serv\u00e9 par un autre interm\u00e9diaire, <strong>nous appliquerons le m\u00eame tarif ainsi qu\u2019une r\u00e9duction suppl\u00e9mentaire de 5%<\/strong>.<\/p>\n<p>Sont exclues : les offres sp\u00e9ciales et les offres non remboursables avec lesquelles vous pourrez d\u00e9penser encore moins. Consultez, d\u00e8s maintenant nos promotions en cours directement via notre syst\u00e8me de r\u00e9servation.<\/p>\n<p><a href=\"https:\/\/www.hotelitalia-siena.it\/fr\/offres-speciales\/\">OFFRES SP\u00c9CIALES<\/a><\/p>\n<p>Nous vous rappelons cependant que nos tarifs varient toujours en fonction de la saison et du taux d\u2019occupation. Indiquer dans le formulaire de demande pr\u00e9sent sur ce site, les dates de s\u00e9jour pr\u00e9vues et d\u00e9couvrez \u00e0 tout moment le prix le plus int\u00e9ressant qui vous sera r\u00e9serv\u00e9 !<\/p>\n<p>[\/et_pb_text][\/et_pb_column][\/et_pb_row][et_pb_row admin_label=&#8221;row&#8221;][et_pb_column type=&#8221;4_4&#8243;][et_pb_gallery admin_label=&#8221;Gallery&#8221; gallery_ids=&#8221;527,469,465,463&#8243; fullwidth=&#8221;off&#8221; posts_number=&#8221;4&#8243; show_title_and_caption=&#8221;on&#8221; show_pagination=&#8221;off&#8221; background_layout=&#8221;light&#8221;]<\/p>\n<p>[\/et_pb_gallery][\/et_pb_column][\/et_pb_row][et_pb_row admin_label=&#8221;row&#8221;][et_pb_column type=&#8221;4_4&#8243;][et_pb_text admin_label=&#8221;Text&#8221; background_layout=&#8221;light&#8221; text_orientation=&#8221;left&#8221;]<\/p>\n<p>[\/et_pb_text][\/et_pb_column][\/et_pb_row][\/et_pb_section]<\/p>\n","protected":false},"excerpt":{"rendered":"<p>Tarifs [ultimatetables 3 \/] Les prix indiqu\u00e9s correspondent au prix par chambre et par nuit\u00e9e, incluant le Grand Buffet Petit-d\u00e9jeuner. La taxe de s\u00e9jour journali\u00e8re est exclue (2,50 \u20ac de mars \u00e0 octobre ; 1,50 \u20ac de novembre \u00e0 f\u00e9vrier) par personne et par nuit\u00e9e sauf pour les enfants jusqu\u2019\u00e0 12 ans. Si vous trouvez [&hellip;]<\/p>\n","protected":false},"author":1,"featured_media":0,"parent":0,"menu_order":0,"comment_status":"closed","ping_status":"closed","template":"","meta":{"_acf_changed":false,"_et_pb_use_builder":"on","_et_pb_old_content":"","_et_gb_content_width":"","footnotes":""},"acf":[],"yoast_head":"<!-- This site is optimized with the Yoast SEO plugin v23.0 - https:\/\/yoast.com\/wordpress\/plugins\/seo\/ -->\n<title>H\u00f4tel Sienne tarifs - Hotel Italia<\/title>\n<meta name=\"description\" content=\"Vous souhaiter conna\u00eetre le co\u00fbt d\u2019un s\u00e9jour \u00e0 l&#039;Hotel Italia ? D\u00e9couvrez notre h\u00f4tel \u00e0 Sienne pour un h\u00e9bergement pr\u00e8s du centre historique de la ville.\" \/>\n<meta name=\"robots\" content=\"index, follow, max-snippet:-1, max-image-preview:large, max-video-preview:-1\" \/>\n<link rel=\"canonical\" href=\"https:\/\/www.hotelitalia-siena.it\/fr\/tarifs\/\" \/>\n<meta property=\"og:locale\" content=\"fr_FR\" \/>\n<meta property=\"og:type\" content=\"article\" \/>\n<meta property=\"og:title\" content=\"H\u00f4tel Sienne tarifs - Hotel Italia\" \/>\n<meta property=\"og:description\" content=\"Vous souhaiter conna\u00eetre le co\u00fbt d\u2019un s\u00e9jour \u00e0 l&#039;Hotel Italia ? D\u00e9couvrez notre h\u00f4tel \u00e0 Sienne pour un h\u00e9bergement pr\u00e8s du centre historique de la ville.\" \/>\n<meta property=\"og:url\" content=\"https:\/\/www.hotelitalia-siena.it\/fr\/tarifs\/\" \/>\n<meta property=\"og:site_name\" content=\"Hotel Italia Siena\" \/>\n<meta property=\"article:publisher\" content=\"https:\/\/www.facebook.com\/hotelitaliasiena\/\" \/>\n<meta property=\"article:modified_time\" content=\"2016-04-12T19:19:39+00:00\" \/>\n<meta property=\"og:image\" content=\"https:\/\/www.hotelitalia-siena.it\/wp-content\/uploads\/2015\/01\/header-privacy-policy.jpg\" \/>\n\t<meta property=\"og:image:width\" content=\"2000\" \/>\n\t<meta property=\"og:image:height\" content=\"705\" \/>\n\t<meta property=\"og:image:type\" content=\"image\/jpeg\" \/>\n<meta name=\"twitter:label1\" content=\"Dur\u00e9e de lecture estim\u00e9e\" \/>\n\t<meta name=\"twitter:data1\" content=\"2 minutes\" \/>\n<script type=\"application\/ld+json\" class=\"yoast-schema-graph\">{\"@context\":\"https:\/\/schema.org\",\"@graph\":[{\"@type\":\"WebPage\",\"@id\":\"https:\/\/www.hotelitalia-siena.it\/fr\/tarifs\/\",\"url\":\"https:\/\/www.hotelitalia-siena.it\/fr\/tarifs\/\",\"name\":\"H\u00f4tel Sienne tarifs - Hotel Italia\",\"isPartOf\":{\"@id\":\"https:\/\/www.hotelitalia-siena.it\/#website\"},\"datePublished\":\"2015-07-03T09:13:26+00:00\",\"dateModified\":\"2016-04-12T19:19:39+00:00\",\"description\":\"Vous souhaiter conna\u00eetre le co\u00fbt d\u2019un s\u00e9jour \u00e0 l'Hotel Italia ? D\u00e9couvrez notre h\u00f4tel \u00e0 Sienne pour un h\u00e9bergement pr\u00e8s du centre historique de la ville.\",\"breadcrumb\":{\"@id\":\"https:\/\/www.hotelitalia-siena.it\/fr\/tarifs\/#breadcrumb\"},\"inLanguage\":\"fr-FR\",\"potentialAction\":[{\"@type\":\"ReadAction\",\"target\":[\"https:\/\/www.hotelitalia-siena.it\/fr\/tarifs\/\"]}]},{\"@type\":\"BreadcrumbList\",\"@id\":\"https:\/\/www.hotelitalia-siena.it\/fr\/tarifs\/#breadcrumb\",\"itemListElement\":[{\"@type\":\"ListItem\",\"position\":1,\"name\":\"Hotel Italia\",\"item\":\"https:\/\/www.hotelitalia-siena.it\/fr\/\"},{\"@type\":\"ListItem\",\"position\":2,\"name\":\"Tarifs\"}]},{\"@type\":\"WebSite\",\"@id\":\"https:\/\/www.hotelitalia-siena.it\/#website\",\"url\":\"https:\/\/www.hotelitalia-siena.it\/\",\"name\":\"Hotel Italia Siena\",\"description\":\"Un site utilisant WordPress\",\"publisher\":{\"@id\":\"https:\/\/www.hotelitalia-siena.it\/#organization\"},\"potentialAction\":[{\"@type\":\"SearchAction\",\"target\":{\"@type\":\"EntryPoint\",\"urlTemplate\":\"https:\/\/www.hotelitalia-siena.it\/?s={search_term_string}\"},\"query-input\":\"required name=search_term_string\"}],\"inLanguage\":\"fr-FR\"},{\"@type\":\"Organization\",\"@id\":\"https:\/\/www.hotelitalia-siena.it\/#organization\",\"name\":\"Hotel Italia SpA\",\"url\":\"https:\/\/www.hotelitalia-siena.it\/\",\"logo\":{\"@type\":\"ImageObject\",\"inLanguage\":\"fr-FR\",\"@id\":\"https:\/\/www.hotelitalia-siena.it\/#\/schema\/logo\/image\/\",\"url\":\"https:\/\/www.hotelitalia-siena.it\/wp-content\/uploads\/2018\/04\/hotel-italia-siena-logo.png\",\"contentUrl\":\"https:\/\/www.hotelitalia-siena.it\/wp-content\/uploads\/2018\/04\/hotel-italia-siena-logo.png\",\"width\":147,\"height\":102,\"caption\":\"Hotel Italia SpA\"},\"image\":{\"@id\":\"https:\/\/www.hotelitalia-siena.it\/#\/schema\/logo\/image\/\"},\"sameAs\":[\"https:\/\/www.facebook.com\/hotelitaliasiena\/\"]}]}<\/script>\n<!-- \/ Yoast SEO plugin. -->","yoast_head_json":{"title":"H\u00f4tel Sienne tarifs - Hotel Italia","description":"Vous souhaiter conna\u00eetre le co\u00fbt d\u2019un s\u00e9jour \u00e0 l'Hotel Italia ? D\u00e9couvrez notre h\u00f4tel \u00e0 Sienne pour un h\u00e9bergement pr\u00e8s du centre historique de la ville.","robots":{"index":"index","follow":"follow","max-snippet":"max-snippet:-1","max-image-preview":"max-image-preview:large","max-video-preview":"max-video-preview:-1"},"canonical":"https:\/\/www.hotelitalia-siena.it\/fr\/tarifs\/","og_locale":"fr_FR","og_type":"article","og_title":"H\u00f4tel Sienne tarifs - Hotel Italia","og_description":"Vous souhaiter conna\u00eetre le co\u00fbt d\u2019un s\u00e9jour \u00e0 l'Hotel Italia ? D\u00e9couvrez notre h\u00f4tel \u00e0 Sienne pour un h\u00e9bergement pr\u00e8s du centre historique de la ville.","og_url":"https:\/\/www.hotelitalia-siena.it\/fr\/tarifs\/","og_site_name":"Hotel Italia Siena","article_publisher":"https:\/\/www.facebook.com\/hotelitaliasiena\/","article_modified_time":"2016-04-12T19:19:39+00:00","og_image":[{"width":2000,"height":705,"url":"https:\/\/www.hotelitalia-siena.it\/wp-content\/uploads\/2015\/01\/header-privacy-policy.jpg","type":"image\/jpeg"}],"twitter_misc":{"Dur\u00e9e de lecture estim\u00e9e":"2 minutes"},"schema":{"@context":"https:\/\/schema.org","@graph":[{"@type":"WebPage","@id":"https:\/\/www.hotelitalia-siena.it\/fr\/tarifs\/","url":"https:\/\/www.hotelitalia-siena.it\/fr\/tarifs\/","name":"H\u00f4tel Sienne tarifs - Hotel Italia","isPartOf":{"@id":"https:\/\/www.hotelitalia-siena.it\/#website"},"datePublished":"2015-07-03T09:13:26+00:00","dateModified":"2016-04-12T19:19:39+00:00","description":"Vous souhaiter conna\u00eetre le co\u00fbt d\u2019un s\u00e9jour \u00e0 l'Hotel Italia ? D\u00e9couvrez notre h\u00f4tel \u00e0 Sienne pour un h\u00e9bergement pr\u00e8s du centre historique de la ville.","breadcrumb":{"@id":"https:\/\/www.hotelitalia-siena.it\/fr\/tarifs\/#breadcrumb"},"inLanguage":"fr-FR","potentialAction":[{"@type":"ReadAction","target":["https:\/\/www.hotelitalia-siena.it\/fr\/tarifs\/"]}]},{"@type":"BreadcrumbList","@id":"https:\/\/www.hotelitalia-siena.it\/fr\/tarifs\/#breadcrumb","itemListElement":[{"@type":"ListItem","position":1,"name":"Hotel Italia","item":"https:\/\/www.hotelitalia-siena.it\/fr\/"},{"@type":"ListItem","position":2,"name":"Tarifs"}]},{"@type":"WebSite","@id":"https:\/\/www.hotelitalia-siena.it\/#website","url":"https:\/\/www.hotelitalia-siena.it\/","name":"Hotel Italia Siena","description":"Un site utilisant WordPress","publisher":{"@id":"https:\/\/www.hotelitalia-siena.it\/#organization"},"potentialAction":[{"@type":"SearchAction","target":{"@type":"EntryPoint","urlTemplate":"https:\/\/www.hotelitalia-siena.it\/?s={search_term_string}"},"query-input":"required name=search_term_string"}],"inLanguage":"fr-FR"},{"@type":"Organization","@id":"https:\/\/www.hotelitalia-siena.it\/#organization","name":"Hotel Italia SpA","url":"https:\/\/www.hotelitalia-siena.it\/","logo":{"@type":"ImageObject","inLanguage":"fr-FR","@id":"https:\/\/www.hotelitalia-siena.it\/#\/schema\/logo\/image\/","url":"https:\/\/www.hotelitalia-siena.it\/wp-content\/uploads\/2018\/04\/hotel-italia-siena-logo.png","contentUrl":"https:\/\/www.hotelitalia-siena.it\/wp-content\/uploads\/2018\/04\/hotel-italia-siena-logo.png","width":147,"height":102,"caption":"Hotel Italia SpA"},"image":{"@id":"https:\/\/www.hotelitalia-siena.it\/#\/schema\/logo\/image\/"},"sameAs":["https:\/\/www.facebook.com\/hotelitaliasiena\/"]}]}},"_links":{"self":[{"href":"https:\/\/www.hotelitalia-siena.it\/fr\/wp-json\/wp\/v2\/pages\/4434"}],"collection":[{"href":"https:\/\/www.hotelitalia-siena.it\/fr\/wp-json\/wp\/v2\/pages"}],"about":[{"href":"https:\/\/www.hotelitalia-siena.it\/fr\/wp-json\/wp\/v2\/types\/page"}],"author":[{"embeddable":true,"href":"https:\/\/www.hotelitalia-siena.it\/fr\/wp-json\/wp\/v2\/users\/1"}],"replies":[{"embeddable":true,"href":"https:\/\/www.hotelitalia-siena.it\/fr\/wp-json\/wp\/v2\/comments?post=4434"}],"version-history":[{"count":0,"href":"https:\/\/www.hotelitalia-siena.it\/fr\/wp-json\/wp\/v2\/pages\/4434\/revisions"}],"wp:attachment":[{"href":"https:\/\/www.hotelitalia-siena.it\/fr\/wp-json\/wp\/v2\/media?parent=4434"}],"curies":[{"name":"wp","href":"https:\/\/api.w.org\/{rel}","templated":true}]}}