{"id":4422,"date":"2015-07-03T09:12:42","date_gmt":"2015-07-03T09:12:42","guid":{"rendered":"http:\/\/local.hotelitalia-siena.it\/?page_id=4422"},"modified":"2017-06-22T14:34:14","modified_gmt":"2017-06-22T14:34:14","slug":"acces","status":"publish","type":"page","link":"https:\/\/www.hotelitalia-siena.it\/fr\/acces\/","title":{"rendered":"Acc\u00e8s"},"content":{"rendered":"<p>[et_pb_section bb_built=&#8221;1&#8243; admin_label=&#8221;section&#8221; fullwidth=&#8221;on&#8221; specialty=&#8221;off&#8221; transparent_background=&#8221;off&#8221; background_color=&#8221;#ffffff&#8221; inner_shadow=&#8221;off&#8221; parallax=&#8221;off&#8221; parallax_method=&#8221;off&#8221; module_class=&#8221;home_header_slide&#8221;][et_pb_fullwidth_slider admin_label=&#8221;Fullwidth Slider&#8221; show_arrows=&#8221;off&#8221; show_pagination=&#8221;off&#8221; auto=&#8221;off&#8221; parallax=&#8221;off&#8221; parallax_method=&#8221;off&#8221;]<\/p>\n<p>[et_pb_slide background_image=&#8221;https:\/\/www.hotelitalia-siena.it\/wp-content\/uploads\/2015\/07\/MG_6299.jpg&#8221; background_color=&#8221;#ffffff&#8221; alignment=&#8221;center&#8221; background_layout=&#8221;dark&#8221; \/]<\/p>\n<p>[\/et_pb_fullwidth_slider][\/et_pb_section][et_pb_section bb_built=&#8221;1&#8243; admin_label=&#8221;section&#8221; fullwidth=&#8221;off&#8221; specialty=&#8221;off&#8221; transparent_background=&#8221;off&#8221; background_color=&#8221;#ffffff&#8221; inner_shadow=&#8221;off&#8221; parallax=&#8221;off&#8221; parallax_method=&#8221;off&#8221; module_id=&#8221;h-booking_container&#8221;][et_pb_row admin_label=&#8221;row&#8221; background_position=&#8221;top_left&#8221; background_repeat=&#8221;repeat&#8221; background_size=&#8221;initial&#8221;][et_pb_column type=&#8221;4_4&#8243;][et_pb_sidebar admin_label=&#8221;Sidebar&#8221; orientation=&#8221;left&#8221; area=&#8221;et_pb_widget_area_1&#8243; background_layout=&#8221;light&#8221; \/][\/et_pb_column][\/et_pb_row][\/et_pb_section][et_pb_section bb_built=&#8221;1&#8243; admin_label=&#8221;section&#8221; fullwidth=&#8221;off&#8221; specialty=&#8221;off&#8221; transparent_background=&#8221;off&#8221; background_color=&#8221;#ffffff&#8221; inner_shadow=&#8221;off&#8221; parallax=&#8221;off&#8221; parallax_method=&#8221;off&#8221; module_class=&#8221;room_block&#8221;][et_pb_row admin_label=&#8221;row&#8221; background_position=&#8221;top_left&#8221; background_repeat=&#8221;repeat&#8221; background_size=&#8221;initial&#8221;][et_pb_column type=&#8221;4_4&#8243;][et_pb_map admin_label=&#8221;Mappa&#8221; address=&#8221;Viale Camillo Benso Cavour, 71, 53100 Siena SI, Italia&#8221; address_lat=&#8221;43.3299223689975&#8243; address_lng=&#8221;11.316777276235127&#8243; mouse_wheel=&#8221;on&#8221; use_grayscale_filter=&#8221;off&#8221; zoom_level=&#8221;13&#8243; mobile_dragging=&#8221;on&#8221; grayscale_filter_amount=&#8221;0&#8243;]<\/p>\n<p>[et_pb_map_pin title=&#8221;Hotel italia&#8221; pin_address=&#8221;Viale Camillo Benso di Cavour, 67, 53100 Siena SI, Italia&#8221; pin_address_lat=&#8221;43.32965600985093&#8243; pin_address_lng=&#8221;11.319683599370933&#8243;]<\/p>\n<p>[\/et_pb_map_pin]<\/p>\n<p>[\/et_pb_map][et_pb_text admin_label=&#8221;indicazioni&#8221; background_layout=&#8221;light&#8221; text_orientation=&#8221;left&#8221; border_style=&#8221;solid&#8221; _builder_version=&#8221;3.0.51&#8243; module_class=&#8221;ind_str_wrap&#8221;]<\/p>\n<p><a class=\"ind_str\" href=\"https:\/\/www.google.it\/maps\/dir\/\/Viale+Camillo+Benso+di+Cavour,+63,+53100+Siena+SI\/@43.3297321,11.3175875,17z\/data=!4m16!1m7!3m6!1s0x132a2ce9e54eb32b:0xd2e90fab20b4a2a7!2sViale+Camillo+Benso+di+Cavour,+63,+53100+Siena+SI!3b1!8m2!3d43.3297282!4d11.3197815!4m7!1m0!1m5!1m1!1s0x132a2ce9e54eb32b:0xd2e90fab20b4a2a7!2m2!1d11.3197815!2d43.3297282\" target=\"_blank\" data-icon=\"9\">INSTRUCTIONS <span>&gt;&gt;<\/span><\/a><\/p>\n<p>[\/et_pb_text][et_pb_text admin_label=&#8221;Text&#8221; background_layout=&#8221;light&#8221; text_orientation=&#8221;left&#8221; use_border_color=&#8221;off&#8221; border_color=&#8221;#ffffff&#8221; border_style=&#8221;solid&#8221; background_position=&#8221;top_left&#8221; background_repeat=&#8221;repeat&#8221; background_size=&#8221;initial&#8221;]<\/p>\n<h2>Acc\u00e8s<\/h2>\n<p>Coordonn\u00e9es GPS<br \/>\nLat.43.33011018947045<br \/>\nLong.\u00a011.31965160369873<\/p>\n<p><strong>En voiture<\/strong><\/p>\n<p>En venant du Nord : De l\u2019autoroute A1, sortir \u00e0 \u201cFirenze Impruneta\u201d, puis suivre les indications pour Siena (bretelle 4 voies Florence-Sienne 50 km). Prendre la sortie \u201cSiena Nord\u201d puis suivre \u00e0 droite les panneaux indiquant Centro, Stadio, Fortezza(centre, stade, forteresse) en passant par la Via Fiorentina. Nous nous trouvons \u00e0 hauteur du troisi\u00e8me feu tricolore sur la droite<\/p>\n<p>En venant du Sud : de l\u2019autoroute A1, sortir \u00e0 Valdichiana, puis suivre les indications pour Siena (bretelles 4 voies Bettolle-Sienne 50 km environ). \u00c0 proximit\u00e9 de Sienne, prendre le p\u00e9riph\u00e9rique en direction de Firenze (Florence) puis sortir \u00e0 \u201cSiena Nord\u201d. Suivre ensuite \u00e0 droite les panneaux pour Centro, Stadio, Fortezza, (Centre, Stade, Forteresse) en passant par la Via Fiorentina. Nous nous trouvons \u00e0 hauteur du troisi\u00e8me feu tricolore \u00e0 droite<\/p>\n<p><strong>En train<\/strong><\/p>\n<p>En venant du Nord : par la ligne Florence \u2013 Sienne ou Pise \u2013 Florence \u2013 Sienne<\/p>\n<p>En venant du Sud : par la ligne Rome \u2013 Chiusi Chianciano Terme \u2013 Sienne<\/p>\n<p>Une fois descendu du train, se diriger vers le centre commercial Porta Siena puis prendre les longs escaliers roulants qui vous emm\u00e8neront jusqu\u2019\u00e0 l\u2019Antiporto de Porta Camollia. Tourner \u00e0 droite en descendant, l\u2019h\u00f4tel se situe \u00e0 environ 100 m sur la gauche. Vous pouvez \u00e9galement prendre un taxi (co\u00fbt indicatif de 7 Euros), ou les autobus num\u00e9ro 9 et 10<\/p>\n<p><strong>En avion<\/strong><\/p>\n<p>Vous pouvez vous rendre \u00e0 Sienne \u00e0 partir des a\u00e9roports internationaux de :<\/p>\n<p>Rome Fiumicino \u00e0 230 km (www.adr.it)<\/p>\n<p>De l\u2019a\u00e9roport, prendre un train rapide \u00e0 destination de la gare ferroviaire et routi\u00e8re \u201cRoma Tiburtina\u201d. Puis prendre le train ou l\u2019autocar de la Sena, jusqu\u2019\u00e0 Sienne. (www.sena.it)<\/p>\n<p>Pise Galileo Galilei \u00e0 150 km (www.pisa-airport.com)<\/p>\n<p>De l\u2019a\u00e9roport de Pise, prendre un bus de la TIEMME Spa jusqu\u2019\u00e0 Sienne, (www.trainspa.it) ou prendre le train<\/p>\n<p>A\u00e9roport de Florence \u00e0 70 km (www.aeroporto.firenze.it)<\/p>\n<p>De l\u2019a\u00e9roport de Florence prendre une navette rapide jusqu\u2019\u00e0 la gare routi\u00e8re de la Sita \u00e0 Florence centre avec les lignes de la Sita (www.sitabus.it) ou Ataf (www.ataf.net )<\/p>\n<p>Puis prendre un des autocars pour (www.sitabus.it) Sienne Centre, ou le train (www.trenitalia.it)<\/p>\n<p>[\/et_pb_text][\/et_pb_column][\/et_pb_row][et_pb_row admin_label=&#8221;row&#8221; background_position=&#8221;top_left&#8221; background_repeat=&#8221;repeat&#8221; background_size=&#8221;initial&#8221;][et_pb_column type=&#8221;4_4&#8243;][et_pb_gallery admin_label=&#8221;Gallery&#8221; gallery_ids=&#8221;527,469,465,463&#8243; fullwidth=&#8221;off&#8221; posts_number=&#8221;4&#8243; show_title_and_caption=&#8221;on&#8221; show_pagination=&#8221;off&#8221; background_layout=&#8221;light&#8221; \/][\/et_pb_column][\/et_pb_row][et_pb_row admin_label=&#8221;row&#8221; background_position=&#8221;top_left&#8221; background_repeat=&#8221;repeat&#8221; background_size=&#8221;initial&#8221;][et_pb_column type=&#8221;4_4&#8243;][et_pb_text admin_label=&#8221;Text&#8221; background_layout=&#8221;light&#8221; text_orientation=&#8221;left&#8221; background_position=&#8221;top_left&#8221; background_repeat=&#8221;repeat&#8221; background_size=&#8221;initial&#8221;]<\/p>\n<p>[\/et_pb_text][\/et_pb_column][\/et_pb_row][\/et_pb_section]<\/p>\n","protected":false},"excerpt":{"rendered":"<p>INSTRUCTIONS &gt;&gt; Acc\u00e8s Coordonn\u00e9es GPS Lat.43.33011018947045 Long.\u00a011.31965160369873 En voiture En venant du Nord : De l\u2019autoroute A1, sortir \u00e0 \u201cFirenze Impruneta\u201d, puis suivre les indications pour Siena (bretelle 4 voies Florence-Sienne 50 km). Prendre la sortie \u201cSiena Nord\u201d puis suivre \u00e0 droite les panneaux indiquant Centro, Stadio, Fortezza(centre, stade, forteresse) en passant par la Via [&hellip;]<\/p>\n","protected":false},"author":1,"featured_media":0,"parent":0,"menu_order":0,"comment_status":"closed","ping_status":"closed","template":"","meta":{"_acf_changed":false,"_et_pb_use_builder":"on","_et_pb_old_content":"","_et_gb_content_width":"","footnotes":""},"acf":[],"yoast_head":"<!-- This site is optimized with the Yoast SEO plugin v23.0 - https:\/\/yoast.com\/wordpress\/plugins\/seo\/ -->\n<title>Acc\u00e8s - Hotel Italia<\/title>\n<meta name=\"description\" content=\"Comment arriver \u00e0 l&#039;Hotel Italia. Voir comment parvenir \u00e0 l\u2019h\u00f4tel 3 \u00e9toiles pr\u00e8s du centre ville de Sienne en voiture, train et autres moyens de transport.\" \/>\n<meta name=\"robots\" content=\"index, follow, max-snippet:-1, max-image-preview:large, max-video-preview:-1\" \/>\n<link rel=\"canonical\" href=\"https:\/\/www.hotelitalia-siena.it\/fr\/acces\/\" \/>\n<meta property=\"og:locale\" content=\"fr_FR\" \/>\n<meta property=\"og:type\" content=\"article\" \/>\n<meta property=\"og:title\" content=\"Acc\u00e8s - Hotel Italia\" \/>\n<meta property=\"og:description\" content=\"Comment arriver \u00e0 l&#039;Hotel Italia. Voir comment parvenir \u00e0 l\u2019h\u00f4tel 3 \u00e9toiles pr\u00e8s du centre ville de Sienne en voiture, train et autres moyens de transport.\" \/>\n<meta property=\"og:url\" content=\"https:\/\/www.hotelitalia-siena.it\/fr\/acces\/\" \/>\n<meta property=\"og:site_name\" content=\"Hotel Italia Siena\" \/>\n<meta property=\"article:publisher\" content=\"https:\/\/www.facebook.com\/hotelitaliasiena\/\" \/>\n<meta property=\"article:modified_time\" content=\"2017-06-22T14:34:14+00:00\" \/>\n<meta property=\"og:image\" content=\"https:\/\/www.hotelitalia-siena.it\/wp-content\/uploads\/2015\/01\/header-privacy-policy.jpg\" \/>\n\t<meta property=\"og:image:width\" content=\"2000\" \/>\n\t<meta property=\"og:image:height\" content=\"705\" \/>\n\t<meta property=\"og:image:type\" content=\"image\/jpeg\" \/>\n<meta name=\"twitter:label1\" content=\"Dur\u00e9e de lecture estim\u00e9e\" \/>\n\t<meta name=\"twitter:data1\" content=\"4 minutes\" \/>\n<script type=\"application\/ld+json\" class=\"yoast-schema-graph\">{\"@context\":\"https:\/\/schema.org\",\"@graph\":[{\"@type\":\"WebPage\",\"@id\":\"https:\/\/www.hotelitalia-siena.it\/fr\/acces\/\",\"url\":\"https:\/\/www.hotelitalia-siena.it\/fr\/acces\/\",\"name\":\"Acc\u00e8s - Hotel Italia\",\"isPartOf\":{\"@id\":\"https:\/\/www.hotelitalia-siena.it\/#website\"},\"datePublished\":\"2015-07-03T09:12:42+00:00\",\"dateModified\":\"2017-06-22T14:34:14+00:00\",\"description\":\"Comment arriver \u00e0 l'Hotel Italia. Voir comment parvenir \u00e0 l\u2019h\u00f4tel 3 \u00e9toiles pr\u00e8s du centre ville de Sienne en voiture, train et autres moyens de transport.\",\"breadcrumb\":{\"@id\":\"https:\/\/www.hotelitalia-siena.it\/fr\/acces\/#breadcrumb\"},\"inLanguage\":\"fr-FR\",\"potentialAction\":[{\"@type\":\"ReadAction\",\"target\":[\"https:\/\/www.hotelitalia-siena.it\/fr\/acces\/\"]}]},{\"@type\":\"BreadcrumbList\",\"@id\":\"https:\/\/www.hotelitalia-siena.it\/fr\/acces\/#breadcrumb\",\"itemListElement\":[{\"@type\":\"ListItem\",\"position\":1,\"name\":\"Hotel Italia\",\"item\":\"https:\/\/www.hotelitalia-siena.it\/fr\/\"},{\"@type\":\"ListItem\",\"position\":2,\"name\":\"Acc\u00e8s\"}]},{\"@type\":\"WebSite\",\"@id\":\"https:\/\/www.hotelitalia-siena.it\/#website\",\"url\":\"https:\/\/www.hotelitalia-siena.it\/\",\"name\":\"Hotel Italia Siena\",\"description\":\"Un site utilisant WordPress\",\"publisher\":{\"@id\":\"https:\/\/www.hotelitalia-siena.it\/#organization\"},\"potentialAction\":[{\"@type\":\"SearchAction\",\"target\":{\"@type\":\"EntryPoint\",\"urlTemplate\":\"https:\/\/www.hotelitalia-siena.it\/?s={search_term_string}\"},\"query-input\":\"required name=search_term_string\"}],\"inLanguage\":\"fr-FR\"},{\"@type\":\"Organization\",\"@id\":\"https:\/\/www.hotelitalia-siena.it\/#organization\",\"name\":\"Hotel Italia SpA\",\"url\":\"https:\/\/www.hotelitalia-siena.it\/\",\"logo\":{\"@type\":\"ImageObject\",\"inLanguage\":\"fr-FR\",\"@id\":\"https:\/\/www.hotelitalia-siena.it\/#\/schema\/logo\/image\/\",\"url\":\"https:\/\/www.hotelitalia-siena.it\/wp-content\/uploads\/2018\/04\/hotel-italia-siena-logo.png\",\"contentUrl\":\"https:\/\/www.hotelitalia-siena.it\/wp-content\/uploads\/2018\/04\/hotel-italia-siena-logo.png\",\"width\":147,\"height\":102,\"caption\":\"Hotel Italia SpA\"},\"image\":{\"@id\":\"https:\/\/www.hotelitalia-siena.it\/#\/schema\/logo\/image\/\"},\"sameAs\":[\"https:\/\/www.facebook.com\/hotelitaliasiena\/\"]}]}<\/script>\n<!-- \/ Yoast SEO plugin. -->","yoast_head_json":{"title":"Acc\u00e8s - Hotel Italia","description":"Comment arriver \u00e0 l'Hotel Italia. Voir comment parvenir \u00e0 l\u2019h\u00f4tel 3 \u00e9toiles pr\u00e8s du centre ville de Sienne en voiture, train et autres moyens de transport.","robots":{"index":"index","follow":"follow","max-snippet":"max-snippet:-1","max-image-preview":"max-image-preview:large","max-video-preview":"max-video-preview:-1"},"canonical":"https:\/\/www.hotelitalia-siena.it\/fr\/acces\/","og_locale":"fr_FR","og_type":"article","og_title":"Acc\u00e8s - Hotel Italia","og_description":"Comment arriver \u00e0 l'Hotel Italia. Voir comment parvenir \u00e0 l\u2019h\u00f4tel 3 \u00e9toiles pr\u00e8s du centre ville de Sienne en voiture, train et autres moyens de transport.","og_url":"https:\/\/www.hotelitalia-siena.it\/fr\/acces\/","og_site_name":"Hotel Italia Siena","article_publisher":"https:\/\/www.facebook.com\/hotelitaliasiena\/","article_modified_time":"2017-06-22T14:34:14+00:00","og_image":[{"width":2000,"height":705,"url":"https:\/\/www.hotelitalia-siena.it\/wp-content\/uploads\/2015\/01\/header-privacy-policy.jpg","type":"image\/jpeg"}],"twitter_misc":{"Dur\u00e9e de lecture estim\u00e9e":"4 minutes"},"schema":{"@context":"https:\/\/schema.org","@graph":[{"@type":"WebPage","@id":"https:\/\/www.hotelitalia-siena.it\/fr\/acces\/","url":"https:\/\/www.hotelitalia-siena.it\/fr\/acces\/","name":"Acc\u00e8s - Hotel Italia","isPartOf":{"@id":"https:\/\/www.hotelitalia-siena.it\/#website"},"datePublished":"2015-07-03T09:12:42+00:00","dateModified":"2017-06-22T14:34:14+00:00","description":"Comment arriver \u00e0 l'Hotel Italia. Voir comment parvenir \u00e0 l\u2019h\u00f4tel 3 \u00e9toiles pr\u00e8s du centre ville de Sienne en voiture, train et autres moyens de transport.","breadcrumb":{"@id":"https:\/\/www.hotelitalia-siena.it\/fr\/acces\/#breadcrumb"},"inLanguage":"fr-FR","potentialAction":[{"@type":"ReadAction","target":["https:\/\/www.hotelitalia-siena.it\/fr\/acces\/"]}]},{"@type":"BreadcrumbList","@id":"https:\/\/www.hotelitalia-siena.it\/fr\/acces\/#breadcrumb","itemListElement":[{"@type":"ListItem","position":1,"name":"Hotel Italia","item":"https:\/\/www.hotelitalia-siena.it\/fr\/"},{"@type":"ListItem","position":2,"name":"Acc\u00e8s"}]},{"@type":"WebSite","@id":"https:\/\/www.hotelitalia-siena.it\/#website","url":"https:\/\/www.hotelitalia-siena.it\/","name":"Hotel Italia Siena","description":"Un site utilisant WordPress","publisher":{"@id":"https:\/\/www.hotelitalia-siena.it\/#organization"},"potentialAction":[{"@type":"SearchAction","target":{"@type":"EntryPoint","urlTemplate":"https:\/\/www.hotelitalia-siena.it\/?s={search_term_string}"},"query-input":"required name=search_term_string"}],"inLanguage":"fr-FR"},{"@type":"Organization","@id":"https:\/\/www.hotelitalia-siena.it\/#organization","name":"Hotel Italia SpA","url":"https:\/\/www.hotelitalia-siena.it\/","logo":{"@type":"ImageObject","inLanguage":"fr-FR","@id":"https:\/\/www.hotelitalia-siena.it\/#\/schema\/logo\/image\/","url":"https:\/\/www.hotelitalia-siena.it\/wp-content\/uploads\/2018\/04\/hotel-italia-siena-logo.png","contentUrl":"https:\/\/www.hotelitalia-siena.it\/wp-content\/uploads\/2018\/04\/hotel-italia-siena-logo.png","width":147,"height":102,"caption":"Hotel Italia SpA"},"image":{"@id":"https:\/\/www.hotelitalia-siena.it\/#\/schema\/logo\/image\/"},"sameAs":["https:\/\/www.facebook.com\/hotelitaliasiena\/"]}]}},"_links":{"self":[{"href":"https:\/\/www.hotelitalia-siena.it\/fr\/wp-json\/wp\/v2\/pages\/4422"}],"collection":[{"href":"https:\/\/www.hotelitalia-siena.it\/fr\/wp-json\/wp\/v2\/pages"}],"about":[{"href":"https:\/\/www.hotelitalia-siena.it\/fr\/wp-json\/wp\/v2\/types\/page"}],"author":[{"embeddable":true,"href":"https:\/\/www.hotelitalia-siena.it\/fr\/wp-json\/wp\/v2\/users\/1"}],"replies":[{"embeddable":true,"href":"https:\/\/www.hotelitalia-siena.it\/fr\/wp-json\/wp\/v2\/comments?post=4422"}],"version-history":[{"count":0,"href":"https:\/\/www.hotelitalia-siena.it\/fr\/wp-json\/wp\/v2\/pages\/4422\/revisions"}],"wp:attachment":[{"href":"https:\/\/www.hotelitalia-siena.it\/fr\/wp-json\/wp\/v2\/media?parent=4422"}],"curies":[{"name":"wp","href":"https:\/\/api.w.org\/{rel}","templated":true}]}}