{"id":4376,"date":"2015-07-03T09:01:43","date_gmt":"2015-07-03T09:01:43","guid":{"rendered":"http:\/\/local.hotelitalia-siena.it\/?page_id=4376"},"modified":"2018-06-13T15:37:09","modified_gmt":"2018-06-13T15:37:09","slug":"concierge","status":"publish","type":"page","link":"https:\/\/www.hotelitalia-siena.it\/fr\/services\/concierge\/","title":{"rendered":"Concierge"},"content":{"rendered":"<p>[et_pb_section admin_label=&#8221;section&#8221; fullwidth=&#8221;on&#8221; specialty=&#8221;off&#8221; transparent_background=&#8221;off&#8221; background_color=&#8221;#ffffff&#8221; inner_shadow=&#8221;off&#8221; parallax=&#8221;off&#8221; parallax_method=&#8221;off&#8221; module_class=&#8221;home_header_slide&#8221;][et_pb_fullwidth_slider admin_label=&#8221;Fullwidth Slider&#8221; show_arrows=&#8221;off&#8221; show_pagination=&#8221;off&#8221; auto=&#8221;off&#8221; parallax=&#8221;off&#8221; parallax_method=&#8221;off&#8221;]<\/p>\n<p>[et_pb_slide background_image=&#8221;https:\/\/www.hotelitalia-siena.it\/wp-content\/uploads\/2015\/07\/header1.jpg&#8221; background_color=&#8221;#ffffff&#8221; alignment=&#8221;center&#8221; background_layout=&#8221;dark&#8221; \/]<\/p>\n<p>[\/et_pb_fullwidth_slider][\/et_pb_section][et_pb_section admin_label=&#8221;section&#8221; fullwidth=&#8221;off&#8221; specialty=&#8221;off&#8221; transparent_background=&#8221;off&#8221; background_color=&#8221;#ffffff&#8221; inner_shadow=&#8221;off&#8221; parallax=&#8221;off&#8221; parallax_method=&#8221;off&#8221; module_id=&#8221;h-booking_container&#8221;][et_pb_row admin_label=&#8221;row&#8221;][et_pb_column type=&#8221;4_4&#8243;][et_pb_sidebar admin_label=&#8221;Sidebar&#8221; orientation=&#8221;left&#8221; area=&#8221;et_pb_widget_area_1&#8243; background_layout=&#8221;light&#8221;]<\/p>\n<p>[\/et_pb_sidebar][\/et_pb_column][\/et_pb_row][\/et_pb_section][et_pb_section admin_label=&#8221;section&#8221; fullwidth=&#8221;off&#8221; specialty=&#8221;off&#8221; transparent_background=&#8221;off&#8221; background_color=&#8221;#ffffff&#8221; inner_shadow=&#8221;off&#8221; parallax=&#8221;off&#8221; parallax_method=&#8221;off&#8221; module_class=&#8221;room_block&#8221;][et_pb_row admin_label=&#8221;row&#8221;][et_pb_column type=&#8221;4_4&#8243;][et_pb_text admin_label=&#8221;Text&#8221; background_layout=&#8221;light&#8221; text_orientation=&#8221;left&#8221; use_border_color=&#8221;off&#8221; border_color=&#8221;#ffffff&#8221; border_style=&#8221;solid&#8221;]<\/p>\n<h1 style=\"text-align: justify;\">Concierge<\/h1>\n<p>Le terroir siennois est riche de traditions culinaires, historiques, artistiques et paysag\u00e8res.<br \/> \u00c0 la r\u00e9ception, vous pourrez r\u00e9server aussi bien des excursions que des activit\u00e9s ou encore le restaurant.<br \/> <strong>Excursions et Activit\u00e9s <\/strong>: dans le hall, vous trouverez les d\u00e9pliants d\u00e9crivant toutes les activit\u00e9s disponibles.<br \/> <strong>Restaurants <\/strong>: fiez-vous \u00e0 notre personnel, il vous sugg\u00e9rera la meilleure solution pour r\u00e9pondre \u00e0 vos exigences.<br \/> Pizz\u00e9rias, trattorias, restaurants et tavernes, quelle que soit votre pr\u00e9f\u00e9rence, il y a en pour tous les budgets.<br \/> Nous n\u2019avons aucun int\u00e9r\u00eat \u00e0 vous en conseiller un plut\u00f4t qu\u2019un autre. Ceux que nous recommandons d\u2019habitude sont les meilleurs selon l\u2019avis de nos clients. Notre unique pr\u00e9occupation est votre satisfaction.<br \/> Nous saurons vous aider \u00e0 choisir comment passer vos journ\u00e9es et \u00e0 faire en sorte que vous ayez deux certitudes lorsque vous partirez : celle d\u2019avoir vu le plus int\u00e9ressant et celle de revenir pour profiter du reste!<\/p>\n<p>[\/et_pb_text][\/et_pb_column][\/et_pb_row][et_pb_row admin_label=&#8221;row&#8221;][et_pb_column type=&#8221;4_4&#8243;][et_pb_gallery admin_label=&#8221;Gallery&#8221; gallery_ids=&#8221;4100,4106,4112,4118&#8243; fullwidth=&#8221;off&#8221; posts_number=&#8221;4&#8243; show_title_and_caption=&#8221;on&#8221; show_pagination=&#8221;off&#8221; background_layout=&#8221;light&#8221;]<\/p>\n<p>[\/et_pb_gallery][\/et_pb_column][\/et_pb_row][et_pb_row admin_label=&#8221;row&#8221;][et_pb_column type=&#8221;4_4&#8243;][et_pb_text admin_label=&#8221;Text&#8221; background_layout=&#8221;light&#8221; text_orientation=&#8221;left&#8221;]<\/p>\n<p>[\/et_pb_text][\/et_pb_column][\/et_pb_row][\/et_pb_section]<\/p>\n","protected":false},"excerpt":{"rendered":"<p>Concierge Le terroir siennois est riche de traditions culinaires, historiques, artistiques et paysag\u00e8res. \u00c0 la r\u00e9ception, vous pourrez r\u00e9server aussi bien des excursions que des activit\u00e9s ou encore le restaurant. Excursions et Activit\u00e9s : dans le hall, vous trouverez les d\u00e9pliants d\u00e9crivant toutes les activit\u00e9s disponibles. Restaurants : fiez-vous \u00e0 notre personnel, il vous sugg\u00e9rera [&hellip;]<\/p>\n","protected":false},"author":1,"featured_media":0,"parent":864,"menu_order":0,"comment_status":"closed","ping_status":"closed","template":"","meta":{"_acf_changed":false,"_et_pb_use_builder":"on","_et_pb_old_content":"","_et_gb_content_width":"","footnotes":""},"acf":[],"yoast_head":"<!-- This site is optimized with the Yoast SEO plugin v23.0 - https:\/\/yoast.com\/wordpress\/plugins\/seo\/ -->\n<title>H\u00f4tel \u00e0 Sienne avec concierge - Hotel Italia<\/title>\n<meta name=\"description\" content=\"L&#039;H\u00f4tel Italia \u00e0 Sienne offre \u00e0 ses clients le concierge. Utilisez ce service pour r\u00e9server facilement des visites guid\u00e9es, des excursions, des visites guid\u00e9es, des restaurants et toutes autres activit\u00e9s qui vous int\u00e9ressent.\" \/>\n<meta name=\"robots\" content=\"index, follow, max-snippet:-1, max-image-preview:large, max-video-preview:-1\" \/>\n<link rel=\"canonical\" href=\"https:\/\/www.hotelitalia-siena.it\/fr\/services\/concierge\/\" \/>\n<meta property=\"og:locale\" content=\"fr_FR\" \/>\n<meta property=\"og:type\" content=\"article\" \/>\n<meta property=\"og:title\" content=\"H\u00f4tel \u00e0 Sienne avec concierge - Hotel Italia\" \/>\n<meta property=\"og:description\" content=\"L&#039;H\u00f4tel Italia \u00e0 Sienne offre \u00e0 ses clients le concierge. Utilisez ce service pour r\u00e9server facilement des visites guid\u00e9es, des excursions, des visites guid\u00e9es, des restaurants et toutes autres activit\u00e9s qui vous int\u00e9ressent.\" \/>\n<meta property=\"og:url\" content=\"https:\/\/www.hotelitalia-siena.it\/fr\/services\/concierge\/\" \/>\n<meta property=\"og:site_name\" content=\"Hotel Italia Siena\" \/>\n<meta property=\"article:publisher\" content=\"https:\/\/www.facebook.com\/hotelitaliasiena\/\" \/>\n<meta property=\"article:modified_time\" content=\"2018-06-13T15:37:09+00:00\" \/>\n<meta property=\"og:image\" content=\"https:\/\/www.hotelitalia-siena.it\/wp-content\/uploads\/2015\/01\/header-privacy-policy.jpg\" \/>\n\t<meta property=\"og:image:width\" content=\"2000\" \/>\n\t<meta property=\"og:image:height\" content=\"705\" \/>\n\t<meta property=\"og:image:type\" content=\"image\/jpeg\" \/>\n<meta name=\"twitter:label1\" content=\"Dur\u00e9e de lecture estim\u00e9e\" \/>\n\t<meta name=\"twitter:data1\" content=\"2 minutes\" \/>\n<script type=\"application\/ld+json\" class=\"yoast-schema-graph\">{\"@context\":\"https:\/\/schema.org\",\"@graph\":[{\"@type\":\"WebPage\",\"@id\":\"https:\/\/www.hotelitalia-siena.it\/fr\/services\/concierge\/\",\"url\":\"https:\/\/www.hotelitalia-siena.it\/fr\/services\/concierge\/\",\"name\":\"H\u00f4tel \u00e0 Sienne avec concierge - Hotel Italia\",\"isPartOf\":{\"@id\":\"https:\/\/www.hotelitalia-siena.it\/#website\"},\"datePublished\":\"2015-07-03T09:01:43+00:00\",\"dateModified\":\"2018-06-13T15:37:09+00:00\",\"description\":\"L'H\u00f4tel Italia \u00e0 Sienne offre \u00e0 ses clients le concierge. Utilisez ce service pour r\u00e9server facilement des visites guid\u00e9es, des excursions, des visites guid\u00e9es, des restaurants et toutes autres activit\u00e9s qui vous int\u00e9ressent.\",\"breadcrumb\":{\"@id\":\"https:\/\/www.hotelitalia-siena.it\/fr\/services\/concierge\/#breadcrumb\"},\"inLanguage\":\"fr-FR\",\"potentialAction\":[{\"@type\":\"ReadAction\",\"target\":[\"https:\/\/www.hotelitalia-siena.it\/fr\/services\/concierge\/\"]}]},{\"@type\":\"BreadcrumbList\",\"@id\":\"https:\/\/www.hotelitalia-siena.it\/fr\/services\/concierge\/#breadcrumb\",\"itemListElement\":[{\"@type\":\"ListItem\",\"position\":1,\"name\":\"Hotel Italia\",\"item\":\"https:\/\/www.hotelitalia-siena.it\/fr\/\"},{\"@type\":\"ListItem\",\"position\":2,\"name\":\"Services\",\"item\":\"https:\/\/www.hotelitalia-siena.it\/fr\/services\/\"},{\"@type\":\"ListItem\",\"position\":3,\"name\":\"Concierge\"}]},{\"@type\":\"WebSite\",\"@id\":\"https:\/\/www.hotelitalia-siena.it\/#website\",\"url\":\"https:\/\/www.hotelitalia-siena.it\/\",\"name\":\"Hotel Italia Siena\",\"description\":\"Un site utilisant WordPress\",\"publisher\":{\"@id\":\"https:\/\/www.hotelitalia-siena.it\/#organization\"},\"potentialAction\":[{\"@type\":\"SearchAction\",\"target\":{\"@type\":\"EntryPoint\",\"urlTemplate\":\"https:\/\/www.hotelitalia-siena.it\/?s={search_term_string}\"},\"query-input\":\"required name=search_term_string\"}],\"inLanguage\":\"fr-FR\"},{\"@type\":\"Organization\",\"@id\":\"https:\/\/www.hotelitalia-siena.it\/#organization\",\"name\":\"Hotel Italia SpA\",\"url\":\"https:\/\/www.hotelitalia-siena.it\/\",\"logo\":{\"@type\":\"ImageObject\",\"inLanguage\":\"fr-FR\",\"@id\":\"https:\/\/www.hotelitalia-siena.it\/#\/schema\/logo\/image\/\",\"url\":\"https:\/\/www.hotelitalia-siena.it\/wp-content\/uploads\/2018\/04\/hotel-italia-siena-logo.png\",\"contentUrl\":\"https:\/\/www.hotelitalia-siena.it\/wp-content\/uploads\/2018\/04\/hotel-italia-siena-logo.png\",\"width\":147,\"height\":102,\"caption\":\"Hotel Italia SpA\"},\"image\":{\"@id\":\"https:\/\/www.hotelitalia-siena.it\/#\/schema\/logo\/image\/\"},\"sameAs\":[\"https:\/\/www.facebook.com\/hotelitaliasiena\/\"]}]}<\/script>\n<!-- \/ Yoast SEO plugin. -->","yoast_head_json":{"title":"H\u00f4tel \u00e0 Sienne avec concierge - Hotel Italia","description":"L'H\u00f4tel Italia \u00e0 Sienne offre \u00e0 ses clients le concierge. Utilisez ce service pour r\u00e9server facilement des visites guid\u00e9es, des excursions, des visites guid\u00e9es, des restaurants et toutes autres activit\u00e9s qui vous int\u00e9ressent.","robots":{"index":"index","follow":"follow","max-snippet":"max-snippet:-1","max-image-preview":"max-image-preview:large","max-video-preview":"max-video-preview:-1"},"canonical":"https:\/\/www.hotelitalia-siena.it\/fr\/services\/concierge\/","og_locale":"fr_FR","og_type":"article","og_title":"H\u00f4tel \u00e0 Sienne avec concierge - Hotel Italia","og_description":"L'H\u00f4tel Italia \u00e0 Sienne offre \u00e0 ses clients le concierge. Utilisez ce service pour r\u00e9server facilement des visites guid\u00e9es, des excursions, des visites guid\u00e9es, des restaurants et toutes autres activit\u00e9s qui vous int\u00e9ressent.","og_url":"https:\/\/www.hotelitalia-siena.it\/fr\/services\/concierge\/","og_site_name":"Hotel Italia Siena","article_publisher":"https:\/\/www.facebook.com\/hotelitaliasiena\/","article_modified_time":"2018-06-13T15:37:09+00:00","og_image":[{"width":2000,"height":705,"url":"https:\/\/www.hotelitalia-siena.it\/wp-content\/uploads\/2015\/01\/header-privacy-policy.jpg","type":"image\/jpeg"}],"twitter_misc":{"Dur\u00e9e de lecture estim\u00e9e":"2 minutes"},"schema":{"@context":"https:\/\/schema.org","@graph":[{"@type":"WebPage","@id":"https:\/\/www.hotelitalia-siena.it\/fr\/services\/concierge\/","url":"https:\/\/www.hotelitalia-siena.it\/fr\/services\/concierge\/","name":"H\u00f4tel \u00e0 Sienne avec concierge - Hotel Italia","isPartOf":{"@id":"https:\/\/www.hotelitalia-siena.it\/#website"},"datePublished":"2015-07-03T09:01:43+00:00","dateModified":"2018-06-13T15:37:09+00:00","description":"L'H\u00f4tel Italia \u00e0 Sienne offre \u00e0 ses clients le concierge. Utilisez ce service pour r\u00e9server facilement des visites guid\u00e9es, des excursions, des visites guid\u00e9es, des restaurants et toutes autres activit\u00e9s qui vous int\u00e9ressent.","breadcrumb":{"@id":"https:\/\/www.hotelitalia-siena.it\/fr\/services\/concierge\/#breadcrumb"},"inLanguage":"fr-FR","potentialAction":[{"@type":"ReadAction","target":["https:\/\/www.hotelitalia-siena.it\/fr\/services\/concierge\/"]}]},{"@type":"BreadcrumbList","@id":"https:\/\/www.hotelitalia-siena.it\/fr\/services\/concierge\/#breadcrumb","itemListElement":[{"@type":"ListItem","position":1,"name":"Hotel Italia","item":"https:\/\/www.hotelitalia-siena.it\/fr\/"},{"@type":"ListItem","position":2,"name":"Services","item":"https:\/\/www.hotelitalia-siena.it\/fr\/services\/"},{"@type":"ListItem","position":3,"name":"Concierge"}]},{"@type":"WebSite","@id":"https:\/\/www.hotelitalia-siena.it\/#website","url":"https:\/\/www.hotelitalia-siena.it\/","name":"Hotel Italia Siena","description":"Un site utilisant WordPress","publisher":{"@id":"https:\/\/www.hotelitalia-siena.it\/#organization"},"potentialAction":[{"@type":"SearchAction","target":{"@type":"EntryPoint","urlTemplate":"https:\/\/www.hotelitalia-siena.it\/?s={search_term_string}"},"query-input":"required name=search_term_string"}],"inLanguage":"fr-FR"},{"@type":"Organization","@id":"https:\/\/www.hotelitalia-siena.it\/#organization","name":"Hotel Italia SpA","url":"https:\/\/www.hotelitalia-siena.it\/","logo":{"@type":"ImageObject","inLanguage":"fr-FR","@id":"https:\/\/www.hotelitalia-siena.it\/#\/schema\/logo\/image\/","url":"https:\/\/www.hotelitalia-siena.it\/wp-content\/uploads\/2018\/04\/hotel-italia-siena-logo.png","contentUrl":"https:\/\/www.hotelitalia-siena.it\/wp-content\/uploads\/2018\/04\/hotel-italia-siena-logo.png","width":147,"height":102,"caption":"Hotel Italia SpA"},"image":{"@id":"https:\/\/www.hotelitalia-siena.it\/#\/schema\/logo\/image\/"},"sameAs":["https:\/\/www.facebook.com\/hotelitaliasiena\/"]}]}},"_links":{"self":[{"href":"https:\/\/www.hotelitalia-siena.it\/fr\/wp-json\/wp\/v2\/pages\/4376"}],"collection":[{"href":"https:\/\/www.hotelitalia-siena.it\/fr\/wp-json\/wp\/v2\/pages"}],"about":[{"href":"https:\/\/www.hotelitalia-siena.it\/fr\/wp-json\/wp\/v2\/types\/page"}],"author":[{"embeddable":true,"href":"https:\/\/www.hotelitalia-siena.it\/fr\/wp-json\/wp\/v2\/users\/1"}],"replies":[{"embeddable":true,"href":"https:\/\/www.hotelitalia-siena.it\/fr\/wp-json\/wp\/v2\/comments?post=4376"}],"version-history":[{"count":1,"href":"https:\/\/www.hotelitalia-siena.it\/fr\/wp-json\/wp\/v2\/pages\/4376\/revisions"}],"predecessor-version":[{"id":11088,"href":"https:\/\/www.hotelitalia-siena.it\/fr\/wp-json\/wp\/v2\/pages\/4376\/revisions\/11088"}],"up":[{"embeddable":true,"href":"https:\/\/www.hotelitalia-siena.it\/fr\/wp-json\/wp\/v2\/pages\/864"}],"wp:attachment":[{"href":"https:\/\/www.hotelitalia-siena.it\/fr\/wp-json\/wp\/v2\/media?parent=4376"}],"curies":[{"name":"wp","href":"https:\/\/api.w.org\/{rel}","templated":true}]}}