{"id":1408,"date":"2015-04-09T20:04:04","date_gmt":"2015-04-09T20:04:04","guid":{"rendered":"http:\/\/newsite.gardenhotel.it\/hotel-2\/"},"modified":"2025-09-15T08:16:12","modified_gmt":"2025-09-15T08:16:12","slug":"hotel","status":"publish","type":"page","link":"https:\/\/www.hotelitalia-siena.it\/fr\/hotel\/","title":{"rendered":"H\u00f4tel"},"content":{"rendered":"<p>[et_pb_section fb_built=&#8221;1&#8243; fullwidth=&#8221;on&#8221; module_class=&#8221;home_header_slide&#8221; _builder_version=&#8221;4.16&#8243; background_color=&#8221;#ffffff&#8221; transparent_background=&#8221;off&#8221; global_colors_info=&#8221;{}&#8221;][et_pb_fullwidth_slider show_arrows=&#8221;off&#8221; show_pagination=&#8221;off&#8221; admin_label=&#8221;Fullwidth Slider&#8221; _builder_version=&#8221;4.16&#8243; custom_padding=&#8221;|||&#8221; custom_padding_tablet=&#8221;|||&#8221; custom_padding_phone=&#8221;|||&#8221; box_shadow_style=&#8221;preset6&#8243; box_shadow_blur=&#8221;10px&#8221; box_shadow_color=&#8221;rgba(0,0,0,0.1)&#8221; show_inner_shadow=&#8221;on&#8221; global_colors_info=&#8221;{}&#8221; button_text_size__hover_enabled=&#8221;off&#8221; button_one_text_size__hover_enabled=&#8221;off&#8221; button_two_text_size__hover_enabled=&#8221;off&#8221; button_text_color__hover_enabled=&#8221;off&#8221; button_one_text_color__hover_enabled=&#8221;off&#8221; button_two_text_color__hover_enabled=&#8221;off&#8221; button_border_width__hover_enabled=&#8221;off&#8221; button_one_border_width__hover_enabled=&#8221;off&#8221; button_two_border_width__hover_enabled=&#8221;off&#8221; button_border_color__hover_enabled=&#8221;off&#8221; button_one_border_color__hover_enabled=&#8221;off&#8221; button_two_border_color__hover_enabled=&#8221;off&#8221; button_border_radius__hover_enabled=&#8221;off&#8221; button_one_border_radius__hover_enabled=&#8221;off&#8221; button_two_border_radius__hover_enabled=&#8221;off&#8221; button_letter_spacing__hover_enabled=&#8221;off&#8221; button_one_letter_spacing__hover_enabled=&#8221;off&#8221; button_two_letter_spacing__hover_enabled=&#8221;off&#8221; button_bg_color__hover_enabled=&#8221;off&#8221; button_one_bg_color__hover_enabled=&#8221;off&#8221; button_two_bg_color__hover_enabled=&#8221;off&#8221;][et_pb_slide _builder_version=&#8221;4.16&#8243; background_color=&#8221;#ffffff&#8221; background_image=&#8221;https:\/\/www.hotelitalia-siena.it\/wp-content\/uploads\/2014\/10\/hotel.jpg&#8221; global_colors_info=&#8221;{}&#8221; sticky_transition=&#8221;on&#8221; button_text_size__hover_enabled=&#8221;off&#8221; button_one_text_size__hover_enabled=&#8221;off&#8221; button_two_text_size__hover_enabled=&#8221;off&#8221; button_text_color__hover_enabled=&#8221;off&#8221; button_one_text_color__hover_enabled=&#8221;off&#8221; button_two_text_color__hover_enabled=&#8221;off&#8221; button_border_width__hover_enabled=&#8221;off&#8221; button_one_border_width__hover_enabled=&#8221;off&#8221; button_two_border_width__hover_enabled=&#8221;off&#8221; button_border_color__hover_enabled=&#8221;off&#8221; button_one_border_color__hover_enabled=&#8221;off&#8221; button_two_border_color__hover_enabled=&#8221;off&#8221; button_border_radius__hover_enabled=&#8221;off&#8221; button_one_border_radius__hover_enabled=&#8221;off&#8221; button_two_border_radius__hover_enabled=&#8221;off&#8221; button_letter_spacing__hover_enabled=&#8221;off&#8221; button_one_letter_spacing__hover_enabled=&#8221;off&#8221; button_two_letter_spacing__hover_enabled=&#8221;off&#8221; button_bg_color__hover_enabled=&#8221;off&#8221; button_one_bg_color__hover_enabled=&#8221;off&#8221; button_two_bg_color__hover_enabled=&#8221;off&#8221;][\/et_pb_slide][\/et_pb_fullwidth_slider][\/et_pb_section][et_pb_section fb_built=&#8221;1&#8243; module_id=&#8221;h-booking_container&#8221; _builder_version=&#8221;4.16&#8243; background_color=&#8221;#ffffff&#8221; transparent_background=&#8221;off&#8221; global_colors_info=&#8221;{}&#8221;][et_pb_row _builder_version=&#8221;4.16&#8243; background_size=&#8221;initial&#8221; background_position=&#8221;top_left&#8221; background_repeat=&#8221;repeat&#8221; global_colors_info=&#8221;{}&#8221;][et_pb_column type=&#8221;4_4&#8243; _builder_version=&#8221;4.16&#8243; custom_padding=&#8221;|||&#8221; global_colors_info=&#8221;{}&#8221; custom_padding__hover=&#8221;|||&#8221;][et_pb_sidebar area=&#8221;et_pb_widget_area_1&#8243; admin_label=&#8221;Sidebar&#8221; _builder_version=&#8221;4.16&#8243; global_colors_info=&#8221;{}&#8221;][\/et_pb_sidebar][\/et_pb_column][\/et_pb_row][\/et_pb_section][et_pb_section fb_built=&#8221;1&#8243; module_class=&#8221;room_block&#8221; _builder_version=&#8221;4.16&#8243; background_color=&#8221;#ffffff&#8221; transparent_background=&#8221;off&#8221; global_colors_info=&#8221;{}&#8221;][et_pb_row _builder_version=&#8221;4.16&#8243; background_size=&#8221;initial&#8221; background_position=&#8221;top_left&#8221; background_repeat=&#8221;repeat&#8221; global_colors_info=&#8221;{}&#8221;][et_pb_column type=&#8221;4_4&#8243; _builder_version=&#8221;4.16&#8243; custom_padding=&#8221;|||&#8221; global_colors_info=&#8221;{}&#8221; custom_padding__hover=&#8221;|||&#8221;][et_pb_text admin_label=&#8221;Text&#8221; _builder_version=&#8221;4.23.4&#8243; background_size=&#8221;initial&#8221; background_position=&#8221;top_left&#8221; background_repeat=&#8221;repeat&#8221; hover_enabled=&#8221;0&#8243; global_colors_info=&#8221;{}&#8221; sticky_enabled=&#8221;0&#8243;]<\/p>\n<h2>H\u00f4tel<\/h2>\n<p>L\u2019Hotel Italia est un <strong>h\u00f4tel 3 \u00e9toiles \u00e0 Sienne,<\/strong> il fait partie du groupe h\u00f4telier <strong>Siena Inns,<\/strong> appartenant \u00e0 la famille siennoise <strong>Stasi<\/strong> qui, depuis trois g\u00e9n\u00e9rations, oeuvre dans le domaine de l\u2019accueil et de l\u2019h\u00f4tellerie. Le b\u00e2timent est un \u00e9difice historique qui, au cours de la seconde moiti\u00e9 du XX\u00e8me si\u00e8cle, est pass\u00e9 d\u2019habitation familiale \u00e0 \u00e9tablissement h\u00f4telier.<\/p>\n<p>Depuis lors, gr\u00e2ce \u00e0 sa situation g\u00e9ographique privil\u00e9gi\u00e9e, \u00e0 ses fr\u00e9quentes r\u00e9novations pour offrir un s\u00e9jour toujours au go\u00fbt actuel et un soin particulier aux clients, l\u2019Hotel Italia est devenu un h\u00f4tel 3 \u00e9toiles de Sienne, constituant un choix de qualit\u00e9 pour tous ceux qui d\u00e9sirent passer un splendide s\u00e9jour dans cette ville. Quelque soit le motif de votre voyage, nous sommes ici pour vous offrir le meilleur.<\/p>\n<p>Les derniers travaux de r\u00e9novation datent de 2013, Hall d\u2019entr\u00e9e, r\u00e9ception, salle du petit-d\u00e9jeuner, comptoir de la r\u00e9ception et du bar ont \u00e9t\u00e9 transform\u00e9s en donnant \u00e0 l\u2019Hotel Italia un visage nouveau et une touche d\u2019originalit\u00e9 parfaitement \u00e9quilibr\u00e9e entre tradition et modernit\u00e9.<\/p>\n<p><strong>Hall et Bar<\/strong><\/p>\n<p>Le choix des couleurs de notre hall et de notre bar, s\u2019est port\u00e9 sur des tons clairs, un sol en gr\u00e8s c\u00e9rame imitation parquet, beaucoup de sources de lumi\u00e8res et de magnifiques lustres d\u2019\u00e9poque afin d\u2019illustrer le th\u00e8me de la Dolce Vita et des stars Hollywoodiennes.<br \/>\nVous trouverez de nombreuses photos retouch\u00e9es de fa\u00e7on originale avec des taches de couleurs, comme les sympathiques vespas tricolores plac\u00e9es devant la r\u00e9ception, recr\u00e9\u00e9es avec des acteurs chevauchant la mythique Vespa 50 : verte pour Vittorio Gassman, blanche pour la grande Lollobrigida et rouge pour la douce Audrey Hepburn.<br \/>\nDes fauteuils confortables, un grand \u00e9cran TV et un coin lecture avec de nombreux livres et revues sont \u00e0 votre disposition pour un moment de d\u00e9tente ainsi que le \u201cCoffee Corner\u201d, le coin caf\u00e9, o\u00f9 une grande tasse de caf\u00e9 gratuite accompagnera vos moments de pause et d\u2019attente.<br \/>\nL\u2019\u00e9l\u00e9gant petit bar est ouvert de 10h \u00e0 22h. Nous y servons rafra\u00eechissements, boissons chaudes, vin et ap\u00e9ritifs.<\/p>\n<p><strong>Salle du Petit-d\u00e9jeuner<\/strong><\/p>\n<p>Dans la Salle du Petit-d\u00e9jeuner vous trouverez des affiches de vieilles publicit\u00e9s alimentaires : un plongeon dans le pass\u00e9 o\u00f9 la m\u00e9moire pourra errer \u00e0 la recherche de souvenirs perdus. Comment oublier le Signore Bonaventura des p\u00e2tes Barilla ou le P\u00e8re N\u00f6el vintage de Coca Cola ?<\/p>\n<p>La musique diffus\u00e9e en t\u00e9l\u00e9r\u00e9seau accompagnera vos moments de d\u00e9tente, du matin au petit-d\u00e9jeuner et jusqu\u2019au soir. A votre retour, vous pourrez vous servir un excellent grand caf\u00e9 au \u201cCoffee Corner\u201dsitu\u00e9 \u00e0 c\u00f4t\u00e9 du bar, disponible gratuitement pour vous 24 heures sur 24.<\/p>\n<p>Nous esp\u00e9rons \u00e9galement que vous appr\u00e9cierez nos \u201cPommes de Bienvenue\u201d personnalis\u00e9es que vous trouverez sur le bahut situ\u00e9 face \u00e0 la r\u00e9ception.<\/p>\n<p>Ne cherchez pas ailleurs, vous \u00eates d\u00e9j\u00e0 au bon endroit, l\u2019Hotel Italia reste le meilleur choix !<br \/>\n[\/et_pb_text][\/et_pb_column][\/et_pb_row][et_pb_row _builder_version=&#8221;4.16&#8243; background_size=&#8221;initial&#8221; background_position=&#8221;top_left&#8221; background_repeat=&#8221;repeat&#8221; global_colors_info=&#8221;{}&#8221;][et_pb_column type=&#8221;4_4&#8243; _builder_version=&#8221;4.16&#8243; custom_padding=&#8221;|||&#8221; global_colors_info=&#8221;{}&#8221; custom_padding__hover=&#8221;|||&#8221;][et_pb_gallery gallery_ids=&#8221;5215,5233,5221,5227,5209,4951,5486,5089&#8243; posts_number=&#8221;8&#8243; show_pagination=&#8221;off&#8221; admin_label=&#8221;Gallery&#8221; _builder_version=&#8221;4.16&#8243; global_colors_info=&#8221;{}&#8221;][\/et_pb_gallery][\/et_pb_column][\/et_pb_row][et_pb_row _builder_version=&#8221;4.16&#8243; background_size=&#8221;initial&#8221; background_position=&#8221;top_left&#8221; background_repeat=&#8221;repeat&#8221; global_colors_info=&#8221;{}&#8221;][et_pb_column type=&#8221;4_4&#8243; _builder_version=&#8221;4.16&#8243; custom_padding=&#8221;|||&#8221; global_colors_info=&#8221;{}&#8221; custom_padding__hover=&#8221;|||&#8221;][et_pb_text admin_label=&#8221;Text&#8221; _builder_version=&#8221;4.16&#8243; background_size=&#8221;initial&#8221; background_position=&#8221;top_left&#8221; background_repeat=&#8221;repeat&#8221; global_colors_info=&#8221;{}&#8221;][\/et_pb_text][\/et_pb_column][\/et_pb_row][\/et_pb_section]<\/p>\n","protected":false},"excerpt":{"rendered":"<p>H\u00f4tel L\u2019Hotel Italia est un h\u00f4tel 3 \u00e9toiles \u00e0 Sienne, il fait partie du groupe h\u00f4telier Siena Inns, appartenant \u00e0 la famille siennoise Stasi qui, depuis trois g\u00e9n\u00e9rations, oeuvre dans le domaine de l\u2019accueil et de l\u2019h\u00f4tellerie. Le b\u00e2timent est un \u00e9difice historique qui, au cours de la seconde moiti\u00e9 du XX\u00e8me si\u00e8cle, est pass\u00e9 [&hellip;]<\/p>\n","protected":false},"author":1,"featured_media":0,"parent":0,"menu_order":0,"comment_status":"closed","ping_status":"closed","template":"","meta":{"_acf_changed":false,"_et_pb_use_builder":"on","_et_pb_old_content":"<p>Lorem ipsum dolor sit amet, consectetur adipiscing elit, sed do eiusmod tempor incididunt ut labore et dolore magna aliqua. Ut enim ad minim veniam, quis nostrud exercitation ullamco laboris nisi ut aliquip ex ea commodo consequat. Duis aute irure dolor in reprehenderit in voluptate velit esse cillum dolore eu fugiat nulla pariatur. Excepteur sint occaecat cupidatat non proident, sunt in culpa qui officia deserunt mollit anim id est laborum.<\/p><p>Lorem ipsum dolor sit amet, consectetur adipiscing elit, sed do eiusmod tempor incididunt ut labore et dolore magna aliqua. Ut enim ad minim veniam, quis nostrud exercitation ullamco laboris nisi ut aliquip ex ea commodo consequat. Duis aute irure dolor in reprehenderit in voluptate velit esse cillum dolore eu fugiat nulla pariatur. Excepteur sint occaecat cupidatat non proident, sunt in culpa qui officia deserunt mollit anim id est laborum.Lorem ipsum dolor sit amet, consectetur adipiscing elit, sed do eiusmod tempor incididunt ut labore et dolore magna aliqua. Ut enim ad minim veniam, quis nostrud exercitation ullamco laboris nisi ut aliquip ex ea commodo consequat. Duis aute irure dolor in reprehenderit in voluptate velit esse cillum dolore eu fugiat nulla pariatur. Excepteur sint occaecat cupidatat non proident, sunt in culpa qui officia deserunt mollit anim id est laborum.<br \/>Lorem ipsum dolor sit amet, consectetur adipiscing elit, sed do eiusmod tempor incididunt ut labore et dolore magna aliqua. Ut enim ad minim veniam, quis nostrud exercitation ullamco laboris nisi ut aliquip ex ea commodo consequat. Duis aute irure dolor in reprehenderit in voluptate velit esse cillum dolore eu fugiat nulla pariatur. Excepteur sint occaecat cupidatat non proident, sunt in culpa qui officia deserunt mollit anim id est laborum.<\/p><p>\u00a0<\/p>","_et_gb_content_width":"","footnotes":""},"acf":[],"yoast_head":"<!-- This site is optimized with the Yoast SEO plugin v23.0 - https:\/\/yoast.com\/wordpress\/plugins\/seo\/ -->\n<title>Hotel 3 \u00e9toiles Siena - Hotel Italia<\/title>\n<meta name=\"description\" content=\"L&#039;Hotel Italia est un h\u00f4tel 3 \u00e9toiles \u00e0 Sienne proche du centre historique de la ville, de la Piazza del Campo et de la gare ferroviaire et routi\u00e8re.\" \/>\n<meta name=\"robots\" content=\"index, follow, max-snippet:-1, max-image-preview:large, max-video-preview:-1\" \/>\n<link rel=\"canonical\" href=\"https:\/\/www.hotelitalia-siena.it\/fr\/hotel\/\" \/>\n<meta property=\"og:locale\" content=\"fr_FR\" \/>\n<meta property=\"og:type\" content=\"article\" \/>\n<meta property=\"og:title\" content=\"Hotel 3 \u00e9toiles Siena - Hotel Italia\" \/>\n<meta property=\"og:description\" content=\"L&#039;Hotel Italia est un h\u00f4tel 3 \u00e9toiles \u00e0 Sienne proche du centre historique de la ville, de la Piazza del Campo et de la gare ferroviaire et routi\u00e8re.\" \/>\n<meta property=\"og:url\" content=\"https:\/\/www.hotelitalia-siena.it\/fr\/hotel\/\" \/>\n<meta property=\"og:site_name\" content=\"Hotel Italia Siena\" \/>\n<meta property=\"article:publisher\" content=\"https:\/\/www.facebook.com\/hotelitaliasiena\/\" \/>\n<meta property=\"article:modified_time\" content=\"2025-09-15T08:16:12+00:00\" \/>\n<meta property=\"og:image\" content=\"https:\/\/www.hotelitalia-siena.it\/wp-content\/uploads\/2015\/01\/header-privacy-policy.jpg\" \/>\n\t<meta property=\"og:image:width\" content=\"2000\" \/>\n\t<meta property=\"og:image:height\" content=\"705\" \/>\n\t<meta property=\"og:image:type\" content=\"image\/jpeg\" \/>\n<meta name=\"twitter:label1\" content=\"Dur\u00e9e de lecture estim\u00e9e\" \/>\n\t<meta name=\"twitter:data1\" content=\"4 minutes\" \/>\n<script type=\"application\/ld+json\" class=\"yoast-schema-graph\">{\"@context\":\"https:\/\/schema.org\",\"@graph\":[{\"@type\":\"WebPage\",\"@id\":\"https:\/\/www.hotelitalia-siena.it\/fr\/hotel\/\",\"url\":\"https:\/\/www.hotelitalia-siena.it\/fr\/hotel\/\",\"name\":\"Hotel 3 \u00e9toiles Siena - Hotel Italia\",\"isPartOf\":{\"@id\":\"https:\/\/www.hotelitalia-siena.it\/#website\"},\"datePublished\":\"2015-04-09T20:04:04+00:00\",\"dateModified\":\"2025-09-15T08:16:12+00:00\",\"description\":\"L'Hotel Italia est un h\u00f4tel 3 \u00e9toiles \u00e0 Sienne proche du centre historique de la ville, de la Piazza del Campo et de la gare ferroviaire et routi\u00e8re.\",\"breadcrumb\":{\"@id\":\"https:\/\/www.hotelitalia-siena.it\/fr\/hotel\/#breadcrumb\"},\"inLanguage\":\"fr-FR\",\"potentialAction\":[{\"@type\":\"ReadAction\",\"target\":[\"https:\/\/www.hotelitalia-siena.it\/fr\/hotel\/\"]}]},{\"@type\":\"BreadcrumbList\",\"@id\":\"https:\/\/www.hotelitalia-siena.it\/fr\/hotel\/#breadcrumb\",\"itemListElement\":[{\"@type\":\"ListItem\",\"position\":1,\"name\":\"Hotel Italia\",\"item\":\"https:\/\/www.hotelitalia-siena.it\/fr\/\"},{\"@type\":\"ListItem\",\"position\":2,\"name\":\"H\u00f4tel\"}]},{\"@type\":\"WebSite\",\"@id\":\"https:\/\/www.hotelitalia-siena.it\/#website\",\"url\":\"https:\/\/www.hotelitalia-siena.it\/\",\"name\":\"Hotel Italia Siena\",\"description\":\"Un site utilisant WordPress\",\"publisher\":{\"@id\":\"https:\/\/www.hotelitalia-siena.it\/#organization\"},\"potentialAction\":[{\"@type\":\"SearchAction\",\"target\":{\"@type\":\"EntryPoint\",\"urlTemplate\":\"https:\/\/www.hotelitalia-siena.it\/?s={search_term_string}\"},\"query-input\":\"required name=search_term_string\"}],\"inLanguage\":\"fr-FR\"},{\"@type\":\"Organization\",\"@id\":\"https:\/\/www.hotelitalia-siena.it\/#organization\",\"name\":\"Hotel Italia SpA\",\"url\":\"https:\/\/www.hotelitalia-siena.it\/\",\"logo\":{\"@type\":\"ImageObject\",\"inLanguage\":\"fr-FR\",\"@id\":\"https:\/\/www.hotelitalia-siena.it\/#\/schema\/logo\/image\/\",\"url\":\"https:\/\/www.hotelitalia-siena.it\/wp-content\/uploads\/2018\/04\/hotel-italia-siena-logo.png\",\"contentUrl\":\"https:\/\/www.hotelitalia-siena.it\/wp-content\/uploads\/2018\/04\/hotel-italia-siena-logo.png\",\"width\":147,\"height\":102,\"caption\":\"Hotel Italia SpA\"},\"image\":{\"@id\":\"https:\/\/www.hotelitalia-siena.it\/#\/schema\/logo\/image\/\"},\"sameAs\":[\"https:\/\/www.facebook.com\/hotelitaliasiena\/\"]}]}<\/script>\n<!-- \/ Yoast SEO plugin. -->","yoast_head_json":{"title":"Hotel 3 \u00e9toiles Siena - Hotel Italia","description":"L'Hotel Italia est un h\u00f4tel 3 \u00e9toiles \u00e0 Sienne proche du centre historique de la ville, de la Piazza del Campo et de la gare ferroviaire et routi\u00e8re.","robots":{"index":"index","follow":"follow","max-snippet":"max-snippet:-1","max-image-preview":"max-image-preview:large","max-video-preview":"max-video-preview:-1"},"canonical":"https:\/\/www.hotelitalia-siena.it\/fr\/hotel\/","og_locale":"fr_FR","og_type":"article","og_title":"Hotel 3 \u00e9toiles Siena - Hotel Italia","og_description":"L'Hotel Italia est un h\u00f4tel 3 \u00e9toiles \u00e0 Sienne proche du centre historique de la ville, de la Piazza del Campo et de la gare ferroviaire et routi\u00e8re.","og_url":"https:\/\/www.hotelitalia-siena.it\/fr\/hotel\/","og_site_name":"Hotel Italia Siena","article_publisher":"https:\/\/www.facebook.com\/hotelitaliasiena\/","article_modified_time":"2025-09-15T08:16:12+00:00","og_image":[{"width":2000,"height":705,"url":"https:\/\/www.hotelitalia-siena.it\/wp-content\/uploads\/2015\/01\/header-privacy-policy.jpg","type":"image\/jpeg"}],"twitter_misc":{"Dur\u00e9e de lecture estim\u00e9e":"4 minutes"},"schema":{"@context":"https:\/\/schema.org","@graph":[{"@type":"WebPage","@id":"https:\/\/www.hotelitalia-siena.it\/fr\/hotel\/","url":"https:\/\/www.hotelitalia-siena.it\/fr\/hotel\/","name":"Hotel 3 \u00e9toiles Siena - Hotel Italia","isPartOf":{"@id":"https:\/\/www.hotelitalia-siena.it\/#website"},"datePublished":"2015-04-09T20:04:04+00:00","dateModified":"2025-09-15T08:16:12+00:00","description":"L'Hotel Italia est un h\u00f4tel 3 \u00e9toiles \u00e0 Sienne proche du centre historique de la ville, de la Piazza del Campo et de la gare ferroviaire et routi\u00e8re.","breadcrumb":{"@id":"https:\/\/www.hotelitalia-siena.it\/fr\/hotel\/#breadcrumb"},"inLanguage":"fr-FR","potentialAction":[{"@type":"ReadAction","target":["https:\/\/www.hotelitalia-siena.it\/fr\/hotel\/"]}]},{"@type":"BreadcrumbList","@id":"https:\/\/www.hotelitalia-siena.it\/fr\/hotel\/#breadcrumb","itemListElement":[{"@type":"ListItem","position":1,"name":"Hotel Italia","item":"https:\/\/www.hotelitalia-siena.it\/fr\/"},{"@type":"ListItem","position":2,"name":"H\u00f4tel"}]},{"@type":"WebSite","@id":"https:\/\/www.hotelitalia-siena.it\/#website","url":"https:\/\/www.hotelitalia-siena.it\/","name":"Hotel Italia Siena","description":"Un site utilisant WordPress","publisher":{"@id":"https:\/\/www.hotelitalia-siena.it\/#organization"},"potentialAction":[{"@type":"SearchAction","target":{"@type":"EntryPoint","urlTemplate":"https:\/\/www.hotelitalia-siena.it\/?s={search_term_string}"},"query-input":"required name=search_term_string"}],"inLanguage":"fr-FR"},{"@type":"Organization","@id":"https:\/\/www.hotelitalia-siena.it\/#organization","name":"Hotel Italia SpA","url":"https:\/\/www.hotelitalia-siena.it\/","logo":{"@type":"ImageObject","inLanguage":"fr-FR","@id":"https:\/\/www.hotelitalia-siena.it\/#\/schema\/logo\/image\/","url":"https:\/\/www.hotelitalia-siena.it\/wp-content\/uploads\/2018\/04\/hotel-italia-siena-logo.png","contentUrl":"https:\/\/www.hotelitalia-siena.it\/wp-content\/uploads\/2018\/04\/hotel-italia-siena-logo.png","width":147,"height":102,"caption":"Hotel Italia SpA"},"image":{"@id":"https:\/\/www.hotelitalia-siena.it\/#\/schema\/logo\/image\/"},"sameAs":["https:\/\/www.facebook.com\/hotelitaliasiena\/"]}]}},"_links":{"self":[{"href":"https:\/\/www.hotelitalia-siena.it\/fr\/wp-json\/wp\/v2\/pages\/1408"}],"collection":[{"href":"https:\/\/www.hotelitalia-siena.it\/fr\/wp-json\/wp\/v2\/pages"}],"about":[{"href":"https:\/\/www.hotelitalia-siena.it\/fr\/wp-json\/wp\/v2\/types\/page"}],"author":[{"embeddable":true,"href":"https:\/\/www.hotelitalia-siena.it\/fr\/wp-json\/wp\/v2\/users\/1"}],"replies":[{"embeddable":true,"href":"https:\/\/www.hotelitalia-siena.it\/fr\/wp-json\/wp\/v2\/comments?post=1408"}],"version-history":[{"count":1,"href":"https:\/\/www.hotelitalia-siena.it\/fr\/wp-json\/wp\/v2\/pages\/1408\/revisions"}],"predecessor-version":[{"id":12559,"href":"https:\/\/www.hotelitalia-siena.it\/fr\/wp-json\/wp\/v2\/pages\/1408\/revisions\/12559"}],"wp:attachment":[{"href":"https:\/\/www.hotelitalia-siena.it\/fr\/wp-json\/wp\/v2\/media?parent=1408"}],"curies":[{"name":"wp","href":"https:\/\/api.w.org\/{rel}","templated":true}]}}