{"id":938,"date":"2015-01-26T16:08:03","date_gmt":"2015-01-26T16:08:03","guid":{"rendered":"http:\/\/newsite.gardenhotel.it\/tempo-libero-2\/"},"modified":"2015-12-29T09:09:13","modified_gmt":"2015-12-29T09:09:13","slug":"tiempo-libre","status":"publish","type":"page","link":"https:\/\/www.hotelitalia-siena.it\/es\/tiempo-libre\/","title":{"rendered":"Tiempo libre"},"content":{"rendered":"<p>[et_pb_section fullwidth=&#8221;on&#8221; specialty=&#8221;off&#8221; transparent_background=&#8221;off&#8221; background_color=&#8221;#ffffff&#8221; inner_shadow=&#8221;off&#8221; parallax=&#8221;off&#8221; parallax_method=&#8221;off&#8221; module_class=&#8221;home_header_slide&#8221;][et_pb_fullwidth_slider admin_label=&#8221;Fullwidth Slider&#8221; show_arrows=&#8221;off&#8221; show_pagination=&#8221;off&#8221; auto=&#8221;off&#8221; parallax=&#8221;off&#8221; parallax_method=&#8221;off&#8221;][et_pb_slide background_image=&#8221;https:\/\/www.hotelitalia-siena.it\/wp-content\/uploads\/2015\/01\/HEADER1.jpg&#8221; background_color=&#8221;#ffffff&#8221; alignment=&#8221;center&#8221; background_layout=&#8221;dark&#8221; \/][\/et_pb_fullwidth_slider][\/et_pb_section][et_pb_section fullwidth=&#8221;off&#8221; specialty=&#8221;off&#8221; transparent_background=&#8221;off&#8221; background_color=&#8221;#ffffff&#8221; inner_shadow=&#8221;off&#8221; parallax=&#8221;off&#8221; parallax_method=&#8221;off&#8221; module_id=&#8221;h-booking_container&#8221;][et_pb_row][et_pb_column type=&#8221;4_4&#8243;][et_pb_sidebar admin_label=&#8221;Sidebar&#8221; orientation=&#8221;left&#8221; area=&#8221;et_pb_widget_area_1&#8243; background_layout=&#8221;light&#8221; \/][\/et_pb_column][\/et_pb_row][\/et_pb_section][et_pb_section fullwidth=&#8221;off&#8221; specialty=&#8221;off&#8221; transparent_background=&#8221;off&#8221; background_color=&#8221;#ffffff&#8221; inner_shadow=&#8221;off&#8221; parallax=&#8221;off&#8221; parallax_method=&#8221;off&#8221; module_class=&#8221;room_block&#8221;][et_pb_row][et_pb_column type=&#8221;4_4&#8243;][et_pb_text admin_label=&#8221;Text&#8221; background_layout=&#8221;light&#8221; text_orientation=&#8221;left&#8221;]<\/p>\n<h1>Tiempo libre<\/h1>\n<p><strong>Siena<\/strong>\u00a0es una ciudad tur\u00edstica asequible y los lugares m\u00e1s atractivos e importantes pueden visitarse en un solo d\u00eda.<br \/>\nPero est\u00e1 tan llena de arte y cultura que ser\u00eda un aut\u00e9ntico pecado marcharse sin haber visitados los museos, las calles o simplemente conocer uno de los muchos rincones atractivos que aparecen de improviso entre las callejuelas medievales.<\/p>\n<p><strong>Mercado<\/strong><\/p>\n<p>Todos los mi\u00e9rcoles de las 07:30 a las 14:00, a los pies de la Fortaleza Medicea, se celebra el mercado semanal en el que podr\u00e1s encontrar todo tipo de objetos, ropa y tenderetes eno-gastron\u00f3micos con productos t\u00edpicos. Es muy t\u00edpico y se pueden hacer grandes negocios.<\/p>\n<p><strong>Sugerencias para un d\u00eda en Siena<\/strong><\/p>\n<p>Caminando lentamente desde el Hotel llegar\u00e1s a Porta Camollia en solo cinco minutos y entrar\u00e1s en el centro hist\u00f3rico por la misma entrada utilizada por los peregrinos que en la Edad Media pasaban por Siena para llegar a Roma. Desde all\u00ed, y siempre paseando, en pocos minutos llegar\u00e1s a la Piazza del Campo, San Domenico y a la Catedral (busca el cuadrado m\u00e1gico del Sator, presuntamente relacionado con los caballeros Templarios), donde podr\u00e1s visitar tambi\u00e9n el bell\u00edsimo Museo de la \u00d3pera, la Cripta y el Baptisterio.<br \/>\nNo te pierdas la experiencia eno-gastron\u00f3mica local y reg\u00e1late una buena cena en una de las muchas tascas o fondas de la ciudad donde puedes pedir platos t\u00edpicos como \u201ci pici\u201d, un tipo especial de pasta pobre hecha con agua y harina, buen\u00edsimos con la salsa \u201call&#8217;aglione\u201d, y si es la \u00e9poca (noviembre-diciembre), a\u00f1ade una genuina bruschetta con \u201cel aceite nuevo\u201d \u00a1y ri\u00e9galo todo con una copa de Chianti o Brunello! Todo servido informalmente sobre un mantel de papel amarillo y con el fondo de la catedral iluminada por la luna.<br \/>\nTe recomendamos que al regresar hagas una parada en el \u201cCamporegio\u201d, debajo de la Bas\u00edlica de San Domenico, para dar un vistazo al caracter\u00edstico perfil de los tejados de Siena enroscados entre s\u00ed y dominados por la silueta de la Catedral y de la Torre del Mangia. \u00a1Realmente precioso!<\/p>\n<p><strong>San Gimignano<\/strong>\u00a0famoso pueblo medieval con hermosas torres, en plena campi\u00f1a de la Toscana. Por la caracter\u00edstica arquitectura medieval de su centro hist\u00f3rico fue declarado Patrimonio de la Humanidad por la UNESCO.<\/p>\n<p><strong>Volterra<\/strong>\u00a0ciudad famosa por la extracci\u00f3n y la producci\u00f3n de alabastro, conserva un centro hist\u00f3rico de origen etrusco.<\/p>\n<p><strong>Montalcino<\/strong>\u00a0a los pies del Valle de Orcia se encuentra la tierra madre del Brunello&#8230; parada obligatoria para los amantes del vino. Impresionante.s el paisaje de las cretas circundante.<\/p>\n<p><strong>Pienza<\/strong>\u00a0la ciudad renacentista ut\u00f3pica, con un ordenamiento urban\u00edstico definido como &#8216;ideal&#8217;, famosa por su queso de oveja de Fossa y por las cer\u00e1micas&#8230; un conjunto de placeres que no debes perderte.<\/p>\n<p><strong>Zona del Chianti<\/strong>\u00a0escenario elegido por muchos directores de fama internacional por su excepcional esplendor, el Chianti es un viaje entre sabores t\u00edpicos, pueblos y castillos por descubrir, y un paisaje en el que perderse.<\/p>\n<p><strong>Termas<\/strong>: Inmersas en las \u201ccretas\u201d, tierras de arcilla de corte vertical, duras y fascinantes que cambian de aspecto con cada estaci\u00f3n, las Termas te esperan para regenerarte y mimarte y pasar un d\u00eda de aut\u00e9ntico relax.<\/p>\n<p><strong>Parque aventura Saltalbero:\u00a0<\/strong>A pocos pasos de las Termas de Rapolano hay un Parque maravilloso, inmerso en un bosque de encinas seculares, perfecto para pasar un d\u00eda al aire libre con toda la familia, ideal para ni\u00f1os y adolescentes de todas las edades en el que vivir aventuras entre los \u00e1rboles con recorridos totalmente seguros o bien jugando en tierra con los divertidos juegos populares y el mini golf.\u00a0<a href=\"http:\/\/www.saltalbero.it\/\">www.saltalbero.it<\/a>.<\/p>\n<p>[\/et_pb_text][\/et_pb_column][\/et_pb_row][et_pb_row][et_pb_column type=&#8221;4_4&#8243;][et_pb_gallery admin_label=&#8221;Gallery&#8221; gallery_ids=&#8221;527,469,465,463&#8243; fullwidth=&#8221;off&#8221; posts_number=&#8221;4&#8243; show_title_and_caption=&#8221;on&#8221; show_pagination=&#8221;off&#8221; background_layout=&#8221;light&#8221; \/][\/et_pb_column][\/et_pb_row][et_pb_row][et_pb_column type=&#8221;4_4&#8243;][et_pb_text admin_label=&#8221;Text&#8221; background_layout=&#8221;light&#8221; text_orientation=&#8221;left&#8221;][\/et_pb_text][\/et_pb_column][\/et_pb_row][\/et_pb_section]<\/p>\n","protected":false},"excerpt":{"rendered":"<p><div class=\"et_pb_row et_pb_row_0 et_pb_row_empty\">\n\t\t\t\t\n\t\t\t\t\n\t\t\t\t\n\t\t\t\t\n\t\t\t\t\n\t\t\t<\/div><div class=\"et_pb_row et_pb_row_1 et_pb_row_empty\">\n\t\t\t\t\n\t\t\t\t\n\t\t\t\t\n\t\t\t\t\n\t\t\t\t\n\t\t\t<\/div> Tiempo libre Siena\u00a0es una ciudad tur\u00edstica asequible y los lugares m\u00e1s atractivos e importantes pueden visitarse en un solo d\u00eda. Pero est\u00e1 tan llena de arte y cultura que ser\u00eda un aut\u00e9ntico pecado marcharse sin haber visitados los museos, las calles o simplemente conocer uno de los muchos rincones atractivos que aparecen de improviso [&hellip;]<\/p>\n","protected":false},"author":1,"featured_media":0,"parent":0,"menu_order":0,"comment_status":"closed","ping_status":"closed","template":"","meta":{"_acf_changed":false,"_et_pb_use_builder":"on","_et_pb_old_content":"","_et_gb_content_width":"","footnotes":""},"acf":[],"yoast_head":"<!-- This site is optimized with the Yoast SEO plugin v23.0 - https:\/\/yoast.com\/wordpress\/plugins\/seo\/ -->\n<title>Actividades de ocio en Siena y sus alrededores - Hotel Italia<\/title>\n<meta name=\"description\" content=\"Actividades de ocio en Siena y sus alrededores Mira las actividades, eventos, mercadillos y conoce los lugares m\u00e1s destacados de la provincia de Siena.\" \/>\n<meta name=\"robots\" content=\"index, follow, max-snippet:-1, max-image-preview:large, max-video-preview:-1\" \/>\n<link rel=\"canonical\" href=\"https:\/\/www.hotelitalia-siena.it\/es\/tiempo-libre\/\" \/>\n<meta property=\"og:locale\" content=\"es_ES\" \/>\n<meta property=\"og:type\" content=\"article\" \/>\n<meta property=\"og:title\" content=\"Actividades de ocio en Siena y sus alrededores - Hotel Italia\" \/>\n<meta property=\"og:description\" content=\"Actividades de ocio en Siena y sus alrededores Mira las actividades, eventos, mercadillos y conoce los lugares m\u00e1s destacados de la provincia de Siena.\" \/>\n<meta property=\"og:url\" content=\"https:\/\/www.hotelitalia-siena.it\/es\/tiempo-libre\/\" \/>\n<meta property=\"og:site_name\" content=\"Hotel Italia Siena\" \/>\n<meta property=\"article:publisher\" content=\"https:\/\/www.facebook.com\/hotelitaliasiena\/\" \/>\n<meta property=\"article:modified_time\" content=\"2015-12-29T09:09:13+00:00\" \/>\n<meta property=\"og:image\" content=\"https:\/\/www.hotelitalia-siena.it\/wp-content\/uploads\/2015\/01\/header-privacy-policy.jpg\" \/>\n\t<meta property=\"og:image:width\" content=\"2000\" \/>\n\t<meta property=\"og:image:height\" content=\"705\" \/>\n\t<meta property=\"og:image:type\" content=\"image\/jpeg\" \/>\n<meta name=\"twitter:label1\" content=\"Tiempo de lectura\" \/>\n\t<meta name=\"twitter:data1\" content=\"4 minutos\" \/>\n<script type=\"application\/ld+json\" class=\"yoast-schema-graph\">{\"@context\":\"https:\/\/schema.org\",\"@graph\":[{\"@type\":\"WebPage\",\"@id\":\"https:\/\/www.hotelitalia-siena.it\/es\/tiempo-libre\/\",\"url\":\"https:\/\/www.hotelitalia-siena.it\/es\/tiempo-libre\/\",\"name\":\"Actividades de ocio en Siena y sus alrededores - Hotel Italia\",\"isPartOf\":{\"@id\":\"https:\/\/www.hotelitalia-siena.it\/#website\"},\"datePublished\":\"2015-01-26T16:08:03+00:00\",\"dateModified\":\"2015-12-29T09:09:13+00:00\",\"description\":\"Actividades de ocio en Siena y sus alrededores Mira las actividades, eventos, mercadillos y conoce los lugares m\u00e1s destacados de la provincia de Siena.\",\"breadcrumb\":{\"@id\":\"https:\/\/www.hotelitalia-siena.it\/es\/tiempo-libre\/#breadcrumb\"},\"inLanguage\":\"es\",\"potentialAction\":[{\"@type\":\"ReadAction\",\"target\":[\"https:\/\/www.hotelitalia-siena.it\/es\/tiempo-libre\/\"]}]},{\"@type\":\"BreadcrumbList\",\"@id\":\"https:\/\/www.hotelitalia-siena.it\/es\/tiempo-libre\/#breadcrumb\",\"itemListElement\":[{\"@type\":\"ListItem\",\"position\":1,\"name\":\"Hotel Italia\",\"item\":\"https:\/\/www.hotelitalia-siena.it\/es\/\"},{\"@type\":\"ListItem\",\"position\":2,\"name\":\"Tiempo libre\"}]},{\"@type\":\"WebSite\",\"@id\":\"https:\/\/www.hotelitalia-siena.it\/#website\",\"url\":\"https:\/\/www.hotelitalia-siena.it\/\",\"name\":\"Hotel Italia Siena\",\"description\":\"Otro sitio WordPress\",\"publisher\":{\"@id\":\"https:\/\/www.hotelitalia-siena.it\/#organization\"},\"potentialAction\":[{\"@type\":\"SearchAction\",\"target\":{\"@type\":\"EntryPoint\",\"urlTemplate\":\"https:\/\/www.hotelitalia-siena.it\/?s={search_term_string}\"},\"query-input\":\"required name=search_term_string\"}],\"inLanguage\":\"es\"},{\"@type\":\"Organization\",\"@id\":\"https:\/\/www.hotelitalia-siena.it\/#organization\",\"name\":\"Hotel Italia SpA\",\"url\":\"https:\/\/www.hotelitalia-siena.it\/\",\"logo\":{\"@type\":\"ImageObject\",\"inLanguage\":\"es\",\"@id\":\"https:\/\/www.hotelitalia-siena.it\/#\/schema\/logo\/image\/\",\"url\":\"https:\/\/www.hotelitalia-siena.it\/wp-content\/uploads\/2018\/04\/hotel-italia-siena-logo.png\",\"contentUrl\":\"https:\/\/www.hotelitalia-siena.it\/wp-content\/uploads\/2018\/04\/hotel-italia-siena-logo.png\",\"width\":147,\"height\":102,\"caption\":\"Hotel Italia SpA\"},\"image\":{\"@id\":\"https:\/\/www.hotelitalia-siena.it\/#\/schema\/logo\/image\/\"},\"sameAs\":[\"https:\/\/www.facebook.com\/hotelitaliasiena\/\"]}]}<\/script>\n<!-- \/ Yoast SEO plugin. -->","yoast_head_json":{"title":"Actividades de ocio en Siena y sus alrededores - Hotel Italia","description":"Actividades de ocio en Siena y sus alrededores Mira las actividades, eventos, mercadillos y conoce los lugares m\u00e1s destacados de la provincia de Siena.","robots":{"index":"index","follow":"follow","max-snippet":"max-snippet:-1","max-image-preview":"max-image-preview:large","max-video-preview":"max-video-preview:-1"},"canonical":"https:\/\/www.hotelitalia-siena.it\/es\/tiempo-libre\/","og_locale":"es_ES","og_type":"article","og_title":"Actividades de ocio en Siena y sus alrededores - Hotel Italia","og_description":"Actividades de ocio en Siena y sus alrededores Mira las actividades, eventos, mercadillos y conoce los lugares m\u00e1s destacados de la provincia de Siena.","og_url":"https:\/\/www.hotelitalia-siena.it\/es\/tiempo-libre\/","og_site_name":"Hotel Italia Siena","article_publisher":"https:\/\/www.facebook.com\/hotelitaliasiena\/","article_modified_time":"2015-12-29T09:09:13+00:00","og_image":[{"width":2000,"height":705,"url":"https:\/\/www.hotelitalia-siena.it\/wp-content\/uploads\/2015\/01\/header-privacy-policy.jpg","type":"image\/jpeg"}],"twitter_misc":{"Tiempo de lectura":"4 minutos"},"schema":{"@context":"https:\/\/schema.org","@graph":[{"@type":"WebPage","@id":"https:\/\/www.hotelitalia-siena.it\/es\/tiempo-libre\/","url":"https:\/\/www.hotelitalia-siena.it\/es\/tiempo-libre\/","name":"Actividades de ocio en Siena y sus alrededores - Hotel Italia","isPartOf":{"@id":"https:\/\/www.hotelitalia-siena.it\/#website"},"datePublished":"2015-01-26T16:08:03+00:00","dateModified":"2015-12-29T09:09:13+00:00","description":"Actividades de ocio en Siena y sus alrededores Mira las actividades, eventos, mercadillos y conoce los lugares m\u00e1s destacados de la provincia de Siena.","breadcrumb":{"@id":"https:\/\/www.hotelitalia-siena.it\/es\/tiempo-libre\/#breadcrumb"},"inLanguage":"es","potentialAction":[{"@type":"ReadAction","target":["https:\/\/www.hotelitalia-siena.it\/es\/tiempo-libre\/"]}]},{"@type":"BreadcrumbList","@id":"https:\/\/www.hotelitalia-siena.it\/es\/tiempo-libre\/#breadcrumb","itemListElement":[{"@type":"ListItem","position":1,"name":"Hotel Italia","item":"https:\/\/www.hotelitalia-siena.it\/es\/"},{"@type":"ListItem","position":2,"name":"Tiempo libre"}]},{"@type":"WebSite","@id":"https:\/\/www.hotelitalia-siena.it\/#website","url":"https:\/\/www.hotelitalia-siena.it\/","name":"Hotel Italia Siena","description":"Otro sitio WordPress","publisher":{"@id":"https:\/\/www.hotelitalia-siena.it\/#organization"},"potentialAction":[{"@type":"SearchAction","target":{"@type":"EntryPoint","urlTemplate":"https:\/\/www.hotelitalia-siena.it\/?s={search_term_string}"},"query-input":"required name=search_term_string"}],"inLanguage":"es"},{"@type":"Organization","@id":"https:\/\/www.hotelitalia-siena.it\/#organization","name":"Hotel Italia SpA","url":"https:\/\/www.hotelitalia-siena.it\/","logo":{"@type":"ImageObject","inLanguage":"es","@id":"https:\/\/www.hotelitalia-siena.it\/#\/schema\/logo\/image\/","url":"https:\/\/www.hotelitalia-siena.it\/wp-content\/uploads\/2018\/04\/hotel-italia-siena-logo.png","contentUrl":"https:\/\/www.hotelitalia-siena.it\/wp-content\/uploads\/2018\/04\/hotel-italia-siena-logo.png","width":147,"height":102,"caption":"Hotel Italia SpA"},"image":{"@id":"https:\/\/www.hotelitalia-siena.it\/#\/schema\/logo\/image\/"},"sameAs":["https:\/\/www.facebook.com\/hotelitaliasiena\/"]}]}},"_links":{"self":[{"href":"https:\/\/www.hotelitalia-siena.it\/es\/wp-json\/wp\/v2\/pages\/938"}],"collection":[{"href":"https:\/\/www.hotelitalia-siena.it\/es\/wp-json\/wp\/v2\/pages"}],"about":[{"href":"https:\/\/www.hotelitalia-siena.it\/es\/wp-json\/wp\/v2\/types\/page"}],"author":[{"embeddable":true,"href":"https:\/\/www.hotelitalia-siena.it\/es\/wp-json\/wp\/v2\/users\/1"}],"replies":[{"embeddable":true,"href":"https:\/\/www.hotelitalia-siena.it\/es\/wp-json\/wp\/v2\/comments?post=938"}],"version-history":[{"count":0,"href":"https:\/\/www.hotelitalia-siena.it\/es\/wp-json\/wp\/v2\/pages\/938\/revisions"}],"wp:attachment":[{"href":"https:\/\/www.hotelitalia-siena.it\/es\/wp-json\/wp\/v2\/media?parent=938"}],"curies":[{"name":"wp","href":"https:\/\/api.w.org\/{rel}","templated":true}]}}