{"id":918,"date":"2015-01-26T15:50:47","date_gmt":"2015-01-26T15:50:47","guid":{"rendered":"http:\/\/newsite.gardenhotel.it\/servizi\/parcheggio-privato\/"},"modified":"2024-12-09T13:33:39","modified_gmt":"2024-12-09T13:33:39","slug":"aparcamiento-privado","status":"publish","type":"page","link":"https:\/\/www.hotelitalia-siena.it\/es\/servicios\/aparcamiento-privado\/","title":{"rendered":"Aparcamiento privado"},"content":{"rendered":"<p>[et_pb_section fb_built=&#8221;1&#8243; fullwidth=&#8221;on&#8221; module_class=&#8221;home_header_slide&#8221; _builder_version=&#8221;4.16&#8243; background_color=&#8221;#ffffff&#8221; transparent_background=&#8221;off&#8221; global_colors_info=&#8221;{}&#8221;][et_pb_fullwidth_slider show_arrows=&#8221;off&#8221; show_pagination=&#8221;off&#8221; _builder_version=&#8221;4.16&#8243; custom_padding=&#8221;|||&#8221; custom_padding_tablet=&#8221;|||&#8221; custom_padding_phone=&#8221;|||&#8221; box_shadow_style=&#8221;preset6&#8243; box_shadow_blur=&#8221;10px&#8221; box_shadow_color=&#8221;rgba(0,0,0,0.1)&#8221; show_inner_shadow=&#8221;on&#8221; global_colors_info=&#8221;{}&#8221; button_text_size__hover_enabled=&#8221;off&#8221; button_one_text_size__hover_enabled=&#8221;off&#8221; button_two_text_size__hover_enabled=&#8221;off&#8221; button_text_color__hover_enabled=&#8221;off&#8221; button_one_text_color__hover_enabled=&#8221;off&#8221; button_two_text_color__hover_enabled=&#8221;off&#8221; button_border_width__hover_enabled=&#8221;off&#8221; button_one_border_width__hover_enabled=&#8221;off&#8221; button_two_border_width__hover_enabled=&#8221;off&#8221; button_border_color__hover_enabled=&#8221;off&#8221; button_one_border_color__hover_enabled=&#8221;off&#8221; button_two_border_color__hover_enabled=&#8221;off&#8221; button_border_radius__hover_enabled=&#8221;off&#8221; button_one_border_radius__hover_enabled=&#8221;off&#8221; button_two_border_radius__hover_enabled=&#8221;off&#8221; button_letter_spacing__hover_enabled=&#8221;off&#8221; button_one_letter_spacing__hover_enabled=&#8221;off&#8221; button_two_letter_spacing__hover_enabled=&#8221;off&#8221; button_bg_color__hover_enabled=&#8221;off&#8221; button_one_bg_color__hover_enabled=&#8221;off&#8221; button_two_bg_color__hover_enabled=&#8221;off&#8221;][et_pb_slide _builder_version=&#8221;4.16&#8243; background_color=&#8221;#ffffff&#8221; background_image=&#8221;https:\/\/www.hotelitalia-siena.it\/wp-content\/uploads\/2015\/01\/A3A0173.jpg&#8221; global_colors_info=&#8221;{}&#8221; sticky_transition=&#8221;on&#8221; button_text_size__hover_enabled=&#8221;off&#8221; button_one_text_size__hover_enabled=&#8221;off&#8221; button_two_text_size__hover_enabled=&#8221;off&#8221; button_text_color__hover_enabled=&#8221;off&#8221; button_one_text_color__hover_enabled=&#8221;off&#8221; button_two_text_color__hover_enabled=&#8221;off&#8221; button_border_width__hover_enabled=&#8221;off&#8221; button_one_border_width__hover_enabled=&#8221;off&#8221; button_two_border_width__hover_enabled=&#8221;off&#8221; button_border_color__hover_enabled=&#8221;off&#8221; button_one_border_color__hover_enabled=&#8221;off&#8221; button_two_border_color__hover_enabled=&#8221;off&#8221; button_border_radius__hover_enabled=&#8221;off&#8221; button_one_border_radius__hover_enabled=&#8221;off&#8221; button_two_border_radius__hover_enabled=&#8221;off&#8221; button_letter_spacing__hover_enabled=&#8221;off&#8221; button_one_letter_spacing__hover_enabled=&#8221;off&#8221; button_two_letter_spacing__hover_enabled=&#8221;off&#8221; button_bg_color__hover_enabled=&#8221;off&#8221; button_one_bg_color__hover_enabled=&#8221;off&#8221; button_two_bg_color__hover_enabled=&#8221;off&#8221;][\/et_pb_slide][\/et_pb_fullwidth_slider][\/et_pb_section][et_pb_section fb_built=&#8221;1&#8243; module_id=&#8221;h-booking_container&#8221; _builder_version=&#8221;4.16&#8243; background_color=&#8221;#ffffff&#8221; transparent_background=&#8221;off&#8221; global_colors_info=&#8221;{}&#8221;][et_pb_row _builder_version=&#8221;4.16&#8243; background_size=&#8221;initial&#8221; background_position=&#8221;top_left&#8221; background_repeat=&#8221;repeat&#8221; global_colors_info=&#8221;{}&#8221;][et_pb_column type=&#8221;4_4&#8243; _builder_version=&#8221;4.16&#8243; custom_padding=&#8221;|||&#8221; global_colors_info=&#8221;{}&#8221; custom_padding__hover=&#8221;|||&#8221;][et_pb_sidebar area=&#8221;et_pb_widget_area_1&#8243; _builder_version=&#8221;4.16&#8243; global_colors_info=&#8221;{}&#8221;][\/et_pb_sidebar][\/et_pb_column][\/et_pb_row][\/et_pb_section][et_pb_section fb_built=&#8221;1&#8243; module_class=&#8221;room_block&#8221; _builder_version=&#8221;4.16&#8243; background_color=&#8221;#ffffff&#8221; transparent_background=&#8221;off&#8221; global_colors_info=&#8221;{}&#8221;][et_pb_row _builder_version=&#8221;4.16&#8243; background_size=&#8221;initial&#8221; background_position=&#8221;top_left&#8221; background_repeat=&#8221;repeat&#8221; global_colors_info=&#8221;{}&#8221;][et_pb_column type=&#8221;4_4&#8243; _builder_version=&#8221;4.16&#8243; custom_padding=&#8221;|||&#8221; global_colors_info=&#8221;{}&#8221; custom_padding__hover=&#8221;|||&#8221;][et_pb_text _builder_version=&#8221;4.23.4&#8243; background_size=&#8221;initial&#8221; background_position=&#8221;top_left&#8221; background_repeat=&#8221;repeat&#8221; hover_enabled=&#8221;0&#8243; global_colors_info=&#8221;{}&#8221; sticky_enabled=&#8221;0&#8243;]<\/p>\n<h1>Aparcamiento privado<\/h1>\n<p>Si busca un <strong>hotel en Siena con estacionamiento<\/strong>, <strong>Hotel Italia<\/strong> puede ser la soluci\u00f3n adecuada para usted. Tenemos un <strong>peque\u00f1o aparcamiento<\/strong> de diez plazas para el que se necesita una previa reserva.<br \/>\nEl <strong>coste diario es de 10,00 \u20ac por coche<\/strong>, desde las 14 h del d\u00eda de llegada a las 12 h del d\u00eda de salida.<br \/>\nSi estuviera completo o prefieres no utilizarlo, en las proximidades del hotel hay muchos <strong>aparcamientos p\u00fablicos gratuitos<\/strong>, la zona es residencial y es muy tranquila y segura. \u00a1Atenci\u00f3n a los carteles para la limpieza de las calles porqu\u00e9 los guardias no escatiman en multas!<\/p>\n<p><strong>Aparcamiento de autocares para grupos<\/strong><\/p>\n<p>Para circular en algunas zonas de Siena, es necesario tener un permiso de pago. Si nos env\u00edas matr\u00edcula 10 d\u00edas antes de la llegada, podemos sac\u00e1rtelo sin coste alguno.[\/et_pb_text][\/et_pb_column][\/et_pb_row][et_pb_row _builder_version=&#8221;4.16&#8243; background_size=&#8221;initial&#8221; background_position=&#8221;top_left&#8221; background_repeat=&#8221;repeat&#8221; global_colors_info=&#8221;{}&#8221;][et_pb_column type=&#8221;4_4&#8243; _builder_version=&#8221;4.16&#8243; custom_padding=&#8221;|||&#8221; global_colors_info=&#8221;{}&#8221; custom_padding__hover=&#8221;|||&#8221;][et_pb_text _builder_version=&#8221;4.16&#8243; background_size=&#8221;initial&#8221; background_position=&#8221;top_left&#8221; background_repeat=&#8221;repeat&#8221; global_colors_info=&#8221;{}&#8221;][\/et_pb_text][\/et_pb_column][\/et_pb_row][\/et_pb_section]<\/p>\n","protected":false},"excerpt":{"rendered":"<p>Aparcamiento privado Si busca un hotel en Siena con estacionamiento, Hotel Italia puede ser la soluci\u00f3n adecuada para usted. Tenemos un peque\u00f1o aparcamiento de diez plazas para el que se necesita una previa reserva. El coste diario es de 10,00 \u20ac por coche, desde las 14 h del d\u00eda de llegada a las 12 h [&hellip;]<\/p>\n","protected":false},"author":1,"featured_media":0,"parent":866,"menu_order":0,"comment_status":"closed","ping_status":"closed","template":"","meta":{"_acf_changed":false,"_et_pb_use_builder":"on","_et_pb_old_content":"","_et_gb_content_width":"","footnotes":""},"acf":[],"yoast_head":"<!-- This site is optimized with the Yoast SEO plugin v23.0 - https:\/\/yoast.com\/wordpress\/plugins\/seo\/ -->\n<title>Hotel en Siena con estacionamiento - Hotel Italia Siena<\/title>\n<meta name=\"description\" content=\"Hotel Italia es un hotel en Siena que tiene su propio aparcamiento privado. Gracias a la posici\u00f3n estrat\u00e9gica del hotel, cerca del centro pero fuera de las murallas, el estacionamiento es f\u00e1cilmente accesible para los hu\u00e9spedes sin pasar por la ZTL de Siena.\" \/>\n<meta name=\"robots\" content=\"index, follow, max-snippet:-1, max-image-preview:large, max-video-preview:-1\" \/>\n<link rel=\"canonical\" href=\"https:\/\/www.hotelitalia-siena.it\/es\/servicios\/aparcamiento-privado\/\" \/>\n<meta property=\"og:locale\" content=\"es_ES\" \/>\n<meta property=\"og:type\" content=\"article\" \/>\n<meta property=\"og:title\" content=\"Hotel en Siena con estacionamiento - Hotel Italia Siena\" \/>\n<meta property=\"og:description\" content=\"Hotel Italia es un hotel en Siena que tiene su propio aparcamiento privado. Gracias a la posici\u00f3n estrat\u00e9gica del hotel, cerca del centro pero fuera de las murallas, el estacionamiento es f\u00e1cilmente accesible para los hu\u00e9spedes sin pasar por la ZTL de Siena.\" \/>\n<meta property=\"og:url\" content=\"https:\/\/www.hotelitalia-siena.it\/es\/servicios\/aparcamiento-privado\/\" \/>\n<meta property=\"og:site_name\" content=\"Hotel Italia Siena\" \/>\n<meta property=\"article:publisher\" content=\"https:\/\/www.facebook.com\/hotelitaliasiena\/\" \/>\n<meta property=\"article:modified_time\" content=\"2024-12-09T13:33:39+00:00\" \/>\n<meta property=\"og:image\" content=\"https:\/\/www.hotelitalia-siena.it\/wp-content\/uploads\/2015\/01\/header-privacy-policy.jpg\" \/>\n\t<meta property=\"og:image:width\" content=\"2000\" \/>\n\t<meta property=\"og:image:height\" content=\"705\" \/>\n\t<meta property=\"og:image:type\" content=\"image\/jpeg\" \/>\n<meta name=\"twitter:label1\" content=\"Tiempo de lectura\" \/>\n\t<meta name=\"twitter:data1\" content=\"4 minutos\" \/>\n<script type=\"application\/ld+json\" class=\"yoast-schema-graph\">{\"@context\":\"https:\/\/schema.org\",\"@graph\":[{\"@type\":\"WebPage\",\"@id\":\"https:\/\/www.hotelitalia-siena.it\/es\/servicios\/aparcamiento-privado\/\",\"url\":\"https:\/\/www.hotelitalia-siena.it\/es\/servicios\/aparcamiento-privado\/\",\"name\":\"Hotel en Siena con estacionamiento - Hotel Italia Siena\",\"isPartOf\":{\"@id\":\"https:\/\/www.hotelitalia-siena.it\/#website\"},\"datePublished\":\"2015-01-26T15:50:47+00:00\",\"dateModified\":\"2024-12-09T13:33:39+00:00\",\"description\":\"Hotel Italia es un hotel en Siena que tiene su propio aparcamiento privado. Gracias a la posici\u00f3n estrat\u00e9gica del hotel, cerca del centro pero fuera de las murallas, el estacionamiento es f\u00e1cilmente accesible para los hu\u00e9spedes sin pasar por la ZTL de Siena.\",\"breadcrumb\":{\"@id\":\"https:\/\/www.hotelitalia-siena.it\/es\/servicios\/aparcamiento-privado\/#breadcrumb\"},\"inLanguage\":\"es\",\"potentialAction\":[{\"@type\":\"ReadAction\",\"target\":[\"https:\/\/www.hotelitalia-siena.it\/es\/servicios\/aparcamiento-privado\/\"]}]},{\"@type\":\"BreadcrumbList\",\"@id\":\"https:\/\/www.hotelitalia-siena.it\/es\/servicios\/aparcamiento-privado\/#breadcrumb\",\"itemListElement\":[{\"@type\":\"ListItem\",\"position\":1,\"name\":\"Hotel Italia\",\"item\":\"https:\/\/www.hotelitalia-siena.it\/es\/\"},{\"@type\":\"ListItem\",\"position\":2,\"name\":\"Servicios\",\"item\":\"https:\/\/www.hotelitalia-siena.it\/es\/servicios\/\"},{\"@type\":\"ListItem\",\"position\":3,\"name\":\"Aparcamiento privado\"}]},{\"@type\":\"WebSite\",\"@id\":\"https:\/\/www.hotelitalia-siena.it\/#website\",\"url\":\"https:\/\/www.hotelitalia-siena.it\/\",\"name\":\"Hotel Italia Siena\",\"description\":\"Otro sitio WordPress\",\"publisher\":{\"@id\":\"https:\/\/www.hotelitalia-siena.it\/#organization\"},\"potentialAction\":[{\"@type\":\"SearchAction\",\"target\":{\"@type\":\"EntryPoint\",\"urlTemplate\":\"https:\/\/www.hotelitalia-siena.it\/?s={search_term_string}\"},\"query-input\":\"required name=search_term_string\"}],\"inLanguage\":\"es\"},{\"@type\":\"Organization\",\"@id\":\"https:\/\/www.hotelitalia-siena.it\/#organization\",\"name\":\"Hotel Italia SpA\",\"url\":\"https:\/\/www.hotelitalia-siena.it\/\",\"logo\":{\"@type\":\"ImageObject\",\"inLanguage\":\"es\",\"@id\":\"https:\/\/www.hotelitalia-siena.it\/#\/schema\/logo\/image\/\",\"url\":\"https:\/\/www.hotelitalia-siena.it\/wp-content\/uploads\/2018\/04\/hotel-italia-siena-logo.png\",\"contentUrl\":\"https:\/\/www.hotelitalia-siena.it\/wp-content\/uploads\/2018\/04\/hotel-italia-siena-logo.png\",\"width\":147,\"height\":102,\"caption\":\"Hotel Italia SpA\"},\"image\":{\"@id\":\"https:\/\/www.hotelitalia-siena.it\/#\/schema\/logo\/image\/\"},\"sameAs\":[\"https:\/\/www.facebook.com\/hotelitaliasiena\/\"]}]}<\/script>\n<!-- \/ Yoast SEO plugin. -->","yoast_head_json":{"title":"Hotel en Siena con estacionamiento - Hotel Italia Siena","description":"Hotel Italia es un hotel en Siena que tiene su propio aparcamiento privado. Gracias a la posici\u00f3n estrat\u00e9gica del hotel, cerca del centro pero fuera de las murallas, el estacionamiento es f\u00e1cilmente accesible para los hu\u00e9spedes sin pasar por la ZTL de Siena.","robots":{"index":"index","follow":"follow","max-snippet":"max-snippet:-1","max-image-preview":"max-image-preview:large","max-video-preview":"max-video-preview:-1"},"canonical":"https:\/\/www.hotelitalia-siena.it\/es\/servicios\/aparcamiento-privado\/","og_locale":"es_ES","og_type":"article","og_title":"Hotel en Siena con estacionamiento - Hotel Italia Siena","og_description":"Hotel Italia es un hotel en Siena que tiene su propio aparcamiento privado. Gracias a la posici\u00f3n estrat\u00e9gica del hotel, cerca del centro pero fuera de las murallas, el estacionamiento es f\u00e1cilmente accesible para los hu\u00e9spedes sin pasar por la ZTL de Siena.","og_url":"https:\/\/www.hotelitalia-siena.it\/es\/servicios\/aparcamiento-privado\/","og_site_name":"Hotel Italia Siena","article_publisher":"https:\/\/www.facebook.com\/hotelitaliasiena\/","article_modified_time":"2024-12-09T13:33:39+00:00","og_image":[{"width":2000,"height":705,"url":"https:\/\/www.hotelitalia-siena.it\/wp-content\/uploads\/2015\/01\/header-privacy-policy.jpg","type":"image\/jpeg"}],"twitter_misc":{"Tiempo de lectura":"4 minutos"},"schema":{"@context":"https:\/\/schema.org","@graph":[{"@type":"WebPage","@id":"https:\/\/www.hotelitalia-siena.it\/es\/servicios\/aparcamiento-privado\/","url":"https:\/\/www.hotelitalia-siena.it\/es\/servicios\/aparcamiento-privado\/","name":"Hotel en Siena con estacionamiento - Hotel Italia Siena","isPartOf":{"@id":"https:\/\/www.hotelitalia-siena.it\/#website"},"datePublished":"2015-01-26T15:50:47+00:00","dateModified":"2024-12-09T13:33:39+00:00","description":"Hotel Italia es un hotel en Siena que tiene su propio aparcamiento privado. Gracias a la posici\u00f3n estrat\u00e9gica del hotel, cerca del centro pero fuera de las murallas, el estacionamiento es f\u00e1cilmente accesible para los hu\u00e9spedes sin pasar por la ZTL de Siena.","breadcrumb":{"@id":"https:\/\/www.hotelitalia-siena.it\/es\/servicios\/aparcamiento-privado\/#breadcrumb"},"inLanguage":"es","potentialAction":[{"@type":"ReadAction","target":["https:\/\/www.hotelitalia-siena.it\/es\/servicios\/aparcamiento-privado\/"]}]},{"@type":"BreadcrumbList","@id":"https:\/\/www.hotelitalia-siena.it\/es\/servicios\/aparcamiento-privado\/#breadcrumb","itemListElement":[{"@type":"ListItem","position":1,"name":"Hotel Italia","item":"https:\/\/www.hotelitalia-siena.it\/es\/"},{"@type":"ListItem","position":2,"name":"Servicios","item":"https:\/\/www.hotelitalia-siena.it\/es\/servicios\/"},{"@type":"ListItem","position":3,"name":"Aparcamiento privado"}]},{"@type":"WebSite","@id":"https:\/\/www.hotelitalia-siena.it\/#website","url":"https:\/\/www.hotelitalia-siena.it\/","name":"Hotel Italia Siena","description":"Otro sitio WordPress","publisher":{"@id":"https:\/\/www.hotelitalia-siena.it\/#organization"},"potentialAction":[{"@type":"SearchAction","target":{"@type":"EntryPoint","urlTemplate":"https:\/\/www.hotelitalia-siena.it\/?s={search_term_string}"},"query-input":"required name=search_term_string"}],"inLanguage":"es"},{"@type":"Organization","@id":"https:\/\/www.hotelitalia-siena.it\/#organization","name":"Hotel Italia SpA","url":"https:\/\/www.hotelitalia-siena.it\/","logo":{"@type":"ImageObject","inLanguage":"es","@id":"https:\/\/www.hotelitalia-siena.it\/#\/schema\/logo\/image\/","url":"https:\/\/www.hotelitalia-siena.it\/wp-content\/uploads\/2018\/04\/hotel-italia-siena-logo.png","contentUrl":"https:\/\/www.hotelitalia-siena.it\/wp-content\/uploads\/2018\/04\/hotel-italia-siena-logo.png","width":147,"height":102,"caption":"Hotel Italia SpA"},"image":{"@id":"https:\/\/www.hotelitalia-siena.it\/#\/schema\/logo\/image\/"},"sameAs":["https:\/\/www.facebook.com\/hotelitaliasiena\/"]}]}},"_links":{"self":[{"href":"https:\/\/www.hotelitalia-siena.it\/es\/wp-json\/wp\/v2\/pages\/918"}],"collection":[{"href":"https:\/\/www.hotelitalia-siena.it\/es\/wp-json\/wp\/v2\/pages"}],"about":[{"href":"https:\/\/www.hotelitalia-siena.it\/es\/wp-json\/wp\/v2\/types\/page"}],"author":[{"embeddable":true,"href":"https:\/\/www.hotelitalia-siena.it\/es\/wp-json\/wp\/v2\/users\/1"}],"replies":[{"embeddable":true,"href":"https:\/\/www.hotelitalia-siena.it\/es\/wp-json\/wp\/v2\/comments?post=918"}],"version-history":[{"count":4,"href":"https:\/\/www.hotelitalia-siena.it\/es\/wp-json\/wp\/v2\/pages\/918\/revisions"}],"predecessor-version":[{"id":12402,"href":"https:\/\/www.hotelitalia-siena.it\/es\/wp-json\/wp\/v2\/pages\/918\/revisions\/12402"}],"up":[{"embeddable":true,"href":"https:\/\/www.hotelitalia-siena.it\/es\/wp-json\/wp\/v2\/pages\/866"}],"wp:attachment":[{"href":"https:\/\/www.hotelitalia-siena.it\/es\/wp-json\/wp\/v2\/media?parent=918"}],"curies":[{"name":"wp","href":"https:\/\/api.w.org\/{rel}","templated":true}]}}