{"id":8471,"date":"2015-11-19T13:44:04","date_gmt":"2015-11-19T13:44:04","guid":{"rendered":"http:\/\/www.hotelitalia-siena.it\/mappa-del-sito-2\/"},"modified":"2018-06-13T16:49:20","modified_gmt":"2018-06-13T16:49:20","slug":"mapa-del-sito","status":"publish","type":"page","link":"https:\/\/www.hotelitalia-siena.it\/es\/mapa-del-sito\/","title":{"rendered":"Mapa del sito"},"content":{"rendered":"<p>[et_pb_section admin_label=&#8221;section&#8221; fullwidth=&#8221;on&#8221; specialty=&#8221;off&#8221; transparent_background=&#8221;off&#8221; background_color=&#8221;#ffffff&#8221; inner_shadow=&#8221;off&#8221; parallax=&#8221;off&#8221; parallax_method=&#8221;off&#8221; module_class=&#8221;home_header_slide&#8221;][et_pb_fullwidth_slider admin_label=&#8221;Fullwidth Slider&#8221; show_arrows=&#8221;off&#8221; show_pagination=&#8221;off&#8221; auto=&#8221;off&#8221; parallax=&#8221;off&#8221; parallax_method=&#8221;off&#8221;]<\/p>\n<p>[et_pb_slide background_image=&#8221;https:\/\/www.hotelitalia-siena.it\/wp-content\/uploads\/2015\/01\/header-privacy-policy.jpg&#8221; background_color=&#8221;#ffffff&#8221; alignment=&#8221;center&#8221; background_layout=&#8221;dark&#8221; \/]<\/p>\n<p>[\/et_pb_fullwidth_slider][\/et_pb_section][et_pb_section admin_label=&#8221;section&#8221; fullwidth=&#8221;off&#8221; specialty=&#8221;off&#8221; transparent_background=&#8221;off&#8221; background_color=&#8221;#ffffff&#8221; inner_shadow=&#8221;off&#8221; parallax=&#8221;off&#8221; parallax_method=&#8221;off&#8221; module_id=&#8221;h-booking_container&#8221;][et_pb_row admin_label=&#8221;row&#8221;][et_pb_column type=&#8221;4_4&#8243;][et_pb_sidebar admin_label=&#8221;Sidebar&#8221; orientation=&#8221;left&#8221; area=&#8221;et_pb_widget_area_1&#8243; background_layout=&#8221;light&#8221;]<\/p>\n<p>[\/et_pb_sidebar][\/et_pb_column][\/et_pb_row][\/et_pb_section][et_pb_section admin_label=&#8221;section&#8221; fullwidth=&#8221;off&#8221; specialty=&#8221;off&#8221; transparent_background=&#8221;off&#8221; background_color=&#8221;#ffffff&#8221; inner_shadow=&#8221;off&#8221; parallax=&#8221;off&#8221; parallax_method=&#8221;off&#8221; module_class=&#8221;room_block&#8221;][et_pb_row admin_label=&#8221;row&#8221;][et_pb_column type=&#8221;4_4&#8243;][et_pb_text admin_label=&#8221;Text&#8221; background_layout=&#8221;light&#8221; text_orientation=&#8221;left&#8221; use_border_color=&#8221;off&#8221; border_color=&#8221;#ffffff&#8221; border_style=&#8221;solid&#8221;]<\/p>\n<h2>P\u00e1ginas<\/h2><ul id=\"htmlmap_pages\"><li ><a href=\"https:\/\/www.hotelitalia-siena.it\/es\/como-llegar\/\" title=\"C\u00f3mo llegar\"><strong>C\u00f3mo llegar<\/strong><\/a><\/li><li ><a href=\"https:\/\/www.hotelitalia-siena.it\/es\/contactos\/\" title=\"Contactos\"><strong>Contactos<\/strong><\/a><\/li><li ><a href=\"https:\/\/www.hotelitalia-siena.it\/es\/cookie-policy\/\" title=\"Cookie Policy\"><strong>Cookie Policy<\/strong><\/a><\/li><li ><a href=\"https:\/\/www.hotelitalia-siena.it\/es\/cookies-policy\/\" title=\"Cookies policy\"><strong>Cookies policy<\/strong><\/a><\/li><li ><a href=\"https:\/\/www.hotelitalia-siena.it\/es\/donde-estamos\/\" title=\"D\u00f3nde estamos\"><strong>D\u00f3nde estamos<\/strong><\/a><\/li><li ><a href=\"https:\/\/www.hotelitalia-siena.it\/es\/galeria-de-fotos\/\" title=\"Galer\u00eda de fotos\"><strong>Galer\u00eda de fotos<\/strong><\/a><\/li><li ><a href=\"https:\/\/www.hotelitalia-siena.it\/es\/habitaciones\/\" title=\"Habitaciones\"><strong>Habitaciones<\/strong><\/a><\/li><li style='margin-left:20px;'><a href=\"https:\/\/www.hotelitalia-siena.it\/es\/habitaciones\/executive\/\" title=\"Executive\">Executive<\/a><\/li><li style='margin-left:20px;'><a href=\"https:\/\/www.hotelitalia-siena.it\/es\/habitaciones\/junior-suite\/\" title=\"Junior Suite\">Junior Suite<\/a><\/li><li style='margin-left:20px;'><a href=\"https:\/\/www.hotelitalia-siena.it\/es\/habitaciones\/love-room\/\" title=\"Love Room\">Love Room<\/a><\/li><li style='margin-left:20px;'><a href=\"https:\/\/www.hotelitalia-siena.it\/es\/habitaciones\/standard\/\" title=\"Standard\">Standard<\/a><\/li><li style='margin-left:20px;'><a href=\"https:\/\/www.hotelitalia-siena.it\/es\/habitaciones\/superior\/\" title=\"Superior\">Superior<\/a><\/li><li ><a href=\"https:\/\/www.hotelitalia-siena.it\/es\/\" title=\"Homepage\"><strong>Homepage<\/strong><\/a><\/li><li ><a href=\"https:\/\/www.hotelitalia-siena.it\/es\/hotel\/\" title=\"Hotel\"><strong>Hotel<\/strong><\/a><\/li><li style='margin-left:20px;'><a href=\"https:\/\/www.hotelitalia-siena.it\/es\/hotel\/por-que-nosotros\/\" title=\"\u00bfPor qu\u00e9 nosotros?\">\u00bfPor qu\u00e9 nosotros?<\/a><\/li><li style='margin-left:20px;'><a href=\"https:\/\/www.hotelitalia-siena.it\/es\/hotel\/personal\/\" title=\"Personal\">Personal<\/a><\/li><li ><a href=\"https:\/\/www.hotelitalia-siena.it\/es\/mapa-del-sito\/\" title=\"Mapa del sito\"><strong>Mapa del sito<\/strong><\/a><\/li><li ><a href=\"https:\/\/www.hotelitalia-siena.it\/es\/newsletter\/\" title=\"Newsletter\"><strong>Newsletter<\/strong><\/a><\/li><li ><a href=\"https:\/\/www.hotelitalia-siena.it\/es\/politica-privacidad\/\" title=\"Pol\u00edtica de privacidad\"><strong>Pol\u00edtica de privacidad<\/strong><\/a><\/li><li ><a href=\"https:\/\/www.hotelitalia-siena.it\/es\/precios\/\" title=\"Precios\"><strong>Precios<\/strong><\/a><\/li><li ><a href=\"https:\/\/www.hotelitalia-siena.it\/es\/servicios\/\" title=\"Servicios\"><strong>Servicios<\/strong><\/a><\/li><li style='margin-left:20px;'><a href=\"https:\/\/www.hotelitalia-siena.it\/es\/servicios\/aparcamiento-privado\/\" title=\"Aparcamiento privado\">Aparcamiento privado<\/a><\/li><li style='margin-left:20px;'><a href=\"https:\/\/www.hotelitalia-siena.it\/es\/servicios\/coffee-corner-y-manzanas-bienvenida\/\" title=\"Coffee corner y manzanas de bienvenida\">Coffee corner y manzanas de bienvenida<\/a><\/li><li style='margin-left:20px;'><a href=\"https:\/\/www.hotelitalia-siena.it\/es\/servicios\/comidas\/\" title=\"Comidas\">Comidas<\/a><\/li><li style='margin-left:20px;'><a href=\"https:\/\/www.hotelitalia-siena.it\/es\/servicios\/conserje\/\" title=\"Conserje\">Conserje<\/a><\/li><li style='margin-left:20px;'><a href=\"https:\/\/www.hotelitalia-siena.it\/es\/servicios\/deportistas\/\" title=\"Deportistas\">Deportistas<\/a><\/li><li style='margin-left:20px;'><a href=\"https:\/\/www.hotelitalia-siena.it\/es\/servicios\/desayuno\/\" title=\"Desayuno\">Desayuno<\/a><\/li><li style='margin-left:20px;'><a href=\"https:\/\/www.hotelitalia-siena.it\/es\/servicios\/equipaje\/\" title=\"Equipaje\">Equipaje<\/a><\/li><li style='margin-left:20px;'><a href=\"https:\/\/www.hotelitalia-siena.it\/es\/servicios\/internet-point-y-wifi\/\" title=\"Internet Point y WiFi\">Internet Point y WiFi<\/a><\/li><li style='margin-left:20px;'><a href=\"https:\/\/www.hotelitalia-siena.it\/es\/servicios\/productos-veganos-y-sin-gluten\/\" title=\"Productos veganos y sin gluten\">Productos veganos y sin gluten<\/a><\/li><li style='margin-left:20px;'><a href=\"https:\/\/www.hotelitalia-siena.it\/es\/servicios\/rincon-de-lectura\/\" title=\"Rinc\u00f3n de lectura\">Rinc\u00f3n de lectura<\/a><\/li><li style='margin-left:20px;'><a href=\"https:\/\/www.hotelitalia-siena.it\/es\/servicios\/se-admiten-animales\/\" title=\"Se admiten animales \">Se admiten animales <\/a><\/li><li style='margin-left:20px;'><a href=\"https:\/\/www.hotelitalia-siena.it\/es\/servicios\/sky-vision\/\" title=\"SKY Vision\">SKY Vision<\/a><\/li><li ><a href=\"https:\/\/www.hotelitalia-siena.it\/es\/tiempo-libre\/\" title=\"Tiempo libre\"><strong>Tiempo libre<\/strong><\/a><\/li><\/ul><div id=\"htmlmap_posts\">\n<\/div>\n<h2><a href=\"https:\/\/www.hotelitalia-siena.it\/es\/testimonios\/\">Testimonios<\/a><\/h2>\n<p>[\/et_pb_text][\/et_pb_column][\/et_pb_row][et_pb_row admin_label=&#8221;row&#8221;][et_pb_column type=&#8221;4_4&#8243;][et_pb_text admin_label=&#8221;Text&#8221; background_layout=&#8221;light&#8221; text_orientation=&#8221;left&#8221;]<\/p>\n<p>[\/et_pb_text][\/et_pb_column][\/et_pb_row][\/et_pb_section]<\/p>\n","protected":false},"excerpt":{"rendered":"<p><h2>P\u00e1ginas<\/h2><ul id=\"htmlmap_pages\"><li ><a href=\"https:\/\/www.hotelitalia-siena.it\/es\/como-llegar\/\" title=\"C\u00f3mo llegar\"><strong>C\u00f3mo llegar<\/strong><\/a><\/li><li ><a href=\"https:\/\/www.hotelitalia-siena.it\/es\/contactos\/\" title=\"Contactos\"><strong>Contactos<\/strong><\/a><\/li><li ><a href=\"https:\/\/www.hotelitalia-siena.it\/es\/cookie-policy\/\" title=\"Cookie Policy\"><strong>Cookie Policy<\/strong><\/a><\/li><li ><a href=\"https:\/\/www.hotelitalia-siena.it\/es\/cookies-policy\/\" title=\"Cookies policy\"><strong>Cookies policy<\/strong><\/a><\/li><li ><a href=\"https:\/\/www.hotelitalia-siena.it\/es\/donde-estamos\/\" title=\"D\u00f3nde estamos\"><strong>D\u00f3nde estamos<\/strong><\/a><\/li><li ><a href=\"https:\/\/www.hotelitalia-siena.it\/es\/galeria-de-fotos\/\" title=\"Galer\u00eda de fotos\"><strong>Galer\u00eda de fotos<\/strong><\/a><\/li><li ><a href=\"https:\/\/www.hotelitalia-siena.it\/es\/habitaciones\/\" title=\"Habitaciones\"><strong>Habitaciones<\/strong><\/a><\/li><li style='margin-left:20px;'><a href=\"https:\/\/www.hotelitalia-siena.it\/es\/habitaciones\/executive\/\" title=\"Executive\">Executive<\/a><\/li><li style='margin-left:20px;'><a href=\"https:\/\/www.hotelitalia-siena.it\/es\/habitaciones\/junior-suite\/\" title=\"Junior Suite\">Junior Suite<\/a><\/li><li style='margin-left:20px;'><a href=\"https:\/\/www.hotelitalia-siena.it\/es\/habitaciones\/love-room\/\" title=\"Love Room\">Love Room<\/a><\/li><li style='margin-left:20px;'><a href=\"https:\/\/www.hotelitalia-siena.it\/es\/habitaciones\/standard\/\" title=\"Standard\">Standard<\/a><\/li><li style='margin-left:20px;'><a href=\"https:\/\/www.hotelitalia-siena.it\/es\/habitaciones\/superior\/\" title=\"Superior\">Superior<\/a><\/li><li ><a href=\"https:\/\/www.hotelitalia-siena.it\/es\/\" title=\"Homepage\"><strong>Homepage<\/strong><\/a><\/li><li ><a href=\"https:\/\/www.hotelitalia-siena.it\/es\/hotel\/\" title=\"Hotel\"><strong>Hotel<\/strong><\/a><\/li><li style='margin-left:20px;'><a href=\"https:\/\/www.hotelitalia-siena.it\/es\/hotel\/por-que-nosotros\/\" title=\"\u00bfPor qu\u00e9 nosotros?\">\u00bfPor qu\u00e9 nosotros?<\/a><\/li><li style='margin-left:20px;'><a href=\"https:\/\/www.hotelitalia-siena.it\/es\/hotel\/personal\/\" title=\"Personal\">Personal<\/a><\/li><li ><a href=\"https:\/\/www.hotelitalia-siena.it\/es\/mapa-del-sito\/\" title=\"Mapa del sito\"><strong>Mapa del sito<\/strong><\/a><\/li><li ><a href=\"https:\/\/www.hotelitalia-siena.it\/es\/newsletter\/\" title=\"Newsletter\"><strong>Newsletter<\/strong><\/a><\/li><li ><a href=\"https:\/\/www.hotelitalia-siena.it\/es\/politica-privacidad\/\" title=\"Pol\u00edtica de privacidad\"><strong>Pol\u00edtica de privacidad<\/strong><\/a><\/li><li ><a href=\"https:\/\/www.hotelitalia-siena.it\/es\/precios\/\" title=\"Precios\"><strong>Precios<\/strong><\/a><\/li><li ><a href=\"https:\/\/www.hotelitalia-siena.it\/es\/servicios\/\" title=\"Servicios\"><strong>Servicios<\/strong><\/a><\/li><li style='margin-left:20px;'><a href=\"https:\/\/www.hotelitalia-siena.it\/es\/servicios\/aparcamiento-privado\/\" title=\"Aparcamiento privado\">Aparcamiento privado<\/a><\/li><li style='margin-left:20px;'><a href=\"https:\/\/www.hotelitalia-siena.it\/es\/servicios\/coffee-corner-y-manzanas-bienvenida\/\" title=\"Coffee corner y manzanas de bienvenida\">Coffee corner y manzanas de bienvenida<\/a><\/li><li style='margin-left:20px;'><a href=\"https:\/\/www.hotelitalia-siena.it\/es\/servicios\/comidas\/\" title=\"Comidas\">Comidas<\/a><\/li><li style='margin-left:20px;'><a href=\"https:\/\/www.hotelitalia-siena.it\/es\/servicios\/conserje\/\" title=\"Conserje\">Conserje<\/a><\/li><li style='margin-left:20px;'><a href=\"https:\/\/www.hotelitalia-siena.it\/es\/servicios\/deportistas\/\" title=\"Deportistas\">Deportistas<\/a><\/li><li style='margin-left:20px;'><a href=\"https:\/\/www.hotelitalia-siena.it\/es\/servicios\/desayuno\/\" title=\"Desayuno\">Desayuno<\/a><\/li><li style='margin-left:20px;'><a href=\"https:\/\/www.hotelitalia-siena.it\/es\/servicios\/equipaje\/\" title=\"Equipaje\">Equipaje<\/a><\/li><li style='margin-left:20px;'><a href=\"https:\/\/www.hotelitalia-siena.it\/es\/servicios\/internet-point-y-wifi\/\" title=\"Internet Point y WiFi\">Internet Point y WiFi<\/a><\/li><li style='margin-left:20px;'><a href=\"https:\/\/www.hotelitalia-siena.it\/es\/servicios\/productos-veganos-y-sin-gluten\/\" title=\"Productos veganos y sin gluten\">Productos veganos y sin gluten<\/a><\/li><li style='margin-left:20px;'><a href=\"https:\/\/www.hotelitalia-siena.it\/es\/servicios\/rincon-de-lectura\/\" title=\"Rinc\u00f3n de lectura\">Rinc\u00f3n de lectura<\/a><\/li><li style='margin-left:20px;'><a href=\"https:\/\/www.hotelitalia-siena.it\/es\/servicios\/se-admiten-animales\/\" title=\"Se admiten animales \">Se admiten animales <\/a><\/li><li style='margin-left:20px;'><a href=\"https:\/\/www.hotelitalia-siena.it\/es\/servicios\/sky-vision\/\" title=\"SKY Vision\">SKY Vision<\/a><\/li><li ><a href=\"https:\/\/www.hotelitalia-siena.it\/es\/tiempo-libre\/\" title=\"Tiempo libre\"><strong>Tiempo libre<\/strong><\/a><\/li><\/ul><div id=\"htmlmap_posts\">\n<\/div> Testimonios<\/p>\n","protected":false},"author":1,"featured_media":0,"parent":0,"menu_order":0,"comment_status":"closed","ping_status":"closed","template":"","meta":{"_acf_changed":false,"_et_pb_use_builder":"on","_et_pb_old_content":"","_et_gb_content_width":"","footnotes":""},"acf":[],"yoast_head":"<!-- This site is optimized with the Yoast SEO plugin v23.0 - https:\/\/yoast.com\/wordpress\/plugins\/seo\/ -->\n<title>Mapa del sitio - Hotel Italia<\/title>\n<meta name=\"description\" content=\"Consulte el mapa del sitio web de Hotel Italia en Siena para acceder r\u00e1pida y f\u00e1cilmente a los contenidos de su inter\u00e9s.\" \/>\n<meta name=\"robots\" content=\"index, follow, max-snippet:-1, max-image-preview:large, max-video-preview:-1\" \/>\n<link rel=\"canonical\" href=\"https:\/\/www.hotelitalia-siena.it\/es\/mapa-del-sito\/\" \/>\n<meta property=\"og:locale\" content=\"es_ES\" \/>\n<meta property=\"og:type\" content=\"article\" \/>\n<meta property=\"og:title\" content=\"Mapa del sitio - Hotel Italia\" \/>\n<meta property=\"og:description\" content=\"Consulte el mapa del sitio web de Hotel Italia en Siena para acceder r\u00e1pida y f\u00e1cilmente a los contenidos de su inter\u00e9s.\" \/>\n<meta property=\"og:url\" content=\"https:\/\/www.hotelitalia-siena.it\/es\/mapa-del-sito\/\" \/>\n<meta property=\"og:site_name\" content=\"Hotel Italia Siena\" \/>\n<meta property=\"article:publisher\" content=\"https:\/\/www.facebook.com\/hotelitaliasiena\/\" \/>\n<meta property=\"article:modified_time\" content=\"2018-06-13T16:49:20+00:00\" \/>\n<meta property=\"og:image\" content=\"https:\/\/www.hotelitalia-siena.it\/wp-content\/uploads\/2015\/01\/header-privacy-policy.jpg\" \/>\n\t<meta property=\"og:image:width\" content=\"2000\" \/>\n\t<meta property=\"og:image:height\" content=\"705\" \/>\n\t<meta property=\"og:image:type\" content=\"image\/jpeg\" \/>\n<meta name=\"twitter:label1\" content=\"Tiempo de lectura\" \/>\n\t<meta name=\"twitter:data1\" content=\"1 minuto\" \/>\n<script type=\"application\/ld+json\" class=\"yoast-schema-graph\">{\"@context\":\"https:\/\/schema.org\",\"@graph\":[{\"@type\":\"WebPage\",\"@id\":\"https:\/\/www.hotelitalia-siena.it\/es\/mapa-del-sito\/\",\"url\":\"https:\/\/www.hotelitalia-siena.it\/es\/mapa-del-sito\/\",\"name\":\"Mapa del sitio - Hotel Italia\",\"isPartOf\":{\"@id\":\"https:\/\/www.hotelitalia-siena.it\/#website\"},\"datePublished\":\"2015-11-19T13:44:04+00:00\",\"dateModified\":\"2018-06-13T16:49:20+00:00\",\"description\":\"Consulte el mapa del sitio web de Hotel Italia en Siena para acceder r\u00e1pida y f\u00e1cilmente a los contenidos de su inter\u00e9s.\",\"breadcrumb\":{\"@id\":\"https:\/\/www.hotelitalia-siena.it\/es\/mapa-del-sito\/#breadcrumb\"},\"inLanguage\":\"es\",\"potentialAction\":[{\"@type\":\"ReadAction\",\"target\":[\"https:\/\/www.hotelitalia-siena.it\/es\/mapa-del-sito\/\"]}]},{\"@type\":\"BreadcrumbList\",\"@id\":\"https:\/\/www.hotelitalia-siena.it\/es\/mapa-del-sito\/#breadcrumb\",\"itemListElement\":[{\"@type\":\"ListItem\",\"position\":1,\"name\":\"Hotel Italia\",\"item\":\"https:\/\/www.hotelitalia-siena.it\/es\/\"},{\"@type\":\"ListItem\",\"position\":2,\"name\":\"Mapa del sito\"}]},{\"@type\":\"WebSite\",\"@id\":\"https:\/\/www.hotelitalia-siena.it\/#website\",\"url\":\"https:\/\/www.hotelitalia-siena.it\/\",\"name\":\"Hotel Italia Siena\",\"description\":\"Otro sitio WordPress\",\"publisher\":{\"@id\":\"https:\/\/www.hotelitalia-siena.it\/#organization\"},\"potentialAction\":[{\"@type\":\"SearchAction\",\"target\":{\"@type\":\"EntryPoint\",\"urlTemplate\":\"https:\/\/www.hotelitalia-siena.it\/?s={search_term_string}\"},\"query-input\":\"required name=search_term_string\"}],\"inLanguage\":\"es\"},{\"@type\":\"Organization\",\"@id\":\"https:\/\/www.hotelitalia-siena.it\/#organization\",\"name\":\"Hotel Italia SpA\",\"url\":\"https:\/\/www.hotelitalia-siena.it\/\",\"logo\":{\"@type\":\"ImageObject\",\"inLanguage\":\"es\",\"@id\":\"https:\/\/www.hotelitalia-siena.it\/#\/schema\/logo\/image\/\",\"url\":\"https:\/\/www.hotelitalia-siena.it\/wp-content\/uploads\/2018\/04\/hotel-italia-siena-logo.png\",\"contentUrl\":\"https:\/\/www.hotelitalia-siena.it\/wp-content\/uploads\/2018\/04\/hotel-italia-siena-logo.png\",\"width\":147,\"height\":102,\"caption\":\"Hotel Italia SpA\"},\"image\":{\"@id\":\"https:\/\/www.hotelitalia-siena.it\/#\/schema\/logo\/image\/\"},\"sameAs\":[\"https:\/\/www.facebook.com\/hotelitaliasiena\/\"]}]}<\/script>\n<!-- \/ Yoast SEO plugin. -->","yoast_head_json":{"title":"Mapa del sitio - Hotel Italia","description":"Consulte el mapa del sitio web de Hotel Italia en Siena para acceder r\u00e1pida y f\u00e1cilmente a los contenidos de su inter\u00e9s.","robots":{"index":"index","follow":"follow","max-snippet":"max-snippet:-1","max-image-preview":"max-image-preview:large","max-video-preview":"max-video-preview:-1"},"canonical":"https:\/\/www.hotelitalia-siena.it\/es\/mapa-del-sito\/","og_locale":"es_ES","og_type":"article","og_title":"Mapa del sitio - Hotel Italia","og_description":"Consulte el mapa del sitio web de Hotel Italia en Siena para acceder r\u00e1pida y f\u00e1cilmente a los contenidos de su inter\u00e9s.","og_url":"https:\/\/www.hotelitalia-siena.it\/es\/mapa-del-sito\/","og_site_name":"Hotel Italia Siena","article_publisher":"https:\/\/www.facebook.com\/hotelitaliasiena\/","article_modified_time":"2018-06-13T16:49:20+00:00","og_image":[{"width":2000,"height":705,"url":"https:\/\/www.hotelitalia-siena.it\/wp-content\/uploads\/2015\/01\/header-privacy-policy.jpg","type":"image\/jpeg"}],"twitter_misc":{"Tiempo de lectura":"1 minuto"},"schema":{"@context":"https:\/\/schema.org","@graph":[{"@type":"WebPage","@id":"https:\/\/www.hotelitalia-siena.it\/es\/mapa-del-sito\/","url":"https:\/\/www.hotelitalia-siena.it\/es\/mapa-del-sito\/","name":"Mapa del sitio - Hotel Italia","isPartOf":{"@id":"https:\/\/www.hotelitalia-siena.it\/#website"},"datePublished":"2015-11-19T13:44:04+00:00","dateModified":"2018-06-13T16:49:20+00:00","description":"Consulte el mapa del sitio web de Hotel Italia en Siena para acceder r\u00e1pida y f\u00e1cilmente a los contenidos de su inter\u00e9s.","breadcrumb":{"@id":"https:\/\/www.hotelitalia-siena.it\/es\/mapa-del-sito\/#breadcrumb"},"inLanguage":"es","potentialAction":[{"@type":"ReadAction","target":["https:\/\/www.hotelitalia-siena.it\/es\/mapa-del-sito\/"]}]},{"@type":"BreadcrumbList","@id":"https:\/\/www.hotelitalia-siena.it\/es\/mapa-del-sito\/#breadcrumb","itemListElement":[{"@type":"ListItem","position":1,"name":"Hotel Italia","item":"https:\/\/www.hotelitalia-siena.it\/es\/"},{"@type":"ListItem","position":2,"name":"Mapa del sito"}]},{"@type":"WebSite","@id":"https:\/\/www.hotelitalia-siena.it\/#website","url":"https:\/\/www.hotelitalia-siena.it\/","name":"Hotel Italia Siena","description":"Otro sitio WordPress","publisher":{"@id":"https:\/\/www.hotelitalia-siena.it\/#organization"},"potentialAction":[{"@type":"SearchAction","target":{"@type":"EntryPoint","urlTemplate":"https:\/\/www.hotelitalia-siena.it\/?s={search_term_string}"},"query-input":"required name=search_term_string"}],"inLanguage":"es"},{"@type":"Organization","@id":"https:\/\/www.hotelitalia-siena.it\/#organization","name":"Hotel Italia SpA","url":"https:\/\/www.hotelitalia-siena.it\/","logo":{"@type":"ImageObject","inLanguage":"es","@id":"https:\/\/www.hotelitalia-siena.it\/#\/schema\/logo\/image\/","url":"https:\/\/www.hotelitalia-siena.it\/wp-content\/uploads\/2018\/04\/hotel-italia-siena-logo.png","contentUrl":"https:\/\/www.hotelitalia-siena.it\/wp-content\/uploads\/2018\/04\/hotel-italia-siena-logo.png","width":147,"height":102,"caption":"Hotel Italia SpA"},"image":{"@id":"https:\/\/www.hotelitalia-siena.it\/#\/schema\/logo\/image\/"},"sameAs":["https:\/\/www.facebook.com\/hotelitaliasiena\/"]}]}},"_links":{"self":[{"href":"https:\/\/www.hotelitalia-siena.it\/es\/wp-json\/wp\/v2\/pages\/8471"}],"collection":[{"href":"https:\/\/www.hotelitalia-siena.it\/es\/wp-json\/wp\/v2\/pages"}],"about":[{"href":"https:\/\/www.hotelitalia-siena.it\/es\/wp-json\/wp\/v2\/types\/page"}],"author":[{"embeddable":true,"href":"https:\/\/www.hotelitalia-siena.it\/es\/wp-json\/wp\/v2\/users\/1"}],"replies":[{"embeddable":true,"href":"https:\/\/www.hotelitalia-siena.it\/es\/wp-json\/wp\/v2\/comments?post=8471"}],"version-history":[{"count":1,"href":"https:\/\/www.hotelitalia-siena.it\/es\/wp-json\/wp\/v2\/pages\/8471\/revisions"}],"predecessor-version":[{"id":11103,"href":"https:\/\/www.hotelitalia-siena.it\/es\/wp-json\/wp\/v2\/pages\/8471\/revisions\/11103"}],"wp:attachment":[{"href":"https:\/\/www.hotelitalia-siena.it\/es\/wp-json\/wp\/v2\/media?parent=8471"}],"curies":[{"name":"wp","href":"https:\/\/api.w.org\/{rel}","templated":true}]}}