{"id":778,"date":"2015-01-26T13:53:59","date_gmt":"2015-01-26T13:53:59","guid":{"rendered":"http:\/\/newsite.gardenhotel.it\/camere\/poggiarello\/"},"modified":"2020-10-26T08:58:47","modified_gmt":"2020-10-26T08:58:47","slug":"love-room","status":"publish","type":"page","link":"https:\/\/www.hotelitalia-siena.it\/es\/habitaciones\/love-room\/","title":{"rendered":"Love Room"},"content":{"rendered":"<p>[et_pb_section fb_built=&#8221;1&#8243; fullwidth=&#8221;on&#8221; admin_label=&#8221;section&#8221; module_class=&#8221;home_header_slide&#8221; _builder_version=&#8221;3.22&#8243; background_color=&#8221;#ffffff&#8221; transparent_background=&#8221;off&#8221;][et_pb_fullwidth_slider show_arrows=&#8221;off&#8221; show_pagination=&#8221;off&#8221; admin_label=&#8221;Fullwidth Slider&#8221; _builder_version=&#8221;3.16&#8243; custom_padding=&#8221;|||&#8221; custom_padding_tablet=&#8221;|||&#8221; custom_padding_phone=&#8221;|||&#8221; box_shadow_style=&#8221;preset6&#8243; box_shadow_blur=&#8221;10px&#8221; box_shadow_color=&#8221;rgba(0,0,0,0.1)&#8221; show_inner_shadow=&#8221;on&#8221; button_text_size__hover_enabled=&#8221;off&#8221; button_one_text_size__hover_enabled=&#8221;off&#8221; button_two_text_size__hover_enabled=&#8221;off&#8221; button_text_color__hover_enabled=&#8221;off&#8221; button_one_text_color__hover_enabled=&#8221;off&#8221; button_two_text_color__hover_enabled=&#8221;off&#8221; button_border_width__hover_enabled=&#8221;off&#8221; button_one_border_width__hover_enabled=&#8221;off&#8221; button_two_border_width__hover_enabled=&#8221;off&#8221; button_border_color__hover_enabled=&#8221;off&#8221; button_one_border_color__hover_enabled=&#8221;off&#8221; button_two_border_color__hover_enabled=&#8221;off&#8221; button_border_radius__hover_enabled=&#8221;off&#8221; button_one_border_radius__hover_enabled=&#8221;off&#8221; button_two_border_radius__hover_enabled=&#8221;off&#8221; button_letter_spacing__hover_enabled=&#8221;off&#8221; button_one_letter_spacing__hover_enabled=&#8221;off&#8221; button_two_letter_spacing__hover_enabled=&#8221;off&#8221; button_bg_color__hover_enabled=&#8221;off&#8221; button_one_bg_color__hover_enabled=&#8221;off&#8221; button_two_bg_color__hover_enabled=&#8221;off&#8221;][et_pb_slide _builder_version=&#8221;3.16&#8243; background_color=&#8221;#ffffff&#8221; background_image=&#8221;https:\/\/www.hotelitalia-siena.it\/wp-content\/uploads\/2015\/01\/HOTEL-ITALIA-SIENA-LOVE-ROOM-2.jpg&#8221; button_text_size__hover_enabled=&#8221;off&#8221; button_one_text_size__hover_enabled=&#8221;off&#8221; button_two_text_size__hover_enabled=&#8221;off&#8221; button_text_color__hover_enabled=&#8221;off&#8221; button_one_text_color__hover_enabled=&#8221;off&#8221; button_two_text_color__hover_enabled=&#8221;off&#8221; button_border_width__hover_enabled=&#8221;off&#8221; button_one_border_width__hover_enabled=&#8221;off&#8221; button_two_border_width__hover_enabled=&#8221;off&#8221; button_border_color__hover_enabled=&#8221;off&#8221; button_one_border_color__hover_enabled=&#8221;off&#8221; button_two_border_color__hover_enabled=&#8221;off&#8221; button_border_radius__hover_enabled=&#8221;off&#8221; button_one_border_radius__hover_enabled=&#8221;off&#8221; button_two_border_radius__hover_enabled=&#8221;off&#8221; button_letter_spacing__hover_enabled=&#8221;off&#8221; button_one_letter_spacing__hover_enabled=&#8221;off&#8221; button_two_letter_spacing__hover_enabled=&#8221;off&#8221; button_bg_color__hover_enabled=&#8221;off&#8221; button_one_bg_color__hover_enabled=&#8221;off&#8221; button_two_bg_color__hover_enabled=&#8221;off&#8221; sticky_transition=&#8221;on&#8221;][\/et_pb_slide][\/et_pb_fullwidth_slider][\/et_pb_section][et_pb_section fb_built=&#8221;1&#8243; admin_label=&#8221;section&#8221; module_id=&#8221;h-booking_container&#8221; _builder_version=&#8221;3.22&#8243; background_color=&#8221;#ffffff&#8221; transparent_background=&#8221;off&#8221;][et_pb_row admin_label=&#8221;row&#8221; _builder_version=&#8221;3.25&#8243; background_size=&#8221;initial&#8221; background_position=&#8221;top_left&#8221; background_repeat=&#8221;repeat&#8221;][et_pb_column type=&#8221;4_4&#8243; _builder_version=&#8221;3.25&#8243; custom_padding=&#8221;|||&#8221; custom_padding__hover=&#8221;|||&#8221;][et_pb_sidebar area=&#8221;et_pb_widget_area_1&#8243; admin_label=&#8221;Sidebar&#8221; _builder_version=&#8221;3.0.74&#8243;][\/et_pb_sidebar][\/et_pb_column][\/et_pb_row][\/et_pb_section][et_pb_section fb_built=&#8221;1&#8243; admin_label=&#8221;section&#8221; module_class=&#8221;room_block&#8221; _builder_version=&#8221;3.22&#8243; background_color=&#8221;#ffffff&#8221; transparent_background=&#8221;off&#8221;][et_pb_row admin_label=&#8221;row&#8221; _builder_version=&#8221;3.25&#8243; background_size=&#8221;initial&#8221; background_position=&#8221;top_left&#8221; background_repeat=&#8221;repeat&#8221;][et_pb_column type=&#8221;4_4&#8243; _builder_version=&#8221;3.25&#8243; custom_padding=&#8221;|||&#8221; custom_padding__hover=&#8221;|||&#8221;][et_pb_text admin_label=&#8221;Text&#8221; _builder_version=&#8221;3.27.4&#8243; background_size=&#8221;initial&#8221; background_position=&#8221;top_left&#8221; background_repeat=&#8221;repeat&#8221; use_border_color=&#8221;off&#8221; border_color=&#8221;#ffffff&#8221; border_style=&#8221;solid&#8221;]<\/p>\n<h2 style=\"text-align: justify;\">Love Room&#8230;<strong>Momentos rom\u00e1nticos y sexy<\/strong><\/h2>\n<p>&nbsp;<\/p>\n<p>Esta habitaci\u00f3n es realmente especial, un producto \u00fanico y original para pasar un rom\u00e1ntico fin de semana en Siena o cualquier otro d\u00eda que quieras celebrar con la persona que amas.<br \/> Imagina entrar en otra dimensi\u00f3n. Cuando abras la puerta de la Love Room, el cd estar\u00e1 tocando una m\u00fasica ambiente y las luces tenues te dar\u00e1n la bienvenida en un entorno m\u00e1gico y colorista. La cama, llena de p\u00e9talos rojos y grandes cojines en forma de coraz\u00f3n ser\u00e1 irresistible.<br \/> Descorcha el prosecco y mimaros con las galletitas del amor hechas por nuestro pastelero&#8230; deja en casa los tab\u00fas y deja volar la fantas\u00eda con el simp\u00e1tico &#8220;Love Kit&#8221;&#8230; y recuerda: &#8220;No debe despreciarse nada, si est\u00e1 hecho con Amor&#8221; Eduard Le\u00f3n Word<\/p>\n<p>&nbsp;<\/p>\n<p><strong>Para una estancia rom\u00e1ntica en Siena, deber\u00edas elegir la Love Room si:<\/strong><\/p>\n<p>&nbsp;<\/p>\n<ul>\n<li>Quieres sorprender a la persona que est\u00e1 contigo.<\/li>\n<li>Quieres hacer un regalo inolvidable a la persona que amas.<\/li>\n<li>No quieres renunciar a las comodidades tecnol\u00f3gicas como la pantalla grande de TV de 42&#8243;, el lector Ipod con dolby surround y la l\u00ednea WiFi TOP de banda ancha con la m\u00e1xima precisi\u00f3n.<\/li>\n<li>Te gusta tener una tetera\/cafetera en la habitaci\u00f3n.<\/li>\n<li>Te gusta envolverte en un albornoz despu\u00e9s de la ducha.<\/li>\n<li>\u00a1Est\u00e1s enamorado(a)!<\/li>\n<\/ul>\n<p>&nbsp;<\/p>\n<p><strong class=\"services_title\">EQUIPAMIENTO Y CARACTER\u00cdSTICAS DE LA HABITACI\u00d3N:<\/strong><\/p>\n<div class=\"room_logo_services\"><img decoding=\"async\" style=\"margin-top: -10px; position: absolute; left: 0;\" class=\"aligncenter wp-image-262 size-full\" src=\"https:\/\/www.hotelitalia-siena.it\/wp-content\/uploads\/2016\/09\/sky.png\" alt=\"Camere con Sky\" width=\"70px\" height=\"\" \/><img decoding=\"async\" style=\"margin-top: -5px; position: absolute; right: 0;\" class=\"aligncenter wp-image-262 size-full\" src=\"https:\/\/www.hotelitalia-siena.it\/wp-content\/uploads\/2016\/09\/free-wifi.png\" alt=\"Free Wi-fi\" width=\"70px\" height=\"\" \/><\/div>\n<p>&nbsp;<\/p>\n<p>&nbsp;<\/p>\n<p>&nbsp;<\/p>\n<ul>\n<li>NO FUMADORES<\/li>\n<li>Botella de vino Prosecco<\/li>\n<li>Galletitas del Amor<\/li>\n<li>\u201cLove Kit\u201d\u2026<\/li>\n<li>Compilation Love Music<\/li>\n<li>Albornoz y zapatillas<\/li>\n<li>Cojines &#8220;Enamorados&#8221;<\/li>\n<li>Superficie: 21 m2<\/li>\n<li>Cama de matrimonio king size<\/li>\n<li>Aire acondicionado<\/li>\n<li>WiFi gratuita de m\u00e1xima precisi\u00f3n<\/li>\n<li>Tv de 42&#8243; de pantalla plana<\/li>\n<li>Canales sat\u00e9lite en lengua extranjera<\/li>\n<li>Canales Sky gratuitos<\/li>\n<li>I-POD Docking Station<\/li>\n<li>Mini HI-FI con radio<\/li>\n<li>Lector CD\/mp3 y Dvd con Dolby Digital<\/li>\n<li>Conjunto Hervidor para infusiones\/t\u00e9\/caf\u00e9<\/li>\n<li>Caja fuerte<\/li>\n<li>Tel\u00e9fono<\/li>\n<li>Servicios privados con ducha<\/li>\n<li>Secador de pelo<\/li>\n<li>Toallas<\/li>\n<li>L\u00ednea Cortes\u00eda Ba\u00f1o con cosm\u00e9ticos de gran calidad solo a base de extractos naturales y totalmente cruelty-free (no testados en animales).<\/li>\n<\/ul>\n<p>[\/et_pb_text][\/et_pb_column][\/et_pb_row][et_pb_row admin_label=&#8221;row&#8221; _builder_version=&#8221;3.25&#8243; background_size=&#8221;initial&#8221; background_position=&#8221;top_left&#8221; background_repeat=&#8221;repeat&#8221;][et_pb_column type=&#8221;4_4&#8243; _builder_version=&#8221;3.25&#8243; custom_padding=&#8221;|||&#8221; custom_padding__hover=&#8221;|||&#8221;][et_pb_gallery gallery_ids=&#8221;4628,4634,4640,4646,4652,4664,4676,4622&#8243; posts_number=&#8221;8&#8243; show_pagination=&#8221;off&#8221; admin_label=&#8221;Gallery&#8221; _builder_version=&#8221;3.0.47&#8243;][\/et_pb_gallery][\/et_pb_column][\/et_pb_row][et_pb_row admin_label=&#8221;row&#8221; _builder_version=&#8221;3.25&#8243; background_size=&#8221;initial&#8221; background_position=&#8221;top_left&#8221; background_repeat=&#8221;repeat&#8221;][et_pb_column type=&#8221;4_4&#8243; _builder_version=&#8221;3.25&#8243; custom_padding=&#8221;|||&#8221; custom_padding__hover=&#8221;|||&#8221;][et_pb_text admin_label=&#8221;Text&#8221; _builder_version=&#8221;3.27.4&#8243; background_size=&#8221;initial&#8221; background_position=&#8221;top_left&#8221; background_repeat=&#8221;repeat&#8221;][\/et_pb_text][\/et_pb_column][\/et_pb_row][\/et_pb_section]<\/p>\n","protected":false},"excerpt":{"rendered":"<p>Love Room&#8230;Momentos rom\u00e1nticos y sexy &nbsp; Esta habitaci\u00f3n es realmente especial, un producto \u00fanico y original para pasar un rom\u00e1ntico fin de semana en Siena o cualquier otro d\u00eda que quieras celebrar con la persona que amas. Imagina entrar en otra dimensi\u00f3n. Cuando abras la puerta de la Love Room, el cd estar\u00e1 tocando una [&hellip;]<\/p>\n","protected":false},"author":1,"featured_media":0,"parent":752,"menu_order":0,"comment_status":"closed","ping_status":"closed","template":"","meta":{"_acf_changed":false,"_et_pb_use_builder":"on","_et_pb_old_content":"<p>Lorem ipsum dolor sit amet, consectetur adipiscing elit, sed do eiusmod tempor incididunt ut labore et dolore magna aliqua. Ut enim ad minim veniam, quis nostrud exercitation ullamco laboris nisi ut aliquip ex ea commodo consequat. Duis aute irure dolor in reprehenderit in voluptate velit esse cillum dolore eu fugiat nulla pariatur. Excepteur sint occaecat cupidatat non proident, sunt in culpa qui officia deserunt mollit anim id est laborum.<\/p>","_et_gb_content_width":"","footnotes":""},"acf":[],"yoast_head":"<!-- This site is optimized with the Yoast SEO plugin v23.0 - https:\/\/yoast.com\/wordpress\/plugins\/seo\/ -->\n<title>Estancia rom\u00e1ntica Siena: Love Room - Hotel Italia<\/title>\n<meta name=\"description\" content=\"Vive una inolvidable estancia rom\u00e1ntica en Siena en la exclusiva Love Room del Hotel Italia, un alojamiento \u00edntimo y exclusivo para parejas y enamorados...\" \/>\n<meta name=\"robots\" content=\"index, follow, max-snippet:-1, max-image-preview:large, max-video-preview:-1\" \/>\n<link rel=\"canonical\" href=\"https:\/\/www.hotelitalia-siena.it\/es\/habitaciones\/love-room\/\" \/>\n<meta property=\"og:locale\" content=\"es_ES\" \/>\n<meta property=\"og:type\" content=\"article\" \/>\n<meta property=\"og:title\" content=\"Estancia rom\u00e1ntica Siena: Love Room - Hotel Italia\" \/>\n<meta property=\"og:description\" content=\"Vive una inolvidable estancia rom\u00e1ntica en Siena en la exclusiva Love Room del Hotel Italia, un alojamiento \u00edntimo y exclusivo para parejas y enamorados...\" \/>\n<meta property=\"og:url\" content=\"https:\/\/www.hotelitalia-siena.it\/es\/habitaciones\/love-room\/\" \/>\n<meta property=\"og:site_name\" content=\"Hotel Italia Siena\" \/>\n<meta property=\"article:publisher\" content=\"https:\/\/www.facebook.com\/hotelitaliasiena\/\" \/>\n<meta property=\"article:modified_time\" content=\"2020-10-26T08:58:47+00:00\" \/>\n<meta property=\"og:image\" content=\"https:\/\/www.hotelitalia-siena.it\/wp-content\/uploads\/2016\/09\/sky.png\" \/>\n<meta name=\"twitter:label1\" content=\"Tiempo de lectura\" \/>\n\t<meta name=\"twitter:data1\" content=\"5 minutos\" \/>\n<script type=\"application\/ld+json\" class=\"yoast-schema-graph\">{\"@context\":\"https:\/\/schema.org\",\"@graph\":[{\"@type\":\"WebPage\",\"@id\":\"https:\/\/www.hotelitalia-siena.it\/es\/habitaciones\/love-room\/\",\"url\":\"https:\/\/www.hotelitalia-siena.it\/es\/habitaciones\/love-room\/\",\"name\":\"Estancia rom\u00e1ntica Siena: Love Room - Hotel Italia\",\"isPartOf\":{\"@id\":\"https:\/\/www.hotelitalia-siena.it\/#website\"},\"primaryImageOfPage\":{\"@id\":\"https:\/\/www.hotelitalia-siena.it\/es\/habitaciones\/love-room\/#primaryimage\"},\"image\":{\"@id\":\"https:\/\/www.hotelitalia-siena.it\/es\/habitaciones\/love-room\/#primaryimage\"},\"thumbnailUrl\":\"https:\/\/www.hotelitalia-siena.it\/wp-content\/uploads\/2016\/09\/sky.png\",\"datePublished\":\"2015-01-26T13:53:59+00:00\",\"dateModified\":\"2020-10-26T08:58:47+00:00\",\"description\":\"Vive una inolvidable estancia rom\u00e1ntica en Siena en la exclusiva Love Room del Hotel Italia, un alojamiento \u00edntimo y exclusivo para parejas y enamorados...\",\"breadcrumb\":{\"@id\":\"https:\/\/www.hotelitalia-siena.it\/es\/habitaciones\/love-room\/#breadcrumb\"},\"inLanguage\":\"es\",\"potentialAction\":[{\"@type\":\"ReadAction\",\"target\":[\"https:\/\/www.hotelitalia-siena.it\/es\/habitaciones\/love-room\/\"]}]},{\"@type\":\"ImageObject\",\"inLanguage\":\"es\",\"@id\":\"https:\/\/www.hotelitalia-siena.it\/es\/habitaciones\/love-room\/#primaryimage\",\"url\":\"https:\/\/www.hotelitalia-siena.it\/wp-content\/uploads\/2016\/09\/sky.png\",\"contentUrl\":\"https:\/\/www.hotelitalia-siena.it\/wp-content\/uploads\/2016\/09\/sky.png\"},{\"@type\":\"BreadcrumbList\",\"@id\":\"https:\/\/www.hotelitalia-siena.it\/es\/habitaciones\/love-room\/#breadcrumb\",\"itemListElement\":[{\"@type\":\"ListItem\",\"position\":1,\"name\":\"Hotel Italia\",\"item\":\"https:\/\/www.hotelitalia-siena.it\/es\/\"},{\"@type\":\"ListItem\",\"position\":2,\"name\":\"Habitaciones\",\"item\":\"https:\/\/www.hotelitalia-siena.it\/es\/habitaciones\/\"},{\"@type\":\"ListItem\",\"position\":3,\"name\":\"Love Room\"}]},{\"@type\":\"WebSite\",\"@id\":\"https:\/\/www.hotelitalia-siena.it\/#website\",\"url\":\"https:\/\/www.hotelitalia-siena.it\/\",\"name\":\"Hotel Italia Siena\",\"description\":\"Otro sitio WordPress\",\"publisher\":{\"@id\":\"https:\/\/www.hotelitalia-siena.it\/#organization\"},\"potentialAction\":[{\"@type\":\"SearchAction\",\"target\":{\"@type\":\"EntryPoint\",\"urlTemplate\":\"https:\/\/www.hotelitalia-siena.it\/?s={search_term_string}\"},\"query-input\":\"required name=search_term_string\"}],\"inLanguage\":\"es\"},{\"@type\":\"Organization\",\"@id\":\"https:\/\/www.hotelitalia-siena.it\/#organization\",\"name\":\"Hotel Italia SpA\",\"url\":\"https:\/\/www.hotelitalia-siena.it\/\",\"logo\":{\"@type\":\"ImageObject\",\"inLanguage\":\"es\",\"@id\":\"https:\/\/www.hotelitalia-siena.it\/#\/schema\/logo\/image\/\",\"url\":\"https:\/\/www.hotelitalia-siena.it\/wp-content\/uploads\/2018\/04\/hotel-italia-siena-logo.png\",\"contentUrl\":\"https:\/\/www.hotelitalia-siena.it\/wp-content\/uploads\/2018\/04\/hotel-italia-siena-logo.png\",\"width\":147,\"height\":102,\"caption\":\"Hotel Italia SpA\"},\"image\":{\"@id\":\"https:\/\/www.hotelitalia-siena.it\/#\/schema\/logo\/image\/\"},\"sameAs\":[\"https:\/\/www.facebook.com\/hotelitaliasiena\/\"]}]}<\/script>\n<!-- \/ Yoast SEO plugin. -->","yoast_head_json":{"title":"Estancia rom\u00e1ntica Siena: Love Room - Hotel Italia","description":"Vive una inolvidable estancia rom\u00e1ntica en Siena en la exclusiva Love Room del Hotel Italia, un alojamiento \u00edntimo y exclusivo para parejas y enamorados...","robots":{"index":"index","follow":"follow","max-snippet":"max-snippet:-1","max-image-preview":"max-image-preview:large","max-video-preview":"max-video-preview:-1"},"canonical":"https:\/\/www.hotelitalia-siena.it\/es\/habitaciones\/love-room\/","og_locale":"es_ES","og_type":"article","og_title":"Estancia rom\u00e1ntica Siena: Love Room - Hotel Italia","og_description":"Vive una inolvidable estancia rom\u00e1ntica en Siena en la exclusiva Love Room del Hotel Italia, un alojamiento \u00edntimo y exclusivo para parejas y enamorados...","og_url":"https:\/\/www.hotelitalia-siena.it\/es\/habitaciones\/love-room\/","og_site_name":"Hotel Italia Siena","article_publisher":"https:\/\/www.facebook.com\/hotelitaliasiena\/","article_modified_time":"2020-10-26T08:58:47+00:00","og_image":[{"url":"https:\/\/www.hotelitalia-siena.it\/wp-content\/uploads\/2016\/09\/sky.png"}],"twitter_misc":{"Tiempo de lectura":"5 minutos"},"schema":{"@context":"https:\/\/schema.org","@graph":[{"@type":"WebPage","@id":"https:\/\/www.hotelitalia-siena.it\/es\/habitaciones\/love-room\/","url":"https:\/\/www.hotelitalia-siena.it\/es\/habitaciones\/love-room\/","name":"Estancia rom\u00e1ntica Siena: Love Room - Hotel Italia","isPartOf":{"@id":"https:\/\/www.hotelitalia-siena.it\/#website"},"primaryImageOfPage":{"@id":"https:\/\/www.hotelitalia-siena.it\/es\/habitaciones\/love-room\/#primaryimage"},"image":{"@id":"https:\/\/www.hotelitalia-siena.it\/es\/habitaciones\/love-room\/#primaryimage"},"thumbnailUrl":"https:\/\/www.hotelitalia-siena.it\/wp-content\/uploads\/2016\/09\/sky.png","datePublished":"2015-01-26T13:53:59+00:00","dateModified":"2020-10-26T08:58:47+00:00","description":"Vive una inolvidable estancia rom\u00e1ntica en Siena en la exclusiva Love Room del Hotel Italia, un alojamiento \u00edntimo y exclusivo para parejas y enamorados...","breadcrumb":{"@id":"https:\/\/www.hotelitalia-siena.it\/es\/habitaciones\/love-room\/#breadcrumb"},"inLanguage":"es","potentialAction":[{"@type":"ReadAction","target":["https:\/\/www.hotelitalia-siena.it\/es\/habitaciones\/love-room\/"]}]},{"@type":"ImageObject","inLanguage":"es","@id":"https:\/\/www.hotelitalia-siena.it\/es\/habitaciones\/love-room\/#primaryimage","url":"https:\/\/www.hotelitalia-siena.it\/wp-content\/uploads\/2016\/09\/sky.png","contentUrl":"https:\/\/www.hotelitalia-siena.it\/wp-content\/uploads\/2016\/09\/sky.png"},{"@type":"BreadcrumbList","@id":"https:\/\/www.hotelitalia-siena.it\/es\/habitaciones\/love-room\/#breadcrumb","itemListElement":[{"@type":"ListItem","position":1,"name":"Hotel Italia","item":"https:\/\/www.hotelitalia-siena.it\/es\/"},{"@type":"ListItem","position":2,"name":"Habitaciones","item":"https:\/\/www.hotelitalia-siena.it\/es\/habitaciones\/"},{"@type":"ListItem","position":3,"name":"Love Room"}]},{"@type":"WebSite","@id":"https:\/\/www.hotelitalia-siena.it\/#website","url":"https:\/\/www.hotelitalia-siena.it\/","name":"Hotel Italia Siena","description":"Otro sitio WordPress","publisher":{"@id":"https:\/\/www.hotelitalia-siena.it\/#organization"},"potentialAction":[{"@type":"SearchAction","target":{"@type":"EntryPoint","urlTemplate":"https:\/\/www.hotelitalia-siena.it\/?s={search_term_string}"},"query-input":"required name=search_term_string"}],"inLanguage":"es"},{"@type":"Organization","@id":"https:\/\/www.hotelitalia-siena.it\/#organization","name":"Hotel Italia SpA","url":"https:\/\/www.hotelitalia-siena.it\/","logo":{"@type":"ImageObject","inLanguage":"es","@id":"https:\/\/www.hotelitalia-siena.it\/#\/schema\/logo\/image\/","url":"https:\/\/www.hotelitalia-siena.it\/wp-content\/uploads\/2018\/04\/hotel-italia-siena-logo.png","contentUrl":"https:\/\/www.hotelitalia-siena.it\/wp-content\/uploads\/2018\/04\/hotel-italia-siena-logo.png","width":147,"height":102,"caption":"Hotel Italia SpA"},"image":{"@id":"https:\/\/www.hotelitalia-siena.it\/#\/schema\/logo\/image\/"},"sameAs":["https:\/\/www.facebook.com\/hotelitaliasiena\/"]}]}},"_links":{"self":[{"href":"https:\/\/www.hotelitalia-siena.it\/es\/wp-json\/wp\/v2\/pages\/778"}],"collection":[{"href":"https:\/\/www.hotelitalia-siena.it\/es\/wp-json\/wp\/v2\/pages"}],"about":[{"href":"https:\/\/www.hotelitalia-siena.it\/es\/wp-json\/wp\/v2\/types\/page"}],"author":[{"embeddable":true,"href":"https:\/\/www.hotelitalia-siena.it\/es\/wp-json\/wp\/v2\/users\/1"}],"replies":[{"embeddable":true,"href":"https:\/\/www.hotelitalia-siena.it\/es\/wp-json\/wp\/v2\/comments?post=778"}],"version-history":[{"count":2,"href":"https:\/\/www.hotelitalia-siena.it\/es\/wp-json\/wp\/v2\/pages\/778\/revisions"}],"predecessor-version":[{"id":11798,"href":"https:\/\/www.hotelitalia-siena.it\/es\/wp-json\/wp\/v2\/pages\/778\/revisions\/11798"}],"up":[{"embeddable":true,"href":"https:\/\/www.hotelitalia-siena.it\/es\/wp-json\/wp\/v2\/pages\/752"}],"wp:attachment":[{"href":"https:\/\/www.hotelitalia-siena.it\/es\/wp-json\/wp\/v2\/media?parent=778"}],"curies":[{"name":"wp","href":"https:\/\/api.w.org\/{rel}","templated":true}]}}