{"id":770,"date":"2015-01-19T08:34:03","date_gmt":"2015-01-19T08:34:03","guid":{"rendered":"http:\/\/newsite.gardenhotel.it\/camere\/la-villa\/"},"modified":"2018-08-21T14:30:56","modified_gmt":"2018-08-21T14:30:56","slug":"junior-suite","status":"publish","type":"page","link":"https:\/\/www.hotelitalia-siena.it\/es\/habitaciones\/junior-suite\/","title":{"rendered":"Junior Suite"},"content":{"rendered":"<p>[et_pb_section bb_built=&#8221;1&#8243; admin_label=&#8221;section&#8221; fullwidth=&#8221;on&#8221; specialty=&#8221;off&#8221; transparent_background=&#8221;off&#8221; background_color=&#8221;#ffffff&#8221; inner_shadow=&#8221;off&#8221; parallax=&#8221;off&#8221; parallax_method=&#8221;off&#8221; module_class=&#8221;home_header_slide&#8221; next_background_color=&#8221;#000000&#8243;][et_pb_fullwidth_slider show_arrows=&#8221;off&#8221; show_pagination=&#8221;off&#8221; auto=&#8221;off&#8221; parallax=&#8221;off&#8221; parallax_method=&#8221;off&#8221; custom_padding=&#8221;|||&#8221; custom_padding_tablet=&#8221;|||&#8221; custom_padding_phone=&#8221;|||&#8221; show_inner_shadow=&#8221;on&#8221; show_content_on_mobile=&#8221;on&#8221; show_cta_on_mobile=&#8221;on&#8221; box_shadow_horizontal=&#8221;0px&#8221; box_shadow_vertical=&#8221;0px&#8221; box_shadow_blur=&#8221;10px&#8221; box_shadow_spread=&#8221;0px&#8221; box_shadow_position=&#8221;inner&#8221; box_shadow_color=&#8221;rgba(0,0,0,0.1)&#8221; box_shadow_style=&#8221;preset6&#8243;][et_pb_slide background_image=&#8221;https:\/\/www.hotelitalia-siena.it\/wp-content\/uploads\/2015\/01\/header-junior-suite.jpg&#8221; background_color=&#8221;#ffffff&#8221; alignment=&#8221;center&#8221; background_layout=&#8221;dark&#8221; \/][\/et_pb_fullwidth_slider][\/et_pb_section][et_pb_section bb_built=&#8221;1&#8243; admin_label=&#8221;section&#8221; fullwidth=&#8221;off&#8221; specialty=&#8221;off&#8221; transparent_background=&#8221;off&#8221; background_color=&#8221;#ffffff&#8221; inner_shadow=&#8221;off&#8221; parallax=&#8221;off&#8221; parallax_method=&#8221;off&#8221; module_id=&#8221;h-booking_container&#8221; prev_background_color=&#8221;#000000&#8243; next_background_color=&#8221;#000000&#8243;][et_pb_row admin_label=&#8221;row&#8221; background_position=&#8221;top_left&#8221; background_repeat=&#8221;repeat&#8221; background_size=&#8221;initial&#8221;][et_pb_column type=&#8221;4_4&#8243;][et_pb_sidebar orientation=&#8221;left&#8221; area=&#8221;et_pb_widget_area_1&#8243; background_layout=&#8221;light&#8221; show_border=&#8221;on&#8221;]<br \/>\n[\/et_pb_sidebar][\/et_pb_column][\/et_pb_row][\/et_pb_section][et_pb_section bb_built=&#8221;1&#8243; admin_label=&#8221;section&#8221; fullwidth=&#8221;off&#8221; specialty=&#8221;off&#8221; transparent_background=&#8221;off&#8221; background_color=&#8221;#ffffff&#8221; inner_shadow=&#8221;off&#8221; parallax=&#8221;off&#8221; parallax_method=&#8221;off&#8221; module_class=&#8221;room_block&#8221; prev_background_color=&#8221;#000000&#8243;][et_pb_row admin_label=&#8221;row&#8221; background_position=&#8221;top_left&#8221; background_repeat=&#8221;repeat&#8221; background_size=&#8221;initial&#8221;][et_pb_column type=&#8221;4_4&#8243;][et_pb_text use_border_color=&#8221;off&#8221; background_position=&#8221;top_left&#8221; background_repeat=&#8221;repeat&#8221; background_size=&#8221;initial&#8221; _builder_version=&#8221;3.11.1&#8243;]<\/p>\n<h2 style=\"text-align: justify;\">Junior Suite&#8230;Amplios espacios y comodidades<\/h2>\n<p>El hotel cuenta con dos Junior Suite, distintas en su estilo pero que tienen en com\u00fan el factor &#8220;grandeza&#8221;, lo que seguramente hace que sean m\u00e1s c\u00f3modas para familias con hijos, grupos de amigos o para quien quiere una habitaci\u00f3n muy espaciosa.<br \/>\nAmbas est\u00e1n en el edificio central.<br \/>\nLa Junior Suite 250 est\u00e1 dividida en dos ambientes, adem\u00e1s del ba\u00f1o con ducha. En una parte est\u00e1 la cama de matrimonio, en la otra dos chaises longue cama en las que pueden dormir hasta 4 ni\u00f1os o dos adultos. Este segundo anexo puede utilizarse tambi\u00e9n como saloncito privado. La tapicer\u00eda es de un elegante color verde y el suelo de parqu\u00e9 claro ofrece una especial luminosidad, junto con el simp\u00e1tico balconcito ba\u00f1ado por el sol, a esta hermosa habitaci\u00f3n.<br \/>\nPor el contrario, la Junior Suite 358 es un \u00fanico ambiente muy grande, adem\u00e1s del ba\u00f1o. Es de reciente construcci\u00f3n, con tapicer\u00eda de color claro y l\u00edneas limpias. El ba\u00f1o es de m\u00e1rmol y es especialmente amplio, con una gran ducha moderna. La c\u00e1mara est\u00e1 equipada con una cama de matrimonio king size y un sof\u00e1 cama rojo muy c\u00f3modo, en el que caben dos ni\u00f1os o un adulto y un ni\u00f1o.<br \/>\nTe asignaremos la Junior Suite disponible en el momento de tu reserva. Por tanto, indica tu preferencia en las notas.<\/p>\n<p><strong>Deber\u00edas elegir una Junior Suite si&#8230;<\/strong><\/p>\n<ul>\n<li>Est\u00e1s de vacaciones con tu familia.<\/li>\n<li>Necesitas una habitaci\u00f3n espaciosa.<\/li>\n<li>Si est\u00e1s con tus amigos y quieres compartir gastos.<\/li>\n<li>Si, aunque est\u00e9s solo o en pareja, te gusta tener mucho espacio y unos servicios top.<\/li>\n<li>Te gusta disfrutar de una buena pel\u00edcula en los canales Sky gratuitos en una pantalla plana de 42\u201d.<\/li>\n<li>Quieres relajarte escuchando tu m\u00fasica preferida mediante la introducci\u00f3n de tu Ipod en el correspondiente lector.<\/li>\n<li>Cuando regreses, quieres hacer una infusi\u00f3n caliente con el hervidor de agua suministrado.<\/li>\n<li>Quieres navegar por Internet con la l\u00ednea WiFi TOP de banda ancha de m\u00e1xima precisi\u00f3n.<\/li>\n<li>Lo m\u00e1s importante para ti es la comodidad, el espacio y el m\u00e1ximo confort.<\/li>\n<\/ul>\n<p><strong class=\"services_title\">EQUIPAMIENTO Y CARACTER\u00cdSTICAS DE LA HABITACI\u00d3N:<\/strong><\/p>\n<div class=\"room_logo_services\"><img decoding=\"async\" class=\"aligncenter wp-image-262 size-full\" style=\"margin-top: -10px; position: absolute; left: 0;\" src=\"https:\/\/www.hotelitalia-siena.it\/wp-content\/uploads\/2016\/09\/sky.png\" alt=\"Camere con Sky\" width=\"70px\" height=\"\" \/><img decoding=\"async\" class=\"aligncenter wp-image-262 size-full\" style=\"margin-top: -5px; position: absolute; right: 0;\" src=\"https:\/\/www.hotelitalia-siena.it\/wp-content\/uploads\/2016\/09\/free-wifi.png\" alt=\"Free Wi-fi\" width=\"70px\" height=\"\" \/><\/div>\n<p>&nbsp;<\/p>\n<ul>\n<li>NO FUMADORES<\/li>\n<li>Superficie: 28 m2<\/li>\n<li>Cama de matrimonio + sof\u00e1 cama o bien cama de matrimonio + 2 chaises longue<\/li>\n<li>Aire acondicionado<\/li>\n<li>WiFi gratuita de m\u00e1xima precisi\u00f3n<\/li>\n<li>Tv de 42&#8243; de pantalla plana<\/li>\n<li>Canales sat\u00e9lite en lengua extranjera<\/li>\n<li>Canales Sky gratuitos<\/li>\n<li>I-POD Docking Station<\/li>\n<li>Mini HI-FI con radio<\/li>\n<li>Lector CD\/mp3 y Dvd con Dolby Digital<\/li>\n<li>Conjunto Hervidor para infusiones\/t\u00e9\/caf\u00e9<\/li>\n<li>Caja fuerte<\/li>\n<li>Tel\u00e9fono<\/li>\n<li>Servicios privados con ducha<\/li>\n<li>Secador de pelo<\/li>\n<li>Toallas<\/li>\n<li>Zapatillas<\/li>\n<li>L\u00ednea Cortes\u00eda Ba\u00f1o con cosm\u00e9ticos de gran calidad solo a base de extractos naturales y totalmente cruelty-free (no testados en animales).<\/li>\n<\/ul>\n<p>[\/et_pb_text][\/et_pb_column][\/et_pb_row][et_pb_row admin_label=&#8221;row&#8221; background_position=&#8221;top_left&#8221; background_repeat=&#8221;repeat&#8221; background_size=&#8221;initial&#8221;][et_pb_column type=&#8221;4_4&#8243;][et_pb_gallery gallery_ids=&#8221;4586,4592,4568,4580,4562,4598,6659,4574&#8243; fullwidth=&#8221;off&#8221; posts_number=&#8221;8&#8243; show_title_and_caption=&#8221;on&#8221; show_pagination=&#8221;off&#8221; background_layout=&#8221;light&#8221;]<br \/>\n[\/et_pb_gallery][\/et_pb_column][\/et_pb_row][et_pb_row admin_label=&#8221;row&#8221; background_position=&#8221;top_left&#8221; background_repeat=&#8221;repeat&#8221; background_size=&#8221;initial&#8221;][et_pb_column type=&#8221;4_4&#8243;][et_pb_text background_layout=&#8221;light&#8221; text_orientation=&#8221;left&#8221; background_position=&#8221;top_left&#8221; background_repeat=&#8221;repeat&#8221; background_size=&#8221;initial&#8221;]<br \/>\n[\/et_pb_text][\/et_pb_column][\/et_pb_row][\/et_pb_section]<\/p>\n","protected":false},"excerpt":{"rendered":"<p>Junior Suite&#8230;Amplios espacios y comodidades El hotel cuenta con dos Junior Suite, distintas en su estilo pero que tienen en com\u00fan el factor &#8220;grandeza&#8221;, lo que seguramente hace que sean m\u00e1s c\u00f3modas para familias con hijos, grupos de amigos o para quien quiere una habitaci\u00f3n muy espaciosa. Ambas est\u00e1n en el edificio central. La Junior [&hellip;]<\/p>\n","protected":false},"author":1,"featured_media":0,"parent":752,"menu_order":0,"comment_status":"closed","ping_status":"closed","template":"","meta":{"_acf_changed":false,"_et_pb_use_builder":"on","_et_pb_old_content":"","_et_gb_content_width":"","footnotes":""},"acf":[],"yoast_head":"<!-- This site is optimized with the Yoast SEO plugin v23.0 - https:\/\/yoast.com\/wordpress\/plugins\/seo\/ -->\n<title>Alojamientos encanto Siena: Junior Suite - Hotel Italia<\/title>\n<meta name=\"description\" content=\"\u00bfHoteles con encanto en Siena? Descubre la comodidad y el refinamiento de las Junior Suite del Hotel Italia, habitaciones con estilo y enorme confort.\" \/>\n<meta name=\"robots\" content=\"index, follow, max-snippet:-1, max-image-preview:large, max-video-preview:-1\" \/>\n<link rel=\"canonical\" href=\"https:\/\/www.hotelitalia-siena.it\/es\/habitaciones\/junior-suite\/\" \/>\n<meta property=\"og:locale\" content=\"es_ES\" \/>\n<meta property=\"og:type\" content=\"article\" \/>\n<meta property=\"og:title\" content=\"Alojamientos encanto Siena: Junior Suite - Hotel Italia\" \/>\n<meta property=\"og:description\" content=\"\u00bfHoteles con encanto en Siena? Descubre la comodidad y el refinamiento de las Junior Suite del Hotel Italia, habitaciones con estilo y enorme confort.\" \/>\n<meta property=\"og:url\" content=\"https:\/\/www.hotelitalia-siena.it\/es\/habitaciones\/junior-suite\/\" \/>\n<meta property=\"og:site_name\" content=\"Hotel Italia Siena\" \/>\n<meta property=\"article:publisher\" content=\"https:\/\/www.facebook.com\/hotelitaliasiena\/\" \/>\n<meta property=\"article:modified_time\" content=\"2018-08-21T14:30:56+00:00\" \/>\n<meta property=\"og:image\" content=\"https:\/\/www.hotelitalia-siena.it\/wp-content\/uploads\/2016\/09\/sky.png\" \/>\n<meta name=\"twitter:label1\" content=\"Tiempo de lectura\" \/>\n\t<meta name=\"twitter:data1\" content=\"4 minutos\" \/>\n<script type=\"application\/ld+json\" class=\"yoast-schema-graph\">{\"@context\":\"https:\/\/schema.org\",\"@graph\":[{\"@type\":\"WebPage\",\"@id\":\"https:\/\/www.hotelitalia-siena.it\/es\/habitaciones\/junior-suite\/\",\"url\":\"https:\/\/www.hotelitalia-siena.it\/es\/habitaciones\/junior-suite\/\",\"name\":\"Alojamientos encanto Siena: Junior Suite - Hotel Italia\",\"isPartOf\":{\"@id\":\"https:\/\/www.hotelitalia-siena.it\/#website\"},\"primaryImageOfPage\":{\"@id\":\"https:\/\/www.hotelitalia-siena.it\/es\/habitaciones\/junior-suite\/#primaryimage\"},\"image\":{\"@id\":\"https:\/\/www.hotelitalia-siena.it\/es\/habitaciones\/junior-suite\/#primaryimage\"},\"thumbnailUrl\":\"https:\/\/www.hotelitalia-siena.it\/wp-content\/uploads\/2016\/09\/sky.png\",\"datePublished\":\"2015-01-19T08:34:03+00:00\",\"dateModified\":\"2018-08-21T14:30:56+00:00\",\"description\":\"\u00bfHoteles con encanto en Siena? Descubre la comodidad y el refinamiento de las Junior Suite del Hotel Italia, habitaciones con estilo y enorme confort.\",\"breadcrumb\":{\"@id\":\"https:\/\/www.hotelitalia-siena.it\/es\/habitaciones\/junior-suite\/#breadcrumb\"},\"inLanguage\":\"es\",\"potentialAction\":[{\"@type\":\"ReadAction\",\"target\":[\"https:\/\/www.hotelitalia-siena.it\/es\/habitaciones\/junior-suite\/\"]}]},{\"@type\":\"ImageObject\",\"inLanguage\":\"es\",\"@id\":\"https:\/\/www.hotelitalia-siena.it\/es\/habitaciones\/junior-suite\/#primaryimage\",\"url\":\"https:\/\/www.hotelitalia-siena.it\/wp-content\/uploads\/2016\/09\/sky.png\",\"contentUrl\":\"https:\/\/www.hotelitalia-siena.it\/wp-content\/uploads\/2016\/09\/sky.png\"},{\"@type\":\"BreadcrumbList\",\"@id\":\"https:\/\/www.hotelitalia-siena.it\/es\/habitaciones\/junior-suite\/#breadcrumb\",\"itemListElement\":[{\"@type\":\"ListItem\",\"position\":1,\"name\":\"Hotel Italia\",\"item\":\"https:\/\/www.hotelitalia-siena.it\/es\/\"},{\"@type\":\"ListItem\",\"position\":2,\"name\":\"Habitaciones\",\"item\":\"https:\/\/www.hotelitalia-siena.it\/es\/habitaciones\/\"},{\"@type\":\"ListItem\",\"position\":3,\"name\":\"Junior Suite\"}]},{\"@type\":\"WebSite\",\"@id\":\"https:\/\/www.hotelitalia-siena.it\/#website\",\"url\":\"https:\/\/www.hotelitalia-siena.it\/\",\"name\":\"Hotel Italia Siena\",\"description\":\"Otro sitio WordPress\",\"publisher\":{\"@id\":\"https:\/\/www.hotelitalia-siena.it\/#organization\"},\"potentialAction\":[{\"@type\":\"SearchAction\",\"target\":{\"@type\":\"EntryPoint\",\"urlTemplate\":\"https:\/\/www.hotelitalia-siena.it\/?s={search_term_string}\"},\"query-input\":\"required name=search_term_string\"}],\"inLanguage\":\"es\"},{\"@type\":\"Organization\",\"@id\":\"https:\/\/www.hotelitalia-siena.it\/#organization\",\"name\":\"Hotel Italia SpA\",\"url\":\"https:\/\/www.hotelitalia-siena.it\/\",\"logo\":{\"@type\":\"ImageObject\",\"inLanguage\":\"es\",\"@id\":\"https:\/\/www.hotelitalia-siena.it\/#\/schema\/logo\/image\/\",\"url\":\"https:\/\/www.hotelitalia-siena.it\/wp-content\/uploads\/2018\/04\/hotel-italia-siena-logo.png\",\"contentUrl\":\"https:\/\/www.hotelitalia-siena.it\/wp-content\/uploads\/2018\/04\/hotel-italia-siena-logo.png\",\"width\":147,\"height\":102,\"caption\":\"Hotel Italia SpA\"},\"image\":{\"@id\":\"https:\/\/www.hotelitalia-siena.it\/#\/schema\/logo\/image\/\"},\"sameAs\":[\"https:\/\/www.facebook.com\/hotelitaliasiena\/\"]}]}<\/script>\n<!-- \/ Yoast SEO plugin. -->","yoast_head_json":{"title":"Alojamientos encanto Siena: Junior Suite - Hotel Italia","description":"\u00bfHoteles con encanto en Siena? Descubre la comodidad y el refinamiento de las Junior Suite del Hotel Italia, habitaciones con estilo y enorme confort.","robots":{"index":"index","follow":"follow","max-snippet":"max-snippet:-1","max-image-preview":"max-image-preview:large","max-video-preview":"max-video-preview:-1"},"canonical":"https:\/\/www.hotelitalia-siena.it\/es\/habitaciones\/junior-suite\/","og_locale":"es_ES","og_type":"article","og_title":"Alojamientos encanto Siena: Junior Suite - Hotel Italia","og_description":"\u00bfHoteles con encanto en Siena? Descubre la comodidad y el refinamiento de las Junior Suite del Hotel Italia, habitaciones con estilo y enorme confort.","og_url":"https:\/\/www.hotelitalia-siena.it\/es\/habitaciones\/junior-suite\/","og_site_name":"Hotel Italia Siena","article_publisher":"https:\/\/www.facebook.com\/hotelitaliasiena\/","article_modified_time":"2018-08-21T14:30:56+00:00","og_image":[{"url":"https:\/\/www.hotelitalia-siena.it\/wp-content\/uploads\/2016\/09\/sky.png"}],"twitter_misc":{"Tiempo de lectura":"4 minutos"},"schema":{"@context":"https:\/\/schema.org","@graph":[{"@type":"WebPage","@id":"https:\/\/www.hotelitalia-siena.it\/es\/habitaciones\/junior-suite\/","url":"https:\/\/www.hotelitalia-siena.it\/es\/habitaciones\/junior-suite\/","name":"Alojamientos encanto Siena: Junior Suite - Hotel Italia","isPartOf":{"@id":"https:\/\/www.hotelitalia-siena.it\/#website"},"primaryImageOfPage":{"@id":"https:\/\/www.hotelitalia-siena.it\/es\/habitaciones\/junior-suite\/#primaryimage"},"image":{"@id":"https:\/\/www.hotelitalia-siena.it\/es\/habitaciones\/junior-suite\/#primaryimage"},"thumbnailUrl":"https:\/\/www.hotelitalia-siena.it\/wp-content\/uploads\/2016\/09\/sky.png","datePublished":"2015-01-19T08:34:03+00:00","dateModified":"2018-08-21T14:30:56+00:00","description":"\u00bfHoteles con encanto en Siena? Descubre la comodidad y el refinamiento de las Junior Suite del Hotel Italia, habitaciones con estilo y enorme confort.","breadcrumb":{"@id":"https:\/\/www.hotelitalia-siena.it\/es\/habitaciones\/junior-suite\/#breadcrumb"},"inLanguage":"es","potentialAction":[{"@type":"ReadAction","target":["https:\/\/www.hotelitalia-siena.it\/es\/habitaciones\/junior-suite\/"]}]},{"@type":"ImageObject","inLanguage":"es","@id":"https:\/\/www.hotelitalia-siena.it\/es\/habitaciones\/junior-suite\/#primaryimage","url":"https:\/\/www.hotelitalia-siena.it\/wp-content\/uploads\/2016\/09\/sky.png","contentUrl":"https:\/\/www.hotelitalia-siena.it\/wp-content\/uploads\/2016\/09\/sky.png"},{"@type":"BreadcrumbList","@id":"https:\/\/www.hotelitalia-siena.it\/es\/habitaciones\/junior-suite\/#breadcrumb","itemListElement":[{"@type":"ListItem","position":1,"name":"Hotel Italia","item":"https:\/\/www.hotelitalia-siena.it\/es\/"},{"@type":"ListItem","position":2,"name":"Habitaciones","item":"https:\/\/www.hotelitalia-siena.it\/es\/habitaciones\/"},{"@type":"ListItem","position":3,"name":"Junior Suite"}]},{"@type":"WebSite","@id":"https:\/\/www.hotelitalia-siena.it\/#website","url":"https:\/\/www.hotelitalia-siena.it\/","name":"Hotel Italia Siena","description":"Otro sitio WordPress","publisher":{"@id":"https:\/\/www.hotelitalia-siena.it\/#organization"},"potentialAction":[{"@type":"SearchAction","target":{"@type":"EntryPoint","urlTemplate":"https:\/\/www.hotelitalia-siena.it\/?s={search_term_string}"},"query-input":"required name=search_term_string"}],"inLanguage":"es"},{"@type":"Organization","@id":"https:\/\/www.hotelitalia-siena.it\/#organization","name":"Hotel Italia SpA","url":"https:\/\/www.hotelitalia-siena.it\/","logo":{"@type":"ImageObject","inLanguage":"es","@id":"https:\/\/www.hotelitalia-siena.it\/#\/schema\/logo\/image\/","url":"https:\/\/www.hotelitalia-siena.it\/wp-content\/uploads\/2018\/04\/hotel-italia-siena-logo.png","contentUrl":"https:\/\/www.hotelitalia-siena.it\/wp-content\/uploads\/2018\/04\/hotel-italia-siena-logo.png","width":147,"height":102,"caption":"Hotel Italia SpA"},"image":{"@id":"https:\/\/www.hotelitalia-siena.it\/#\/schema\/logo\/image\/"},"sameAs":["https:\/\/www.facebook.com\/hotelitaliasiena\/"]}]}},"_links":{"self":[{"href":"https:\/\/www.hotelitalia-siena.it\/es\/wp-json\/wp\/v2\/pages\/770"}],"collection":[{"href":"https:\/\/www.hotelitalia-siena.it\/es\/wp-json\/wp\/v2\/pages"}],"about":[{"href":"https:\/\/www.hotelitalia-siena.it\/es\/wp-json\/wp\/v2\/types\/page"}],"author":[{"embeddable":true,"href":"https:\/\/www.hotelitalia-siena.it\/es\/wp-json\/wp\/v2\/users\/1"}],"replies":[{"embeddable":true,"href":"https:\/\/www.hotelitalia-siena.it\/es\/wp-json\/wp\/v2\/comments?post=770"}],"version-history":[{"count":2,"href":"https:\/\/www.hotelitalia-siena.it\/es\/wp-json\/wp\/v2\/pages\/770\/revisions"}],"predecessor-version":[{"id":11206,"href":"https:\/\/www.hotelitalia-siena.it\/es\/wp-json\/wp\/v2\/pages\/770\/revisions\/11206"}],"up":[{"embeddable":true,"href":"https:\/\/www.hotelitalia-siena.it\/es\/wp-json\/wp\/v2\/pages\/752"}],"wp:attachment":[{"href":"https:\/\/www.hotelitalia-siena.it\/es\/wp-json\/wp\/v2\/media?parent=770"}],"curies":[{"name":"wp","href":"https:\/\/api.w.org\/{rel}","templated":true}]}}