{"id":762,"date":"2015-01-26T14:03:05","date_gmt":"2015-01-26T14:03:05","guid":{"rendered":"http:\/\/newsite.gardenhotel.it\/camere\/casabianca\/"},"modified":"2016-09-19T15:15:50","modified_gmt":"2016-09-19T15:15:50","slug":"standard","status":"publish","type":"page","link":"https:\/\/www.hotelitalia-siena.it\/es\/habitaciones\/standard\/","title":{"rendered":"Standard"},"content":{"rendered":"<p>[et_pb_section admin_label=&#8221;section&#8221; fullwidth=&#8221;on&#8221; specialty=&#8221;off&#8221; transparent_background=&#8221;off&#8221; background_color=&#8221;#ffffff&#8221; inner_shadow=&#8221;off&#8221; parallax=&#8221;off&#8221; parallax_method=&#8221;off&#8221; module_class=&#8221;home_header_slide&#8221;][et_pb_fullwidth_slider admin_label=&#8221;Fullwidth Slider&#8221; show_arrows=&#8221;off&#8221; show_pagination=&#8221;off&#8221; auto=&#8221;off&#8221; parallax=&#8221;off&#8221; parallax_method=&#8221;off&#8221;]<\/p>\n<p>[et_pb_slide background_image=&#8221;https:\/\/www.hotelitalia-siena.it\/wp-content\/uploads\/2015\/01\/HOTEL-ITALIA-SIENA-CAMERA-DOPPIA-3.jpg&#8221; background_color=&#8221;#ffffff&#8221; alignment=&#8221;center&#8221; background_layout=&#8221;dark&#8221; \/]<\/p>\n<p>[\/et_pb_fullwidth_slider][\/et_pb_section][et_pb_section admin_label=&#8221;section&#8221; fullwidth=&#8221;off&#8221; specialty=&#8221;off&#8221; transparent_background=&#8221;off&#8221; background_color=&#8221;#ffffff&#8221; inner_shadow=&#8221;off&#8221; parallax=&#8221;off&#8221; parallax_method=&#8221;off&#8221; module_id=&#8221;h-booking_container&#8221;][et_pb_row admin_label=&#8221;row&#8221;][et_pb_column type=&#8221;4_4&#8243;][et_pb_sidebar admin_label=&#8221;Sidebar&#8221; orientation=&#8221;left&#8221; area=&#8221;et_pb_widget_area_1&#8243; background_layout=&#8221;light&#8221;]<\/p>\n<p>[\/et_pb_sidebar][\/et_pb_column][\/et_pb_row][\/et_pb_section][et_pb_section admin_label=&#8221;section&#8221; fullwidth=&#8221;off&#8221; specialty=&#8221;off&#8221; transparent_background=&#8221;off&#8221; background_color=&#8221;#ffffff&#8221; inner_shadow=&#8221;off&#8221; parallax=&#8221;off&#8221; parallax_method=&#8221;off&#8221; module_class=&#8221;room_block&#8221;][et_pb_row admin_label=&#8221;row&#8221;][et_pb_column type=&#8221;4_4&#8243;][et_pb_text admin_label=&#8221;Text&#8221; background_layout=&#8221;light&#8221; text_orientation=&#8221;left&#8221; use_border_color=&#8221;off&#8221; border_color=&#8221;#ffffff&#8221; border_style=&#8221;solid&#8221;]<\/p>\n<h2 style=\"text-align: justify;\">Habitaciones Standard&#8230;El confort low cost<\/h2>\n<p>Situadas tanto en las dependencias como en el edificio central, las habitaciones Standard son nuestro tipo b\u00e1sico de alojamiento y representan siempre una \u00f3ptima elecci\u00f3n para dormir en Siena. Renovadas solo parcialmente, disponen de cama de matrimonio, camas individuales y triples, los ba\u00f1os pueden tener ba\u00f1era o solo ducha.<br \/>\nLa decoraci\u00f3n es sencilla y funcional, pero est\u00e1n equipadas con todas las comodidades. Los suelos son de baldosas klinker y la tapicer\u00eda es de colores vivos, lo que crea un conjunto agradable y alegre en perfecta armon\u00eda con el ambiente cl\u00e1sico de la estructura.<br \/>\nAlgunas de estas habitaciones cuentan con terraza o balc\u00f3n, y pueden reservarse con un peque\u00f1o suplemento diario.<br \/>\nTodas las habitaciones que dan a la calle tienen doble cristal fonoabsorbente y ventanas insonorizadas.<\/p>\n<p><strong>Deber\u00edas elegir una Standard si&#8230;<\/strong><\/p>\n<ul>\n<li>Para dormir en Siena quieres disfrutar de una \u00f3ptima relaci\u00f3n calidad\/precio sin renunciar al confort y a los servicios ofrecidos por un hotel de tres estrellas.<\/li>\n<li>La habitaci\u00f3n no es para ti lo m\u00e1s importante del viaje.<\/li>\n<li>Quieres navegar por Internet con WiFi de \u00f3ptima calidad, de banda ancha garantizada.<\/li>\n<li>\u00a1Eres un viajero que no necesita oropeles!<\/li>\n<\/ul>\n<p><strong class=\"services_title\">EQUIPAMIENTO Y CARACTER\u00cdSTICAS DE LA HABITACI\u00d3N:<\/strong><\/p>\n<div class=\"room_logo_services\"><img decoding=\"async\" style=\"margin-top: -10px; position:absolute;left:0;\" class=\"aligncenter wp-image-262 size-full\" src=\"https:\/\/www.hotelitalia-siena.it\/wp-content\/uploads\/2016\/09\/sky.png\" alt=\"Camere con Sky\" height=\"\" width=\"70px\"><img decoding=\"async\" style=\"margin-top:-5px; position:absolute;right:0; \" class=\"aligncenter wp-image-262 size-full\" src=\"https:\/\/www.hotelitalia-siena.it\/wp-content\/uploads\/2016\/09\/free-wifi.png\" alt=\"Free Wi-fi\" height=\"\" width=\"70px\"><\/div>\n<p><br style=\"clear:both;\"><\/p>\n<ul>\n<li>NO FUMADORES<\/li>\n<li>Superficie: de 17 a 23 m2<\/li>\n<li>Dobles (cama matrimonial o dos camas), triples (tres camas individuales o una cama de matrimonio + 1 cama individual).<\/li>\n<li>Aire acondicionado<\/li>\n<li>WiFi est\u00e1ndar gratuito de banda ancha garantizada<\/li>\n<li>Tv de 22&#8243; de pantalla plana<\/li>\n<li>Canales sat\u00e9lite en lengua extranjera<\/li>\n<li>Canales Sky gratuitos<\/li>\n<li>Minibar<\/li>\n<li>Caja fuerte<\/li>\n<li>Tel\u00e9fono<\/li>\n<li>Servicios privados con ducha o ba\u00f1era<\/li>\n<li>Secador de pelo<\/li>\n<li>Toallas<\/li>\n<li>L\u00ednea Cortes\u00eda Ba\u00f1o con cosm\u00e9ticos de gran calidad solo a base de extractos naturales y totalmente cruelty-free (no testados en animales).<\/li>\n<\/ul>\n<p>[\/et_pb_text][\/et_pb_column][\/et_pb_row][et_pb_row admin_label=&#8221;row&#8221;][et_pb_column type=&#8221;4_4&#8243;][et_pb_gallery admin_label=&#8221;Gallery&#8221; gallery_ids=&#8221;8919,4694,4700,8925,4712,4791,5543,5603&#8243; fullwidth=&#8221;off&#8221; posts_number=&#8221;8&#8243; show_title_and_caption=&#8221;on&#8221; show_pagination=&#8221;off&#8221; background_layout=&#8221;light&#8221;]<\/p>\n<p>[\/et_pb_gallery][\/et_pb_column][\/et_pb_row][et_pb_row admin_label=&#8221;row&#8221;][et_pb_column type=&#8221;4_4&#8243;][et_pb_text admin_label=&#8221;Text&#8221; background_layout=&#8221;light&#8221; text_orientation=&#8221;left&#8221;]<\/p>\n<p>[\/et_pb_text][\/et_pb_column][\/et_pb_row][\/et_pb_section]<\/p>\n","protected":false},"excerpt":{"rendered":"<p>Habitaciones Standard&#8230;El confort low cost Situadas tanto en las dependencias como en el edificio central, las habitaciones Standard son nuestro tipo b\u00e1sico de alojamiento y representan siempre una \u00f3ptima elecci\u00f3n para dormir en Siena. Renovadas solo parcialmente, disponen de cama de matrimonio, camas individuales y triples, los ba\u00f1os pueden tener ba\u00f1era o solo ducha. La [&hellip;]<\/p>\n","protected":false},"author":1,"featured_media":0,"parent":752,"menu_order":0,"comment_status":"closed","ping_status":"closed","template":"","meta":{"_acf_changed":false,"_et_pb_use_builder":"on","_et_pb_old_content":"","_et_gb_content_width":"","footnotes":""},"acf":[],"yoast_head":"<!-- This site is optimized with the Yoast SEO plugin v23.0 - https:\/\/yoast.com\/wordpress\/plugins\/seo\/ -->\n<title>Dormir en Siena: Habitaciones Standard - Hotel Italia<\/title>\n<meta name=\"description\" content=\"Para dormir en Siena, reserva una de las habitaciones Standard del Hotel Italia, c\u00f3modos alojamientos con Internet WiFi GRATIS y una \u00f3ptima relaci\u00f3n\" \/>\n<meta name=\"robots\" content=\"index, follow, max-snippet:-1, max-image-preview:large, max-video-preview:-1\" \/>\n<link rel=\"canonical\" href=\"https:\/\/www.hotelitalia-siena.it\/es\/habitaciones\/standard\/\" \/>\n<meta property=\"og:locale\" content=\"es_ES\" \/>\n<meta property=\"og:type\" content=\"article\" \/>\n<meta property=\"og:title\" content=\"Dormir en Siena: Habitaciones Standard - Hotel Italia\" \/>\n<meta property=\"og:description\" content=\"Para dormir en Siena, reserva una de las habitaciones Standard del Hotel Italia, c\u00f3modos alojamientos con Internet WiFi GRATIS y una \u00f3ptima relaci\u00f3n\" \/>\n<meta property=\"og:url\" content=\"https:\/\/www.hotelitalia-siena.it\/es\/habitaciones\/standard\/\" \/>\n<meta property=\"og:site_name\" content=\"Hotel Italia Siena\" \/>\n<meta property=\"article:publisher\" content=\"https:\/\/www.facebook.com\/hotelitaliasiena\/\" \/>\n<meta property=\"article:modified_time\" content=\"2016-09-19T15:15:50+00:00\" \/>\n<meta property=\"og:image\" content=\"https:\/\/www.hotelitalia-siena.it\/wp-content\/uploads\/2016\/09\/sky.png\" \/>\n<meta name=\"twitter:label1\" content=\"Tiempo de lectura\" \/>\n\t<meta name=\"twitter:data1\" content=\"3 minutos\" \/>\n<script type=\"application\/ld+json\" class=\"yoast-schema-graph\">{\"@context\":\"https:\/\/schema.org\",\"@graph\":[{\"@type\":\"WebPage\",\"@id\":\"https:\/\/www.hotelitalia-siena.it\/es\/habitaciones\/standard\/\",\"url\":\"https:\/\/www.hotelitalia-siena.it\/es\/habitaciones\/standard\/\",\"name\":\"Dormir en Siena: Habitaciones Standard - Hotel Italia\",\"isPartOf\":{\"@id\":\"https:\/\/www.hotelitalia-siena.it\/#website\"},\"primaryImageOfPage\":{\"@id\":\"https:\/\/www.hotelitalia-siena.it\/es\/habitaciones\/standard\/#primaryimage\"},\"image\":{\"@id\":\"https:\/\/www.hotelitalia-siena.it\/es\/habitaciones\/standard\/#primaryimage\"},\"thumbnailUrl\":\"https:\/\/www.hotelitalia-siena.it\/wp-content\/uploads\/2016\/09\/sky.png\",\"datePublished\":\"2015-01-26T14:03:05+00:00\",\"dateModified\":\"2016-09-19T15:15:50+00:00\",\"description\":\"Para dormir en Siena, reserva una de las habitaciones Standard del Hotel Italia, c\u00f3modos alojamientos con Internet WiFi GRATIS y una \u00f3ptima relaci\u00f3n\",\"breadcrumb\":{\"@id\":\"https:\/\/www.hotelitalia-siena.it\/es\/habitaciones\/standard\/#breadcrumb\"},\"inLanguage\":\"es\",\"potentialAction\":[{\"@type\":\"ReadAction\",\"target\":[\"https:\/\/www.hotelitalia-siena.it\/es\/habitaciones\/standard\/\"]}]},{\"@type\":\"ImageObject\",\"inLanguage\":\"es\",\"@id\":\"https:\/\/www.hotelitalia-siena.it\/es\/habitaciones\/standard\/#primaryimage\",\"url\":\"https:\/\/www.hotelitalia-siena.it\/wp-content\/uploads\/2016\/09\/sky.png\",\"contentUrl\":\"https:\/\/www.hotelitalia-siena.it\/wp-content\/uploads\/2016\/09\/sky.png\"},{\"@type\":\"BreadcrumbList\",\"@id\":\"https:\/\/www.hotelitalia-siena.it\/es\/habitaciones\/standard\/#breadcrumb\",\"itemListElement\":[{\"@type\":\"ListItem\",\"position\":1,\"name\":\"Hotel Italia\",\"item\":\"https:\/\/www.hotelitalia-siena.it\/es\/\"},{\"@type\":\"ListItem\",\"position\":2,\"name\":\"Habitaciones\",\"item\":\"https:\/\/www.hotelitalia-siena.it\/es\/habitaciones\/\"},{\"@type\":\"ListItem\",\"position\":3,\"name\":\"Standard\"}]},{\"@type\":\"WebSite\",\"@id\":\"https:\/\/www.hotelitalia-siena.it\/#website\",\"url\":\"https:\/\/www.hotelitalia-siena.it\/\",\"name\":\"Hotel Italia Siena\",\"description\":\"Otro sitio WordPress\",\"publisher\":{\"@id\":\"https:\/\/www.hotelitalia-siena.it\/#organization\"},\"potentialAction\":[{\"@type\":\"SearchAction\",\"target\":{\"@type\":\"EntryPoint\",\"urlTemplate\":\"https:\/\/www.hotelitalia-siena.it\/?s={search_term_string}\"},\"query-input\":\"required name=search_term_string\"}],\"inLanguage\":\"es\"},{\"@type\":\"Organization\",\"@id\":\"https:\/\/www.hotelitalia-siena.it\/#organization\",\"name\":\"Hotel Italia SpA\",\"url\":\"https:\/\/www.hotelitalia-siena.it\/\",\"logo\":{\"@type\":\"ImageObject\",\"inLanguage\":\"es\",\"@id\":\"https:\/\/www.hotelitalia-siena.it\/#\/schema\/logo\/image\/\",\"url\":\"https:\/\/www.hotelitalia-siena.it\/wp-content\/uploads\/2018\/04\/hotel-italia-siena-logo.png\",\"contentUrl\":\"https:\/\/www.hotelitalia-siena.it\/wp-content\/uploads\/2018\/04\/hotel-italia-siena-logo.png\",\"width\":147,\"height\":102,\"caption\":\"Hotel Italia SpA\"},\"image\":{\"@id\":\"https:\/\/www.hotelitalia-siena.it\/#\/schema\/logo\/image\/\"},\"sameAs\":[\"https:\/\/www.facebook.com\/hotelitaliasiena\/\"]}]}<\/script>\n<!-- \/ Yoast SEO plugin. -->","yoast_head_json":{"title":"Dormir en Siena: Habitaciones Standard - Hotel Italia","description":"Para dormir en Siena, reserva una de las habitaciones Standard del Hotel Italia, c\u00f3modos alojamientos con Internet WiFi GRATIS y una \u00f3ptima relaci\u00f3n","robots":{"index":"index","follow":"follow","max-snippet":"max-snippet:-1","max-image-preview":"max-image-preview:large","max-video-preview":"max-video-preview:-1"},"canonical":"https:\/\/www.hotelitalia-siena.it\/es\/habitaciones\/standard\/","og_locale":"es_ES","og_type":"article","og_title":"Dormir en Siena: Habitaciones Standard - Hotel Italia","og_description":"Para dormir en Siena, reserva una de las habitaciones Standard del Hotel Italia, c\u00f3modos alojamientos con Internet WiFi GRATIS y una \u00f3ptima relaci\u00f3n","og_url":"https:\/\/www.hotelitalia-siena.it\/es\/habitaciones\/standard\/","og_site_name":"Hotel Italia Siena","article_publisher":"https:\/\/www.facebook.com\/hotelitaliasiena\/","article_modified_time":"2016-09-19T15:15:50+00:00","og_image":[{"url":"https:\/\/www.hotelitalia-siena.it\/wp-content\/uploads\/2016\/09\/sky.png"}],"twitter_misc":{"Tiempo de lectura":"3 minutos"},"schema":{"@context":"https:\/\/schema.org","@graph":[{"@type":"WebPage","@id":"https:\/\/www.hotelitalia-siena.it\/es\/habitaciones\/standard\/","url":"https:\/\/www.hotelitalia-siena.it\/es\/habitaciones\/standard\/","name":"Dormir en Siena: Habitaciones Standard - Hotel Italia","isPartOf":{"@id":"https:\/\/www.hotelitalia-siena.it\/#website"},"primaryImageOfPage":{"@id":"https:\/\/www.hotelitalia-siena.it\/es\/habitaciones\/standard\/#primaryimage"},"image":{"@id":"https:\/\/www.hotelitalia-siena.it\/es\/habitaciones\/standard\/#primaryimage"},"thumbnailUrl":"https:\/\/www.hotelitalia-siena.it\/wp-content\/uploads\/2016\/09\/sky.png","datePublished":"2015-01-26T14:03:05+00:00","dateModified":"2016-09-19T15:15:50+00:00","description":"Para dormir en Siena, reserva una de las habitaciones Standard del Hotel Italia, c\u00f3modos alojamientos con Internet WiFi GRATIS y una \u00f3ptima relaci\u00f3n","breadcrumb":{"@id":"https:\/\/www.hotelitalia-siena.it\/es\/habitaciones\/standard\/#breadcrumb"},"inLanguage":"es","potentialAction":[{"@type":"ReadAction","target":["https:\/\/www.hotelitalia-siena.it\/es\/habitaciones\/standard\/"]}]},{"@type":"ImageObject","inLanguage":"es","@id":"https:\/\/www.hotelitalia-siena.it\/es\/habitaciones\/standard\/#primaryimage","url":"https:\/\/www.hotelitalia-siena.it\/wp-content\/uploads\/2016\/09\/sky.png","contentUrl":"https:\/\/www.hotelitalia-siena.it\/wp-content\/uploads\/2016\/09\/sky.png"},{"@type":"BreadcrumbList","@id":"https:\/\/www.hotelitalia-siena.it\/es\/habitaciones\/standard\/#breadcrumb","itemListElement":[{"@type":"ListItem","position":1,"name":"Hotel Italia","item":"https:\/\/www.hotelitalia-siena.it\/es\/"},{"@type":"ListItem","position":2,"name":"Habitaciones","item":"https:\/\/www.hotelitalia-siena.it\/es\/habitaciones\/"},{"@type":"ListItem","position":3,"name":"Standard"}]},{"@type":"WebSite","@id":"https:\/\/www.hotelitalia-siena.it\/#website","url":"https:\/\/www.hotelitalia-siena.it\/","name":"Hotel Italia Siena","description":"Otro sitio WordPress","publisher":{"@id":"https:\/\/www.hotelitalia-siena.it\/#organization"},"potentialAction":[{"@type":"SearchAction","target":{"@type":"EntryPoint","urlTemplate":"https:\/\/www.hotelitalia-siena.it\/?s={search_term_string}"},"query-input":"required name=search_term_string"}],"inLanguage":"es"},{"@type":"Organization","@id":"https:\/\/www.hotelitalia-siena.it\/#organization","name":"Hotel Italia SpA","url":"https:\/\/www.hotelitalia-siena.it\/","logo":{"@type":"ImageObject","inLanguage":"es","@id":"https:\/\/www.hotelitalia-siena.it\/#\/schema\/logo\/image\/","url":"https:\/\/www.hotelitalia-siena.it\/wp-content\/uploads\/2018\/04\/hotel-italia-siena-logo.png","contentUrl":"https:\/\/www.hotelitalia-siena.it\/wp-content\/uploads\/2018\/04\/hotel-italia-siena-logo.png","width":147,"height":102,"caption":"Hotel Italia SpA"},"image":{"@id":"https:\/\/www.hotelitalia-siena.it\/#\/schema\/logo\/image\/"},"sameAs":["https:\/\/www.facebook.com\/hotelitaliasiena\/"]}]}},"_links":{"self":[{"href":"https:\/\/www.hotelitalia-siena.it\/es\/wp-json\/wp\/v2\/pages\/762"}],"collection":[{"href":"https:\/\/www.hotelitalia-siena.it\/es\/wp-json\/wp\/v2\/pages"}],"about":[{"href":"https:\/\/www.hotelitalia-siena.it\/es\/wp-json\/wp\/v2\/types\/page"}],"author":[{"embeddable":true,"href":"https:\/\/www.hotelitalia-siena.it\/es\/wp-json\/wp\/v2\/users\/1"}],"replies":[{"embeddable":true,"href":"https:\/\/www.hotelitalia-siena.it\/es\/wp-json\/wp\/v2\/comments?post=762"}],"version-history":[{"count":0,"href":"https:\/\/www.hotelitalia-siena.it\/es\/wp-json\/wp\/v2\/pages\/762\/revisions"}],"up":[{"embeddable":true,"href":"https:\/\/www.hotelitalia-siena.it\/es\/wp-json\/wp\/v2\/pages\/752"}],"wp:attachment":[{"href":"https:\/\/www.hotelitalia-siena.it\/es\/wp-json\/wp\/v2\/media?parent=762"}],"curies":[{"name":"wp","href":"https:\/\/api.w.org\/{rel}","templated":true}]}}