{"id":758,"date":"2015-01-26T14:01:56","date_gmt":"2015-01-26T14:01:56","guid":{"rendered":"http:\/\/newsite.gardenhotel.it\/camere\/belvedere\/"},"modified":"2017-09-18T11:50:54","modified_gmt":"2017-09-18T11:50:54","slug":"executive","status":"publish","type":"page","link":"https:\/\/www.hotelitalia-siena.it\/es\/habitaciones\/executive\/","title":{"rendered":"Executive"},"content":{"rendered":"<p>[et_pb_section bb_built=&#8221;1&#8243; admin_label=&#8221;section&#8221; fullwidth=&#8221;on&#8221; specialty=&#8221;off&#8221; transparent_background=&#8221;off&#8221; background_color=&#8221;#ffffff&#8221; inner_shadow=&#8221;off&#8221; parallax=&#8221;off&#8221; parallax_method=&#8221;off&#8221; module_class=&#8221;home_header_slide&#8221;][et_pb_fullwidth_slider show_arrows=&#8221;off&#8221; show_pagination=&#8221;off&#8221; auto=&#8221;off&#8221; parallax=&#8221;off&#8221; parallax_method=&#8221;off&#8221;] [et_pb_slide background_image=&#8221;https:\/\/www.hotelitalia-siena.it\/wp-content\/uploads\/2015\/01\/header-executive.jpg&#8221; background_color=&#8221;#ffffff&#8221; alignment=&#8221;center&#8221; background_layout=&#8221;dark&#8221; \/] [\/et_pb_fullwidth_slider][\/et_pb_section][et_pb_section bb_built=&#8221;1&#8243; admin_label=&#8221;section&#8221; fullwidth=&#8221;off&#8221; specialty=&#8221;off&#8221; transparent_background=&#8221;off&#8221; background_color=&#8221;#ffffff&#8221; inner_shadow=&#8221;off&#8221; parallax=&#8221;off&#8221; parallax_method=&#8221;off&#8221; module_id=&#8221;h-booking_container&#8221;][et_pb_row admin_label=&#8221;row&#8221; background_position=&#8221;top_left&#8221; background_repeat=&#8221;repeat&#8221; background_size=&#8221;initial&#8221;][et_pb_column type=&#8221;4_4&#8243;][et_pb_sidebar orientation=&#8221;left&#8221; area=&#8221;et_pb_widget_area_1&#8243; background_layout=&#8221;light&#8221; \/][\/et_pb_column][\/et_pb_row][\/et_pb_section][et_pb_section bb_built=&#8221;1&#8243; admin_label=&#8221;section&#8221; fullwidth=&#8221;off&#8221; specialty=&#8221;off&#8221; transparent_background=&#8221;off&#8221; background_color=&#8221;#ffffff&#8221; inner_shadow=&#8221;off&#8221; parallax=&#8221;off&#8221; parallax_method=&#8221;off&#8221; module_class=&#8221;room_block&#8221;][et_pb_row admin_label=&#8221;row&#8221; background_position=&#8221;top_left&#8221; background_repeat=&#8221;repeat&#8221; background_size=&#8221;initial&#8221;][et_pb_column type=&#8221;4_4&#8243;][et_pb_text background_layout=&#8221;light&#8221; text_orientation=&#8221;left&#8221; border_style=&#8221;solid&#8221; background_position=&#8221;top_left&#8221; background_repeat=&#8221;repeat&#8221; background_size=&#8221;initial&#8221; _builder_version=&#8221;3.0.71&#8243;]<\/p>\n<h2 style=\"text-align: justify;\">Habitaciones Executive&#8230; Tecnolog\u00eda en la habitaci\u00f3n<\/h2>\n<p>&nbsp;<\/p>\n<p style=\"text-align: justify;\">Las habitaciones Executive, de reciente construcci\u00f3n, se encuentran en la tercera planta del edificio central.<br \/>\nLa cama de matrimonio es king size y son todas muy luminosas y est\u00e1n perfectamente insonorizadas.<br \/>\nLas l\u00edneas limpias y el blanco de la tapicer\u00eda dominan el estilo moderno de estas habitaciones, y los ba\u00f1os de m\u00e1rmol, todos con una espaciosa ducha, aportan un nuevo toque de estilo a este ambiente sofisticado.<br \/>\nDos habitaciones cuentan con una terraza grande con vigas a la vista y suelo de terracota, que pueden reservarse con un peque\u00f1o suplemento diario.<\/p>\n<p>Este es nuestro producto m\u00e1s exclusivo, \u201cel top de la gama\u201d.<\/p>\n<p>Todas las habitaciones que dan a la calle tienen doble cristal fonoabsorbente y ventanas insonorizadas de \u00faltima generaci\u00f3n.<\/p>\n<p><strong>Para tu estancia en Siena cerca del centro de la ciudad, deber\u00edas elegir una Executive si&#8230;<\/strong><\/p>\n<ul>\n<li>El precio no es el factor determinante.<\/li>\n<li>Te gustan los colores claros y un entorno moderno.<\/li>\n<li>Te gusta disfrutar de una buena pel\u00edcula en los canales Sky gratuitos en una pantalla plana de 42&#8243;.<\/li>\n<li>Quieres relajarte escuchando tu m\u00fasica preferida mediante la introducci\u00f3n de tu Ipod en el correspondiente lector.<\/li>\n<li>Cuando regreses, quieres hacer una infusi\u00f3n caliente con la tetera .<\/li>\n<li>Quieres navegar por Internet con la l\u00ednea WiFi TOP de banda ancha de m\u00e1xima precisi\u00f3n.<\/li>\n<li>\u00a1Simplemente quieres siempre lo mejor!<\/li>\n<\/ul>\n<p><strong class=\"services_title\">EQUIPAMIENTO Y CARACTER\u00cdSTICAS DE LA HABITACI\u00d3N:<\/strong><\/p>\n<div class=\"room_logo_services\"><img decoding=\"async\" class=\"aligncenter wp-image-262 size-full\" style=\"margin-top: -10px; position: absolute; left: 0;\" src=\"https:\/\/www.hotelitalia-siena.it\/wp-content\/uploads\/2016\/09\/sky.png\" alt=\"Camere con Sky\" width=\"70px\" height=\"\" \/><img decoding=\"async\" class=\"aligncenter wp-image-262 size-full\" style=\"margin-top: -5px; position: absolute; right: 0;\" src=\"https:\/\/www.hotelitalia-siena.it\/wp-content\/uploads\/2016\/09\/free-wifi.png\" alt=\"Free Wi-fi\" width=\"70px\" height=\"\" \/><\/div>\n<p>&nbsp;<\/p>\n<ul>\n<li>NO FUMADORES<\/li>\n<li>Superficie: 21 m2<\/li>\n<li>Cama de matrimonio king size<\/li>\n<li>Aire acondicionado<\/li>\n<li>WiFi gratuita de m\u00e1xima precisi\u00f3n<\/li>\n<li>Tv de 42&#8243; de pantalla plana<\/li>\n<li>Canales sat\u00e9lite en lengua extranjera<\/li>\n<li>Canales Sky gratuitos<\/li>\n<li>I-POD Docking Station<\/li>\n<li>Mini HI-FI con radio<\/li>\n<li>Lector CD\/mp3 y Dvd con Dolby Digital<\/li>\n<li>Conjunto Hervidor para infusiones\/t\u00e9\/caf\u00e9<\/li>\n<li>Minibar gratuito<\/li>\n<li>Caja fuerte<\/li>\n<li>Tel\u00e9fono<\/li>\n<li>Servicios privados con ducha<\/li>\n<li>Secador de pelo<\/li>\n<li>Toallas<\/li>\n<li>Zapatillas<\/li>\n<li>L\u00ednea Cortes\u00eda Ba\u00f1o con cosm\u00e9ticos de gran calidad solo a base de extractos naturales y totalmente cruelty-free (no testados en animales).<\/li>\n<\/ul>\n<p>[\/et_pb_text][\/et_pb_column][\/et_pb_row][et_pb_row admin_label=&#8221;row&#8221; background_position=&#8221;top_left&#8221; background_repeat=&#8221;repeat&#8221; background_size=&#8221;initial&#8221;][et_pb_column type=&#8221;4_4&#8243;][et_pb_gallery gallery_ids=&#8221;4514,4502,4508,4520,8932,4526,4532,4538,4791,4544,5603,5543&#8243; fullwidth=&#8221;off&#8221; posts_number=&#8221;12&#8243; show_title_and_caption=&#8221;on&#8221; show_pagination=&#8221;off&#8221; background_layout=&#8221;light&#8221; \/][\/et_pb_column][\/et_pb_row][et_pb_row admin_label=&#8221;row&#8221; background_position=&#8221;top_left&#8221; background_repeat=&#8221;repeat&#8221; background_size=&#8221;initial&#8221;][et_pb_column type=&#8221;4_4&#8243;][et_pb_text background_layout=&#8221;light&#8221; text_orientation=&#8221;left&#8221; background_position=&#8221;top_left&#8221; background_repeat=&#8221;repeat&#8221; background_size=&#8221;initial&#8221;]  [\/et_pb_text][\/et_pb_column][\/et_pb_row][\/et_pb_section]<\/p>\n","protected":false},"excerpt":{"rendered":"<p>Habitaciones Executive&#8230; Tecnolog\u00eda en la habitaci\u00f3n &nbsp; Las habitaciones Executive, de reciente construcci\u00f3n, se encuentran en la tercera planta del edificio central. La cama de matrimonio es king size y son todas muy luminosas y est\u00e1n perfectamente insonorizadas. Las l\u00edneas limpias y el blanco de la tapicer\u00eda dominan el estilo moderno de estas habitaciones, y [&hellip;]<\/p>\n","protected":false},"author":1,"featured_media":0,"parent":752,"menu_order":0,"comment_status":"closed","ping_status":"closed","template":"","meta":{"_acf_changed":false,"_et_pb_use_builder":"on","_et_pb_old_content":"","_et_gb_content_width":"","footnotes":""},"acf":[],"yoast_head":"<!-- This site is optimized with the Yoast SEO plugin v23.0 - https:\/\/yoast.com\/wordpress\/plugins\/seo\/ -->\n<title>Centro Siena: Habitaciones Executive-Hotel Italia<\/title>\n<meta name=\"description\" content=\"Aseg\u00farate una c\u00f3moda y elegante estancia en Siena cerca del centro ciudad reservando una de las exclusivas Habitaciones Executive del Hotel Italia\" \/>\n<meta name=\"robots\" content=\"index, follow, max-snippet:-1, max-image-preview:large, max-video-preview:-1\" \/>\n<link rel=\"canonical\" href=\"https:\/\/www.hotelitalia-siena.it\/es\/habitaciones\/executive\/\" \/>\n<meta property=\"og:locale\" content=\"es_ES\" \/>\n<meta property=\"og:type\" content=\"article\" \/>\n<meta property=\"og:title\" content=\"Centro Siena: Habitaciones Executive-Hotel Italia\" \/>\n<meta property=\"og:description\" content=\"Aseg\u00farate una c\u00f3moda y elegante estancia en Siena cerca del centro ciudad reservando una de las exclusivas Habitaciones Executive del Hotel Italia\" \/>\n<meta property=\"og:url\" content=\"https:\/\/www.hotelitalia-siena.it\/es\/habitaciones\/executive\/\" \/>\n<meta property=\"og:site_name\" content=\"Hotel Italia Siena\" \/>\n<meta property=\"article:publisher\" content=\"https:\/\/www.facebook.com\/hotelitaliasiena\/\" \/>\n<meta property=\"article:modified_time\" content=\"2017-09-18T11:50:54+00:00\" \/>\n<meta property=\"og:image\" content=\"https:\/\/www.hotelitalia-siena.it\/wp-content\/uploads\/2016\/09\/sky.png\" \/>\n<meta name=\"twitter:label1\" content=\"Tiempo de lectura\" \/>\n\t<meta name=\"twitter:data1\" content=\"3 minutos\" \/>\n<script type=\"application\/ld+json\" class=\"yoast-schema-graph\">{\"@context\":\"https:\/\/schema.org\",\"@graph\":[{\"@type\":\"WebPage\",\"@id\":\"https:\/\/www.hotelitalia-siena.it\/es\/habitaciones\/executive\/\",\"url\":\"https:\/\/www.hotelitalia-siena.it\/es\/habitaciones\/executive\/\",\"name\":\"Centro Siena: Habitaciones Executive-Hotel Italia\",\"isPartOf\":{\"@id\":\"https:\/\/www.hotelitalia-siena.it\/#website\"},\"primaryImageOfPage\":{\"@id\":\"https:\/\/www.hotelitalia-siena.it\/es\/habitaciones\/executive\/#primaryimage\"},\"image\":{\"@id\":\"https:\/\/www.hotelitalia-siena.it\/es\/habitaciones\/executive\/#primaryimage\"},\"thumbnailUrl\":\"https:\/\/www.hotelitalia-siena.it\/wp-content\/uploads\/2016\/09\/sky.png\",\"datePublished\":\"2015-01-26T14:01:56+00:00\",\"dateModified\":\"2017-09-18T11:50:54+00:00\",\"description\":\"Aseg\u00farate una c\u00f3moda y elegante estancia en Siena cerca del centro ciudad reservando una de las exclusivas Habitaciones Executive del Hotel Italia\",\"breadcrumb\":{\"@id\":\"https:\/\/www.hotelitalia-siena.it\/es\/habitaciones\/executive\/#breadcrumb\"},\"inLanguage\":\"es\",\"potentialAction\":[{\"@type\":\"ReadAction\",\"target\":[\"https:\/\/www.hotelitalia-siena.it\/es\/habitaciones\/executive\/\"]}]},{\"@type\":\"ImageObject\",\"inLanguage\":\"es\",\"@id\":\"https:\/\/www.hotelitalia-siena.it\/es\/habitaciones\/executive\/#primaryimage\",\"url\":\"https:\/\/www.hotelitalia-siena.it\/wp-content\/uploads\/2016\/09\/sky.png\",\"contentUrl\":\"https:\/\/www.hotelitalia-siena.it\/wp-content\/uploads\/2016\/09\/sky.png\"},{\"@type\":\"BreadcrumbList\",\"@id\":\"https:\/\/www.hotelitalia-siena.it\/es\/habitaciones\/executive\/#breadcrumb\",\"itemListElement\":[{\"@type\":\"ListItem\",\"position\":1,\"name\":\"Hotel Italia\",\"item\":\"https:\/\/www.hotelitalia-siena.it\/es\/\"},{\"@type\":\"ListItem\",\"position\":2,\"name\":\"Habitaciones\",\"item\":\"https:\/\/www.hotelitalia-siena.it\/es\/habitaciones\/\"},{\"@type\":\"ListItem\",\"position\":3,\"name\":\"Executive\"}]},{\"@type\":\"WebSite\",\"@id\":\"https:\/\/www.hotelitalia-siena.it\/#website\",\"url\":\"https:\/\/www.hotelitalia-siena.it\/\",\"name\":\"Hotel Italia Siena\",\"description\":\"Otro sitio WordPress\",\"publisher\":{\"@id\":\"https:\/\/www.hotelitalia-siena.it\/#organization\"},\"potentialAction\":[{\"@type\":\"SearchAction\",\"target\":{\"@type\":\"EntryPoint\",\"urlTemplate\":\"https:\/\/www.hotelitalia-siena.it\/?s={search_term_string}\"},\"query-input\":\"required name=search_term_string\"}],\"inLanguage\":\"es\"},{\"@type\":\"Organization\",\"@id\":\"https:\/\/www.hotelitalia-siena.it\/#organization\",\"name\":\"Hotel Italia SpA\",\"url\":\"https:\/\/www.hotelitalia-siena.it\/\",\"logo\":{\"@type\":\"ImageObject\",\"inLanguage\":\"es\",\"@id\":\"https:\/\/www.hotelitalia-siena.it\/#\/schema\/logo\/image\/\",\"url\":\"https:\/\/www.hotelitalia-siena.it\/wp-content\/uploads\/2018\/04\/hotel-italia-siena-logo.png\",\"contentUrl\":\"https:\/\/www.hotelitalia-siena.it\/wp-content\/uploads\/2018\/04\/hotel-italia-siena-logo.png\",\"width\":147,\"height\":102,\"caption\":\"Hotel Italia SpA\"},\"image\":{\"@id\":\"https:\/\/www.hotelitalia-siena.it\/#\/schema\/logo\/image\/\"},\"sameAs\":[\"https:\/\/www.facebook.com\/hotelitaliasiena\/\"]}]}<\/script>\n<!-- \/ Yoast SEO plugin. -->","yoast_head_json":{"title":"Centro Siena: Habitaciones Executive-Hotel Italia","description":"Aseg\u00farate una c\u00f3moda y elegante estancia en Siena cerca del centro ciudad reservando una de las exclusivas Habitaciones Executive del Hotel Italia","robots":{"index":"index","follow":"follow","max-snippet":"max-snippet:-1","max-image-preview":"max-image-preview:large","max-video-preview":"max-video-preview:-1"},"canonical":"https:\/\/www.hotelitalia-siena.it\/es\/habitaciones\/executive\/","og_locale":"es_ES","og_type":"article","og_title":"Centro Siena: Habitaciones Executive-Hotel Italia","og_description":"Aseg\u00farate una c\u00f3moda y elegante estancia en Siena cerca del centro ciudad reservando una de las exclusivas Habitaciones Executive del Hotel Italia","og_url":"https:\/\/www.hotelitalia-siena.it\/es\/habitaciones\/executive\/","og_site_name":"Hotel Italia Siena","article_publisher":"https:\/\/www.facebook.com\/hotelitaliasiena\/","article_modified_time":"2017-09-18T11:50:54+00:00","og_image":[{"url":"https:\/\/www.hotelitalia-siena.it\/wp-content\/uploads\/2016\/09\/sky.png"}],"twitter_misc":{"Tiempo de lectura":"3 minutos"},"schema":{"@context":"https:\/\/schema.org","@graph":[{"@type":"WebPage","@id":"https:\/\/www.hotelitalia-siena.it\/es\/habitaciones\/executive\/","url":"https:\/\/www.hotelitalia-siena.it\/es\/habitaciones\/executive\/","name":"Centro Siena: Habitaciones Executive-Hotel Italia","isPartOf":{"@id":"https:\/\/www.hotelitalia-siena.it\/#website"},"primaryImageOfPage":{"@id":"https:\/\/www.hotelitalia-siena.it\/es\/habitaciones\/executive\/#primaryimage"},"image":{"@id":"https:\/\/www.hotelitalia-siena.it\/es\/habitaciones\/executive\/#primaryimage"},"thumbnailUrl":"https:\/\/www.hotelitalia-siena.it\/wp-content\/uploads\/2016\/09\/sky.png","datePublished":"2015-01-26T14:01:56+00:00","dateModified":"2017-09-18T11:50:54+00:00","description":"Aseg\u00farate una c\u00f3moda y elegante estancia en Siena cerca del centro ciudad reservando una de las exclusivas Habitaciones Executive del Hotel Italia","breadcrumb":{"@id":"https:\/\/www.hotelitalia-siena.it\/es\/habitaciones\/executive\/#breadcrumb"},"inLanguage":"es","potentialAction":[{"@type":"ReadAction","target":["https:\/\/www.hotelitalia-siena.it\/es\/habitaciones\/executive\/"]}]},{"@type":"ImageObject","inLanguage":"es","@id":"https:\/\/www.hotelitalia-siena.it\/es\/habitaciones\/executive\/#primaryimage","url":"https:\/\/www.hotelitalia-siena.it\/wp-content\/uploads\/2016\/09\/sky.png","contentUrl":"https:\/\/www.hotelitalia-siena.it\/wp-content\/uploads\/2016\/09\/sky.png"},{"@type":"BreadcrumbList","@id":"https:\/\/www.hotelitalia-siena.it\/es\/habitaciones\/executive\/#breadcrumb","itemListElement":[{"@type":"ListItem","position":1,"name":"Hotel Italia","item":"https:\/\/www.hotelitalia-siena.it\/es\/"},{"@type":"ListItem","position":2,"name":"Habitaciones","item":"https:\/\/www.hotelitalia-siena.it\/es\/habitaciones\/"},{"@type":"ListItem","position":3,"name":"Executive"}]},{"@type":"WebSite","@id":"https:\/\/www.hotelitalia-siena.it\/#website","url":"https:\/\/www.hotelitalia-siena.it\/","name":"Hotel Italia Siena","description":"Otro sitio WordPress","publisher":{"@id":"https:\/\/www.hotelitalia-siena.it\/#organization"},"potentialAction":[{"@type":"SearchAction","target":{"@type":"EntryPoint","urlTemplate":"https:\/\/www.hotelitalia-siena.it\/?s={search_term_string}"},"query-input":"required name=search_term_string"}],"inLanguage":"es"},{"@type":"Organization","@id":"https:\/\/www.hotelitalia-siena.it\/#organization","name":"Hotel Italia SpA","url":"https:\/\/www.hotelitalia-siena.it\/","logo":{"@type":"ImageObject","inLanguage":"es","@id":"https:\/\/www.hotelitalia-siena.it\/#\/schema\/logo\/image\/","url":"https:\/\/www.hotelitalia-siena.it\/wp-content\/uploads\/2018\/04\/hotel-italia-siena-logo.png","contentUrl":"https:\/\/www.hotelitalia-siena.it\/wp-content\/uploads\/2018\/04\/hotel-italia-siena-logo.png","width":147,"height":102,"caption":"Hotel Italia SpA"},"image":{"@id":"https:\/\/www.hotelitalia-siena.it\/#\/schema\/logo\/image\/"},"sameAs":["https:\/\/www.facebook.com\/hotelitaliasiena\/"]}]}},"_links":{"self":[{"href":"https:\/\/www.hotelitalia-siena.it\/es\/wp-json\/wp\/v2\/pages\/758"}],"collection":[{"href":"https:\/\/www.hotelitalia-siena.it\/es\/wp-json\/wp\/v2\/pages"}],"about":[{"href":"https:\/\/www.hotelitalia-siena.it\/es\/wp-json\/wp\/v2\/types\/page"}],"author":[{"embeddable":true,"href":"https:\/\/www.hotelitalia-siena.it\/es\/wp-json\/wp\/v2\/users\/1"}],"replies":[{"embeddable":true,"href":"https:\/\/www.hotelitalia-siena.it\/es\/wp-json\/wp\/v2\/comments?post=758"}],"version-history":[{"count":0,"href":"https:\/\/www.hotelitalia-siena.it\/es\/wp-json\/wp\/v2\/pages\/758\/revisions"}],"up":[{"embeddable":true,"href":"https:\/\/www.hotelitalia-siena.it\/es\/wp-json\/wp\/v2\/pages\/752"}],"wp:attachment":[{"href":"https:\/\/www.hotelitalia-siena.it\/es\/wp-json\/wp\/v2\/media?parent=758"}],"curies":[{"name":"wp","href":"https:\/\/api.w.org\/{rel}","templated":true}]}}