{"id":4339,"date":"2015-07-03T08:32:24","date_gmt":"2015-07-03T08:32:24","guid":{"rendered":"http:\/\/local.hotelitalia-siena.it\/camere\/superior\/"},"modified":"2016-09-19T15:20:09","modified_gmt":"2016-09-19T15:20:09","slug":"superior","status":"publish","type":"page","link":"https:\/\/www.hotelitalia-siena.it\/es\/habitaciones\/superior\/","title":{"rendered":"Superior"},"content":{"rendered":"<p>[et_pb_section admin_label=&#8221;section&#8221; fullwidth=&#8221;on&#8221; specialty=&#8221;off&#8221; transparent_background=&#8221;off&#8221; background_color=&#8221;#ffffff&#8221; inner_shadow=&#8221;off&#8221; parallax=&#8221;off&#8221; parallax_method=&#8221;off&#8221; module_class=&#8221;home_header_slide&#8221;][et_pb_fullwidth_slider admin_label=&#8221;Fullwidth Slider&#8221; show_arrows=&#8221;off&#8221; show_pagination=&#8221;off&#8221; auto=&#8221;off&#8221; parallax=&#8221;off&#8221; parallax_method=&#8221;off&#8221;]<\/p>\n<p>[et_pb_slide background_image=&#8221;https:\/\/www.hotelitalia-siena.it\/wp-content\/uploads\/2015\/07\/HOTEL-ITALIA-SIENA-CAMERA-DOPPIA-SUPERIOR-2.jpg&#8221; background_color=&#8221;#ffffff&#8221; alignment=&#8221;center&#8221; background_layout=&#8221;dark&#8221; \/]<\/p>\n<p>[\/et_pb_fullwidth_slider][\/et_pb_section][et_pb_section admin_label=&#8221;section&#8221; fullwidth=&#8221;off&#8221; specialty=&#8221;off&#8221; transparent_background=&#8221;off&#8221; background_color=&#8221;#ffffff&#8221; inner_shadow=&#8221;off&#8221; parallax=&#8221;off&#8221; parallax_method=&#8221;off&#8221; module_id=&#8221;h-booking_container&#8221;][et_pb_row admin_label=&#8221;row&#8221;][et_pb_column type=&#8221;4_4&#8243;][et_pb_sidebar admin_label=&#8221;Sidebar&#8221; orientation=&#8221;left&#8221; area=&#8221;et_pb_widget_area_1&#8243; background_layout=&#8221;light&#8221;]<\/p>\n<p>[\/et_pb_sidebar][\/et_pb_column][\/et_pb_row][\/et_pb_section][et_pb_section admin_label=&#8221;section&#8221; fullwidth=&#8221;off&#8221; specialty=&#8221;off&#8221; transparent_background=&#8221;off&#8221; background_color=&#8221;#ffffff&#8221; inner_shadow=&#8221;off&#8221; parallax=&#8221;off&#8221; parallax_method=&#8221;off&#8221; module_class=&#8221;room_block&#8221;][et_pb_row admin_label=&#8221;row&#8221;][et_pb_column type=&#8221;4_4&#8243;][et_pb_text admin_label=&#8221;Text&#8221; background_layout=&#8221;light&#8221; text_orientation=&#8221;left&#8221; use_border_color=&#8221;off&#8221; border_color=&#8221;#ffffff&#8221; border_style=&#8221;solid&#8221;]<\/p>\n<h2 style=\"text-align: justify;\">Habitaciones Superior&#8230;Elegancia intemporal<\/h2>\n<p>Para disfrutar de una c\u00f3moda pernoctaci\u00f3n en Siena, nuestras habitaciones Superior fueron renovadas en 2010 con un estilo armonioso entre tradici\u00f3n y modernidad, y se encuentran tanto en el edificio central como en las dependencias.<br \/>\nSe encuentran disponibles con cama de matrimonio, camas individuales, triple o cu\u00e1druple. Los ba\u00f1os pueden tener ba\u00f1era o solo ducha.<br \/>\nEstas habitaciones son una opci\u00f3n intermedia entre las Standard y las Executive y seguramente pueden satisfacer las exigencias de todos. El estilo de la tapicer\u00eda es alegre y colorista y combina perfectamente con los suelos de terracota o parqu\u00e9.<br \/>\nAlgunas de estas habitaciones cuentan con terraza o balc\u00f3n, y pueden reservarse con un peque\u00f1o suplemento diario.<br \/>\nTodas las habitaciones que dan a la calle tienen doble cristal fonoabsorbente y ventanas insonorizadas.<\/p>\n<p><strong>Deber\u00edas elegir una Superior si&#8230;<\/strong><\/p>\n<ul>\n<li>Quieres el justo compromiso entre precio y calidad.<\/li>\n<li>Te encantan los colores c\u00e1lidos y vivos del estilo toscano.<\/li>\n<li>Prefieres los suelos r\u00fasticos como la terracota o el parqu\u00e9.<\/li>\n<li>Quieres navegar por Internet con una WiFi SUPER de \u00f3ptima calidad y de banda ancha garantizada.<\/li>\n<li>La TV es importante y te gusta mirar una buena pel\u00edcula en 37&#8243;.<\/li>\n<li>\u00a1Simplemente quieres sentirte bien durante tu pernoctaci\u00f3n en Siena!<\/li>\n<\/ul>\n<p><strong class=\"services_title\">EQUIPAMIENTO Y CARACTER\u00cdSTICAS DE LA HABITACI\u00d3N:<\/strong><\/p>\n<div class=\"room_logo_services\"><img decoding=\"async\" style=\"margin-top: -10px; position:absolute;left:0;\" class=\"aligncenter wp-image-262 size-full\" src=\"https:\/\/www.hotelitalia-siena.it\/wp-content\/uploads\/2016\/09\/sky.png\" alt=\"Camere con Sky\" height=\"\" width=\"70px\"><img decoding=\"async\" style=\"margin-top:-5px; position:absolute;right:0; \" class=\"aligncenter wp-image-262 size-full\" src=\"https:\/\/www.hotelitalia-siena.it\/wp-content\/uploads\/2016\/09\/free-wifi.png\" alt=\"Free Wi-fi\" height=\"\" width=\"70px\"><\/div>\n<p><br style=\"clear:both;\"><\/p>\n<ul>\n<li>NO FUMADORES<\/li>\n<li>Superficie: de 21 a 26 m2<\/li>\n<li>Dobles (cama de matrimonio o dos camas), triple (tres camas individuales o una cama de matrimonio + 1 cama individual), cu\u00e1druple (cama de matrimonio + sof\u00e1 cama y otra cama extra\u00edble).<\/li>\n<li>Aire acondicionado<\/li>\n<li>WiFi SUPER gratuito de banda ancha garantizada<\/li>\n<li>Tv de 37&#8243; de pantalla plana<\/li>\n<li>Canales sat\u00e9lite en lengua extranjera<\/li>\n<li>Canales Sky gratuitos<\/li>\n<li>Minibar<\/li>\n<li>Caja fuerte<\/li>\n<li>Tel\u00e9fono<\/li>\n<li>Servicios privados con ducha o ba\u00f1era<\/li>\n<li>Secador de pelo<\/li>\n<li>Toallas<\/li>\n<li>L\u00ednea Cortes\u00eda Ba\u00f1o con cosm\u00e9ticos de gran calidad solo a base de extractos naturales y totalmente cruelty-free (no testados en animales).<\/li>\n<\/ul>\n<p>[\/et_pb_text][\/et_pb_column][\/et_pb_row][et_pb_row admin_label=&#8221;row&#8221;][et_pb_column type=&#8221;4_4&#8243;][et_pb_gallery admin_label=&#8221;Gallery&#8221; gallery_ids=&#8221;8967,4737,4755,4785,4803,4773,4574,4791,4580,4809,8909,4779,4821,4797,6922,5603&#8243; fullwidth=&#8221;off&#8221; posts_number=&#8221;16&#8243; show_title_and_caption=&#8221;on&#8221; show_pagination=&#8221;off&#8221; background_layout=&#8221;light&#8221;]<\/p>\n<p>[\/et_pb_gallery][\/et_pb_column][\/et_pb_row][et_pb_row admin_label=&#8221;row&#8221;][et_pb_column type=&#8221;4_4&#8243;][et_pb_text admin_label=&#8221;Text&#8221; background_layout=&#8221;light&#8221; text_orientation=&#8221;left&#8221;]<\/p>\n<p>[\/et_pb_text][\/et_pb_column][\/et_pb_row][\/et_pb_section]<\/p>\n","protected":false},"excerpt":{"rendered":"<p>Habitaciones Superior&#8230;Elegancia intemporal Para disfrutar de una c\u00f3moda pernoctaci\u00f3n en Siena, nuestras habitaciones Superior fueron renovadas en 2010 con un estilo armonioso entre tradici\u00f3n y modernidad, y se encuentran tanto en el edificio central como en las dependencias. Se encuentran disponibles con cama de matrimonio, camas individuales, triple o cu\u00e1druple. Los ba\u00f1os pueden tener ba\u00f1era [&hellip;]<\/p>\n","protected":false},"author":1,"featured_media":0,"parent":752,"menu_order":0,"comment_status":"closed","ping_status":"closed","template":"","meta":{"_acf_changed":false,"_et_pb_use_builder":"on","_et_pb_old_content":"<p>Lorem ipsum dolor sit amet, consectetur adipiscing elit, sed do eiusmod tempor incididunt ut labore et dolore magna aliqua. Ut enim ad minim veniam, quis nostrud exercitation ullamco laboris nisi ut aliquip ex ea commodo consequat. Duis aute irure dolor in reprehenderit in voluptate velit esse cillum dolore eu fugiat nulla pariatur. Excepteur sint occaecat cupidatat non proident, sunt in culpa qui officia deserunt mollit anim id est laborum.<\/p>","_et_gb_content_width":"","footnotes":""},"acf":[],"yoast_head":"<!-- This site is optimized with the Yoast SEO plugin v23.0 - https:\/\/yoast.com\/wordpress\/plugins\/seo\/ -->\n<title>Pernoctaci\u00f3n en Siena: Habitaciones Superior - Hotel Italia<\/title>\n<meta name=\"description\" content=\"\u00bfQuiere reservar un alojamiento en Siena pero no sabe d\u00f3nde acudir? \u00a1Conozca ya las elegantes y confortables habitaciones Superior del Hotel Italia!\" \/>\n<meta name=\"robots\" content=\"index, follow, max-snippet:-1, max-image-preview:large, max-video-preview:-1\" \/>\n<link rel=\"canonical\" href=\"https:\/\/www.hotelitalia-siena.it\/es\/habitaciones\/superior\/\" \/>\n<meta property=\"og:locale\" content=\"es_ES\" \/>\n<meta property=\"og:type\" content=\"article\" \/>\n<meta property=\"og:title\" content=\"Pernoctaci\u00f3n en Siena: Habitaciones Superior - Hotel Italia\" \/>\n<meta property=\"og:description\" content=\"\u00bfQuiere reservar un alojamiento en Siena pero no sabe d\u00f3nde acudir? \u00a1Conozca ya las elegantes y confortables habitaciones Superior del Hotel Italia!\" \/>\n<meta property=\"og:url\" content=\"https:\/\/www.hotelitalia-siena.it\/es\/habitaciones\/superior\/\" \/>\n<meta property=\"og:site_name\" content=\"Hotel Italia Siena\" \/>\n<meta property=\"article:publisher\" content=\"https:\/\/www.facebook.com\/hotelitaliasiena\/\" \/>\n<meta property=\"article:modified_time\" content=\"2016-09-19T15:20:09+00:00\" \/>\n<meta property=\"og:image\" content=\"https:\/\/www.hotelitalia-siena.it\/wp-content\/uploads\/2016\/09\/sky.png\" \/>\n<meta name=\"twitter:label1\" content=\"Tiempo de lectura\" \/>\n\t<meta name=\"twitter:data1\" content=\"3 minutos\" \/>\n<script type=\"application\/ld+json\" class=\"yoast-schema-graph\">{\"@context\":\"https:\/\/schema.org\",\"@graph\":[{\"@type\":\"WebPage\",\"@id\":\"https:\/\/www.hotelitalia-siena.it\/es\/habitaciones\/superior\/\",\"url\":\"https:\/\/www.hotelitalia-siena.it\/es\/habitaciones\/superior\/\",\"name\":\"Pernoctaci\u00f3n en Siena: Habitaciones Superior - Hotel Italia\",\"isPartOf\":{\"@id\":\"https:\/\/www.hotelitalia-siena.it\/#website\"},\"primaryImageOfPage\":{\"@id\":\"https:\/\/www.hotelitalia-siena.it\/es\/habitaciones\/superior\/#primaryimage\"},\"image\":{\"@id\":\"https:\/\/www.hotelitalia-siena.it\/es\/habitaciones\/superior\/#primaryimage\"},\"thumbnailUrl\":\"https:\/\/www.hotelitalia-siena.it\/wp-content\/uploads\/2016\/09\/sky.png\",\"datePublished\":\"2015-07-03T08:32:24+00:00\",\"dateModified\":\"2016-09-19T15:20:09+00:00\",\"description\":\"\u00bfQuiere reservar un alojamiento en Siena pero no sabe d\u00f3nde acudir? \u00a1Conozca ya las elegantes y confortables habitaciones Superior del Hotel Italia!\",\"breadcrumb\":{\"@id\":\"https:\/\/www.hotelitalia-siena.it\/es\/habitaciones\/superior\/#breadcrumb\"},\"inLanguage\":\"es\",\"potentialAction\":[{\"@type\":\"ReadAction\",\"target\":[\"https:\/\/www.hotelitalia-siena.it\/es\/habitaciones\/superior\/\"]}]},{\"@type\":\"ImageObject\",\"inLanguage\":\"es\",\"@id\":\"https:\/\/www.hotelitalia-siena.it\/es\/habitaciones\/superior\/#primaryimage\",\"url\":\"https:\/\/www.hotelitalia-siena.it\/wp-content\/uploads\/2016\/09\/sky.png\",\"contentUrl\":\"https:\/\/www.hotelitalia-siena.it\/wp-content\/uploads\/2016\/09\/sky.png\"},{\"@type\":\"BreadcrumbList\",\"@id\":\"https:\/\/www.hotelitalia-siena.it\/es\/habitaciones\/superior\/#breadcrumb\",\"itemListElement\":[{\"@type\":\"ListItem\",\"position\":1,\"name\":\"Hotel Italia\",\"item\":\"https:\/\/www.hotelitalia-siena.it\/es\/\"},{\"@type\":\"ListItem\",\"position\":2,\"name\":\"Habitaciones\",\"item\":\"https:\/\/www.hotelitalia-siena.it\/es\/habitaciones\/\"},{\"@type\":\"ListItem\",\"position\":3,\"name\":\"Superior\"}]},{\"@type\":\"WebSite\",\"@id\":\"https:\/\/www.hotelitalia-siena.it\/#website\",\"url\":\"https:\/\/www.hotelitalia-siena.it\/\",\"name\":\"Hotel Italia Siena\",\"description\":\"Otro sitio WordPress\",\"publisher\":{\"@id\":\"https:\/\/www.hotelitalia-siena.it\/#organization\"},\"potentialAction\":[{\"@type\":\"SearchAction\",\"target\":{\"@type\":\"EntryPoint\",\"urlTemplate\":\"https:\/\/www.hotelitalia-siena.it\/?s={search_term_string}\"},\"query-input\":\"required name=search_term_string\"}],\"inLanguage\":\"es\"},{\"@type\":\"Organization\",\"@id\":\"https:\/\/www.hotelitalia-siena.it\/#organization\",\"name\":\"Hotel Italia SpA\",\"url\":\"https:\/\/www.hotelitalia-siena.it\/\",\"logo\":{\"@type\":\"ImageObject\",\"inLanguage\":\"es\",\"@id\":\"https:\/\/www.hotelitalia-siena.it\/#\/schema\/logo\/image\/\",\"url\":\"https:\/\/www.hotelitalia-siena.it\/wp-content\/uploads\/2018\/04\/hotel-italia-siena-logo.png\",\"contentUrl\":\"https:\/\/www.hotelitalia-siena.it\/wp-content\/uploads\/2018\/04\/hotel-italia-siena-logo.png\",\"width\":147,\"height\":102,\"caption\":\"Hotel Italia SpA\"},\"image\":{\"@id\":\"https:\/\/www.hotelitalia-siena.it\/#\/schema\/logo\/image\/\"},\"sameAs\":[\"https:\/\/www.facebook.com\/hotelitaliasiena\/\"]}]}<\/script>\n<!-- \/ Yoast SEO plugin. -->","yoast_head_json":{"title":"Pernoctaci\u00f3n en Siena: Habitaciones Superior - Hotel Italia","description":"\u00bfQuiere reservar un alojamiento en Siena pero no sabe d\u00f3nde acudir? \u00a1Conozca ya las elegantes y confortables habitaciones Superior del Hotel Italia!","robots":{"index":"index","follow":"follow","max-snippet":"max-snippet:-1","max-image-preview":"max-image-preview:large","max-video-preview":"max-video-preview:-1"},"canonical":"https:\/\/www.hotelitalia-siena.it\/es\/habitaciones\/superior\/","og_locale":"es_ES","og_type":"article","og_title":"Pernoctaci\u00f3n en Siena: Habitaciones Superior - Hotel Italia","og_description":"\u00bfQuiere reservar un alojamiento en Siena pero no sabe d\u00f3nde acudir? \u00a1Conozca ya las elegantes y confortables habitaciones Superior del Hotel Italia!","og_url":"https:\/\/www.hotelitalia-siena.it\/es\/habitaciones\/superior\/","og_site_name":"Hotel Italia Siena","article_publisher":"https:\/\/www.facebook.com\/hotelitaliasiena\/","article_modified_time":"2016-09-19T15:20:09+00:00","og_image":[{"url":"https:\/\/www.hotelitalia-siena.it\/wp-content\/uploads\/2016\/09\/sky.png"}],"twitter_misc":{"Tiempo de lectura":"3 minutos"},"schema":{"@context":"https:\/\/schema.org","@graph":[{"@type":"WebPage","@id":"https:\/\/www.hotelitalia-siena.it\/es\/habitaciones\/superior\/","url":"https:\/\/www.hotelitalia-siena.it\/es\/habitaciones\/superior\/","name":"Pernoctaci\u00f3n en Siena: Habitaciones Superior - Hotel Italia","isPartOf":{"@id":"https:\/\/www.hotelitalia-siena.it\/#website"},"primaryImageOfPage":{"@id":"https:\/\/www.hotelitalia-siena.it\/es\/habitaciones\/superior\/#primaryimage"},"image":{"@id":"https:\/\/www.hotelitalia-siena.it\/es\/habitaciones\/superior\/#primaryimage"},"thumbnailUrl":"https:\/\/www.hotelitalia-siena.it\/wp-content\/uploads\/2016\/09\/sky.png","datePublished":"2015-07-03T08:32:24+00:00","dateModified":"2016-09-19T15:20:09+00:00","description":"\u00bfQuiere reservar un alojamiento en Siena pero no sabe d\u00f3nde acudir? \u00a1Conozca ya las elegantes y confortables habitaciones Superior del Hotel Italia!","breadcrumb":{"@id":"https:\/\/www.hotelitalia-siena.it\/es\/habitaciones\/superior\/#breadcrumb"},"inLanguage":"es","potentialAction":[{"@type":"ReadAction","target":["https:\/\/www.hotelitalia-siena.it\/es\/habitaciones\/superior\/"]}]},{"@type":"ImageObject","inLanguage":"es","@id":"https:\/\/www.hotelitalia-siena.it\/es\/habitaciones\/superior\/#primaryimage","url":"https:\/\/www.hotelitalia-siena.it\/wp-content\/uploads\/2016\/09\/sky.png","contentUrl":"https:\/\/www.hotelitalia-siena.it\/wp-content\/uploads\/2016\/09\/sky.png"},{"@type":"BreadcrumbList","@id":"https:\/\/www.hotelitalia-siena.it\/es\/habitaciones\/superior\/#breadcrumb","itemListElement":[{"@type":"ListItem","position":1,"name":"Hotel Italia","item":"https:\/\/www.hotelitalia-siena.it\/es\/"},{"@type":"ListItem","position":2,"name":"Habitaciones","item":"https:\/\/www.hotelitalia-siena.it\/es\/habitaciones\/"},{"@type":"ListItem","position":3,"name":"Superior"}]},{"@type":"WebSite","@id":"https:\/\/www.hotelitalia-siena.it\/#website","url":"https:\/\/www.hotelitalia-siena.it\/","name":"Hotel Italia Siena","description":"Otro sitio WordPress","publisher":{"@id":"https:\/\/www.hotelitalia-siena.it\/#organization"},"potentialAction":[{"@type":"SearchAction","target":{"@type":"EntryPoint","urlTemplate":"https:\/\/www.hotelitalia-siena.it\/?s={search_term_string}"},"query-input":"required name=search_term_string"}],"inLanguage":"es"},{"@type":"Organization","@id":"https:\/\/www.hotelitalia-siena.it\/#organization","name":"Hotel Italia SpA","url":"https:\/\/www.hotelitalia-siena.it\/","logo":{"@type":"ImageObject","inLanguage":"es","@id":"https:\/\/www.hotelitalia-siena.it\/#\/schema\/logo\/image\/","url":"https:\/\/www.hotelitalia-siena.it\/wp-content\/uploads\/2018\/04\/hotel-italia-siena-logo.png","contentUrl":"https:\/\/www.hotelitalia-siena.it\/wp-content\/uploads\/2018\/04\/hotel-italia-siena-logo.png","width":147,"height":102,"caption":"Hotel Italia SpA"},"image":{"@id":"https:\/\/www.hotelitalia-siena.it\/#\/schema\/logo\/image\/"},"sameAs":["https:\/\/www.facebook.com\/hotelitaliasiena\/"]}]}},"_links":{"self":[{"href":"https:\/\/www.hotelitalia-siena.it\/es\/wp-json\/wp\/v2\/pages\/4339"}],"collection":[{"href":"https:\/\/www.hotelitalia-siena.it\/es\/wp-json\/wp\/v2\/pages"}],"about":[{"href":"https:\/\/www.hotelitalia-siena.it\/es\/wp-json\/wp\/v2\/types\/page"}],"author":[{"embeddable":true,"href":"https:\/\/www.hotelitalia-siena.it\/es\/wp-json\/wp\/v2\/users\/1"}],"replies":[{"embeddable":true,"href":"https:\/\/www.hotelitalia-siena.it\/es\/wp-json\/wp\/v2\/comments?post=4339"}],"version-history":[{"count":0,"href":"https:\/\/www.hotelitalia-siena.it\/es\/wp-json\/wp\/v2\/pages\/4339\/revisions"}],"up":[{"embeddable":true,"href":"https:\/\/www.hotelitalia-siena.it\/es\/wp-json\/wp\/v2\/pages\/752"}],"wp:attachment":[{"href":"https:\/\/www.hotelitalia-siena.it\/es\/wp-json\/wp\/v2\/media?parent=4339"}],"curies":[{"name":"wp","href":"https:\/\/api.w.org\/{rel}","templated":true}]}}