{"id":1868,"date":"2015-04-10T12:30:48","date_gmt":"2015-04-10T12:30:48","guid":{"rendered":"http:\/\/newsite.gardenhotel.it\/dove-siamo-2-2\/"},"modified":"2020-10-25T16:47:57","modified_gmt":"2020-10-25T16:47:57","slug":"donde-estamos","status":"publish","type":"page","link":"https:\/\/www.hotelitalia-siena.it\/es\/donde-estamos\/","title":{"rendered":"D\u00f3nde estamos"},"content":{"rendered":"<p>[et_pb_section fb_built=&#8221;1&#8243; fullwidth=&#8221;on&#8221; admin_label=&#8221;section&#8221; module_class=&#8221;home_header_slide&#8221; _builder_version=&#8221;3.22&#8243; background_color=&#8221;#ffffff&#8221; transparent_background=&#8221;off&#8221;][et_pb_fullwidth_slider admin_label=&#8221;Fullwidth Slider&#8221; _builder_version=&#8221;3.16&#8243; custom_padding=&#8221;|||&#8221; custom_padding_tablet=&#8221;|||&#8221; custom_padding_phone=&#8221;|||&#8221; box_shadow_style=&#8221;preset6&#8243; box_shadow_blur=&#8221;10px&#8221; box_shadow_color=&#8221;rgba(0,0,0,0.1)&#8221; show_inner_shadow=&#8221;on&#8221; button_text_size__hover_enabled=&#8221;off&#8221; button_one_text_size__hover_enabled=&#8221;off&#8221; button_two_text_size__hover_enabled=&#8221;off&#8221; button_text_color__hover_enabled=&#8221;off&#8221; button_one_text_color__hover_enabled=&#8221;off&#8221; button_two_text_color__hover_enabled=&#8221;off&#8221; button_border_width__hover_enabled=&#8221;off&#8221; button_one_border_width__hover_enabled=&#8221;off&#8221; button_two_border_width__hover_enabled=&#8221;off&#8221; button_border_color__hover_enabled=&#8221;off&#8221; button_one_border_color__hover_enabled=&#8221;off&#8221; button_two_border_color__hover_enabled=&#8221;off&#8221; button_border_radius__hover_enabled=&#8221;off&#8221; button_one_border_radius__hover_enabled=&#8221;off&#8221; button_two_border_radius__hover_enabled=&#8221;off&#8221; button_letter_spacing__hover_enabled=&#8221;off&#8221; button_one_letter_spacing__hover_enabled=&#8221;off&#8221; button_two_letter_spacing__hover_enabled=&#8221;off&#8221; button_bg_color__hover_enabled=&#8221;off&#8221; button_one_bg_color__hover_enabled=&#8221;off&#8221; button_two_bg_color__hover_enabled=&#8221;off&#8221;][et_pb_slide _builder_version=&#8221;3.16&#8243; background_color=&#8221;#ffffff&#8221; background_image=&#8221;https:\/\/www.hotelitalia-siena.it\/wp-content\/uploads\/2014\/10\/panorama_slide_home.jpg&#8221; sticky_transition=&#8221;on&#8221; button_text_size__hover_enabled=&#8221;off&#8221; button_one_text_size__hover_enabled=&#8221;off&#8221; button_two_text_size__hover_enabled=&#8221;off&#8221; button_text_color__hover_enabled=&#8221;off&#8221; button_one_text_color__hover_enabled=&#8221;off&#8221; button_two_text_color__hover_enabled=&#8221;off&#8221; button_border_width__hover_enabled=&#8221;off&#8221; button_one_border_width__hover_enabled=&#8221;off&#8221; button_two_border_width__hover_enabled=&#8221;off&#8221; button_border_color__hover_enabled=&#8221;off&#8221; button_one_border_color__hover_enabled=&#8221;off&#8221; button_two_border_color__hover_enabled=&#8221;off&#8221; button_border_radius__hover_enabled=&#8221;off&#8221; button_one_border_radius__hover_enabled=&#8221;off&#8221; button_two_border_radius__hover_enabled=&#8221;off&#8221; button_letter_spacing__hover_enabled=&#8221;off&#8221; button_one_letter_spacing__hover_enabled=&#8221;off&#8221; button_two_letter_spacing__hover_enabled=&#8221;off&#8221; button_bg_color__hover_enabled=&#8221;off&#8221; button_one_bg_color__hover_enabled=&#8221;off&#8221; button_two_bg_color__hover_enabled=&#8221;off&#8221;][\/et_pb_slide][\/et_pb_fullwidth_slider][\/et_pb_section][et_pb_section fb_built=&#8221;1&#8243; admin_label=&#8221;section&#8221; module_id=&#8221;h-booking_container&#8221; _builder_version=&#8221;3.22&#8243; background_color=&#8221;#ffffff&#8221; transparent_background=&#8221;off&#8221;][et_pb_row admin_label=&#8221;row&#8221; _builder_version=&#8221;3.25&#8243; background_size=&#8221;initial&#8221; background_position=&#8221;top_left&#8221; background_repeat=&#8221;repeat&#8221;][et_pb_column type=&#8221;4_4&#8243; _builder_version=&#8221;3.25&#8243; custom_padding=&#8221;|||&#8221; custom_padding__hover=&#8221;|||&#8221;][et_pb_sidebar area=&#8221;et_pb_widget_area_1&#8243; admin_label=&#8221;Sidebar&#8221; _builder_version=&#8221;3.0.74&#8243;][\/et_pb_sidebar][\/et_pb_column][\/et_pb_row][\/et_pb_section][et_pb_section fb_built=&#8221;1&#8243; admin_label=&#8221;section&#8221; module_class=&#8221;room_block&#8221; _builder_version=&#8221;3.22&#8243; background_color=&#8221;#ffffff&#8221; transparent_background=&#8221;off&#8221;][et_pb_row admin_label=&#8221;row&#8221; _builder_version=&#8221;3.25&#8243; background_size=&#8221;initial&#8221; background_position=&#8221;top_left&#8221; background_repeat=&#8221;repeat&#8221;][et_pb_column type=&#8221;4_4&#8243; _builder_version=&#8221;3.25&#8243; custom_padding=&#8221;|||&#8221; custom_padding__hover=&#8221;|||&#8221;][et_pb_code _builder_version=&#8221;4.6.6&#8243; _module_preset=&#8221;default&#8221; hover_enabled=&#8221;0&#8243; sticky_enabled=&#8221;0&#8243;]<iframe loading=\"lazy\" src=\"https:\/\/www.google.com\/maps\/embed?pb=!1m18!1m12!1m3!1d2902.260881984317!2d11.317511515821074!3d43.32972968130448!2m3!1f0!2f0!3f0!3m2!1i1024!2i768!4f13.1!3m3!1m2!1s0x132be046ad6eda45%3A0x5b3c53bf4f2571e4!2sHotel%20Italia%20Siena!5e0!3m2!1sit!2sit!4v1603644189214!5m2!1sit!2sit\" width=\"1200\" height=\"600\" frameborder=\"0\" style=\"border:0;\" allowfullscreen=\"\" aria-hidden=\"false\" tabindex=\"0\"><\/iframe>[\/et_pb_code][et_pb_text admin_label=&#8221;indicazioni&#8221; _builder_version=&#8221;3.27.4&#8243; background_size=&#8221;initial&#8221; background_position=&#8221;top_left&#8221; background_repeat=&#8221;repeat&#8221; use_border_color=&#8221;off&#8221; border_color=&#8221;#ffffff&#8221; border_style=&#8221;solid&#8221;]<a class=\"ind_str\" href=\"https:\/\/www.google.it\/maps\/dir\/\/Viale+Camillo+Benso+di+Cavour,+63,+53100+Siena+SI\/@43.3297321,11.3175875,17z\/data=!4m16!1m7!3m6!1s0x132a2ce9e54eb32b:0xd2e90fab20b4a2a7!2sViale+Camillo+Benso+di+Cavour,+63,+53100+Siena+SI!3b1!8m2!3d43.3297282!4d11.3197815!4m7!1m0!1m5!1m1!1s0x132a2ce9e54eb32b:0xd2e90fab20b4a2a7!2m2!1d11.3197815!2d43.3297282\" target=\"_blank\" data-icon=\"9\" rel=\"noopener noreferrer\">indicaciones <span>&gt;&gt;<\/span><\/a><br \/>\n[\/et_pb_text][et_pb_text admin_label=&#8221;Text&#8221; module_class=&#8221;ind_str_wrap&#8221; _builder_version=&#8221;3.27.4&#8243; background_size=&#8221;initial&#8221; background_position=&#8221;top_left&#8221; background_repeat=&#8221;repeat&#8221; border_style=&#8221;solid&#8221;]<\/p>\n<h2>D\u00f3nde estamos<\/h2>\n<p>La ubicaci\u00f3n del Hotel Italia es realmente privilegiada.<\/p>\n<p>Nos encontramos a solo 300 metros de la Porta Camollia, el paso norte entre las murallas para acceder al centro hist\u00f3rico de Siena y a la zona peatonal.<br \/>\nCon un agradable paseo de veinte minutos por las callejuelas medievales llegar\u00e1s a la hermosa Piazza del Campo, coraz\u00f3n de la ciudad, donde dos veces al a\u00f1o se corre la famosa carrera de caballos, Il Palio.<\/p>\n<p>La proximidad al centro hist\u00f3rico es realmente nuestro punto fuerte, pero tambi\u00e9n lo es estar fuera de la zona ZTL porque esto te permitir\u00e1 llegar en coche al hotel.<\/p>\n<p>Y tambi\u00e9n para quien viaja en tren, el Hotel Italia es sin duda la soluci\u00f3n m\u00e1s c\u00f3moda.<br \/>\nGracias a las escaleras mec\u00e1nicas que conectan la estaci\u00f3n de tren con el Antiporto di Camollia, en pocos minutos llegar\u00e1s al hotel.<\/p>\n<p>Las paradas de los autobuses p\u00fablicos urbanos e interurbanos se encuentran a dos pasos de nuestra entrada principal. Adem\u00e1s de a pie, podr\u00e1s ir al centro con el tranv\u00eda que, durante el d\u00eda pasa cada cuarto de hora y podr\u00e1s hacer del Hotel Italia el campamento base ideal para salir a conocer los magn\u00edficos alrededores de Siena como San Gimignano, Montalcino, el Chianti, la Val d&#8217;Orcia y Florencia.<\/p>\n<p>La zona est\u00e1 llena de tiendas de todo tipo: lavander\u00eda autom\u00e1tica, supermercados, restaurantes, tascas t\u00edpicas, un gran centro comercial, farmacia, tabaco, quioscos&#8230; \u00a1en resumen, no falta de nada!<\/p>\n<p>\u00bfNo tenemos raz\u00f3n en sentirnos unos privilegiados? \u00bfA qu\u00e9 esperas? No lo dudes, reserva tu hotel en Siena&#8230; \u00a1reserva el Hotel Italia!<\/p>\n<p>Para indicaciones detalladas sobre c\u00f3mo llegar al hotel, te remitimos a la secci\u00f3n informativa \u201c<a title=\"C\u00f3mo llegar\" href=\"https:\/\/www.hotelitalia-siena.it\/es\/como-llegar\/\">c\u00f3mo llegar<\/a>\u201d.<br \/>\n[\/et_pb_text][\/et_pb_column][\/et_pb_row][et_pb_row admin_label=&#8221;row&#8221; _builder_version=&#8221;3.25&#8243; background_size=&#8221;initial&#8221; background_position=&#8221;top_left&#8221; background_repeat=&#8221;repeat&#8221;][et_pb_column type=&#8221;4_4&#8243; _builder_version=&#8221;3.25&#8243; custom_padding=&#8221;|||&#8221; custom_padding__hover=&#8221;|||&#8221;][et_pb_gallery gallery_ids=&#8221;527,469,465,463&#8243; show_pagination=&#8221;off&#8221; admin_label=&#8221;Gallery&#8221; _builder_version=&#8221;3.0.47&#8243;][\/et_pb_gallery][\/et_pb_column][\/et_pb_row][et_pb_row admin_label=&#8221;row&#8221; _builder_version=&#8221;3.25&#8243; background_size=&#8221;initial&#8221; background_position=&#8221;top_left&#8221; background_repeat=&#8221;repeat&#8221;][et_pb_column type=&#8221;4_4&#8243; _builder_version=&#8221;3.25&#8243; custom_padding=&#8221;|||&#8221; custom_padding__hover=&#8221;|||&#8221;][et_pb_text admin_label=&#8221;Text&#8221; _builder_version=&#8221;3.27.4&#8243; background_size=&#8221;initial&#8221; background_position=&#8221;top_left&#8221; background_repeat=&#8221;repeat&#8221;][\/et_pb_text][\/et_pb_column][\/et_pb_row][\/et_pb_section]<\/p>\n","protected":false},"excerpt":{"rendered":"<p>indicaciones &gt;&gt; D\u00f3nde estamos La ubicaci\u00f3n del Hotel Italia es realmente privilegiada. Nos encontramos a solo 300 metros de la Porta Camollia, el paso norte entre las murallas para acceder al centro hist\u00f3rico de Siena y a la zona peatonal. Con un agradable paseo de veinte minutos por las callejuelas medievales llegar\u00e1s a la hermosa [&hellip;]<\/p>\n","protected":false},"author":1,"featured_media":0,"parent":0,"menu_order":0,"comment_status":"closed","ping_status":"closed","template":"","meta":{"_acf_changed":false,"_et_pb_use_builder":"on","_et_pb_old_content":"","_et_gb_content_width":"","footnotes":""},"acf":[],"yoast_head":"<!-- This site is optimized with the Yoast SEO plugin v23.0 - https:\/\/yoast.com\/wordpress\/plugins\/seo\/ -->\n<title>D\u00f3nde estamos - Hotel Italia<\/title>\n<meta name=\"description\" content=\"El Hotel Italia en Siena se encuentra en Via Cavour, en una posici\u00f3n estrat\u00e9gica a las afueras de las murallas del centro hist\u00f3rico y de la ZTL, cerca de Porta Camollia.\" \/>\n<meta name=\"robots\" content=\"index, follow, max-snippet:-1, max-image-preview:large, max-video-preview:-1\" \/>\n<link rel=\"canonical\" href=\"https:\/\/www.hotelitalia-siena.it\/es\/donde-estamos\/\" \/>\n<meta property=\"og:locale\" content=\"es_ES\" \/>\n<meta property=\"og:type\" content=\"article\" \/>\n<meta property=\"og:title\" content=\"D\u00f3nde estamos - Hotel Italia\" \/>\n<meta property=\"og:description\" content=\"El Hotel Italia en Siena se encuentra en Via Cavour, en una posici\u00f3n estrat\u00e9gica a las afueras de las murallas del centro hist\u00f3rico y de la ZTL, cerca de Porta Camollia.\" \/>\n<meta property=\"og:url\" content=\"https:\/\/www.hotelitalia-siena.it\/es\/donde-estamos\/\" \/>\n<meta property=\"og:site_name\" content=\"Hotel Italia Siena\" \/>\n<meta property=\"article:publisher\" content=\"https:\/\/www.facebook.com\/hotelitaliasiena\/\" \/>\n<meta property=\"article:modified_time\" content=\"2020-10-25T16:47:57+00:00\" \/>\n<meta property=\"og:image\" content=\"https:\/\/www.hotelitalia-siena.it\/wp-content\/uploads\/2015\/01\/header-privacy-policy.jpg\" \/>\n\t<meta property=\"og:image:width\" content=\"2000\" \/>\n\t<meta property=\"og:image:height\" content=\"705\" \/>\n\t<meta property=\"og:image:type\" content=\"image\/jpeg\" \/>\n<meta name=\"twitter:label1\" content=\"Tiempo de lectura\" \/>\n\t<meta name=\"twitter:data1\" content=\"5 minutos\" \/>\n<script type=\"application\/ld+json\" class=\"yoast-schema-graph\">{\"@context\":\"https:\/\/schema.org\",\"@graph\":[{\"@type\":\"WebPage\",\"@id\":\"https:\/\/www.hotelitalia-siena.it\/es\/donde-estamos\/\",\"url\":\"https:\/\/www.hotelitalia-siena.it\/es\/donde-estamos\/\",\"name\":\"D\u00f3nde estamos - Hotel Italia\",\"isPartOf\":{\"@id\":\"https:\/\/www.hotelitalia-siena.it\/#website\"},\"datePublished\":\"2015-04-10T12:30:48+00:00\",\"dateModified\":\"2020-10-25T16:47:57+00:00\",\"description\":\"El Hotel Italia en Siena se encuentra en Via Cavour, en una posici\u00f3n estrat\u00e9gica a las afueras de las murallas del centro hist\u00f3rico y de la ZTL, cerca de Porta Camollia.\",\"breadcrumb\":{\"@id\":\"https:\/\/www.hotelitalia-siena.it\/es\/donde-estamos\/#breadcrumb\"},\"inLanguage\":\"es\",\"potentialAction\":[{\"@type\":\"ReadAction\",\"target\":[\"https:\/\/www.hotelitalia-siena.it\/es\/donde-estamos\/\"]}]},{\"@type\":\"BreadcrumbList\",\"@id\":\"https:\/\/www.hotelitalia-siena.it\/es\/donde-estamos\/#breadcrumb\",\"itemListElement\":[{\"@type\":\"ListItem\",\"position\":1,\"name\":\"Hotel Italia\",\"item\":\"https:\/\/www.hotelitalia-siena.it\/es\/\"},{\"@type\":\"ListItem\",\"position\":2,\"name\":\"D\u00f3nde estamos\"}]},{\"@type\":\"WebSite\",\"@id\":\"https:\/\/www.hotelitalia-siena.it\/#website\",\"url\":\"https:\/\/www.hotelitalia-siena.it\/\",\"name\":\"Hotel Italia Siena\",\"description\":\"Otro sitio WordPress\",\"publisher\":{\"@id\":\"https:\/\/www.hotelitalia-siena.it\/#organization\"},\"potentialAction\":[{\"@type\":\"SearchAction\",\"target\":{\"@type\":\"EntryPoint\",\"urlTemplate\":\"https:\/\/www.hotelitalia-siena.it\/?s={search_term_string}\"},\"query-input\":\"required name=search_term_string\"}],\"inLanguage\":\"es\"},{\"@type\":\"Organization\",\"@id\":\"https:\/\/www.hotelitalia-siena.it\/#organization\",\"name\":\"Hotel Italia SpA\",\"url\":\"https:\/\/www.hotelitalia-siena.it\/\",\"logo\":{\"@type\":\"ImageObject\",\"inLanguage\":\"es\",\"@id\":\"https:\/\/www.hotelitalia-siena.it\/#\/schema\/logo\/image\/\",\"url\":\"https:\/\/www.hotelitalia-siena.it\/wp-content\/uploads\/2018\/04\/hotel-italia-siena-logo.png\",\"contentUrl\":\"https:\/\/www.hotelitalia-siena.it\/wp-content\/uploads\/2018\/04\/hotel-italia-siena-logo.png\",\"width\":147,\"height\":102,\"caption\":\"Hotel Italia SpA\"},\"image\":{\"@id\":\"https:\/\/www.hotelitalia-siena.it\/#\/schema\/logo\/image\/\"},\"sameAs\":[\"https:\/\/www.facebook.com\/hotelitaliasiena\/\"]}]}<\/script>\n<!-- \/ Yoast SEO plugin. -->","yoast_head_json":{"title":"D\u00f3nde estamos - Hotel Italia","description":"El Hotel Italia en Siena se encuentra en Via Cavour, en una posici\u00f3n estrat\u00e9gica a las afueras de las murallas del centro hist\u00f3rico y de la ZTL, cerca de Porta Camollia.","robots":{"index":"index","follow":"follow","max-snippet":"max-snippet:-1","max-image-preview":"max-image-preview:large","max-video-preview":"max-video-preview:-1"},"canonical":"https:\/\/www.hotelitalia-siena.it\/es\/donde-estamos\/","og_locale":"es_ES","og_type":"article","og_title":"D\u00f3nde estamos - Hotel Italia","og_description":"El Hotel Italia en Siena se encuentra en Via Cavour, en una posici\u00f3n estrat\u00e9gica a las afueras de las murallas del centro hist\u00f3rico y de la ZTL, cerca de Porta Camollia.","og_url":"https:\/\/www.hotelitalia-siena.it\/es\/donde-estamos\/","og_site_name":"Hotel Italia Siena","article_publisher":"https:\/\/www.facebook.com\/hotelitaliasiena\/","article_modified_time":"2020-10-25T16:47:57+00:00","og_image":[{"width":2000,"height":705,"url":"https:\/\/www.hotelitalia-siena.it\/wp-content\/uploads\/2015\/01\/header-privacy-policy.jpg","type":"image\/jpeg"}],"twitter_misc":{"Tiempo de lectura":"5 minutos"},"schema":{"@context":"https:\/\/schema.org","@graph":[{"@type":"WebPage","@id":"https:\/\/www.hotelitalia-siena.it\/es\/donde-estamos\/","url":"https:\/\/www.hotelitalia-siena.it\/es\/donde-estamos\/","name":"D\u00f3nde estamos - Hotel Italia","isPartOf":{"@id":"https:\/\/www.hotelitalia-siena.it\/#website"},"datePublished":"2015-04-10T12:30:48+00:00","dateModified":"2020-10-25T16:47:57+00:00","description":"El Hotel Italia en Siena se encuentra en Via Cavour, en una posici\u00f3n estrat\u00e9gica a las afueras de las murallas del centro hist\u00f3rico y de la ZTL, cerca de Porta Camollia.","breadcrumb":{"@id":"https:\/\/www.hotelitalia-siena.it\/es\/donde-estamos\/#breadcrumb"},"inLanguage":"es","potentialAction":[{"@type":"ReadAction","target":["https:\/\/www.hotelitalia-siena.it\/es\/donde-estamos\/"]}]},{"@type":"BreadcrumbList","@id":"https:\/\/www.hotelitalia-siena.it\/es\/donde-estamos\/#breadcrumb","itemListElement":[{"@type":"ListItem","position":1,"name":"Hotel Italia","item":"https:\/\/www.hotelitalia-siena.it\/es\/"},{"@type":"ListItem","position":2,"name":"D\u00f3nde estamos"}]},{"@type":"WebSite","@id":"https:\/\/www.hotelitalia-siena.it\/#website","url":"https:\/\/www.hotelitalia-siena.it\/","name":"Hotel Italia Siena","description":"Otro sitio WordPress","publisher":{"@id":"https:\/\/www.hotelitalia-siena.it\/#organization"},"potentialAction":[{"@type":"SearchAction","target":{"@type":"EntryPoint","urlTemplate":"https:\/\/www.hotelitalia-siena.it\/?s={search_term_string}"},"query-input":"required name=search_term_string"}],"inLanguage":"es"},{"@type":"Organization","@id":"https:\/\/www.hotelitalia-siena.it\/#organization","name":"Hotel Italia SpA","url":"https:\/\/www.hotelitalia-siena.it\/","logo":{"@type":"ImageObject","inLanguage":"es","@id":"https:\/\/www.hotelitalia-siena.it\/#\/schema\/logo\/image\/","url":"https:\/\/www.hotelitalia-siena.it\/wp-content\/uploads\/2018\/04\/hotel-italia-siena-logo.png","contentUrl":"https:\/\/www.hotelitalia-siena.it\/wp-content\/uploads\/2018\/04\/hotel-italia-siena-logo.png","width":147,"height":102,"caption":"Hotel Italia SpA"},"image":{"@id":"https:\/\/www.hotelitalia-siena.it\/#\/schema\/logo\/image\/"},"sameAs":["https:\/\/www.facebook.com\/hotelitaliasiena\/"]}]}},"_links":{"self":[{"href":"https:\/\/www.hotelitalia-siena.it\/es\/wp-json\/wp\/v2\/pages\/1868"}],"collection":[{"href":"https:\/\/www.hotelitalia-siena.it\/es\/wp-json\/wp\/v2\/pages"}],"about":[{"href":"https:\/\/www.hotelitalia-siena.it\/es\/wp-json\/wp\/v2\/types\/page"}],"author":[{"embeddable":true,"href":"https:\/\/www.hotelitalia-siena.it\/es\/wp-json\/wp\/v2\/users\/1"}],"replies":[{"embeddable":true,"href":"https:\/\/www.hotelitalia-siena.it\/es\/wp-json\/wp\/v2\/comments?post=1868"}],"version-history":[{"count":3,"href":"https:\/\/www.hotelitalia-siena.it\/es\/wp-json\/wp\/v2\/pages\/1868\/revisions"}],"predecessor-version":[{"id":11744,"href":"https:\/\/www.hotelitalia-siena.it\/es\/wp-json\/wp\/v2\/pages\/1868\/revisions\/11744"}],"wp:attachment":[{"href":"https:\/\/www.hotelitalia-siena.it\/es\/wp-json\/wp\/v2\/media?parent=1868"}],"curies":[{"name":"wp","href":"https:\/\/api.w.org\/{rel}","templated":true}]}}