{"id":937,"date":"2015-01-26T16:08:03","date_gmt":"2015-01-26T16:08:03","guid":{"rendered":"http:\/\/newsite.gardenhotel.it\/tempo-libero-2\/"},"modified":"2015-12-28T18:23:28","modified_gmt":"2015-12-28T18:23:28","slug":"freizeit","status":"publish","type":"page","link":"https:\/\/www.hotelitalia-siena.it\/de\/freizeit\/","title":{"rendered":"Freizeit"},"content":{"rendered":"<p>[et_pb_section fullwidth=&#8221;on&#8221; specialty=&#8221;off&#8221; transparent_background=&#8221;off&#8221; background_color=&#8221;#ffffff&#8221; inner_shadow=&#8221;off&#8221; parallax=&#8221;off&#8221; parallax_method=&#8221;off&#8221; module_class=&#8221;home_header_slide&#8221;][et_pb_fullwidth_slider admin_label=&#8221;Fullwidth Slider&#8221; show_arrows=&#8221;off&#8221; show_pagination=&#8221;off&#8221; auto=&#8221;off&#8221; parallax=&#8221;off&#8221; parallax_method=&#8221;off&#8221;][et_pb_slide background_image=&#8221;https:\/\/www.hotelitalia-siena.it\/wp-content\/uploads\/2015\/01\/HEADER1.jpg&#8221; background_color=&#8221;#ffffff&#8221; alignment=&#8221;center&#8221; background_layout=&#8221;dark&#8221; \/][\/et_pb_fullwidth_slider][\/et_pb_section][et_pb_section fullwidth=&#8221;off&#8221; specialty=&#8221;off&#8221; transparent_background=&#8221;off&#8221; background_color=&#8221;#ffffff&#8221; inner_shadow=&#8221;off&#8221; parallax=&#8221;off&#8221; parallax_method=&#8221;off&#8221; module_id=&#8221;h-booking_container&#8221;][et_pb_row][et_pb_column type=&#8221;4_4&#8243;][et_pb_sidebar admin_label=&#8221;Sidebar&#8221; orientation=&#8221;left&#8221; area=&#8221;et_pb_widget_area_1&#8243; background_layout=&#8221;light&#8221; \/][\/et_pb_column][\/et_pb_row][\/et_pb_section][et_pb_section fullwidth=&#8221;off&#8221; specialty=&#8221;off&#8221; transparent_background=&#8221;off&#8221; background_color=&#8221;#ffffff&#8221; inner_shadow=&#8221;off&#8221; parallax=&#8221;off&#8221; parallax_method=&#8221;off&#8221; module_class=&#8221;room_block&#8221;][et_pb_row][et_pb_column type=&#8221;4_4&#8243;][et_pb_text admin_label=&#8221;Text&#8221; background_layout=&#8221;light&#8221; text_orientation=&#8221;left&#8221;]<\/p>\n<h1 style=\"text-align: justify; line-height: 14.25pt;\"><span lang=\"DE\" style=\"font-family: 'Georgia',serif; color: #333333;\">Freizeit<\/span><\/h1>\n<p><strong>Siena<\/strong>\u00a0ist eine \u00fcberschaubare Stadt, und ihre sch\u00f6nsten und wichtigsten Orte k\u00f6nnen an einem einzigen Tag besichtigt werden.<br \/>\nSie ist jedoch derart reich an Kunst und Kultur, dass es wirklich schade w\u00e4re, nicht auch ein paar Museen zu besichtigen, Stadtviertel zu erkunden oder sich einfach auf die Entdeckung der vielen malerischen Perspektiven zu begeben, die bei einem Stadtbummel immer wieder pl\u00f6tzlich zwischen den mittelalterlichen Gassen auftauchen.<\/p>\n<p><strong>Markt<\/strong><\/p>\n<p>Jeden Mittwoch von 07:30 bis 14:00\u00a0Uhr findet am Fu\u00dfe der Fortezza Medicea der Wochenmarkt statt, auf dem Sie Geschenk- und Einrichtungsartikel jeder Art, Bekleidung sowie kulinarische Spezialit\u00e4ten mit typischen Produkten finden k\u00f6nnen. Er ist sehr charakteristisch und toll f\u00fcr Schn\u00e4ppchen.<\/p>\n<p><strong>Tipps f\u00fcr einen Tag in Siena<\/strong><\/p>\n<p>Vom Hotel erreichen Sie in nur f\u00fcnf Minuten im langsamen Gehschritt Porta Camollia und betreten die Altstadt damit durch dasselbe Stadttor wie einst die Pilger im Mittelalter, die an Siena vorbei nach Rom zogen. Von hier aus gelangen Sie in wenigen Minuten zur Piazza del Campo, zu San Domenico und zum Dom (suchen Sie hier das magische Sator-Quadrat, das angeblich mit den Tempelrittern zusammenh\u00e4ngt), wo Sie auch das wundersch\u00f6ne Museo dell\u2019Opera, die Krypta und das Baptisterium besichtigen k\u00f6nnen.<br \/>\nUnd nat\u00fcrlich sollten Sie auch unbedingt in den Genuss der lokalen K\u00fcche kommen und sich eine herzhafte Mahlzeit in einer der Trattorias oder Osterias der Stadt g\u00f6nnen. Typische Gerichte sind etwa die <em>pici<\/em>, eine besondere Pastasorte der \u201earmen\u201c K\u00fcche aus Wasser und Mehl, die <em>all\u2019aglione<\/em>, also mit einer herzhaften Tomaten-Knoblauch-Sauce besonders gut schmeckt, oder eine <em>bruschetta ruspante<\/em> mit \u201eneuem\u201c \u00d6l (in den Monaten November-Dezember). Das alles sp\u00fclen Sie am besten mit einem guten Glas <em>Chianti<\/em> oder <em>Brunello<\/em> hinunter! Das passende Ambiente ist informell, mit Platzdeckchen aus gelbem Papier und dem mondbeschienenen Dom im Hintergrund.<br \/>\nAuf Ihrem Heimweg raten wir Ihnen zu einer Pause am \u201eCamporegio\u201c unterhalb der Basilica di San Domenico, wo Sie ein charakteristischer Blick auf die D\u00e4cher von Siena mit dem Profil des Doms und des Torre del Mangia erwartet. Wirklich stimmungsvoll!<\/p>\n<p><strong>San Gimignano<\/strong>\u00a0ist der ber\u00fchmte Ort mit den sch\u00f6nen Wohnt\u00fcrmen im Herzen der toskanischen Landschaft. Wegen der charakteristischen mittelalterlichen Architektur seiner Altstadt wurde der Ort von der UNESCO zum Weltkulturerbe erkl\u00e4rt.<\/p>\n<p><strong>Volterra<\/strong>\u00a0ist bekannt f\u00fcr den Abbau und die Bearbeitung von Alabaster und hat eine gut erhaltene Altstadt etruskischen Ursprungs vorzuweisen.<\/p>\n<p><strong>Montalcino<\/strong>\u00a0am Fu\u00dfe des Val d\u2019Orcia liegt die Heimat des Brunello\u00a0&#8230; ein Muss f\u00fcr Weinliebhaber. Der Ort liegt inmitten der beeindruckenden Landschaft der Crete Senesi.<\/p>\n<p><strong>Pienza<\/strong>\u00a0die utopische \u201eIdealstadt\u201c der Renaissance, die ber\u00fchmt f\u00fcr ihren in H\u00f6hlen gereiften Schafsk\u00e4se, den \u201ePecorino di Fossa\u201c, und ihre Keramiken ist\u00a0\u2026 so viele sch\u00f6ne Dinge auf einmal sollten Sie sich nicht entgehen lassen.<\/p>\n<p><strong>Das Chianti-Gebiet<\/strong>, das wegen einer einmaligen Sch\u00f6nheit von vielen internationalen Regisseuren als Filmset gew\u00e4hlt wurde, l\u00e4dt sie auf eine Reise zwischen typischen lokalen Spezialit\u00e4ten, malerischen D\u00f6rfern und spannenden Burgen inmitten einer Landschaft ein, in der man sich mit Vergn\u00fcgen verlieren kann.<\/p>\n<p><strong>Thermalb\u00e4der<\/strong>: Inmitten der \u201eCrete\u201c, eine durch Erosion gepr\u00e4gte Landschaft mit harten, gerissenen und faszinierenden Tonb\u00f6den, die in jeder Jahreszeit anders aussehen, laden Sie verschiedene Thermalb\u00e4der zum Regenerieren und Entspannen ein.<\/p>\n<p><strong>Abenteuerpark Saltalbero:\u00a0<\/strong>Nur wenige Schritte vom Thermalbad Rapolano entfernt, gibt es einen herrlichen Park inmitten eines jahrhundertealten Eichenwaldes, der perfekt f\u00fcr einen Tag an der frischen Luft mit der ganzen Familie ist. Kinder und Jugendliche jeden Alters k\u00f6nnen sich hier in v\u00f6lliger Sicherheit auf abenteuerlichen Baumwipfelpfaden austoben oder am Boden mit lustigen Spielen und Minigolf vergn\u00fcgen.<a href=\"http:\/\/www.saltalbero.it\/\">www.saltalbero.it<\/a>.<\/p>\n<p>&nbsp;<\/p>\n<p>[\/et_pb_text][\/et_pb_column][\/et_pb_row][et_pb_row][et_pb_column type=&#8221;4_4&#8243;][et_pb_gallery admin_label=&#8221;Gallery&#8221; gallery_ids=&#8221;527,469,465,463&#8243; fullwidth=&#8221;off&#8221; posts_number=&#8221;4&#8243; show_title_and_caption=&#8221;on&#8221; show_pagination=&#8221;off&#8221; background_layout=&#8221;light&#8221; \/][\/et_pb_column][\/et_pb_row][et_pb_row][et_pb_column type=&#8221;4_4&#8243;][et_pb_text admin_label=&#8221;Text&#8221; background_layout=&#8221;light&#8221; text_orientation=&#8221;left&#8221;][\/et_pb_text][\/et_pb_column][\/et_pb_row][\/et_pb_section]<\/p>\n","protected":false},"excerpt":{"rendered":"<p><div class=\"et_pb_row et_pb_row_0 et_pb_row_empty\">\n\t\t\t\t\n\t\t\t\t\n\t\t\t\t\n\t\t\t\t\n\t\t\t\t\n\t\t\t<\/div><div class=\"et_pb_row et_pb_row_1 et_pb_row_empty\">\n\t\t\t\t\n\t\t\t\t\n\t\t\t\t\n\t\t\t\t\n\t\t\t\t\n\t\t\t<\/div> Freizeit Siena\u00a0ist eine \u00fcberschaubare Stadt, und ihre sch\u00f6nsten und wichtigsten Orte k\u00f6nnen an einem einzigen Tag besichtigt werden. Sie ist jedoch derart reich an Kunst und Kultur, dass es wirklich schade w\u00e4re, nicht auch ein paar Museen zu besichtigen, Stadtviertel zu erkunden oder sich einfach auf die Entdeckung der vielen malerischen Perspektiven zu begeben, [&hellip;]<\/p>\n","protected":false},"author":1,"featured_media":0,"parent":0,"menu_order":0,"comment_status":"closed","ping_status":"closed","template":"","meta":{"_acf_changed":false,"_et_pb_use_builder":"on","_et_pb_old_content":"","_et_gb_content_width":"","footnotes":""},"acf":[],"yoast_head":"<!-- This site is optimized with the Yoast SEO plugin v23.0 - https:\/\/yoast.com\/wordpress\/plugins\/seo\/ -->\n<title>Freizeitangebote in Siena und Umgebung - Hotel Italia<\/title>\n<meta name=\"description\" content=\"Entdecken Sie die Freizeitangebote in Siena und Umgebung. Hier finden Sie Aktivit\u00e4ten, Veranstaltungen M\u00e4rkte und sehenswerte Ort in der Provinz von Siena.\" \/>\n<meta name=\"robots\" content=\"index, follow, max-snippet:-1, max-image-preview:large, max-video-preview:-1\" \/>\n<link rel=\"canonical\" href=\"https:\/\/www.hotelitalia-siena.it\/de\/freizeit\/\" \/>\n<meta property=\"og:locale\" content=\"de_DE\" \/>\n<meta property=\"og:type\" content=\"article\" \/>\n<meta property=\"og:title\" content=\"Freizeitangebote in Siena und Umgebung - Hotel Italia\" \/>\n<meta property=\"og:description\" content=\"Entdecken Sie die Freizeitangebote in Siena und Umgebung. Hier finden Sie Aktivit\u00e4ten, Veranstaltungen M\u00e4rkte und sehenswerte Ort in der Provinz von Siena.\" \/>\n<meta property=\"og:url\" content=\"https:\/\/www.hotelitalia-siena.it\/de\/freizeit\/\" \/>\n<meta property=\"og:site_name\" content=\"Hotel Italia Siena\" \/>\n<meta property=\"article:publisher\" content=\"https:\/\/www.facebook.com\/hotelitaliasiena\/\" \/>\n<meta property=\"article:modified_time\" content=\"2015-12-28T18:23:28+00:00\" \/>\n<meta property=\"og:image\" content=\"https:\/\/www.hotelitalia-siena.it\/wp-content\/uploads\/2015\/01\/header-privacy-policy.jpg\" \/>\n\t<meta property=\"og:image:width\" content=\"2000\" \/>\n\t<meta property=\"og:image:height\" content=\"705\" \/>\n\t<meta property=\"og:image:type\" content=\"image\/jpeg\" \/>\n<meta name=\"twitter:label1\" content=\"Gesch\u00e4tzte Lesezeit\" \/>\n\t<meta name=\"twitter:data1\" content=\"4\u00a0Minuten\" \/>\n<script type=\"application\/ld+json\" class=\"yoast-schema-graph\">{\"@context\":\"https:\/\/schema.org\",\"@graph\":[{\"@type\":\"WebPage\",\"@id\":\"https:\/\/www.hotelitalia-siena.it\/de\/freizeit\/\",\"url\":\"https:\/\/www.hotelitalia-siena.it\/de\/freizeit\/\",\"name\":\"Freizeitangebote in Siena und Umgebung - Hotel Italia\",\"isPartOf\":{\"@id\":\"https:\/\/www.hotelitalia-siena.it\/#website\"},\"datePublished\":\"2015-01-26T16:08:03+00:00\",\"dateModified\":\"2015-12-28T18:23:28+00:00\",\"description\":\"Entdecken Sie die Freizeitangebote in Siena und Umgebung. Hier finden Sie Aktivit\u00e4ten, Veranstaltungen M\u00e4rkte und sehenswerte Ort in der Provinz von Siena.\",\"breadcrumb\":{\"@id\":\"https:\/\/www.hotelitalia-siena.it\/de\/freizeit\/#breadcrumb\"},\"inLanguage\":\"de\",\"potentialAction\":[{\"@type\":\"ReadAction\",\"target\":[\"https:\/\/www.hotelitalia-siena.it\/de\/freizeit\/\"]}]},{\"@type\":\"BreadcrumbList\",\"@id\":\"https:\/\/www.hotelitalia-siena.it\/de\/freizeit\/#breadcrumb\",\"itemListElement\":[{\"@type\":\"ListItem\",\"position\":1,\"name\":\"Hotel Italia\",\"item\":\"https:\/\/www.hotelitalia-siena.it\/de\/\"},{\"@type\":\"ListItem\",\"position\":2,\"name\":\"Freizeit\"}]},{\"@type\":\"WebSite\",\"@id\":\"https:\/\/www.hotelitalia-siena.it\/#website\",\"url\":\"https:\/\/www.hotelitalia-siena.it\/\",\"name\":\"Hotel Italia Siena\",\"description\":\"Nur eine weitere Wordpress Seite\",\"publisher\":{\"@id\":\"https:\/\/www.hotelitalia-siena.it\/#organization\"},\"potentialAction\":[{\"@type\":\"SearchAction\",\"target\":{\"@type\":\"EntryPoint\",\"urlTemplate\":\"https:\/\/www.hotelitalia-siena.it\/?s={search_term_string}\"},\"query-input\":\"required name=search_term_string\"}],\"inLanguage\":\"de\"},{\"@type\":\"Organization\",\"@id\":\"https:\/\/www.hotelitalia-siena.it\/#organization\",\"name\":\"Hotel Italia SpA\",\"url\":\"https:\/\/www.hotelitalia-siena.it\/\",\"logo\":{\"@type\":\"ImageObject\",\"inLanguage\":\"de\",\"@id\":\"https:\/\/www.hotelitalia-siena.it\/#\/schema\/logo\/image\/\",\"url\":\"https:\/\/www.hotelitalia-siena.it\/wp-content\/uploads\/2018\/04\/hotel-italia-siena-logo.png\",\"contentUrl\":\"https:\/\/www.hotelitalia-siena.it\/wp-content\/uploads\/2018\/04\/hotel-italia-siena-logo.png\",\"width\":147,\"height\":102,\"caption\":\"Hotel Italia SpA\"},\"image\":{\"@id\":\"https:\/\/www.hotelitalia-siena.it\/#\/schema\/logo\/image\/\"},\"sameAs\":[\"https:\/\/www.facebook.com\/hotelitaliasiena\/\"]}]}<\/script>\n<!-- \/ Yoast SEO plugin. -->","yoast_head_json":{"title":"Freizeitangebote in Siena und Umgebung - Hotel Italia","description":"Entdecken Sie die Freizeitangebote in Siena und Umgebung. Hier finden Sie Aktivit\u00e4ten, Veranstaltungen M\u00e4rkte und sehenswerte Ort in der Provinz von Siena.","robots":{"index":"index","follow":"follow","max-snippet":"max-snippet:-1","max-image-preview":"max-image-preview:large","max-video-preview":"max-video-preview:-1"},"canonical":"https:\/\/www.hotelitalia-siena.it\/de\/freizeit\/","og_locale":"de_DE","og_type":"article","og_title":"Freizeitangebote in Siena und Umgebung - Hotel Italia","og_description":"Entdecken Sie die Freizeitangebote in Siena und Umgebung. Hier finden Sie Aktivit\u00e4ten, Veranstaltungen M\u00e4rkte und sehenswerte Ort in der Provinz von Siena.","og_url":"https:\/\/www.hotelitalia-siena.it\/de\/freizeit\/","og_site_name":"Hotel Italia Siena","article_publisher":"https:\/\/www.facebook.com\/hotelitaliasiena\/","article_modified_time":"2015-12-28T18:23:28+00:00","og_image":[{"width":2000,"height":705,"url":"https:\/\/www.hotelitalia-siena.it\/wp-content\/uploads\/2015\/01\/header-privacy-policy.jpg","type":"image\/jpeg"}],"twitter_misc":{"Gesch\u00e4tzte Lesezeit":"4\u00a0Minuten"},"schema":{"@context":"https:\/\/schema.org","@graph":[{"@type":"WebPage","@id":"https:\/\/www.hotelitalia-siena.it\/de\/freizeit\/","url":"https:\/\/www.hotelitalia-siena.it\/de\/freizeit\/","name":"Freizeitangebote in Siena und Umgebung - Hotel Italia","isPartOf":{"@id":"https:\/\/www.hotelitalia-siena.it\/#website"},"datePublished":"2015-01-26T16:08:03+00:00","dateModified":"2015-12-28T18:23:28+00:00","description":"Entdecken Sie die Freizeitangebote in Siena und Umgebung. Hier finden Sie Aktivit\u00e4ten, Veranstaltungen M\u00e4rkte und sehenswerte Ort in der Provinz von Siena.","breadcrumb":{"@id":"https:\/\/www.hotelitalia-siena.it\/de\/freizeit\/#breadcrumb"},"inLanguage":"de","potentialAction":[{"@type":"ReadAction","target":["https:\/\/www.hotelitalia-siena.it\/de\/freizeit\/"]}]},{"@type":"BreadcrumbList","@id":"https:\/\/www.hotelitalia-siena.it\/de\/freizeit\/#breadcrumb","itemListElement":[{"@type":"ListItem","position":1,"name":"Hotel Italia","item":"https:\/\/www.hotelitalia-siena.it\/de\/"},{"@type":"ListItem","position":2,"name":"Freizeit"}]},{"@type":"WebSite","@id":"https:\/\/www.hotelitalia-siena.it\/#website","url":"https:\/\/www.hotelitalia-siena.it\/","name":"Hotel Italia Siena","description":"Nur eine weitere Wordpress Seite","publisher":{"@id":"https:\/\/www.hotelitalia-siena.it\/#organization"},"potentialAction":[{"@type":"SearchAction","target":{"@type":"EntryPoint","urlTemplate":"https:\/\/www.hotelitalia-siena.it\/?s={search_term_string}"},"query-input":"required name=search_term_string"}],"inLanguage":"de"},{"@type":"Organization","@id":"https:\/\/www.hotelitalia-siena.it\/#organization","name":"Hotel Italia SpA","url":"https:\/\/www.hotelitalia-siena.it\/","logo":{"@type":"ImageObject","inLanguage":"de","@id":"https:\/\/www.hotelitalia-siena.it\/#\/schema\/logo\/image\/","url":"https:\/\/www.hotelitalia-siena.it\/wp-content\/uploads\/2018\/04\/hotel-italia-siena-logo.png","contentUrl":"https:\/\/www.hotelitalia-siena.it\/wp-content\/uploads\/2018\/04\/hotel-italia-siena-logo.png","width":147,"height":102,"caption":"Hotel Italia SpA"},"image":{"@id":"https:\/\/www.hotelitalia-siena.it\/#\/schema\/logo\/image\/"},"sameAs":["https:\/\/www.facebook.com\/hotelitaliasiena\/"]}]}},"_links":{"self":[{"href":"https:\/\/www.hotelitalia-siena.it\/de\/wp-json\/wp\/v2\/pages\/937"}],"collection":[{"href":"https:\/\/www.hotelitalia-siena.it\/de\/wp-json\/wp\/v2\/pages"}],"about":[{"href":"https:\/\/www.hotelitalia-siena.it\/de\/wp-json\/wp\/v2\/types\/page"}],"author":[{"embeddable":true,"href":"https:\/\/www.hotelitalia-siena.it\/de\/wp-json\/wp\/v2\/users\/1"}],"replies":[{"embeddable":true,"href":"https:\/\/www.hotelitalia-siena.it\/de\/wp-json\/wp\/v2\/comments?post=937"}],"version-history":[{"count":0,"href":"https:\/\/www.hotelitalia-siena.it\/de\/wp-json\/wp\/v2\/pages\/937\/revisions"}],"wp:attachment":[{"href":"https:\/\/www.hotelitalia-siena.it\/de\/wp-json\/wp\/v2\/media?parent=937"}],"curies":[{"name":"wp","href":"https:\/\/api.w.org\/{rel}","templated":true}]}}