{"id":917,"date":"2015-01-26T15:50:47","date_gmt":"2015-01-26T15:50:47","guid":{"rendered":"http:\/\/newsite.gardenhotel.it\/servizi\/parcheggio-privato\/"},"modified":"2024-12-09T13:32:28","modified_gmt":"2024-12-09T13:32:28","slug":"privater-parkplatz","status":"publish","type":"page","link":"https:\/\/www.hotelitalia-siena.it\/de\/service\/privater-parkplatz\/","title":{"rendered":"Privater Parkplatz"},"content":{"rendered":"<p>[et_pb_section fb_built=&#8221;1&#8243; fullwidth=&#8221;on&#8221; module_class=&#8221;home_header_slide&#8221; _builder_version=&#8221;4.16&#8243; background_color=&#8221;#ffffff&#8221; transparent_background=&#8221;off&#8221; global_colors_info=&#8221;{}&#8221;][et_pb_fullwidth_slider show_arrows=&#8221;off&#8221; show_pagination=&#8221;off&#8221; _builder_version=&#8221;4.16&#8243; custom_padding=&#8221;|||&#8221; custom_padding_tablet=&#8221;|||&#8221; custom_padding_phone=&#8221;|||&#8221; box_shadow_style=&#8221;preset6&#8243; box_shadow_blur=&#8221;10px&#8221; box_shadow_color=&#8221;rgba(0,0,0,0.1)&#8221; show_inner_shadow=&#8221;on&#8221; global_colors_info=&#8221;{}&#8221; button_text_size__hover_enabled=&#8221;off&#8221; button_one_text_size__hover_enabled=&#8221;off&#8221; button_two_text_size__hover_enabled=&#8221;off&#8221; button_text_color__hover_enabled=&#8221;off&#8221; button_one_text_color__hover_enabled=&#8221;off&#8221; button_two_text_color__hover_enabled=&#8221;off&#8221; button_border_width__hover_enabled=&#8221;off&#8221; button_one_border_width__hover_enabled=&#8221;off&#8221; button_two_border_width__hover_enabled=&#8221;off&#8221; button_border_color__hover_enabled=&#8221;off&#8221; button_one_border_color__hover_enabled=&#8221;off&#8221; button_two_border_color__hover_enabled=&#8221;off&#8221; button_border_radius__hover_enabled=&#8221;off&#8221; button_one_border_radius__hover_enabled=&#8221;off&#8221; button_two_border_radius__hover_enabled=&#8221;off&#8221; button_letter_spacing__hover_enabled=&#8221;off&#8221; button_one_letter_spacing__hover_enabled=&#8221;off&#8221; button_two_letter_spacing__hover_enabled=&#8221;off&#8221; button_bg_color__hover_enabled=&#8221;off&#8221; button_one_bg_color__hover_enabled=&#8221;off&#8221; button_two_bg_color__hover_enabled=&#8221;off&#8221;][et_pb_slide _builder_version=&#8221;4.16&#8243; background_color=&#8221;#ffffff&#8221; background_image=&#8221;https:\/\/www.hotelitalia-siena.it\/wp-content\/uploads\/2015\/01\/A3A0173.jpg&#8221; global_colors_info=&#8221;{}&#8221; sticky_transition=&#8221;on&#8221; button_text_size__hover_enabled=&#8221;off&#8221; button_one_text_size__hover_enabled=&#8221;off&#8221; button_two_text_size__hover_enabled=&#8221;off&#8221; button_text_color__hover_enabled=&#8221;off&#8221; button_one_text_color__hover_enabled=&#8221;off&#8221; button_two_text_color__hover_enabled=&#8221;off&#8221; button_border_width__hover_enabled=&#8221;off&#8221; button_one_border_width__hover_enabled=&#8221;off&#8221; button_two_border_width__hover_enabled=&#8221;off&#8221; button_border_color__hover_enabled=&#8221;off&#8221; button_one_border_color__hover_enabled=&#8221;off&#8221; button_two_border_color__hover_enabled=&#8221;off&#8221; button_border_radius__hover_enabled=&#8221;off&#8221; button_one_border_radius__hover_enabled=&#8221;off&#8221; button_two_border_radius__hover_enabled=&#8221;off&#8221; button_letter_spacing__hover_enabled=&#8221;off&#8221; button_one_letter_spacing__hover_enabled=&#8221;off&#8221; button_two_letter_spacing__hover_enabled=&#8221;off&#8221; button_bg_color__hover_enabled=&#8221;off&#8221; button_one_bg_color__hover_enabled=&#8221;off&#8221; button_two_bg_color__hover_enabled=&#8221;off&#8221;][\/et_pb_slide][\/et_pb_fullwidth_slider][\/et_pb_section][et_pb_section fb_built=&#8221;1&#8243; module_id=&#8221;h-booking_container&#8221; _builder_version=&#8221;4.16&#8243; background_color=&#8221;#ffffff&#8221; transparent_background=&#8221;off&#8221; global_colors_info=&#8221;{}&#8221;][et_pb_row _builder_version=&#8221;4.16&#8243; background_size=&#8221;initial&#8221; background_position=&#8221;top_left&#8221; background_repeat=&#8221;repeat&#8221; global_colors_info=&#8221;{}&#8221;][et_pb_column type=&#8221;4_4&#8243; _builder_version=&#8221;4.16&#8243; custom_padding=&#8221;|||&#8221; global_colors_info=&#8221;{}&#8221; custom_padding__hover=&#8221;|||&#8221;][et_pb_sidebar area=&#8221;et_pb_widget_area_1&#8243; _builder_version=&#8221;4.16&#8243; global_colors_info=&#8221;{}&#8221;][\/et_pb_sidebar][\/et_pb_column][\/et_pb_row][\/et_pb_section][et_pb_section fb_built=&#8221;1&#8243; module_class=&#8221;room_block&#8221; _builder_version=&#8221;4.16&#8243; background_color=&#8221;#ffffff&#8221; transparent_background=&#8221;off&#8221; global_colors_info=&#8221;{}&#8221;][et_pb_row _builder_version=&#8221;4.16&#8243; background_size=&#8221;initial&#8221; background_position=&#8221;top_left&#8221; background_repeat=&#8221;repeat&#8221; global_colors_info=&#8221;{}&#8221;][et_pb_column type=&#8221;4_4&#8243; _builder_version=&#8221;4.16&#8243; custom_padding=&#8221;|||&#8221; global_colors_info=&#8221;{}&#8221; custom_padding__hover=&#8221;|||&#8221;][et_pb_text _builder_version=&#8221;4.23.4&#8243; background_size=&#8221;initial&#8221; background_position=&#8221;top_left&#8221; background_repeat=&#8221;repeat&#8221; hover_enabled=&#8221;0&#8243; global_colors_info=&#8221;{}&#8221; sticky_enabled=&#8221;0&#8243;]<\/p>\n<h1 style=\"text-align: justify;\">Privater Parkplatz<\/h1>\n<p>Wenn Sie nach einem <strong>hotel in Siena mit Parkplatz suchen<\/strong>, dann ist <strong>Hotel Italia<\/strong> die richtige L\u00f6sung f\u00fcr Sie. Wir verf\u00fcgen \u00fcber einen <strong>kleinen PKW-Parkplatz<\/strong> mit zehn reservierungspflichtigen Stellpl\u00e4tzen.<br \/>\nDie Kosten betragen <strong>10,00 \u20ac pro Tag und Auto<\/strong>, von 14:00 Uhr am Tag der Anreise bis 12:00 Uhr am Tag der Abreise.<br \/>\nSollte der Parkplatz einmal voll belegt sein oder Sie eine <strong>kostenfreie Alternative<\/strong> vorziehen, finden Sie in der unmittelbaren Umgebung viele kostenlose <strong>\u00f6ffentliche Parkpl\u00e4tze<\/strong> in einem sehr ruhigen und sicheren Wohngebiet. Beachten Sie aber die Schilder, die das Parken zu bestimmten Zeiten f\u00fcr die Stra\u00dfenreinigung einschr\u00e4nken: die Polizei kennt bei Strafzetteln keine Gnade!<\/p>\n<p><strong>Parkplatz f\u00fcr Reisebusse<\/strong><\/p>\n<p>In der Innenstadt von Siena wird eine geb\u00fchrenpflichtige Genehmigung ben\u00f6tigt. Wenn Sie uns das Kennzeichen 10 Tage vor Ankunft zusenden, k\u00f6nnen wir Sie Ihnen kostenfrei zukommen lassen.[\/et_pb_text][\/et_pb_column][\/et_pb_row][et_pb_row _builder_version=&#8221;4.16&#8243; background_size=&#8221;initial&#8221; background_position=&#8221;top_left&#8221; background_repeat=&#8221;repeat&#8221; global_colors_info=&#8221;{}&#8221;][et_pb_column type=&#8221;4_4&#8243; _builder_version=&#8221;4.16&#8243; custom_padding=&#8221;|||&#8221; global_colors_info=&#8221;{}&#8221; custom_padding__hover=&#8221;|||&#8221;][et_pb_text _builder_version=&#8221;4.16&#8243; background_size=&#8221;initial&#8221; background_position=&#8221;top_left&#8221; background_repeat=&#8221;repeat&#8221; global_colors_info=&#8221;{}&#8221;][\/et_pb_text][\/et_pb_column][\/et_pb_row][\/et_pb_section]<\/p>\n","protected":false},"excerpt":{"rendered":"<p>Privater Parkplatz Wenn Sie nach einem hotel in Siena mit Parkplatz suchen, dann ist Hotel Italia die richtige L\u00f6sung f\u00fcr Sie. Wir verf\u00fcgen \u00fcber einen kleinen PKW-Parkplatz mit zehn reservierungspflichtigen Stellpl\u00e4tzen. Die Kosten betragen 10,00 \u20ac pro Tag und Auto, von 14:00 Uhr am Tag der Anreise bis 12:00 Uhr am Tag der Abreise. Sollte [&hellip;]<\/p>\n","protected":false},"author":1,"featured_media":0,"parent":865,"menu_order":0,"comment_status":"closed","ping_status":"closed","template":"","meta":{"_acf_changed":false,"_et_pb_use_builder":"on","_et_pb_old_content":"","_et_gb_content_width":"","footnotes":""},"acf":[],"yoast_head":"<!-- This site is optimized with the Yoast SEO plugin v23.0 - https:\/\/yoast.com\/wordpress\/plugins\/seo\/ -->\n<title>Hotel in Siena mit Parkplatz - Hotel Italia Siena<\/title>\n<meta name=\"description\" content=\"Das Hotel Italia ist ein Hotel in Siena, das \u00fcber einen eigenen Parkplatz verf\u00fcgt. Dank der strategischen Lage des Hotels, in der N\u00e4he des Zentrums, aber au\u00dferhalb der Mauern, ist das Parken f\u00fcr die G\u00e4ste leicht erreichbar, ohne die ZTL von Siena zu durchqueren.\" \/>\n<meta name=\"robots\" content=\"index, follow, max-snippet:-1, max-image-preview:large, max-video-preview:-1\" \/>\n<link rel=\"canonical\" href=\"https:\/\/www.hotelitalia-siena.it\/de\/service\/privater-parkplatz\/\" \/>\n<meta property=\"og:locale\" content=\"de_DE\" \/>\n<meta property=\"og:type\" content=\"article\" \/>\n<meta property=\"og:title\" content=\"Hotel in Siena mit Parkplatz - Hotel Italia Siena\" \/>\n<meta property=\"og:description\" content=\"Das Hotel Italia ist ein Hotel in Siena, das \u00fcber einen eigenen Parkplatz verf\u00fcgt. Dank der strategischen Lage des Hotels, in der N\u00e4he des Zentrums, aber au\u00dferhalb der Mauern, ist das Parken f\u00fcr die G\u00e4ste leicht erreichbar, ohne die ZTL von Siena zu durchqueren.\" \/>\n<meta property=\"og:url\" content=\"https:\/\/www.hotelitalia-siena.it\/de\/service\/privater-parkplatz\/\" \/>\n<meta property=\"og:site_name\" content=\"Hotel Italia Siena\" \/>\n<meta property=\"article:publisher\" content=\"https:\/\/www.facebook.com\/hotelitaliasiena\/\" \/>\n<meta property=\"article:modified_time\" content=\"2024-12-09T13:32:28+00:00\" \/>\n<meta property=\"og:image\" content=\"https:\/\/www.hotelitalia-siena.it\/wp-content\/uploads\/2015\/01\/header-privacy-policy.jpg\" \/>\n\t<meta property=\"og:image:width\" content=\"2000\" \/>\n\t<meta property=\"og:image:height\" content=\"705\" \/>\n\t<meta property=\"og:image:type\" content=\"image\/jpeg\" \/>\n<meta name=\"twitter:label1\" content=\"Gesch\u00e4tzte Lesezeit\" \/>\n\t<meta name=\"twitter:data1\" content=\"4\u00a0Minuten\" \/>\n<script type=\"application\/ld+json\" class=\"yoast-schema-graph\">{\"@context\":\"https:\/\/schema.org\",\"@graph\":[{\"@type\":\"WebPage\",\"@id\":\"https:\/\/www.hotelitalia-siena.it\/de\/service\/privater-parkplatz\/\",\"url\":\"https:\/\/www.hotelitalia-siena.it\/de\/service\/privater-parkplatz\/\",\"name\":\"Hotel in Siena mit Parkplatz - Hotel Italia Siena\",\"isPartOf\":{\"@id\":\"https:\/\/www.hotelitalia-siena.it\/#website\"},\"datePublished\":\"2015-01-26T15:50:47+00:00\",\"dateModified\":\"2024-12-09T13:32:28+00:00\",\"description\":\"Das Hotel Italia ist ein Hotel in Siena, das \u00fcber einen eigenen Parkplatz verf\u00fcgt. Dank der strategischen Lage des Hotels, in der N\u00e4he des Zentrums, aber au\u00dferhalb der Mauern, ist das Parken f\u00fcr die G\u00e4ste leicht erreichbar, ohne die ZTL von Siena zu durchqueren.\",\"breadcrumb\":{\"@id\":\"https:\/\/www.hotelitalia-siena.it\/de\/service\/privater-parkplatz\/#breadcrumb\"},\"inLanguage\":\"de\",\"potentialAction\":[{\"@type\":\"ReadAction\",\"target\":[\"https:\/\/www.hotelitalia-siena.it\/de\/service\/privater-parkplatz\/\"]}]},{\"@type\":\"BreadcrumbList\",\"@id\":\"https:\/\/www.hotelitalia-siena.it\/de\/service\/privater-parkplatz\/#breadcrumb\",\"itemListElement\":[{\"@type\":\"ListItem\",\"position\":1,\"name\":\"Hotel Italia\",\"item\":\"https:\/\/www.hotelitalia-siena.it\/de\/\"},{\"@type\":\"ListItem\",\"position\":2,\"name\":\"Service\",\"item\":\"https:\/\/www.hotelitalia-siena.it\/de\/service\/\"},{\"@type\":\"ListItem\",\"position\":3,\"name\":\"Privater Parkplatz\"}]},{\"@type\":\"WebSite\",\"@id\":\"https:\/\/www.hotelitalia-siena.it\/#website\",\"url\":\"https:\/\/www.hotelitalia-siena.it\/\",\"name\":\"Hotel Italia Siena\",\"description\":\"Nur eine weitere Wordpress Seite\",\"publisher\":{\"@id\":\"https:\/\/www.hotelitalia-siena.it\/#organization\"},\"potentialAction\":[{\"@type\":\"SearchAction\",\"target\":{\"@type\":\"EntryPoint\",\"urlTemplate\":\"https:\/\/www.hotelitalia-siena.it\/?s={search_term_string}\"},\"query-input\":\"required name=search_term_string\"}],\"inLanguage\":\"de\"},{\"@type\":\"Organization\",\"@id\":\"https:\/\/www.hotelitalia-siena.it\/#organization\",\"name\":\"Hotel Italia SpA\",\"url\":\"https:\/\/www.hotelitalia-siena.it\/\",\"logo\":{\"@type\":\"ImageObject\",\"inLanguage\":\"de\",\"@id\":\"https:\/\/www.hotelitalia-siena.it\/#\/schema\/logo\/image\/\",\"url\":\"https:\/\/www.hotelitalia-siena.it\/wp-content\/uploads\/2018\/04\/hotel-italia-siena-logo.png\",\"contentUrl\":\"https:\/\/www.hotelitalia-siena.it\/wp-content\/uploads\/2018\/04\/hotel-italia-siena-logo.png\",\"width\":147,\"height\":102,\"caption\":\"Hotel Italia SpA\"},\"image\":{\"@id\":\"https:\/\/www.hotelitalia-siena.it\/#\/schema\/logo\/image\/\"},\"sameAs\":[\"https:\/\/www.facebook.com\/hotelitaliasiena\/\"]}]}<\/script>\n<!-- \/ Yoast SEO plugin. -->","yoast_head_json":{"title":"Hotel in Siena mit Parkplatz - Hotel Italia Siena","description":"Das Hotel Italia ist ein Hotel in Siena, das \u00fcber einen eigenen Parkplatz verf\u00fcgt. Dank der strategischen Lage des Hotels, in der N\u00e4he des Zentrums, aber au\u00dferhalb der Mauern, ist das Parken f\u00fcr die G\u00e4ste leicht erreichbar, ohne die ZTL von Siena zu durchqueren.","robots":{"index":"index","follow":"follow","max-snippet":"max-snippet:-1","max-image-preview":"max-image-preview:large","max-video-preview":"max-video-preview:-1"},"canonical":"https:\/\/www.hotelitalia-siena.it\/de\/service\/privater-parkplatz\/","og_locale":"de_DE","og_type":"article","og_title":"Hotel in Siena mit Parkplatz - Hotel Italia Siena","og_description":"Das Hotel Italia ist ein Hotel in Siena, das \u00fcber einen eigenen Parkplatz verf\u00fcgt. Dank der strategischen Lage des Hotels, in der N\u00e4he des Zentrums, aber au\u00dferhalb der Mauern, ist das Parken f\u00fcr die G\u00e4ste leicht erreichbar, ohne die ZTL von Siena zu durchqueren.","og_url":"https:\/\/www.hotelitalia-siena.it\/de\/service\/privater-parkplatz\/","og_site_name":"Hotel Italia Siena","article_publisher":"https:\/\/www.facebook.com\/hotelitaliasiena\/","article_modified_time":"2024-12-09T13:32:28+00:00","og_image":[{"width":2000,"height":705,"url":"https:\/\/www.hotelitalia-siena.it\/wp-content\/uploads\/2015\/01\/header-privacy-policy.jpg","type":"image\/jpeg"}],"twitter_misc":{"Gesch\u00e4tzte Lesezeit":"4\u00a0Minuten"},"schema":{"@context":"https:\/\/schema.org","@graph":[{"@type":"WebPage","@id":"https:\/\/www.hotelitalia-siena.it\/de\/service\/privater-parkplatz\/","url":"https:\/\/www.hotelitalia-siena.it\/de\/service\/privater-parkplatz\/","name":"Hotel in Siena mit Parkplatz - Hotel Italia Siena","isPartOf":{"@id":"https:\/\/www.hotelitalia-siena.it\/#website"},"datePublished":"2015-01-26T15:50:47+00:00","dateModified":"2024-12-09T13:32:28+00:00","description":"Das Hotel Italia ist ein Hotel in Siena, das \u00fcber einen eigenen Parkplatz verf\u00fcgt. Dank der strategischen Lage des Hotels, in der N\u00e4he des Zentrums, aber au\u00dferhalb der Mauern, ist das Parken f\u00fcr die G\u00e4ste leicht erreichbar, ohne die ZTL von Siena zu durchqueren.","breadcrumb":{"@id":"https:\/\/www.hotelitalia-siena.it\/de\/service\/privater-parkplatz\/#breadcrumb"},"inLanguage":"de","potentialAction":[{"@type":"ReadAction","target":["https:\/\/www.hotelitalia-siena.it\/de\/service\/privater-parkplatz\/"]}]},{"@type":"BreadcrumbList","@id":"https:\/\/www.hotelitalia-siena.it\/de\/service\/privater-parkplatz\/#breadcrumb","itemListElement":[{"@type":"ListItem","position":1,"name":"Hotel Italia","item":"https:\/\/www.hotelitalia-siena.it\/de\/"},{"@type":"ListItem","position":2,"name":"Service","item":"https:\/\/www.hotelitalia-siena.it\/de\/service\/"},{"@type":"ListItem","position":3,"name":"Privater Parkplatz"}]},{"@type":"WebSite","@id":"https:\/\/www.hotelitalia-siena.it\/#website","url":"https:\/\/www.hotelitalia-siena.it\/","name":"Hotel Italia Siena","description":"Nur eine weitere Wordpress Seite","publisher":{"@id":"https:\/\/www.hotelitalia-siena.it\/#organization"},"potentialAction":[{"@type":"SearchAction","target":{"@type":"EntryPoint","urlTemplate":"https:\/\/www.hotelitalia-siena.it\/?s={search_term_string}"},"query-input":"required name=search_term_string"}],"inLanguage":"de"},{"@type":"Organization","@id":"https:\/\/www.hotelitalia-siena.it\/#organization","name":"Hotel Italia SpA","url":"https:\/\/www.hotelitalia-siena.it\/","logo":{"@type":"ImageObject","inLanguage":"de","@id":"https:\/\/www.hotelitalia-siena.it\/#\/schema\/logo\/image\/","url":"https:\/\/www.hotelitalia-siena.it\/wp-content\/uploads\/2018\/04\/hotel-italia-siena-logo.png","contentUrl":"https:\/\/www.hotelitalia-siena.it\/wp-content\/uploads\/2018\/04\/hotel-italia-siena-logo.png","width":147,"height":102,"caption":"Hotel Italia SpA"},"image":{"@id":"https:\/\/www.hotelitalia-siena.it\/#\/schema\/logo\/image\/"},"sameAs":["https:\/\/www.facebook.com\/hotelitaliasiena\/"]}]}},"_links":{"self":[{"href":"https:\/\/www.hotelitalia-siena.it\/de\/wp-json\/wp\/v2\/pages\/917"}],"collection":[{"href":"https:\/\/www.hotelitalia-siena.it\/de\/wp-json\/wp\/v2\/pages"}],"about":[{"href":"https:\/\/www.hotelitalia-siena.it\/de\/wp-json\/wp\/v2\/types\/page"}],"author":[{"embeddable":true,"href":"https:\/\/www.hotelitalia-siena.it\/de\/wp-json\/wp\/v2\/users\/1"}],"replies":[{"embeddable":true,"href":"https:\/\/www.hotelitalia-siena.it\/de\/wp-json\/wp\/v2\/comments?post=917"}],"version-history":[{"count":4,"href":"https:\/\/www.hotelitalia-siena.it\/de\/wp-json\/wp\/v2\/pages\/917\/revisions"}],"predecessor-version":[{"id":12376,"href":"https:\/\/www.hotelitalia-siena.it\/de\/wp-json\/wp\/v2\/pages\/917\/revisions\/12376"}],"up":[{"embeddable":true,"href":"https:\/\/www.hotelitalia-siena.it\/de\/wp-json\/wp\/v2\/pages\/865"}],"wp:attachment":[{"href":"https:\/\/www.hotelitalia-siena.it\/de\/wp-json\/wp\/v2\/media?parent=917"}],"curies":[{"name":"wp","href":"https:\/\/api.w.org\/{rel}","templated":true}]}}