{"id":777,"date":"2015-01-26T13:53:59","date_gmt":"2015-01-26T13:53:59","guid":{"rendered":"http:\/\/newsite.gardenhotel.it\/camere\/poggiarello\/"},"modified":"2020-10-26T08:57:38","modified_gmt":"2020-10-26T08:57:38","slug":"love-room","status":"publish","type":"page","link":"https:\/\/www.hotelitalia-siena.it\/de\/zimmer\/love-room\/","title":{"rendered":"Love Room"},"content":{"rendered":"<p>[et_pb_section fb_built=&#8221;1&#8243; fullwidth=&#8221;on&#8221; admin_label=&#8221;section&#8221; module_class=&#8221;home_header_slide&#8221; _builder_version=&#8221;3.22&#8243; background_color=&#8221;#ffffff&#8221; transparent_background=&#8221;off&#8221;][et_pb_fullwidth_slider show_arrows=&#8221;off&#8221; show_pagination=&#8221;off&#8221; admin_label=&#8221;Fullwidth Slider&#8221; _builder_version=&#8221;3.16&#8243; custom_padding=&#8221;|||&#8221; custom_padding_tablet=&#8221;|||&#8221; custom_padding_phone=&#8221;|||&#8221; box_shadow_style=&#8221;preset6&#8243; box_shadow_blur=&#8221;10px&#8221; box_shadow_color=&#8221;rgba(0,0,0,0.1)&#8221; show_inner_shadow=&#8221;on&#8221; button_text_size__hover_enabled=&#8221;off&#8221; button_one_text_size__hover_enabled=&#8221;off&#8221; button_two_text_size__hover_enabled=&#8221;off&#8221; button_text_color__hover_enabled=&#8221;off&#8221; button_one_text_color__hover_enabled=&#8221;off&#8221; button_two_text_color__hover_enabled=&#8221;off&#8221; button_border_width__hover_enabled=&#8221;off&#8221; button_one_border_width__hover_enabled=&#8221;off&#8221; button_two_border_width__hover_enabled=&#8221;off&#8221; button_border_color__hover_enabled=&#8221;off&#8221; button_one_border_color__hover_enabled=&#8221;off&#8221; button_two_border_color__hover_enabled=&#8221;off&#8221; button_border_radius__hover_enabled=&#8221;off&#8221; button_one_border_radius__hover_enabled=&#8221;off&#8221; button_two_border_radius__hover_enabled=&#8221;off&#8221; button_letter_spacing__hover_enabled=&#8221;off&#8221; button_one_letter_spacing__hover_enabled=&#8221;off&#8221; button_two_letter_spacing__hover_enabled=&#8221;off&#8221; button_bg_color__hover_enabled=&#8221;off&#8221; button_one_bg_color__hover_enabled=&#8221;off&#8221; button_two_bg_color__hover_enabled=&#8221;off&#8221;][et_pb_slide _builder_version=&#8221;3.16&#8243; background_color=&#8221;#ffffff&#8221; background_image=&#8221;https:\/\/www.hotelitalia-siena.it\/wp-content\/uploads\/2015\/01\/HOTEL-ITALIA-SIENA-LOVE-ROOM-2.jpg&#8221; button_text_size__hover_enabled=&#8221;off&#8221; button_one_text_size__hover_enabled=&#8221;off&#8221; button_two_text_size__hover_enabled=&#8221;off&#8221; button_text_color__hover_enabled=&#8221;off&#8221; button_one_text_color__hover_enabled=&#8221;off&#8221; button_two_text_color__hover_enabled=&#8221;off&#8221; button_border_width__hover_enabled=&#8221;off&#8221; button_one_border_width__hover_enabled=&#8221;off&#8221; button_two_border_width__hover_enabled=&#8221;off&#8221; button_border_color__hover_enabled=&#8221;off&#8221; button_one_border_color__hover_enabled=&#8221;off&#8221; button_two_border_color__hover_enabled=&#8221;off&#8221; button_border_radius__hover_enabled=&#8221;off&#8221; button_one_border_radius__hover_enabled=&#8221;off&#8221; button_two_border_radius__hover_enabled=&#8221;off&#8221; button_letter_spacing__hover_enabled=&#8221;off&#8221; button_one_letter_spacing__hover_enabled=&#8221;off&#8221; button_two_letter_spacing__hover_enabled=&#8221;off&#8221; button_bg_color__hover_enabled=&#8221;off&#8221; button_one_bg_color__hover_enabled=&#8221;off&#8221; button_two_bg_color__hover_enabled=&#8221;off&#8221; sticky_transition=&#8221;on&#8221;][\/et_pb_slide][\/et_pb_fullwidth_slider][\/et_pb_section][et_pb_section fb_built=&#8221;1&#8243; admin_label=&#8221;section&#8221; module_id=&#8221;h-booking_container&#8221; _builder_version=&#8221;3.22&#8243; background_color=&#8221;#ffffff&#8221; transparent_background=&#8221;off&#8221;][et_pb_row admin_label=&#8221;row&#8221; _builder_version=&#8221;3.25&#8243; background_size=&#8221;initial&#8221; background_position=&#8221;top_left&#8221; background_repeat=&#8221;repeat&#8221;][et_pb_column type=&#8221;4_4&#8243; _builder_version=&#8221;3.25&#8243; custom_padding=&#8221;|||&#8221; custom_padding__hover=&#8221;|||&#8221;][et_pb_sidebar area=&#8221;et_pb_widget_area_1&#8243; admin_label=&#8221;Sidebar&#8221; _builder_version=&#8221;3.0.74&#8243;][\/et_pb_sidebar][\/et_pb_column][\/et_pb_row][\/et_pb_section][et_pb_section fb_built=&#8221;1&#8243; admin_label=&#8221;section&#8221; module_class=&#8221;room_block&#8221; _builder_version=&#8221;3.22&#8243; background_color=&#8221;#ffffff&#8221; transparent_background=&#8221;off&#8221;][et_pb_row admin_label=&#8221;row&#8221; _builder_version=&#8221;3.25&#8243; background_size=&#8221;initial&#8221; background_position=&#8221;top_left&#8221; background_repeat=&#8221;repeat&#8221;][et_pb_column type=&#8221;4_4&#8243; _builder_version=&#8221;3.25&#8243; custom_padding=&#8221;|||&#8221; custom_padding__hover=&#8221;|||&#8221;][et_pb_text admin_label=&#8221;Text&#8221; _builder_version=&#8221;3.27.4&#8243; background_size=&#8221;initial&#8221; background_position=&#8221;top_left&#8221; background_repeat=&#8221;repeat&#8221; use_border_color=&#8221;off&#8221; border_color=&#8221;#ffffff&#8221; border_style=&#8221;solid&#8221;]<\/p>\n<h2 style=\"text-align: justify;\">Love\u00a0<strong>Room\u00a0\u2026\u00a0Romantische und verf\u00fchrerische Augenblicke<\/strong><\/h2>\n<p>&nbsp;<\/p>\n<p>&nbsp;<\/p>\n<p>&nbsp;<\/p>\n<p>Dieses Zimmer ist wirklich etwas Besonderes: eine einzigartige Wahl f\u00fcr ein romantisches Wochenende in Siena oder jeden anderen Tag, den Sie mit einem geliebten Menschen feiern m\u00f6chten.<br \/> Stellen Sie sich vor, Sie w\u00fcrden in eine andere Dimension eintreten. Wenn Sie die T\u00fcr des Love Room \u00f6ffnen, empfangen Sie sanfte Ambient-Musik und ged\u00e4mpfte Beleuchtung in einer magischen, farblich abgestimmten Atmosph\u00e4re. Das Bett, bestreut mit Rosenbl\u00e4ttern und gro\u00dfen, herzf\u00f6rmigen Kissen, ist einfach unwiderstehlich.<br \/> G\u00f6nnen Sie sich ein Glas Prosecco und die verf\u00fchrerischen Liebeskekse unseres Konditors\u00a0\u2026\u00a0lassen Sie sich fallen, befl\u00fcgeln Sie Ihre Fantasie mit dem anregenden \u201eLove Kit\u201c\u00a0\u2026 und denken Sie daran: \u201eNichts ist vergebens, wenn es mit Liebe gemacht ist\u201c \u2013 Eduard Leon Word.<\/p>\n<p>&nbsp;<\/p>\n<p>&nbsp;<\/p>\n<p>&nbsp;<\/p>\n<p><strong>F\u00fcr Ihren Romantikaufenthalt in Siena sollten Sie den Love Room w\u00e4hlen, wenn:<\/strong><\/p>\n<p>&nbsp;<\/p>\n<p>&nbsp;<\/p>\n<p>&nbsp;<\/p>\n<ul>\n<li>Sie die Person \u00fcberraschen m\u00f6chten, die mit Ihnen reist;<\/li>\n<li>Sie dem Menschen, den Sie lieben, ein unvergessliches Geschenk machen m\u00f6chten;<\/li>\n<li>Sie nicht auf technologische Annehmlichkeiten wie einen gro\u00dfen 42\u201d-Fernseher, einen iPod-Player mit Dolby Surround und TOP-Wi-Fi per Hochgeschwindigkeits-Breitbandzugang verzichten m\u00f6chten;<\/li>\n<li>Sie gern einen Tee-\/Kaffeezubereiter im Zimmer haben;<\/li>\n<li>Sie sich nach dem Duschen gern in einen flauschigen Bademantel kuscheln;<\/li>\n<li>Sie verliebt sind!<\/li>\n<\/ul>\n<p>&nbsp;<\/p>\n<p>&nbsp;<\/p>\n<p>&nbsp;<\/p>\n<p><strong class=\"services_title\">AUSSTATTUNG UND EIGENSCHAFTEN DES ZIMMERS:<\/strong><\/p>\n<p>&nbsp;<\/p>\n<div class=\"room_logo_services\"><img decoding=\"async\" style=\"margin-top: -10px; position: absolute; left: 0;\" class=\"aligncenter wp-image-262 size-full\" src=\"https:\/\/www.hotelitalia-siena.it\/wp-content\/uploads\/2016\/09\/sky.png\" alt=\"Camere con Sky\" width=\"70px\" height=\"\" \/><img decoding=\"async\" style=\"margin-top: -5px; position: absolute; right: 0;\" class=\"aligncenter wp-image-262 size-full\" src=\"https:\/\/www.hotelitalia-siena.it\/wp-content\/uploads\/2016\/09\/free-wifi.png\" alt=\"Free Wi-fi\" width=\"70px\" height=\"\" \/><\/div>\n<p>&nbsp;<\/p>\n<p>&nbsp;<\/p>\n<p>&nbsp;<\/p>\n<p>&nbsp;<\/p>\n<p>&nbsp;<\/p>\n<p>&nbsp;<\/p>\n<p>&nbsp;<\/p>\n<ul>\n<li>NICHTRAUCHERZIMMER<\/li>\n<li>Eine Flasche Prosecco<\/li>\n<li>Liebeskekse<\/li>\n<li>\u201eLove Kit\u201c\u00a0\u2026<\/li>\n<li>Love Music Compilation<\/li>\n<li>Badem\u00e4ntel und Slipper<\/li>\n<li>Herzkissen<\/li>\n<li>Gr\u00f6\u00dfe: 21 m<sup>2<\/sup><\/li>\n<li>Kingsize-Doppelbett<\/li>\n<li>Klimaanlage<\/li>\n<li>Kostenfreies Hochgeschwindigkeits-Wi-Fi<\/li>\n<li>42\u2019\u2019-Flachbildfernseher<\/li>\n<li>Internationale Satellitenkan\u00e4le<\/li>\n<li>Kostenfreie Sky-Programme<\/li>\n<li>iPod-Dockingstation<\/li>\n<li>Mini-HiFi-Anlage mit Radio<\/li>\n<li>CD-, mp3- und DVD-Player mit Dolby Digital<\/li>\n<li>Wasserkocher-Set f\u00fcr Tee und Kaffee<\/li>\n<li>Safe<\/li>\n<li>Telefon<\/li>\n<li>Eigenes Bad mit Dusche<\/li>\n<li>Haartrockner<\/li>\n<li>Handt\u00fccher<\/li>\n<li>Kostenfreie, qualitativ hochwertige Kosmetikprodukte auf Basis von ausschlie\u00dflich nat\u00fcrlichen Extrakten und cruelty-free (nicht an Tieren getestet).<\/li>\n<\/ul>\n<p>[\/et_pb_text][\/et_pb_column][\/et_pb_row][et_pb_row admin_label=&#8221;row&#8221; _builder_version=&#8221;3.25&#8243; background_size=&#8221;initial&#8221; background_position=&#8221;top_left&#8221; background_repeat=&#8221;repeat&#8221;][et_pb_column type=&#8221;4_4&#8243; _builder_version=&#8221;3.25&#8243; custom_padding=&#8221;|||&#8221; custom_padding__hover=&#8221;|||&#8221;][et_pb_gallery gallery_ids=&#8221;4627,4633,4639,4651,4663,4675,4621&#8243; posts_number=&#8221;8&#8243; show_pagination=&#8221;off&#8221; admin_label=&#8221;Gallery&#8221; _builder_version=&#8221;3.0.47&#8243;][\/et_pb_gallery][\/et_pb_column][\/et_pb_row][et_pb_row admin_label=&#8221;row&#8221; _builder_version=&#8221;3.25&#8243; background_size=&#8221;initial&#8221; background_position=&#8221;top_left&#8221; background_repeat=&#8221;repeat&#8221;][et_pb_column type=&#8221;4_4&#8243; _builder_version=&#8221;3.25&#8243; custom_padding=&#8221;|||&#8221; custom_padding__hover=&#8221;|||&#8221;][et_pb_text admin_label=&#8221;Text&#8221; _builder_version=&#8221;3.27.4&#8243; background_size=&#8221;initial&#8221; background_position=&#8221;top_left&#8221; background_repeat=&#8221;repeat&#8221;][\/et_pb_text][\/et_pb_column][\/et_pb_row][\/et_pb_section]<\/p>\n","protected":false},"excerpt":{"rendered":"<p>Love\u00a0Room\u00a0\u2026\u00a0Romantische und verf\u00fchrerische Augenblicke &nbsp; &nbsp; &nbsp; Dieses Zimmer ist wirklich etwas Besonderes: eine einzigartige Wahl f\u00fcr ein romantisches Wochenende in Siena oder jeden anderen Tag, den Sie mit einem geliebten Menschen feiern m\u00f6chten. Stellen Sie sich vor, Sie w\u00fcrden in eine andere Dimension eintreten. Wenn Sie die T\u00fcr des Love Room \u00f6ffnen, empfangen Sie [&hellip;]<\/p>\n","protected":false},"author":1,"featured_media":0,"parent":750,"menu_order":0,"comment_status":"closed","ping_status":"closed","template":"","meta":{"_acf_changed":false,"_et_pb_use_builder":"on","_et_pb_old_content":"<p>Lorem ipsum dolor sit amet, consectetur adipiscing elit, sed do eiusmod tempor incididunt ut labore et dolore magna aliqua. Ut enim ad minim veniam, quis nostrud exercitation ullamco laboris nisi ut aliquip ex ea commodo consequat. Duis aute irure dolor in reprehenderit in voluptate velit esse cillum dolore eu fugiat nulla pariatur. Excepteur sint occaecat cupidatat non proident, sunt in culpa qui officia deserunt mollit anim id est laborum.<\/p>","_et_gb_content_width":"","footnotes":""},"acf":[],"yoast_head":"<!-- This site is optimized with the Yoast SEO plugin v23.0 - https:\/\/yoast.com\/wordpress\/plugins\/seo\/ -->\n<title>Romantikaufenthalt Siena: Love Room - Hotel Italia<\/title>\n<meta name=\"description\" content=\"Erleben Sie einen unvergesslichen Romantikaufenthalt in Siena im exklusiven Love Room des Hotel Italia, einer exklusiven Unterkunft f\u00fcr Paare und Verliebte\" \/>\n<meta name=\"robots\" content=\"index, follow, max-snippet:-1, max-image-preview:large, max-video-preview:-1\" \/>\n<link rel=\"canonical\" href=\"https:\/\/www.hotelitalia-siena.it\/de\/zimmer\/love-room\/\" \/>\n<meta property=\"og:locale\" content=\"de_DE\" \/>\n<meta property=\"og:type\" content=\"article\" \/>\n<meta property=\"og:title\" content=\"Romantikaufenthalt Siena: Love Room - Hotel Italia\" \/>\n<meta property=\"og:description\" content=\"Erleben Sie einen unvergesslichen Romantikaufenthalt in Siena im exklusiven Love Room des Hotel Italia, einer exklusiven Unterkunft f\u00fcr Paare und Verliebte\" \/>\n<meta property=\"og:url\" content=\"https:\/\/www.hotelitalia-siena.it\/de\/zimmer\/love-room\/\" \/>\n<meta property=\"og:site_name\" content=\"Hotel Italia Siena\" \/>\n<meta property=\"article:publisher\" content=\"https:\/\/www.facebook.com\/hotelitaliasiena\/\" \/>\n<meta property=\"article:modified_time\" content=\"2020-10-26T08:57:38+00:00\" \/>\n<meta property=\"og:image\" content=\"https:\/\/www.hotelitalia-siena.it\/wp-content\/uploads\/2016\/09\/sky.png\" \/>\n<meta name=\"twitter:label1\" content=\"Gesch\u00e4tzte Lesezeit\" \/>\n\t<meta name=\"twitter:data1\" content=\"5\u00a0Minuten\" \/>\n<script type=\"application\/ld+json\" class=\"yoast-schema-graph\">{\"@context\":\"https:\/\/schema.org\",\"@graph\":[{\"@type\":\"WebPage\",\"@id\":\"https:\/\/www.hotelitalia-siena.it\/de\/zimmer\/love-room\/\",\"url\":\"https:\/\/www.hotelitalia-siena.it\/de\/zimmer\/love-room\/\",\"name\":\"Romantikaufenthalt Siena: Love Room - Hotel Italia\",\"isPartOf\":{\"@id\":\"https:\/\/www.hotelitalia-siena.it\/#website\"},\"primaryImageOfPage\":{\"@id\":\"https:\/\/www.hotelitalia-siena.it\/de\/zimmer\/love-room\/#primaryimage\"},\"image\":{\"@id\":\"https:\/\/www.hotelitalia-siena.it\/de\/zimmer\/love-room\/#primaryimage\"},\"thumbnailUrl\":\"https:\/\/www.hotelitalia-siena.it\/wp-content\/uploads\/2016\/09\/sky.png\",\"datePublished\":\"2015-01-26T13:53:59+00:00\",\"dateModified\":\"2020-10-26T08:57:38+00:00\",\"description\":\"Erleben Sie einen unvergesslichen Romantikaufenthalt in Siena im exklusiven Love Room des Hotel Italia, einer exklusiven Unterkunft f\u00fcr Paare und Verliebte\",\"breadcrumb\":{\"@id\":\"https:\/\/www.hotelitalia-siena.it\/de\/zimmer\/love-room\/#breadcrumb\"},\"inLanguage\":\"de\",\"potentialAction\":[{\"@type\":\"ReadAction\",\"target\":[\"https:\/\/www.hotelitalia-siena.it\/de\/zimmer\/love-room\/\"]}]},{\"@type\":\"ImageObject\",\"inLanguage\":\"de\",\"@id\":\"https:\/\/www.hotelitalia-siena.it\/de\/zimmer\/love-room\/#primaryimage\",\"url\":\"https:\/\/www.hotelitalia-siena.it\/wp-content\/uploads\/2016\/09\/sky.png\",\"contentUrl\":\"https:\/\/www.hotelitalia-siena.it\/wp-content\/uploads\/2016\/09\/sky.png\"},{\"@type\":\"BreadcrumbList\",\"@id\":\"https:\/\/www.hotelitalia-siena.it\/de\/zimmer\/love-room\/#breadcrumb\",\"itemListElement\":[{\"@type\":\"ListItem\",\"position\":1,\"name\":\"Hotel Italia\",\"item\":\"https:\/\/www.hotelitalia-siena.it\/de\/\"},{\"@type\":\"ListItem\",\"position\":2,\"name\":\"Zimmer\",\"item\":\"https:\/\/www.hotelitalia-siena.it\/de\/zimmer\/\"},{\"@type\":\"ListItem\",\"position\":3,\"name\":\"Love Room\"}]},{\"@type\":\"WebSite\",\"@id\":\"https:\/\/www.hotelitalia-siena.it\/#website\",\"url\":\"https:\/\/www.hotelitalia-siena.it\/\",\"name\":\"Hotel Italia Siena\",\"description\":\"Nur eine weitere Wordpress Seite\",\"publisher\":{\"@id\":\"https:\/\/www.hotelitalia-siena.it\/#organization\"},\"potentialAction\":[{\"@type\":\"SearchAction\",\"target\":{\"@type\":\"EntryPoint\",\"urlTemplate\":\"https:\/\/www.hotelitalia-siena.it\/?s={search_term_string}\"},\"query-input\":\"required name=search_term_string\"}],\"inLanguage\":\"de\"},{\"@type\":\"Organization\",\"@id\":\"https:\/\/www.hotelitalia-siena.it\/#organization\",\"name\":\"Hotel Italia SpA\",\"url\":\"https:\/\/www.hotelitalia-siena.it\/\",\"logo\":{\"@type\":\"ImageObject\",\"inLanguage\":\"de\",\"@id\":\"https:\/\/www.hotelitalia-siena.it\/#\/schema\/logo\/image\/\",\"url\":\"https:\/\/www.hotelitalia-siena.it\/wp-content\/uploads\/2018\/04\/hotel-italia-siena-logo.png\",\"contentUrl\":\"https:\/\/www.hotelitalia-siena.it\/wp-content\/uploads\/2018\/04\/hotel-italia-siena-logo.png\",\"width\":147,\"height\":102,\"caption\":\"Hotel Italia SpA\"},\"image\":{\"@id\":\"https:\/\/www.hotelitalia-siena.it\/#\/schema\/logo\/image\/\"},\"sameAs\":[\"https:\/\/www.facebook.com\/hotelitaliasiena\/\"]}]}<\/script>\n<!-- \/ Yoast SEO plugin. -->","yoast_head_json":{"title":"Romantikaufenthalt Siena: Love Room - Hotel Italia","description":"Erleben Sie einen unvergesslichen Romantikaufenthalt in Siena im exklusiven Love Room des Hotel Italia, einer exklusiven Unterkunft f\u00fcr Paare und Verliebte","robots":{"index":"index","follow":"follow","max-snippet":"max-snippet:-1","max-image-preview":"max-image-preview:large","max-video-preview":"max-video-preview:-1"},"canonical":"https:\/\/www.hotelitalia-siena.it\/de\/zimmer\/love-room\/","og_locale":"de_DE","og_type":"article","og_title":"Romantikaufenthalt Siena: Love Room - Hotel Italia","og_description":"Erleben Sie einen unvergesslichen Romantikaufenthalt in Siena im exklusiven Love Room des Hotel Italia, einer exklusiven Unterkunft f\u00fcr Paare und Verliebte","og_url":"https:\/\/www.hotelitalia-siena.it\/de\/zimmer\/love-room\/","og_site_name":"Hotel Italia Siena","article_publisher":"https:\/\/www.facebook.com\/hotelitaliasiena\/","article_modified_time":"2020-10-26T08:57:38+00:00","og_image":[{"url":"https:\/\/www.hotelitalia-siena.it\/wp-content\/uploads\/2016\/09\/sky.png"}],"twitter_misc":{"Gesch\u00e4tzte Lesezeit":"5\u00a0Minuten"},"schema":{"@context":"https:\/\/schema.org","@graph":[{"@type":"WebPage","@id":"https:\/\/www.hotelitalia-siena.it\/de\/zimmer\/love-room\/","url":"https:\/\/www.hotelitalia-siena.it\/de\/zimmer\/love-room\/","name":"Romantikaufenthalt Siena: Love Room - Hotel Italia","isPartOf":{"@id":"https:\/\/www.hotelitalia-siena.it\/#website"},"primaryImageOfPage":{"@id":"https:\/\/www.hotelitalia-siena.it\/de\/zimmer\/love-room\/#primaryimage"},"image":{"@id":"https:\/\/www.hotelitalia-siena.it\/de\/zimmer\/love-room\/#primaryimage"},"thumbnailUrl":"https:\/\/www.hotelitalia-siena.it\/wp-content\/uploads\/2016\/09\/sky.png","datePublished":"2015-01-26T13:53:59+00:00","dateModified":"2020-10-26T08:57:38+00:00","description":"Erleben Sie einen unvergesslichen Romantikaufenthalt in Siena im exklusiven Love Room des Hotel Italia, einer exklusiven Unterkunft f\u00fcr Paare und Verliebte","breadcrumb":{"@id":"https:\/\/www.hotelitalia-siena.it\/de\/zimmer\/love-room\/#breadcrumb"},"inLanguage":"de","potentialAction":[{"@type":"ReadAction","target":["https:\/\/www.hotelitalia-siena.it\/de\/zimmer\/love-room\/"]}]},{"@type":"ImageObject","inLanguage":"de","@id":"https:\/\/www.hotelitalia-siena.it\/de\/zimmer\/love-room\/#primaryimage","url":"https:\/\/www.hotelitalia-siena.it\/wp-content\/uploads\/2016\/09\/sky.png","contentUrl":"https:\/\/www.hotelitalia-siena.it\/wp-content\/uploads\/2016\/09\/sky.png"},{"@type":"BreadcrumbList","@id":"https:\/\/www.hotelitalia-siena.it\/de\/zimmer\/love-room\/#breadcrumb","itemListElement":[{"@type":"ListItem","position":1,"name":"Hotel Italia","item":"https:\/\/www.hotelitalia-siena.it\/de\/"},{"@type":"ListItem","position":2,"name":"Zimmer","item":"https:\/\/www.hotelitalia-siena.it\/de\/zimmer\/"},{"@type":"ListItem","position":3,"name":"Love Room"}]},{"@type":"WebSite","@id":"https:\/\/www.hotelitalia-siena.it\/#website","url":"https:\/\/www.hotelitalia-siena.it\/","name":"Hotel Italia Siena","description":"Nur eine weitere Wordpress Seite","publisher":{"@id":"https:\/\/www.hotelitalia-siena.it\/#organization"},"potentialAction":[{"@type":"SearchAction","target":{"@type":"EntryPoint","urlTemplate":"https:\/\/www.hotelitalia-siena.it\/?s={search_term_string}"},"query-input":"required name=search_term_string"}],"inLanguage":"de"},{"@type":"Organization","@id":"https:\/\/www.hotelitalia-siena.it\/#organization","name":"Hotel Italia SpA","url":"https:\/\/www.hotelitalia-siena.it\/","logo":{"@type":"ImageObject","inLanguage":"de","@id":"https:\/\/www.hotelitalia-siena.it\/#\/schema\/logo\/image\/","url":"https:\/\/www.hotelitalia-siena.it\/wp-content\/uploads\/2018\/04\/hotel-italia-siena-logo.png","contentUrl":"https:\/\/www.hotelitalia-siena.it\/wp-content\/uploads\/2018\/04\/hotel-italia-siena-logo.png","width":147,"height":102,"caption":"Hotel Italia SpA"},"image":{"@id":"https:\/\/www.hotelitalia-siena.it\/#\/schema\/logo\/image\/"},"sameAs":["https:\/\/www.facebook.com\/hotelitaliasiena\/"]}]}},"_links":{"self":[{"href":"https:\/\/www.hotelitalia-siena.it\/de\/wp-json\/wp\/v2\/pages\/777"}],"collection":[{"href":"https:\/\/www.hotelitalia-siena.it\/de\/wp-json\/wp\/v2\/pages"}],"about":[{"href":"https:\/\/www.hotelitalia-siena.it\/de\/wp-json\/wp\/v2\/types\/page"}],"author":[{"embeddable":true,"href":"https:\/\/www.hotelitalia-siena.it\/de\/wp-json\/wp\/v2\/users\/1"}],"replies":[{"embeddable":true,"href":"https:\/\/www.hotelitalia-siena.it\/de\/wp-json\/wp\/v2\/comments?post=777"}],"version-history":[{"count":2,"href":"https:\/\/www.hotelitalia-siena.it\/de\/wp-json\/wp\/v2\/pages\/777\/revisions"}],"predecessor-version":[{"id":11772,"href":"https:\/\/www.hotelitalia-siena.it\/de\/wp-json\/wp\/v2\/pages\/777\/revisions\/11772"}],"up":[{"embeddable":true,"href":"https:\/\/www.hotelitalia-siena.it\/de\/wp-json\/wp\/v2\/pages\/750"}],"wp:attachment":[{"href":"https:\/\/www.hotelitalia-siena.it\/de\/wp-json\/wp\/v2\/media?parent=777"}],"curies":[{"name":"wp","href":"https:\/\/api.w.org\/{rel}","templated":true}]}}