{"id":767,"date":"2015-01-19T08:34:03","date_gmt":"2015-01-19T08:34:03","guid":{"rendered":"http:\/\/newsite.gardenhotel.it\/camere\/la-villa\/"},"modified":"2018-08-21T13:59:06","modified_gmt":"2018-08-21T13:59:06","slug":"junior-suite","status":"publish","type":"page","link":"https:\/\/www.hotelitalia-siena.it\/de\/zimmer\/junior-suite\/","title":{"rendered":"Junior-Suite"},"content":{"rendered":"<p>[et_pb_section bb_built=&#8221;1&#8243; admin_label=&#8221;section&#8221; fullwidth=&#8221;on&#8221; specialty=&#8221;off&#8221; transparent_background=&#8221;off&#8221; background_color=&#8221;#ffffff&#8221; inner_shadow=&#8221;off&#8221; parallax=&#8221;off&#8221; parallax_method=&#8221;off&#8221; module_class=&#8221;home_header_slide&#8221; next_background_color=&#8221;#000000&#8243;][et_pb_fullwidth_slider show_arrows=&#8221;off&#8221; show_pagination=&#8221;off&#8221; auto=&#8221;off&#8221; parallax=&#8221;off&#8221; parallax_method=&#8221;off&#8221; custom_padding=&#8221;|||&#8221; custom_padding_tablet=&#8221;|||&#8221; custom_padding_phone=&#8221;|||&#8221; show_inner_shadow=&#8221;on&#8221; show_content_on_mobile=&#8221;on&#8221; show_cta_on_mobile=&#8221;on&#8221; box_shadow_horizontal=&#8221;0px&#8221; box_shadow_vertical=&#8221;0px&#8221; box_shadow_blur=&#8221;10px&#8221; box_shadow_spread=&#8221;0px&#8221; box_shadow_position=&#8221;inner&#8221; box_shadow_color=&#8221;rgba(0,0,0,0.1)&#8221; box_shadow_style=&#8221;preset6&#8243;][et_pb_slide background_image=&#8221;https:\/\/www.hotelitalia-siena.it\/wp-content\/uploads\/2015\/01\/header-junior-suite.jpg&#8221; background_color=&#8221;#ffffff&#8221; alignment=&#8221;center&#8221; background_layout=&#8221;dark&#8221; \/][\/et_pb_fullwidth_slider][\/et_pb_section][et_pb_section bb_built=&#8221;1&#8243; admin_label=&#8221;section&#8221; fullwidth=&#8221;off&#8221; specialty=&#8221;off&#8221; transparent_background=&#8221;off&#8221; background_color=&#8221;#ffffff&#8221; inner_shadow=&#8221;off&#8221; parallax=&#8221;off&#8221; parallax_method=&#8221;off&#8221; module_id=&#8221;h-booking_container&#8221; prev_background_color=&#8221;#000000&#8243; next_background_color=&#8221;#000000&#8243;][et_pb_row admin_label=&#8221;row&#8221; background_position=&#8221;top_left&#8221; background_repeat=&#8221;repeat&#8221; background_size=&#8221;initial&#8221;][et_pb_column type=&#8221;4_4&#8243;][et_pb_sidebar orientation=&#8221;left&#8221; area=&#8221;et_pb_widget_area_1&#8243; background_layout=&#8221;light&#8221; show_border=&#8221;on&#8221;]<br \/>\n[\/et_pb_sidebar][\/et_pb_column][\/et_pb_row][\/et_pb_section][et_pb_section bb_built=&#8221;1&#8243; admin_label=&#8221;section&#8221; fullwidth=&#8221;off&#8221; specialty=&#8221;off&#8221; transparent_background=&#8221;off&#8221; background_color=&#8221;#ffffff&#8221; inner_shadow=&#8221;off&#8221; parallax=&#8221;off&#8221; parallax_method=&#8221;off&#8221; module_class=&#8221;room_block&#8221; prev_background_color=&#8221;#000000&#8243;][et_pb_row admin_label=&#8221;row&#8221; background_position=&#8221;top_left&#8221; background_repeat=&#8221;repeat&#8221; background_size=&#8221;initial&#8221;][et_pb_column type=&#8221;4_4&#8243;][et_pb_text use_border_color=&#8221;off&#8221; background_position=&#8221;top_left&#8221; background_repeat=&#8221;repeat&#8221; background_size=&#8221;initial&#8221; _builder_version=&#8221;3.11.1&#8243;]<\/p>\n<h2 style=\"text-align: justify;\"><strong>Junior-Suite \u2026 Viel Platz und Komfort<\/strong><\/h2>\n<p>Unser Hotel verf\u00fcgt \u00fcber zwei Junior-Suiten, die sich in ihrem Stil, nicht aber in ihrem gro\u00dfz\u00fcgigen Platzangebot unterscheiden. Letzteres macht sie zweifellos zu einer komfortablen Wahl f\u00fcr Familien mit Kindern, Gruppen von Freunden oder G\u00e4sten, die gern viel Platz haben.<br \/>\nBeide Suiten befinden sich im Hauptgeb\u00e4ude.<br \/>\nDie Junior-Suite 250 umfasst zwei R\u00e4ume sowie ein Bad mit Dusche. W\u00e4hrend in einem Zimmer ein Doppelbett steht, k\u00f6nnen in dem anderen Zimmer bis zu vier Kinder oder zwei Erwachsene auf zwei Schlaf-Chaiselongues \u00fcbernachten. Anderenfalls kann der zweite Raum auch als Wohnzimmer genutzt werden. Die Einrichtung ist in einem eleganten Gr\u00fcn gehalten, w\u00e4hrend der helle Parkettboden und der einladende, sonnengek\u00fcsste Balkon dem Zimmer ein besonderes Strahlen verleihen.<\/p>\n<p>Die Junior-Suite 358 besteht aus einem, sehr gro\u00dfen Zimmer und einem Bad. Sie ist neu gebaut und mit hellen Farben und klaren Linien eingerichtet. Das besonders gro\u00dfz\u00fcgige Marmorbad besticht durch eine gro\u00dfe, moderne Dusche. Das Zimmer ist mit einem Kingsize-Doppelbett und einem roten, \u00e4u\u00dferst bequemem Schlafsofa ausgestattet, auf dem bis zu zwei Kinder oder ein Erwachsener und ein Kind \u00fcbernachten k\u00f6nnen.<\/p>\n<p>Wir werden Ihnen die Junior-Suite zuweisen, die zum Zeitpunkt Ihrer Buchung verf\u00fcgbar ist. Nat\u00fcrlich k\u00f6nnen Sie aber gern Ihre Pr\u00e4ferenz angeben.<\/p>\n<p><strong>Sie sollten eine Junior-Suite w\u00e4hlen, wenn\u00a0&#8230;<\/strong><\/p>\n<ul>\n<li>Sie mit Ihrer Familie Urlaub machen;<\/li>\n<li>Sie sich ein ger\u00e4umiges Zimmer w\u00fcnschen;<\/li>\n<li>Sie mit Freunden reisen und die Kosten teilen m\u00f6chten;<\/li>\n<li>Sie sich auch als Paar viel Platz und erstklassige Serviceleistungen w\u00fcnschen;<\/li>\n<li>Sie sich gern kostenfrei einen guten Film auf Sky und einem 42&#8243;-Flachbildfernseher ansehen;<\/li>\n<li>Sie sich bei Ihrer Lieblingsmusik entspannen m\u00f6chten, indem Sie Ihren iPod in eine entsprechende Dockingstation stecken;<\/li>\n<li>Sie sich bei Ihrer R\u00fcckkehr am Abend einen warmen Tee mit dem verf\u00fcgbaren Wasserkocher zubereiten.<\/li>\n<li>Sie im Internet mit TOP-Wi-Fi per Hochgeschwindigkeits-Breitbandzugang surfen m\u00f6chten;<\/li>\n<li>f\u00fcr Sie Bequemlichkeit, Platz und h\u00f6chster Komfort die ausschlaggebenden Faktoren bei der Zimmerwahl sind.<\/li>\n<\/ul>\n<p><strong class=\"services_title\">AUSSTATTUNG UND EIGENSCHAFTEN DES ZIMMERS:<\/strong><\/p>\n<div class=\"room_logo_services\"><img decoding=\"async\" class=\"aligncenter wp-image-262 size-full\" style=\"margin-top: -10px; position: absolute; left: 0;\" src=\"https:\/\/www.hotelitalia-siena.it\/wp-content\/uploads\/2016\/09\/sky.png\" alt=\"Camere con Sky\" width=\"70px\" height=\"\" \/><img decoding=\"async\" class=\"aligncenter wp-image-262 size-full\" style=\"margin-top: -5px; position: absolute; right: 0;\" src=\"https:\/\/www.hotelitalia-siena.it\/wp-content\/uploads\/2016\/09\/free-wifi.png\" alt=\"Free Wi-fi\" width=\"70px\" height=\"\" \/><\/div>\n<p>&nbsp;<\/p>\n<ul>\n<li>NICHTRAUCHERZIMMER<\/li>\n<li>Gr\u00f6\u00dfe: 28 m<sup>2<\/sup><\/li>\n<li>Doppelbett + Schlafsofa oder Doppelbett + 2 Chaiselonguen<\/li>\n<li>Klimaanlage<\/li>\n<li>Kostenfreies Hochgeschwindigkeits-Wi-Fi<\/li>\n<li>42\u2019\u2019-Flachbildfernseher<\/li>\n<li>Internationale Satellitenkan\u00e4le<\/li>\n<li>Kostenfreie Sky-Programme<\/li>\n<li>iPod-Dockingstation<\/li>\n<li>Mini-HiFi-Anlage mit Radio<\/li>\n<li>CD-, mp3- und DVD-Player mit Dolby Digital<\/li>\n<li>Wasserkocher-Set f\u00fcr Tee und Kaffee<\/li>\n<li>Safe<\/li>\n<li>Telefon<\/li>\n<li>Eigenes Bad mit Dusche<\/li>\n<li>Haartrockner<\/li>\n<li>Handt\u00fccher<\/li>\n<li>Slipper<\/li>\n<li>Kostenfreie, qualitativ hochwertige Kosmetikprodukte auf Basis von ausschlie\u00dflich nat\u00fcrlichen Extrakten und cruelty-free (nicht an Tieren getestet).<\/li>\n<\/ul>\n<p>[\/et_pb_text][\/et_pb_column][\/et_pb_row][et_pb_row admin_label=&#8221;row&#8221; background_position=&#8221;top_left&#8221; background_repeat=&#8221;repeat&#8221; background_size=&#8221;initial&#8221;][et_pb_column type=&#8221;4_4&#8243;][et_pb_gallery gallery_ids=&#8221;4585,4591,4567,4579,4561,4597,6658,4573&#8243; fullwidth=&#8221;off&#8221; posts_number=&#8221;8&#8243; show_title_and_caption=&#8221;on&#8221; show_pagination=&#8221;off&#8221; background_layout=&#8221;light&#8221;]<br \/>\n[\/et_pb_gallery][\/et_pb_column][\/et_pb_row][et_pb_row admin_label=&#8221;row&#8221; background_position=&#8221;top_left&#8221; background_repeat=&#8221;repeat&#8221; background_size=&#8221;initial&#8221;][et_pb_column type=&#8221;4_4&#8243;][et_pb_text background_layout=&#8221;light&#8221; text_orientation=&#8221;left&#8221; background_position=&#8221;top_left&#8221; background_repeat=&#8221;repeat&#8221; background_size=&#8221;initial&#8221;]<br \/>\n[\/et_pb_text][\/et_pb_column][\/et_pb_row][\/et_pb_section]<\/p>\n","protected":false},"excerpt":{"rendered":"<p>Junior-Suite \u2026 Viel Platz und Komfort Unser Hotel verf\u00fcgt \u00fcber zwei Junior-Suiten, die sich in ihrem Stil, nicht aber in ihrem gro\u00dfz\u00fcgigen Platzangebot unterscheiden. Letzteres macht sie zweifellos zu einer komfortablen Wahl f\u00fcr Familien mit Kindern, Gruppen von Freunden oder G\u00e4sten, die gern viel Platz haben. Beide Suiten befinden sich im Hauptgeb\u00e4ude. Die Junior-Suite 250 [&hellip;]<\/p>\n","protected":false},"author":1,"featured_media":0,"parent":750,"menu_order":0,"comment_status":"closed","ping_status":"closed","template":"","meta":{"_acf_changed":false,"_et_pb_use_builder":"on","_et_pb_old_content":"","_et_gb_content_width":"","footnotes":""},"acf":[],"yoast_head":"<!-- This site is optimized with the Yoast SEO plugin v23.0 - https:\/\/yoast.com\/wordpress\/plugins\/seo\/ -->\n<title>Charme-Hotel Siena: Junior-Suite - Hotel Italia<\/title>\n<meta name=\"description\" content=\"Sie suchen ein Charme-Hotel in Siena? Entdecken Sie den Komfort und die Raffinesse eines Aufenthalts in den stilvollen Junior-Suiten des Hotel Italia.\" \/>\n<meta name=\"robots\" content=\"index, follow, max-snippet:-1, max-image-preview:large, max-video-preview:-1\" \/>\n<link rel=\"canonical\" href=\"https:\/\/www.hotelitalia-siena.it\/de\/zimmer\/junior-suite\/\" \/>\n<meta property=\"og:locale\" content=\"de_DE\" \/>\n<meta property=\"og:type\" content=\"article\" \/>\n<meta property=\"og:title\" content=\"Charme-Hotel Siena: Junior-Suite - Hotel Italia\" \/>\n<meta property=\"og:description\" content=\"Sie suchen ein Charme-Hotel in Siena? Entdecken Sie den Komfort und die Raffinesse eines Aufenthalts in den stilvollen Junior-Suiten des Hotel Italia.\" \/>\n<meta property=\"og:url\" content=\"https:\/\/www.hotelitalia-siena.it\/de\/zimmer\/junior-suite\/\" \/>\n<meta property=\"og:site_name\" content=\"Hotel Italia Siena\" \/>\n<meta property=\"article:publisher\" content=\"https:\/\/www.facebook.com\/hotelitaliasiena\/\" \/>\n<meta property=\"article:modified_time\" content=\"2018-08-21T13:59:06+00:00\" \/>\n<meta property=\"og:image\" content=\"https:\/\/www.hotelitalia-siena.it\/wp-content\/uploads\/2016\/09\/sky.png\" \/>\n<meta name=\"twitter:label1\" content=\"Gesch\u00e4tzte Lesezeit\" \/>\n\t<meta name=\"twitter:data1\" content=\"4\u00a0Minuten\" \/>\n<script type=\"application\/ld+json\" class=\"yoast-schema-graph\">{\"@context\":\"https:\/\/schema.org\",\"@graph\":[{\"@type\":\"WebPage\",\"@id\":\"https:\/\/www.hotelitalia-siena.it\/de\/zimmer\/junior-suite\/\",\"url\":\"https:\/\/www.hotelitalia-siena.it\/de\/zimmer\/junior-suite\/\",\"name\":\"Charme-Hotel Siena: Junior-Suite - Hotel Italia\",\"isPartOf\":{\"@id\":\"https:\/\/www.hotelitalia-siena.it\/#website\"},\"primaryImageOfPage\":{\"@id\":\"https:\/\/www.hotelitalia-siena.it\/de\/zimmer\/junior-suite\/#primaryimage\"},\"image\":{\"@id\":\"https:\/\/www.hotelitalia-siena.it\/de\/zimmer\/junior-suite\/#primaryimage\"},\"thumbnailUrl\":\"https:\/\/www.hotelitalia-siena.it\/wp-content\/uploads\/2016\/09\/sky.png\",\"datePublished\":\"2015-01-19T08:34:03+00:00\",\"dateModified\":\"2018-08-21T13:59:06+00:00\",\"description\":\"Sie suchen ein Charme-Hotel in Siena? Entdecken Sie den Komfort und die Raffinesse eines Aufenthalts in den stilvollen Junior-Suiten des Hotel Italia.\",\"breadcrumb\":{\"@id\":\"https:\/\/www.hotelitalia-siena.it\/de\/zimmer\/junior-suite\/#breadcrumb\"},\"inLanguage\":\"de\",\"potentialAction\":[{\"@type\":\"ReadAction\",\"target\":[\"https:\/\/www.hotelitalia-siena.it\/de\/zimmer\/junior-suite\/\"]}]},{\"@type\":\"ImageObject\",\"inLanguage\":\"de\",\"@id\":\"https:\/\/www.hotelitalia-siena.it\/de\/zimmer\/junior-suite\/#primaryimage\",\"url\":\"https:\/\/www.hotelitalia-siena.it\/wp-content\/uploads\/2016\/09\/sky.png\",\"contentUrl\":\"https:\/\/www.hotelitalia-siena.it\/wp-content\/uploads\/2016\/09\/sky.png\"},{\"@type\":\"BreadcrumbList\",\"@id\":\"https:\/\/www.hotelitalia-siena.it\/de\/zimmer\/junior-suite\/#breadcrumb\",\"itemListElement\":[{\"@type\":\"ListItem\",\"position\":1,\"name\":\"Hotel Italia\",\"item\":\"https:\/\/www.hotelitalia-siena.it\/de\/\"},{\"@type\":\"ListItem\",\"position\":2,\"name\":\"Zimmer\",\"item\":\"https:\/\/www.hotelitalia-siena.it\/de\/zimmer\/\"},{\"@type\":\"ListItem\",\"position\":3,\"name\":\"Junior-Suite\"}]},{\"@type\":\"WebSite\",\"@id\":\"https:\/\/www.hotelitalia-siena.it\/#website\",\"url\":\"https:\/\/www.hotelitalia-siena.it\/\",\"name\":\"Hotel Italia Siena\",\"description\":\"Nur eine weitere Wordpress Seite\",\"publisher\":{\"@id\":\"https:\/\/www.hotelitalia-siena.it\/#organization\"},\"potentialAction\":[{\"@type\":\"SearchAction\",\"target\":{\"@type\":\"EntryPoint\",\"urlTemplate\":\"https:\/\/www.hotelitalia-siena.it\/?s={search_term_string}\"},\"query-input\":\"required name=search_term_string\"}],\"inLanguage\":\"de\"},{\"@type\":\"Organization\",\"@id\":\"https:\/\/www.hotelitalia-siena.it\/#organization\",\"name\":\"Hotel Italia SpA\",\"url\":\"https:\/\/www.hotelitalia-siena.it\/\",\"logo\":{\"@type\":\"ImageObject\",\"inLanguage\":\"de\",\"@id\":\"https:\/\/www.hotelitalia-siena.it\/#\/schema\/logo\/image\/\",\"url\":\"https:\/\/www.hotelitalia-siena.it\/wp-content\/uploads\/2018\/04\/hotel-italia-siena-logo.png\",\"contentUrl\":\"https:\/\/www.hotelitalia-siena.it\/wp-content\/uploads\/2018\/04\/hotel-italia-siena-logo.png\",\"width\":147,\"height\":102,\"caption\":\"Hotel Italia SpA\"},\"image\":{\"@id\":\"https:\/\/www.hotelitalia-siena.it\/#\/schema\/logo\/image\/\"},\"sameAs\":[\"https:\/\/www.facebook.com\/hotelitaliasiena\/\"]}]}<\/script>\n<!-- \/ Yoast SEO plugin. -->","yoast_head_json":{"title":"Charme-Hotel Siena: Junior-Suite - Hotel Italia","description":"Sie suchen ein Charme-Hotel in Siena? Entdecken Sie den Komfort und die Raffinesse eines Aufenthalts in den stilvollen Junior-Suiten des Hotel Italia.","robots":{"index":"index","follow":"follow","max-snippet":"max-snippet:-1","max-image-preview":"max-image-preview:large","max-video-preview":"max-video-preview:-1"},"canonical":"https:\/\/www.hotelitalia-siena.it\/de\/zimmer\/junior-suite\/","og_locale":"de_DE","og_type":"article","og_title":"Charme-Hotel Siena: Junior-Suite - Hotel Italia","og_description":"Sie suchen ein Charme-Hotel in Siena? Entdecken Sie den Komfort und die Raffinesse eines Aufenthalts in den stilvollen Junior-Suiten des Hotel Italia.","og_url":"https:\/\/www.hotelitalia-siena.it\/de\/zimmer\/junior-suite\/","og_site_name":"Hotel Italia Siena","article_publisher":"https:\/\/www.facebook.com\/hotelitaliasiena\/","article_modified_time":"2018-08-21T13:59:06+00:00","og_image":[{"url":"https:\/\/www.hotelitalia-siena.it\/wp-content\/uploads\/2016\/09\/sky.png"}],"twitter_misc":{"Gesch\u00e4tzte Lesezeit":"4\u00a0Minuten"},"schema":{"@context":"https:\/\/schema.org","@graph":[{"@type":"WebPage","@id":"https:\/\/www.hotelitalia-siena.it\/de\/zimmer\/junior-suite\/","url":"https:\/\/www.hotelitalia-siena.it\/de\/zimmer\/junior-suite\/","name":"Charme-Hotel Siena: Junior-Suite - Hotel Italia","isPartOf":{"@id":"https:\/\/www.hotelitalia-siena.it\/#website"},"primaryImageOfPage":{"@id":"https:\/\/www.hotelitalia-siena.it\/de\/zimmer\/junior-suite\/#primaryimage"},"image":{"@id":"https:\/\/www.hotelitalia-siena.it\/de\/zimmer\/junior-suite\/#primaryimage"},"thumbnailUrl":"https:\/\/www.hotelitalia-siena.it\/wp-content\/uploads\/2016\/09\/sky.png","datePublished":"2015-01-19T08:34:03+00:00","dateModified":"2018-08-21T13:59:06+00:00","description":"Sie suchen ein Charme-Hotel in Siena? Entdecken Sie den Komfort und die Raffinesse eines Aufenthalts in den stilvollen Junior-Suiten des Hotel Italia.","breadcrumb":{"@id":"https:\/\/www.hotelitalia-siena.it\/de\/zimmer\/junior-suite\/#breadcrumb"},"inLanguage":"de","potentialAction":[{"@type":"ReadAction","target":["https:\/\/www.hotelitalia-siena.it\/de\/zimmer\/junior-suite\/"]}]},{"@type":"ImageObject","inLanguage":"de","@id":"https:\/\/www.hotelitalia-siena.it\/de\/zimmer\/junior-suite\/#primaryimage","url":"https:\/\/www.hotelitalia-siena.it\/wp-content\/uploads\/2016\/09\/sky.png","contentUrl":"https:\/\/www.hotelitalia-siena.it\/wp-content\/uploads\/2016\/09\/sky.png"},{"@type":"BreadcrumbList","@id":"https:\/\/www.hotelitalia-siena.it\/de\/zimmer\/junior-suite\/#breadcrumb","itemListElement":[{"@type":"ListItem","position":1,"name":"Hotel Italia","item":"https:\/\/www.hotelitalia-siena.it\/de\/"},{"@type":"ListItem","position":2,"name":"Zimmer","item":"https:\/\/www.hotelitalia-siena.it\/de\/zimmer\/"},{"@type":"ListItem","position":3,"name":"Junior-Suite"}]},{"@type":"WebSite","@id":"https:\/\/www.hotelitalia-siena.it\/#website","url":"https:\/\/www.hotelitalia-siena.it\/","name":"Hotel Italia Siena","description":"Nur eine weitere Wordpress Seite","publisher":{"@id":"https:\/\/www.hotelitalia-siena.it\/#organization"},"potentialAction":[{"@type":"SearchAction","target":{"@type":"EntryPoint","urlTemplate":"https:\/\/www.hotelitalia-siena.it\/?s={search_term_string}"},"query-input":"required name=search_term_string"}],"inLanguage":"de"},{"@type":"Organization","@id":"https:\/\/www.hotelitalia-siena.it\/#organization","name":"Hotel Italia SpA","url":"https:\/\/www.hotelitalia-siena.it\/","logo":{"@type":"ImageObject","inLanguage":"de","@id":"https:\/\/www.hotelitalia-siena.it\/#\/schema\/logo\/image\/","url":"https:\/\/www.hotelitalia-siena.it\/wp-content\/uploads\/2018\/04\/hotel-italia-siena-logo.png","contentUrl":"https:\/\/www.hotelitalia-siena.it\/wp-content\/uploads\/2018\/04\/hotel-italia-siena-logo.png","width":147,"height":102,"caption":"Hotel Italia SpA"},"image":{"@id":"https:\/\/www.hotelitalia-siena.it\/#\/schema\/logo\/image\/"},"sameAs":["https:\/\/www.facebook.com\/hotelitaliasiena\/"]}]}},"_links":{"self":[{"href":"https:\/\/www.hotelitalia-siena.it\/de\/wp-json\/wp\/v2\/pages\/767"}],"collection":[{"href":"https:\/\/www.hotelitalia-siena.it\/de\/wp-json\/wp\/v2\/pages"}],"about":[{"href":"https:\/\/www.hotelitalia-siena.it\/de\/wp-json\/wp\/v2\/types\/page"}],"author":[{"embeddable":true,"href":"https:\/\/www.hotelitalia-siena.it\/de\/wp-json\/wp\/v2\/users\/1"}],"replies":[{"embeddable":true,"href":"https:\/\/www.hotelitalia-siena.it\/de\/wp-json\/wp\/v2\/comments?post=767"}],"version-history":[{"count":1,"href":"https:\/\/www.hotelitalia-siena.it\/de\/wp-json\/wp\/v2\/pages\/767\/revisions"}],"predecessor-version":[{"id":11203,"href":"https:\/\/www.hotelitalia-siena.it\/de\/wp-json\/wp\/v2\/pages\/767\/revisions\/11203"}],"up":[{"embeddable":true,"href":"https:\/\/www.hotelitalia-siena.it\/de\/wp-json\/wp\/v2\/pages\/750"}],"wp:attachment":[{"href":"https:\/\/www.hotelitalia-siena.it\/de\/wp-json\/wp\/v2\/media?parent=767"}],"curies":[{"name":"wp","href":"https:\/\/api.w.org\/{rel}","templated":true}]}}