{"id":761,"date":"2015-01-26T14:03:05","date_gmt":"2015-01-26T14:03:05","guid":{"rendered":"http:\/\/newsite.gardenhotel.it\/camere\/casabianca\/"},"modified":"2016-09-19T15:15:29","modified_gmt":"2016-09-19T15:15:29","slug":"standard-zimmer","status":"publish","type":"page","link":"https:\/\/www.hotelitalia-siena.it\/de\/zimmer\/standard-zimmer\/","title":{"rendered":"Standard-Zimmer"},"content":{"rendered":"<p>[et_pb_section admin_label=&#8221;section&#8221; fullwidth=&#8221;on&#8221; specialty=&#8221;off&#8221; transparent_background=&#8221;off&#8221; background_color=&#8221;#ffffff&#8221; inner_shadow=&#8221;off&#8221; parallax=&#8221;off&#8221; parallax_method=&#8221;off&#8221; module_class=&#8221;home_header_slide&#8221;][et_pb_fullwidth_slider admin_label=&#8221;Fullwidth Slider&#8221; show_arrows=&#8221;off&#8221; show_pagination=&#8221;off&#8221; auto=&#8221;off&#8221; parallax=&#8221;off&#8221; parallax_method=&#8221;off&#8221;]<\/p>\n<p>[et_pb_slide background_image=&#8221;https:\/\/www.hotelitalia-siena.it\/wp-content\/uploads\/2015\/01\/HOTEL-ITALIA-SIENA-CAMERA-DOPPIA-3.jpg&#8221; background_color=&#8221;#ffffff&#8221; alignment=&#8221;center&#8221; background_layout=&#8221;dark&#8221; \/]<\/p>\n<p>[\/et_pb_fullwidth_slider][\/et_pb_section][et_pb_section admin_label=&#8221;section&#8221; fullwidth=&#8221;off&#8221; specialty=&#8221;off&#8221; transparent_background=&#8221;off&#8221; background_color=&#8221;#ffffff&#8221; inner_shadow=&#8221;off&#8221; parallax=&#8221;off&#8221; parallax_method=&#8221;off&#8221; module_id=&#8221;h-booking_container&#8221;][et_pb_row admin_label=&#8221;row&#8221;][et_pb_column type=&#8221;4_4&#8243;][et_pb_sidebar admin_label=&#8221;Sidebar&#8221; orientation=&#8221;left&#8221; area=&#8221;et_pb_widget_area_1&#8243; background_layout=&#8221;light&#8221;]<\/p>\n<p>[\/et_pb_sidebar][\/et_pb_column][\/et_pb_row][\/et_pb_section][et_pb_section admin_label=&#8221;section&#8221; fullwidth=&#8221;off&#8221; specialty=&#8221;off&#8221; transparent_background=&#8221;off&#8221; background_color=&#8221;#ffffff&#8221; inner_shadow=&#8221;off&#8221; parallax=&#8221;off&#8221; parallax_method=&#8221;off&#8221; module_class=&#8221;room_block&#8221;][et_pb_row admin_label=&#8221;row&#8221;][et_pb_column type=&#8221;4_4&#8243;][et_pb_text admin_label=&#8221;Text&#8221; background_layout=&#8221;light&#8221; text_orientation=&#8221;left&#8221; use_border_color=&#8221;off&#8221; border_color=&#8221;#ffffff&#8221; border_style=&#8221;solid&#8221;]<\/p>\n<h2 style=\"text-align: justify;\"><strong>Standard-Zimmer&nbsp;\u2026 Komfort zum g\u00fcnstigen Preis<\/strong><\/h2>\n<p>Die Standard-Zimmer befinden sich sowohl in den Dependancen als auch im Hauptgeb\u00e4ude. Sie stellen unsere Basis-Zimmerkategorie dar und sind immer eine hervorragende Wahl f\u00fcr Ihren Aufenthalt in Siena. Die teilweise renovierten Zimmer sind mit Doppelbett, Einzelbetten oder drei Betten sowie Bad mit Dusche oder Badewanne ausgestattet.<br \/>\nDie schlichte und funktionale Einrichtung bietet jeglichen Komfort. Die Klinkerb\u00f6den und die fr\u00f6hlichen Farben der Einrichtung schaffen zusammen ein angenehmes und spritziges Ambiente im Einklang mit dem klassischen Stil des Hauses.<br \/>\nEinige dieser Zimmer verf\u00fcgen \u00fcber Balkon oder Terrasse und k\u00f6nnen gegen einen geringen Aufpreis pro Nacht gebucht werden.<br \/>\nAlle Zimmer mit Blick zur Stra\u00dfe sind mit schallabsorbierenden Doppelglasfenstern und schallged\u00e4mmten Fensterrahmen ausgestattet.<\/p>\n<p><strong>Sie sollten ein Standard-Zimmer w\u00e4hlen, wenn&nbsp;\u2026<\/strong><\/p>\n<ul>\n<li>Sie f\u00fcr Ihren Aufenthalt in Siena von einem hervorragenden Preis-Leistungs-Verh\u00e4ltnis profitieren m\u00f6chten, ohne dabei auf den Komfort und das Serviceangebot eines Drei-Sterne-Hotels verzichten zu m\u00fcssen;<\/li>\n<li>das Hotelzimmer f\u00fcr Sie nicht das Wichtigste an Ihrer Reise ist;<\/li>\n<li>Sie mit Wi-Fi von bester Qualit\u00e4t mit garantierter Bandbreite im Internet surfen m\u00f6chten;<\/li>\n<li>Sie keinen Wert auf Schnickschnack legen, sondern sich lieber auf das Wesentliche konzentrieren!<\/li>\n<\/ul>\n<p><strong class=\"services_title\">AUSSTATTUNG UND EIGENSCHAFTEN DES ZIMMERS:<\/strong><\/p>\n<div class=\"room_logo_services\"><img decoding=\"async\" style=\"margin-top: -10px; position:absolute;left:0;\" class=\"aligncenter wp-image-262 size-full\" src=\"https:\/\/www.hotelitalia-siena.it\/wp-content\/uploads\/2016\/09\/sky.png\" alt=\"Camere con Sky\" height=\"\" width=\"70px\"><img decoding=\"async\" style=\"margin-top:-5px; position:absolute;right:0; \" class=\"aligncenter wp-image-262 size-full\" src=\"https:\/\/www.hotelitalia-siena.it\/wp-content\/uploads\/2016\/09\/free-wifi.png\" alt=\"Free Wi-fi\" height=\"\" width=\"70px\"><\/div>\n<p><br style=\"clear:both;\"><\/p>\n<ul>\n<li>NICHTRAUCHERZIMMER<\/li>\n<li>Gr\u00f6\u00dfe: 17 bis 23 m<sup>2<\/sup><\/li>\n<li>Doppelzimmer (Doppelbett oder zwei Einzelbetten), Dreibettzimmer (drei Einzelbetten oder ein Doppeltbett und + 1 kleines Bett)<\/li>\n<li>Klimaanlage<\/li>\n<li>Kostenfreies Standard-Wi-Fi mit garantierter Bandbreite<\/li>\n<li>22\u2019\u2019-Flachbildfernseher<\/li>\n<li>Internationale Satellitenkan\u00e4le<\/li>\n<li>Kostenfreie Sky-Programme<\/li>\n<li>Minibar<\/li>\n<li>Safe<\/li>\n<li>Telefon<\/li>\n<li>Eigenes Bad mit Dusche oder Badewanne<\/li>\n<li>Haartrockner<\/li>\n<li>Handt\u00fccher<\/li>\n<li>Kostenfreie, qualitativ hochwertige Kosmetikprodukte auf Basis von ausschlie\u00dflich nat\u00fcrlichen Extrakten und cruelty-free (nicht an Tieren getestet).<\/li>\n<\/ul>\n<p>[\/et_pb_text][\/et_pb_column][\/et_pb_row][et_pb_row admin_label=&#8221;row&#8221;][et_pb_column type=&#8221;4_4&#8243;][et_pb_gallery admin_label=&#8221;Gallery&#8221; gallery_ids=&#8221;8918,4693,4699,8924,4711,4790,6921,5602&#8243; fullwidth=&#8221;off&#8221; posts_number=&#8221;8&#8243; show_title_and_caption=&#8221;on&#8221; show_pagination=&#8221;off&#8221; background_layout=&#8221;light&#8221;]<\/p>\n<p>[\/et_pb_gallery][\/et_pb_column][\/et_pb_row][et_pb_row admin_label=&#8221;row&#8221;][et_pb_column type=&#8221;4_4&#8243;][et_pb_text admin_label=&#8221;Text&#8221; background_layout=&#8221;light&#8221; text_orientation=&#8221;left&#8221;]<\/p>\n<p>[\/et_pb_text][\/et_pb_column][\/et_pb_row][\/et_pb_section]<\/p>\n","protected":false},"excerpt":{"rendered":"<p>Standard-Zimmer&nbsp;\u2026 Komfort zum g\u00fcnstigen Preis Die Standard-Zimmer befinden sich sowohl in den Dependancen als auch im Hauptgeb\u00e4ude. Sie stellen unsere Basis-Zimmerkategorie dar und sind immer eine hervorragende Wahl f\u00fcr Ihren Aufenthalt in Siena. Die teilweise renovierten Zimmer sind mit Doppelbett, Einzelbetten oder drei Betten sowie Bad mit Dusche oder Badewanne ausgestattet. Die schlichte und funktionale [&hellip;]<\/p>\n","protected":false},"author":1,"featured_media":0,"parent":750,"menu_order":0,"comment_status":"closed","ping_status":"closed","template":"","meta":{"_acf_changed":false,"_et_pb_use_builder":"on","_et_pb_old_content":"","_et_gb_content_width":"","footnotes":""},"acf":[],"yoast_head":"<!-- This site is optimized with the Yoast SEO plugin v23.0 - https:\/\/yoast.com\/wordpress\/plugins\/seo\/ -->\n<title>\u00dcbernachtung in Siena: Standard-Zimmer Hotel Italia<\/title>\n<meta name=\"description\" content=\"Buchen Sie f\u00fcr Ihre \u00dcbernachtung in Siena eines der Standard-Zimmer im Hotel Italia: komfortable Unterk\u00fcnfte mit KOSTENFREIEM Wi-Fi zum g\u00fcnstigen Preis.\" \/>\n<meta name=\"robots\" content=\"index, follow, max-snippet:-1, max-image-preview:large, max-video-preview:-1\" \/>\n<link rel=\"canonical\" href=\"https:\/\/www.hotelitalia-siena.it\/de\/zimmer\/standard-zimmer\/\" \/>\n<meta property=\"og:locale\" content=\"de_DE\" \/>\n<meta property=\"og:type\" content=\"article\" \/>\n<meta property=\"og:title\" content=\"\u00dcbernachtung in Siena: Standard-Zimmer Hotel Italia\" \/>\n<meta property=\"og:description\" content=\"Buchen Sie f\u00fcr Ihre \u00dcbernachtung in Siena eines der Standard-Zimmer im Hotel Italia: komfortable Unterk\u00fcnfte mit KOSTENFREIEM Wi-Fi zum g\u00fcnstigen Preis.\" \/>\n<meta property=\"og:url\" content=\"https:\/\/www.hotelitalia-siena.it\/de\/zimmer\/standard-zimmer\/\" \/>\n<meta property=\"og:site_name\" content=\"Hotel Italia Siena\" \/>\n<meta property=\"article:publisher\" content=\"https:\/\/www.facebook.com\/hotelitaliasiena\/\" \/>\n<meta property=\"article:modified_time\" content=\"2016-09-19T15:15:29+00:00\" \/>\n<meta property=\"og:image\" content=\"https:\/\/www.hotelitalia-siena.it\/wp-content\/uploads\/2016\/09\/sky.png\" \/>\n<meta name=\"twitter:label1\" content=\"Gesch\u00e4tzte Lesezeit\" \/>\n\t<meta name=\"twitter:data1\" content=\"3\u00a0Minuten\" \/>\n<script type=\"application\/ld+json\" class=\"yoast-schema-graph\">{\"@context\":\"https:\/\/schema.org\",\"@graph\":[{\"@type\":\"WebPage\",\"@id\":\"https:\/\/www.hotelitalia-siena.it\/de\/zimmer\/standard-zimmer\/\",\"url\":\"https:\/\/www.hotelitalia-siena.it\/de\/zimmer\/standard-zimmer\/\",\"name\":\"\u00dcbernachtung in Siena: Standard-Zimmer Hotel Italia\",\"isPartOf\":{\"@id\":\"https:\/\/www.hotelitalia-siena.it\/#website\"},\"primaryImageOfPage\":{\"@id\":\"https:\/\/www.hotelitalia-siena.it\/de\/zimmer\/standard-zimmer\/#primaryimage\"},\"image\":{\"@id\":\"https:\/\/www.hotelitalia-siena.it\/de\/zimmer\/standard-zimmer\/#primaryimage\"},\"thumbnailUrl\":\"https:\/\/www.hotelitalia-siena.it\/wp-content\/uploads\/2016\/09\/sky.png\",\"datePublished\":\"2015-01-26T14:03:05+00:00\",\"dateModified\":\"2016-09-19T15:15:29+00:00\",\"description\":\"Buchen Sie f\u00fcr Ihre \u00dcbernachtung in Siena eines der Standard-Zimmer im Hotel Italia: komfortable Unterk\u00fcnfte mit KOSTENFREIEM Wi-Fi zum g\u00fcnstigen Preis.\",\"breadcrumb\":{\"@id\":\"https:\/\/www.hotelitalia-siena.it\/de\/zimmer\/standard-zimmer\/#breadcrumb\"},\"inLanguage\":\"de\",\"potentialAction\":[{\"@type\":\"ReadAction\",\"target\":[\"https:\/\/www.hotelitalia-siena.it\/de\/zimmer\/standard-zimmer\/\"]}]},{\"@type\":\"ImageObject\",\"inLanguage\":\"de\",\"@id\":\"https:\/\/www.hotelitalia-siena.it\/de\/zimmer\/standard-zimmer\/#primaryimage\",\"url\":\"https:\/\/www.hotelitalia-siena.it\/wp-content\/uploads\/2016\/09\/sky.png\",\"contentUrl\":\"https:\/\/www.hotelitalia-siena.it\/wp-content\/uploads\/2016\/09\/sky.png\"},{\"@type\":\"BreadcrumbList\",\"@id\":\"https:\/\/www.hotelitalia-siena.it\/de\/zimmer\/standard-zimmer\/#breadcrumb\",\"itemListElement\":[{\"@type\":\"ListItem\",\"position\":1,\"name\":\"Hotel Italia\",\"item\":\"https:\/\/www.hotelitalia-siena.it\/de\/\"},{\"@type\":\"ListItem\",\"position\":2,\"name\":\"Zimmer\",\"item\":\"https:\/\/www.hotelitalia-siena.it\/de\/zimmer\/\"},{\"@type\":\"ListItem\",\"position\":3,\"name\":\"Standard-Zimmer\"}]},{\"@type\":\"WebSite\",\"@id\":\"https:\/\/www.hotelitalia-siena.it\/#website\",\"url\":\"https:\/\/www.hotelitalia-siena.it\/\",\"name\":\"Hotel Italia Siena\",\"description\":\"Nur eine weitere Wordpress Seite\",\"publisher\":{\"@id\":\"https:\/\/www.hotelitalia-siena.it\/#organization\"},\"potentialAction\":[{\"@type\":\"SearchAction\",\"target\":{\"@type\":\"EntryPoint\",\"urlTemplate\":\"https:\/\/www.hotelitalia-siena.it\/?s={search_term_string}\"},\"query-input\":\"required name=search_term_string\"}],\"inLanguage\":\"de\"},{\"@type\":\"Organization\",\"@id\":\"https:\/\/www.hotelitalia-siena.it\/#organization\",\"name\":\"Hotel Italia SpA\",\"url\":\"https:\/\/www.hotelitalia-siena.it\/\",\"logo\":{\"@type\":\"ImageObject\",\"inLanguage\":\"de\",\"@id\":\"https:\/\/www.hotelitalia-siena.it\/#\/schema\/logo\/image\/\",\"url\":\"https:\/\/www.hotelitalia-siena.it\/wp-content\/uploads\/2018\/04\/hotel-italia-siena-logo.png\",\"contentUrl\":\"https:\/\/www.hotelitalia-siena.it\/wp-content\/uploads\/2018\/04\/hotel-italia-siena-logo.png\",\"width\":147,\"height\":102,\"caption\":\"Hotel Italia SpA\"},\"image\":{\"@id\":\"https:\/\/www.hotelitalia-siena.it\/#\/schema\/logo\/image\/\"},\"sameAs\":[\"https:\/\/www.facebook.com\/hotelitaliasiena\/\"]}]}<\/script>\n<!-- \/ Yoast SEO plugin. -->","yoast_head_json":{"title":"\u00dcbernachtung in Siena: Standard-Zimmer Hotel Italia","description":"Buchen Sie f\u00fcr Ihre \u00dcbernachtung in Siena eines der Standard-Zimmer im Hotel Italia: komfortable Unterk\u00fcnfte mit KOSTENFREIEM Wi-Fi zum g\u00fcnstigen Preis.","robots":{"index":"index","follow":"follow","max-snippet":"max-snippet:-1","max-image-preview":"max-image-preview:large","max-video-preview":"max-video-preview:-1"},"canonical":"https:\/\/www.hotelitalia-siena.it\/de\/zimmer\/standard-zimmer\/","og_locale":"de_DE","og_type":"article","og_title":"\u00dcbernachtung in Siena: Standard-Zimmer Hotel Italia","og_description":"Buchen Sie f\u00fcr Ihre \u00dcbernachtung in Siena eines der Standard-Zimmer im Hotel Italia: komfortable Unterk\u00fcnfte mit KOSTENFREIEM Wi-Fi zum g\u00fcnstigen Preis.","og_url":"https:\/\/www.hotelitalia-siena.it\/de\/zimmer\/standard-zimmer\/","og_site_name":"Hotel Italia Siena","article_publisher":"https:\/\/www.facebook.com\/hotelitaliasiena\/","article_modified_time":"2016-09-19T15:15:29+00:00","og_image":[{"url":"https:\/\/www.hotelitalia-siena.it\/wp-content\/uploads\/2016\/09\/sky.png"}],"twitter_misc":{"Gesch\u00e4tzte Lesezeit":"3\u00a0Minuten"},"schema":{"@context":"https:\/\/schema.org","@graph":[{"@type":"WebPage","@id":"https:\/\/www.hotelitalia-siena.it\/de\/zimmer\/standard-zimmer\/","url":"https:\/\/www.hotelitalia-siena.it\/de\/zimmer\/standard-zimmer\/","name":"\u00dcbernachtung in Siena: Standard-Zimmer Hotel Italia","isPartOf":{"@id":"https:\/\/www.hotelitalia-siena.it\/#website"},"primaryImageOfPage":{"@id":"https:\/\/www.hotelitalia-siena.it\/de\/zimmer\/standard-zimmer\/#primaryimage"},"image":{"@id":"https:\/\/www.hotelitalia-siena.it\/de\/zimmer\/standard-zimmer\/#primaryimage"},"thumbnailUrl":"https:\/\/www.hotelitalia-siena.it\/wp-content\/uploads\/2016\/09\/sky.png","datePublished":"2015-01-26T14:03:05+00:00","dateModified":"2016-09-19T15:15:29+00:00","description":"Buchen Sie f\u00fcr Ihre \u00dcbernachtung in Siena eines der Standard-Zimmer im Hotel Italia: komfortable Unterk\u00fcnfte mit KOSTENFREIEM Wi-Fi zum g\u00fcnstigen Preis.","breadcrumb":{"@id":"https:\/\/www.hotelitalia-siena.it\/de\/zimmer\/standard-zimmer\/#breadcrumb"},"inLanguage":"de","potentialAction":[{"@type":"ReadAction","target":["https:\/\/www.hotelitalia-siena.it\/de\/zimmer\/standard-zimmer\/"]}]},{"@type":"ImageObject","inLanguage":"de","@id":"https:\/\/www.hotelitalia-siena.it\/de\/zimmer\/standard-zimmer\/#primaryimage","url":"https:\/\/www.hotelitalia-siena.it\/wp-content\/uploads\/2016\/09\/sky.png","contentUrl":"https:\/\/www.hotelitalia-siena.it\/wp-content\/uploads\/2016\/09\/sky.png"},{"@type":"BreadcrumbList","@id":"https:\/\/www.hotelitalia-siena.it\/de\/zimmer\/standard-zimmer\/#breadcrumb","itemListElement":[{"@type":"ListItem","position":1,"name":"Hotel Italia","item":"https:\/\/www.hotelitalia-siena.it\/de\/"},{"@type":"ListItem","position":2,"name":"Zimmer","item":"https:\/\/www.hotelitalia-siena.it\/de\/zimmer\/"},{"@type":"ListItem","position":3,"name":"Standard-Zimmer"}]},{"@type":"WebSite","@id":"https:\/\/www.hotelitalia-siena.it\/#website","url":"https:\/\/www.hotelitalia-siena.it\/","name":"Hotel Italia Siena","description":"Nur eine weitere Wordpress Seite","publisher":{"@id":"https:\/\/www.hotelitalia-siena.it\/#organization"},"potentialAction":[{"@type":"SearchAction","target":{"@type":"EntryPoint","urlTemplate":"https:\/\/www.hotelitalia-siena.it\/?s={search_term_string}"},"query-input":"required name=search_term_string"}],"inLanguage":"de"},{"@type":"Organization","@id":"https:\/\/www.hotelitalia-siena.it\/#organization","name":"Hotel Italia SpA","url":"https:\/\/www.hotelitalia-siena.it\/","logo":{"@type":"ImageObject","inLanguage":"de","@id":"https:\/\/www.hotelitalia-siena.it\/#\/schema\/logo\/image\/","url":"https:\/\/www.hotelitalia-siena.it\/wp-content\/uploads\/2018\/04\/hotel-italia-siena-logo.png","contentUrl":"https:\/\/www.hotelitalia-siena.it\/wp-content\/uploads\/2018\/04\/hotel-italia-siena-logo.png","width":147,"height":102,"caption":"Hotel Italia SpA"},"image":{"@id":"https:\/\/www.hotelitalia-siena.it\/#\/schema\/logo\/image\/"},"sameAs":["https:\/\/www.facebook.com\/hotelitaliasiena\/"]}]}},"_links":{"self":[{"href":"https:\/\/www.hotelitalia-siena.it\/de\/wp-json\/wp\/v2\/pages\/761"}],"collection":[{"href":"https:\/\/www.hotelitalia-siena.it\/de\/wp-json\/wp\/v2\/pages"}],"about":[{"href":"https:\/\/www.hotelitalia-siena.it\/de\/wp-json\/wp\/v2\/types\/page"}],"author":[{"embeddable":true,"href":"https:\/\/www.hotelitalia-siena.it\/de\/wp-json\/wp\/v2\/users\/1"}],"replies":[{"embeddable":true,"href":"https:\/\/www.hotelitalia-siena.it\/de\/wp-json\/wp\/v2\/comments?post=761"}],"version-history":[{"count":0,"href":"https:\/\/www.hotelitalia-siena.it\/de\/wp-json\/wp\/v2\/pages\/761\/revisions"}],"up":[{"embeddable":true,"href":"https:\/\/www.hotelitalia-siena.it\/de\/wp-json\/wp\/v2\/pages\/750"}],"wp:attachment":[{"href":"https:\/\/www.hotelitalia-siena.it\/de\/wp-json\/wp\/v2\/media?parent=761"}],"curies":[{"name":"wp","href":"https:\/\/api.w.org\/{rel}","templated":true}]}}