{"id":757,"date":"2015-01-26T14:01:56","date_gmt":"2015-01-26T14:01:56","guid":{"rendered":"http:\/\/newsite.gardenhotel.it\/camere\/belvedere\/"},"modified":"2017-09-18T11:33:47","modified_gmt":"2017-09-18T11:33:47","slug":"executive-zimmer","status":"publish","type":"page","link":"https:\/\/www.hotelitalia-siena.it\/de\/zimmer\/executive-zimmer\/","title":{"rendered":"Executive-Zimmer"},"content":{"rendered":"<p>[et_pb_section bb_built=&#8221;1&#8243; admin_label=&#8221;section&#8221; fullwidth=&#8221;on&#8221; specialty=&#8221;off&#8221; transparent_background=&#8221;off&#8221; background_color=&#8221;#ffffff&#8221; inner_shadow=&#8221;off&#8221; parallax=&#8221;off&#8221; parallax_method=&#8221;off&#8221; module_class=&#8221;home_header_slide&#8221;][et_pb_fullwidth_slider show_arrows=&#8221;off&#8221; show_pagination=&#8221;off&#8221; auto=&#8221;off&#8221; parallax=&#8221;off&#8221; parallax_method=&#8221;off&#8221;] [et_pb_slide background_image=&#8221;https:\/\/www.hotelitalia-siena.it\/wp-content\/uploads\/2015\/01\/header-executive.jpg&#8221; background_color=&#8221;#ffffff&#8221; alignment=&#8221;center&#8221; background_layout=&#8221;dark&#8221; \/] [\/et_pb_fullwidth_slider][\/et_pb_section][et_pb_section bb_built=&#8221;1&#8243; admin_label=&#8221;section&#8221; fullwidth=&#8221;off&#8221; specialty=&#8221;off&#8221; transparent_background=&#8221;off&#8221; background_color=&#8221;#ffffff&#8221; inner_shadow=&#8221;off&#8221; parallax=&#8221;off&#8221; parallax_method=&#8221;off&#8221; module_id=&#8221;h-booking_container&#8221;][et_pb_row admin_label=&#8221;row&#8221; background_position=&#8221;top_left&#8221; background_repeat=&#8221;repeat&#8221; background_size=&#8221;initial&#8221;][et_pb_column type=&#8221;4_4&#8243;][et_pb_sidebar orientation=&#8221;left&#8221; area=&#8221;et_pb_widget_area_1&#8243; background_layout=&#8221;light&#8221; \/][\/et_pb_column][\/et_pb_row][\/et_pb_section][et_pb_section bb_built=&#8221;1&#8243; admin_label=&#8221;section&#8221; fullwidth=&#8221;off&#8221; specialty=&#8221;off&#8221; transparent_background=&#8221;off&#8221; background_color=&#8221;#ffffff&#8221; inner_shadow=&#8221;off&#8221; parallax=&#8221;off&#8221; parallax_method=&#8221;off&#8221; module_class=&#8221;room_block&#8221;][et_pb_row admin_label=&#8221;row&#8221; background_position=&#8221;top_left&#8221; background_repeat=&#8221;repeat&#8221; background_size=&#8221;initial&#8221;][et_pb_column type=&#8221;4_4&#8243;][et_pb_text background_layout=&#8221;light&#8221; text_orientation=&#8221;left&#8221; border_style=&#8221;solid&#8221; background_position=&#8221;top_left&#8221; background_repeat=&#8221;repeat&#8221; background_size=&#8221;initial&#8221; _builder_version=&#8221;3.0.71&#8243;]<\/p>\n<h2 style=\"text-align: justify;\"><strong>Executive-Zimmer\u00a0\u2026 Technik im Zimmer<\/strong><\/h2>\n<p>Die Executive-Zimmer befinden sich im neu gebauten dritten Stock des Hauptgeb\u00e4udes.<br \/>\nSie sind mit einem Kingsize-Bett ausgestattet, hell und gut schallged\u00e4mmt.<br \/>\nKlare Linien und eine in Wei\u00df gehaltene Einrichtung dominieren den modernen Stil dieser Zimmer, und die Marmorb\u00e4der mit gro\u00dfz\u00fcgiger Dusche verleihen dem erlesenen Ambiente zus\u00e4tzliche Raffinesse.<br \/>\nZwei Zimmer verf\u00fcgen \u00fcber eine gro\u00dfe Terrasse, sichtbare Deckenbalken und Terrakottafu\u00dfboden und k\u00f6nnen gegen einen geringen Aufpreis pro Nacht gebucht werden.<br \/>\nSie sind unsere exklusivsten Zimmer, unser \u201eSpitzenprodukt\u201c.<br \/>\nAlle Zimmer mit Blick zur Stra\u00dfe sind mit schallabsorbierenden Doppelglasfenstern und schallged\u00e4mmten Fensterrahmen der j\u00fcngsten Generation ausgestattet.<\/p>\n<p><strong>F\u00fcr Ihren Aufenthalt in Siena in Zentrumsn\u00e4he sollten Sie ein Executive-Zimmer w\u00e4hlen, wenn\u00a0\u2026<\/strong><\/p>\n<ul>\n<li>der Preis f\u00fcr Sie nicht der wichtigste Faktor ist;<\/li>\n<li>Sie helle Farben und ein modernes Ambiente lieben;<\/li>\n<li>Sie sich gern kostenfrei einen guten Film auf Sky und einem 42&#8243;-Flachbildfernseher ansehen;<\/li>\n<li>Sie sich bei Ihrer Lieblingsmusik entspannen m\u00f6chten, indem Sie Ihren iPod in eine entsprechende Dockingstation stecken;<\/li>\n<li>Sie sich bei Ihrer R\u00fcckkehr am Abend einen warmen Tee mit dem verf\u00fcgbaren Wasserkocher zubereiten.<\/li>\n<li>Sie im Internet mit TOP-Wi-Fi per Hochgeschwindigkeits-Breitbandzugang surfen m\u00f6chten;<\/li>\n<li>Sie einfach immer das Beste m\u00f6chten!<\/li>\n<\/ul>\n<p><strong class=\"services_title\">AUSSTATTUNG UND EIGENSCHAFTEN DES ZIMMERS:<\/strong><\/p>\n<div class=\"room_logo_services\"><img decoding=\"async\" class=\"aligncenter wp-image-262 size-full\" style=\"margin-top: -10px; position: absolute; left: 0;\" src=\"https:\/\/www.hotelitalia-siena.it\/wp-content\/uploads\/2016\/09\/sky.png\" alt=\"Camere con Sky\" width=\"70px\" height=\"\" \/><img decoding=\"async\" class=\"aligncenter wp-image-262 size-full\" style=\"margin-top: -5px; position: absolute; right: 0;\" src=\"https:\/\/www.hotelitalia-siena.it\/wp-content\/uploads\/2016\/09\/free-wifi.png\" alt=\"Free Wi-fi\" width=\"70px\" height=\"\" \/><\/div>\n<p>&nbsp;<\/p>\n<ul>\n<li>NICHTRAUCHERZIMMER<\/li>\n<li>Gr\u00f6\u00dfe: 21 m<sup>2<\/sup><\/li>\n<li>Kingsize-Doppelbett<\/li>\n<li>Klimaanlage<\/li>\n<li>Kostenfreies Hochgeschwindigkeits-Wi-Fi<\/li>\n<li>42\u2019\u2019-Flachbildfernseher<\/li>\n<li>Internationale Satellitenkan\u00e4le<\/li>\n<li>Kostenfreie Sky-Programme<\/li>\n<li>iPod-Dockingstation<\/li>\n<li>Mini-HiFi-Anlage mit Radio<\/li>\n<li>CD-, mp3- und DVD-Player mit Dolby Digital<\/li>\n<li>Wasserkocher-Set f\u00fcr Tee und Kaffee<\/li>\n<li>Safe<\/li>\n<li>Telefon<\/li>\n<li>Eigenes Bad mit Dusche<\/li>\n<li>Haartrockner<\/li>\n<li>Handt\u00fccher<\/li>\n<li>Slipper<\/li>\n<li>Kostenfreie, qualitativ hochwertige Kosmetikprodukte auf Basis von ausschlie\u00dflich nat\u00fcrlichen Extrakten und cruelty-free (nicht an Tieren getestet).<\/li>\n<\/ul>\n<p>[\/et_pb_text][\/et_pb_column][\/et_pb_row][et_pb_row admin_label=&#8221;row&#8221; background_position=&#8221;top_left&#8221; background_repeat=&#8221;repeat&#8221; background_size=&#8221;initial&#8221;][et_pb_column type=&#8221;4_4&#8243;][et_pb_gallery gallery_ids=&#8221;4513,4501,4507,4519,8931,4525,4531,4537,4790,4543,5602,5542&#8243; fullwidth=&#8221;off&#8221; posts_number=&#8221;12&#8243; show_title_and_caption=&#8221;on&#8221; show_pagination=&#8221;off&#8221; background_layout=&#8221;light&#8221; \/][\/et_pb_column][\/et_pb_row][et_pb_row admin_label=&#8221;row&#8221; background_position=&#8221;top_left&#8221; background_repeat=&#8221;repeat&#8221; background_size=&#8221;initial&#8221;][et_pb_column type=&#8221;4_4&#8243;][et_pb_text background_layout=&#8221;light&#8221; text_orientation=&#8221;left&#8221; background_position=&#8221;top_left&#8221; background_repeat=&#8221;repeat&#8221; background_size=&#8221;initial&#8221;]  [\/et_pb_text][\/et_pb_column][\/et_pb_row][\/et_pb_section]<\/p>\n","protected":false},"excerpt":{"rendered":"<p>Executive-Zimmer\u00a0\u2026 Technik im Zimmer Die Executive-Zimmer befinden sich im neu gebauten dritten Stock des Hauptgeb\u00e4udes. Sie sind mit einem Kingsize-Bett ausgestattet, hell und gut schallged\u00e4mmt. Klare Linien und eine in Wei\u00df gehaltene Einrichtung dominieren den modernen Stil dieser Zimmer, und die Marmorb\u00e4der mit gro\u00dfz\u00fcgiger Dusche verleihen dem erlesenen Ambiente zus\u00e4tzliche Raffinesse. Zwei Zimmer verf\u00fcgen \u00fcber [&hellip;]<\/p>\n","protected":false},"author":1,"featured_media":0,"parent":750,"menu_order":0,"comment_status":"closed","ping_status":"closed","template":"","meta":{"_acf_changed":false,"_et_pb_use_builder":"on","_et_pb_old_content":"","_et_gb_content_width":"","footnotes":""},"acf":[],"yoast_head":"<!-- This site is optimized with the Yoast SEO plugin v23.0 - https:\/\/yoast.com\/wordpress\/plugins\/seo\/ -->\n<title>Aufenthalt Siena Zentrum: Executive-Zimmer Hotel Italia<\/title>\n<meta name=\"description\" content=\"Buchen Sie einen komfortablen und eleganten Aufenthalt in Siena in Zentrumsn\u00e4he mit einem gut ausgestatteten, exklusiven Executive-Zimmer im Hotel Italia.\" \/>\n<meta name=\"robots\" content=\"index, follow, max-snippet:-1, max-image-preview:large, max-video-preview:-1\" \/>\n<link rel=\"canonical\" href=\"https:\/\/www.hotelitalia-siena.it\/de\/zimmer\/executive-zimmer\/\" \/>\n<meta property=\"og:locale\" content=\"de_DE\" \/>\n<meta property=\"og:type\" content=\"article\" \/>\n<meta property=\"og:title\" content=\"Aufenthalt Siena Zentrum: Executive-Zimmer Hotel Italia\" \/>\n<meta property=\"og:description\" content=\"Buchen Sie einen komfortablen und eleganten Aufenthalt in Siena in Zentrumsn\u00e4he mit einem gut ausgestatteten, exklusiven Executive-Zimmer im Hotel Italia.\" \/>\n<meta property=\"og:url\" content=\"https:\/\/www.hotelitalia-siena.it\/de\/zimmer\/executive-zimmer\/\" \/>\n<meta property=\"og:site_name\" content=\"Hotel Italia Siena\" \/>\n<meta property=\"article:publisher\" content=\"https:\/\/www.facebook.com\/hotelitaliasiena\/\" \/>\n<meta property=\"article:modified_time\" content=\"2017-09-18T11:33:47+00:00\" \/>\n<meta property=\"og:image\" content=\"https:\/\/www.hotelitalia-siena.it\/wp-content\/uploads\/2016\/09\/sky.png\" \/>\n<meta name=\"twitter:label1\" content=\"Gesch\u00e4tzte Lesezeit\" \/>\n\t<meta name=\"twitter:data1\" content=\"3\u00a0Minuten\" \/>\n<script type=\"application\/ld+json\" class=\"yoast-schema-graph\">{\"@context\":\"https:\/\/schema.org\",\"@graph\":[{\"@type\":\"WebPage\",\"@id\":\"https:\/\/www.hotelitalia-siena.it\/de\/zimmer\/executive-zimmer\/\",\"url\":\"https:\/\/www.hotelitalia-siena.it\/de\/zimmer\/executive-zimmer\/\",\"name\":\"Aufenthalt Siena Zentrum: Executive-Zimmer Hotel Italia\",\"isPartOf\":{\"@id\":\"https:\/\/www.hotelitalia-siena.it\/#website\"},\"primaryImageOfPage\":{\"@id\":\"https:\/\/www.hotelitalia-siena.it\/de\/zimmer\/executive-zimmer\/#primaryimage\"},\"image\":{\"@id\":\"https:\/\/www.hotelitalia-siena.it\/de\/zimmer\/executive-zimmer\/#primaryimage\"},\"thumbnailUrl\":\"https:\/\/www.hotelitalia-siena.it\/wp-content\/uploads\/2016\/09\/sky.png\",\"datePublished\":\"2015-01-26T14:01:56+00:00\",\"dateModified\":\"2017-09-18T11:33:47+00:00\",\"description\":\"Buchen Sie einen komfortablen und eleganten Aufenthalt in Siena in Zentrumsn\u00e4he mit einem gut ausgestatteten, exklusiven Executive-Zimmer im Hotel Italia.\",\"breadcrumb\":{\"@id\":\"https:\/\/www.hotelitalia-siena.it\/de\/zimmer\/executive-zimmer\/#breadcrumb\"},\"inLanguage\":\"de\",\"potentialAction\":[{\"@type\":\"ReadAction\",\"target\":[\"https:\/\/www.hotelitalia-siena.it\/de\/zimmer\/executive-zimmer\/\"]}]},{\"@type\":\"ImageObject\",\"inLanguage\":\"de\",\"@id\":\"https:\/\/www.hotelitalia-siena.it\/de\/zimmer\/executive-zimmer\/#primaryimage\",\"url\":\"https:\/\/www.hotelitalia-siena.it\/wp-content\/uploads\/2016\/09\/sky.png\",\"contentUrl\":\"https:\/\/www.hotelitalia-siena.it\/wp-content\/uploads\/2016\/09\/sky.png\"},{\"@type\":\"BreadcrumbList\",\"@id\":\"https:\/\/www.hotelitalia-siena.it\/de\/zimmer\/executive-zimmer\/#breadcrumb\",\"itemListElement\":[{\"@type\":\"ListItem\",\"position\":1,\"name\":\"Hotel Italia\",\"item\":\"https:\/\/www.hotelitalia-siena.it\/de\/\"},{\"@type\":\"ListItem\",\"position\":2,\"name\":\"Zimmer\",\"item\":\"https:\/\/www.hotelitalia-siena.it\/de\/zimmer\/\"},{\"@type\":\"ListItem\",\"position\":3,\"name\":\"Executive-Zimmer\"}]},{\"@type\":\"WebSite\",\"@id\":\"https:\/\/www.hotelitalia-siena.it\/#website\",\"url\":\"https:\/\/www.hotelitalia-siena.it\/\",\"name\":\"Hotel Italia Siena\",\"description\":\"Nur eine weitere Wordpress Seite\",\"publisher\":{\"@id\":\"https:\/\/www.hotelitalia-siena.it\/#organization\"},\"potentialAction\":[{\"@type\":\"SearchAction\",\"target\":{\"@type\":\"EntryPoint\",\"urlTemplate\":\"https:\/\/www.hotelitalia-siena.it\/?s={search_term_string}\"},\"query-input\":\"required name=search_term_string\"}],\"inLanguage\":\"de\"},{\"@type\":\"Organization\",\"@id\":\"https:\/\/www.hotelitalia-siena.it\/#organization\",\"name\":\"Hotel Italia SpA\",\"url\":\"https:\/\/www.hotelitalia-siena.it\/\",\"logo\":{\"@type\":\"ImageObject\",\"inLanguage\":\"de\",\"@id\":\"https:\/\/www.hotelitalia-siena.it\/#\/schema\/logo\/image\/\",\"url\":\"https:\/\/www.hotelitalia-siena.it\/wp-content\/uploads\/2018\/04\/hotel-italia-siena-logo.png\",\"contentUrl\":\"https:\/\/www.hotelitalia-siena.it\/wp-content\/uploads\/2018\/04\/hotel-italia-siena-logo.png\",\"width\":147,\"height\":102,\"caption\":\"Hotel Italia SpA\"},\"image\":{\"@id\":\"https:\/\/www.hotelitalia-siena.it\/#\/schema\/logo\/image\/\"},\"sameAs\":[\"https:\/\/www.facebook.com\/hotelitaliasiena\/\"]}]}<\/script>\n<!-- \/ Yoast SEO plugin. -->","yoast_head_json":{"title":"Aufenthalt Siena Zentrum: Executive-Zimmer Hotel Italia","description":"Buchen Sie einen komfortablen und eleganten Aufenthalt in Siena in Zentrumsn\u00e4he mit einem gut ausgestatteten, exklusiven Executive-Zimmer im Hotel Italia.","robots":{"index":"index","follow":"follow","max-snippet":"max-snippet:-1","max-image-preview":"max-image-preview:large","max-video-preview":"max-video-preview:-1"},"canonical":"https:\/\/www.hotelitalia-siena.it\/de\/zimmer\/executive-zimmer\/","og_locale":"de_DE","og_type":"article","og_title":"Aufenthalt Siena Zentrum: Executive-Zimmer Hotel Italia","og_description":"Buchen Sie einen komfortablen und eleganten Aufenthalt in Siena in Zentrumsn\u00e4he mit einem gut ausgestatteten, exklusiven Executive-Zimmer im Hotel Italia.","og_url":"https:\/\/www.hotelitalia-siena.it\/de\/zimmer\/executive-zimmer\/","og_site_name":"Hotel Italia Siena","article_publisher":"https:\/\/www.facebook.com\/hotelitaliasiena\/","article_modified_time":"2017-09-18T11:33:47+00:00","og_image":[{"url":"https:\/\/www.hotelitalia-siena.it\/wp-content\/uploads\/2016\/09\/sky.png"}],"twitter_misc":{"Gesch\u00e4tzte Lesezeit":"3\u00a0Minuten"},"schema":{"@context":"https:\/\/schema.org","@graph":[{"@type":"WebPage","@id":"https:\/\/www.hotelitalia-siena.it\/de\/zimmer\/executive-zimmer\/","url":"https:\/\/www.hotelitalia-siena.it\/de\/zimmer\/executive-zimmer\/","name":"Aufenthalt Siena Zentrum: Executive-Zimmer Hotel Italia","isPartOf":{"@id":"https:\/\/www.hotelitalia-siena.it\/#website"},"primaryImageOfPage":{"@id":"https:\/\/www.hotelitalia-siena.it\/de\/zimmer\/executive-zimmer\/#primaryimage"},"image":{"@id":"https:\/\/www.hotelitalia-siena.it\/de\/zimmer\/executive-zimmer\/#primaryimage"},"thumbnailUrl":"https:\/\/www.hotelitalia-siena.it\/wp-content\/uploads\/2016\/09\/sky.png","datePublished":"2015-01-26T14:01:56+00:00","dateModified":"2017-09-18T11:33:47+00:00","description":"Buchen Sie einen komfortablen und eleganten Aufenthalt in Siena in Zentrumsn\u00e4he mit einem gut ausgestatteten, exklusiven Executive-Zimmer im Hotel Italia.","breadcrumb":{"@id":"https:\/\/www.hotelitalia-siena.it\/de\/zimmer\/executive-zimmer\/#breadcrumb"},"inLanguage":"de","potentialAction":[{"@type":"ReadAction","target":["https:\/\/www.hotelitalia-siena.it\/de\/zimmer\/executive-zimmer\/"]}]},{"@type":"ImageObject","inLanguage":"de","@id":"https:\/\/www.hotelitalia-siena.it\/de\/zimmer\/executive-zimmer\/#primaryimage","url":"https:\/\/www.hotelitalia-siena.it\/wp-content\/uploads\/2016\/09\/sky.png","contentUrl":"https:\/\/www.hotelitalia-siena.it\/wp-content\/uploads\/2016\/09\/sky.png"},{"@type":"BreadcrumbList","@id":"https:\/\/www.hotelitalia-siena.it\/de\/zimmer\/executive-zimmer\/#breadcrumb","itemListElement":[{"@type":"ListItem","position":1,"name":"Hotel Italia","item":"https:\/\/www.hotelitalia-siena.it\/de\/"},{"@type":"ListItem","position":2,"name":"Zimmer","item":"https:\/\/www.hotelitalia-siena.it\/de\/zimmer\/"},{"@type":"ListItem","position":3,"name":"Executive-Zimmer"}]},{"@type":"WebSite","@id":"https:\/\/www.hotelitalia-siena.it\/#website","url":"https:\/\/www.hotelitalia-siena.it\/","name":"Hotel Italia Siena","description":"Nur eine weitere Wordpress Seite","publisher":{"@id":"https:\/\/www.hotelitalia-siena.it\/#organization"},"potentialAction":[{"@type":"SearchAction","target":{"@type":"EntryPoint","urlTemplate":"https:\/\/www.hotelitalia-siena.it\/?s={search_term_string}"},"query-input":"required name=search_term_string"}],"inLanguage":"de"},{"@type":"Organization","@id":"https:\/\/www.hotelitalia-siena.it\/#organization","name":"Hotel Italia SpA","url":"https:\/\/www.hotelitalia-siena.it\/","logo":{"@type":"ImageObject","inLanguage":"de","@id":"https:\/\/www.hotelitalia-siena.it\/#\/schema\/logo\/image\/","url":"https:\/\/www.hotelitalia-siena.it\/wp-content\/uploads\/2018\/04\/hotel-italia-siena-logo.png","contentUrl":"https:\/\/www.hotelitalia-siena.it\/wp-content\/uploads\/2018\/04\/hotel-italia-siena-logo.png","width":147,"height":102,"caption":"Hotel Italia SpA"},"image":{"@id":"https:\/\/www.hotelitalia-siena.it\/#\/schema\/logo\/image\/"},"sameAs":["https:\/\/www.facebook.com\/hotelitaliasiena\/"]}]}},"_links":{"self":[{"href":"https:\/\/www.hotelitalia-siena.it\/de\/wp-json\/wp\/v2\/pages\/757"}],"collection":[{"href":"https:\/\/www.hotelitalia-siena.it\/de\/wp-json\/wp\/v2\/pages"}],"about":[{"href":"https:\/\/www.hotelitalia-siena.it\/de\/wp-json\/wp\/v2\/types\/page"}],"author":[{"embeddable":true,"href":"https:\/\/www.hotelitalia-siena.it\/de\/wp-json\/wp\/v2\/users\/1"}],"replies":[{"embeddable":true,"href":"https:\/\/www.hotelitalia-siena.it\/de\/wp-json\/wp\/v2\/comments?post=757"}],"version-history":[{"count":0,"href":"https:\/\/www.hotelitalia-siena.it\/de\/wp-json\/wp\/v2\/pages\/757\/revisions"}],"up":[{"embeddable":true,"href":"https:\/\/www.hotelitalia-siena.it\/de\/wp-json\/wp\/v2\/pages\/750"}],"wp:attachment":[{"href":"https:\/\/www.hotelitalia-siena.it\/de\/wp-json\/wp\/v2\/media?parent=757"}],"curies":[{"name":"wp","href":"https:\/\/api.w.org\/{rel}","templated":true}]}}