{"id":4435,"date":"2015-07-03T09:13:26","date_gmt":"2015-07-03T09:13:26","guid":{"rendered":"http:\/\/local.hotelitalia-siena.it\/informazioni\/prezzi\/"},"modified":"2015-12-28T18:24:02","modified_gmt":"2015-12-28T18:24:02","slug":"preise","status":"publish","type":"page","link":"https:\/\/www.hotelitalia-siena.it\/de\/preise\/","title":{"rendered":"Preise"},"content":{"rendered":"<p>[et_pb_section fullwidth=&#8221;on&#8221; specialty=&#8221;off&#8221; transparent_background=&#8221;off&#8221; background_color=&#8221;#ffffff&#8221; inner_shadow=&#8221;off&#8221; parallax=&#8221;off&#8221; parallax_method=&#8221;off&#8221; module_class=&#8221;home_header_slide&#8221;][et_pb_fullwidth_slider admin_label=&#8221;Fullwidth Slider&#8221; show_arrows=&#8221;off&#8221; show_pagination=&#8221;off&#8221; auto=&#8221;off&#8221; parallax=&#8221;off&#8221; parallax_method=&#8221;off&#8221;][et_pb_slide background_image=&#8221;https:\/\/www.hotelitalia-siena.it\/wp-content\/uploads\/2015\/07\/MG_6308-bis.jpg&#8221; background_color=&#8221;#ffffff&#8221; alignment=&#8221;center&#8221; background_layout=&#8221;dark&#8221; \/][\/et_pb_fullwidth_slider][\/et_pb_section][et_pb_section fullwidth=&#8221;off&#8221; specialty=&#8221;off&#8221; transparent_background=&#8221;off&#8221; background_color=&#8221;#ffffff&#8221; inner_shadow=&#8221;off&#8221; parallax=&#8221;off&#8221; parallax_method=&#8221;off&#8221; module_id=&#8221;h-booking_container&#8221;][et_pb_row][et_pb_column type=&#8221;4_4&#8243;][et_pb_sidebar admin_label=&#8221;Sidebar&#8221; orientation=&#8221;left&#8221; area=&#8221;et_pb_widget_area_1&#8243; background_layout=&#8221;light&#8221; \/][\/et_pb_column][\/et_pb_row][\/et_pb_section][et_pb_section fullwidth=&#8221;off&#8221; specialty=&#8221;off&#8221; transparent_background=&#8221;off&#8221; background_color=&#8221;#ffffff&#8221; inner_shadow=&#8221;off&#8221; parallax=&#8221;off&#8221; parallax_method=&#8221;off&#8221; module_class=&#8221;room_block&#8221;][et_pb_row][et_pb_column type=&#8221;4_4&#8243;][et_pb_text admin_label=&#8221;Text&#8221; background_layout=&#8221;light&#8221; text_orientation=&#8221;left&#8221;]<\/p>\n<h1 style=\"text-align: justify; line-height: 14.25pt;\"><span lang=\"DE\" style=\"font-family: 'Georgia',serif; color: #333333;\">Preise<\/span><\/h1>\n<p><table id=\"table_47098398\" width=\"100%\" class=\"hover\"><thead><tr><th>ZIMMERKATEGORIE<\/th><th>PREISE (ab...)<\/th><\/tr>\n    <\/thead>\n    <tbody>\n\t\n\t<script type=\"text\/javascript\" charset=\"utf-8\">\n jQuery(document).ready(function() {\n    jQuery('#table_47098398').DataTable( {\"destroy\": true,\"bPaginate\": false,\"bLengthChange\": false,\"bFilter\": false,\"bSort\": false,\"bInfo\": false,\"bStateSave\": true,\"bAutoWidth\": true,\"sPaginationType\": \"full_numbers\",\"oLanguage\": {\r\n\t\t\t\"sLengthMenu\": \"Display _MENU_ records per page\",\r\n\t\t\t\"sZeroRecords\": \"Nothing found - sorry\",\r\n\t\t\t\"sInfo\": \"Showing _START_ to _END_ of _TOTAL_ records\",\r\n\t\t\t\"sInfoEmpty\": \"Showing 0 to 0 of 0 records\",\r\n                        \"sSearch\": \"Search: \",\r\n\t\t\t\"sInfoFiltered\": \"(filtered from _MAX_ total records)\"\r\n\t\t}} );\n});\n <\/script><tr><td>Billigste Zimmer<\/td><td>Ab Euro 49,00 <\/td><\/tr><tr><td>Double Standard<\/td><td>Ab Euro 59,00 <\/td><\/tr><tr><td>Double Superior<\/td><td>Ab Euro 69,00 <\/td><\/tr><tr><td>Double Executive <\/td><td>Ab Euro 89,00<\/td><\/tr><tr><td>Junior Suite<\/td><td>Ab Euro 115,00<\/td><\/tr><tr><td>Love Room<\/td><td>Ab Euro 109,00<\/td><\/tr><tr><td>Dreibettzimmer Standard<\/td><td>Ab Euro 85,00<\/td><\/tr><tr><td>Dreibettzimmer Superior<\/td><td>Ab Euro 95,00<\/td><\/tr><tr><td>Familienzimmer Superior<\/td><td>Ab Euro 109,00<\/td><\/tr>\n    <\/tbody>\n<\/table><\/p>\n<p>Die Preise verstehen sich pro Zimmer und Nacht und beinhalten auch das gro\u00dfe Fr\u00fchst\u00fccksb\u00fcfett. Vom Preis ausgenommen ist die Tourismussteuer der Stadt (2,50\u00a0\u20ac von M\u00e4rz bis Oktober bzw. 1,50\u00a0\u20ac von November bis Februar) pro Person und Nacht. Kinder bis Vollendung des 12.\u00a0Lebensjahres sind von der Steuer befreit.<\/p>\n<p>Wenn Sie an anderer Stelle f\u00fcr dasselbe Produkt und dieselben Bedingungen<strong>\u00a0<\/strong><strong>einen niedrigeren Preis<\/strong> finden, kontaktieren Sie uns.<br \/>\nSollten wir feststellen, dass der niedrigere Preis tats\u00e4chlich \u00fcber einen anderen Kanal verf\u00fcgbar und buchbar ist,\u00a0<strong>gew\u00e4hren wir Ihnen denselben Preis abz\u00fcglich eines zus\u00e4tzlichen Rabatts in H\u00f6he von 5\u00a0%<\/strong>.<\/p>\n<p>Davon ausgenommen sind Sonderangebote und nicht erstattbare Preise, mit denen Sie noch mehr sparen k\u00f6nnen. Entdecken Sie jetzt die aktuellen Sonderangebote direkt \u00fcber unser Buchungssystem.<\/p>\n<p><a href=\"https:\/\/www.hotelitalia-siena.it\/de\/sonderangebote\/\">SONDERANGEBOTE<\/a><\/p>\n<p>Wir m\u00f6chten Sie darauf hinweisen, dass unsere Preise je nach Saison und Auslastung variieren k\u00f6nnen. Geben Sie in das Anfrageformular auf dieser Website die Daten Ihres Aufenthalts ein und entdecken Sie den g\u00fcnstigsten Preis, den wir Ihnen zum jeweiligen Zeitpunkt anbieten k\u00f6nnen!<\/p>\n<p>[\/et_pb_text][\/et_pb_column][\/et_pb_row][et_pb_row][et_pb_column type=&#8221;4_4&#8243;][et_pb_gallery admin_label=&#8221;Gallery&#8221; gallery_ids=&#8221;527,469,465,463&#8243; fullwidth=&#8221;off&#8221; posts_number=&#8221;4&#8243; show_title_and_caption=&#8221;on&#8221; show_pagination=&#8221;off&#8221; background_layout=&#8221;light&#8221; \/][\/et_pb_column][\/et_pb_row][et_pb_row][et_pb_column type=&#8221;4_4&#8243;][et_pb_text admin_label=&#8221;Text&#8221; background_layout=&#8221;light&#8221; text_orientation=&#8221;left&#8221;][\/et_pb_text][\/et_pb_column][\/et_pb_row][\/et_pb_section]<\/p>\n","protected":false},"excerpt":{"rendered":"<p><div class=\"et_pb_row et_pb_row_0 et_pb_row_empty\">\n\t\t\t\t\n\t\t\t\t\n\t\t\t\t\n\t\t\t\t\n\t\t\t\t\n\t\t\t<\/div><div class=\"et_pb_row et_pb_row_1 et_pb_row_empty\">\n\t\t\t\t\n\t\t\t\t\n\t\t\t\t\n\t\t\t\t\n\t\t\t\t\n\t\t\t<\/div> Preise [ultimatetables 4 \/] Die Preise verstehen sich pro Zimmer und Nacht und beinhalten auch das gro\u00dfe Fr\u00fchst\u00fccksb\u00fcfett. Vom Preis ausgenommen ist die Tourismussteuer der Stadt (2,50\u00a0\u20ac von M\u00e4rz bis Oktober bzw. 1,50\u00a0\u20ac von November bis Februar) pro Person und Nacht. Kinder bis Vollendung des 12.\u00a0Lebensjahres sind von der Steuer befreit. Wenn Sie an [&hellip;]<\/p>\n","protected":false},"author":1,"featured_media":0,"parent":0,"menu_order":0,"comment_status":"closed","ping_status":"closed","template":"","meta":{"_acf_changed":false,"_et_pb_use_builder":"on","_et_pb_old_content":"","_et_gb_content_width":"","footnotes":""},"acf":[],"yoast_head":"<!-- This site is optimized with the Yoast SEO plugin v23.0 - https:\/\/yoast.com\/wordpress\/plugins\/seo\/ -->\n<title>Hotel Siena Preise - Hotel Italia<\/title>\n<meta name=\"description\" content=\"Sie m\u00f6chten den Preis f\u00fcr einen Aufenthalt im Hotel Italia erfahren? Entdecken Sie die \u00dcbernachtungspreise unseres Hotels in der N\u00e4he der Altstadt Sienas.\" \/>\n<meta name=\"robots\" content=\"index, follow, max-snippet:-1, max-image-preview:large, max-video-preview:-1\" \/>\n<link rel=\"canonical\" href=\"https:\/\/www.hotelitalia-siena.it\/de\/preise\/\" \/>\n<meta property=\"og:locale\" content=\"de_DE\" \/>\n<meta property=\"og:type\" content=\"article\" \/>\n<meta property=\"og:title\" content=\"Hotel Siena Preise - Hotel Italia\" \/>\n<meta property=\"og:description\" content=\"Sie m\u00f6chten den Preis f\u00fcr einen Aufenthalt im Hotel Italia erfahren? Entdecken Sie die \u00dcbernachtungspreise unseres Hotels in der N\u00e4he der Altstadt Sienas.\" \/>\n<meta property=\"og:url\" content=\"https:\/\/www.hotelitalia-siena.it\/de\/preise\/\" \/>\n<meta property=\"og:site_name\" content=\"Hotel Italia Siena\" \/>\n<meta property=\"article:publisher\" content=\"https:\/\/www.facebook.com\/hotelitaliasiena\/\" \/>\n<meta property=\"article:modified_time\" content=\"2015-12-28T18:24:02+00:00\" \/>\n<meta property=\"og:image\" content=\"https:\/\/www.hotelitalia-siena.it\/wp-content\/uploads\/2015\/01\/header-privacy-policy.jpg\" \/>\n\t<meta property=\"og:image:width\" content=\"2000\" \/>\n\t<meta property=\"og:image:height\" content=\"705\" \/>\n\t<meta property=\"og:image:type\" content=\"image\/jpeg\" \/>\n<meta name=\"twitter:label1\" content=\"Gesch\u00e4tzte Lesezeit\" \/>\n\t<meta name=\"twitter:data1\" content=\"2\u00a0Minuten\" \/>\n<script type=\"application\/ld+json\" class=\"yoast-schema-graph\">{\"@context\":\"https:\/\/schema.org\",\"@graph\":[{\"@type\":\"WebPage\",\"@id\":\"https:\/\/www.hotelitalia-siena.it\/de\/preise\/\",\"url\":\"https:\/\/www.hotelitalia-siena.it\/de\/preise\/\",\"name\":\"Hotel Siena Preise - Hotel Italia\",\"isPartOf\":{\"@id\":\"https:\/\/www.hotelitalia-siena.it\/#website\"},\"datePublished\":\"2015-07-03T09:13:26+00:00\",\"dateModified\":\"2015-12-28T18:24:02+00:00\",\"description\":\"Sie m\u00f6chten den Preis f\u00fcr einen Aufenthalt im Hotel Italia erfahren? Entdecken Sie die \u00dcbernachtungspreise unseres Hotels in der N\u00e4he der Altstadt Sienas.\",\"breadcrumb\":{\"@id\":\"https:\/\/www.hotelitalia-siena.it\/de\/preise\/#breadcrumb\"},\"inLanguage\":\"de\",\"potentialAction\":[{\"@type\":\"ReadAction\",\"target\":[\"https:\/\/www.hotelitalia-siena.it\/de\/preise\/\"]}]},{\"@type\":\"BreadcrumbList\",\"@id\":\"https:\/\/www.hotelitalia-siena.it\/de\/preise\/#breadcrumb\",\"itemListElement\":[{\"@type\":\"ListItem\",\"position\":1,\"name\":\"Hotel Italia\",\"item\":\"https:\/\/www.hotelitalia-siena.it\/de\/\"},{\"@type\":\"ListItem\",\"position\":2,\"name\":\"Preise\"}]},{\"@type\":\"WebSite\",\"@id\":\"https:\/\/www.hotelitalia-siena.it\/#website\",\"url\":\"https:\/\/www.hotelitalia-siena.it\/\",\"name\":\"Hotel Italia Siena\",\"description\":\"Nur eine weitere Wordpress Seite\",\"publisher\":{\"@id\":\"https:\/\/www.hotelitalia-siena.it\/#organization\"},\"potentialAction\":[{\"@type\":\"SearchAction\",\"target\":{\"@type\":\"EntryPoint\",\"urlTemplate\":\"https:\/\/www.hotelitalia-siena.it\/?s={search_term_string}\"},\"query-input\":\"required name=search_term_string\"}],\"inLanguage\":\"de\"},{\"@type\":\"Organization\",\"@id\":\"https:\/\/www.hotelitalia-siena.it\/#organization\",\"name\":\"Hotel Italia SpA\",\"url\":\"https:\/\/www.hotelitalia-siena.it\/\",\"logo\":{\"@type\":\"ImageObject\",\"inLanguage\":\"de\",\"@id\":\"https:\/\/www.hotelitalia-siena.it\/#\/schema\/logo\/image\/\",\"url\":\"https:\/\/www.hotelitalia-siena.it\/wp-content\/uploads\/2018\/04\/hotel-italia-siena-logo.png\",\"contentUrl\":\"https:\/\/www.hotelitalia-siena.it\/wp-content\/uploads\/2018\/04\/hotel-italia-siena-logo.png\",\"width\":147,\"height\":102,\"caption\":\"Hotel Italia SpA\"},\"image\":{\"@id\":\"https:\/\/www.hotelitalia-siena.it\/#\/schema\/logo\/image\/\"},\"sameAs\":[\"https:\/\/www.facebook.com\/hotelitaliasiena\/\"]}]}<\/script>\n<!-- \/ Yoast SEO plugin. -->","yoast_head_json":{"title":"Hotel Siena Preise - Hotel Italia","description":"Sie m\u00f6chten den Preis f\u00fcr einen Aufenthalt im Hotel Italia erfahren? Entdecken Sie die \u00dcbernachtungspreise unseres Hotels in der N\u00e4he der Altstadt Sienas.","robots":{"index":"index","follow":"follow","max-snippet":"max-snippet:-1","max-image-preview":"max-image-preview:large","max-video-preview":"max-video-preview:-1"},"canonical":"https:\/\/www.hotelitalia-siena.it\/de\/preise\/","og_locale":"de_DE","og_type":"article","og_title":"Hotel Siena Preise - Hotel Italia","og_description":"Sie m\u00f6chten den Preis f\u00fcr einen Aufenthalt im Hotel Italia erfahren? Entdecken Sie die \u00dcbernachtungspreise unseres Hotels in der N\u00e4he der Altstadt Sienas.","og_url":"https:\/\/www.hotelitalia-siena.it\/de\/preise\/","og_site_name":"Hotel Italia Siena","article_publisher":"https:\/\/www.facebook.com\/hotelitaliasiena\/","article_modified_time":"2015-12-28T18:24:02+00:00","og_image":[{"width":2000,"height":705,"url":"https:\/\/www.hotelitalia-siena.it\/wp-content\/uploads\/2015\/01\/header-privacy-policy.jpg","type":"image\/jpeg"}],"twitter_misc":{"Gesch\u00e4tzte Lesezeit":"2\u00a0Minuten"},"schema":{"@context":"https:\/\/schema.org","@graph":[{"@type":"WebPage","@id":"https:\/\/www.hotelitalia-siena.it\/de\/preise\/","url":"https:\/\/www.hotelitalia-siena.it\/de\/preise\/","name":"Hotel Siena Preise - Hotel Italia","isPartOf":{"@id":"https:\/\/www.hotelitalia-siena.it\/#website"},"datePublished":"2015-07-03T09:13:26+00:00","dateModified":"2015-12-28T18:24:02+00:00","description":"Sie m\u00f6chten den Preis f\u00fcr einen Aufenthalt im Hotel Italia erfahren? Entdecken Sie die \u00dcbernachtungspreise unseres Hotels in der N\u00e4he der Altstadt Sienas.","breadcrumb":{"@id":"https:\/\/www.hotelitalia-siena.it\/de\/preise\/#breadcrumb"},"inLanguage":"de","potentialAction":[{"@type":"ReadAction","target":["https:\/\/www.hotelitalia-siena.it\/de\/preise\/"]}]},{"@type":"BreadcrumbList","@id":"https:\/\/www.hotelitalia-siena.it\/de\/preise\/#breadcrumb","itemListElement":[{"@type":"ListItem","position":1,"name":"Hotel Italia","item":"https:\/\/www.hotelitalia-siena.it\/de\/"},{"@type":"ListItem","position":2,"name":"Preise"}]},{"@type":"WebSite","@id":"https:\/\/www.hotelitalia-siena.it\/#website","url":"https:\/\/www.hotelitalia-siena.it\/","name":"Hotel Italia Siena","description":"Nur eine weitere Wordpress Seite","publisher":{"@id":"https:\/\/www.hotelitalia-siena.it\/#organization"},"potentialAction":[{"@type":"SearchAction","target":{"@type":"EntryPoint","urlTemplate":"https:\/\/www.hotelitalia-siena.it\/?s={search_term_string}"},"query-input":"required name=search_term_string"}],"inLanguage":"de"},{"@type":"Organization","@id":"https:\/\/www.hotelitalia-siena.it\/#organization","name":"Hotel Italia SpA","url":"https:\/\/www.hotelitalia-siena.it\/","logo":{"@type":"ImageObject","inLanguage":"de","@id":"https:\/\/www.hotelitalia-siena.it\/#\/schema\/logo\/image\/","url":"https:\/\/www.hotelitalia-siena.it\/wp-content\/uploads\/2018\/04\/hotel-italia-siena-logo.png","contentUrl":"https:\/\/www.hotelitalia-siena.it\/wp-content\/uploads\/2018\/04\/hotel-italia-siena-logo.png","width":147,"height":102,"caption":"Hotel Italia SpA"},"image":{"@id":"https:\/\/www.hotelitalia-siena.it\/#\/schema\/logo\/image\/"},"sameAs":["https:\/\/www.facebook.com\/hotelitaliasiena\/"]}]}},"_links":{"self":[{"href":"https:\/\/www.hotelitalia-siena.it\/de\/wp-json\/wp\/v2\/pages\/4435"}],"collection":[{"href":"https:\/\/www.hotelitalia-siena.it\/de\/wp-json\/wp\/v2\/pages"}],"about":[{"href":"https:\/\/www.hotelitalia-siena.it\/de\/wp-json\/wp\/v2\/types\/page"}],"author":[{"embeddable":true,"href":"https:\/\/www.hotelitalia-siena.it\/de\/wp-json\/wp\/v2\/users\/1"}],"replies":[{"embeddable":true,"href":"https:\/\/www.hotelitalia-siena.it\/de\/wp-json\/wp\/v2\/comments?post=4435"}],"version-history":[{"count":0,"href":"https:\/\/www.hotelitalia-siena.it\/de\/wp-json\/wp\/v2\/pages\/4435\/revisions"}],"wp:attachment":[{"href":"https:\/\/www.hotelitalia-siena.it\/de\/wp-json\/wp\/v2\/media?parent=4435"}],"curies":[{"name":"wp","href":"https:\/\/api.w.org\/{rel}","templated":true}]}}