{"id":4423,"date":"2015-07-03T09:12:42","date_gmt":"2015-07-03T09:12:42","guid":{"rendered":"http:\/\/local.hotelitalia-siena.it\/?page_id=4423"},"modified":"2017-06-22T14:34:45","modified_gmt":"2017-06-22T14:34:45","slug":"anreise","status":"publish","type":"page","link":"https:\/\/www.hotelitalia-siena.it\/de\/anreise\/","title":{"rendered":"Anreise"},"content":{"rendered":"<p>[et_pb_section bb_built=&#8221;1&#8243; admin_label=&#8221;section&#8221; fullwidth=&#8221;on&#8221; specialty=&#8221;off&#8221; transparent_background=&#8221;off&#8221; background_color=&#8221;#ffffff&#8221; inner_shadow=&#8221;off&#8221; parallax=&#8221;off&#8221; parallax_method=&#8221;off&#8221; module_class=&#8221;home_header_slide&#8221;][et_pb_fullwidth_slider admin_label=&#8221;Fullwidth Slider&#8221; show_arrows=&#8221;off&#8221; show_pagination=&#8221;off&#8221; auto=&#8221;off&#8221; parallax=&#8221;off&#8221; parallax_method=&#8221;off&#8221;]<\/p>\n<p>[et_pb_slide background_image=&#8221;https:\/\/www.hotelitalia-siena.it\/wp-content\/uploads\/2015\/07\/MG_6299.jpg&#8221; background_color=&#8221;#ffffff&#8221; alignment=&#8221;center&#8221; background_layout=&#8221;dark&#8221; \/]<\/p>\n<p>[\/et_pb_fullwidth_slider][\/et_pb_section][et_pb_section bb_built=&#8221;1&#8243; admin_label=&#8221;section&#8221; fullwidth=&#8221;off&#8221; specialty=&#8221;off&#8221; transparent_background=&#8221;off&#8221; background_color=&#8221;#ffffff&#8221; inner_shadow=&#8221;off&#8221; parallax=&#8221;off&#8221; parallax_method=&#8221;off&#8221; module_id=&#8221;h-booking_container&#8221;][et_pb_row admin_label=&#8221;row&#8221; background_position=&#8221;top_left&#8221; background_repeat=&#8221;repeat&#8221; background_size=&#8221;initial&#8221;][et_pb_column type=&#8221;4_4&#8243;][et_pb_sidebar admin_label=&#8221;Sidebar&#8221; orientation=&#8221;left&#8221; area=&#8221;et_pb_widget_area_1&#8243; background_layout=&#8221;light&#8221; \/][\/et_pb_column][\/et_pb_row][\/et_pb_section][et_pb_section bb_built=&#8221;1&#8243; admin_label=&#8221;section&#8221; fullwidth=&#8221;off&#8221; specialty=&#8221;off&#8221; transparent_background=&#8221;off&#8221; background_color=&#8221;#ffffff&#8221; inner_shadow=&#8221;off&#8221; parallax=&#8221;off&#8221; parallax_method=&#8221;off&#8221; module_class=&#8221;room_block&#8221;][et_pb_row admin_label=&#8221;row&#8221; background_position=&#8221;top_left&#8221; background_repeat=&#8221;repeat&#8221; background_size=&#8221;initial&#8221;][et_pb_column type=&#8221;4_4&#8243;][et_pb_map admin_label=&#8221;Mappa&#8221; address=&#8221;Viale Camillo Benso Cavour, 63, 53100 Siena SI, Italia&#8221; address_lat=&#8221;43.329913294517645&#8243; address_lng=&#8221;11.320197242397274&#8243; mouse_wheel=&#8221;on&#8221; use_grayscale_filter=&#8221;off&#8221; zoom_level=&#8221;13&#8243; mobile_dragging=&#8221;on&#8221; grayscale_filter_amount=&#8221;0&#8243;]<\/p>\n<p>[et_pb_map_pin title=&#8221;Hotel italia&#8221; pin_address=&#8221;Viale Camillo Benso di Cavour, 67, 53100 Siena SI, Italia&#8221; pin_address_lat=&#8221;43.329659912023324&#8243; pin_address_lng=&#8221;11.319682928818679&#8243;]<\/p>\n<p>[\/et_pb_map_pin]<\/p>\n<p>[\/et_pb_map][et_pb_text admin_label=&#8221;indicazioni&#8221; background_layout=&#8221;light&#8221; text_orientation=&#8221;left&#8221; border_style=&#8221;solid&#8221; _builder_version=&#8221;3.0.51&#8243; module_class=&#8221;ind_str_wrap&#8221;]<\/p>\n<p><a class=\"ind_str\" href=\"https:\/\/www.google.it\/maps\/dir\/\/Viale+Camillo+Benso+di+Cavour,+63,+53100+Siena+SI\/@43.3297321,11.3175875,17z\/data=!4m16!1m7!3m6!1s0x132a2ce9e54eb32b:0xd2e90fab20b4a2a7!2sViale+Camillo+Benso+di+Cavour,+63,+53100+Siena+SI!3b1!8m2!3d43.3297282!4d11.3197815!4m7!1m0!1m5!1m1!1s0x132a2ce9e54eb32b:0xd2e90fab20b4a2a7!2m2!1d11.3197815!2d43.3297282\" target=\"_blank\" data-icon=\"9\">Anfahrtsbeschreibung <span>&gt;&gt;<\/span><\/a><\/p>\n<p>[\/et_pb_text][et_pb_text admin_label=&#8221;Text&#8221; background_layout=&#8221;light&#8221; text_orientation=&#8221;left&#8221; use_border_color=&#8221;off&#8221; border_color=&#8221;#ffffff&#8221; border_style=&#8221;solid&#8221; background_position=&#8221;top_left&#8221; background_repeat=&#8221;repeat&#8221; background_size=&#8221;initial&#8221;]<\/p>\n<h2>Anreise<\/h2>\n<p>GPS-Koordinaten<br \/>\nLat\u00a043.33011018947045<br \/>\nLon\u00a011.31965160369873<\/p>\n<p><strong>Mit dem Auto<\/strong><\/p>\n<p>Aus Norden: Fahren Sie auf der Autobahn A1 in \u201eFirenze Impruneta\u201c ab und folgen Sie den Schildern nach Siena (Auffahrt 4 Schnellstra\u00dfe Florenz-Siena 50 km). Nehmen Sie die Ausfahrt \u201eSiena Nord\u201c, biegen Sie rechts ab und folgen Sie den Schildern Richtung \u201eCentro\u201c (Zentrum), \u201eStadio\u201c (Stadion) und \u201eFortezza\u201c (Festung) \u00fcber die Via Fiorentina. Wir befinden uns auf der H\u00f6he der dritten Ampel auf der rechten Seiten<\/p>\n<p>Aus S\u00fcden: Fahren Sie auf der Autobahn A1 in \u201eValdichiana\u201c ab und folgen Sie den Schildern nach Siena (Auffahrt 4 Schnellstra\u00dfe Bettolle-Siena 50 km). In der N\u00e4he von Siena nehmen Sie die Umgehungsstra\u00dfe in Richtung \u201eFirenze\u201c (Florenz) und nehmen Sie die Ausfahrt \u201eSiena Nord\u201c. Biegen Sie dann rechts ab und folgen Sie den Schildern Richtung \u201eCentro\u201c (Zentrum), \u201eStadio\u201c (Stadion) und \u201eFortezza\u201c (Festung) \u00fcber die Via Fiorentina. Wir befinden uns auf der H\u00f6he der dritten Ampel auf der rechten Seiten<\/p>\n<p><strong>Mit dem Zug<\/strong><\/p>\n<p>Aus Norden: Nehmen Sie die Eisenbahnlinie Florenz \u2013 Siena oder Pisa \u2013 Florenz \u2013 Siena<\/p>\n<p>Aus S\u00fcden: Nehmen Sie die Eisenbahnlinie Rom \u2013 Chiusi Chianciano Terme \u2013 Siena<\/p>\n<p>Nachdem Sie aus dem Zug ausgestiegen sind, gehen Sie in Richtung des Einkaufszentrums Porta Siena und nehmen Sie die langen Rolltreppen, die Sie zum Stadttor Porta Camollia bringen. Gehen Sie hinaus, biegen Sie rechts ab, und nach etwa 100\u00a0Metern sehen Sie das Hotel auf der linken Seite<\/p>\n<p>Alternativ dazu k\u00f6nnen Sie ein Taxi (eine Fahrt kostet etwa 7\u00a0Euro) oder den Bus Nr. 9 oder 10 nehmen<\/p>\n<p><strong>Mit dem Flugzeug<\/strong><\/p>\n<p>Siena kann \u00fcber die folgenden internationalen Flugh\u00e4fen erreicht werden:<\/p>\n<p>Rom\u00a0Fiumicino\u00a0in 230\u00a0km Entfernung (www.adr.it)<\/p>\n<p>Vom Flughafen in Rom gelangen Sie mit einem Schnellzug zum Zug- und Busbahnhof \u201eRoma Tiburtina\u201c. Von dort erreichen Sie Siena entweder per Zug oder mit den Bussen der Gesellschaft \u201eSena\u201c (www.sena.it)<\/p>\n<p>Pisa Galileo Galilei in 150\u00a0km Entfernung (www.pisa-airport.com)<\/p>\n<p>Vom Flughafen Pisa erreichen Sie Siena mit den Bussen der Gesellschaft \u201eTIEMME Spa\u201c (www.trainspa.it) oder per Zug Flughafen.<\/p>\n<p>Florenz in 70 km Entfernung (www.aeroporto.firenze.it)<\/p>\n<p>Vom Flughafen Florenz bringt Sie ein Express-Shuttle zum Busbahnhof der Gesellschaft \u201eSita\u201c im Zentrum Florenz mit den Linien von \u201eSita\u201c (www.sitabus.it) oder \u201eAtaf\u201c (www.ataf.net\u00a0)<\/p>\n<p>Von dort k\u00f6nnen Sie einen Bus (www.sitabus.it) Richtung \u201eSiena Centro\u201c oder einen Zug (www.trenitalia.it) nehmen<\/p>\n<p>[\/et_pb_text][\/et_pb_column][\/et_pb_row][et_pb_row admin_label=&#8221;row&#8221; background_position=&#8221;top_left&#8221; background_repeat=&#8221;repeat&#8221; background_size=&#8221;initial&#8221;][et_pb_column type=&#8221;4_4&#8243;][et_pb_gallery admin_label=&#8221;Gallery&#8221; gallery_ids=&#8221;527,469,465,463&#8243; fullwidth=&#8221;off&#8221; posts_number=&#8221;4&#8243; show_title_and_caption=&#8221;on&#8221; show_pagination=&#8221;off&#8221; background_layout=&#8221;light&#8221; \/][\/et_pb_column][\/et_pb_row][et_pb_row admin_label=&#8221;row&#8221; background_position=&#8221;top_left&#8221; background_repeat=&#8221;repeat&#8221; background_size=&#8221;initial&#8221;][et_pb_column type=&#8221;4_4&#8243;][et_pb_text admin_label=&#8221;Text&#8221; background_layout=&#8221;light&#8221; text_orientation=&#8221;left&#8221; background_position=&#8221;top_left&#8221; background_repeat=&#8221;repeat&#8221; background_size=&#8221;initial&#8221;]<\/p>\n<p>[\/et_pb_text][\/et_pb_column][\/et_pb_row][\/et_pb_section]<\/p>\n","protected":false},"excerpt":{"rendered":"<p>Anfahrtsbeschreibung &gt;&gt; Anreise GPS-Koordinaten Lat\u00a043.33011018947045 Lon\u00a011.31965160369873 Mit dem Auto Aus Norden: Fahren Sie auf der Autobahn A1 in \u201eFirenze Impruneta\u201c ab und folgen Sie den Schildern nach Siena (Auffahrt 4 Schnellstra\u00dfe Florenz-Siena 50 km). Nehmen Sie die Ausfahrt \u201eSiena Nord\u201c, biegen Sie rechts ab und folgen Sie den Schildern Richtung \u201eCentro\u201c (Zentrum), \u201eStadio\u201c (Stadion) und [&hellip;]<\/p>\n","protected":false},"author":1,"featured_media":0,"parent":0,"menu_order":0,"comment_status":"closed","ping_status":"closed","template":"","meta":{"_acf_changed":false,"_et_pb_use_builder":"on","_et_pb_old_content":"","_et_gb_content_width":"","footnotes":""},"acf":[],"yoast_head":"<!-- This site is optimized with the Yoast SEO plugin v23.0 - https:\/\/yoast.com\/wordpress\/plugins\/seo\/ -->\n<title>Anreise - Hotel Italia<\/title>\n<meta name=\"description\" content=\"Anreise zum Hotel Italia So erreichen Sie unser 3-Sterne-Hotel in der N\u00e4he der Altstadt von Siena mit dem Auto, Zug und anderen Verkehrsmitteln.\" \/>\n<meta name=\"robots\" content=\"index, follow, max-snippet:-1, max-image-preview:large, max-video-preview:-1\" \/>\n<link rel=\"canonical\" href=\"https:\/\/www.hotelitalia-siena.it\/de\/anreise\/\" \/>\n<meta property=\"og:locale\" content=\"de_DE\" \/>\n<meta property=\"og:type\" content=\"article\" \/>\n<meta property=\"og:title\" content=\"Anreise - Hotel Italia\" \/>\n<meta property=\"og:description\" content=\"Anreise zum Hotel Italia So erreichen Sie unser 3-Sterne-Hotel in der N\u00e4he der Altstadt von Siena mit dem Auto, Zug und anderen Verkehrsmitteln.\" \/>\n<meta property=\"og:url\" content=\"https:\/\/www.hotelitalia-siena.it\/de\/anreise\/\" \/>\n<meta property=\"og:site_name\" content=\"Hotel Italia Siena\" \/>\n<meta property=\"article:publisher\" content=\"https:\/\/www.facebook.com\/hotelitaliasiena\/\" \/>\n<meta property=\"article:modified_time\" content=\"2017-06-22T14:34:45+00:00\" \/>\n<meta property=\"og:image\" content=\"https:\/\/www.hotelitalia-siena.it\/wp-content\/uploads\/2015\/01\/header-privacy-policy.jpg\" \/>\n\t<meta property=\"og:image:width\" content=\"2000\" \/>\n\t<meta property=\"og:image:height\" content=\"705\" \/>\n\t<meta property=\"og:image:type\" content=\"image\/jpeg\" \/>\n<meta name=\"twitter:label1\" content=\"Gesch\u00e4tzte Lesezeit\" \/>\n\t<meta name=\"twitter:data1\" content=\"4\u00a0Minuten\" \/>\n<script type=\"application\/ld+json\" class=\"yoast-schema-graph\">{\"@context\":\"https:\/\/schema.org\",\"@graph\":[{\"@type\":\"WebPage\",\"@id\":\"https:\/\/www.hotelitalia-siena.it\/de\/anreise\/\",\"url\":\"https:\/\/www.hotelitalia-siena.it\/de\/anreise\/\",\"name\":\"Anreise - Hotel Italia\",\"isPartOf\":{\"@id\":\"https:\/\/www.hotelitalia-siena.it\/#website\"},\"datePublished\":\"2015-07-03T09:12:42+00:00\",\"dateModified\":\"2017-06-22T14:34:45+00:00\",\"description\":\"Anreise zum Hotel Italia So erreichen Sie unser 3-Sterne-Hotel in der N\u00e4he der Altstadt von Siena mit dem Auto, Zug und anderen Verkehrsmitteln.\",\"breadcrumb\":{\"@id\":\"https:\/\/www.hotelitalia-siena.it\/de\/anreise\/#breadcrumb\"},\"inLanguage\":\"de\",\"potentialAction\":[{\"@type\":\"ReadAction\",\"target\":[\"https:\/\/www.hotelitalia-siena.it\/de\/anreise\/\"]}]},{\"@type\":\"BreadcrumbList\",\"@id\":\"https:\/\/www.hotelitalia-siena.it\/de\/anreise\/#breadcrumb\",\"itemListElement\":[{\"@type\":\"ListItem\",\"position\":1,\"name\":\"Hotel Italia\",\"item\":\"https:\/\/www.hotelitalia-siena.it\/de\/\"},{\"@type\":\"ListItem\",\"position\":2,\"name\":\"Anreise\"}]},{\"@type\":\"WebSite\",\"@id\":\"https:\/\/www.hotelitalia-siena.it\/#website\",\"url\":\"https:\/\/www.hotelitalia-siena.it\/\",\"name\":\"Hotel Italia Siena\",\"description\":\"Nur eine weitere Wordpress Seite\",\"publisher\":{\"@id\":\"https:\/\/www.hotelitalia-siena.it\/#organization\"},\"potentialAction\":[{\"@type\":\"SearchAction\",\"target\":{\"@type\":\"EntryPoint\",\"urlTemplate\":\"https:\/\/www.hotelitalia-siena.it\/?s={search_term_string}\"},\"query-input\":\"required name=search_term_string\"}],\"inLanguage\":\"de\"},{\"@type\":\"Organization\",\"@id\":\"https:\/\/www.hotelitalia-siena.it\/#organization\",\"name\":\"Hotel Italia SpA\",\"url\":\"https:\/\/www.hotelitalia-siena.it\/\",\"logo\":{\"@type\":\"ImageObject\",\"inLanguage\":\"de\",\"@id\":\"https:\/\/www.hotelitalia-siena.it\/#\/schema\/logo\/image\/\",\"url\":\"https:\/\/www.hotelitalia-siena.it\/wp-content\/uploads\/2018\/04\/hotel-italia-siena-logo.png\",\"contentUrl\":\"https:\/\/www.hotelitalia-siena.it\/wp-content\/uploads\/2018\/04\/hotel-italia-siena-logo.png\",\"width\":147,\"height\":102,\"caption\":\"Hotel Italia SpA\"},\"image\":{\"@id\":\"https:\/\/www.hotelitalia-siena.it\/#\/schema\/logo\/image\/\"},\"sameAs\":[\"https:\/\/www.facebook.com\/hotelitaliasiena\/\"]}]}<\/script>\n<!-- \/ Yoast SEO plugin. -->","yoast_head_json":{"title":"Anreise - Hotel Italia","description":"Anreise zum Hotel Italia So erreichen Sie unser 3-Sterne-Hotel in der N\u00e4he der Altstadt von Siena mit dem Auto, Zug und anderen Verkehrsmitteln.","robots":{"index":"index","follow":"follow","max-snippet":"max-snippet:-1","max-image-preview":"max-image-preview:large","max-video-preview":"max-video-preview:-1"},"canonical":"https:\/\/www.hotelitalia-siena.it\/de\/anreise\/","og_locale":"de_DE","og_type":"article","og_title":"Anreise - Hotel Italia","og_description":"Anreise zum Hotel Italia So erreichen Sie unser 3-Sterne-Hotel in der N\u00e4he der Altstadt von Siena mit dem Auto, Zug und anderen Verkehrsmitteln.","og_url":"https:\/\/www.hotelitalia-siena.it\/de\/anreise\/","og_site_name":"Hotel Italia Siena","article_publisher":"https:\/\/www.facebook.com\/hotelitaliasiena\/","article_modified_time":"2017-06-22T14:34:45+00:00","og_image":[{"width":2000,"height":705,"url":"https:\/\/www.hotelitalia-siena.it\/wp-content\/uploads\/2015\/01\/header-privacy-policy.jpg","type":"image\/jpeg"}],"twitter_misc":{"Gesch\u00e4tzte Lesezeit":"4\u00a0Minuten"},"schema":{"@context":"https:\/\/schema.org","@graph":[{"@type":"WebPage","@id":"https:\/\/www.hotelitalia-siena.it\/de\/anreise\/","url":"https:\/\/www.hotelitalia-siena.it\/de\/anreise\/","name":"Anreise - Hotel Italia","isPartOf":{"@id":"https:\/\/www.hotelitalia-siena.it\/#website"},"datePublished":"2015-07-03T09:12:42+00:00","dateModified":"2017-06-22T14:34:45+00:00","description":"Anreise zum Hotel Italia So erreichen Sie unser 3-Sterne-Hotel in der N\u00e4he der Altstadt von Siena mit dem Auto, Zug und anderen Verkehrsmitteln.","breadcrumb":{"@id":"https:\/\/www.hotelitalia-siena.it\/de\/anreise\/#breadcrumb"},"inLanguage":"de","potentialAction":[{"@type":"ReadAction","target":["https:\/\/www.hotelitalia-siena.it\/de\/anreise\/"]}]},{"@type":"BreadcrumbList","@id":"https:\/\/www.hotelitalia-siena.it\/de\/anreise\/#breadcrumb","itemListElement":[{"@type":"ListItem","position":1,"name":"Hotel Italia","item":"https:\/\/www.hotelitalia-siena.it\/de\/"},{"@type":"ListItem","position":2,"name":"Anreise"}]},{"@type":"WebSite","@id":"https:\/\/www.hotelitalia-siena.it\/#website","url":"https:\/\/www.hotelitalia-siena.it\/","name":"Hotel Italia Siena","description":"Nur eine weitere Wordpress Seite","publisher":{"@id":"https:\/\/www.hotelitalia-siena.it\/#organization"},"potentialAction":[{"@type":"SearchAction","target":{"@type":"EntryPoint","urlTemplate":"https:\/\/www.hotelitalia-siena.it\/?s={search_term_string}"},"query-input":"required name=search_term_string"}],"inLanguage":"de"},{"@type":"Organization","@id":"https:\/\/www.hotelitalia-siena.it\/#organization","name":"Hotel Italia SpA","url":"https:\/\/www.hotelitalia-siena.it\/","logo":{"@type":"ImageObject","inLanguage":"de","@id":"https:\/\/www.hotelitalia-siena.it\/#\/schema\/logo\/image\/","url":"https:\/\/www.hotelitalia-siena.it\/wp-content\/uploads\/2018\/04\/hotel-italia-siena-logo.png","contentUrl":"https:\/\/www.hotelitalia-siena.it\/wp-content\/uploads\/2018\/04\/hotel-italia-siena-logo.png","width":147,"height":102,"caption":"Hotel Italia SpA"},"image":{"@id":"https:\/\/www.hotelitalia-siena.it\/#\/schema\/logo\/image\/"},"sameAs":["https:\/\/www.facebook.com\/hotelitaliasiena\/"]}]}},"_links":{"self":[{"href":"https:\/\/www.hotelitalia-siena.it\/de\/wp-json\/wp\/v2\/pages\/4423"}],"collection":[{"href":"https:\/\/www.hotelitalia-siena.it\/de\/wp-json\/wp\/v2\/pages"}],"about":[{"href":"https:\/\/www.hotelitalia-siena.it\/de\/wp-json\/wp\/v2\/types\/page"}],"author":[{"embeddable":true,"href":"https:\/\/www.hotelitalia-siena.it\/de\/wp-json\/wp\/v2\/users\/1"}],"replies":[{"embeddable":true,"href":"https:\/\/www.hotelitalia-siena.it\/de\/wp-json\/wp\/v2\/comments?post=4423"}],"version-history":[{"count":0,"href":"https:\/\/www.hotelitalia-siena.it\/de\/wp-json\/wp\/v2\/pages\/4423\/revisions"}],"wp:attachment":[{"href":"https:\/\/www.hotelitalia-siena.it\/de\/wp-json\/wp\/v2\/media?parent=4423"}],"curies":[{"name":"wp","href":"https:\/\/api.w.org\/{rel}","templated":true}]}}