{"id":1409,"date":"2015-04-09T20:04:04","date_gmt":"2015-04-09T20:04:04","guid":{"rendered":"http:\/\/newsite.gardenhotel.it\/hotel-2\/"},"modified":"2025-09-15T08:18:29","modified_gmt":"2025-09-15T08:18:29","slug":"hotel","status":"publish","type":"page","link":"https:\/\/www.hotelitalia-siena.it\/de\/hotel\/","title":{"rendered":"Hotel"},"content":{"rendered":"<p>[et_pb_section fb_built=&#8221;1&#8243; fullwidth=&#8221;on&#8221; module_class=&#8221;home_header_slide&#8221; _builder_version=&#8221;4.16&#8243; background_color=&#8221;#ffffff&#8221; transparent_background=&#8221;off&#8221; global_colors_info=&#8221;{}&#8221;][et_pb_fullwidth_slider show_arrows=&#8221;off&#8221; show_pagination=&#8221;off&#8221; admin_label=&#8221;Fullwidth Slider&#8221; _builder_version=&#8221;4.16&#8243; custom_padding=&#8221;|||&#8221; custom_padding_tablet=&#8221;|||&#8221; custom_padding_phone=&#8221;|||&#8221; box_shadow_style=&#8221;preset6&#8243; box_shadow_blur=&#8221;10px&#8221; box_shadow_color=&#8221;rgba(0,0,0,0.1)&#8221; show_inner_shadow=&#8221;on&#8221; global_colors_info=&#8221;{}&#8221; button_text_size__hover_enabled=&#8221;off&#8221; button_one_text_size__hover_enabled=&#8221;off&#8221; button_two_text_size__hover_enabled=&#8221;off&#8221; button_text_color__hover_enabled=&#8221;off&#8221; button_one_text_color__hover_enabled=&#8221;off&#8221; button_two_text_color__hover_enabled=&#8221;off&#8221; button_border_width__hover_enabled=&#8221;off&#8221; button_one_border_width__hover_enabled=&#8221;off&#8221; button_two_border_width__hover_enabled=&#8221;off&#8221; button_border_color__hover_enabled=&#8221;off&#8221; button_one_border_color__hover_enabled=&#8221;off&#8221; button_two_border_color__hover_enabled=&#8221;off&#8221; button_border_radius__hover_enabled=&#8221;off&#8221; button_one_border_radius__hover_enabled=&#8221;off&#8221; button_two_border_radius__hover_enabled=&#8221;off&#8221; button_letter_spacing__hover_enabled=&#8221;off&#8221; button_one_letter_spacing__hover_enabled=&#8221;off&#8221; button_two_letter_spacing__hover_enabled=&#8221;off&#8221; button_bg_color__hover_enabled=&#8221;off&#8221; button_one_bg_color__hover_enabled=&#8221;off&#8221; button_two_bg_color__hover_enabled=&#8221;off&#8221;][et_pb_slide _builder_version=&#8221;4.16&#8243; background_color=&#8221;#ffffff&#8221; background_image=&#8221;https:\/\/www.hotelitalia-siena.it\/wp-content\/uploads\/2014\/10\/hotel.jpg&#8221; global_colors_info=&#8221;{}&#8221; sticky_transition=&#8221;on&#8221; button_text_size__hover_enabled=&#8221;off&#8221; button_one_text_size__hover_enabled=&#8221;off&#8221; button_two_text_size__hover_enabled=&#8221;off&#8221; button_text_color__hover_enabled=&#8221;off&#8221; button_one_text_color__hover_enabled=&#8221;off&#8221; button_two_text_color__hover_enabled=&#8221;off&#8221; button_border_width__hover_enabled=&#8221;off&#8221; button_one_border_width__hover_enabled=&#8221;off&#8221; button_two_border_width__hover_enabled=&#8221;off&#8221; button_border_color__hover_enabled=&#8221;off&#8221; button_one_border_color__hover_enabled=&#8221;off&#8221; button_two_border_color__hover_enabled=&#8221;off&#8221; button_border_radius__hover_enabled=&#8221;off&#8221; button_one_border_radius__hover_enabled=&#8221;off&#8221; button_two_border_radius__hover_enabled=&#8221;off&#8221; button_letter_spacing__hover_enabled=&#8221;off&#8221; button_one_letter_spacing__hover_enabled=&#8221;off&#8221; button_two_letter_spacing__hover_enabled=&#8221;off&#8221; button_bg_color__hover_enabled=&#8221;off&#8221; button_one_bg_color__hover_enabled=&#8221;off&#8221; button_two_bg_color__hover_enabled=&#8221;off&#8221;][\/et_pb_slide][\/et_pb_fullwidth_slider][\/et_pb_section][et_pb_section fb_built=&#8221;1&#8243; module_id=&#8221;h-booking_container&#8221; _builder_version=&#8221;4.16&#8243; background_color=&#8221;#ffffff&#8221; transparent_background=&#8221;off&#8221; global_colors_info=&#8221;{}&#8221;][et_pb_row _builder_version=&#8221;4.16&#8243; background_size=&#8221;initial&#8221; background_position=&#8221;top_left&#8221; background_repeat=&#8221;repeat&#8221; global_colors_info=&#8221;{}&#8221;][et_pb_column type=&#8221;4_4&#8243; _builder_version=&#8221;4.16&#8243; custom_padding=&#8221;|||&#8221; global_colors_info=&#8221;{}&#8221; custom_padding__hover=&#8221;|||&#8221;][et_pb_sidebar area=&#8221;et_pb_widget_area_1&#8243; admin_label=&#8221;Sidebar&#8221; _builder_version=&#8221;4.16&#8243; global_colors_info=&#8221;{}&#8221;][\/et_pb_sidebar][\/et_pb_column][\/et_pb_row][\/et_pb_section][et_pb_section fb_built=&#8221;1&#8243; module_class=&#8221;room_block&#8221; _builder_version=&#8221;4.16&#8243; background_color=&#8221;#ffffff&#8221; transparent_background=&#8221;off&#8221; global_colors_info=&#8221;{}&#8221;][et_pb_row _builder_version=&#8221;4.16&#8243; background_size=&#8221;initial&#8221; background_position=&#8221;top_left&#8221; background_repeat=&#8221;repeat&#8221; global_colors_info=&#8221;{}&#8221;][et_pb_column type=&#8221;4_4&#8243; _builder_version=&#8221;4.16&#8243; custom_padding=&#8221;|||&#8221; global_colors_info=&#8221;{}&#8221; custom_padding__hover=&#8221;|||&#8221;][et_pb_text admin_label=&#8221;Text&#8221; _builder_version=&#8221;4.23.4&#8243; background_size=&#8221;initial&#8221; background_position=&#8221;top_left&#8221; background_repeat=&#8221;repeat&#8221; hover_enabled=&#8221;0&#8243; global_colors_info=&#8221;{}&#8221; sticky_enabled=&#8221;0&#8243;]<\/p>\n<h2>Hotel<\/h2>\n<p>Das Hotel Italia ist ein\u00a0<strong>3-Sterne-Hotel in Siena<\/strong>, das zur Hotelgruppe\u00a0<strong>Siena Inns<\/strong> geh\u00f6rt. Eigent\u00fcmer ist die sienesische Familie\u00a0<strong>Stasi<\/strong>, die sich bereits in der dritten Generationen der Hotellerie und Gastfreundschaft widmet. Der Palazzo ist ein historisches Geb\u00e4ude, das in der zweiten H\u00e4lfte des 20.\u00a0Jahrhunderts von einem Wohnhaus in ein Hotel umgewandelt wurde.<\/p>\n<p>Seitdem ist das Hotel Italia ein 3-Sterne-Hotel in Siena, das eine qualitativ hochwertige Unterkunft f\u00fcr einen unvergesslichen Aufenthalt in der Stadt bietet. Daf\u00fcr sorgen u. a. seine privilegierte Lage, kontinuierliche Renovierungsarbeiten f\u00fcr einen stets aktuellen Service und seine einmalige Gastfreundschaft. Ganz gleich, was der Anlass f\u00fcr ihren Besuch ist: Bei uns erwartet Sie nur das Beste.<\/p>\n<p>Bei den letzten Renovierungsma\u00dfnahmen im Jahr 2013 wurden Hall, Rezeption, Fr\u00fchst\u00fccksraum, Lobby und Bar so verwandelt, dass sie dem Hotel Italia ein neues Gesicht und einen Hauch von Originalit\u00e4t im Gleichgewicht zwischen Vergangenheit und Gegenwart verliehen haben.<\/p>\n<p><strong>\u00a0<\/strong><\/p>\n<p><strong>Hall und Bar<\/strong><\/p>\n<p>F\u00fcr unsere Hall und unsere Bar haben wir helle Farben, einen Parkettboden in Feinsteinoptik, viele Lampen und wundersch\u00f6ne antike Kronleuchter gew\u00e4hlt und als Hauptthema das Dolce Vita und die Diven Hollywoods verwendet.<br \/>\nDeshalb finden Sie hier zahlreiche Schwarz-Wei\u00df-Fotos, denen wir mit etwas Farbe neues Leben eingehaucht haben, wie bei dem dreiteiligen Bild an der Rezeption, das die Schauspieler von einst auf der legend\u00e4ren Vespa\u00a050 zeigt: Gr\u00fcn f\u00fcr Vittorio Gassman, Wei\u00df f\u00fcr die gro\u00dfartige \u201eLollo\u201c und Rot f\u00fcr die zauberhafte Audrey Hepburn.<br \/>\nBequeme Sofas, ein gro\u00dfer Fernseher, eine B\u00fccherecke sowie viele Zeitschriften stehen Ihnen f\u00fcr einen Moment der Entspannung zur Verf\u00fcgung, w\u00e4hrend die Coffee Corner mit kostenfreiem amerikanischem Kaffee ihre Pausen versch\u00f6nern oder Wartezeiten verk\u00fcrzen wird.<br \/>\nDie kleine und h\u00fcbsche Bar ist von 10 bis 22\u00a0Uhr ge\u00f6ffnet. Hier servieren wir kalte und hei\u00dfe Getr\u00e4nke, Wein und Aperitifs.<\/p>\n<p><strong>Fr\u00fchst\u00fccksraum<\/strong><\/p>\n<p>Den Fr\u00fchst\u00fccksraum hingegen zieren Drucke alter Werbeplakate f\u00fcr Lebensmittel\u00a0\u2026 eine Reise in die Vergangenheit, auf der Sie in Erinnerungen schwelgen k\u00f6nnen. Wie k\u00f6nnte man Herrn Bonaventura der Barilla-Pasta oder den Weihnachtsmann von Coca Cola vergessen?<\/p>\n<p>Aus den Lautsprechern ert\u00f6nt Musik, die Ihre Momente der Entspannung begleiten wird \u2013 vom Fr\u00fchst\u00fcck am Morgen bis hin zum Abend, wenn Sie bei Ihrer R\u00fcckkehr ins Hotel einen ausgezeichneten amerikanischen Kaffee in der Coffee Corner neben der Bar genie\u00dfen, die unseren G\u00e4sten kostenfrei und rund um die Uhr zur Verf\u00fcgung steht.<\/p>\n<p>Und auch unsere \u201eBegr\u00fc\u00dfungs\u00e4pfel\u201c, die Sie stets frisch auf der Anrichte vor der Rezeption erwarten, werden Ihnen hoffentlich den Tag vers\u00fc\u00dfen.<\/p>\n<p>Suchen Sie nicht weiter, sondern buchen Sie jetzt: Das Hotel Italia ist ganz sicher die beste Wahl!<br \/>\n[\/et_pb_text][\/et_pb_column][\/et_pb_row][et_pb_row _builder_version=&#8221;4.16&#8243; background_size=&#8221;initial&#8221; background_position=&#8221;top_left&#8221; background_repeat=&#8221;repeat&#8221; global_colors_info=&#8221;{}&#8221;][et_pb_column type=&#8221;4_4&#8243; _builder_version=&#8221;4.16&#8243; custom_padding=&#8221;|||&#8221; global_colors_info=&#8221;{}&#8221; custom_padding__hover=&#8221;|||&#8221;][et_pb_gallery gallery_ids=&#8221;5216,5234,5222,5228,5210,4952,5487,5090&#8243; posts_number=&#8221;8&#8243; show_pagination=&#8221;off&#8221; admin_label=&#8221;Gallery&#8221; _builder_version=&#8221;4.16&#8243; global_colors_info=&#8221;{}&#8221;][\/et_pb_gallery][\/et_pb_column][\/et_pb_row][et_pb_row _builder_version=&#8221;4.16&#8243; background_size=&#8221;initial&#8221; background_position=&#8221;top_left&#8221; background_repeat=&#8221;repeat&#8221; global_colors_info=&#8221;{}&#8221;][et_pb_column type=&#8221;4_4&#8243; _builder_version=&#8221;4.16&#8243; custom_padding=&#8221;|||&#8221; global_colors_info=&#8221;{}&#8221; custom_padding__hover=&#8221;|||&#8221;][et_pb_text admin_label=&#8221;Text&#8221; _builder_version=&#8221;4.16&#8243; background_size=&#8221;initial&#8221; background_position=&#8221;top_left&#8221; background_repeat=&#8221;repeat&#8221; global_colors_info=&#8221;{}&#8221;][\/et_pb_text][\/et_pb_column][\/et_pb_row][\/et_pb_section]<\/p>\n","protected":false},"excerpt":{"rendered":"<p>Hotel Das Hotel Italia ist ein\u00a03-Sterne-Hotel in Siena, das zur Hotelgruppe\u00a0Siena Inns geh\u00f6rt. Eigent\u00fcmer ist die sienesische Familie\u00a0Stasi, die sich bereits in der dritten Generationen der Hotellerie und Gastfreundschaft widmet. Der Palazzo ist ein historisches Geb\u00e4ude, das in der zweiten H\u00e4lfte des 20.\u00a0Jahrhunderts von einem Wohnhaus in ein Hotel umgewandelt wurde. Seitdem ist das Hotel [&hellip;]<\/p>\n","protected":false},"author":1,"featured_media":0,"parent":0,"menu_order":0,"comment_status":"closed","ping_status":"closed","template":"","meta":{"_acf_changed":false,"_et_pb_use_builder":"on","_et_pb_old_content":"<p>Lorem ipsum dolor sit amet, consectetur adipiscing elit, sed do eiusmod tempor incididunt ut labore et dolore magna aliqua. Ut enim ad minim veniam, quis nostrud exercitation ullamco laboris nisi ut aliquip ex ea commodo consequat. Duis aute irure dolor in reprehenderit in voluptate velit esse cillum dolore eu fugiat nulla pariatur. Excepteur sint occaecat cupidatat non proident, sunt in culpa qui officia deserunt mollit anim id est laborum.<\/p><p>Lorem ipsum dolor sit amet, consectetur adipiscing elit, sed do eiusmod tempor incididunt ut labore et dolore magna aliqua. Ut enim ad minim veniam, quis nostrud exercitation ullamco laboris nisi ut aliquip ex ea commodo consequat. Duis aute irure dolor in reprehenderit in voluptate velit esse cillum dolore eu fugiat nulla pariatur. Excepteur sint occaecat cupidatat non proident, sunt in culpa qui officia deserunt mollit anim id est laborum.Lorem ipsum dolor sit amet, consectetur adipiscing elit, sed do eiusmod tempor incididunt ut labore et dolore magna aliqua. Ut enim ad minim veniam, quis nostrud exercitation ullamco laboris nisi ut aliquip ex ea commodo consequat. Duis aute irure dolor in reprehenderit in voluptate velit esse cillum dolore eu fugiat nulla pariatur. Excepteur sint occaecat cupidatat non proident, sunt in culpa qui officia deserunt mollit anim id est laborum.<br \/>Lorem ipsum dolor sit amet, consectetur adipiscing elit, sed do eiusmod tempor incididunt ut labore et dolore magna aliqua. Ut enim ad minim veniam, quis nostrud exercitation ullamco laboris nisi ut aliquip ex ea commodo consequat. Duis aute irure dolor in reprehenderit in voluptate velit esse cillum dolore eu fugiat nulla pariatur. Excepteur sint occaecat cupidatat non proident, sunt in culpa qui officia deserunt mollit anim id est laborum.<\/p><p>\u00a0<\/p>","_et_gb_content_width":"","footnotes":""},"acf":[],"yoast_head":"<!-- This site is optimized with the Yoast SEO plugin v23.0 - https:\/\/yoast.com\/wordpress\/plugins\/seo\/ -->\n<title>3-Sterne-Hotel Siena - Hotel Italia<\/title>\n<meta name=\"description\" content=\"Das Hotel Italia ist ein 3-Sterne-Hotel in Siena in der N\u00e4he der Altstadt, der Piazza del Campo sowie des sienesischen Zug- und Busbahnhofs.\" \/>\n<meta name=\"robots\" content=\"index, follow, max-snippet:-1, max-image-preview:large, max-video-preview:-1\" \/>\n<link rel=\"canonical\" href=\"https:\/\/www.hotelitalia-siena.it\/de\/hotel\/\" \/>\n<meta property=\"og:locale\" content=\"de_DE\" \/>\n<meta property=\"og:type\" content=\"article\" \/>\n<meta property=\"og:title\" content=\"3-Sterne-Hotel Siena - Hotel Italia\" \/>\n<meta property=\"og:description\" content=\"Das Hotel Italia ist ein 3-Sterne-Hotel in Siena in der N\u00e4he der Altstadt, der Piazza del Campo sowie des sienesischen Zug- und Busbahnhofs.\" \/>\n<meta property=\"og:url\" content=\"https:\/\/www.hotelitalia-siena.it\/de\/hotel\/\" \/>\n<meta property=\"og:site_name\" content=\"Hotel Italia Siena\" \/>\n<meta property=\"article:publisher\" content=\"https:\/\/www.facebook.com\/hotelitaliasiena\/\" \/>\n<meta property=\"article:modified_time\" content=\"2025-09-15T08:18:29+00:00\" \/>\n<meta property=\"og:image\" content=\"https:\/\/www.hotelitalia-siena.it\/wp-content\/uploads\/2015\/01\/header-privacy-policy.jpg\" \/>\n\t<meta property=\"og:image:width\" content=\"2000\" \/>\n\t<meta property=\"og:image:height\" content=\"705\" \/>\n\t<meta property=\"og:image:type\" content=\"image\/jpeg\" \/>\n<meta name=\"twitter:label1\" content=\"Gesch\u00e4tzte Lesezeit\" \/>\n\t<meta name=\"twitter:data1\" content=\"4\u00a0Minuten\" \/>\n<script type=\"application\/ld+json\" class=\"yoast-schema-graph\">{\"@context\":\"https:\/\/schema.org\",\"@graph\":[{\"@type\":\"WebPage\",\"@id\":\"https:\/\/www.hotelitalia-siena.it\/de\/hotel\/\",\"url\":\"https:\/\/www.hotelitalia-siena.it\/de\/hotel\/\",\"name\":\"3-Sterne-Hotel Siena - Hotel Italia\",\"isPartOf\":{\"@id\":\"https:\/\/www.hotelitalia-siena.it\/#website\"},\"datePublished\":\"2015-04-09T20:04:04+00:00\",\"dateModified\":\"2025-09-15T08:18:29+00:00\",\"description\":\"Das Hotel Italia ist ein 3-Sterne-Hotel in Siena in der N\u00e4he der Altstadt, der Piazza del Campo sowie des sienesischen Zug- und Busbahnhofs.\",\"breadcrumb\":{\"@id\":\"https:\/\/www.hotelitalia-siena.it\/de\/hotel\/#breadcrumb\"},\"inLanguage\":\"de\",\"potentialAction\":[{\"@type\":\"ReadAction\",\"target\":[\"https:\/\/www.hotelitalia-siena.it\/de\/hotel\/\"]}]},{\"@type\":\"BreadcrumbList\",\"@id\":\"https:\/\/www.hotelitalia-siena.it\/de\/hotel\/#breadcrumb\",\"itemListElement\":[{\"@type\":\"ListItem\",\"position\":1,\"name\":\"Hotel Italia\",\"item\":\"https:\/\/www.hotelitalia-siena.it\/de\/\"},{\"@type\":\"ListItem\",\"position\":2,\"name\":\"Hotel\"}]},{\"@type\":\"WebSite\",\"@id\":\"https:\/\/www.hotelitalia-siena.it\/#website\",\"url\":\"https:\/\/www.hotelitalia-siena.it\/\",\"name\":\"Hotel Italia Siena\",\"description\":\"Nur eine weitere Wordpress Seite\",\"publisher\":{\"@id\":\"https:\/\/www.hotelitalia-siena.it\/#organization\"},\"potentialAction\":[{\"@type\":\"SearchAction\",\"target\":{\"@type\":\"EntryPoint\",\"urlTemplate\":\"https:\/\/www.hotelitalia-siena.it\/?s={search_term_string}\"},\"query-input\":\"required name=search_term_string\"}],\"inLanguage\":\"de\"},{\"@type\":\"Organization\",\"@id\":\"https:\/\/www.hotelitalia-siena.it\/#organization\",\"name\":\"Hotel Italia SpA\",\"url\":\"https:\/\/www.hotelitalia-siena.it\/\",\"logo\":{\"@type\":\"ImageObject\",\"inLanguage\":\"de\",\"@id\":\"https:\/\/www.hotelitalia-siena.it\/#\/schema\/logo\/image\/\",\"url\":\"https:\/\/www.hotelitalia-siena.it\/wp-content\/uploads\/2018\/04\/hotel-italia-siena-logo.png\",\"contentUrl\":\"https:\/\/www.hotelitalia-siena.it\/wp-content\/uploads\/2018\/04\/hotel-italia-siena-logo.png\",\"width\":147,\"height\":102,\"caption\":\"Hotel Italia SpA\"},\"image\":{\"@id\":\"https:\/\/www.hotelitalia-siena.it\/#\/schema\/logo\/image\/\"},\"sameAs\":[\"https:\/\/www.facebook.com\/hotelitaliasiena\/\"]}]}<\/script>\n<!-- \/ Yoast SEO plugin. -->","yoast_head_json":{"title":"3-Sterne-Hotel Siena - Hotel Italia","description":"Das Hotel Italia ist ein 3-Sterne-Hotel in Siena in der N\u00e4he der Altstadt, der Piazza del Campo sowie des sienesischen Zug- und Busbahnhofs.","robots":{"index":"index","follow":"follow","max-snippet":"max-snippet:-1","max-image-preview":"max-image-preview:large","max-video-preview":"max-video-preview:-1"},"canonical":"https:\/\/www.hotelitalia-siena.it\/de\/hotel\/","og_locale":"de_DE","og_type":"article","og_title":"3-Sterne-Hotel Siena - Hotel Italia","og_description":"Das Hotel Italia ist ein 3-Sterne-Hotel in Siena in der N\u00e4he der Altstadt, der Piazza del Campo sowie des sienesischen Zug- und Busbahnhofs.","og_url":"https:\/\/www.hotelitalia-siena.it\/de\/hotel\/","og_site_name":"Hotel Italia Siena","article_publisher":"https:\/\/www.facebook.com\/hotelitaliasiena\/","article_modified_time":"2025-09-15T08:18:29+00:00","og_image":[{"width":2000,"height":705,"url":"https:\/\/www.hotelitalia-siena.it\/wp-content\/uploads\/2015\/01\/header-privacy-policy.jpg","type":"image\/jpeg"}],"twitter_misc":{"Gesch\u00e4tzte Lesezeit":"4\u00a0Minuten"},"schema":{"@context":"https:\/\/schema.org","@graph":[{"@type":"WebPage","@id":"https:\/\/www.hotelitalia-siena.it\/de\/hotel\/","url":"https:\/\/www.hotelitalia-siena.it\/de\/hotel\/","name":"3-Sterne-Hotel Siena - Hotel Italia","isPartOf":{"@id":"https:\/\/www.hotelitalia-siena.it\/#website"},"datePublished":"2015-04-09T20:04:04+00:00","dateModified":"2025-09-15T08:18:29+00:00","description":"Das Hotel Italia ist ein 3-Sterne-Hotel in Siena in der N\u00e4he der Altstadt, der Piazza del Campo sowie des sienesischen Zug- und Busbahnhofs.","breadcrumb":{"@id":"https:\/\/www.hotelitalia-siena.it\/de\/hotel\/#breadcrumb"},"inLanguage":"de","potentialAction":[{"@type":"ReadAction","target":["https:\/\/www.hotelitalia-siena.it\/de\/hotel\/"]}]},{"@type":"BreadcrumbList","@id":"https:\/\/www.hotelitalia-siena.it\/de\/hotel\/#breadcrumb","itemListElement":[{"@type":"ListItem","position":1,"name":"Hotel Italia","item":"https:\/\/www.hotelitalia-siena.it\/de\/"},{"@type":"ListItem","position":2,"name":"Hotel"}]},{"@type":"WebSite","@id":"https:\/\/www.hotelitalia-siena.it\/#website","url":"https:\/\/www.hotelitalia-siena.it\/","name":"Hotel Italia Siena","description":"Nur eine weitere Wordpress Seite","publisher":{"@id":"https:\/\/www.hotelitalia-siena.it\/#organization"},"potentialAction":[{"@type":"SearchAction","target":{"@type":"EntryPoint","urlTemplate":"https:\/\/www.hotelitalia-siena.it\/?s={search_term_string}"},"query-input":"required name=search_term_string"}],"inLanguage":"de"},{"@type":"Organization","@id":"https:\/\/www.hotelitalia-siena.it\/#organization","name":"Hotel Italia SpA","url":"https:\/\/www.hotelitalia-siena.it\/","logo":{"@type":"ImageObject","inLanguage":"de","@id":"https:\/\/www.hotelitalia-siena.it\/#\/schema\/logo\/image\/","url":"https:\/\/www.hotelitalia-siena.it\/wp-content\/uploads\/2018\/04\/hotel-italia-siena-logo.png","contentUrl":"https:\/\/www.hotelitalia-siena.it\/wp-content\/uploads\/2018\/04\/hotel-italia-siena-logo.png","width":147,"height":102,"caption":"Hotel Italia SpA"},"image":{"@id":"https:\/\/www.hotelitalia-siena.it\/#\/schema\/logo\/image\/"},"sameAs":["https:\/\/www.facebook.com\/hotelitaliasiena\/"]}]}},"_links":{"self":[{"href":"https:\/\/www.hotelitalia-siena.it\/de\/wp-json\/wp\/v2\/pages\/1409"}],"collection":[{"href":"https:\/\/www.hotelitalia-siena.it\/de\/wp-json\/wp\/v2\/pages"}],"about":[{"href":"https:\/\/www.hotelitalia-siena.it\/de\/wp-json\/wp\/v2\/types\/page"}],"author":[{"embeddable":true,"href":"https:\/\/www.hotelitalia-siena.it\/de\/wp-json\/wp\/v2\/users\/1"}],"replies":[{"embeddable":true,"href":"https:\/\/www.hotelitalia-siena.it\/de\/wp-json\/wp\/v2\/comments?post=1409"}],"version-history":[{"count":1,"href":"https:\/\/www.hotelitalia-siena.it\/de\/wp-json\/wp\/v2\/pages\/1409\/revisions"}],"predecessor-version":[{"id":12560,"href":"https:\/\/www.hotelitalia-siena.it\/de\/wp-json\/wp\/v2\/pages\/1409\/revisions\/12560"}],"wp:attachment":[{"href":"https:\/\/www.hotelitalia-siena.it\/de\/wp-json\/wp\/v2\/media?parent=1409"}],"curies":[{"name":"wp","href":"https:\/\/api.w.org\/{rel}","templated":true}]}}